{"id":3973,"date":"2020-04-17T14:05:21","date_gmt":"2020-04-17T14:05:21","guid":{"rendered":"https:\/\/multihoster.org\/euroshare\/"},"modified":"2020-06-01T12:48:31","modified_gmt":"2020-06-01T12:48:31","slug":"euroshare","status":"publish","type":"page","link":"https:\/\/multihoster.org\/it\/euroshare\/","title":{"rendered":"Euroshare Premium Conto: Il Filehoster In Sintesi"},"content":{"rendered":"\n<p>Ci sono cos\u00ec tanti fornitori di <a rel=\"noreferrer noopener\" aria-label=\"cloud storage (opens in a new tab)\" href=\"https:\/\/cloud.google.com\/storage\" target=\"_blank\">cloud storage<\/a> online. Allineati alla nostra attuale era digitale, gli spazi digitali sono stati invidiati anche nel World Wide Web (WWW). Scoprite Euroshare e sperimentate come Euroshare sia diverso dal vostro fornitore medio di cloud storage.<\/p>\n\n\n\n<p>La piattaforma Euroshare attraverso Euroshare Premium Account \u00e8 il pi\u00f9 rinomato e diffuso fornitore di cloud storage nei paesi di tutta Europa e lentamente in tutto il mondo. Vi informiamo mentre vi mostriamo i dettagli relativi alla piattaforma Euroshare nell&#8217;articolo qui sotto contenente le informazioni di base su Euroshare, la registrazione di un account di cloud storage Euroshare, le sottoscrizioni di un account di cloud storage Euroshare e alcune domande frequenti sulla piattaforma Euroshare.<\/p>\n\n\n\n<figure class=\"wp-block-image\"><img src=\"https:\/\/lh3.googleusercontent.com\/VTnQu4OZ5FfXOlm95g35ntT2Gy6rVpChgvrLZpofPjotisXKCmjPxuOhFnzYLbxvWldiEqYE1H9_4zeRXqacKhgLrV_b7VfwHvfOODlsjx9ZA43TuT7O1b_Km1VX8LKzEVBnARo\" alt=\"\"\/><figcaption> Euroshare Website Interface <\/figcaption><\/figure>\n\n\n<a class=\"maxbutton-2 maxbutton maxbutton-cta\" target=\"_blank\" rel=\"nofollow noopener\" href=\"\/go\/\"><span class='mb-text'>&gt;&gt; Vai al sito web originale di Linkifier<\/span><\/a>\n\n\n<p><\/p>\n\n\n\n<h2>Vantaggio dell&#8217;utilizzo della piattaforma di archiviazione cloud Euroshare<\/h2>\n\n\n\n<p>1. Caricate e organizzate facilmente i vostri file &#8211; potete caricare e organizzare facilmente i vostri file nel sistema della nostra piattaforma. La piattaforma ha una funzione di drag and drop per aiutarvi a gestire i vostri file personali e privati. La piattaforma adatta dinamicamente il suo sito web attraverso diversi browser internet come Internet Explorer, Microsoft Edge, Google Chrome. Tor Browser, Safari, Opera, UC Browser, UC Web e tutti gli altri tipi di browser utilizzati per navigare nel World Wide Web (WWW).<\/p>\n\n\n\n<p>2. Condividete facilmente i vostri file su diverse piattaforme &#8211; Euroshare cloud storage memorizza i vostri file ed \u00e8 integrato con varie funzioni di compatibilit\u00e0. Ci\u00f2 consente al sito web di generare automaticamente codici HTML per i vostri file che possono essere condivisi e visualizzati su diverse piattaforme di social media come Facebook, Instagram, Google Plus, Twitter, Twitter, YouTube, Myspace e tutte le altre piattaforme di condivisione nel World Wide Web.<\/p>\n\n\n\n<figure class=\"wp-block-image\"><img src=\"https:\/\/lh5.googleusercontent.com\/EB3eHSNoIzMT6-dcDIfuLWrZrXQ3wIC4zmcrgacsqX5-viUdY92CB-EcDLmZSX2io-1vSfZLcZcv_aphVjbx0jG6uYFLKQj20jztFG5FAGERBiIkOOytDIOjabeg2v_zizZxDHI\" alt=\"\"\/><\/figure>\n\n\n\n<p>La piattaforma Euroshare si adatta dinamicamente a vari siti web<\/p>\n\n\n\n<p>3. Caricare e scaricare velocemente e istantaneamente &#8211; Offriamo la funzione di download e caricamento pi\u00f9 accessibile ed efficiente rispetto al vostro abituale fornitore di cloud storage. Il nostro account gratuito Euroshare e l&#8217;account Premium Euroshare offrono l&#8217;opzione di download e upload pi\u00f9 stabile per tutti i vostri file.<\/p>\n\n\n\n<p>4. Offriamo la pi\u00f9 alta crittografia di sicurezza per i file del vostro account &#8211; Sia che si tratti di backup dello storage stesso, la piattaforma Euroshare manterr\u00e0 tutti i vostri file al sicuro sia che si tratti di immagini, audio, video, documenti, documenti, presentazioni, file compressi o tutti gli altri tipi di file presenti nel nostro attuale mondo digitale attraverso la nostra <a rel=\"noreferrer noopener\" aria-label=\"programmazione  (opens in a new tab)\" href=\"https:\/\/www.khanacademy.org\/computing\/computer-programming\/programming\/intro-to-programming\/v\/programming-intro\" target=\"_blank\">programmazione <\/a>avanzata e la crittografia integrata nel suo sito web in modo da non dovervi preoccupare da qualsiasi forma di hacking o furto di dati.<\/p>\n\n\n\n<p>Ora che sapete come Euroshare attraverso il suo conto gratuito Euroshare e il suo conto premium Euroshare si pone in cima alla concorrenza, \u00e8 nostro piacere guidarvi su come iscrivere un conto Euroshare cloud storage. Leggi l&#8217;articolo qui sotto e inizia a caricare e scaricare utilizzando la nostra piattaforma.<\/p>\n\n\n\n<h2>Registrare un account di archiviazione cloud Euroshare<\/h2>\n\n\n\n<p>La registrazione di un account \u00e8 facile come la ABC. Vi accompagneremo in tutte le fasi, in modo che possiate iniziare a godere dell&#8217;accessibilit\u00e0 e dell&#8217;efficienza della nostra piattaforma di cloud storage.<\/p>\n\n\n\n<p>1. Inserire il nome completo con il nome, il cognome e il secondo nome corretti. Richiederemo anche il tuo titolo (Dr., Engr., Arch., Mr., Ms., o Mrs.) per poterci rivolgere a te in modo corretto e fornire un saluto corretto.<\/p>\n\n\n\n<p>2. Fornire un indirizzo e-mail funzionante. Qui \u00e8 dove invieremo un&#8217;e-mail per confermare il vostro conto Eurohare. Richiederemo anche un nome utente univoco per il vostro account per fornire l&#8217;autenticit\u00e0 per ogni utente della piattaforma di cloud storage Euroshare.<\/p>\n\n\n\n<p>3. Leggi e spunta la voce &#8220;Accetto i nostri termini e condizioni&#8221;. Spunta anche i nostri termini sulla privacy &#8220;reCaptcha&#8221;. Includiamo queste caratteristiche per garantire i diritti digitali e sulla privacy di ciascuno dei nostri utenti attraverso il Digital Millennium Copyright Act (<a rel=\"noreferrer noopener\" aria-label=\"DMCA (opens in a new tab)\" href=\"https:\/\/www.dmca.com\/\" target=\"_blank\">DMCA<\/a>).<\/p>\n\n\n\n<p>4. Infine, cliccate sul pulsante Registrati e vi invieremo immediatamente un link di conferma alla vostra e-mail per confermare il vostro account. Vi preghiamo di controllare i filtri antispam e le cartelle delle e-mail di spam nel caso in cui non abbiate ricevuto nulla. Dopo aver confermato il vostro account, avete gi\u00e0 il vostro account personale Euroshare Free.<\/p>\n\n\n\n<p>Potreste volere ulteriori funzioni aggiuntive da Euroshare the TLD Registrar Solutions Ltd. ha sviluppato il conto premium Euroshare Premium Account letto qui sotto e lasciatevi ispirare dalle sue sottoscrizioni e caratteristiche flessibili.<\/p>\n\n\n\n<h2>Presentazione del conto Premium Euroshare<\/h2>\n\n\n\n<p>Il Conto Premium Euroshare \u00e8 ricco di funzioni e caratteristiche. Di seguito sono elencate le ragioni per cui Euroshare \u00e8 amato da molti utenti in tutto il mondo.<\/p>\n\n\n\n<ol><li>Scaricare immediatamente i file senza tempi di attesa.<\/li><li> Liberi da qualsiasi pubblicit\u00e0 fastidiosa.<\/li><li> Supporta il download simultaneo illimitato.<\/li><li> Offre velocit\u00e0 di download illimitate.<\/li><li> Supporta i gestori di download di terze parti.<\/li><li> Offre un MAGAZZINO ILLIMITATO DI Nuvola.<\/li><li> I file saranno tenuti al sicuro e protetti per sempre.<\/li><li> Nessuna quota di download al giorno.<\/li><li> Molto conveniente e accessibile.<\/li><li> Le informazioni degli utenti sono protette e criptate al massimo livello.<\/li><\/ol>\n\n\n\n<p>Potete scegliere con le nostre varie opzioni di pagamento flessibili e convenienti qui sotto.<\/p>\n\n\n\n<p>Tabella 1. Opzioni di pagamento flessibili e convenienti del conto premium Euroshare<\/p>\n\n\n<a class=\"maxbutton-2 maxbutton maxbutton-cta\" target=\"_blank\" rel=\"nofollow noopener\" href=\"\/go\/\"><span class='mb-text'>&gt;&gt; Vai al sito web originale di Linkifier<\/span><\/a>\n\n\n<p><\/p>\n\n\n\n<p><strong>Tipi di conto Premium Euroshare<\/strong><\/p>\n\n\n\n<figure class=\"wp-block-table\"><table><tbody><tr><td>Specifiche delle caratteristiche<\/td><td>Conto Premium Euroshare per 7 giorni<\/td><td>Conto Premium Euroshare per 1 mese<\/td><td>Conto Premium Euroshare per 3 mesi<\/td><td>Conto Premium Euroshare per 6 mesi<\/td><td>Conto Premium Euroshare per 1 anno<\/td><\/tr><tr><td>Importo totale del pagamento<\/td><td>\u20ac 1,00 EUR<\/td><td>\u20ac 3,50 EUR<\/td><td>\u20ac 8,00 EUR<\/td><td>\u20ac 16,00 EUR<\/td><td>\u20ac 31,00 EUR<\/td><\/tr><tr><td>Pagamento totale al giorno<\/td><td>\u20ac 0,14 EUR al giorno<\/td><td>\u20ac 0,11 EUR al giorno<\/td><td>\u20ac 0,09 EUR al giorno<\/td><td>\u20ac 0,09 EUR al giorno<\/td><td>\u20ac 0,08 EUR al giorno<\/td><\/tr><tr><td>Sicurezza dei pagamenti e privacy<\/td><td>Elaborazione dei pagamenti criptata (compatibile con DMCA)<\/td><td>Elaborazione dei pagamenti criptata (compatibile con DMCA)<\/td><td>Elaborazione dei pagamenti criptata (compatibile con DMCA)<\/td><td>Elaborazione dei pagamenti criptata (compatibile con DMCA)<\/td><td>Elaborazione dei pagamenti criptata (compatibile con DMCA)<\/td><\/tr><tr><td>Mezzo di pagamento<\/td><td>MasterCard, Visa, Amex e Discover<\/td><td>MasterCard, Visa, Amex e Discover<\/td><td>MasterCard, Visa, Amex e Discover<\/td><td>MasterCard, Visa, Amex e Discover<\/td><td>MasterCard, Visa, Amex e Discover<\/td><\/tr><\/tbody><\/table><\/figure>\n\n\n\n<p>Come vedete, il conto Premium Euroshare ha tipi di conto flessibili e convenienti:<\/p>\n\n\n\n<ul><li>Si pu\u00f2 scegliere di pagare per \u20ac 1,00 EUR per avere un conto premium per 7 giorni che \u00e8 di soli \u20ac 0,14 EUR al giorno; oppure il<\/li><li> \u20ac 3,50 EUR per avere un conto premio per 1 mese che \u00e8 di soli \u20ac 0,11 EUR al giorno; o il<\/li><li> \u20ac 8,00 EUR per avere un conto premio per 3 mesi che \u00e8 di soli \u20ac 0,09 EUR al giorno; o il<\/li><li> \u20ac 16,00 EUR per avere un conto premium per 6 mesi che \u00e8 anche solo \u20ac 0,09 EUR al giorno; o infine,<\/li><li> scegliete la nostra opzione pi\u00f9 flessibile e conveniente, con l&#8217;importo totale del pagamento di \u20ac 31,00 EUR \u00e8 possibile utilizzare il nostro account Premium Euroshare per 1 anno per un importo di soli \u20ac 0,08 EUR al giorno.<\/li><\/ul>\n\n\n\n<figure class=\"wp-block-image\"><img src=\"https:\/\/lh6.googleusercontent.com\/-eGmRLsaVSpY0sp0uKekyQmuK5N50RBKx9r4stFdK_IoXfkEElkVdBq1R7pEW4fXaK3QZt3WCd1fXbEz9QXN4jbO_krYpIzXgzSNol4RnFvAb9ALbOf-KkdeWLTsaor-Wlo94KM\" alt=\"Transmit Your Payments Through our Partners\"\/><\/figure>\n\n\n\n<p>Trasmettete i vostri pagamenti attraverso i nostri partner<\/p>\n\n\n\n<p>Potete trasmettere facilmente le vostre spese di registrazione attraverso i nostri <a rel=\"noreferrer noopener\" aria-label=\"partner (opens in a new tab)\" href=\"http:\/\/www.wisegeek.net\/what-is-a-financial-services-corporation.htm\" target=\"_blank\">partner<\/a>: MasterCard, Visa, Amex e Discover. Inoltre, tutti gli account premium hanno una protezione della <a rel=\"noreferrer noopener\" aria-label=\"sicurezza  (opens in a new tab)\" href=\"https:\/\/computersciencewiki.org\/index.php\/Client-side_scripting_and_server-side_scripting\" target=\"_blank\">sicurezza <\/a>e della privacy che ha crittografato l&#8217;elaborazione dei pagamenti in conformit\u00e0 con il DMCA. Queste sono le costituzioni che rendono i fornitori di cloud storage concorrenti invidiosi della piattaforma Euroshare.<\/p>\n\n\n\n<h2>Considerazioni finali sullo Storage Cloud Euroshare<\/h2>\n\n\n\n<p>Offre un&#8217;ampia variet\u00e0 di caratteristiche e funzionalit\u00e0, oltre a tipi di conti di pagamento accessibili e convenienti. La TLD Registrar Solutions Ltd. attraverso i suoi leader, ingegneri informatici ed esperti di programmazione software continuer\u00e0 a trovare il modo di sviluppare continuamente la nostra piattaforma per fornire il miglior spazio per i vostri beni digitali per sempre.<\/p>\n\n\n\n<h2>Domande frequenti su Euroshare (FAQ)<\/h2>\n\n\n\n<h3>Posso chiamare l&#8217;assistenza clienti Euroshare Cloud Storage?<\/h3>\n\n\n\n<p>La direzione di Euroshare ha un rappresentante del servizio clienti (CSR) che potete contattare tramite contact@euroshare.eu<\/p>\n\n\n\n<h3>Chi ha sviluppato la piattaforma Euroshare?<\/h3>\n\n\n\n<p>Euroshare Cloud storage \u00e8 stata sviluppata dagli ingegneri del software e dagli esperti di programmazione informatica sotto la TLD Registrar Solutions Ltd. il 27 marzo 2015.<\/p>\n\n\n\n<h3>Posso utilizzare Euroshare Cloud Storage per sempre?<\/h3>\n\n\n\n<p>Garantiamo la sicurezza e la protezione di tutti i vostri file nel database Euroshare per sempre, poich\u00e9 abbiamo rafforzato la nostra piattaforma con le pi\u00f9 recenti tecnologie di programmazione e di ingegneria del software.<\/p>\n\n\n\n<h2>Dove posso pagare l&#8217;upgrade al conto Premium Euroshare?<\/h2>\n\n\n\n<p>Potete pagare in remoto attraverso i nostri partner in tutto il mondo tramite MasterCard, Visa, Amex e Discover<\/p>\n\n\n\n<h2>Euroshare offre un conto gratuito?<\/h2>\n\n\n\n<p>S\u00ec, non appena confermate il vostro conto, siete gi\u00e0 titolari di un conto gratuito Euroshare che ha una variet\u00e0 di funzioni e migliori caratteristiche, in particolare il cloud storage illimitato per voi.<\/p>\n\n\n<a class=\"maxbutton-2 maxbutton maxbutton-cta\" target=\"_blank\" rel=\"nofollow noopener\" href=\"\/go\/\"><span class='mb-text'>&gt;&gt; Vai al sito web originale di Linkifier<\/span><\/a>\n\n\n<p><\/p>\n","protected":false},"excerpt":{"rendered":"<p>Ci sono cos\u00ec tanti fornitori di cloud storage online. Allineati alla nostra attuale era digitale, gli spazi digitali sono stati<\/p>\n","protected":false},"author":2,"featured_media":0,"parent":0,"menu_order":0,"comment_status":"closed","ping_status":"closed","template":"","meta":[],"yoast_head":"<!-- This site is optimized with the Yoast SEO plugin v18.3 - https:\/\/yoast.com\/wordpress\/plugins\/seo\/ -->\n<title>Euroshare Premium Conto: Il Filehoster In Sintesi<\/title>\n<meta name=\"description\" content=\"Se Euroshare \u00e8 un fornitore affidabile o no, potete trovare la risposta nel test in corso su Multihoster.org \u279c Cliccate ora \u271a per leggere le nostre esperienze!\" \/>\n<meta name=\"robots\" content=\"index, follow, max-snippet:-1, max-image-preview:large, max-video-preview:-1\" \/>\n<link rel=\"canonical\" href=\"https:\/\/multihoster.org\/it\/euroshare\/\" \/>\n<meta property=\"og:locale\" content=\"it_IT\" \/>\n<meta property=\"og:type\" content=\"article\" \/>\n<meta property=\"og:title\" content=\"Euroshare Premium Conto: Il Filehoster In Sintesi\" \/>\n<meta property=\"og:description\" content=\"Se Euroshare \u00e8 un fornitore affidabile o no, potete trovare la risposta nel test in corso su Multihoster.org \u279c Cliccate ora \u271a per leggere le nostre esperienze!\" \/>\n<meta property=\"og:url\" content=\"https:\/\/multihoster.org\/it\/euroshare\/\" \/>\n<meta property=\"og:site_name\" content=\"Multihoster.org\" \/>\n<meta property=\"article:modified_time\" content=\"2020-06-01T12:48:31+00:00\" \/>\n<meta property=\"og:image\" content=\"https:\/\/lh3.googleusercontent.com\/VTnQu4OZ5FfXOlm95g35ntT2Gy6rVpChgvrLZpofPjotisXKCmjPxuOhFnzYLbxvWldiEqYE1H9_4zeRXqacKhgLrV_b7VfwHvfOODlsjx9ZA43TuT7O1b_Km1VX8LKzEVBnARo\" \/>\n<meta name=\"twitter:card\" content=\"summary\" \/>\n<meta name=\"twitter:label1\" content=\"Tempo di lettura stimato\" \/>\n\t<meta name=\"twitter:data1\" content=\"7 minuti\" \/>\n<script type=\"application\/ld+json\" class=\"yoast-schema-graph\">{\"@context\":\"https:\/\/schema.org\",\"@graph\":[{\"@type\":\"WebSite\",\"@id\":\"https:\/\/multihoster.org\/#website\",\"url\":\"https:\/\/multihoster.org\/\",\"name\":\"Multihoster.org\",\"description\":\"Reviews of the major Filehosting services\",\"potentialAction\":[{\"@type\":\"SearchAction\",\"target\":{\"@type\":\"EntryPoint\",\"urlTemplate\":\"https:\/\/multihoster.org\/?s={search_term_string}\"},\"query-input\":\"required name=search_term_string\"}],\"inLanguage\":\"it-IT\"},{\"@type\":\"ImageObject\",\"@id\":\"https:\/\/multihoster.org\/it\/euroshare\/#primaryimage\",\"inLanguage\":\"it-IT\",\"url\":\"https:\/\/lh3.googleusercontent.com\/VTnQu4OZ5FfXOlm95g35ntT2Gy6rVpChgvrLZpofPjotisXKCmjPxuOhFnzYLbxvWldiEqYE1H9_4zeRXqacKhgLrV_b7VfwHvfOODlsjx9ZA43TuT7O1b_Km1VX8LKzEVBnARo\",\"contentUrl\":\"https:\/\/lh3.googleusercontent.com\/VTnQu4OZ5FfXOlm95g35ntT2Gy6rVpChgvrLZpofPjotisXKCmjPxuOhFnzYLbxvWldiEqYE1H9_4zeRXqacKhgLrV_b7VfwHvfOODlsjx9ZA43TuT7O1b_Km1VX8LKzEVBnARo\"},{\"@type\":\"WebPage\",\"@id\":\"https:\/\/multihoster.org\/it\/euroshare\/#webpage\",\"url\":\"https:\/\/multihoster.org\/it\/euroshare\/\",\"name\":\"Euroshare Premium Conto: Il Filehoster In Sintesi\",\"isPartOf\":{\"@id\":\"https:\/\/multihoster.org\/#website\"},\"primaryImageOfPage\":{\"@id\":\"https:\/\/multihoster.org\/it\/euroshare\/#primaryimage\"},\"datePublished\":\"2020-04-17T14:05:21+00:00\",\"dateModified\":\"2020-06-01T12:48:31+00:00\",\"description\":\"Se Euroshare \u00e8 un fornitore affidabile o no, potete trovare la risposta nel test in corso su Multihoster.org \u279c Cliccate ora \u271a per leggere le nostre esperienze!\",\"breadcrumb\":{\"@id\":\"https:\/\/multihoster.org\/it\/euroshare\/#breadcrumb\"},\"inLanguage\":\"it-IT\",\"potentialAction\":[{\"@type\":\"ReadAction\",\"target\":[\"https:\/\/multihoster.org\/it\/euroshare\/\"]}]},{\"@type\":\"BreadcrumbList\",\"@id\":\"https:\/\/multihoster.org\/it\/euroshare\/#breadcrumb\",\"itemListElement\":[{\"@type\":\"ListItem\",\"position\":1,\"name\":\"Startseite\",\"item\":\"https:\/\/multihoster.org\/it\/\"},{\"@type\":\"ListItem\",\"position\":2,\"name\":\"Euroshare Premium Conto: Il Filehoster In Sintesi\"}]}]}<\/script>\n<!-- \/ Yoast SEO plugin. -->","yoast_head_json":{"title":"Euroshare Premium Conto: Il Filehoster In Sintesi","description":"Se Euroshare \u00e8 un fornitore affidabile o no, potete trovare la risposta nel test in corso su Multihoster.org \u279c Cliccate ora \u271a per leggere le nostre esperienze!","robots":{"index":"index","follow":"follow","max-snippet":"max-snippet:-1","max-image-preview":"max-image-preview:large","max-video-preview":"max-video-preview:-1"},"canonical":"https:\/\/multihoster.org\/it\/euroshare\/","og_locale":"it_IT","og_type":"article","og_title":"Euroshare Premium Conto: Il Filehoster In Sintesi","og_description":"Se Euroshare \u00e8 un fornitore affidabile o no, potete trovare la risposta nel test in corso su Multihoster.org \u279c Cliccate ora \u271a per leggere le nostre esperienze!","og_url":"https:\/\/multihoster.org\/it\/euroshare\/","og_site_name":"Multihoster.org","article_modified_time":"2020-06-01T12:48:31+00:00","og_image":[{"url":"https:\/\/lh3.googleusercontent.com\/VTnQu4OZ5FfXOlm95g35ntT2Gy6rVpChgvrLZpofPjotisXKCmjPxuOhFnzYLbxvWldiEqYE1H9_4zeRXqacKhgLrV_b7VfwHvfOODlsjx9ZA43TuT7O1b_Km1VX8LKzEVBnARo"}],"twitter_card":"summary","twitter_misc":{"Tempo di lettura stimato":"7 minuti"},"schema":{"@context":"https:\/\/schema.org","@graph":[{"@type":"WebSite","@id":"https:\/\/multihoster.org\/#website","url":"https:\/\/multihoster.org\/","name":"Multihoster.org","description":"Reviews of the major Filehosting services","potentialAction":[{"@type":"SearchAction","target":{"@type":"EntryPoint","urlTemplate":"https:\/\/multihoster.org\/?s={search_term_string}"},"query-input":"required name=search_term_string"}],"inLanguage":"it-IT"},{"@type":"ImageObject","@id":"https:\/\/multihoster.org\/it\/euroshare\/#primaryimage","inLanguage":"it-IT","url":"https:\/\/lh3.googleusercontent.com\/VTnQu4OZ5FfXOlm95g35ntT2Gy6rVpChgvrLZpofPjotisXKCmjPxuOhFnzYLbxvWldiEqYE1H9_4zeRXqacKhgLrV_b7VfwHvfOODlsjx9ZA43TuT7O1b_Km1VX8LKzEVBnARo","contentUrl":"https:\/\/lh3.googleusercontent.com\/VTnQu4OZ5FfXOlm95g35ntT2Gy6rVpChgvrLZpofPjotisXKCmjPxuOhFnzYLbxvWldiEqYE1H9_4zeRXqacKhgLrV_b7VfwHvfOODlsjx9ZA43TuT7O1b_Km1VX8LKzEVBnARo"},{"@type":"WebPage","@id":"https:\/\/multihoster.org\/it\/euroshare\/#webpage","url":"https:\/\/multihoster.org\/it\/euroshare\/","name":"Euroshare Premium Conto: Il Filehoster In Sintesi","isPartOf":{"@id":"https:\/\/multihoster.org\/#website"},"primaryImageOfPage":{"@id":"https:\/\/multihoster.org\/it\/euroshare\/#primaryimage"},"datePublished":"2020-04-17T14:05:21+00:00","dateModified":"2020-06-01T12:48:31+00:00","description":"Se Euroshare \u00e8 un fornitore affidabile o no, potete trovare la risposta nel test in corso su Multihoster.org \u279c Cliccate ora \u271a per leggere le nostre esperienze!","breadcrumb":{"@id":"https:\/\/multihoster.org\/it\/euroshare\/#breadcrumb"},"inLanguage":"it-IT","potentialAction":[{"@type":"ReadAction","target":["https:\/\/multihoster.org\/it\/euroshare\/"]}]},{"@type":"BreadcrumbList","@id":"https:\/\/multihoster.org\/it\/euroshare\/#breadcrumb","itemListElement":[{"@type":"ListItem","position":1,"name":"Startseite","item":"https:\/\/multihoster.org\/it\/"},{"@type":"ListItem","position":2,"name":"Euroshare Premium Conto: Il Filehoster In Sintesi"}]}]}},"_links":{"self":[{"href":"https:\/\/multihoster.org\/it\/wp-json\/wp\/v2\/pages\/3973"}],"collection":[{"href":"https:\/\/multihoster.org\/it\/wp-json\/wp\/v2\/pages"}],"about":[{"href":"https:\/\/multihoster.org\/it\/wp-json\/wp\/v2\/types\/page"}],"author":[{"embeddable":true,"href":"https:\/\/multihoster.org\/it\/wp-json\/wp\/v2\/users\/2"}],"replies":[{"embeddable":true,"href":"https:\/\/multihoster.org\/it\/wp-json\/wp\/v2\/comments?post=3973"}],"version-history":[{"count":3,"href":"https:\/\/multihoster.org\/it\/wp-json\/wp\/v2\/pages\/3973\/revisions"}],"predecessor-version":[{"id":4661,"href":"https:\/\/multihoster.org\/it\/wp-json\/wp\/v2\/pages\/3973\/revisions\/4661"}],"wp:attachment":[{"href":"https:\/\/multihoster.org\/it\/wp-json\/wp\/v2\/media?parent=3973"}],"curies":[{"name":"wp","href":"https:\/\/api.w.org\/{rel}","templated":true}]}}