{"id":4014,"date":"2020-04-20T09:20:34","date_gmt":"2020-04-20T09:20:34","guid":{"rendered":"https:\/\/multihoster.org\/worldbytez\/"},"modified":"2020-04-20T11:06:54","modified_gmt":"2020-04-20T11:06:54","slug":"worldbytez","status":"publish","type":"page","link":"https:\/\/multihoster.org\/it\/worldbytez\/","title":{"rendered":"Worldbytez Premium Conto: Il Filehoster In Sintesi"},"content":{"rendered":"\n<figure class=\"wp-block-image\"><img src=\"https:\/\/lh3.googleusercontent.com\/ZwKTn0qxlK9t2UpSPpApEe5RhukrV4XOwXWiMt7O2uS0uv62mqTWd7VBNkqdXw4yWEDJzMqcFq0fT2OOMQqR42ZbpbcLCdrawC7hLUuslDrahfg4QkcU5hu6ewz3tARyzoY346g\" alt=\"Worldbytez logo\"\/><\/figure>\n\n\n\n<p>Worldbytez \u00e8 uno di quei fornitori di file hosting che offre l&#8217;archiviazione o il backup da remoto o online. Supporta il caricamento, la condivisione e il download di file di un utente o del suo cliente. Ha un sito web accessibile sui browser web di qualsiasi dispositivo e ha una versione software accessibile sui sistemi operativi Windows, Mac OS X e Linux.<\/p>\n\n\n\n<p>Il 17 ottobre 2019, Worldbytez ha pubblicato e annunciato le notizie relative agli utenti ospiti o agli utenti non registrati del proprio sito web. Worldbytez ha dato loro un ottimo servizio in cui possono ora divertirsi a scaricare uno o pi\u00f9 file con una velocit\u00e0 molto pi\u00f9 veloce come account gratuito di Worldbytez e possono scaricare qualsiasi file che vogliono senza limitazioni di velocit\u00e0.<\/p>\n\n\n<a class=\"maxbutton-2 maxbutton maxbutton-cta\" target=\"_blank\" rel=\"nofollow noopener\" href=\"\/go\/\"><span class='mb-text'>&gt;&gt; Vai al sito web originale di Linkifier<\/span><\/a>\n\n\n<p><\/p>\n\n\n\n<h2>Il Cloud Drive di Worldbytez<\/h2>\n\n\n\n<p>Worldbytez dispone di un drive cloud in cui un utente pu\u00f2 archiviare in modo sicuro i propri dati o file nel server del cloud.<\/p>\n\n\n\n<p>Vi si pu\u00f2 accedere dal diverso sistema <a rel=\"noreferrer noopener\" aria-label=\"operativo o sistema (opens in a new tab)\" href=\"https:\/\/www.webopedia.com\/TERM\/O\/operating_system.html\" target=\"_blank\">operativo o sistema<\/a> operativo di un dispositivo come ad esempio:<\/p>\n\n\n\n<ul><li>Microsoft Windows<\/li><li>Mac OS X<\/li><li>Linux or Ubuntu<\/li><\/ul>\n\n\n\n<h3>Per gli utenti che utilizzano Microsoft Windows<\/h3>\n\n\n\n<ol><li>Un utente dovrebbe aprire la posizione &#8220;Risorse del computer&#8221; del suo dispositivo.<\/li><li> Trovare l&#8217;icona della &#8220;Rete&#8221; situata sul lato sinistro di &#8220;Risorse del computer&#8221;. Poi, cliccare con il tasto destro del mouse su di essa. <\/li><li> Appariranno le opzioni per la rete. Quindi, scegliere e cliccare su &#8220;Mappa unit\u00e0 di rete&#8221;.<\/li><li> Inserite il link URL di Worldbytez &#8220;https:\/\/worldbytez.com\/webdav\/&#8221;.<\/li><li> Verr\u00e0 visualizzato il cloud drive Worldbytez. A questo punto, un utente deve inserire il proprio account utente e la password in Worldbytez per effettuare il login.<\/li><\/ol>\n\n\n\n<h3>Per gli utenti che usano Mac OS X<\/h3>\n\n\n\n<ol><li>Un utente deve andare al &#8220;Finder&#8221; del suo dispositivo Mac OS X.<\/li><li> Scegliere e cliccare su &#8220;Connetti al server&#8221;.<\/li><li> Inserire il link URL di Worldbytez &#8220;https:\/\/worldbytez.com\/webdav\/&#8221;.<\/li><li> Apparir\u00e0 l&#8217;unit\u00e0 cloud Worldbytez. Ora, un utente deve inserire il suo account utente e la password in Worldbytez per effettuare il login.<\/li><\/ol>\n\n\n\n<h3>Per gli utenti che usano Linux o Ubuntu<\/h3>\n\n\n\n<ol><li>Un utente deve andare al file manager del suo dispositivo Linux. <\/li><li> Andare nella barra dei menu e cliccare su &#8220;File&#8221;.<\/li><li> Scegliere e cliccare su &#8220;Connetti al server&#8221;.<\/li><li> Inserire il link <a rel=\"noreferrer noopener\" aria-label=\"URL  (opens in a new tab)\" href=\"https:\/\/www.webopedia.com\/TERM\/U\/URL.html\" target=\"_blank\">URL <\/a>di Worldbytez &#8220;https:\/\/worldbytez.com\/webdav\/&#8221;.<\/li><li> Apparir\u00e0 l&#8217;unit\u00e0 cloud del Worldbytez. Ora, un utente deve inserire il suo account utente e la sua password in Worldbytez per effettuare il login.<\/li><\/ol>\n\n\n\n<h2>Gli strumenti di Worldbytez<\/h2>\n\n\n\n<p>Worldbytez supporta dispositivi desktop e mobili con i sistemi operativi Windows, Mac OS X e Android. Hanno sviluppato il software di Worldbytez, in modo che un utente possa scaricarlo e accedervi facilmente sui propri dispositivi.<\/p>\n\n\n\n<p>Per dispositivi desktop (per Windows e Mac OS X):<\/p>\n\n\n\n<p>\u2713 Supporta l&#8217;upload per l&#8217;FTP e il Multi-threaded.<br> \u2713 Supporta il proxy HTTP.<br> \u2713 Ha una funzione per gestire i file, ad esempio per caricare, rinominare e cancellare i file.<br> \u2713 Pu\u00f2 copiare il contenuto della cartella.<\/p>\n\n\n\n<p>Per dispositivi Android:<\/p>\n\n\n\n<p>\u2713 Supporta l&#8217;upload per il Multi-threaded.<br> \u2713 Dispone di File Manager.<br> \u2713 Ha una funzione per gestire i file, ad esempio per il caricamento, la navigazione, la copia, la cancellazione e lo spostamento dei file.<\/p>\n\n\n\n<h2>Scarica i manager per Worldbytez<\/h2>\n\n\n\n<p>Worldbytez raccomanda sempre all&#8217;utente di utilizzare un download manager come Internet Download Manager o IDM e JDownloader perch\u00e9 i server del sito web di Worldbytez funzionano perfettamente per scaricare un file utilizzando questi download manager, ma un utente pu\u00f2 anche utilizzare altri download manager a cui \u00e8 abituato.<\/p>\n\n\n\n<p>Cancellare il link di Worldbytez<\/p>\n\n\n\n<p>Un utente pu\u00f2 cancellare uno o pi\u00f9 file che ha caricato sul sito web di Worldbytez. Worldbytez fornir\u00e0 sempre un &#8220;link di cancellazione&#8221; dopo che un utente ha finito di caricare un file per lui o lei per cancellare un file in un solo click. Se un utente ha perso il link di eliminazione di un file, pu\u00f2 aspettare fino alla data di scadenza del file. Il sistema Worldbytez sar\u00e0 responsabile della cancellazione automatica del file o dei file dell&#8217;utente dal suo sito, dai database e dai server.<\/p>\n\n\n\n<h2>Piani dei conti Worldbytez Premium<\/h2>\n\n\n\n<figure class=\"wp-block-table\"><table class=\"\"><tbody><tr><td>Il numero di giorni Premium:<\/td><td>60<\/td><td>100<\/td><td>180<\/td><td>365<\/td><td>750<\/td><\/tr><tr><td>Prezzi:<\/td><td>18,00 Euro<\/td><td>22,00 Euro<\/td><td>36,00 Euro<\/td><td>60,00 Euro<\/td><td>90,00 Euro<\/td><\/tr><tr><td>Nessun tempo di attesa:<\/td><td>\u2713<\/td><td>\u2713<\/td><td>\u2713<\/td><td>\u2713<\/td><td>\u2713<\/td><\/tr><tr><td>Nessun CAPTCHA:<\/td><td>\u2713<\/td><td>\u2713<\/td><td>\u2713<\/td><td>\u2713<\/td><td>\u2713<\/td><\/tr><\/tbody><\/table><\/figure>\n\n\n\n<figure class=\"wp-block-table\"><table class=\"\"><tbody><tr><td>Un utente pu\u00f2 pagare attraverso i seguenti metodi di pagamento: Worldbytez Resellers, PayPal, Visa, Visa, MasterCard, American Express, Discover, Paysafecard, VivaPayments, Bitcoin o Altcoin criptocurrency, Economy ed Emedia.<\/td><\/tr><\/tbody><\/table><\/figure>\n\n\n\n<p><strong>Piani di traffico Worldbytez Premium<\/strong><\/p>\n\n\n\n<figure class=\"wp-block-table\"><table class=\"\"><tbody><tr><td>Dimensione di stoccaggio:<\/td><td>4048 gigabyte<\/td><td>8200 gigabytes<\/td><td>30500 gigabyte<\/td><td>50500 gigabyte<\/td><td>Nessun limite<\/td><\/tr><tr><td>Prezzi:<\/td><td>\u20ac 4.99<\/td><td>\u20ac&nbsp; 7.99<\/td><td>\u20ac&nbsp; 19.99<\/td><td>\u20ac&nbsp; 39.99<\/td><td>\u20ac&nbsp; 79.99<\/td><\/tr><\/tbody><\/table><\/figure>\n\n\n\n<figure class=\"wp-block-table\"><table class=\"\"><tbody><tr><td>Un utente pu\u00f2 pagare attraverso i seguenti metodi di pagamento: Visa, MasterCard, American Express, Discover, Bitcoin o Altcoin.<\/td><\/tr><\/tbody><\/table><\/figure>\n\n\n<a class=\"maxbutton-2 maxbutton maxbutton-cta\" target=\"_blank\" rel=\"nofollow noopener\" href=\"\/go\/\"><span class='mb-text'>&gt;&gt; Vai al sito web originale di Linkifier<\/span><\/a>\n\n\n<p><\/p>\n\n\n\n<h3>Il processo di attivazione del conto WorldBytez Premium<\/h3>\n\n\n\n<p>Dopo che un utente ha acquistato il Worldbytez Premium Account Plan, deve procedere all&#8217;attivazione del servizio. Per attivare il servizio del conto premium, deve avere una chiave di attivazione o un codice per il conto Worldbytez Premium.  La chiave o il codice di attivazione pu\u00f2 essere acquistato presso i rivenditori ufficiali di Worldbytez. <\/p>\n\n\n\n<p>Se un utente \u00e8 gi\u00e0 in possesso di un codice di attivazione per l&#8217;account Worldbytez Premium, deve seguire le seguenti istruzioni:<\/p>\n\n\n\n<ol><li>Un utente deve prima effettuare il login al suo account sulla pagina di login di WorldBytez (https:\/\/worldbytez.com\/login.html) o, se non ha ancora un account, procedere alla pagina di registrazione del sito web di Worldbytez (https:\/\/worldbytez.com\/register.html) per creare un account. <\/li><li> Dopo che un utente ha effettuato l&#8217;accesso al suo account sul sito web di Worldbytez. Procedere alla pagina &#8220;Il mio account&#8221; di Worldbytez (https:\/\/worldbytez.com\/?op=my_account)<\/li><li> Trovate il campo &#8220;Applicare la Premium Key&#8221; per inserire la chiave di attivazione o il codice del conto Worldbytez Premium. <\/li><li> Il pulsante &#8220;Applicare&#8221; deve essere sempre cliccato per applicare la chiave o il codice di attivazione all&#8217;account dell&#8217;utente da attivare. Una volta attivato l&#8217;account, l&#8217;utente pu\u00f2 ora usufruire delle funzionalit\u00e0 e dei servizi dell&#8217;account Premium del Worldbytez.<\/li><\/ol>\n\n\n\n<p><strong>Come pu\u00f2 un utente avere un codice di attivazione o un codice voucher per il conto Worldbytez Premium?<\/strong><\/p>\n\n\n\n<p>Un utente pu\u00f2 acquistare un codice di attivazione o un codice <a rel=\"noreferrer noopener\" aria-label=\"voucher  (opens in a new tab)\" href=\"https:\/\/dictionary.cambridge.org\/us\/dictionary\/english\/voucher\" target=\"_blank\">voucher <\/a>per il conto Worldbytez Premium da uno qualsiasi dei rivenditori ufficiali di theWorldbytez. Per acquistare, basta seguire le istruzioni qui sotto:<\/p>\n\n\n\n<p>1. L&#8217;utente deve andare sui siti web dove ci sono rivenditori ufficiali di Worldbytez.<\/p>\n\n\n\n<p>2. Un utente pu\u00f2 cercare un codice voucher come nell&#8217;immagine di esempio qui sotto. Trova un codice come quello sui siti web dei rivenditori ufficiali Worldbytez.<\/p>\n\n\n\n<figure class=\"wp-block-image\"><img src=\"https:\/\/lh4.googleusercontent.com\/x9dESrr048atR0TPpugQH3ZgMa-Ja5VQXFe9gbPC3MwNcsle4Vhx4hFofb1OxRqIS-b5D2JoIww8RI5LRaLBA7uRfwEGXEExiqlgnJUwQBda78wmt2mUJx8nSlE8eBFYEo54qvE\" alt=\"sample voucher code\"\/><\/figure>\n\n\n\n<p>3. Ottenere il codice del voucher dai rivenditori o un utente pu\u00f2 raggiungerli attraverso il contatto fornito dai rivenditori sul sito web.<\/p>\n\n\n\n<p>Se un utente incontra qualsiasi problema nell&#8217;acquisto di un codice di attivazione o di un codice voucher, \u00e8 pregato di contattare il rivenditore di Worldbytez o attraverso la pagina dei contatti sul loro sito web (https:\/\/worldbytez.com\/contact.html) o attraverso la loro e-mail all&#8217;indirizzo info.worldbytez@gmail.com.<\/p>\n\n\n\n<h2>I rivenditori di Worldbytez<\/h2>\n\n\n\n<p>Volete diventare uno dei rivenditori del conto Worldbytez Premium e dei codici di attivazione del conto Worldbytez Premium o dei codici voucher?<\/p>\n\n\n\n<p>I rivenditori Worldbytez possono vendere i conti Worldbytez Premium e i codici di attivazione dei conti Worldbytez Premium o i codici voucher. La societ\u00e0 Worldbytez offre ai suoi rivenditori ufficiali uno sconto per i prodotti Worldbytez che venderanno sul mercato online. L&#8217;importo iniziale dello sconto che Worldbytez concede a tutti i suoi rivenditori \u00e8 del 20% di sconto.<\/p>\n\n\n\n<p>A volte, un rivenditore decide di applicare uno sconto sui prezzi dei prodotti che sta vendendo, in modo che un utente o un cliente possa risparmiare quando acquista da un rivenditore. <\/p>\n\n\n\n<p>Se un utente vuole essere uno dei rivenditori ufficiali di Worldbytez, deve inviare un&#8217;e-mail a Worldbytez all&#8217;indirizzo info@worldbytez.com includendo le seguenti informazioni richieste di seguito:<\/p>\n\n\n\n<p>\u2713 Nome completo dell&#8217;utente<br> \u2713 Paese in cui si trova l&#8217;utente<br> \u2713 In quale localit\u00e0 vuole vendere i prodotti di Worldbytez?<br> \u2713 Il metodo di pagamento che preferisce.<br> \u2713 Quanto pu\u00f2 vendere un utente ogni settimana?<br> \u2713 Il nome utente che desidera per il suo account di rivenditore.<br> \u2713 Il link del sito web dove un utente ha intenzione di vendere i prodotti Worldbytez.<\/p>\n\n\n\n<p>Quindi, se un utente viene approvato da Worldbytez come rivenditore, ricever\u00e0 un messaggio di conferma al suo indirizzo e-mail con ulteriori informazioni da Worldbytez.<\/p>\n\n\n\n<figure class=\"wp-block-table\"><table class=\"\"><tbody><tr><td>Nome del sito web<\/td><td>Modalit\u00e0 di pagamento<\/td><\/tr><tr><td>D-keys<\/td><td>Tramite MasterCard, Banca elettronica o bonifico bancario, VivaWallet, Carte di credito in tutto il mondo, carte prepagate, carte di debito, Visa e Visa Electron, Maestro, e altre ancora<\/td><\/tr><tr><td>Lobi<\/td><td>Tramite banca elettronica o bonifico bancario, carte prepagate, carte di debito, MasterCard, Maestro, carte di credito in tutto il mondo, Visa e Visa Electron, e altri ancora<\/td><\/tr><tr><td>Digitadiko<\/td><td>Via Paypal, Banca elettronica o bonifico bancario, Bitcoin o Altcoin, deposito bancario, carte di credito, MasterCard, Visa, Visa Electron, Maestro, American Express, Paysafecard, Payza, Skrill, CashU, Ukash, OKpay, Webmoney, SMS e altri<\/td><\/tr><tr><td>Economy-Shop<\/td><td>Tramite Paypal, Banca Elettronica o Bonifico Bancario, Visa e Visa Electron, Carte prepagate, Carte di debito, Carte di credito in tutto il mondo, Maestro, MasterCard e altre ancora<\/td><\/tr><tr><td>EMediaShop<\/td><td>Tramite Paypal, Banca Elettronica o Bonifico Bancario, MasterCard, Carte Prepagate, Carte di Debito, Visa e Visa Electron, Carte di Credito in tutto il mondo, Maestro, e altri<\/td><\/tr><\/tbody><\/table><\/figure>\n\n\n\n<p>Un utente pu\u00f2 anche offrire a Worldbytez il metodo di pagamento che sta utilizzando. Egli o lei \u00e8 libero di inviare un messaggio attraverso l&#8217;email di Worldbytez (info.worldbytez@gmail.com) o la pagina dei contatti.<\/p>\n\n\n\n<p>Un utente deve assicurarsi di inserire sempre i propri dati in modo corretto e valido, quindi non ci saranno problemi quando paga a Worldbytez o quando Worldbytez paga lui o lei.<\/p>\n\n\n\n<p>Se un utente vuole cancellare in qualsiasi momento la sua iscrizione al servizio Account Premium di Worldbytez, Worldbytez non supporta il servizio di rimborso per i suoi utenti o clienti per ora.<\/p>\n\n\n\n<h3>Informazioni sulla societ\u00e0 Worldbytez<\/h3>\n\n\n\n<figure class=\"wp-block-table\"><table class=\"\"><tbody><tr><td>Nome della societ\u00e0 (Ufficiale):<\/td><td>Worldbytez LTD<\/td><\/tr><tr><td>Indirizzo della localit\u00e0:<\/td><td>Toma Mitov St. n. 18, 1\u00b0 piano<\/td><\/tr><tr><td>Posizione del paese:<\/td><td>Bulgaria<\/td><\/tr><tr><td>Codice postale (citt\u00e0):<\/td><td>Distretto di Blagoevgrad,Comune di Petrich,2850<\/td><\/tr><tr><td>Imposta sul valore aggiunto (IVA)<\/td><td>204850418<\/td><\/tr><tr><td>Tel. Numero:<\/td><td>+359-877-005-642 (Contattateli dalle 12:00 alle 22:00)<\/td><\/tr><tr><td>Invia un&#8217;e-mail a Add:<\/td><td>info.worldbytez@gmail.com<\/td><\/tr><\/tbody><\/table><\/figure>\n\n\n<a class=\"maxbutton-2 maxbutton maxbutton-cta\" target=\"_blank\" rel=\"nofollow noopener\" href=\"\/go\/\"><span class='mb-text'>&gt;&gt; Vai al sito web originale di Linkifier<\/span><\/a>\n\n\n<p><\/p>\n","protected":false},"excerpt":{"rendered":"<p>Worldbytez \u00e8 uno di quei fornitori di file hosting che offre l&#8217;archiviazione o il backup da remoto o online. Supporta<\/p>\n","protected":false},"author":2,"featured_media":0,"parent":0,"menu_order":0,"comment_status":"closed","ping_status":"closed","template":"","meta":[],"yoast_head":"<!-- This site is optimized with the Yoast SEO plugin v18.3 - https:\/\/yoast.com\/wordpress\/plugins\/seo\/ -->\n<title>Worldbytez Premium Conto: Il Filehoster In Sintesi<\/title>\n<meta name=\"description\" content=\"Worldbytez \u00e8 o non \u00e8 un fornitore affidabile, potete trovare la risposta nel test in corso su Multihoster.org \u279c Cliccate ora \u271a per leggere le nostre esperienze!\" \/>\n<meta name=\"robots\" content=\"index, follow, max-snippet:-1, max-image-preview:large, max-video-preview:-1\" \/>\n<link rel=\"canonical\" href=\"https:\/\/multihoster.org\/it\/worldbytez\/\" \/>\n<meta property=\"og:locale\" content=\"it_IT\" \/>\n<meta property=\"og:type\" content=\"article\" \/>\n<meta property=\"og:title\" content=\"Worldbytez Premium Conto: Il Filehoster In Sintesi\" \/>\n<meta property=\"og:description\" content=\"Worldbytez \u00e8 o non \u00e8 un fornitore affidabile, potete trovare la risposta nel test in corso su Multihoster.org \u279c Cliccate ora \u271a per leggere le nostre esperienze!\" \/>\n<meta property=\"og:url\" content=\"https:\/\/multihoster.org\/it\/worldbytez\/\" \/>\n<meta property=\"og:site_name\" content=\"Multihoster.org\" \/>\n<meta property=\"article:modified_time\" content=\"2020-04-20T11:06:54+00:00\" \/>\n<meta property=\"og:image\" content=\"https:\/\/lh3.googleusercontent.com\/ZwKTn0qxlK9t2UpSPpApEe5RhukrV4XOwXWiMt7O2uS0uv62mqTWd7VBNkqdXw4yWEDJzMqcFq0fT2OOMQqR42ZbpbcLCdrawC7hLUuslDrahfg4QkcU5hu6ewz3tARyzoY346g\" \/>\n<meta name=\"twitter:card\" content=\"summary\" \/>\n<meta name=\"twitter:label1\" content=\"Tempo di lettura stimato\" \/>\n\t<meta name=\"twitter:data1\" content=\"8 minuti\" \/>\n<script type=\"application\/ld+json\" class=\"yoast-schema-graph\">{\"@context\":\"https:\/\/schema.org\",\"@graph\":[{\"@type\":\"WebSite\",\"@id\":\"https:\/\/multihoster.org\/#website\",\"url\":\"https:\/\/multihoster.org\/\",\"name\":\"Multihoster.org\",\"description\":\"Reviews of the major Filehosting services\",\"potentialAction\":[{\"@type\":\"SearchAction\",\"target\":{\"@type\":\"EntryPoint\",\"urlTemplate\":\"https:\/\/multihoster.org\/?s={search_term_string}\"},\"query-input\":\"required name=search_term_string\"}],\"inLanguage\":\"it-IT\"},{\"@type\":\"ImageObject\",\"@id\":\"https:\/\/multihoster.org\/it\/worldbytez\/#primaryimage\",\"inLanguage\":\"it-IT\",\"url\":\"https:\/\/lh3.googleusercontent.com\/ZwKTn0qxlK9t2UpSPpApEe5RhukrV4XOwXWiMt7O2uS0uv62mqTWd7VBNkqdXw4yWEDJzMqcFq0fT2OOMQqR42ZbpbcLCdrawC7hLUuslDrahfg4QkcU5hu6ewz3tARyzoY346g\",\"contentUrl\":\"https:\/\/lh3.googleusercontent.com\/ZwKTn0qxlK9t2UpSPpApEe5RhukrV4XOwXWiMt7O2uS0uv62mqTWd7VBNkqdXw4yWEDJzMqcFq0fT2OOMQqR42ZbpbcLCdrawC7hLUuslDrahfg4QkcU5hu6ewz3tARyzoY346g\"},{\"@type\":\"WebPage\",\"@id\":\"https:\/\/multihoster.org\/it\/worldbytez\/#webpage\",\"url\":\"https:\/\/multihoster.org\/it\/worldbytez\/\",\"name\":\"Worldbytez Premium Conto: Il Filehoster In Sintesi\",\"isPartOf\":{\"@id\":\"https:\/\/multihoster.org\/#website\"},\"primaryImageOfPage\":{\"@id\":\"https:\/\/multihoster.org\/it\/worldbytez\/#primaryimage\"},\"datePublished\":\"2020-04-20T09:20:34+00:00\",\"dateModified\":\"2020-04-20T11:06:54+00:00\",\"description\":\"Worldbytez \u00e8 o non \u00e8 un fornitore affidabile, potete trovare la risposta nel test in corso su Multihoster.org \u279c Cliccate ora \u271a per leggere le nostre esperienze!\",\"breadcrumb\":{\"@id\":\"https:\/\/multihoster.org\/it\/worldbytez\/#breadcrumb\"},\"inLanguage\":\"it-IT\",\"potentialAction\":[{\"@type\":\"ReadAction\",\"target\":[\"https:\/\/multihoster.org\/it\/worldbytez\/\"]}]},{\"@type\":\"BreadcrumbList\",\"@id\":\"https:\/\/multihoster.org\/it\/worldbytez\/#breadcrumb\",\"itemListElement\":[{\"@type\":\"ListItem\",\"position\":1,\"name\":\"Startseite\",\"item\":\"https:\/\/multihoster.org\/it\/\"},{\"@type\":\"ListItem\",\"position\":2,\"name\":\"Worldbytez Premium Conto: Il Filehoster In Sintesi\"}]}]}<\/script>\n<!-- \/ Yoast SEO plugin. -->","yoast_head_json":{"title":"Worldbytez Premium Conto: Il Filehoster In Sintesi","description":"Worldbytez \u00e8 o non \u00e8 un fornitore affidabile, potete trovare la risposta nel test in corso su Multihoster.org \u279c Cliccate ora \u271a per leggere le nostre esperienze!","robots":{"index":"index","follow":"follow","max-snippet":"max-snippet:-1","max-image-preview":"max-image-preview:large","max-video-preview":"max-video-preview:-1"},"canonical":"https:\/\/multihoster.org\/it\/worldbytez\/","og_locale":"it_IT","og_type":"article","og_title":"Worldbytez Premium Conto: Il Filehoster In Sintesi","og_description":"Worldbytez \u00e8 o non \u00e8 un fornitore affidabile, potete trovare la risposta nel test in corso su Multihoster.org \u279c Cliccate ora \u271a per leggere le nostre esperienze!","og_url":"https:\/\/multihoster.org\/it\/worldbytez\/","og_site_name":"Multihoster.org","article_modified_time":"2020-04-20T11:06:54+00:00","og_image":[{"url":"https:\/\/lh3.googleusercontent.com\/ZwKTn0qxlK9t2UpSPpApEe5RhukrV4XOwXWiMt7O2uS0uv62mqTWd7VBNkqdXw4yWEDJzMqcFq0fT2OOMQqR42ZbpbcLCdrawC7hLUuslDrahfg4QkcU5hu6ewz3tARyzoY346g"}],"twitter_card":"summary","twitter_misc":{"Tempo di lettura stimato":"8 minuti"},"schema":{"@context":"https:\/\/schema.org","@graph":[{"@type":"WebSite","@id":"https:\/\/multihoster.org\/#website","url":"https:\/\/multihoster.org\/","name":"Multihoster.org","description":"Reviews of the major Filehosting services","potentialAction":[{"@type":"SearchAction","target":{"@type":"EntryPoint","urlTemplate":"https:\/\/multihoster.org\/?s={search_term_string}"},"query-input":"required name=search_term_string"}],"inLanguage":"it-IT"},{"@type":"ImageObject","@id":"https:\/\/multihoster.org\/it\/worldbytez\/#primaryimage","inLanguage":"it-IT","url":"https:\/\/lh3.googleusercontent.com\/ZwKTn0qxlK9t2UpSPpApEe5RhukrV4XOwXWiMt7O2uS0uv62mqTWd7VBNkqdXw4yWEDJzMqcFq0fT2OOMQqR42ZbpbcLCdrawC7hLUuslDrahfg4QkcU5hu6ewz3tARyzoY346g","contentUrl":"https:\/\/lh3.googleusercontent.com\/ZwKTn0qxlK9t2UpSPpApEe5RhukrV4XOwXWiMt7O2uS0uv62mqTWd7VBNkqdXw4yWEDJzMqcFq0fT2OOMQqR42ZbpbcLCdrawC7hLUuslDrahfg4QkcU5hu6ewz3tARyzoY346g"},{"@type":"WebPage","@id":"https:\/\/multihoster.org\/it\/worldbytez\/#webpage","url":"https:\/\/multihoster.org\/it\/worldbytez\/","name":"Worldbytez Premium Conto: Il Filehoster In Sintesi","isPartOf":{"@id":"https:\/\/multihoster.org\/#website"},"primaryImageOfPage":{"@id":"https:\/\/multihoster.org\/it\/worldbytez\/#primaryimage"},"datePublished":"2020-04-20T09:20:34+00:00","dateModified":"2020-04-20T11:06:54+00:00","description":"Worldbytez \u00e8 o non \u00e8 un fornitore affidabile, potete trovare la risposta nel test in corso su Multihoster.org \u279c Cliccate ora \u271a per leggere le nostre esperienze!","breadcrumb":{"@id":"https:\/\/multihoster.org\/it\/worldbytez\/#breadcrumb"},"inLanguage":"it-IT","potentialAction":[{"@type":"ReadAction","target":["https:\/\/multihoster.org\/it\/worldbytez\/"]}]},{"@type":"BreadcrumbList","@id":"https:\/\/multihoster.org\/it\/worldbytez\/#breadcrumb","itemListElement":[{"@type":"ListItem","position":1,"name":"Startseite","item":"https:\/\/multihoster.org\/it\/"},{"@type":"ListItem","position":2,"name":"Worldbytez Premium Conto: Il Filehoster In Sintesi"}]}]}},"_links":{"self":[{"href":"https:\/\/multihoster.org\/it\/wp-json\/wp\/v2\/pages\/4014"}],"collection":[{"href":"https:\/\/multihoster.org\/it\/wp-json\/wp\/v2\/pages"}],"about":[{"href":"https:\/\/multihoster.org\/it\/wp-json\/wp\/v2\/types\/page"}],"author":[{"embeddable":true,"href":"https:\/\/multihoster.org\/it\/wp-json\/wp\/v2\/users\/2"}],"replies":[{"embeddable":true,"href":"https:\/\/multihoster.org\/it\/wp-json\/wp\/v2\/comments?post=4014"}],"version-history":[{"count":2,"href":"https:\/\/multihoster.org\/it\/wp-json\/wp\/v2\/pages\/4014\/revisions"}],"predecessor-version":[{"id":4034,"href":"https:\/\/multihoster.org\/it\/wp-json\/wp\/v2\/pages\/4014\/revisions\/4034"}],"wp:attachment":[{"href":"https:\/\/multihoster.org\/it\/wp-json\/wp\/v2\/media?parent=4014"}],"curies":[{"name":"wp","href":"https:\/\/api.w.org\/{rel}","templated":true}]}}