{"id":4053,"date":"2020-04-20T12:20:17","date_gmt":"2020-04-20T12:20:17","guid":{"rendered":"https:\/\/multihoster.org\/icerbox\/"},"modified":"2020-04-20T13:06:08","modified_gmt":"2020-04-20T13:06:08","slug":"icerbox","status":"publish","type":"page","link":"https:\/\/multihoster.org\/it\/icerbox\/","title":{"rendered":"Icerbox Premium Conto: Il Filehoster In Sintesi"},"content":{"rendered":"<a class=\"maxbutton-2 maxbutton maxbutton-cta\" target=\"_blank\" rel=\"nofollow noopener\" href=\"\/go\/\"><span class='mb-text'>&gt;&gt; Vai al sito web originale di Linkifier<\/span><\/a>\n\n\n<p><\/p>\n\n\n\n<h2>Cos&#8217;\u00e8 Icerbox?<\/h2>\n\n\n\n<figure class=\"wp-block-image\"><img src=\"https:\/\/lh3.googleusercontent.com\/493jzcDX3PFt-Lt4SzyCUiMVL0kxnjE6P0HOZhCqmVcMoXTpG1Y-ZLhg51E6BcSVBUnWtZKDSkPAV93vpvaRYBqO7t0CUSYNX_YvYEzLePQxXWa2jTTsfKVAKx5fduxWmtxehI4\" alt=\"Icerbox Logo\"\/><\/figure>\n\n\n\n<p>Icerbox \u00e8 un servizio di cloud storage che ha un modo molto semplice di dare ai suoi utenti un servizio soddisfacente e caratteristiche innovative. Icerbox Premium ha un sistema di gestione molto conveniente che offre una maggiore velocit\u00e0 di connessione, una maggiore capacit\u00e0 di storage e un servizio di cloud storage sicuro. Ha anche una funzione multitasking che permette agli utenti di scaricare e caricare pi\u00f9 file per un pi\u00f9 facile trasferimento e accesso. Questa funzione \u00e8 disponibile anche da altri servizi di file hosting online, ma Icerbox Premium consente di usufruire di questi servizi premium a un costo inferiore.<\/p>\n\n\n\n<h2>Perch\u00e9 utilizzare un account Icerbox Premium?<\/h2>\n\n\n\n<p>Icerbox va bene da solo, ma gli utenti possono migliorare notevolmente il loro servizio avendo un Account Premium Icerbox. L&#8217;account Icerbox Premium apre una vasta lista di grandi e innovative funzionalit\u00e0. Con un account Icerbox Premium, gli utenti hanno diritto a una maggiore capacit\u00e0 di archiviazione e a connessioni pi\u00f9 veloci al server. Gli utenti Premium godono di una maggiore larghezza di banda per garantire un accesso pi\u00f9 rapido al proprio storage, per non parlare dell&#8217;alta priorit\u00e0 nel traffico di rete. Gli utenti Icerbox Premium sono inoltre liberi da fastidiosi pop-up e pubblicit\u00e0. Questi servizi costano tutti meno di cento dollari per un mese.<\/p>\n\n\n\n<h3>Back-Up dei dati<\/h3>\n\n\n\n<p>Icerbox Premium ha una funzione di Back-Up che pu\u00f2 essere utilizzata per proteggere i file importanti per un uso futuro. La sicurezza dei file \u00e8 molto importante per i proprietari di aziende che hanno troppi documenti da conservare. E&#8217; buon senso che le aziende hanno un gran numero di documenti che non possono permettersi di perdere, come le buste paga, i registri delle presenze e i file dei dati dei dipendenti. Gli studenti hanno anche una forte richiesta di sicurezza dei dati. I progetti e le presentazioni possono essere salvati nel cloud ed \u00e8 possibile accedervi in seguito, se necessario. Icerbox Premium pu\u00f2 essere di grande aiuto per il backup dei file. Con una connessione molto sicura e veloce, Icerbox Premium \u00e8 un ottimo servizio di cloud-storage per coloro che hanno un&#8217;alta priorit\u00e0 per la sicurezza dei file importanti.<\/p>\n\n\n\n<h3>Accesso multipiattaforma <\/h3>\n\n\n\n<p>L&#8217;et\u00e0 attuale \u00e8 innegabilmente molto frenetica e alcuni non riescono a stare al passo con il modo in cui devono gestire i propri file e i propri media. Ma dallo sviluppo delle applicazioni mobili, queste banali questioni sono state risolte. Ora le persone possono controllare la loro gestione dei dati utilizzando le app mobili. Per fortuna, Icerbox Premium offre una connettivit\u00e0 multipiattaforma. Gli utenti possono accedere ai loro file attraverso i loro dispositivi mobili. Che si tratti di Windows, Android o IOS, il servizio di cloud storage Icerbox Premium ti copre le spalle. Questa ampia capacit\u00e0 multipiattaforma offre modi pi\u00f9 flessibili e semplici per gestire completamente le vostre esigenze di conservazione di file e documenti. Questa funzionalit\u00e0 multipiattaforma \u00e8 perfetta anche per gli artisti digitali e i fotografi che hanno bisogno che le loro opere siano caricate in modo sicuro nel proprio storage online.<\/p>\n\n\n\n<h3>Storage sicuro nel cloud<\/h3>\n\n\n\n<p>Uno dei motivi principali per cui le persone si abbonano ai servizi di cloud storage \u00e8 la sicurezza dei loro file importanti. Ma ci sono altri servizi di hosting di file che hanno un facile da violare lo storage e il database. Questo pu\u00f2 essere molto negativo, soprattutto se si tengono documenti o supporti importanti nel proprio cloud storage. Icerbox Premium, invece, ha un cloud storage molto sicuro. Icerbox utilizza i centri dati per garantire che tutti i file che i loro utenti caricano siano archiviati in modo sicuro nel loro cloud. Internet ha molte entit\u00e0 dannose che aspettano solo di rubare file e media importanti da potenziali vittime, ma le caratteristiche di sicurezza di Icerbox Premium eliminano i rischi di potenziali hackeraggi e furti di media e documenti.<\/p>\n\n\n\n<h3>Maggiore capacit\u00e0 di stoccaggio <\/h3>\n\n\n\n<p>Con un account Icerbox Premium, si ottiene una capacit\u00e0 di archiviazione potenziata. Normalmente, gli utenti gratuiti hanno a disposizione solo una quantit\u00e0 limitata di spazio di archiviazione, ma l&#8217;utilizzo di un account Icerbox Premium consente di usufruire di un totale di 1 TB di spazio di archiviazione cloud. Memorizza tutti i file che vuoi senza preoccuparti di esaurire la capacit\u00e0 di archiviazione disponibile. Che si tratti di file multimediali o di file video di grandi dimensioni, Icerbox Premium ti offre una capacit\u00e0 di archiviazione in grado di accogliere file di grandi dimensioni. I creatori di contenuti possono trarre vantaggio da queste grandi dimensioni di archiviazione caricando i loro contenuti online e mantenendo le loro opere al sicuro nel cloud storage.<\/p>\n\n\n\n<h3>Nessun annuncio<\/h3>\n\n\n\n<p>A differenza dell&#8217;account gratuito che ricava i suoi ricavi dagli annunci, l&#8217;account Icerbox Premium \u00e8 privo di questi fastidiosi pop-up. Goditi il servizio Icerbox Premium senza essere disturbato da annunci che potrebbero portarti su altri siti web.<\/p>\n\n\n<a class=\"maxbutton-2 maxbutton maxbutton-cta\" target=\"_blank\" rel=\"nofollow noopener\" href=\"\/go\/\"><span class='mb-text'>&gt;&gt; Vai al sito web originale di Linkifier<\/span><\/a>\n\n\n<p><\/p>\n\n\n\n<h3>Link diretti<\/h3>\n\n\n\n<p>Scaricare i tuoi file e altri contenuti dal cloud storage Icerbox Premium \u00e8 molto facile con un account Icerbox Premium. Gli utenti dell&#8217;account Premium possono utilizzare URL e link diretti per un accesso pi\u00f9 veloce ai loro file e contenuti. Questi URL possono anche essere utilizzati per condividere i loro file con chi vogliono. Questa funzione dell&#8217;account Icerbox Premium permette una gestione senza problemi dei tuoi file. Questo \u00e8 consigliabile per l&#8217;uso sul posto di lavoro. Le persone che lavorano su un progetto possono facilmente condividere i loro file importanti con un semplice link. Le altre persone del gruppo possono poi scaricare i file da soli. Questa funzione di collegamento diretto di Icerbox Premium offre un modo molto semplice ma sicuro per condividere file importanti tra amici e colleghi. Tutto quello che devi fare \u00e8 copiare e incollare l&#8217;URL e il tuo file \u00e8 pronto all&#8217;uso.<\/p>\n\n\n\n<figure class=\"wp-block-image\"><img src=\"https:\/\/lh3.googleusercontent.com\/HQNhdcagPamIueLOxgMqcKHczdiPnzCTHziaGCU8fl5jGCfi34JrXESuIjWn0wckTDMEg2hYRWAlCrPd-qL0EjhOMWbgBcBfa0rrMKEaq-Q14OSdRbdSa0AYVaM81sHcnq4BFbw\" alt=\"Icerbox Premium features\"\/><\/figure>\n\n\n\n<h2>Come si ottiene il proprio account Icerbox Premium?<\/h2>\n\n\n\n<p>Icerbox Premium ha un sacco di pacchetti flessibili tra cui scegliere. Puoi scegliere un piano di abbonamento che si adatta perfettamente alle tue esigenze e al tuo business. Gli utenti possono scegliere liberamente tra tre tipi di account, il Basic, il Medium e il Big. Tutti hanno pacchetti diversi a seconda delle esigenze dei loro utenti.<\/p>\n\n\n\n<p>Ecco un confronto tra i tipi di conti Premium:<\/p>\n\n\n\n<figure class=\"wp-block-table\"><table class=\"\"><tbody><tr><td>Tipo di conto<\/td><td>Basic<\/td><td>Medio<\/td><td>Grande<\/td><\/tr><tr><td>Durata<\/td><td>1 mese<\/td><td>3 mesi<\/td><td>6 mesi<\/td><\/tr><tr><td>Dimensione di stoccaggio<\/td><td>500 GB<\/td><td>750 GB<\/td><td>1 TB<\/td><\/tr><tr><td>Velocit\u00e0<\/td><td>Illimitato<\/td><td>Illimitato<\/td><td>Illimitato<\/td><\/tr><tr><td>Costo<\/td><td>$17<\/td><td>$40<\/td><td>$70<\/td><\/tr><tr><td>Media al giorno<\/td><td>$0,57 al giorno<\/td><td>$0,44 al giorno<\/td><td>$0,39 al giorno<\/td><\/tr><\/tbody><\/table><\/figure>\n\n\n\n<p>Si potrebbe vedere che pi\u00f9 grande \u00e8 il conto, maggiore \u00e8 l&#8217;importo che si pu\u00f2 risparmiare, poich\u00e9 anche il costo medio giornaliero diminuisce. Tuttavia, il conto che sceglierete dipende ancora dalle vostre esigenze e dalle vostre capacit\u00e0 finanziarie.<\/p>\n\n\n\n<p>Icerbox Premium offre anche diverse modalit\u00e0 flessibili per ricevere il pagamento. Essi includono MasterCard, VISA e PayPal. Ci sono anche rivenditori disponibili online tra cui scegliere.<\/p>\n\n\n\n<figure class=\"wp-block-image\"><img src=\"https:\/\/lh5.googleusercontent.com\/Fs4nM-oeJK_bUhXeZfMF4JLqTpAPCBk3ZkK53lVTJ_LJGBKCJBMJXhtX--nKfr7GuNutQ3mEAoCn-7hiAd0NqrZ2Jh-8J86HHfExiefjzlFo36keZAoJrqcQjsxrUIE1B3SJDXE\" alt=\"Icerbox Premium packages\"\/><\/figure>\n\n\n\n<h2>Icerbox Premium Account: Il miglior servizio di file hosting a tutto tondo<\/h2>\n\n\n\n<p>La necessit\u00e0 di una gestione migliore e pi\u00f9 veloce dei file e dei media \u00e8 relativamente crescente a causa del modo in cui le persone si affidano di pi\u00f9 al digitale in ogni cosa. Dai lavori scolastici ai documenti aziendali importanti, oggi tutto viene convertito in file digitali. Con questa tendenza, cos\u00ec come la necessit\u00e0 di servizi di archiviazione facili e veloci. Icerbox Premium ha tutte le caratteristiche e i servizi necessari che possono soddisfare pienamente la necessit\u00e0 di un accesso cos\u00ec veloce ai file e ai media. Con un cloud storage sicuro, gli utenti possono essere certi della sicurezza dei loro file. La velocit\u00e0 e la larghezza di banda migliorata \u00e8 un&#8217;altra cosa che rende Icerbox Premium una scelta migliore rispetto alla maggior parte dei servizi di file hosting con lo stesso prezzo. L&#8217;Icerbox Premium, nonostante sia un abbonamento a basso costo, non manca di servizi migliori. Se sei uno studente o un creatore di contenuti digitali, in particolare, Icerbox Premium \u00e8 il miglior servizio di cloud storage online che si possa trovare.<\/p>\n\n\n<a class=\"maxbutton-2 maxbutton maxbutton-cta\" target=\"_blank\" rel=\"nofollow noopener\" href=\"\/go\/\"><span class='mb-text'>&gt;&gt; Vai al sito web originale di Linkifier<\/span><\/a>\n\n\n<p><\/p>\n","protected":false},"excerpt":{"rendered":"<p>Cos&#8217;\u00e8 Icerbox? Icerbox \u00e8 un servizio di cloud storage che ha un modo molto semplice di dare ai suoi utenti<\/p>\n","protected":false},"author":2,"featured_media":0,"parent":0,"menu_order":0,"comment_status":"closed","ping_status":"closed","template":"","meta":[],"yoast_head":"<!-- This site is optimized with the Yoast SEO plugin v18.3 - https:\/\/yoast.com\/wordpress\/plugins\/seo\/ -->\n<title>Icerbox Premium Conto: Il Filehoster In Sintesi<\/title>\n<meta name=\"description\" content=\"Se Icerbox \u00e8 un fornitore affidabile o no, potete trovare la risposta nel test in corso su Multihoster.org \u279c Cliccate ora \u271a per leggere le nostre esperienze!\" \/>\n<meta name=\"robots\" content=\"index, follow, max-snippet:-1, max-image-preview:large, max-video-preview:-1\" \/>\n<link rel=\"canonical\" href=\"https:\/\/multihoster.org\/it\/icerbox\/\" \/>\n<meta property=\"og:locale\" content=\"it_IT\" \/>\n<meta property=\"og:type\" content=\"article\" \/>\n<meta property=\"og:title\" content=\"Icerbox Premium Conto: Il Filehoster In Sintesi\" \/>\n<meta property=\"og:description\" content=\"Se Icerbox \u00e8 un fornitore affidabile o no, potete trovare la risposta nel test in corso su Multihoster.org \u279c Cliccate ora \u271a per leggere le nostre esperienze!\" \/>\n<meta property=\"og:url\" content=\"https:\/\/multihoster.org\/it\/icerbox\/\" \/>\n<meta property=\"og:site_name\" content=\"Multihoster.org\" \/>\n<meta property=\"article:modified_time\" content=\"2020-04-20T13:06:08+00:00\" \/>\n<meta property=\"og:image\" content=\"https:\/\/lh3.googleusercontent.com\/493jzcDX3PFt-Lt4SzyCUiMVL0kxnjE6P0HOZhCqmVcMoXTpG1Y-ZLhg51E6BcSVBUnWtZKDSkPAV93vpvaRYBqO7t0CUSYNX_YvYEzLePQxXWa2jTTsfKVAKx5fduxWmtxehI4\" \/>\n<meta name=\"twitter:card\" content=\"summary\" \/>\n<meta name=\"twitter:label1\" content=\"Tempo di lettura stimato\" \/>\n\t<meta name=\"twitter:data1\" content=\"6 minuti\" \/>\n<script type=\"application\/ld+json\" class=\"yoast-schema-graph\">{\"@context\":\"https:\/\/schema.org\",\"@graph\":[{\"@type\":\"WebSite\",\"@id\":\"https:\/\/multihoster.org\/#website\",\"url\":\"https:\/\/multihoster.org\/\",\"name\":\"Multihoster.org\",\"description\":\"Reviews of the major Filehosting services\",\"potentialAction\":[{\"@type\":\"SearchAction\",\"target\":{\"@type\":\"EntryPoint\",\"urlTemplate\":\"https:\/\/multihoster.org\/?s={search_term_string}\"},\"query-input\":\"required name=search_term_string\"}],\"inLanguage\":\"it-IT\"},{\"@type\":\"ImageObject\",\"@id\":\"https:\/\/multihoster.org\/it\/icerbox\/#primaryimage\",\"inLanguage\":\"it-IT\",\"url\":\"https:\/\/lh3.googleusercontent.com\/493jzcDX3PFt-Lt4SzyCUiMVL0kxnjE6P0HOZhCqmVcMoXTpG1Y-ZLhg51E6BcSVBUnWtZKDSkPAV93vpvaRYBqO7t0CUSYNX_YvYEzLePQxXWa2jTTsfKVAKx5fduxWmtxehI4\",\"contentUrl\":\"https:\/\/lh3.googleusercontent.com\/493jzcDX3PFt-Lt4SzyCUiMVL0kxnjE6P0HOZhCqmVcMoXTpG1Y-ZLhg51E6BcSVBUnWtZKDSkPAV93vpvaRYBqO7t0CUSYNX_YvYEzLePQxXWa2jTTsfKVAKx5fduxWmtxehI4\"},{\"@type\":\"WebPage\",\"@id\":\"https:\/\/multihoster.org\/it\/icerbox\/#webpage\",\"url\":\"https:\/\/multihoster.org\/it\/icerbox\/\",\"name\":\"Icerbox Premium Conto: Il Filehoster In Sintesi\",\"isPartOf\":{\"@id\":\"https:\/\/multihoster.org\/#website\"},\"primaryImageOfPage\":{\"@id\":\"https:\/\/multihoster.org\/it\/icerbox\/#primaryimage\"},\"datePublished\":\"2020-04-20T12:20:17+00:00\",\"dateModified\":\"2020-04-20T13:06:08+00:00\",\"description\":\"Se Icerbox \u00e8 un fornitore affidabile o no, potete trovare la risposta nel test in corso su Multihoster.org \u279c Cliccate ora \u271a per leggere le nostre esperienze!\",\"breadcrumb\":{\"@id\":\"https:\/\/multihoster.org\/it\/icerbox\/#breadcrumb\"},\"inLanguage\":\"it-IT\",\"potentialAction\":[{\"@type\":\"ReadAction\",\"target\":[\"https:\/\/multihoster.org\/it\/icerbox\/\"]}]},{\"@type\":\"BreadcrumbList\",\"@id\":\"https:\/\/multihoster.org\/it\/icerbox\/#breadcrumb\",\"itemListElement\":[{\"@type\":\"ListItem\",\"position\":1,\"name\":\"Startseite\",\"item\":\"https:\/\/multihoster.org\/it\/\"},{\"@type\":\"ListItem\",\"position\":2,\"name\":\"Icerbox Premium Conto: Il Filehoster In Sintesi\"}]}]}<\/script>\n<!-- \/ Yoast SEO plugin. -->","yoast_head_json":{"title":"Icerbox Premium Conto: Il Filehoster In Sintesi","description":"Se Icerbox \u00e8 un fornitore affidabile o no, potete trovare la risposta nel test in corso su Multihoster.org \u279c Cliccate ora \u271a per leggere le nostre esperienze!","robots":{"index":"index","follow":"follow","max-snippet":"max-snippet:-1","max-image-preview":"max-image-preview:large","max-video-preview":"max-video-preview:-1"},"canonical":"https:\/\/multihoster.org\/it\/icerbox\/","og_locale":"it_IT","og_type":"article","og_title":"Icerbox Premium Conto: Il Filehoster In Sintesi","og_description":"Se Icerbox \u00e8 un fornitore affidabile o no, potete trovare la risposta nel test in corso su Multihoster.org \u279c Cliccate ora \u271a per leggere le nostre esperienze!","og_url":"https:\/\/multihoster.org\/it\/icerbox\/","og_site_name":"Multihoster.org","article_modified_time":"2020-04-20T13:06:08+00:00","og_image":[{"url":"https:\/\/lh3.googleusercontent.com\/493jzcDX3PFt-Lt4SzyCUiMVL0kxnjE6P0HOZhCqmVcMoXTpG1Y-ZLhg51E6BcSVBUnWtZKDSkPAV93vpvaRYBqO7t0CUSYNX_YvYEzLePQxXWa2jTTsfKVAKx5fduxWmtxehI4"}],"twitter_card":"summary","twitter_misc":{"Tempo di lettura stimato":"6 minuti"},"schema":{"@context":"https:\/\/schema.org","@graph":[{"@type":"WebSite","@id":"https:\/\/multihoster.org\/#website","url":"https:\/\/multihoster.org\/","name":"Multihoster.org","description":"Reviews of the major Filehosting services","potentialAction":[{"@type":"SearchAction","target":{"@type":"EntryPoint","urlTemplate":"https:\/\/multihoster.org\/?s={search_term_string}"},"query-input":"required name=search_term_string"}],"inLanguage":"it-IT"},{"@type":"ImageObject","@id":"https:\/\/multihoster.org\/it\/icerbox\/#primaryimage","inLanguage":"it-IT","url":"https:\/\/lh3.googleusercontent.com\/493jzcDX3PFt-Lt4SzyCUiMVL0kxnjE6P0HOZhCqmVcMoXTpG1Y-ZLhg51E6BcSVBUnWtZKDSkPAV93vpvaRYBqO7t0CUSYNX_YvYEzLePQxXWa2jTTsfKVAKx5fduxWmtxehI4","contentUrl":"https:\/\/lh3.googleusercontent.com\/493jzcDX3PFt-Lt4SzyCUiMVL0kxnjE6P0HOZhCqmVcMoXTpG1Y-ZLhg51E6BcSVBUnWtZKDSkPAV93vpvaRYBqO7t0CUSYNX_YvYEzLePQxXWa2jTTsfKVAKx5fduxWmtxehI4"},{"@type":"WebPage","@id":"https:\/\/multihoster.org\/it\/icerbox\/#webpage","url":"https:\/\/multihoster.org\/it\/icerbox\/","name":"Icerbox Premium Conto: Il Filehoster In Sintesi","isPartOf":{"@id":"https:\/\/multihoster.org\/#website"},"primaryImageOfPage":{"@id":"https:\/\/multihoster.org\/it\/icerbox\/#primaryimage"},"datePublished":"2020-04-20T12:20:17+00:00","dateModified":"2020-04-20T13:06:08+00:00","description":"Se Icerbox \u00e8 un fornitore affidabile o no, potete trovare la risposta nel test in corso su Multihoster.org \u279c Cliccate ora \u271a per leggere le nostre esperienze!","breadcrumb":{"@id":"https:\/\/multihoster.org\/it\/icerbox\/#breadcrumb"},"inLanguage":"it-IT","potentialAction":[{"@type":"ReadAction","target":["https:\/\/multihoster.org\/it\/icerbox\/"]}]},{"@type":"BreadcrumbList","@id":"https:\/\/multihoster.org\/it\/icerbox\/#breadcrumb","itemListElement":[{"@type":"ListItem","position":1,"name":"Startseite","item":"https:\/\/multihoster.org\/it\/"},{"@type":"ListItem","position":2,"name":"Icerbox Premium Conto: Il Filehoster In Sintesi"}]}]}},"_links":{"self":[{"href":"https:\/\/multihoster.org\/it\/wp-json\/wp\/v2\/pages\/4053"}],"collection":[{"href":"https:\/\/multihoster.org\/it\/wp-json\/wp\/v2\/pages"}],"about":[{"href":"https:\/\/multihoster.org\/it\/wp-json\/wp\/v2\/types\/page"}],"author":[{"embeddable":true,"href":"https:\/\/multihoster.org\/it\/wp-json\/wp\/v2\/users\/2"}],"replies":[{"embeddable":true,"href":"https:\/\/multihoster.org\/it\/wp-json\/wp\/v2\/comments?post=4053"}],"version-history":[{"count":1,"href":"https:\/\/multihoster.org\/it\/wp-json\/wp\/v2\/pages\/4053\/revisions"}],"predecessor-version":[{"id":4064,"href":"https:\/\/multihoster.org\/it\/wp-json\/wp\/v2\/pages\/4053\/revisions\/4064"}],"wp:attachment":[{"href":"https:\/\/multihoster.org\/it\/wp-json\/wp\/v2\/media?parent=4053"}],"curies":[{"name":"wp","href":"https:\/\/api.w.org\/{rel}","templated":true}]}}