{"id":4113,"date":"2020-04-21T11:37:48","date_gmt":"2020-04-21T11:37:48","guid":{"rendered":"https:\/\/multihoster.org\/wipfiles\/"},"modified":"2020-04-21T12:39:14","modified_gmt":"2020-04-21T12:39:14","slug":"wipfiles","status":"publish","type":"page","link":"https:\/\/multihoster.org\/it\/wipfiles\/","title":{"rendered":"WipFiles Premium Conto: Il Filehoster In Sintesi"},"content":{"rendered":"\n<figure class=\"wp-block-image\"><img src=\"https:\/\/lh5.googleusercontent.com\/bTpIFx537dT-rest-gAP3KZZQkErDmcV1CfuQEo4e0CqhVqUiWRKJNFvA_m0cN-o6cAS9cgFIdx33rQ16G9W5XHjJx52FBjTPKn7geqWRoSYrqyb3wRpKQ1plPi2_YMDZda5atg\" alt=\"WipFiles logo\"\/><\/figure>\n\n\n\n<p>WipFiles \u00e8 uno dei fornitori di file hosting e ha tre diversi tipi di account per i suoi utenti: Il WipFiles Free Account, il WipFiles Registered Account, e il WipFiles Premium Account.<\/p>\n\n\n\n<p>Se un utente ha un problema con il modo in cui manterr\u00e0 i suoi file senza doversi sempre preoccupare di questo, ecco la soluzione di cui ha bisogno per la sua vita quotidiana. Ecco WipFiles che \u00e8 pronto ad aiutare tutti con le funzioni e i servizi di gestione dei file. Un utente pu\u00f2 usare WipFiles per mantenere i suoi file ovunque si trovi e pu\u00f2 accedervi o aprirli in qualsiasi momento senza problemi, specialmente se \u00e8 per uno scopo urgente come per presentazioni di progetti o relazioni o per la redazione di ricerche o tesi di laurea e altre cose importanti. <\/p>\n\n\n\n<p>Inoltre, un utente pu\u00f2 archiviare, scaricare, accedere, caricare e condividere i propri dati o file senza l&#8217;uso di archivi esterni o di driver esterni, perch\u00e9 WipFiles offre all&#8217;utente uno <a rel=\"noreferrer noopener\" aria-label=\"spazio di archiviazione (opens in a new tab)\" href=\"https:\/\/techterms.com\/definition\/storagecapacity\" target=\"_blank\">spazio di archiviazione<\/a> per il <a rel=\"noreferrer noopener\" aria-label=\"backup  (opens in a new tab)\" href=\"https:\/\/www.yourdictionary.com\/back-up\" target=\"_blank\">backup <\/a>o il recupero dei propri dati o file in qualsiasi momento e in qualsiasi luogo attraverso l&#8217;aiuto della connessione internet. WipFiles agisce come storage in un mondo online o virtuale.<\/p>\n\n\n\n<p>Il sito WipFiles \u00e8 molto semplice e di base che pu\u00f2 essere facilmente compreso e utilizzato da diversi tipi di utenti. Il sito di WipFiles \u00e8 anche supportato da alcune lingue, cos\u00ec gli utenti possono passare ad una lingua che possono facilmente comprendere. Le lingue supportate dal sito WipFiles sono inglese, russo, francese, tedesco, turco, arabo, polacco, tailandese, giapponese, spagnolo, ungherese e indonesiano.<\/p>\n\n\n\n<p>Un utente pu\u00f2 anche realizzare un profitto utilizzando il sito WipFiles semplicemente condividendo i propri file caricati su qualsiasi sito di social media, blog o email.<\/p>\n\n\n\n<p>Perch\u00e9 un utente dovrebbe scegliere il WipFiles Premium Account?<\/p>\n\n\n\n<p>\u2714 Non c&#8217;\u00e8 limite nel caricamento di uno o pi\u00f9 file.<br>\u2714 Non c&#8217;\u00e8 limite alla dimensione di uno o pi\u00f9 file da caricare.<br>\u2714 Non c&#8217;\u00e8 limite per la dimensione dello spazio di archiviazione.<br>\u2714 Ci sono ventiquattro gigabyte (24 GB) di volume per il download ogni giorno.<br>\u2714 Supporta il caricamento remoto di uno o pi\u00f9 file.<br>\u2714 Dispone di acceleratori per il download di uno o pi\u00f9 file.<br>\u2714 Pu\u00f2 riprendere o mettere in pausa il download di uno o pi\u00f9 file.<br>\u2714 Non ha ritardi per i download.<br>\u2714 Non ha un captcha.<br>\u2714  Non ha una <a rel=\"noreferrer noopener\" aria-label=\"pubblicit\u00e0 (opens in a new tab)\" href=\"https:\/\/www.merriam-webster.com\/dictionary\/advertisement\" target=\"_blank\">pubblicit\u00e0<\/a>.<br>\u2714 Non cancella i file caricati, ma lo far\u00e0 se il proprietario o l&#8217;uploader ne richiede la cancellazione.<\/p>\n\n\n<a class=\"maxbutton-2 maxbutton maxbutton-cta\" target=\"_blank\" rel=\"nofollow noopener\" href=\"\/go\/\"><span class='mb-text'>&gt;&gt; Vai al sito web originale di Linkifier<\/span><\/a>\n\n\n<p><\/p>\n\n\n\n<h2>WipFiles Premium Account<\/h2>\n\n\n\n<h3>Le diverse caratteristiche dei tipi di conti WipFiles<\/h3>\n\n\n\n<figure class=\"wp-block-table\"><table class=\"\"><tbody><tr><td><br>Caratteristiche dei WipFiles <\/td><td>Gratuito<\/td><td>Registrato<\/td><td>Premium<\/td><\/tr><tr><td>Dimensione di un file da caricare (Max)<\/td><td>Cento megabyte (100 MB)<\/td><td>Millecinquecento megabyte (1500 MB)<\/td><td>Millecinquecento megabyte (1500 MB)<\/td><\/tr><tr><td>Dimensioni della capacit\u00e0 dello spazio di stoccaggio<\/td><td>Molto limitato<\/td><td>Limitata<\/td><td>Grande capacit\u00e0 di stoccaggio<\/td><\/tr><tr><td>Volume del download<\/td><td>Ha quattro gigabyte (4 GB) in tre (3) giorni<\/td><td>Ha sette gigabyte (7 GB) in tre (3) giorni<\/td><td>Ha sette gigabyte (7 GB) in tre (3) giorni<\/td><\/tr><tr><td>Caricamento di uno o pi\u00f9 file utilizzando il caricamento remoto di URL<\/td><td>\u2612 Non supportato<\/td><td>\u2612 Non supportato<\/td><td>\u2611 Supportato<\/td><\/tr><tr><td>Utilizzo di acceleratori per il download di uno o pi\u00f9 file<\/td><td>\u2611 Supportato<\/td><td>\u2611 Supportato<\/td><td>\u2611 Supportato<\/td><\/tr><tr><td>Riprendere il download di uno o pi\u00f9 file<\/td><td>\u2611 Supportato<\/td><td>\u2611 Supportato<\/td><td>\u2611 Supportato<\/td><\/tr><tr><td>Download di uno o pi\u00f9 file senza ritardi o tempi di attesa<\/td><td>\u2612 Non supportato<\/td><td>\u2612 Non supportato<\/td><td>\u2611 Supportato<\/td><\/tr><tr><td>Download di uno o pi\u00f9 file senza captcha<\/td><td>\u2612 Non supportato<\/td><td>\u2611 Supportato<\/td><td>\u2611 Supportato<\/td><\/tr><tr><td>Pagine senza annunci<\/td><td>\u2612 Non supportato<\/td><td>\u2612 Non supportato<\/td><td>\u2611 Supportato<\/td><\/tr><tr><td>Cancellazione del file o dei file dell&#8217;utente<\/td><td>I file non saranno mai cancellati<\/td><td>I file non saranno mai cancellati<\/td><td>I file non saranno mai cancellati<\/td><\/tr><\/tbody><\/table><\/figure>\n\n\n\n<p>Un utente dovrebbe pagare il prezzo di un piano di account Premium WipFiles selezionato per poter utilizzare tutte le caratteristiche e i servizi premium dei WipFiles. Si prega di vedere di seguito i diversi metodi di pagamento per pagare l&#8217;account premium dei WipFiles.<\/p>\n\n\n\n<h3>I prezzi del piano tariffario del conto premium WipFiles<\/h3>\n\n\n\n<figure class=\"wp-block-table\"><table class=\"\"><tbody><tr><td>Giorni #:<\/td><td>30<\/td><td>90<\/td><td>180<\/td><td>365<\/td><\/tr><tr><td>Prezzo:<\/td><td>12,95 USD<\/td><td>32,50 USD<\/td><td>58,45 USD<\/td><td>99,95 USD<\/td><\/tr><tr><td>Metodi di pagamento:<\/td><td>Un utente pu\u00f2 pagare WipFiles Premium Account Plan tramite Visa, MasterCard e PayPal<\/td><\/tr><\/tbody><\/table><\/figure>\n\n\n\n<p>Un utente pu\u00f2 anche acquistare o pagare il Piano di Account Premium WipFiles e il codice di attivazione dell&#8217;Account Premium WipFiles o il codice voucher da o verso i rivenditori ufficiali di WipFiles. Si prega di vedere di seguito i diversi rivenditori approvati di WipFiles e i loro metodi di pagamento supportati.<\/p>\n\n\n<a class=\"maxbutton-2 maxbutton maxbutton-cta\" target=\"_blank\" rel=\"nofollow noopener\" href=\"\/go\/\"><span class='mb-text'>&gt;&gt; Vai al sito web originale di Linkifier<\/span><\/a>\n\n\n<p><\/p>\n\n\n\n<h2>I rivenditori di WipFiles e il loro metodo di pagamento<\/h2>\n\n\n\n<figure class=\"wp-block-table\"><table class=\"\"><tbody><tr><td>Nome del sito web<\/td><td>Modalit\u00e0 di pagamento<\/td><td>Contatto del team di supporto <\/td><\/tr><tr><td>KeyInstant<\/td><td>Carta di credito o carta di debito, PayPal, VISA, MasterCard, American Express, JCB, Discover, CashU, Diners Club, Bitcoin o Altcoin, UnionPay, Paysera, Amazon Payments, Paysafecard, Skrill, WebMoney Transfer, Neteller, Payza, LavaPay, Perfect Money, OKPay, Payssion, Payeer, Neosurf.<\/td><td>support@keyinstant.com<\/td><\/tr><tr><td>PremiumAccountz.com<\/td><td>PayPal, VISA, MasterCard, American Express, JCB, Discover, Diners Club, UnionPay, AliPay, Amazon Payments, Paysafecard, Skrill, Bitcoin o Altcoin, WebMoney Transfer, OKPay, Payssion, CashU, Neosurf.<\/td><td>support@premiumaccountz.com<\/td><\/tr><tr><td>uTop.us<\/td><td>PayPal, Payza, Skrill, Automated Clearing House o ACH, bonifico bancario o bancario, Alipay, Alfa-Click, BitCoin o Altcoin o LiteCoin e altre valute crittografiche, B-Pay, Cash4wm, CashU, OneCard, Visa, Mastercard, Amex, JCB, EasyPayWay, bonifico bancario locale (per la Cina), UnionPay (ABC, BOC, CCB, CCB, ICBC, CMB, PSBC), India (SBI, Axis, o Kotak), National Electronic Funds Transfer (NEFT), Liqpay, Online Banking (Per i paesi del Regno Unito (UK), Austria, Australia, Belgio, Bielorussia, Brasile, Estonia, Germania, India, Lithunia, Lettonia, Olanda, Nuova Zelanda, Polonia, Russia, Slovacchia e Ucraina), Money Gram, Neteller, Okpay, Payeer, PerfectMoney, PaySera, Paxum, POLI, Qiwi, SafetyPay, pagamenti via SMS o SMS, Ukash, Unistream, Wallet One, WebMoney Transfer (WebMoney Japan, WME o WMR o WMZ), Wester Union, Yandex Money, Z-Payments, OOOpay, SWIFT, PaySafeCard, Banamex, Banco do Brasil, Bancomer, Bradesco, Caixa, Banco Ita\u00fa, Oxxo, Santander Mexico e Openbucks (pagamenti con carta regalo).<\/td><td>uTop@uTop.us<\/td><\/tr><tr><td>Digitadiko<\/td><td>Paypal, carte di credito, Paysafecard, deposito bancario, CashU, ClickandBuy, carta di credito\/debito, Maestro, MasterCard, Visa o Visa Electron, Ukash, OKpay, Bitcoin o Altcoin, Webmoney Transfer, pagamento via SMS o Sms, Payza, Skrill, Ideal, Sofort, Giropay, Electronic banking (per i paesi di Austria, Belgio, Repubblica Ceca, Paesi Bassi, Lituania e Slovacchia), Western Union e altri.<\/td><td>sales@digitadiko.com<\/td><\/tr><tr><td>OneClickReseller<\/td><td>Carte di credito (Visa, Mastercard, JCB, Diners, American Express, Discover WORLDWIDE), Paysafecard (USA o EUROPA), carte di debito, Direct Debit Card, Moneybookers, Skrill, BitCoins o Altcoins, Inpay (Bonifico bancario locale per gli Stati Uniti d&#8217;America (USA) o Regno Unito (UK) o Europa o Australia o Cina, e altri), Alipay, pagamento tramite SMS o SMS, CashU, Perfect Money, Bonifico bancario locale per il Sud America e l&#8217;Europa (SafetyPay), Paysera, Webmoney Transfer, Western Union<\/td><td>Sales@OneClickReseller.com<\/td><\/tr><tr><td>FilePlanet Premium<\/td><td>VISA, MasterCard, Paysafecard, Sofort, Moneybookers, cashU, Przelewy24, SafetyPay, OKPAY, Bitcoin o Altcoin o Litecoin o Dogecoin, WebMoney Transfer, Perfect Money, pagamento con SMS o SMS, Electronic banking, Banca o bonifico bancario, Privat24, QIWI, Yandex.Money<\/td><td>dnlreseller@gmail.com<\/td><\/tr><tr><td>Hotfile Premium Store<\/td><td>Carte di credito (Visa e Mastercard), carta di debito (India 52 banche), Net Banking, carte di credito, deposito in contanti, deposito in contanti (ICICI e SBI Bank), National Electronic Funds Transfer (NEFT), Western Union, Demand Draft, deposito assegni, Webmoney Transfer, Bitcoins o Altcoins, Money Gram<\/td><td>hotfilepremiumstore@gmail.com<\/td><\/tr><tr><td>BigShareShop<\/td><td>Bitcoins o Altcoins, PayPal, WebMoney Transfer, CashU, Perfect Money, Sofort, Skrill, Payza, OKPay (portafoglio digitale)<\/td><td>info@bigshareshop.com<\/td><\/tr><\/tbody><\/table><\/figure>\n\n\n\n<p>Per paesi specifici:<\/p>\n\n\n\n<figure class=\"wp-block-table\"><table class=\"\"><tbody><tr><td>PayNow.taobao.com (Asia e Cina)<\/td><td>Taobao, Alipay, UnionPay, carte di credito e tutte le altre banche cinesi<\/td><td>spider@live.in<\/td><\/tr><tr><td>Premio in Rupie (India)<\/td><td>Carta di credito solo in India, Visa e Mastercard solo in India, carta di debito (India 52 banche), Net Banking, carte di credito in contanti, deposito in contanti (ICICI e SBI Bank), National Electronic Funds Transfer (NEFT), Western Union, Demand Draft, deposito assegni, Webmoney Transfer, Bitcoins o Altcoin, Money Gram<\/td><td>premiuminrupees@gmail.com<\/td><\/tr><\/tbody><\/table><\/figure>\n\n\n\n<p><\/p>\n\n\n\n<h2>Scopri come attivare il conto Premium di WipFiles<\/h2>\n\n\n\n<p>L&#8217;attivazione del Premium Account di WipFiles \u00e8 molto importante per un utente per utilizzare e godere di tutte le sue caratteristiche e servizi. Per attivare l&#8217;account premium dei WipFiles, un utente deve acquistare il codice di attivazione o la chiave di attivazione dal sito WipFiles o dal sito dove ci sono rivenditori autorizzati di WipFiles. Si prega di seguire le seguenti istruzioni per attivarlo.<\/p>\n\n\n\n<ol><li>Un utente deve registrarsi sulla pagina di registrazione di WipFiles (http:\/\/wipfiles.net\/?op=registration) per creare prima il suo account per WipFiles. Quando il suo account \u00e8 stato creato e confermato, pu\u00f2 accedere al suo account nella pagina di accesso di WipFiles all&#8217;indirizzo http:\/\/wipfiles.net\/login.html per accedere alla pagina &#8220;My Account&#8221; (http:\/\/wipfiles.net\/?op=my_account).<\/li><li> Quando un utente si trova nella pagina &#8220;My Account&#8221; dei WipFiles, cercare il campo &#8220;Apply Premium Key&#8221;.<\/li><li> Nel campo &#8220;Applicare la Chiave Premium&#8221;, incollare il codice di attivazione o la chiave del WipFiles Premium Account (Fare riferimento all&#8217;immagine di esempio qui sotto.).<\/li><li> Cliccate sul pulsante &#8220;Applicare&#8221; affinch\u00e9 il codice si rifletta sul suo conto Premium (Fate riferimento all&#8217;immagine di esempio qui sotto).<\/li><\/ol>\n\n\n\n<figure class=\"wp-block-image\"><img src=\"https:\/\/lh5.googleusercontent.com\/7WJRfpCm7A2oCIuAOLw7hQrc1eQBl_Xa0AbKbg9DGrm_q6MZ2QMHBgm9bD3GFdI5xicbq-QZ1WyRme8MKIYhFgUi98uMjo-YESsIU7BqQAvVqI7ZLEcFkMGzFvLjY6iNtsGOGus\" alt=\"WipFiles Premium Account Activation\"\/><\/figure>\n\n\n\n<h2>Contattate il supporto WipFiles<\/h2>\n\n\n\n<p>Se un utente \u00e8 libero di contattare WipFiles se ha domande sui pagamenti, rivenditori, file, caratteristiche e servizi e prodotti del sito WipFiles o attraverso la sua email a info.worldbytez@gmail.com o attraverso la sua pagina di contatto sul suo sito web http:\/\/wipfiles.net\/contact.html, ma dovrebbe prima leggere le Domande Frequenti o FAQ (http:\/\/wipfiles.net\/faq.html) e i Termini di Servizio di WipFiles (http:\/\/wipfiles.net\/tos.html) prima di contattare il team di supporto WipFiles.<\/p>\n\n\n<a class=\"maxbutton-2 maxbutton maxbutton-cta\" target=\"_blank\" rel=\"nofollow noopener\" href=\"\/go\/\"><span class='mb-text'>&gt;&gt; Vai al sito web originale di Linkifier<\/span><\/a>\n\n\n<p><\/p>\n","protected":false},"excerpt":{"rendered":"<p>WipFiles \u00e8 uno dei fornitori di file hosting e ha tre diversi tipi di account per i suoi utenti: Il<\/p>\n","protected":false},"author":2,"featured_media":0,"parent":0,"menu_order":0,"comment_status":"closed","ping_status":"closed","template":"","meta":[],"yoast_head":"<!-- This site is optimized with the Yoast SEO plugin v18.3 - https:\/\/yoast.com\/wordpress\/plugins\/seo\/ -->\n<title>WipFiles Premium Conto: Il Filehoster In Sintesi<\/title>\n<meta name=\"description\" content=\"Se WipFiles \u00e8 un fornitore affidabile o meno, potete trovare la risposta nel test in corso su Multihoster.org \u279c Cliccate ora \u271a per leggere le nostre esperienze!\" \/>\n<meta name=\"robots\" content=\"index, follow, max-snippet:-1, max-image-preview:large, max-video-preview:-1\" \/>\n<link rel=\"canonical\" href=\"https:\/\/multihoster.org\/it\/wipfiles\/\" \/>\n<meta property=\"og:locale\" content=\"it_IT\" \/>\n<meta property=\"og:type\" content=\"article\" \/>\n<meta property=\"og:title\" content=\"WipFiles Premium Conto: Il Filehoster In Sintesi\" \/>\n<meta property=\"og:description\" content=\"Se WipFiles \u00e8 un fornitore affidabile o meno, potete trovare la risposta nel test in corso su Multihoster.org \u279c Cliccate ora \u271a per leggere le nostre esperienze!\" \/>\n<meta property=\"og:url\" content=\"https:\/\/multihoster.org\/it\/wipfiles\/\" \/>\n<meta property=\"og:site_name\" content=\"Multihoster.org\" \/>\n<meta property=\"article:modified_time\" content=\"2020-04-21T12:39:14+00:00\" \/>\n<meta property=\"og:image\" content=\"https:\/\/lh5.googleusercontent.com\/bTpIFx537dT-rest-gAP3KZZQkErDmcV1CfuQEo4e0CqhVqUiWRKJNFvA_m0cN-o6cAS9cgFIdx33rQ16G9W5XHjJx52FBjTPKn7geqWRoSYrqyb3wRpKQ1plPi2_YMDZda5atg\" \/>\n<meta name=\"twitter:card\" content=\"summary\" \/>\n<meta name=\"twitter:label1\" content=\"Tempo di lettura stimato\" \/>\n\t<meta name=\"twitter:data1\" content=\"7 minuti\" \/>\n<script type=\"application\/ld+json\" class=\"yoast-schema-graph\">{\"@context\":\"https:\/\/schema.org\",\"@graph\":[{\"@type\":\"WebSite\",\"@id\":\"https:\/\/multihoster.org\/#website\",\"url\":\"https:\/\/multihoster.org\/\",\"name\":\"Multihoster.org\",\"description\":\"Reviews of the major Filehosting services\",\"potentialAction\":[{\"@type\":\"SearchAction\",\"target\":{\"@type\":\"EntryPoint\",\"urlTemplate\":\"https:\/\/multihoster.org\/?s={search_term_string}\"},\"query-input\":\"required name=search_term_string\"}],\"inLanguage\":\"it-IT\"},{\"@type\":\"ImageObject\",\"@id\":\"https:\/\/multihoster.org\/it\/wipfiles\/#primaryimage\",\"inLanguage\":\"it-IT\",\"url\":\"https:\/\/lh5.googleusercontent.com\/bTpIFx537dT-rest-gAP3KZZQkErDmcV1CfuQEo4e0CqhVqUiWRKJNFvA_m0cN-o6cAS9cgFIdx33rQ16G9W5XHjJx52FBjTPKn7geqWRoSYrqyb3wRpKQ1plPi2_YMDZda5atg\",\"contentUrl\":\"https:\/\/lh5.googleusercontent.com\/bTpIFx537dT-rest-gAP3KZZQkErDmcV1CfuQEo4e0CqhVqUiWRKJNFvA_m0cN-o6cAS9cgFIdx33rQ16G9W5XHjJx52FBjTPKn7geqWRoSYrqyb3wRpKQ1plPi2_YMDZda5atg\"},{\"@type\":\"WebPage\",\"@id\":\"https:\/\/multihoster.org\/it\/wipfiles\/#webpage\",\"url\":\"https:\/\/multihoster.org\/it\/wipfiles\/\",\"name\":\"WipFiles Premium Conto: Il Filehoster In Sintesi\",\"isPartOf\":{\"@id\":\"https:\/\/multihoster.org\/#website\"},\"primaryImageOfPage\":{\"@id\":\"https:\/\/multihoster.org\/it\/wipfiles\/#primaryimage\"},\"datePublished\":\"2020-04-21T11:37:48+00:00\",\"dateModified\":\"2020-04-21T12:39:14+00:00\",\"description\":\"Se WipFiles \u00e8 un fornitore affidabile o meno, potete trovare la risposta nel test in corso su Multihoster.org \u279c Cliccate ora \u271a per leggere le nostre esperienze!\",\"breadcrumb\":{\"@id\":\"https:\/\/multihoster.org\/it\/wipfiles\/#breadcrumb\"},\"inLanguage\":\"it-IT\",\"potentialAction\":[{\"@type\":\"ReadAction\",\"target\":[\"https:\/\/multihoster.org\/it\/wipfiles\/\"]}]},{\"@type\":\"BreadcrumbList\",\"@id\":\"https:\/\/multihoster.org\/it\/wipfiles\/#breadcrumb\",\"itemListElement\":[{\"@type\":\"ListItem\",\"position\":1,\"name\":\"Startseite\",\"item\":\"https:\/\/multihoster.org\/it\/\"},{\"@type\":\"ListItem\",\"position\":2,\"name\":\"WipFiles Premium Conto: Il Filehoster In Sintesi\"}]}]}<\/script>\n<!-- \/ Yoast SEO plugin. -->","yoast_head_json":{"title":"WipFiles Premium Conto: Il Filehoster In Sintesi","description":"Se WipFiles \u00e8 un fornitore affidabile o meno, potete trovare la risposta nel test in corso su Multihoster.org \u279c Cliccate ora \u271a per leggere le nostre esperienze!","robots":{"index":"index","follow":"follow","max-snippet":"max-snippet:-1","max-image-preview":"max-image-preview:large","max-video-preview":"max-video-preview:-1"},"canonical":"https:\/\/multihoster.org\/it\/wipfiles\/","og_locale":"it_IT","og_type":"article","og_title":"WipFiles Premium Conto: Il Filehoster In Sintesi","og_description":"Se WipFiles \u00e8 un fornitore affidabile o meno, potete trovare la risposta nel test in corso su Multihoster.org \u279c Cliccate ora \u271a per leggere le nostre esperienze!","og_url":"https:\/\/multihoster.org\/it\/wipfiles\/","og_site_name":"Multihoster.org","article_modified_time":"2020-04-21T12:39:14+00:00","og_image":[{"url":"https:\/\/lh5.googleusercontent.com\/bTpIFx537dT-rest-gAP3KZZQkErDmcV1CfuQEo4e0CqhVqUiWRKJNFvA_m0cN-o6cAS9cgFIdx33rQ16G9W5XHjJx52FBjTPKn7geqWRoSYrqyb3wRpKQ1plPi2_YMDZda5atg"}],"twitter_card":"summary","twitter_misc":{"Tempo di lettura stimato":"7 minuti"},"schema":{"@context":"https:\/\/schema.org","@graph":[{"@type":"WebSite","@id":"https:\/\/multihoster.org\/#website","url":"https:\/\/multihoster.org\/","name":"Multihoster.org","description":"Reviews of the major Filehosting services","potentialAction":[{"@type":"SearchAction","target":{"@type":"EntryPoint","urlTemplate":"https:\/\/multihoster.org\/?s={search_term_string}"},"query-input":"required name=search_term_string"}],"inLanguage":"it-IT"},{"@type":"ImageObject","@id":"https:\/\/multihoster.org\/it\/wipfiles\/#primaryimage","inLanguage":"it-IT","url":"https:\/\/lh5.googleusercontent.com\/bTpIFx537dT-rest-gAP3KZZQkErDmcV1CfuQEo4e0CqhVqUiWRKJNFvA_m0cN-o6cAS9cgFIdx33rQ16G9W5XHjJx52FBjTPKn7geqWRoSYrqyb3wRpKQ1plPi2_YMDZda5atg","contentUrl":"https:\/\/lh5.googleusercontent.com\/bTpIFx537dT-rest-gAP3KZZQkErDmcV1CfuQEo4e0CqhVqUiWRKJNFvA_m0cN-o6cAS9cgFIdx33rQ16G9W5XHjJx52FBjTPKn7geqWRoSYrqyb3wRpKQ1plPi2_YMDZda5atg"},{"@type":"WebPage","@id":"https:\/\/multihoster.org\/it\/wipfiles\/#webpage","url":"https:\/\/multihoster.org\/it\/wipfiles\/","name":"WipFiles Premium Conto: Il Filehoster In Sintesi","isPartOf":{"@id":"https:\/\/multihoster.org\/#website"},"primaryImageOfPage":{"@id":"https:\/\/multihoster.org\/it\/wipfiles\/#primaryimage"},"datePublished":"2020-04-21T11:37:48+00:00","dateModified":"2020-04-21T12:39:14+00:00","description":"Se WipFiles \u00e8 un fornitore affidabile o meno, potete trovare la risposta nel test in corso su Multihoster.org \u279c Cliccate ora \u271a per leggere le nostre esperienze!","breadcrumb":{"@id":"https:\/\/multihoster.org\/it\/wipfiles\/#breadcrumb"},"inLanguage":"it-IT","potentialAction":[{"@type":"ReadAction","target":["https:\/\/multihoster.org\/it\/wipfiles\/"]}]},{"@type":"BreadcrumbList","@id":"https:\/\/multihoster.org\/it\/wipfiles\/#breadcrumb","itemListElement":[{"@type":"ListItem","position":1,"name":"Startseite","item":"https:\/\/multihoster.org\/it\/"},{"@type":"ListItem","position":2,"name":"WipFiles Premium Conto: Il Filehoster In Sintesi"}]}]}},"_links":{"self":[{"href":"https:\/\/multihoster.org\/it\/wp-json\/wp\/v2\/pages\/4113"}],"collection":[{"href":"https:\/\/multihoster.org\/it\/wp-json\/wp\/v2\/pages"}],"about":[{"href":"https:\/\/multihoster.org\/it\/wp-json\/wp\/v2\/types\/page"}],"author":[{"embeddable":true,"href":"https:\/\/multihoster.org\/it\/wp-json\/wp\/v2\/users\/2"}],"replies":[{"embeddable":true,"href":"https:\/\/multihoster.org\/it\/wp-json\/wp\/v2\/comments?post=4113"}],"version-history":[{"count":2,"href":"https:\/\/multihoster.org\/it\/wp-json\/wp\/v2\/pages\/4113\/revisions"}],"predecessor-version":[{"id":4132,"href":"https:\/\/multihoster.org\/it\/wp-json\/wp\/v2\/pages\/4113\/revisions\/4132"}],"wp:attachment":[{"href":"https:\/\/multihoster.org\/it\/wp-json\/wp\/v2\/media?parent=4113"}],"curies":[{"name":"wp","href":"https:\/\/api.w.org\/{rel}","templated":true}]}}