{"id":417,"date":"2018-05-22T17:20:32","date_gmt":"2018-05-22T17:20:32","guid":{"rendered":"https:\/\/multihoster.org\/?page_id=417"},"modified":"2020-10-28T09:30:07","modified_gmt":"2020-10-28T09:30:07","slug":"rapidgator2","status":"publish","type":"page","link":"https:\/\/multihoster.org\/it\/rapidgator2\/","title":{"rendered":"Rapidgator Premium Account &#8211; Il Filehoster in sintesi"},"content":{"rendered":"\n<p>Non siamo affiliati, associati, autorizzati, approvati da, o in qualsiasi modo ufficialmente connessi con Rapidgator.net<\/p>\n\n\n<p class=\"normal\"><span lang=\"de\"><img loading=\"lazy\" class=\"size-full wp-image-4672 alignleft\" src=\"https:\/\/multihoster.org\/wp-content\/uploads\/2020\/06\/rapidgator_logo.png\" alt=\"rapidgator_logo\" width=\"363\" height=\"62\" srcset=\"https:\/\/multihoster.org\/wp-content\/uploads\/2020\/06\/rapidgator_logo.png 363w, https:\/\/multihoster.org\/wp-content\/uploads\/2020\/06\/rapidgator_logo-300x51.png 300w\" sizes=\"(max-width: 363px) 100vw, 363px\" \/>Dal 2010 Filehoster Rapidgator opera nel settore dell&#8217;hosting e della condivisione di file. Da allora, l&#8217;azienda si \u00e8 affermata con diversi milioni di utenti al giorno e appartiene alla classe superiore nel campo del file hosting. Posizionando strategicamente i server ai nodi Internet, il provider vuole fornire ai propri utenti la migliore velocit\u00e0 possibile di download e upload attraverso account premium.<\/span><\/p>\n<p>&nbsp;<\/p>\n<p class=\"normal\">I seguenti elementi fondamentali sono evidenziati nella filosofia aziendale di Rapidgator:<\/p>\n<ul>\n<li>notificazione<\/li>\n<li>Rispetto per il cliente<\/li>\n<li>collaterale<\/li>\n<li>tecnica<\/li>\n<li>Eccellenza<\/li>\n<\/ul>\n\n<p><a class=\"fasc-button fasc-size-xlarge fasc-type-glossy fasc-rounded-medium ico-fa fasc-ico-after fa-share\" style=\"background-color: #43585e; color: #ffffff;\" target=\"_blank\" rel=\"nofollow noopener noreferrer\" href=\"https:\/\/multihoster.org\/rapidgator\/goto\/\">Acquista un conto Premium<\/a><\/p>\n<p>&nbsp;<\/p>\n<h2><span lang=\"de\">Caratteristiche positive del fornitore<\/span><\/h2>\n<ul>\n<li>conto gratuito<\/li>\n<li>spazio di archiviazione illimitato possibile<\/li>\n<li>grado di sicurezza molto elevato<\/li>\n<li>Velocit\u00e0 massima fino a 10 TB<\/li>\n<li>stipendio attraente<\/li>\n<\/ul>\n<h2><span lang=\"de\">Panoramica dell&#8217;intera gamma di Rapidgator<br><\/span><\/h2>\n<p class=\"normal\"><span lang=\"de\">Oltre al conto Premium Rapidgator, che comprende un&#8217;ampia gamma di servizi, il Filehoster offre la creazione di un conto gratuito. In questo modo gli utenti possono gi\u00e0 utilizzare una determinata gamma di servizi e testare l&#8217;offerta di Rapidgator.<\/span><\/p>\n<p class=\"normal\"><span lang=\"de\">Se siete convinti dal fornitore, potete passare da un conto gratuito a un conto premium con una velocit\u00e0 massima di 10 TB.Nell&#8217;ambito della memorizzazione avete accesso a tariffe con una capacit\u00e0 di memorizzazione di 3 TB e a tariffe illimitate, in cui i dati devono essere scaricati almeno una volta ogni 60 giorni per poter rimanere memorizzati sui server Web.<\/span><\/p>\n<p>Il moderno software garantisce il massimo grado di sicurezza, supportato dalla Garanzia di Soddisfazione e dalla Garanzia di Soddisfazione <a href=\"https:\/\/www.trustedshops.de\/guetesiegel\/\" target=\"_blank\" rel=\"noopener noreferrer\">Sigillo TRUSTed.<\/a>&nbsp; E &#8216;anche possibile guadagnare soldi a Rapidgator.net in modo rilassato.<\/p>\n<h2><span lang=\"de\">Offerte bonus<br><\/span><\/h2>\n<p class=\"normal\"><span lang=\"de\">Con Rapidgator non solo \u00e8 possibile caricare e scaricare vari file, ma anche guadagnare un sacco di soldi &#8211; come funziona?<br><\/span><\/p>\n<p class=\"normal\"><span lang=\"de\">E &#8216;facile &#8211; tutto ci\u00f2 che serve per guadagnare soldi con Rapidgator \u00e8 quello di caricare file e utilizzare il sistema bonus per ottenere i vostri guadagni pagati. Il fornitore pubblicizza che gli utenti possono gi\u00e0 guadagnare denaro con il primo caricamento su Rapidgator, cos\u00ec i costi per l&#8217;account Premium Rapidgator rapidamente ripagato.<br><\/span><\/p>\n<h2><span lang=\"de\">Costi e modalit\u00e0 di pagamento<br><\/span><\/h2>\n<p><img loading=\"lazy\" class=\"alignnone size-full wp-image-4737\" src=\"https:\/\/multihoster.org\/wp-content\/uploads\/2020\/06\/rapidgator-payment-method-1.png\" alt=\"\" width=\"716\" height=\"475\" srcset=\"https:\/\/multihoster.org\/wp-content\/uploads\/2020\/06\/rapidgator-payment-method-1.png 716w, https:\/\/multihoster.org\/wp-content\/uploads\/2020\/06\/rapidgator-payment-method-1-300x199.png 300w\" sizes=\"(max-width: 716px) 100vw, 716px\" \/><\/p>\n<p class=\"normal\"><span lang=\"de\">Tutto sommato, Rapidgator.net vi offre nove diverse tariffe, che sono molto diverse, in modo che ognuno possa trovare l&#8217;offerta perfetta per se stesso. Troverete tariffe con una memoria massima di 3 TB e 10 TB, cos\u00ec come tariffe con memoria illimitata, che pu\u00f2 essere limitata nel tempo a seconda della popolarit\u00e0 dei dati. I prezzi variano da $14,99 per un abbonamento di un mese a $99,99 per un abbonamento annuale.<\/span><\/p>\n\n<table id=\"tablepress-26\" class=\"tablepress tablepress-id-26\">\n<thead>\n<tr class=\"row-1 odd\">\n\t<th class=\"column-1\">tariffaria<\/th><th class=\"column-2\">14,99$<\/th><th class=\"column-3\">14,99$<\/th><th class=\"column-4\">29,99$<\/th><th class=\"column-5\">39.99$<\/th><th class=\"column-6\">39.99$<\/th><th class=\"column-7\">49,99$<\/th><th class=\"column-8\">69,99$<\/th><th class=\"column-9\">99,99$<\/th><th class=\"column-10\">99,99$<\/th>\n<\/tr>\n<\/thead>\n<tbody class=\"row-hover\">\n<tr class=\"row-2 even\">\n\t<td class=\"column-1\">esistenza<\/td><td class=\"column-2\">30 giorni<\/td><td class=\"column-3\">30 giorni<\/td><td class=\"column-4\">60 giorni<\/td><td class=\"column-5\">90 giorni<\/td><td class=\"column-6\">90 giorni<\/td><td class=\"column-7\">180 giorni<\/td><td class=\"column-8\">180 giorni<\/td><td class=\"column-9\">365 giorni<\/td><td class=\"column-10\">365 giorni<\/td>\n<\/tr>\n<tr class=\"row-3 odd\">\n\t<td class=\"column-1\">celerit\u00e0<\/td><td class=\"column-2\">1 TB<\/td><td class=\"column-3\">1 TB<\/td><td class=\"column-4\">2 TB<\/td><td class=\"column-5\">4 TB<\/td><td class=\"column-6\">4 TB<\/td><td class=\"column-7\">6 TB<\/td><td class=\"column-8\">6 TB<\/td><td class=\"column-9\">12 TB<\/td><td class=\"column-10\">12 TB<\/td>\n<\/tr>\n<tr class=\"row-4 even\">\n\t<td class=\"column-1\">archiviazione<\/td><td class=\"column-2\">nessun limite<\/td><td class=\"column-3\">3 TB<\/td><td class=\"column-4\">3 TB<\/td><td class=\"column-5\">nessun limite<\/td><td class=\"column-6\">3 TB<\/td><td class=\"column-7\">nessun limite<\/td><td class=\"column-8\">3 TB<\/td><td class=\"column-9\">nessun limite<\/td><td class=\"column-10\">10 TB<\/td>\n<\/tr>\n<\/tbody>\n<\/table>\n<!-- #tablepress-26 from cache -->\n<p>Per quanto riguarda le opzioni di pagamento per l&#8217;account Premium, \u00e8 possibile scegliere tra il pagamento con carta VISA, Maestro o Mastercard. Coloro che attribuiscono particolare importanza alla sicurezza quando pagano su Internet possono utilizzare i metodi &#8220;verificato da VISA&#8221; e &#8220;Mastercard SecureCode&#8221;. Si tratta delle procedure di sicurezza di VISA e Mastercard, che prevedono un&#8217;ulteriore verifica al momento dell&#8217;acquisto, in modo da poter acquistare il prodotto desiderato da Rapidgator in tutta sicurezza e proteggere i dati e il denaro.<\/p>\n<p>Ci sono anche molti altri metodi di pagamento, come Paysafecard, Google Play o Apple pay. Sono inoltre disponibili normali bonifici bancari, acquisti presso rivenditori e altre opzioni, incluso il pagamento in valuta digitale come Bitcoin o Litecoin.<\/p>\n<p><a class=\"fasc-button fasc-size-xlarge fasc-type-glossy fasc-rounded-medium ico-fa fasc-ico-after fa-share\" style=\"background-color: #43585e; color: #ffffff;\" target=\"_blank\" rel=\"nofollow noopener noreferrer\" href=\"https:\/\/multihoster.org\/rapidgator\/goto\/\">Acquista un conto Premium<\/a><\/p>\n<h2><span lang=\"de\">Informativa sulla privacy e protezione dei dati<br><\/span><\/h2>\n<p class=\"normal\"><span lang=\"de\">Per quanto riguarda la protezione della vita privata e dei dati personali, il fornitore di servizi stabilisce per s\u00e9 gli standard pi\u00f9 elevati. Quando si utilizzano i servizi di Rapidgator.net, varie informazioni vengono memorizzate automaticamente, tra cui non solo l&#8217;indirizzo IP, ma anche altri dati personali e demografici.<\/span><\/p>\n<p class=\"normal\"><span lang=\"de\">I Suoi dati saranno utilizzati per le seguenti finalit\u00e0:<\/span><\/p>\n<ul>\n<li>Esecuzione e conclusione di operazioni finanziarie<\/li>\n<li>Richieste di feedback e contatti riguardanti il servizio e l&#8217;app<\/li>\n<li>Rispondere a e-mail, richieste, commenti, reclami, ecc.<\/li>\n<li>Presentazione e analisi dei consumi e delle tendenze del servizio<\/li>\n<li>Personalizzazione e miglioramento del servizio<\/li>\n<li>Trasmissione di messaggi, informazioni aggiuntive, conferme, aggiornamenti,<\/li>\n<li>Notifiche di sicurezza, ecc.<\/li>\n<li>Notifica di modifiche al servizio e all&#8217;app<\/li>\n<\/ul>\n<p>I dati personali vengono trasmessi a terzi solo in pochi casi, ad esempio ad istituti di credito per il processo di pagamento e a provider di e-mail per l&#8217;invio di messaggi. Inoltre, le informazioni saranno trasmesse ad altre parti solo con l&#8217;espresso consenso.<\/p>\n<p>Inoltre, i dati demografici vengono trasmessi ai partner che non hanno riferimenti personali. In rari casi, Rapidgator pu\u00f2, per motivi legali, sentirsi obbligato a rilasciare dati se necessario per proteggere la legge, la propriet\u00e0 e la sicurezza.<\/p>\n<h2><span lang=\"de\">Servizio post-vendita<br><\/span><\/h2>\n<p class=\"normal\"><span lang=\"de\">Il servizio clienti di Rapidgator.net \u00e8 disponibile in tedesco, il che significa che ogni utente tedesco viene fornito con un supporto impeccabile. Non \u00e8 offerto un servizio clienti telefonico, eventuali richieste possono essere fatte tramite il modulo di feedback. Se stai cercando una soluzione rapida, ti consigliamo anche di dare un&#8217;occhiata alla sezione FAQ, che risponde alle domande che vengono poste regolarmente da molti utenti.<\/span><\/p>\n<h2><span lang=\"de\">Facilit\u00e0 d&#8217;uso<br><\/span><\/h2>\n<p class=\"normal\"><span lang=\"de\">La creazione dell&#8217;account in Rapidgator richiede solo pochi secondi e viene completata rapidamente. Subito dopo l&#8217;accesso, \u00e8 possibile utilizzare la funzione &#8220;Carica file&#8221; nel tuo account Rapidgator e caricare il file desiderato sui server web di Rapidgator tramite upload web, FTP o upload remoto.<\/span><\/p>\n<p class=\"normal\"><span lang=\"de\">Tutti gli altri servizi sono disponibili anche in alto a destra. Qui puoi visualizzare le informazioni pi\u00f9 recenti, acquistare un piano Rapidgator Premium, visualizzare i tuoi guadagni, accedere al tuo account e contattare l&#8217;assistenza. Nella parte superiore dell&#8217;angolo, la lingua pu\u00f2 essere selezionata in modo che chiunque possa inserire le informazioni sulla pagina nella propria lingua madre.<\/span><\/p>\n<h2>App mobile<\/h2>\n<p>Se desiderate approfittare dei vantaggi della piattaforma Rapidgator.net in viaggio dal vostro smartphone o tablet, potete semplicemente scaricare l&#8217;applicazione fornita a tale scopo <a href=\"https:\/\/itunes.apple.com\/us\/app\/rapidgator-net-file-manager\/id1214212470?l=en&amp;ls=1&amp;mt=8\" target=\"_blank\" rel=\"noopener noreferrer\">su iTunes per dispositivi Apple<\/a> nonch\u00e9&nbsp; <a href=\"https:\/\/play.google.com\/store\/apps\/details?id=net.rapidgator&amp;hl=de\" target=\"_blank\" rel=\"noopener noreferrer\">im Google Play Store f\u00fcr mobile Ger\u00e4te, die auf dem Betriebssystem Android laufen.<\/a><\/p>\n<h2><span lang=\"de\">I vantaggi di un conto premi con Rapidgator<br><\/span><\/h2>\n<p>Con un account Premium \u00e8 possibile caricare e scaricare file su Rapidgator.net con una velocit\u00e0 straordinaria. \u00c8 inoltre possibile avviare il numero di download desiderato senza dover attendere in coda. Grazie alla larghezza di banda di un TB o pi\u00f9, i file fino a 5 GB di dimensione possono essere scaricati in modo estremamente rapido.<\/p>\n<p>Le tariffe pi\u00f9 basse iniziano a $14.99. Entrambe le tariffe offrono un abbonamento di 30 giorni e una larghezza di banda di TB. La differenza sta nella memorizzazione: mentre la prima tariffa Rapidgator Premium consente di memorizzare un numero illimitato di file che vengono cancellati 60 giorni dopo l&#8217;ultimo download, la seconda tariffa offre una memorizzazione massima di 3 TB. Nel secondo caso, i dati non vengono cancellati anche se non sono stati scaricati per 60 giorni.<\/p>\n<p>Con un abbonamento di 60 giorni a $29,99, il piano Rapidgator Premium consente anche di memorizzare fino a 3 TB di dati e godere di 2 TB di velocit\u00e0 superiore.<\/p>\n<p>La velocit\u00e0 \u00e8 ancora maggiore con l&#8217;abbonamento di 90 giorni, disponibile a 39,99 dollari. Nell&#8217;ambito di questa tariffa potete scaricare e caricare i file desiderati con una larghezza di banda fino a 4 TB con il vostro conto Rapidgator. \u00c8 possibile scegliere tra una tariffa con memoria illimitata, in cui si applica la regola dei 60 giorni, e una tariffa limitata con una capacit\u00e0 di memoria di 3 TB.<\/p>\n<p>Se si sceglie l&#8217;abbonamento di 180 giorni a $49,99, si pu\u00f2 godere di una velocit\u00e0 di 6 TB e caricare file illimitati che vengono memorizzati per un massimo di 60 giorni dopo l&#8217;ultimo download. L&#8217;abbonamento Rapidgator Premium di 180 giorni a $69,99 ti offre la stessa larghezza di banda e 3 TB di spazio di archiviazione illimitato.<\/p>\n<p>La velocit\u00e0 massima di 12 TB \u00e8 disponibile con l&#8217;abbonamento annuale, che \u00e8 disponibile a $99.99 in due diverse versioni. Potete scegliere tra l&#8217;abbonamento Rapidgator Premium con 10 TB di memoria e la tariffa Premium con memoria illimitata secondo la regola dei 60 giorni.<\/p>\n<h2><span lang=\"de\">La nostra conclusione su Rapidgator<br><\/span><\/h2>\n<p class=\"normal\"><span lang=\"de\">In qualit\u00e0 di uno dei maggiori fornitori nel settore dell&#8217;hosting e della condivisione di file, Rapidgator attribuisce grande importanza a un elevato livello di sicurezza. Anche la protezione dei dati e della vita privata sono molto importanti in questo contesto. Anche se il servizio clienti non \u00e8 disponibile telefonicamente, l&#8217;assistenza tedesca pu\u00f2 sempre fornire un&#8217;assistenza adeguata per tutti i problemi relativi all&#8217;account Rapidgator.<\/span><\/p>\n<p>Rapidgator si distingue soprattutto per la sua vasta gamma di prodotti: nell&#8217;ambito delle tariffe Rapidgator Premium \u00e8 possibile scegliere tra nove diversi abbonamenti. Questi offrono sia diverse velocit\u00e0, cos\u00ec come uno spazio di archiviazione diverso. \u00c8 possibile scegliere un account premium con spazio di archiviazione limitato o un account Rapidgator con spazio di archiviazione illimitato. Se si seleziona Rapidgator Premium con memoria illimitata, i dati vengono conservati per pi\u00f9 di 60 giorni solo se durante questo periodo \u00e8 stato effettuato uno scaricamento.<\/p>\n<p>Il sito \u00e8 anche facile da usare e permette all&#8217;utente di vedere tutto ci\u00f2 che \u00e8 importante in un colpo d&#8217;occhio.<\/p>\n<p>Alcuni utenti potrebbero essere interessati al programma bonus, che offre un modo per guadagnare denaro caricando dati, in modo da poter facilmente recuperare i soldi che si pagano per la tariffa Premium Rapidgator.<\/p>\n<p><a class=\"fasc-button fasc-size-xlarge fasc-type-glossy fasc-rounded-medium ico-fa fasc-ico-after fa-share\" style=\"background-color: #43585e; color: #ffffff;\" target=\"_blank\" rel=\"nofollow noopener noreferrer\" href=\"https:\/\/multihoster.org\/rapidgator\/goto\/\">Acquista un conto Premium<\/a><\/p>","protected":false},"excerpt":{"rendered":"<p>Non siamo affiliati, associati, autorizzati, approvati da, o in qualsiasi modo ufficialmente connessi con Rapidgator.net Dal 2010 Filehoster Rapidgator opera<\/p>\n","protected":false},"author":2,"featured_media":0,"parent":0,"menu_order":0,"comment_status":"closed","ping_status":"closed","template":"","meta":[],"yoast_head":"<!-- This site is optimized with the Yoast SEO plugin v18.3 - https:\/\/yoast.com\/wordpress\/plugins\/seo\/ -->\n<title>lll\u25b7 Rapidgator Premium Account serio o no +++ Test su Multihoster.org<\/title>\n<meta name=\"description\" content=\"Se Rapidgator un fornitore affidabile o meno, potete trovare la risposta nel test corrente su Multihoster.org \u279c Ora cliccate su \u271a per leggere le nostre esperienze!\" \/>\n<meta name=\"robots\" content=\"index, follow, max-snippet:-1, max-image-preview:large, max-video-preview:-1\" \/>\n<link rel=\"canonical\" href=\"https:\/\/multihoster.org\/it\/rapidgator2\/\" \/>\n<meta property=\"og:locale\" content=\"it_IT\" \/>\n<meta property=\"og:type\" content=\"article\" \/>\n<meta property=\"og:title\" content=\"lll\u25b7 Rapidgator Premium Account serio o no +++ Test su Multihoster.org\" \/>\n<meta property=\"og:description\" content=\"Se Rapidgator un fornitore affidabile o meno, potete trovare la risposta nel test corrente su Multihoster.org \u279c Ora cliccate su \u271a per leggere le nostre esperienze!\" \/>\n<meta property=\"og:url\" content=\"https:\/\/multihoster.org\/it\/rapidgator2\/\" \/>\n<meta property=\"og:site_name\" content=\"Multihoster.org\" \/>\n<meta property=\"article:modified_time\" content=\"2020-10-28T09:30:07+00:00\" \/>\n<meta property=\"og:image\" content=\"https:\/\/multihoster.org\/wp-content\/uploads\/2020\/06\/rapidgator_logo.png\" \/>\n<meta name=\"twitter:card\" content=\"summary\" \/>\n<meta name=\"twitter:label1\" content=\"Tempo di lettura stimato\" \/>\n\t<meta name=\"twitter:data1\" content=\"7 minuti\" \/>\n<script type=\"application\/ld+json\" class=\"yoast-schema-graph\">{\"@context\":\"https:\/\/schema.org\",\"@graph\":[{\"@type\":\"WebSite\",\"@id\":\"https:\/\/multihoster.org\/#website\",\"url\":\"https:\/\/multihoster.org\/\",\"name\":\"Multihoster.org\",\"description\":\"Reviews of the major Filehosting services\",\"potentialAction\":[{\"@type\":\"SearchAction\",\"target\":{\"@type\":\"EntryPoint\",\"urlTemplate\":\"https:\/\/multihoster.org\/?s={search_term_string}\"},\"query-input\":\"required name=search_term_string\"}],\"inLanguage\":\"it-IT\"},{\"@type\":\"ImageObject\",\"@id\":\"https:\/\/multihoster.org\/it\/rapidgator2\/#primaryimage\",\"inLanguage\":\"it-IT\",\"url\":\"https:\/\/multihoster.org\/wp-content\/uploads\/2020\/06\/rapidgator_logo.png\",\"contentUrl\":\"https:\/\/multihoster.org\/wp-content\/uploads\/2020\/06\/rapidgator_logo.png\",\"width\":363,\"height\":62,\"caption\":\"rapidgator_logo\"},{\"@type\":\"WebPage\",\"@id\":\"https:\/\/multihoster.org\/it\/rapidgator2\/#webpage\",\"url\":\"https:\/\/multihoster.org\/it\/rapidgator2\/\",\"name\":\"lll\u25b7 Rapidgator Premium Account serio o no +++ Test su Multihoster.org\",\"isPartOf\":{\"@id\":\"https:\/\/multihoster.org\/#website\"},\"primaryImageOfPage\":{\"@id\":\"https:\/\/multihoster.org\/it\/rapidgator2\/#primaryimage\"},\"datePublished\":\"2018-05-22T17:20:32+00:00\",\"dateModified\":\"2020-10-28T09:30:07+00:00\",\"description\":\"Se Rapidgator un fornitore affidabile o meno, potete trovare la risposta nel test corrente su Multihoster.org \u279c Ora cliccate su \u271a per leggere le nostre esperienze!\",\"breadcrumb\":{\"@id\":\"https:\/\/multihoster.org\/it\/rapidgator2\/#breadcrumb\"},\"inLanguage\":\"it-IT\",\"potentialAction\":[{\"@type\":\"ReadAction\",\"target\":[\"https:\/\/multihoster.org\/it\/rapidgator2\/\"]}]},{\"@type\":\"BreadcrumbList\",\"@id\":\"https:\/\/multihoster.org\/it\/rapidgator2\/#breadcrumb\",\"itemListElement\":[{\"@type\":\"ListItem\",\"position\":1,\"name\":\"Startseite\",\"item\":\"https:\/\/multihoster.org\/it\/\"},{\"@type\":\"ListItem\",\"position\":2,\"name\":\"Rapidgator Premium Account &#8211; Il Filehoster in sintesi\"}]}]}<\/script>\n<!-- \/ Yoast SEO plugin. -->","yoast_head_json":{"title":"lll\u25b7 Rapidgator Premium Account serio o no +++ Test su Multihoster.org","description":"Se Rapidgator un fornitore affidabile o meno, potete trovare la risposta nel test corrente su Multihoster.org \u279c Ora cliccate su \u271a per leggere le nostre esperienze!","robots":{"index":"index","follow":"follow","max-snippet":"max-snippet:-1","max-image-preview":"max-image-preview:large","max-video-preview":"max-video-preview:-1"},"canonical":"https:\/\/multihoster.org\/it\/rapidgator2\/","og_locale":"it_IT","og_type":"article","og_title":"lll\u25b7 Rapidgator Premium Account serio o no +++ Test su Multihoster.org","og_description":"Se Rapidgator un fornitore affidabile o meno, potete trovare la risposta nel test corrente su Multihoster.org \u279c Ora cliccate su \u271a per leggere le nostre esperienze!","og_url":"https:\/\/multihoster.org\/it\/rapidgator2\/","og_site_name":"Multihoster.org","article_modified_time":"2020-10-28T09:30:07+00:00","og_image":[{"url":"https:\/\/multihoster.org\/wp-content\/uploads\/2020\/06\/rapidgator_logo.png"}],"twitter_card":"summary","twitter_misc":{"Tempo di lettura stimato":"7 minuti"},"schema":{"@context":"https:\/\/schema.org","@graph":[{"@type":"WebSite","@id":"https:\/\/multihoster.org\/#website","url":"https:\/\/multihoster.org\/","name":"Multihoster.org","description":"Reviews of the major Filehosting services","potentialAction":[{"@type":"SearchAction","target":{"@type":"EntryPoint","urlTemplate":"https:\/\/multihoster.org\/?s={search_term_string}"},"query-input":"required name=search_term_string"}],"inLanguage":"it-IT"},{"@type":"ImageObject","@id":"https:\/\/multihoster.org\/it\/rapidgator2\/#primaryimage","inLanguage":"it-IT","url":"https:\/\/multihoster.org\/wp-content\/uploads\/2020\/06\/rapidgator_logo.png","contentUrl":"https:\/\/multihoster.org\/wp-content\/uploads\/2020\/06\/rapidgator_logo.png","width":363,"height":62,"caption":"rapidgator_logo"},{"@type":"WebPage","@id":"https:\/\/multihoster.org\/it\/rapidgator2\/#webpage","url":"https:\/\/multihoster.org\/it\/rapidgator2\/","name":"lll\u25b7 Rapidgator Premium Account serio o no +++ Test su Multihoster.org","isPartOf":{"@id":"https:\/\/multihoster.org\/#website"},"primaryImageOfPage":{"@id":"https:\/\/multihoster.org\/it\/rapidgator2\/#primaryimage"},"datePublished":"2018-05-22T17:20:32+00:00","dateModified":"2020-10-28T09:30:07+00:00","description":"Se Rapidgator un fornitore affidabile o meno, potete trovare la risposta nel test corrente su Multihoster.org \u279c Ora cliccate su \u271a per leggere le nostre esperienze!","breadcrumb":{"@id":"https:\/\/multihoster.org\/it\/rapidgator2\/#breadcrumb"},"inLanguage":"it-IT","potentialAction":[{"@type":"ReadAction","target":["https:\/\/multihoster.org\/it\/rapidgator2\/"]}]},{"@type":"BreadcrumbList","@id":"https:\/\/multihoster.org\/it\/rapidgator2\/#breadcrumb","itemListElement":[{"@type":"ListItem","position":1,"name":"Startseite","item":"https:\/\/multihoster.org\/it\/"},{"@type":"ListItem","position":2,"name":"Rapidgator Premium Account &#8211; Il Filehoster in sintesi"}]}]}},"_links":{"self":[{"href":"https:\/\/multihoster.org\/it\/wp-json\/wp\/v2\/pages\/417"}],"collection":[{"href":"https:\/\/multihoster.org\/it\/wp-json\/wp\/v2\/pages"}],"about":[{"href":"https:\/\/multihoster.org\/it\/wp-json\/wp\/v2\/types\/page"}],"author":[{"embeddable":true,"href":"https:\/\/multihoster.org\/it\/wp-json\/wp\/v2\/users\/2"}],"replies":[{"embeddable":true,"href":"https:\/\/multihoster.org\/it\/wp-json\/wp\/v2\/comments?post=417"}],"version-history":[{"count":9,"href":"https:\/\/multihoster.org\/it\/wp-json\/wp\/v2\/pages\/417\/revisions"}],"predecessor-version":[{"id":4753,"href":"https:\/\/multihoster.org\/it\/wp-json\/wp\/v2\/pages\/417\/revisions\/4753"}],"wp:attachment":[{"href":"https:\/\/multihoster.org\/it\/wp-json\/wp\/v2\/media?parent=417"}],"curies":[{"name":"wp","href":"https:\/\/api.w.org\/{rel}","templated":true}]}}