{"id":4195,"date":"2020-04-22T09:42:02","date_gmt":"2020-04-22T09:42:02","guid":{"rendered":"https:\/\/multihoster.org\/easybytez-2\/"},"modified":"2020-04-22T10:35:14","modified_gmt":"2020-04-22T10:35:14","slug":"easybytez-2","status":"publish","type":"page","link":"https:\/\/multihoster.org\/it\/easybytez-2\/","title":{"rendered":"Easybytez Premium Conto: Il Filehoster In Sintesi"},"content":{"rendered":"\n<figure class=\"wp-block-image\"><img src=\"https:\/\/lh3.googleusercontent.com\/7sfcXzV_u2BPeouW-wuBjXqm-MqY932QRkL-JyOSuK8zPkTenI_E2y9N1CSskXlVvXUk4p9xSKJGO8Sf6Ih44wVJ_hMs6n57ybNKpCeG-IQrrKkupcu--8JouUcWxCYFXSUN36E\" alt=\"Easybytez logo\"\/><\/figure>\n\n\n\n<p>Easybytez \u00e8 un fornitore di file hosting che offre download e upload di file in qualsiasi momento e ovunque. Molti tipi di file sono supportati per il caricamento come foto, video, documenti e file archiviati. A differenza di altri hoster di file pi\u00f9 costosi, complessi e complicati, Easybytez \u00e8 all&#8217;altezza del suo nome, portando il file hosting facile e premium sulla punta delle dita.  \u00c8 possibile caricare e scaricare gratuitamente i file da Easybytez, tuttavia, se desiderate provare il servizio di account premium di Easybytez e sfruttare le funzionalit\u00e0 che offre, la registrazione di un account premium \u00e8 molto semplice. A partire da soli 3,99 dollari, potete sfruttare al meglio l&#8217;account premium di Easybytez per 7 giorni. Puoi scaricare file da pi\u00f9 host, avere un tempo di archiviazione illimitato per i tuoi file, mettere in pausa e riprendere i download, cruscotto senza pubblicit\u00e0 e saltare le captchas. Ci\u00f2 che distingue l&#8217;account premium di Easybytez dagli altri siti web \u00e8 che puoi beneficiare di tutti questi vantaggi senza preoccuparti della sicurezza e della protezione dei tuoi file. Rispetto ai pi\u00f9 popolari fornitori di file hosting su internet, il servizio di Easybytez \u00e8 pi\u00f9 economico con un margine enorme e offre quasi le stesse caratteristiche che si trovano su quei siti web.<\/p>\n\n\n<a class=\"maxbutton-2 maxbutton maxbutton-cta\" target=\"_blank\" rel=\"nofollow noopener\" href=\"\/go\/\"><span class='mb-text'>&gt;&gt; Vai al sito web originale di Linkifier<\/span><\/a>\n\n\n<p><\/p>\n\n\n\n<h2>LE CARATTERISTICHE DEL CONTO PREMIUM EASYBYTEZ<\/h2>\n\n\n\n<h3>INTERFACCIA USER-FRIENDLY<\/h3>\n\n\n\n<p>Con un&#8217;interfaccia utente facile da usare e da comprendere, caricare e scaricare i vostri file sul <a rel=\"noreferrer noopener\" aria-label=\"cloud storage (opens in a new tab)\" href=\"https:\/\/www.techopedia.com\/definition\/26535\/cloud-storage\" target=\"_blank\">cloud storage<\/a> di Easybyte \u00e8 stato reso facile.  L&#8217;utilizzo di un account premium vi permetter\u00e0 di caricare e scaricare in modo semplice e veloce, senza il fastidio di dover passare attraverso diversi link o fastidiosi annunci pubblicitari. Per caricare un file, potete trascinare i vostri file sul vostro browser e il caricamento si avvier\u00e0 automaticamente. I download con un solo clic sono disponibili per i vostri file, facilmente accessibili attraverso il vostro profilo. Potete condividere questo link con chiunque desideriate, ma avete a disposizione un tempo limitato per scaricare e accedere al vostro file prima che il link scompaia e sia necessario generarne un altro. Potete anche ordinare e organizzare facilmente i vostri file caricati per categorie come dimensione del file, data di caricamento o tipo di file, riducendo cos\u00ec al minimo il tempo necessario per cercare un determinato file nel caso in cui ne abbiate bisogno. Il sito web di Easybytez \u00e8 facilmente accessibile a chiunque, purch\u00e9 sia collegato a internet attraverso il proprio personal computer o dispositivo mobile. Ad esempio, quando si deve trasferire un file dal proprio personal computer di casa a un altro dispositivo dell&#8217;ufficio al lavoro, \u00e8 sufficiente caricarlo a casa e accedervi facilmente e scaricare il file da un altro computer con pochi semplici clic.<\/p>\n\n\n\n<h3>DURATA ILLIMITATA DI ARCHIVIAZIONE DEI FILE<\/h3>\n\n\n\n<p>Con un account gratuito, tutti i file caricati verranno memorizzati sui server per un massimo di sette giorni, dopodich\u00e9 verranno cancellati per sempre. Tuttavia, se si lavora su file di grandi dimensioni che necessitano di essere memorizzati o di un backup remoto per lunghi periodi di tempo, l&#8217;utilizzo di un account premium vi permetter\u00e0 di utilizzare i server di archiviazione cloud di Easybytez come backup secondario per questi file. Le aziende e le piccole imprese che sono alla ricerca di un backup remoto per i loro file critici possono trarre il massimo vantaggio da queste funzionalit\u00e0. Oggigiorno \u00e8 necessario disporre di una soluzione di backup affidabile. Quando avete accidentalmente cancellato un file importante sul vostro computer o dispositivo, potete facilmente accedere e recuperarlo dai server cloud. Siate certi che i file che avete caricato non verranno mai eliminati e sono sempre al sicuro, purch\u00e9 effettuiate il login al vostro account premium almeno una volta ogni 30 giorni.<\/p>\n\n\n\n<h3>VELOCIT\u00c0 MASSIME DI UPLOAD E DOWNLOAD<\/h3>\n\n\n\n<p>Le velocit\u00e0 massime di download sono disponibili anche per gli account premium per garantire un trasferimento veloce di file come documenti, foto o video. Gli account premium hanno anche il diritto di avere delle priorit\u00e0 quando si tratta di scaricare un file. Non dovrete mai aspettare per scaricare i file di cui avete bisogno e tutto pu\u00f2 essere fatto con un solo clic, mentre gli utenti gratuiti hanno restrizioni come il download di un solo file in qualsiasi momento. Le velocit\u00e0 massime di trasferimento dei file sono incluse anche nell&#8217;account premium, consentendovi di caricare pi\u00f9 file in un breve periodo di tempo. L&#8217;uso dei gestori di download \u00e8 consentito anche agli utenti premium per garantire che si utilizzi la massima velocit\u00e0 fornita dal proprio fornitore di servizi e consente di <a rel=\"noreferrer noopener\" aria-label=\"organizzare i download (opens in a new tab)\" href=\"https:\/\/encyclopedia2.thefreedictionary.com\/download+manager\" target=\"_blank\">organizzare i download<\/a> in modo conveniente per voi. Gli utenti gratuiti possono caricare solo 1 file alla volta con un limite di 200 mb per file, mentre gli utenti premium possono caricare pi\u00f9 file alla volta, con una dimensione massima di 5gb per file.<\/p>\n\n\n\n<h3>DOWNLOAD MULTIPLI E RIPRESA DEI DOWNLOAD<\/h3>\n\n\n\n<p>Gli utenti dell&#8217;account premium Easybytez possono scaricare pi\u00f9 file contemporaneamente. Senza dover aspettare che un file finisca il download, \u00e8 possibile iniziare a scaricare file enormi e scaricarne immediatamente un altro. In questo modo risparmierete tempo se state scaricando file di grandi dimensioni, come ad esempio video che sono divisi in pi\u00f9 file. \u00c8 possibile riprendere il download anche quando si \u00e8 abbonati a un piano premium. Nel caso in cui si debba sospendere il download di un file, la prossima volta che si riprende il download del file, questo inizier\u00e0 esattamente dove lo si \u00e8 lasciato, anche se si \u00e8 spento il computer ed \u00e8 uscito dal browser. La comodit\u00e0 di dover riprendere il download dei file \u00e8 a vostra disposizione quando vi avvalete dell&#8217;account premium di Easybyte. Gli utenti dell&#8217;account premium possono caricare fino a 5 gb per file, che possono essere memorizzati a tempo indeterminato nei server cloud di Easybytez.<\/p>\n\n\n<a class=\"maxbutton-2 maxbutton maxbutton-cta\" target=\"_blank\" rel=\"nofollow noopener\" href=\"\/go\/\"><span class='mb-text'>&gt;&gt; Vai al sito web originale di Linkifier<\/span><\/a>\n\n\n<p><\/p>\n\n\n\n<h3>PUBBLICIT\u00c0 E INTERFACCIA SENZA CAPTCHA<\/h3>\n\n\n\n<p>La maggior parte dei siti web hanno annunci pubblicitari a sostegno del suo finanziamento per mantenerlo attivo e funzionante. I <a rel=\"noreferrer noopener\" aria-label=\"CAPTCHA  (opens in a new tab)\" href=\"https:\/\/techterms.com\/definition\/captcha\" target=\"_blank\">CAPTCHA <\/a>sono implementati per impedire ai bot di spammare i download e gli upload di contenuti sui server. Gli utenti di account premium hanno il privilegio di un&#8217;interfaccia senza pubblicit\u00e0 e non hanno bisogno di rispondere a captchas per iniziare a caricare o scaricare file. Questo assicura che gli utenti liberi non interferiscano e non sovraccarichino le <a rel=\"noreferrer noopener\" aria-label=\"capacit\u00e0 di banda (opens in a new tab)\" href=\"https:\/\/techterms.com\/definition\/bandwidth\" target=\"_blank\">capacit\u00e0 di banda<\/a> del server e fornisce agli account premium la priorit\u00e0 quando si tratta di scaricare file.<\/p>\n\n\n\n<h3>HOSTING DI FILE A BASSO COSTO MA SICURO<\/h3>\n\n\n\n<p>Le password possono essere utilizzate per proteggere i vostri file personali come foto e video. Gli altri utenti possono cercare e scaricare file da chiunque in tutto il mondo e, inserendo una password sicura nei vostri file, non possono scaricarli senza la vostra password e il vostro permesso. Durante il caricamento e il download di file vengono utilizzati metodi di sicurezza estesi per evitare comportamenti non necessari e intrusivi. In caso di un accesso non familiare al vostro account, (come l&#8217;accesso da un dispositivo che di solito non utilizzate o da un indirizzo IP non riconosciuto) vi verr\u00e0 inviata un&#8217;e-mail di conferma per confermare la vostra identit\u00e0.<\/p>\n\n\n\n<p>Nessun altro servizio di file hosting si avvicina alle caratteristiche dell&#8217;account premium di EasyBytez.Metodi di pagamento flessibili sono disponibili se si dispone di un account premium. A partire da $3,99, \u00e8 possibile utilizzare tutti i vantaggi di essere titolare di un account premium per 7 giorni. Rinnovando il tuo abbonamento otterrai uno sconto e, avvalendoti di un account premium di durata superiore, potrai usufruire di sconti fino al 25%. Il pagamento del premio EasyBytez \u00e8 sicuro e immediato. La maggior parte delle carte di credito come Mastercard, Visa, Citibank o American Express sono accettate alla pagina dei pagamenti. Ci sono anche diversi fornitori di pagamento disponibili sul sito web, nel caso in cui li troviate pi\u00f9 convenienti dei metodi di pagamento tradizionali. Il pagamento effettuato sul sito web di Easybytez \u00e8 veloce e sicuro.<\/p>\n\n\n\n<h2>CONTO GRATUITO CONTRO UN CONTO PREMIUM<\/h2>\n\n\n\n<figure class=\"wp-block-table\"><table class=\"\"><tbody><tr><td>CARATTERISTICHE<\/td><td>GRATIS<\/td><td>PREMIUM<\/td><\/tr><tr><td>VELOCIT\u00c0 DI SCARICO<\/td><td>300Kb\/s<\/td><td>ILLIMITATO<\/td><\/tr><tr><td>BANDWIDTH<\/td><td>LIMITATO<\/td><td>MASSIMO<\/td><\/tr><tr><td>ANNUNCI E CAPTCHA<\/td><td>S\u00cc<\/td><td>NO<\/td><\/tr><tr><td>NUMERO DI FILE PER OGNI DOWNLOAD<\/td><td>1 AL TEMPO<\/td><td>FINO A 5 FILE<\/td><\/tr><tr><td>CAPACIT\u00c0 DI DOWNLOAD<\/td><td>1GB\/HOUR<\/td><td>ILLIMITATO<\/td><\/tr><tr><td>DIMENSIONE MASSIMA DEL FILE DA CARICARE<\/td><td>200MB<\/td><td>5GB<\/td><\/tr><tr><td>RIPRESA DEI DOWNLOAD<\/td><td>NO<\/td><td>CONSENTITO<\/td><\/tr><tr><td>SUPPORTO PER I RESPONSABILI DEL DOWNLOAD<\/td><td>NO<\/td><td>S\u00cc<\/td><\/tr><tr><td>DOWNLOAD ISTANTANEO<\/td><td>NO<\/td><td>S\u00cc<\/td><\/tr><\/tbody><\/table><\/figure>\n\n\n\n<h2>UTILIZZARE UN CONTO PREMIUM \u00c8 FACILE<\/h2>\n\n\n\n<p>E&#8217; facile avvalersi di un conto premium se si sceglie di farlo. Sul sito web di Easybytez basta cliccare sulla scheda PREMIUM che si trova nella parte superiore della pagina web. Questo vi porter\u00e0 alla pagina di registrazione. Compilate le informazioni necessarie e importanti, scegliete la durata dell&#8217;abbonamento e vi verranno fornite le modalit\u00e0 di pagamento. Vi sar\u00e0 inoltre inviata un&#8217;e-mail per la conferma della vostra registrazione insieme ai dati del vostro account. <\/p>\n\n\n\n<figure class=\"wp-block-image\"><img src=\"https:\/\/lh6.googleusercontent.com\/XbpNEtdZIwyLYqDb6VDaBfktDsH_4QFTTdxK_4JYpbvaryOdF2KqUAK-mJm6sfLFfUWbYCA6ESdCTpwelxYWwg-yFOp_ZxStE14vbCRgj9fgS39BWocuoHNxqQ6zg72MQWdCtR4\" alt=\"Easybytez premium account link\"\/><\/figure>\n\n\n\n<figure class=\"wp-block-image\"><img src=\"https:\/\/lh5.googleusercontent.com\/w3uqvoyy9XNtC6Gd_seRXm2oGWEmKi9Mgm6elv3umo3eQ21EWsymgjp7gS_iNMI6MmNeKs1TVuH51iGm-5J8wp2fZe_1xg9jIoQedv6-J-ef4xSrfmIu3ZaBJS4TGozQnE8Tqic\" alt=\"Easybytez user registration form\"\/><\/figure>\n\n\n\n<p>Il pagamento con carta di credito \u00e8 consigliato in quanto \u00e8 veloce, sicuro e il pi\u00f9 delle volte il pagamento \u00e8 istantaneo. Tuttavia, se non si dispone di una carta di credito, si consiglia anche il pagamento tramite Paypal. I metodi di pagamento e i piani di abbonamento sono elencati di seguito.<\/p>\n\n\n\n<figure class=\"wp-block-table\"><table class=\"\"><tbody><tr><td>Premio di 7 giorni<\/td><td>Premio di 30 giorni<\/td><td>Premio di 90 giorni<\/td><td>Premio di 7 giorni<\/td><td>Premio di 365 giorni<\/td><\/tr><tr><td>$3.99<\/td><td>$7.99<\/td><td>$17.99<\/td><td>$29.99<\/td><td>$54.99<\/td><\/tr><\/tbody><\/table><\/figure>\n\n\n\n<figure class=\"wp-block-image\"><img src=\"https:\/\/lh6.googleusercontent.com\/2cW4_B8fAFVEit8qPeWTkTYLv4VYbm0HSLnm24RPfRMPZE0-CoeF2ejrZosb5aF8Hp2KpD2A4cVupO70JC4qqYKNHpEjXqRR-Zwi1DlPI7vLdXl19eGEocdHHKHH5q2xjL_Mtek\" alt=\"Easybytez payment methods\"\/><\/figure>\n\n\n\n<h2>EASYBYTEZ \u00c8 SICURO?<\/h2>\n\n\n\n<p>Easybytez garantisce che tutte le informazioni condivise dai suoi utenti, come i dati della carta di credito o il tuo indirizzo e-mail, siano al sicuro. Tutte le informazioni in loro possesso non vengono mai condivise con nessuno. Anche i file che hai caricato sono protetti e protetti contro gli hacker che tentano di accedere ai tuoi file senza il tuo consenso. Protocolli avanzati di crittografia dei file e di sicurezza sono implementati per proteggere voi e la privacy dei vostri file. Mentre \u00e8 consentito caricare qualsiasi file sui server, viene avviata una scansione iniziale dei file per rintracciare malware o attivit\u00e0 sospette.  Viene inoltre implementata una manutenzione costante per prevenire la perdita di dati. Tutti i file caricati e memorizzati nei server sono di propriet\u00e0 dell&#8217;utente e Easybytez non interferisce in alcun modo. Potete sempre fidarvi dei metodi di sicurezza di Easybytez per risparmiare tempo e costi per le vostre esigenze di backup e archiviazione online.<\/p>\n\n\n<a class=\"maxbutton-2 maxbutton maxbutton-cta\" target=\"_blank\" rel=\"nofollow noopener\" href=\"\/go\/\"><span class='mb-text'>&gt;&gt; Vai al sito web originale di Linkifier<\/span><\/a>\n\n\n<p><\/p>\n","protected":false},"excerpt":{"rendered":"<p>Easybytez \u00e8 un fornitore di file hosting che offre download e upload di file in qualsiasi momento e ovunque. Molti<\/p>\n","protected":false},"author":2,"featured_media":0,"parent":0,"menu_order":0,"comment_status":"closed","ping_status":"closed","template":"","meta":[],"yoast_head":"<!-- This site is optimized with the Yoast SEO plugin v18.3 - https:\/\/yoast.com\/wordpress\/plugins\/seo\/ -->\n<title>Easybytez Premium Conto: Il Filehoster In Sintesi<\/title>\n<meta name=\"description\" content=\"Easybytez \u00e8 un fornitore affidabile o no, potete trovare la risposta nel test in corso su Multihoster.org \u279c Cliccate ora \u271a per leggere le nostre esperienze!\" \/>\n<meta name=\"robots\" content=\"index, follow, max-snippet:-1, max-image-preview:large, max-video-preview:-1\" \/>\n<link rel=\"canonical\" href=\"https:\/\/multihoster.org\/it\/easybytez-2\/\" \/>\n<meta property=\"og:locale\" content=\"it_IT\" \/>\n<meta property=\"og:type\" content=\"article\" \/>\n<meta property=\"og:title\" content=\"Easybytez Premium Conto: Il Filehoster In Sintesi\" \/>\n<meta property=\"og:description\" content=\"Easybytez \u00e8 un fornitore affidabile o no, potete trovare la risposta nel test in corso su Multihoster.org \u279c Cliccate ora \u271a per leggere le nostre esperienze!\" \/>\n<meta property=\"og:url\" content=\"https:\/\/multihoster.org\/it\/easybytez-2\/\" \/>\n<meta property=\"og:site_name\" content=\"Multihoster.org\" \/>\n<meta property=\"article:modified_time\" content=\"2020-04-22T10:35:14+00:00\" \/>\n<meta property=\"og:image\" content=\"https:\/\/lh3.googleusercontent.com\/7sfcXzV_u2BPeouW-wuBjXqm-MqY932QRkL-JyOSuK8zPkTenI_E2y9N1CSskXlVvXUk4p9xSKJGO8Sf6Ih44wVJ_hMs6n57ybNKpCeG-IQrrKkupcu--8JouUcWxCYFXSUN36E\" \/>\n<meta name=\"twitter:card\" content=\"summary\" \/>\n<meta name=\"twitter:label1\" content=\"Tempo di lettura stimato\" \/>\n\t<meta name=\"twitter:data1\" content=\"8 minuti\" \/>\n<script type=\"application\/ld+json\" class=\"yoast-schema-graph\">{\"@context\":\"https:\/\/schema.org\",\"@graph\":[{\"@type\":\"WebSite\",\"@id\":\"https:\/\/multihoster.org\/#website\",\"url\":\"https:\/\/multihoster.org\/\",\"name\":\"Multihoster.org\",\"description\":\"Reviews of the major Filehosting services\",\"potentialAction\":[{\"@type\":\"SearchAction\",\"target\":{\"@type\":\"EntryPoint\",\"urlTemplate\":\"https:\/\/multihoster.org\/?s={search_term_string}\"},\"query-input\":\"required name=search_term_string\"}],\"inLanguage\":\"it-IT\"},{\"@type\":\"ImageObject\",\"@id\":\"https:\/\/multihoster.org\/it\/easybytez-2\/#primaryimage\",\"inLanguage\":\"it-IT\",\"url\":\"https:\/\/lh3.googleusercontent.com\/7sfcXzV_u2BPeouW-wuBjXqm-MqY932QRkL-JyOSuK8zPkTenI_E2y9N1CSskXlVvXUk4p9xSKJGO8Sf6Ih44wVJ_hMs6n57ybNKpCeG-IQrrKkupcu--8JouUcWxCYFXSUN36E\",\"contentUrl\":\"https:\/\/lh3.googleusercontent.com\/7sfcXzV_u2BPeouW-wuBjXqm-MqY932QRkL-JyOSuK8zPkTenI_E2y9N1CSskXlVvXUk4p9xSKJGO8Sf6Ih44wVJ_hMs6n57ybNKpCeG-IQrrKkupcu--8JouUcWxCYFXSUN36E\"},{\"@type\":\"WebPage\",\"@id\":\"https:\/\/multihoster.org\/it\/easybytez-2\/#webpage\",\"url\":\"https:\/\/multihoster.org\/it\/easybytez-2\/\",\"name\":\"Easybytez Premium Conto: Il Filehoster In Sintesi\",\"isPartOf\":{\"@id\":\"https:\/\/multihoster.org\/#website\"},\"primaryImageOfPage\":{\"@id\":\"https:\/\/multihoster.org\/it\/easybytez-2\/#primaryimage\"},\"datePublished\":\"2020-04-22T09:42:02+00:00\",\"dateModified\":\"2020-04-22T10:35:14+00:00\",\"description\":\"Easybytez \u00e8 un fornitore affidabile o no, potete trovare la risposta nel test in corso su Multihoster.org \u279c Cliccate ora \u271a per leggere le nostre esperienze!\",\"breadcrumb\":{\"@id\":\"https:\/\/multihoster.org\/it\/easybytez-2\/#breadcrumb\"},\"inLanguage\":\"it-IT\",\"potentialAction\":[{\"@type\":\"ReadAction\",\"target\":[\"https:\/\/multihoster.org\/it\/easybytez-2\/\"]}]},{\"@type\":\"BreadcrumbList\",\"@id\":\"https:\/\/multihoster.org\/it\/easybytez-2\/#breadcrumb\",\"itemListElement\":[{\"@type\":\"ListItem\",\"position\":1,\"name\":\"Startseite\",\"item\":\"https:\/\/multihoster.org\/it\/\"},{\"@type\":\"ListItem\",\"position\":2,\"name\":\"Easybytez Premium Conto: Il Filehoster In Sintesi\"}]}]}<\/script>\n<!-- \/ Yoast SEO plugin. -->","yoast_head_json":{"title":"Easybytez Premium Conto: Il Filehoster In Sintesi","description":"Easybytez \u00e8 un fornitore affidabile o no, potete trovare la risposta nel test in corso su Multihoster.org \u279c Cliccate ora \u271a per leggere le nostre esperienze!","robots":{"index":"index","follow":"follow","max-snippet":"max-snippet:-1","max-image-preview":"max-image-preview:large","max-video-preview":"max-video-preview:-1"},"canonical":"https:\/\/multihoster.org\/it\/easybytez-2\/","og_locale":"it_IT","og_type":"article","og_title":"Easybytez Premium Conto: Il Filehoster In Sintesi","og_description":"Easybytez \u00e8 un fornitore affidabile o no, potete trovare la risposta nel test in corso su Multihoster.org \u279c Cliccate ora \u271a per leggere le nostre esperienze!","og_url":"https:\/\/multihoster.org\/it\/easybytez-2\/","og_site_name":"Multihoster.org","article_modified_time":"2020-04-22T10:35:14+00:00","og_image":[{"url":"https:\/\/lh3.googleusercontent.com\/7sfcXzV_u2BPeouW-wuBjXqm-MqY932QRkL-JyOSuK8zPkTenI_E2y9N1CSskXlVvXUk4p9xSKJGO8Sf6Ih44wVJ_hMs6n57ybNKpCeG-IQrrKkupcu--8JouUcWxCYFXSUN36E"}],"twitter_card":"summary","twitter_misc":{"Tempo di lettura stimato":"8 minuti"},"schema":{"@context":"https:\/\/schema.org","@graph":[{"@type":"WebSite","@id":"https:\/\/multihoster.org\/#website","url":"https:\/\/multihoster.org\/","name":"Multihoster.org","description":"Reviews of the major Filehosting services","potentialAction":[{"@type":"SearchAction","target":{"@type":"EntryPoint","urlTemplate":"https:\/\/multihoster.org\/?s={search_term_string}"},"query-input":"required name=search_term_string"}],"inLanguage":"it-IT"},{"@type":"ImageObject","@id":"https:\/\/multihoster.org\/it\/easybytez-2\/#primaryimage","inLanguage":"it-IT","url":"https:\/\/lh3.googleusercontent.com\/7sfcXzV_u2BPeouW-wuBjXqm-MqY932QRkL-JyOSuK8zPkTenI_E2y9N1CSskXlVvXUk4p9xSKJGO8Sf6Ih44wVJ_hMs6n57ybNKpCeG-IQrrKkupcu--8JouUcWxCYFXSUN36E","contentUrl":"https:\/\/lh3.googleusercontent.com\/7sfcXzV_u2BPeouW-wuBjXqm-MqY932QRkL-JyOSuK8zPkTenI_E2y9N1CSskXlVvXUk4p9xSKJGO8Sf6Ih44wVJ_hMs6n57ybNKpCeG-IQrrKkupcu--8JouUcWxCYFXSUN36E"},{"@type":"WebPage","@id":"https:\/\/multihoster.org\/it\/easybytez-2\/#webpage","url":"https:\/\/multihoster.org\/it\/easybytez-2\/","name":"Easybytez Premium Conto: Il Filehoster In Sintesi","isPartOf":{"@id":"https:\/\/multihoster.org\/#website"},"primaryImageOfPage":{"@id":"https:\/\/multihoster.org\/it\/easybytez-2\/#primaryimage"},"datePublished":"2020-04-22T09:42:02+00:00","dateModified":"2020-04-22T10:35:14+00:00","description":"Easybytez \u00e8 un fornitore affidabile o no, potete trovare la risposta nel test in corso su Multihoster.org \u279c Cliccate ora \u271a per leggere le nostre esperienze!","breadcrumb":{"@id":"https:\/\/multihoster.org\/it\/easybytez-2\/#breadcrumb"},"inLanguage":"it-IT","potentialAction":[{"@type":"ReadAction","target":["https:\/\/multihoster.org\/it\/easybytez-2\/"]}]},{"@type":"BreadcrumbList","@id":"https:\/\/multihoster.org\/it\/easybytez-2\/#breadcrumb","itemListElement":[{"@type":"ListItem","position":1,"name":"Startseite","item":"https:\/\/multihoster.org\/it\/"},{"@type":"ListItem","position":2,"name":"Easybytez Premium Conto: Il Filehoster In Sintesi"}]}]}},"_links":{"self":[{"href":"https:\/\/multihoster.org\/it\/wp-json\/wp\/v2\/pages\/4195"}],"collection":[{"href":"https:\/\/multihoster.org\/it\/wp-json\/wp\/v2\/pages"}],"about":[{"href":"https:\/\/multihoster.org\/it\/wp-json\/wp\/v2\/types\/page"}],"author":[{"embeddable":true,"href":"https:\/\/multihoster.org\/it\/wp-json\/wp\/v2\/users\/2"}],"replies":[{"embeddable":true,"href":"https:\/\/multihoster.org\/it\/wp-json\/wp\/v2\/comments?post=4195"}],"version-history":[{"count":3,"href":"https:\/\/multihoster.org\/it\/wp-json\/wp\/v2\/pages\/4195\/revisions"}],"predecessor-version":[{"id":4223,"href":"https:\/\/multihoster.org\/it\/wp-json\/wp\/v2\/pages\/4195\/revisions\/4223"}],"wp:attachment":[{"href":"https:\/\/multihoster.org\/it\/wp-json\/wp\/v2\/media?parent=4195"}],"curies":[{"name":"wp","href":"https:\/\/api.w.org\/{rel}","templated":true}]}}