{"id":4238,"date":"2020-04-22T11:30:45","date_gmt":"2020-04-22T11:30:45","guid":{"rendered":"https:\/\/multihoster.org\/yuvutu\/"},"modified":"2020-04-22T15:36:28","modified_gmt":"2020-04-22T15:36:28","slug":"yuvutu","status":"publish","type":"page","link":"https:\/\/multihoster.org\/it\/yuvutu\/","title":{"rendered":"Yuvutu Premium Conto: Il miglior sito di streaming a colpo d&#8217;occhio"},"content":{"rendered":"\n<div class=\"wp-block-image\"><figure class=\"aligncenter\"><img src=\"https:\/\/lh5.googleusercontent.com\/ksS0ngJd_qKDwy5l-mYDrqPQU6ueIVHGZOFdfmxVLcbxiBXqjSVR4K0_Hn078Vvkoy_qdsFqx0RIGuNvEuyxbd2fgJS9FmPQYkoQ9RA47DyGh5reN8tGpEobW4Tw6QNkJaRunA9M\" alt=\"Yuvutu Premium Account: The Best Streaming Site at a Glance\"\/><\/figure><\/div>\n\n\n\n<p>Ci sono molti siti web di video per adulti l\u00e0 fuori e i video per adulti in HD sono diventati facilmente la tendenza, ma tutti sappiamo che questi video sceneggiati stanno diventando sempre pi\u00f9 clich\u00e9 con il passare del tempo. Le ricerche dicono che la maggior parte delle persone che guardano il porno non si basa solo sulla qualit\u00e0 dei video o sulle pornostar stesse. C&#8217;\u00e8 un gran numero di persone che preferiscono i video realistici rispetto a quelli sceneggiati.<\/p>\n\n\n\n<p>I video per adulti hanno fatto molta strada ormai. Ci sono ora video porno VR che sono attualmente popolari tra il pubblico pi\u00f9 giovane. Un altro \u00e8 rappresentato dai video interattivi, dove dipende da voi cosa faranno gli attori nella prossima scena. Davvero molto allettante, ma non vi sembra molto innaturale? L&#8217;industria del porno pu\u00f2 essersi sviluppata per il bene superiore, ma sta anche restringendo il pubblico potenziale utilizzando schemi cos\u00ec complessi nei loro contenuti.<\/p>\n\n\n\n<p>Con tutte queste cose che l&#8217;industria del porno ha sviluppato, ci sono ancora siti porno che rimangono fedeli all&#8217;idea principale dei video per adulti. Yuvutu mira a soddisfare tutti i tipi di persone che possono in qualche modo imbattersi nel loro sito web.<\/p>\n\n\n<a class=\"maxbutton-2 maxbutton maxbutton-cta\" target=\"_blank\" rel=\"nofollow noopener\" href=\"\/go\/\"><span class='mb-text'>&gt;&gt; Vai al sito web originale di Linkifier<\/span><\/a>\n\n\n<p><\/p>\n\n\n\n<h2>Che cos&#8217;\u00e8 Yuvutu?<\/h2>\n\n\n\n<p>Yuvutu \u00e8 un sito web di primo piano quando si tratta di video porno amatoriali. \u00c8 costituito da una biblioteca di migliaia di video per adulti di diversi utenti in tutto il mondo. Potete anche caricare i vostri video fatti in casa e condividerli con migliaia di altri utenti. Yuvutu non \u00e8 solo un archivio di video amatoriali per adulti, ma anche un luogo dove poter scrivere un blog, incontrare altre persone e fare nuove amicizie.<\/p>\n\n\n\n<p>Yuvutu ha un approccio molto rinfrescante. Non come i tradizionali siti porno in HD, Yuvutu offre una sensazione pi\u00f9 coinvolgente e naturale sul sito web. Yuvutu non mette in mostra quelle belle pornostar sexy, ma d\u00e0 alle persone normali la possibilit\u00e0 di farsi un&#8217;idea dell&#8217;industria del porno, permettendo loro di caricare e produrre i propri video per adulti. La biblioteca \u00e8 composta principalmente da video fatti in casa. Non aspettatevi la vostra pornostar latina preferita. A Yuvutu, mettono in evidenza quelli che sono persone normali proprio come te.<\/p>\n\n\n\n<h2>Cose che amiamo di Yuvutu<\/h2>\n\n\n\n<h3>Yuvutu e la loro unica biblioteca di contenuti<\/h3>\n\n\n\n<p>Non sorprende che Yuvutu abbia un&#8217;ampia gamma di pubblico in tutto il pianeta. Si tratta di fasce demografiche di qualsiasi et\u00e0. Questo dimostra che internet \u00e8 ancora in grado di offrire video pi\u00f9 realistici, quelli che sembrano essere stati girati con dispositivi di fascia bassa. In realt\u00e0, \u00e8 il fascino di Yuvutu. Quando parliamo di porno ci\u00f2 che ci viene in mente prima di tutto sono siti come Pornhub o Spankbang. Sicuramente i video in HD sono molto divertenti per la qualit\u00e0, perch\u00e9 onestamente vogliamo vedere chiaramente quello per cui siamo venuti in ogni sito porno. Ma il modo in cui la storia e le scene sono molto prevedibili e i clich\u00e9 riducono l&#8217;eccitazione. Yuvutu ci porta nel mondo pi\u00f9 coinvolgente delle persone comuni e delle loro attivit\u00e0 dopo il tramonto. La sezione VOD insieme a VideoBox aggiunge un modo pi\u00f9 conveniente di trasmettere video in streaming acquisendo un account Yuvutu Premium.<\/p>\n\n\n\n<figure class=\"wp-block-image\"><img src=\"https:\/\/lh3.googleusercontent.com\/YXGvwqX6IsjgPzcQQWPunCdHAv-JDBy9HlavQ6IbmtWdj1DV5KtvTzAiSOEX66_cLg3GvoNUp0xMVM3zB5mqCms_NOPZIxeHD5HH-ARrhwd-CtEApayx8218eLfhl3-UR_yKYm2L\" alt=\"Yuvutu Videos Library\"\/><\/figure>\n\n\n\n<h3>Yuvutu con il loro sito web semplice<\/h3>\n\n\n\n<p>A ben guardare, il sito web di Yuvutu \u00e8 molto semplice. Possiamo anche dire che \u00e8 molto primitivo. Questo per\u00f2 ha aumentato il fascino del sito web. Il design di base del sito web lo rende meno intimidatorio per la maggior parte delle persone. Con il design, pi\u00f9 persone sono impegnate nell&#8217;esplorazione e nel caricamento dei propri contenuti. Questa qualit\u00e0 di Yuvutu \u00e8 molto attraente per il pubblico e lo rende uno dei pi\u00f9 grandi siti web di live cam su internet.<\/p>\n\n\n\n<h3>Yuvutu ha una delle migliori webcam in diretta<\/h3>\n\n\n\n<p>Yuvutu ha una delle migliori webcam in diretta<\/p>\n\n\n<a class=\"maxbutton-2 maxbutton maxbutton-cta\" target=\"_blank\" rel=\"nofollow noopener\" href=\"\/go\/\"><span class='mb-text'>&gt;&gt; Vai al sito web originale di Linkifier<\/span><\/a>\n\n\n<h3>Yuvutu e la loro vivace comunit\u00e0<\/h3>\n\n\n\n<p>Yuvutu \u00e8 composto da quasi tutte le persone che si possono immaginare. Il sito offre ai loro abbonati molti modi per mescolarsi tra loro. Le Live Chat ne sono un esempio. Con la Live Chat, puoi incontrare altre persone in tutto il mondo che vogliono solo un&#8217;azienda come la tua. E poich\u00e9 la comunit\u00e0 \u00e8 composta da varie persone in tutto il mondo, le Live Chat aprono una finestra per le interazioni oltreoceano. Il Forum \u00e8 un altro modo per interagire con diversi utenti che si riuniscono per condividere le loro idee e pensieri su qualsiasi argomento. \u00c8 anche il luogo in cui gli amministratori ricevono suggerimenti per migliorare il sito web. La sezione Blog \u00e8 un altro modo per comunicare con gli altri membri della comunit\u00e0. Hai appena trovato una data? scrivila nel tuo blog. Se volete solo condividere quello che avete provato ultimamente, dipende da voi.<\/p>\n\n\n\n<figure class=\"wp-block-image\"><img src=\"https:\/\/lh3.googleusercontent.com\/qydOcysoQej5b7ysuajTE-4YAQVm9OGfNz4jnMelMSgvvIXJ9hEJ4skrRGHYC9qybITYoND184DK3bQkMfpQoNUqCpI5sZV48qy7nrwjNtWW_JGsH-hiNsgZj_I7ePGzdofpUvyM\" alt=\"Yuvutu Blog page\"\/><\/figure>\n\n\n\n<h3>Yuvutu \u00e8 anche un sito di incontri<\/h3>\n\n\n\n<p>Yuvutu, che ci crediate o no, \u00e8 anche un sito di incontri. Anche se il sito sembra concentrarsi solo su contenuti video per adulti, \u00e8 anche un ottimo modo per trovare quella persona speciale che potresti cercare. Yuvutu permette ai suoi membri di trovare il loro partner e, occasionalmente, di ottenere le proprie date. Proprio come tutte le app per gli appuntamenti, Yuvutu offre delle opzioni per individuare le persone e trovare la persona che stai cercando. La sezione Incontri ha molte funzioni che puoi utilizzare per affinare la tua ricerca. Tutto, dal sesso, preferenze sessuali, et\u00e0 e anche la posizione, \u00e8 possibile regolare la propria preferenza per ottimizzare completamente la funzione di matchmaking. Ha anche una pagina di profilo in esso come qualsiasi altro social media o sito di incontri.<\/p>\n\n\n\n<figure class=\"wp-block-image\"><img src=\"https:\/\/lh6.googleusercontent.com\/N8wWY7PHkjMaxYZVZfF98b3fTGQ3l5tfUktw_lWHqbMIEVBoBN7ho7U8XZ2J-nOHFU_PEK9Kc_ZhDg-19dTubKbmly50p1FbG2GMCaXCx8yb0x8JvRTach0UtAtY13hqC68HBMLH\" alt=\"Yuvutu Dating window\"\/><\/figure>\n\n\n\n<h2>Yuvutu Premium: Perch\u00e9 dovreste abbonarvi?<\/h2>\n\n\n\n<p>Yuvutu Premium \u00e8 un modo per supportare il sito web. Utilizzando un account Yuvutu Premium ti vengono offerti diversi vantaggi che possono rendere la tua esperienza Yuvutu pi\u00f9 facile e divertente. Il titolare di un account Yuvutu Premium ha diritto a varie funzioni per immergersi completamente nella visione e nella navigazione della vasta quantit\u00e0 di video della Biblioteca Yuvutu.<\/p>\n\n\n\n<p>In qualit\u00e0 di proprietario di un account Yuvutu Premium, ti vengono concessi i seguenti privilegi.<\/p>\n\n\n\n<p><strong>Video HD<\/strong><\/p>\n\n\n\n<p>I titolari di un account Yuvutu Premium possono guardare e godere di video per adulti in alta definizione. Anche se i video sono tutti amatoriali, Yuvutu ha ancora un&#8217;ampia lista di video HD di cui i suoi utenti possono godere durante il tuo tempo libero. S\u00ec, \u00e8 vero, hanno videocamere e video di alta qualit\u00e0. Sembra inverosimile, ma puoi controllare tutto da solo.<\/p>\n\n\n\n<p><strong>Nessun annuncio<\/strong><\/p>\n\n\n\n<p>I proprietari di un account Yuvutu Premium possono divertirsi a guardare video per adulti senza essere disturbati da annunci e altri pop-up. Guarda i video amatoriali di qualit\u00e0 liberamente e senza essere interrotto. Non c&#8217;\u00e8 bisogno di lottare con annunci imperdibili e link casuali. Solo un po&#8217; di buon vecchio Yuvutu e di brivido.<\/p>\n\n\n\n<p><strong>Chat dal vivo<\/strong><\/p>\n\n\n\n<p>Una delle caratteristiche ricercate di Yuvutu Premium \u00e8 la funzione Live Chat. Questa Live Chat ti permette di socializzare e di essere amico degli altri membri e degli uploader. Le chat live sono aperte 24 ore su 24, 7 giorni su 7, in modo da potersi divertire incontrando nuove persone con cui essere amici.<\/p>\n\n\n\n<p><strong>Cam in diretta<\/strong><\/p>\n\n\n\n<p>La comunit\u00e0 Yuvutu Premium offre anche l&#8217;accesso a Live Cams. Si tratta di spettacoli dal vivo di diversi utenti in tutto il mondo. \u00c8 inoltre possibile avere il proprio live stream e raccogliere pubblico e seguaci.<\/p>\n\n\n\n<p><strong>Forums<\/strong><\/p>\n\n\n\n<p>I titolari del conto Yuvutu Premium possono anche discutere nei loro forum. \u00c8 un altro modo per interagire con la comunit\u00e0 e permettere al sito di cercare suggerimenti per migliorare ulteriormente il sito e i loro servizi ai clienti e agli avventori.<\/p>\n\n\n\n<p><strong>Larghezza di banda pi\u00f9 grande<\/strong><\/p>\n\n\n\n<p>Poich\u00e9 il titolare di un conto Yuvutu Premium ha una priorit\u00e0 pi\u00f9 elevata nel traffico dati, \u00e8 possibile garantire un&#8217;esperienza di streaming senza intoppi. Un titolare di un account premium ha un&#8217;allocazione di banda maggiore rispetto a un utente libero, il che significa che tutti i video sono bufferizzati pi\u00f9 velocemente e si pu\u00f2 trasmettere quanto si vuole.<\/p>\n\n\n\n<h2>Conto Yuvutu Premium: Come si ottiene il proprio?<\/h2>\n\n\n\n<figure class=\"wp-block-image\"><img src=\"https:\/\/lh6.googleusercontent.com\/fTQs4pIIhRVSJ1ofBemQh8mfn8GrIYDHhU6FRtBBDtCQ6uIsl9I1LaR1BLB_UHLL9E9lmYCOGiguSXo8kw75N07nv2cPIUnHI63nsWzkDfawHp3qC3loAwi421UgnRtwOEyvyJCk\" alt=\"Yuvutu Premium account registration page\"\/><\/figure>\n\n\n\n<p>Per godere dei fantastici vantaggi del Yuvutu Premium non dovete far altro che compilare l&#8217;apposito modulo nella loro pagina di iscrizione. Basta compilare tutte le informazioni necessarie e poi procedere alla finestra di pagamento. Con soli 74,95 dollari all&#8217;anno, puoi utilizzare tutti i contenuti e le funzionalit\u00e0 premium che l&#8217;account Yuvutu Premium ha da offrire. Dopo aver pagato, ora sei pronto per esplorare di pi\u00f9 il sito web e divertirti a interagire e a sfogliare la loro vasta gamma di video.<\/p>\n\n\n\n<h2>Yuvutu Review: Il tuo portale per video amatoriali di qualit\u00e0<\/h2>\n\n\n\n<p>Ora, la prossima volta che consideri la possibilit\u00e0 di cercare un buon sito per godersi i buoni vecchi contenuti per adulti, perch\u00e9 non provare il sito web di Yuvutu. A Yuvutu pu\u00f2 mancare l&#8217;estetica di un buon sito porno, ma possiamo tutti dire che le loro Live Cam sono una delle migliori in circolazione. Il servizio Premium offre tariffe di abbonamento a basso costo, ma saprete che non manca di servizio e caratteristiche.<\/p>\n\n\n<a class=\"maxbutton-2 maxbutton maxbutton-cta\" target=\"_blank\" rel=\"nofollow noopener\" href=\"\/go\/\"><span class='mb-text'>&gt;&gt; Vai al sito web originale di Linkifier<\/span><\/a>","protected":false},"excerpt":{"rendered":"<p>Ci sono molti siti web di video per adulti l\u00e0 fuori e i video per adulti in HD sono diventati<\/p>\n","protected":false},"author":2,"featured_media":0,"parent":0,"menu_order":0,"comment_status":"closed","ping_status":"closed","template":"","meta":[],"yoast_head":"<!-- This site is optimized with the Yoast SEO plugin v18.3 - https:\/\/yoast.com\/wordpress\/plugins\/seo\/ -->\n<title>Yuvutu Premium Conto - Il miglior sito di streaming a colpo d&#039;occhio<\/title>\n<meta name=\"description\" content=\"Se Yuvutu \u00e8 un fornitore affidabile o no, potete trovare la risposta nel test in corso su Multihoster.org \u279c Cliccate ora \u271a per leggere le nostre esperienze!\" \/>\n<meta name=\"robots\" content=\"index, follow, max-snippet:-1, max-image-preview:large, max-video-preview:-1\" \/>\n<link rel=\"canonical\" href=\"https:\/\/multihoster.org\/it\/yuvutu\/\" \/>\n<meta property=\"og:locale\" content=\"it_IT\" \/>\n<meta property=\"og:type\" content=\"article\" \/>\n<meta property=\"og:title\" content=\"Yuvutu Premium Conto - Il miglior sito di streaming a colpo d&#039;occhio\" \/>\n<meta property=\"og:description\" content=\"Se Yuvutu \u00e8 un fornitore affidabile o no, potete trovare la risposta nel test in corso su Multihoster.org \u279c Cliccate ora \u271a per leggere le nostre esperienze!\" \/>\n<meta property=\"og:url\" content=\"https:\/\/multihoster.org\/it\/yuvutu\/\" \/>\n<meta property=\"og:site_name\" content=\"Multihoster.org\" \/>\n<meta property=\"article:modified_time\" content=\"2020-04-22T15:36:28+00:00\" \/>\n<meta property=\"og:image\" content=\"https:\/\/lh5.googleusercontent.com\/ksS0ngJd_qKDwy5l-mYDrqPQU6ueIVHGZOFdfmxVLcbxiBXqjSVR4K0_Hn078Vvkoy_qdsFqx0RIGuNvEuyxbd2fgJS9FmPQYkoQ9RA47DyGh5reN8tGpEobW4Tw6QNkJaRunA9M\" \/>\n<meta name=\"twitter:card\" content=\"summary\" \/>\n<meta name=\"twitter:label1\" content=\"Tempo di lettura stimato\" \/>\n\t<meta name=\"twitter:data1\" content=\"7 minuti\" \/>\n<script type=\"application\/ld+json\" class=\"yoast-schema-graph\">{\"@context\":\"https:\/\/schema.org\",\"@graph\":[{\"@type\":\"WebSite\",\"@id\":\"https:\/\/multihoster.org\/#website\",\"url\":\"https:\/\/multihoster.org\/\",\"name\":\"Multihoster.org\",\"description\":\"Reviews of the major Filehosting services\",\"potentialAction\":[{\"@type\":\"SearchAction\",\"target\":{\"@type\":\"EntryPoint\",\"urlTemplate\":\"https:\/\/multihoster.org\/?s={search_term_string}\"},\"query-input\":\"required name=search_term_string\"}],\"inLanguage\":\"it-IT\"},{\"@type\":\"ImageObject\",\"@id\":\"https:\/\/multihoster.org\/it\/yuvutu\/#primaryimage\",\"inLanguage\":\"it-IT\",\"url\":\"https:\/\/lh5.googleusercontent.com\/ksS0ngJd_qKDwy5l-mYDrqPQU6ueIVHGZOFdfmxVLcbxiBXqjSVR4K0_Hn078Vvkoy_qdsFqx0RIGuNvEuyxbd2fgJS9FmPQYkoQ9RA47DyGh5reN8tGpEobW4Tw6QNkJaRunA9M\",\"contentUrl\":\"https:\/\/lh5.googleusercontent.com\/ksS0ngJd_qKDwy5l-mYDrqPQU6ueIVHGZOFdfmxVLcbxiBXqjSVR4K0_Hn078Vvkoy_qdsFqx0RIGuNvEuyxbd2fgJS9FmPQYkoQ9RA47DyGh5reN8tGpEobW4Tw6QNkJaRunA9M\"},{\"@type\":\"WebPage\",\"@id\":\"https:\/\/multihoster.org\/it\/yuvutu\/#webpage\",\"url\":\"https:\/\/multihoster.org\/it\/yuvutu\/\",\"name\":\"Yuvutu Premium Conto - Il miglior sito di streaming a colpo d'occhio\",\"isPartOf\":{\"@id\":\"https:\/\/multihoster.org\/#website\"},\"primaryImageOfPage\":{\"@id\":\"https:\/\/multihoster.org\/it\/yuvutu\/#primaryimage\"},\"datePublished\":\"2020-04-22T11:30:45+00:00\",\"dateModified\":\"2020-04-22T15:36:28+00:00\",\"description\":\"Se Yuvutu \u00e8 un fornitore affidabile o no, potete trovare la risposta nel test in corso su Multihoster.org \u279c Cliccate ora \u271a per leggere le nostre esperienze!\",\"breadcrumb\":{\"@id\":\"https:\/\/multihoster.org\/it\/yuvutu\/#breadcrumb\"},\"inLanguage\":\"it-IT\",\"potentialAction\":[{\"@type\":\"ReadAction\",\"target\":[\"https:\/\/multihoster.org\/it\/yuvutu\/\"]}]},{\"@type\":\"BreadcrumbList\",\"@id\":\"https:\/\/multihoster.org\/it\/yuvutu\/#breadcrumb\",\"itemListElement\":[{\"@type\":\"ListItem\",\"position\":1,\"name\":\"Startseite\",\"item\":\"https:\/\/multihoster.org\/it\/\"},{\"@type\":\"ListItem\",\"position\":2,\"name\":\"Yuvutu Premium Conto: Il miglior sito di streaming a colpo d&#8217;occhio\"}]}]}<\/script>\n<!-- \/ Yoast SEO plugin. -->","yoast_head_json":{"title":"Yuvutu Premium Conto - Il miglior sito di streaming a colpo d'occhio","description":"Se Yuvutu \u00e8 un fornitore affidabile o no, potete trovare la risposta nel test in corso su Multihoster.org \u279c Cliccate ora \u271a per leggere le nostre esperienze!","robots":{"index":"index","follow":"follow","max-snippet":"max-snippet:-1","max-image-preview":"max-image-preview:large","max-video-preview":"max-video-preview:-1"},"canonical":"https:\/\/multihoster.org\/it\/yuvutu\/","og_locale":"it_IT","og_type":"article","og_title":"Yuvutu Premium Conto - Il miglior sito di streaming a colpo d'occhio","og_description":"Se Yuvutu \u00e8 un fornitore affidabile o no, potete trovare la risposta nel test in corso su Multihoster.org \u279c Cliccate ora \u271a per leggere le nostre esperienze!","og_url":"https:\/\/multihoster.org\/it\/yuvutu\/","og_site_name":"Multihoster.org","article_modified_time":"2020-04-22T15:36:28+00:00","og_image":[{"url":"https:\/\/lh5.googleusercontent.com\/ksS0ngJd_qKDwy5l-mYDrqPQU6ueIVHGZOFdfmxVLcbxiBXqjSVR4K0_Hn078Vvkoy_qdsFqx0RIGuNvEuyxbd2fgJS9FmPQYkoQ9RA47DyGh5reN8tGpEobW4Tw6QNkJaRunA9M"}],"twitter_card":"summary","twitter_misc":{"Tempo di lettura stimato":"7 minuti"},"schema":{"@context":"https:\/\/schema.org","@graph":[{"@type":"WebSite","@id":"https:\/\/multihoster.org\/#website","url":"https:\/\/multihoster.org\/","name":"Multihoster.org","description":"Reviews of the major Filehosting services","potentialAction":[{"@type":"SearchAction","target":{"@type":"EntryPoint","urlTemplate":"https:\/\/multihoster.org\/?s={search_term_string}"},"query-input":"required name=search_term_string"}],"inLanguage":"it-IT"},{"@type":"ImageObject","@id":"https:\/\/multihoster.org\/it\/yuvutu\/#primaryimage","inLanguage":"it-IT","url":"https:\/\/lh5.googleusercontent.com\/ksS0ngJd_qKDwy5l-mYDrqPQU6ueIVHGZOFdfmxVLcbxiBXqjSVR4K0_Hn078Vvkoy_qdsFqx0RIGuNvEuyxbd2fgJS9FmPQYkoQ9RA47DyGh5reN8tGpEobW4Tw6QNkJaRunA9M","contentUrl":"https:\/\/lh5.googleusercontent.com\/ksS0ngJd_qKDwy5l-mYDrqPQU6ueIVHGZOFdfmxVLcbxiBXqjSVR4K0_Hn078Vvkoy_qdsFqx0RIGuNvEuyxbd2fgJS9FmPQYkoQ9RA47DyGh5reN8tGpEobW4Tw6QNkJaRunA9M"},{"@type":"WebPage","@id":"https:\/\/multihoster.org\/it\/yuvutu\/#webpage","url":"https:\/\/multihoster.org\/it\/yuvutu\/","name":"Yuvutu Premium Conto - Il miglior sito di streaming a colpo d'occhio","isPartOf":{"@id":"https:\/\/multihoster.org\/#website"},"primaryImageOfPage":{"@id":"https:\/\/multihoster.org\/it\/yuvutu\/#primaryimage"},"datePublished":"2020-04-22T11:30:45+00:00","dateModified":"2020-04-22T15:36:28+00:00","description":"Se Yuvutu \u00e8 un fornitore affidabile o no, potete trovare la risposta nel test in corso su Multihoster.org \u279c Cliccate ora \u271a per leggere le nostre esperienze!","breadcrumb":{"@id":"https:\/\/multihoster.org\/it\/yuvutu\/#breadcrumb"},"inLanguage":"it-IT","potentialAction":[{"@type":"ReadAction","target":["https:\/\/multihoster.org\/it\/yuvutu\/"]}]},{"@type":"BreadcrumbList","@id":"https:\/\/multihoster.org\/it\/yuvutu\/#breadcrumb","itemListElement":[{"@type":"ListItem","position":1,"name":"Startseite","item":"https:\/\/multihoster.org\/it\/"},{"@type":"ListItem","position":2,"name":"Yuvutu Premium Conto: Il miglior sito di streaming a colpo d&#8217;occhio"}]}]}},"_links":{"self":[{"href":"https:\/\/multihoster.org\/it\/wp-json\/wp\/v2\/pages\/4238"}],"collection":[{"href":"https:\/\/multihoster.org\/it\/wp-json\/wp\/v2\/pages"}],"about":[{"href":"https:\/\/multihoster.org\/it\/wp-json\/wp\/v2\/types\/page"}],"author":[{"embeddable":true,"href":"https:\/\/multihoster.org\/it\/wp-json\/wp\/v2\/users\/2"}],"replies":[{"embeddable":true,"href":"https:\/\/multihoster.org\/it\/wp-json\/wp\/v2\/comments?post=4238"}],"version-history":[{"count":3,"href":"https:\/\/multihoster.org\/it\/wp-json\/wp\/v2\/pages\/4238\/revisions"}],"predecessor-version":[{"id":4330,"href":"https:\/\/multihoster.org\/it\/wp-json\/wp\/v2\/pages\/4238\/revisions\/4330"}],"wp:attachment":[{"href":"https:\/\/multihoster.org\/it\/wp-json\/wp\/v2\/media?parent=4238"}],"curies":[{"name":"wp","href":"https:\/\/api.w.org\/{rel}","templated":true}]}}