{"id":4253,"date":"2020-04-15T11:45:16","date_gmt":"2020-04-15T11:45:16","guid":{"rendered":"https:\/\/multihoster.org\/filefactory-2\/"},"modified":"2020-04-22T13:12:05","modified_gmt":"2020-04-22T13:12:05","slug":"filefactory-2","status":"publish","type":"page","link":"https:\/\/multihoster.org\/it\/filefactory-2\/","title":{"rendered":"Filefactory Premium Conto: Il Filehoster In Sintesi"},"content":{"rendered":"\n<figure class=\"wp-block-image\"><img src=\"https:\/\/lh5.googleusercontent.com\/E_85ShbDJEwMU3bWL8XisrxKHczS1iTxaFdenH1gnImK_rmTuC_IeeXrYvd0MMxfD6MnFUPT7vbxcxsNQx0qOiylgHATd69Q35KgcHcTqoHy_QPLocrlW5mP43UHW8UwJrGYtgk\" alt=\"FileFactory Logo\"\/><\/figure>\n\n\n<a class=\"maxbutton-2 maxbutton maxbutton-cta\" target=\"_blank\" rel=\"nofollow noopener\" href=\"\/go\/\"><span class='mb-text'>&gt;&gt; Vai al sito web originale di Linkifier<\/span><\/a>\n\n\n<p><\/p>\n\n\n\n<h2>Informazioni su FileFactory<\/h2>\n\n\n\n<p>FileFactory \u00e8 un servizio gratuito per l&#8217;archiviazione e l&#8217;hosting di file. \u00c8 stato fondato e rilasciato nel 2005. Ha sede a Hong Kong, nell&#8217;isola di Hong Kong.<\/p>\n\n\n\n<p>Le persone che sono registrate come membri di FileFactory e anche le persone non registrate o anonime in tutto il mondo possono accedervi online. Gli utenti possono scaricare o trasmettere in streaming qui senza limiti e se \u00e8 un membro premium, non ci sono limiti per la larghezza di banda o il download. <\/p>\n\n\n\n<h3><strong>Caratteristiche<\/strong><\/h3>\n\n\n\n<ol><li>La funzione TrafficShare<\/li><li> Streaming e download illimitati<\/li><li> Interfaccia utente semplice e facile da usare<\/li><li> Capacit\u00e0 di stoccaggio illimitata<\/li><li> Ricerca e gestione dei file (solo per utenti registrati a FileFactory)<\/li><li> Pannello di controllo<\/li><li> Creazione di un elenco di file o cartelle<\/li><li> Pu\u00f2 caricare pi\u00f9 cartelle o file con qualsiasi tipo di file<\/li><li> Metodo di caricamento remoto<\/li><li> Statistiche<\/li><li> Programma di affiliazione e rinvio per guadagnare soldi<\/li><\/ol>\n\n\n\n<h3><strong>Lingue supportate<\/strong><\/h3>\n\n\n\n<ul><li>Italiano<\/li><li> Danese<\/li><li> Olandese<\/li><li> Francese<\/li><li> Tedesco<\/li><li> Giapponese<\/li><li> Norvegese<\/li><li> Portoghese<\/li><li> Svedese<\/li><li> Spagnolo<\/li><\/ul>\n\n\n\n<h3><strong>Browser Web supportati da FileFactory<\/strong><\/h3>\n\n\n\n<figure class=\"wp-block-table\"><table class=\"\"><tbody><tr><td>Google Chrome (altamente raccomandato)<\/td><td>Mozilla Firefox (recommended)<\/td><\/tr><tr><td>Microsoft Edge<\/td><td>Safari<\/td><\/tr><\/tbody><\/table><\/figure>\n\n\n\n<p>FileFactory raccomanda agli utenti di aggiornare le versioni dei loro browser web per ottenere e sperimentare le ultime caratteristiche, funzioni e servizi di FileFactory.<\/p>\n\n\n\n<h2>FileFactory TrafficShare<\/h2>\n\n\n\n<p>TrafficShare \u00e8 una delle migliori caratteristiche di FileFactory perch\u00e9 pu\u00f2 darvi la velocit\u00e0 pi\u00f9 veloce per scaricare un file. Quando questa funzione \u00e8 abilitata, FileFactory fornisce agli utenti 100 GB di dati al mese.<\/p>\n\n\n\n<p>I membri del conto Premium di FileFactory possono sempre sperimentare la velocit\u00e0 illimitata, la larghezza di banda e il download di file di FileFactory senza pubblicit\u00e0 e limiti, mentre i membri del conto gratuito di FileFactory non possono, ma FileFactory ha un modo per i conti gratuiti di sperimentare lo stesso beneficio con i conti Premium. <\/p>\n\n\n\n<h3>Come attivare la funzione FileFactory TrafficShare?<\/h3>\n\n\n\n<p>Per attivare la funzione FileFactory TrafficShare per tutte le cartelle e i file, seguire i seguenti passi:<\/p>\n\n\n\n<ol><li>Vai al sito di FileFactory.<\/li><li> Vai alla pagina del conto FileFactory.<\/li><li> Vai al Riepilogo della pagina del conto FileFactory.<\/li><li> Trovate il pulsante &#8220;TrafficShare&#8221; e attivatelo per accenderlo.<\/li><\/ol>\n\n\n\n<p>Per attivare la funzione FileFactory TrafficShare per una specifica cartella e file, seguire i seguenti passi:<\/p>\n\n\n\n<ol><li>Andare alla cartella o al file che si desidera abilitare il TrafficShare.<\/li><li> Cliccare con il tasto destro del mouse sul nome della cartella per visualizzare le opzioni.<\/li><li> Scegliere e fare clic su &#8220;Impostazioni&#8221;.<\/li><li> Cliccate su &#8220;Abilita TrafficShare&#8221;.<\/li><\/ol>\n\n\n\n<h2>Conti FileFabbrica<\/h2>\n\n\n\n<figure class=\"wp-block-table\"><table class=\"\"><tbody><tr><td>Conto gratuito FileFactory<\/td><td>Conto FileFactory Premium<\/td><\/tr><tr><td>Il prezzo \u00e8 gratuito<br> Ha molti annunci o popup<br> Ha un numero limitato di download ma ha una buona larghezza di banda e una buona velocit\u00e0 di download<br> Download veloce<br> Non ha una funzione di download diretto per avviare istantaneamente il download dei file<br> Non pu\u00f2 riprendere i download interrotti o rotti o messi in pausa o interrotti utilizzando un gestore di download o un software.<br> Ha la funzione TrafficShare<br> I file degli utenti sono conservati nei server di FileFactory per soli trenta (30) giorni. Se un file non \u00e8 stato scaricato da un utente entro tale periodo di tempo, il file sar\u00e0 automaticamente rimosso dal sistema FileFactory. Scaricando il file completamente o integralmente, il file sar\u00e0 conservato e conservato nei server di FileFactory per altri trenta (30) giorni. Quindi, se un utente continua a scaricare i file, i file saranno ancora attivi.<\/td><td>Gli utenti dovrebbero pagare per questo, ma ricevere i benefici per intero.<br> Non ha annunci o popup<br> Ha un numero ottimale e illimitato di download, larghezza di banda e velocit\u00e0 di download illimitata<br> Download pi\u00f9 veloce<br> Ha una funzione di download diretto per avviare istantaneamente il download dei file<br> Pu\u00f2 riprendere i download interrotti o rotti o messi in pausa o interrotti utilizzando un qualsiasi gestore di download o software.<br> Ha la funzione TrafficShare<br> I file degli utenti sono conservati nei server di FileFactory per un lungo periodo di tempo poich\u00e9 l&#8217;account FileFactory Premium dell&#8217;utente \u00e8 attivo e se l&#8217;account FileFactory Premium dell&#8217;utente non \u00e8 ancora scaduto.<br><br><br><br><\/td><\/tr><\/tbody><\/table><\/figure>\n\n\n\n<h3><strong>Accesso al conto FileFactory<\/strong><\/h3>\n\n\n\n<p>Gli account FileFactory Free e FileFactory Premium sono accessibili su pi\u00f9 dispositivi come computer desktop, laptop, tablet o telefoni cellulari, ma la funzione &#8220;single-sign-on&#8221; di FileFactory consente un solo dispositivo per un account alla volta. Se lo stesso account \u00e8 connesso a dispositivi diversi, l&#8217;account connesso da altri dispositivi si disconnette automaticamente dal sistema FileFactory e rimane aperta solo la sessione attiva.<\/p>\n\n\n\n<h3><strong>Link per scaricare FileFactory Premium<\/strong><\/h3>\n\n\n\n<p>I collegamenti sono importanti per una specifica cartella o file da individuare e a cui accedere.<\/p>\n\n\n\n<p>I link per il download di FileFactory Premium vengono generati quando c&#8217;\u00e8 la necessit\u00e0 di scaricare utilizzando un account FileFactory Premium.<\/p>\n\n\n\n<p>Ci sono due (2) tipi di link per il download:<\/p>\n\n\n\n<ol><li>Link diretti<\/li><li> Link normali &#8211; Questi link non scadono e vengono utilizzati per generare un Premium Download Links di una cartella o di un file.<\/li><\/ol>\n\n\n\n<h3><strong>FileFactory Premium Conto<\/strong><\/h3>\n\n\n\n<p>L&#8217;iscrizione ai Piani Premium di FileFactory d\u00e0 accesso al Conto Premium di FileFactory.<\/p>\n\n\n\n<p><strong>FileFactory Premium Account Plans<\/strong><\/p>\n\n\n\n<figure class=\"wp-block-table\"><table class=\"\"><tbody><tr><td>Numero di giorni<\/td><td>Prezzo in USD<\/td><td>Prezzo al mese<\/td><td>Ricambi<\/td><td>Vantaggi<\/td><\/tr><tr><td>30<\/td><td>$13<\/td><td>$13<\/td><td>ogni 30 giorni<\/td><td>Nessun limite di velocit\u00e0 e di download<br> Nessun Popups<\/td><\/tr><tr><td>90<\/td><td>$35<\/td><td>$12<\/td><td>ogni 90 giorni<\/td><td>Nessun limite di velocit\u00e0 e di download<br> Nessun Popups<\/td><\/tr><tr><td>180<\/td><td>$59<\/td><td>$10<\/td><td>ogni 180 giorni<\/td><td>Nessun limite di velocit\u00e0 e di download<br> Nessun Popups<\/td><\/tr><tr><td>365<\/td><td>$94<\/td><td>$8<\/td><td>ogni 365 giorni<\/td><td>Nessun limite di velocit\u00e0 e di download<br> Nessun Popups<\/td><\/tr><\/tbody><\/table><\/figure>\n\n\n\n<p>L&#8217;abbonamento dell&#8217;utente al piano verr\u00e0 rinnovato automaticamente al termine di ogni numero di giorni. Tuttavia, un utente pu\u00f2 cancellare il suo abbonamento, ma avr\u00e0 comunque accesso all&#8217;account FileFactory Premium fino alla data di scadenza del Piano Premium di FileFactory. Una volta terminato il Piano Premium di FileFactory Premium a pagamento, il conto FileFactory Premium dell&#8217;utente diventer\u00e0 inattivo.<\/p>\n\n\n\n<p>Inoltre, se un conto FileFactory Premium scade, le cartelle e i file del conto saranno definitivamente cancellati, quindi FileFactory consiglia ai suoi membri di controllare e di assicurarsi che il pagamento per il loro piano FileFactory sia sempre aggiornato.<\/p>\n\n\n<a class=\"maxbutton-2 maxbutton maxbutton-cta\" target=\"_blank\" rel=\"nofollow noopener\" href=\"\/go\/\"><span class='mb-text'>&gt;&gt; Vai al sito web originale di Linkifier<\/span><\/a>\n\n\n<p><\/p>\n\n\n\n<h2>Confrontare i conti FileFactory<\/h2>\n\n\n\n<figure class=\"wp-block-table\"><table class=\"\"><tbody><tr><td>CARATTERISTICHE<\/td><td>\u00a0Anonimo<br> (Tipo di utente)<\/td><td>Gratuito(Tipo di utente)<\/td><td>Premium (tipo di utente)<\/td><\/tr><tr><td>Velocit\u00e0 per il download<\/td><td>Fino a 50 KB<\/td><td>Fino a 100 KB\/s<\/td><td>Senza limiti<\/td><\/tr><tr><td>Numero di tempi di download<\/td><td>1<\/td><td>1<\/td><td>Senza limiti<\/td><\/tr><tr><td>Periodo di giorni per la conservazione dei file<\/td><td>Nessuno<\/td><td>30 giorni<\/td><td>Senza limiti<\/td><\/tr><tr><td>Dimensioni supportate di una cartella o di un file da caricare<\/td><td>No<\/td><td>5 GB<\/td><td>5 GB<\/td><\/tr><tr><td>Dimensioni supportate di una cartella o di un file da scaricare<\/td><td>5 GB<\/td><td>5 GB<\/td><td>5 GB<\/td><\/tr><tr><td>Ha il Download Manager<\/td><td>No<\/td><td>No<\/td><td>S\u00ec<\/td><\/tr><tr><td>Ha il curriculum vitae da scaricare<\/td><td>No<\/td><td>No<\/td><td>S\u00ec<\/td><\/tr><tr><td>Link per il download diretto<\/td><td>No<\/td><td>No<\/td><td>S\u00ec<\/td><\/tr><tr><td>Numero di <a rel=\"noreferrer noopener\" aria-label=\"banner pubblicitari (opens in a new tab)\" href=\"https:\/\/www.investopedia.com\/terms\/b\/banneradvertising.asp\" target=\"_blank\">banner pubblicitari<\/a> e <a rel=\"noreferrer noopener\" aria-label=\"popup (opens in a new tab)\" href=\"https:\/\/www.webopedia.com\/TERM\/P\/popup_ad.html\" target=\"_blank\">popup<\/a><\/td><td>Molti<\/td><td> Pochi<\/td><td>Nessuno<\/td><\/tr><tr><td>Caricare i file utilizzando il <a rel=\"noreferrer noopener\" aria-label=\"File Transfer Protocol (FTP) (opens in a new tab)\" href=\"https:\/\/www.techopedia.com\/definition\/1872\/file-transfer-protocol-ftp\" target=\"_blank\">File Transfer Protocol (FTP)<\/a><\/td><td>No<\/td><td>No<\/td><td>S\u00ec<\/td><\/tr><tr><td>Ha un Filebox Uploader<\/td><td>No<\/td><td>S\u00ec<\/td><td>S\u00ec<\/td><\/tr><tr><td>Priorit\u00e0 di supporto<\/td><td>No<\/td><td>No<\/td><td>S\u00ec<\/td><\/tr><tr><td>Gestione dei file con cartelle<\/td><td>No<\/td><td>S\u00ec<\/td><td>S\u00ec<\/td><\/tr><tr><td>Cancellazione e ridenominazione dei file<\/td><td>No<\/td><td>S\u00ec<\/td><td>S\u00ec<\/td><\/tr><\/tbody><\/table><\/figure>\n\n\n\n<p>*KB significa Kilobyte<br> *GB significa Gigabyte<\/p>\n\n\n\n<h2>Pagamenti per FileFactory <\/h2>\n\n\n\n<p>FileFactory accetta e supporta tutti i tipi di carte di credito, Paypal e FileFactory Verified Reseller per le transazioni di pagamento.<\/p>\n\n\n\n<h2>Guadagnare utilizzando FileFactory<\/h2>\n\n\n\n<p>Guadagnare qui su FileFactory \u00e8 consentito sia per gli account FileFactory Free che FileFactory Premium.<\/p>\n\n\n\n<p>Di seguito sono riportati due (2) modi per guadagnare denaro utilizzando il FileFactory:<\/p>\n\n\n\n<h3>1. Pagamento per vendita <\/h3>\n\n\n\n<p>La commissione Pay Per Sale qui \u00e8 del novanta per cento (90%) per tutti gli utenti che hanno nuove vendite e per tutti i file e i rinvii viene dato il cinquanta per cento (50%) in base alle sessioni. <\/p>\n\n\n\n<p>Questo viene fornito con il programma di affiliazione. Il tracciamento automatico dei link e dei download dei file affiliati sar\u00e0 basato su ogni sessione utilizzando i cookie del sito.<\/p>\n\n\n\n<h3>2. Pay Per Download<\/h3>\n\n\n\n<p>Gli utenti possono guadagnare le seguenti tariffe per ogni mille (1000) download di file a seconda dei gruppi di paesi.<\/p>\n\n\n\n<p>TARIFFE PER GRUPPI DI PAESI (A-D)<\/p>\n\n\n\n<figure class=\"wp-block-table\"><table class=\"\"><tbody><tr><td>Dimensione di un file<\/td><td>A<\/td><td>B<\/td><td>C<\/td><td>D<\/td><\/tr><tr><td>10 MB &#8211; 299 MB<\/td><td>$5<\/td><td>$3<\/td><td>$1<\/td><td>$0.50<\/td><\/tr><tr><td>300 MB &#8211; 499 MB<\/td><td>$10<\/td><td>$6<\/td><td>$1<\/td><td>$0.50<\/td><\/tr><tr><td>500 MB &#8211; 999 MB<\/td><td>$20<\/td><td>$7<\/td><td>$2<\/td><td>$0.50<\/td><\/tr><tr><td>Oltre 1 GB<\/td><td>$40<\/td><td>$10<\/td><td>$3<\/td><td>$1<\/td><\/tr><\/tbody><\/table><\/figure>\n\n\n\n<figure class=\"wp-block-table\"><table class=\"\"><tbody><tr><td>Per i paesi di America, Australia, Canada e Regno Unito (Regno Unito) questi appartengono ad A Group.<br> Per i paesi di Austria, Belgio, Danimarca, Finlandia, Francia, Germania, Grecia, Italia, Giappone, Paesi Bassi, Nuova Zelanda, Norvegia, Russia, Spagna, Svezia e Svizzera, appartengono al Gruppo B.<br> Per i paesi di Argentina, Brasile, Cipro, Repubblica Ceca, Hong Kong, Irlanda, Israele, Malesia, Mauritius, Messico, Polonia, Portogallo, Singapore, Sudafrica e Turchia, questi appartengono al Gruppo C<br> Per tutti gli altri paesi non menzionati nei gruppi A, B e C, questi appartengono al gruppo D.<\/td><\/tr><\/tbody><\/table><\/figure>\n\n\n\n<p>*MB = Megabyte *GB = Gigabyte<\/p>\n\n\n\n<p>Per un download da considerare e per essere qualificati, leggere le seguenti regole di Pay Per Download.<\/p>\n\n\n\n<figure class=\"wp-block-table\"><table class=\"\"><tbody><tr><td>FileFactory Free Account \/ Membro Anonimo <\/td><td>Membro del conto Premium di FileFactory<\/td><\/tr><tr><td>Se un membro gratuito o anonimo scarica lo stesso file in 24 ore sar\u00e0 conteggiato come 1.<br> Se un membro gratuito o anonimo scarica 5 file diversi in 24 ore, sar\u00e0 contato come 5.<br> Se diversi membri gratuiti o anonimi scaricano 5 volte lo stesso file in 24 ore, saranno contati come 5.<br> Il download dei file dell&#8217;utente nel suo account FileFactory non viene conteggiato.<\/td><td>Se un membro Premium scarica 5 volte lo stesso file in 24 ore, sar\u00e0 conteggiato come 1.<br> Se un membro Premium scarica 5 file diversi in 24 ore, sar\u00e0 conteggiato come 5.<br> Se diversi membri Premium scaricano 5 volte lo stesso file in 24 ore, saranno conteggiati come 5.<br> Il download dei file dell&#8217;utente nel suo account FileFactory non viene conteggiato.<\/td><\/tr><\/tbody><\/table><\/figure>\n\n\n\n<p>SUGGERIMENTI:<\/p>\n\n\n\n<ol><li>Caricare i file che sono popolari o di tendenza nei tempi attuali.<\/li><li> Utilizzare strategie di marketing e di condivisione come e-mail, blog, social media come Facebook e Twitter, e altri modi per aumentare il numero di condivisioni, spettatori e download.<\/li><\/ol>\n\n\n\n<h2>Centro di supporto di FileFactory <\/h2>\n\n\n\n<p>Gli utenti di FileFactory possono contattare il centro di supporto di FileFactory in caso di problemi o richieste. Inoltre, possono andare alla pagina delle Frequently Asked Questions (FAQ) di FileFactory per leggere alcune informazioni dei diversi articoli su FileFactory e trovare le risposte.<\/p>\n\n\n<a class=\"maxbutton-2 maxbutton maxbutton-cta\" target=\"_blank\" rel=\"nofollow noopener\" href=\"\/go\/\"><span class='mb-text'>&gt;&gt; Vai al sito web originale di Linkifier<\/span><\/a>\n\n\n<p><\/p>\n","protected":false},"excerpt":{"rendered":"<p>Informazioni su FileFactory FileFactory \u00e8 un servizio gratuito per l&#8217;archiviazione e l&#8217;hosting di file. \u00c8 stato fondato e rilasciato nel<\/p>\n","protected":false},"author":2,"featured_media":0,"parent":0,"menu_order":0,"comment_status":"closed","ping_status":"closed","template":"","meta":[],"yoast_head":"<!-- This site is optimized with the Yoast SEO plugin v18.3 - https:\/\/yoast.com\/wordpress\/plugins\/seo\/ -->\n<title>Filefactory Premium Conto: Il Filehoster In Sintesi<\/title>\n<meta name=\"description\" content=\"Se Filefactory \u00e8 un fornitore affidabile o meno, potete trovare la risposta nel test in corso su Multihoster.org \u279c Cliccate ora \u271a per leggere le nostre esperienze!\" \/>\n<meta name=\"robots\" content=\"index, follow, max-snippet:-1, max-image-preview:large, max-video-preview:-1\" \/>\n<link rel=\"canonical\" href=\"https:\/\/multihoster.org\/it\/filefactory-2\/\" \/>\n<meta property=\"og:locale\" content=\"it_IT\" \/>\n<meta property=\"og:type\" content=\"article\" \/>\n<meta property=\"og:title\" content=\"Filefactory Premium Conto: Il Filehoster In Sintesi\" \/>\n<meta property=\"og:description\" content=\"Se Filefactory \u00e8 un fornitore affidabile o meno, potete trovare la risposta nel test in corso su Multihoster.org \u279c Cliccate ora \u271a per leggere le nostre esperienze!\" \/>\n<meta property=\"og:url\" content=\"https:\/\/multihoster.org\/it\/filefactory-2\/\" \/>\n<meta property=\"og:site_name\" content=\"Multihoster.org\" \/>\n<meta property=\"article:modified_time\" content=\"2020-04-22T13:12:05+00:00\" \/>\n<meta property=\"og:image\" content=\"https:\/\/lh5.googleusercontent.com\/E_85ShbDJEwMU3bWL8XisrxKHczS1iTxaFdenH1gnImK_rmTuC_IeeXrYvd0MMxfD6MnFUPT7vbxcxsNQx0qOiylgHATd69Q35KgcHcTqoHy_QPLocrlW5mP43UHW8UwJrGYtgk\" \/>\n<meta name=\"twitter:card\" content=\"summary\" \/>\n<meta name=\"twitter:label1\" content=\"Tempo di lettura stimato\" \/>\n\t<meta name=\"twitter:data1\" content=\"8 minuti\" \/>\n<script type=\"application\/ld+json\" class=\"yoast-schema-graph\">{\"@context\":\"https:\/\/schema.org\",\"@graph\":[{\"@type\":\"WebSite\",\"@id\":\"https:\/\/multihoster.org\/#website\",\"url\":\"https:\/\/multihoster.org\/\",\"name\":\"Multihoster.org\",\"description\":\"Reviews of the major Filehosting services\",\"potentialAction\":[{\"@type\":\"SearchAction\",\"target\":{\"@type\":\"EntryPoint\",\"urlTemplate\":\"https:\/\/multihoster.org\/?s={search_term_string}\"},\"query-input\":\"required name=search_term_string\"}],\"inLanguage\":\"it-IT\"},{\"@type\":\"ImageObject\",\"@id\":\"https:\/\/multihoster.org\/it\/filefactory-2\/#primaryimage\",\"inLanguage\":\"it-IT\",\"url\":\"https:\/\/lh5.googleusercontent.com\/E_85ShbDJEwMU3bWL8XisrxKHczS1iTxaFdenH1gnImK_rmTuC_IeeXrYvd0MMxfD6MnFUPT7vbxcxsNQx0qOiylgHATd69Q35KgcHcTqoHy_QPLocrlW5mP43UHW8UwJrGYtgk\",\"contentUrl\":\"https:\/\/lh5.googleusercontent.com\/E_85ShbDJEwMU3bWL8XisrxKHczS1iTxaFdenH1gnImK_rmTuC_IeeXrYvd0MMxfD6MnFUPT7vbxcxsNQx0qOiylgHATd69Q35KgcHcTqoHy_QPLocrlW5mP43UHW8UwJrGYtgk\"},{\"@type\":\"WebPage\",\"@id\":\"https:\/\/multihoster.org\/it\/filefactory-2\/#webpage\",\"url\":\"https:\/\/multihoster.org\/it\/filefactory-2\/\",\"name\":\"Filefactory Premium Conto: Il Filehoster In Sintesi\",\"isPartOf\":{\"@id\":\"https:\/\/multihoster.org\/#website\"},\"primaryImageOfPage\":{\"@id\":\"https:\/\/multihoster.org\/it\/filefactory-2\/#primaryimage\"},\"datePublished\":\"2020-04-15T11:45:16+00:00\",\"dateModified\":\"2020-04-22T13:12:05+00:00\",\"description\":\"Se Filefactory \u00e8 un fornitore affidabile o meno, potete trovare la risposta nel test in corso su Multihoster.org \u279c Cliccate ora \u271a per leggere le nostre esperienze!\",\"breadcrumb\":{\"@id\":\"https:\/\/multihoster.org\/it\/filefactory-2\/#breadcrumb\"},\"inLanguage\":\"it-IT\",\"potentialAction\":[{\"@type\":\"ReadAction\",\"target\":[\"https:\/\/multihoster.org\/it\/filefactory-2\/\"]}]},{\"@type\":\"BreadcrumbList\",\"@id\":\"https:\/\/multihoster.org\/it\/filefactory-2\/#breadcrumb\",\"itemListElement\":[{\"@type\":\"ListItem\",\"position\":1,\"name\":\"Startseite\",\"item\":\"https:\/\/multihoster.org\/it\/\"},{\"@type\":\"ListItem\",\"position\":2,\"name\":\"Filefactory Premium Conto: Il Filehoster In Sintesi\"}]}]}<\/script>\n<!-- \/ Yoast SEO plugin. -->","yoast_head_json":{"title":"Filefactory Premium Conto: Il Filehoster In Sintesi","description":"Se Filefactory \u00e8 un fornitore affidabile o meno, potete trovare la risposta nel test in corso su Multihoster.org \u279c Cliccate ora \u271a per leggere le nostre esperienze!","robots":{"index":"index","follow":"follow","max-snippet":"max-snippet:-1","max-image-preview":"max-image-preview:large","max-video-preview":"max-video-preview:-1"},"canonical":"https:\/\/multihoster.org\/it\/filefactory-2\/","og_locale":"it_IT","og_type":"article","og_title":"Filefactory Premium Conto: Il Filehoster In Sintesi","og_description":"Se Filefactory \u00e8 un fornitore affidabile o meno, potete trovare la risposta nel test in corso su Multihoster.org \u279c Cliccate ora \u271a per leggere le nostre esperienze!","og_url":"https:\/\/multihoster.org\/it\/filefactory-2\/","og_site_name":"Multihoster.org","article_modified_time":"2020-04-22T13:12:05+00:00","og_image":[{"url":"https:\/\/lh5.googleusercontent.com\/E_85ShbDJEwMU3bWL8XisrxKHczS1iTxaFdenH1gnImK_rmTuC_IeeXrYvd0MMxfD6MnFUPT7vbxcxsNQx0qOiylgHATd69Q35KgcHcTqoHy_QPLocrlW5mP43UHW8UwJrGYtgk"}],"twitter_card":"summary","twitter_misc":{"Tempo di lettura stimato":"8 minuti"},"schema":{"@context":"https:\/\/schema.org","@graph":[{"@type":"WebSite","@id":"https:\/\/multihoster.org\/#website","url":"https:\/\/multihoster.org\/","name":"Multihoster.org","description":"Reviews of the major Filehosting services","potentialAction":[{"@type":"SearchAction","target":{"@type":"EntryPoint","urlTemplate":"https:\/\/multihoster.org\/?s={search_term_string}"},"query-input":"required name=search_term_string"}],"inLanguage":"it-IT"},{"@type":"ImageObject","@id":"https:\/\/multihoster.org\/it\/filefactory-2\/#primaryimage","inLanguage":"it-IT","url":"https:\/\/lh5.googleusercontent.com\/E_85ShbDJEwMU3bWL8XisrxKHczS1iTxaFdenH1gnImK_rmTuC_IeeXrYvd0MMxfD6MnFUPT7vbxcxsNQx0qOiylgHATd69Q35KgcHcTqoHy_QPLocrlW5mP43UHW8UwJrGYtgk","contentUrl":"https:\/\/lh5.googleusercontent.com\/E_85ShbDJEwMU3bWL8XisrxKHczS1iTxaFdenH1gnImK_rmTuC_IeeXrYvd0MMxfD6MnFUPT7vbxcxsNQx0qOiylgHATd69Q35KgcHcTqoHy_QPLocrlW5mP43UHW8UwJrGYtgk"},{"@type":"WebPage","@id":"https:\/\/multihoster.org\/it\/filefactory-2\/#webpage","url":"https:\/\/multihoster.org\/it\/filefactory-2\/","name":"Filefactory Premium Conto: Il Filehoster In Sintesi","isPartOf":{"@id":"https:\/\/multihoster.org\/#website"},"primaryImageOfPage":{"@id":"https:\/\/multihoster.org\/it\/filefactory-2\/#primaryimage"},"datePublished":"2020-04-15T11:45:16+00:00","dateModified":"2020-04-22T13:12:05+00:00","description":"Se Filefactory \u00e8 un fornitore affidabile o meno, potete trovare la risposta nel test in corso su Multihoster.org \u279c Cliccate ora \u271a per leggere le nostre esperienze!","breadcrumb":{"@id":"https:\/\/multihoster.org\/it\/filefactory-2\/#breadcrumb"},"inLanguage":"it-IT","potentialAction":[{"@type":"ReadAction","target":["https:\/\/multihoster.org\/it\/filefactory-2\/"]}]},{"@type":"BreadcrumbList","@id":"https:\/\/multihoster.org\/it\/filefactory-2\/#breadcrumb","itemListElement":[{"@type":"ListItem","position":1,"name":"Startseite","item":"https:\/\/multihoster.org\/it\/"},{"@type":"ListItem","position":2,"name":"Filefactory Premium Conto: Il Filehoster In Sintesi"}]}]}},"_links":{"self":[{"href":"https:\/\/multihoster.org\/it\/wp-json\/wp\/v2\/pages\/4253"}],"collection":[{"href":"https:\/\/multihoster.org\/it\/wp-json\/wp\/v2\/pages"}],"about":[{"href":"https:\/\/multihoster.org\/it\/wp-json\/wp\/v2\/types\/page"}],"author":[{"embeddable":true,"href":"https:\/\/multihoster.org\/it\/wp-json\/wp\/v2\/users\/2"}],"replies":[{"embeddable":true,"href":"https:\/\/multihoster.org\/it\/wp-json\/wp\/v2\/comments?post=4253"}],"version-history":[{"count":2,"href":"https:\/\/multihoster.org\/it\/wp-json\/wp\/v2\/pages\/4253\/revisions"}],"predecessor-version":[{"id":4285,"href":"https:\/\/multihoster.org\/it\/wp-json\/wp\/v2\/pages\/4253\/revisions\/4285"}],"wp:attachment":[{"href":"https:\/\/multihoster.org\/it\/wp-json\/wp\/v2\/media?parent=4253"}],"curies":[{"name":"wp","href":"https:\/\/api.w.org\/{rel}","templated":true}]}}