{"id":4375,"date":"2020-04-16T15:45:17","date_gmt":"2020-04-16T15:45:17","guid":{"rendered":"https:\/\/multihoster.org\/fileboom-2\/"},"modified":"2020-04-23T10:30:46","modified_gmt":"2020-04-23T10:30:46","slug":"fileboom-2","status":"publish","type":"page","link":"https:\/\/multihoster.org\/it\/fileboom-2\/","title":{"rendered":"FileBoom Premium Conto: Il Filehoster In Sintesi"},"content":{"rendered":"\n<div class=\"wp-block-image\"><figure class=\"aligncenter\"><img src=\"https:\/\/lh6.googleusercontent.com\/CxrQlUrEqHUGytbKIXRKTBE5iOTePxQV1007Gp6AtDosm-ZPTakFqyaZuB0n_18sdTGcoM65JLOGrxaR5iLyMvJjuM7sNzCR3WB645azwwUip3X9bdRsvVxmU0XR7L5oGDv9SH4\" alt=\"FileBoom logo\"\/><\/figure><\/div>\n\n\n<a class=\"maxbutton-2 maxbutton maxbutton-cta\" target=\"_blank\" rel=\"nofollow noopener\" href=\"\/go\/\"><span class='mb-text'>&gt;&gt; Vai al sito web originale di Linkifier<\/span><\/a>\n\n\n<p><\/p>\n\n\n\n<h2>Perch\u00e9 usare Fileboom?<\/h2>\n\n\n\n<p>FileBoom \u00e8 un sito sicuro al 100% e al 100% per caricare, conservare, scaricare e condividere file, sia che si tratti di file importanti o meno. <\/p>\n\n\n\n<p>Un utente non deve preoccuparsi dei suoi dati perch\u00e9 FileBoom pu\u00f2 offrire un&#8217;archiviazione sicura al 100% per conservare i file. Tutti i file e i download qui sono protetti utilizzando la tecnologia di crittografia nel loro sistema. Tutte le transazioni sono sicure perch\u00e9 FileBoom utilizza il Secure Sockets Layer o la tecnologia di crittografia SSL insieme alla firma a 128 bit del <a rel=\"noreferrer noopener\" aria-label=\"VeriSign (opens in a new tab)\" href=\"https:\/\/en.wikipedia.org\/wiki\/Verisign\" target=\"_blank\">VeriSign<\/a>.<\/p>\n\n\n\n<p>Ha anche una velocit\u00e0 e una larghezza di banda molto veloce per ogni download di un file e permette di trasferire i file in breve tempo. <\/p>\n\n\n\n<p>Se una persona vuole bing i suoi file, pu\u00f2 salvare tutto sul sito FileBoom, quindi ovunque si trovi e ogni volta che avr\u00e0 bisogno di un file da inviare o da condividere o da visualizzare o da presentare, pu\u00f2 semplicemente accedere al sito FileBoom senza l&#8217;uso di alcuna unit\u00e0 flash o di qualsiasi altra unit\u00e0 esterna o di archiviazione e senza nemmeno preoccuparsi della dimensione del file.<\/p>\n\n\n\n<p>Inoltre, il sito FileBoom \u00e8 accessibile a qualsiasi dispositivo attraverso qualsiasi browser web con l&#8217;aiuto di una connessione internet.<\/p>\n\n\n\n<div class=\"wp-block-image\"><figure class=\"alignright\"><img src=\"https:\/\/lh4.googleusercontent.com\/TE6YeHqhuqCouM2nZVVNGTs4ttRgSZKicLQI_KLEQll3m-OHBUiiIjcUkQSRLG_SPn2DB5tEkreIrrB9os5WeBMjgpnMob9XSHjLMcUvl8x743gKUgkYLdaGA0m0ohjDaeDYJxI\" alt=\"FileBoom Languages\"\/><\/figure><\/div>\n\n\n\n<p>Inoltre, il sito FileBoom supporta due (2) lingue diverse. Queste sono l&#8217;inglese e il giapponese. Un utente pu\u00f2 commutare il pulsante EN per passare alla lingua inglese e il carattere giapponese per passare alla lingua giapponese.<\/p>\n\n\n\n<p>FileBoom permette ai suoi utenti di utilizzare qualsiasi strumento di download o acceleratore di download per accelerare il processo di download. Un utente pu\u00f2 utilizzare Internet Download Manager o IDM, JDownloader, Download Accelerator Plus e altri.<\/p>\n\n\n\n<p>Tipi di caricamento dei file sul sito FileBoom:<\/p>\n\n\n\n<ol><li>Caricamento file<\/li><li> Flash Upload<\/li><li> Caricamento remoto<\/li><\/ol>\n\n\n\n<p>Spostamento di un file sul sito FileBoom:<\/p>\n\n\n\n<p>Ci sono due (2) modi per spostare uno o pi\u00f9 file di un utente.<\/p>\n\n\n\n<ol><li>Drag and Drop &#8211; Un utente pu\u00f2 eseguire il drag and drop per spostare uno o pi\u00f9 file in una cartella specifica. <\/li><li> Modifica &#8211; Un utente pu\u00f2 selezionare uno o pi\u00f9 file, quindi cliccare sul pulsante &#8220;EDIT&#8221; e scegliere la posizione in cui vuole spostare il file o i file.<\/li><\/ol>\n\n\n\n<h2>FileBoom: I conti<\/h2>\n\n\n\n<p>FileBoom permette solo agli utenti che hanno tredici o pi\u00f9 di tredici anni di et\u00e0 di accedere al loro sito e ai servizi e non consente l&#8217;accesso a account multipli o duplicati degli utenti. Se FileBoom trova un account di questo tipo, lo canceller\u00e0 automaticamente. <\/p>\n\n\n\n<p>Se un utente non ha ancora un account su FileBoom, pu\u00f2 prendersi il tempo di compilare il modulo di registrazione di FileBoom per creare il suo account. Deve inserire un nome completo valido, un indirizzo e-mail e una password nel modulo di registrazione di FileBoom e deve reinserire la sua password per verificare la password. Un utente deve spuntare il pulsante &#8220;CREARE ACCOUNT UTENTE&#8221; per inviare le informazioni con successo. Dopo di che, un utente avr\u00e0 il suo account e l&#8217;accesso alle funzionalit\u00e0 e ai servizi del sito FileBoom.<\/p>\n\n\n\n<figure class=\"wp-block-image\"><img src=\"https:\/\/lh6.googleusercontent.com\/hkO2ARhvoeZjlFGjLUqs4RNsbgir12DHGPTMK_-lcBhYZdvcDJDy3-6W_23KDb2iHuY-znbGj0XnWYnmVz82bKOFxM20A5p7n0AiGRAnYH1KmELXbvGUwZw_DiOLGADl2uVlRUk\" alt=\"VK\"\/><\/figure>\n\n\n\n<p>Se un utente ha gi\u00e0 un account su FileBoom, pu\u00f2 andare alla pagina di login di FileBoom e inserire l&#8217;indirizzo e-mail e la password del suo account. Tutti i dettagli devono essere inseriti correttamente per assicurarsi che possa accedere con successo al sito FileBoom. Un utente pu\u00f2 anche accedere tramite Facebook, Twitter, VK e Google Plus. Un utente deve spuntare il pulsante &#8220;Log in&#8221;, per procedere al suo account su FileBoom.<\/p>\n\n\n\n<p>Se un utente ha domande o problemi relativi all&#8217;acquisto dell&#8217;Account Premium FileBoom, il modo pi\u00f9 veloce \u00e8 quello di contattare il servizio clienti FileBoom.<\/p>\n\n\n\n<figure class=\"wp-block-table\"><table class=\"\"><tbody><tr><td>Un utente non deve caricare sul sito FileBoom nessun file o contenuto che contenga violenza o pornografia e che abbia il copyright o che non abbia il permesso di usarlo, condividerlo o caricarlo. Se si trovano file di questo tipo, FileBoom canceller\u00e0 immediatamente, terminer\u00e0 o sospender\u00e0 l&#8217;account dell&#8217;utente.<\/td><\/tr><\/tbody><\/table><\/figure>\n\n\n\n<p>FileBoom ha due (2) diversi tipi di conto: il conto gratuito FileBoom e il conto Premium FileBoom.<\/p>\n\n\n\n<p>Le differenze tra i due sono:<\/p>\n\n\n\n<ul><li>Un utente dell&#8217;Account FileBoom Premium pu\u00f2 scaricare molti file contemporaneamente, mentre un utente dell&#8217;Account FileBoom Free pu\u00f2 scaricare un solo file uno alla volta.<\/li><li> Un utente dell&#8217;account Premium FileBoom pu\u00f2 sperimentare un caricamento e un download di file pi\u00f9 veloce rispetto ad un utente dell&#8217;account gratuito FileBoom.<\/li><li> Un utente dell&#8217;account gratuito FileBoom Free deve aspettare per quanti secondi prima di poter scaricare un file, mentre un utente dell&#8217;account Premium FileBoom pu\u00f2 scaricare un file immediatamente senza aspettare secondi.<\/li><li> Un utente dell&#8217;Account FileBoom Free pu\u00f2 vedere gli annunci sul sito FileBoom mentre un utente dell&#8217;Account FileBoom Premium.<\/li><\/ul>\n\n\n\n<h3>Caratteristiche dell&#8217;account FileBoom Free e FileBoom Premium<\/h3>\n\n\n\n<figure class=\"wp-block-table\"><table class=\"\"><tbody><tr><td>Tipo di conto FileBoom<\/td><td>Tariffe di velocit\u00e0 per il download <\/td><td>Inizio dei download<\/td><td>Ha un acceleratore per il download?<\/td><td>Ha un curriculum vitae da scaricare?<\/td><td>Download di pi\u00f9 file contemporaneamente<\/td><\/tr><tr><td>Conto gratuito<\/td><td>Troppo lento<\/td><td>Il download inizier\u00e0 dopo 30 secondi<\/td><td>X<\/td><td>X<\/td><td>X<\/td><\/tr><tr><td>Conto Premium <\/td><td>Veloce<\/td><td>Il download inizier\u00e0 immediatamente senza attendere secondi<\/td><td>\u2713<\/td><td>\u2713<\/td><td>\u2713<\/td><\/tr><\/tbody><\/table><\/figure>\n\n\n\n<figure class=\"wp-block-table\"><table class=\"\"><tbody><tr><td>Tipo di conto FileBoom<\/td><td>Caricamento via FTP<\/td><td>Caricamento via HTTP<\/td><\/tr><tr><td>Conto gratuito <\/td><td>X<\/td><td>X<\/td><\/tr><tr><td>Conto Premium <\/td><td>\u2713<\/td><td>\u2713<\/td><\/tr><\/tbody><\/table><\/figure>\n\n\n\n<figure class=\"wp-block-table\"><table class=\"\"><tbody><tr><td>Tipo di conto FileBoom<\/td><td>Tipo di file<\/td><td>Dimensione massima di un file<\/td><td>Per quanto tempo vengono conservati i file?<\/td><\/tr><tr><td>Conto gratuito <\/td><td>Qualsiasi<\/td><td>500 MB o 0,5 GB<\/td><td>30 giorni o 1 mese<\/td><\/tr><tr><td>Conto Premium <\/td><td> Qualsiasi <\/td><td>5000 MB o 5 GB<\/td><td>90 giorni o 2 mesi<\/td><\/tr><\/tbody><\/table><\/figure>\n\n\n\n<p>*MB \u00e8 per Megabyte e GB \u00e8 per Gigabyte<\/p>\n\n\n<a class=\"maxbutton-2 maxbutton maxbutton-cta\" target=\"_blank\" rel=\"nofollow noopener\" href=\"\/go\/\"><span class='mb-text'>&gt;&gt; Vai al sito web originale di Linkifier<\/span><\/a>\n\n\n<p><\/p>\n\n\n\n<h3>Acquisto del conto FileBoom Premium<\/h3>\n\n\n\n<p>Un utente pu\u00f2 selezionare uno dei seguenti tipi di Account Premium FileBoom che vuole acquistare e utilizzare. <\/p>\n\n\n\n<p>I prezzi del conto FileBoom Premium<\/p>\n\n\n\n<figure class=\"wp-block-table\"><table class=\"\"><tbody><tr><td>N. di giorni o mesi<\/td><td>Importo<\/td><td>Importo al giorno<\/td><td>Tasse o spese nascoste<\/td><td>\u00c8 privo di pubblicit\u00e0?<\/td><td>E&#8217; assicurata?<\/td><\/tr><tr><td>3 giorni<\/td><td>6,95 USD<\/td><td>2,32 USD<\/td><td>Nessuno<\/td><td>S\u00ec<\/td><td>S\u00ec<\/td><\/tr><tr><td>1 mese<\/td><td>16,95 USD<\/td><td>0,56 USD<\/td><td>Nessuno<\/td><td>S\u00ec<\/td><td>S\u00ec<\/td><\/tr><tr><td>2 mesi<\/td><td>41,95 USD<\/td><td>0,47 USD<\/td><td>Nessuno<\/td><td>S\u00ec<\/td><td>S\u00ec<\/td><\/tr><tr><td>12 mesi<\/td><td>113,95 USD<\/td><td>0,31 USD<\/td><td>Nessuno<\/td><td>S\u00ec<\/td><td>S\u00ec<\/td><\/tr><\/tbody><\/table><\/figure>\n\n\n\n<p>L&#8217;acquisto e il pagamento degli utenti qui su FileBoom \u00e8 sicuro al 100% e sicuro al 100%. Tutte le transazioni, soprattutto quelle finanziarie, sono criptate, quindi non c&#8217;\u00e8 nulla di cui preoccuparsi.<\/p>\n\n\n\n<p>Un utente pu\u00f2 pagare utilizzando le seguenti opzioni di pagamento FileBoom:<\/p>\n\n\n\n<ul><li>PayPal<\/li><li> Rivenditori di FileBoom <\/li><li> Visto <\/li><li> MasterCard<\/li><li> American Express<\/li><li> Scopri la carta<\/li><li> Ufficio di credito del Giappone o JCB <\/li><\/ul>\n\n\n\n<p>Dopo il buon esito dell&#8217;acquisto dell&#8217;Account FileBoom Premium, all&#8217;indirizzo e-mail dell&#8217;utente verr\u00e0 inviato un messaggio di conferma e un codice di attivazione dell&#8217;Account FileBoom Premium.<\/p>\n\n\n\n<p>Il rivenditore di FileBoom o FileBoom stesso invier\u00e0 all&#8217;indirizzo e-mail dell&#8217;utente un codice di attivazione di quaranta (40) caratteri con una combinazione di numeri e lettere. Se un utente ha pagato con successo l&#8217;Account Premium FileBoom e non riceve il messaggio di conferma o il codice di attivazione, deve contattare FileBoom o il rivenditore FileBoom. Di solito, il codice di attivazione viene inviato nella Posta in arrivo di un&#8217;e-mail, ma un utente deve sempre controllare anche la sua cartella spam o di posta indesiderata.<\/p>\n\n\n\n<figure class=\"wp-block-image\"><img src=\"https:\/\/lh3.googleusercontent.com\/aVw7UisiyildOJQ6jCxSM7a218_0lqaVn9GFA6r7fXrj8C6ePpPlXaAWPAXoYbX0ShCg18os_IEhdos_4w8PJeHtEooP_XzaX-Uh4_QOa3vms97ZmSQJCaNTZDk4dGt1MKqs6Zk\" alt=\"\"\/><\/figure>\n\n\n\n<p>Un codice di attivazione \u00e8 molto importante per un utente che ha acquistato il FileBoom Premium Account pu\u00f2 attivare e utilizzare tutte le sue funzioni Premium di FileBoom. Seguite la procedura sottostante per attivarlo.<\/p>\n\n\n\n<ol><li>Un utente dovrebbe andare sul sito FileBoom per accedere al suo account.<\/li><li> Andare alla pagina di attivazione di FileBoom.<\/li><li> Vedere l&#8217;immagine a fianco. \u2192<\/li><li> L&#8217;utente deve inserire l&#8217;indirizzo e-mail del suo account e il codice di attivazione corretto dell&#8217;account FileBoom Premium.<\/li><li> Controllare il &#8220;Non sono un robot&#8221; per mostrare il CAPTCHA. Seguire le istruzioni per il CAPTCHA.<\/li><li> Infine, un utente dovrebbe spuntare sul pulsante &#8220;Invia&#8221; per inviare il codice di attivazione e FileBoom verificher\u00e0 se \u00e8 valido.<\/li><\/ol>\n\n\n\n<p>Se si tratta di un codice di attivazione valido, allora l&#8217;account dell&#8217;utente sar\u00e0 sicuramente attivato con FileBoom Premium Account e potr\u00e0 ora utilizzare tutte le funzionalit\u00e0 e i servizi di FileBoom Premium.<\/p>\n\n\n\n<h2>Problemi durante l&#8217;accesso al sito FileBoom e ai file<\/h2>\n\n\n\n<figure class=\"wp-block-table\"><table class=\"\"><tbody><tr><td>Errore 401 o &#8220;401 Non autorizzato: Temp URL non valido&#8221;<\/td><\/tr><\/tbody><\/table><\/figure>\n\n\n\n<p>Quando un utente sta scaricando un file ma poi improvvisamente un errore 401 o &#8220;401 Non autorizzato&#8221;: Temp URL non valido&#8221; appare, succede perch\u00e9 il servizio FileBoom cambia sempre il protocollo Internet o gli indirizzi IP dei suoi utenti che ha fatto pensare al sistema di sicurezza di FileBoom che un account utente sia stato violato, allora il sistema di sicurezza di Fileboom bloccher\u00e0 il link corrente a cui l&#8217;utente sta accedendo.<\/p>\n\n\n\n<p>In questo caso, il team di sicurezza di Fileboom raccomanda agli utenti di utilizzare una <a rel=\"noreferrer noopener\" aria-label=\"rete privata virtuale (VPN) (opens in a new tab)\" href=\"https:\/\/www.cisco.com\/c\/en\/us\/products\/security\/vpn-endpoint-security-clients\/what-is-vpn.html\" target=\"_blank\">rete privata virtuale (VPN)<\/a> o un <a rel=\"noreferrer noopener\" aria-label=\"server proxy (opens in a new tab)\" href=\"https:\/\/en.wikipedia.org\/wiki\/Proxy_server\" target=\"_blank\">server proxy<\/a> pubblico quando accedono al sito FileBoom e alle sue caratteristiche e servizi.<\/p>\n\n\n\n<p>Di seguito sono riportate le reti private virtuali (VPN) consigliate da FileBoom:<\/p>\n\n\n\n<ul><li>Hot VPN &#8211; Questa VPN \u00e8 solo per gli utenti di FileBoom Premium). Funziona bene ed \u00e8 molto facile da usare.<\/li><li> CyberGhost VPN<\/li><li> Hotspot Shield<\/li><\/ul>\n\n\n\n<p>Per il Public Proxy Server, gli utenti possono impostarlo sulle impostazioni proxy della LAN del loro dispositivo o sulle impostazioni di rete o di rete. <\/p>\n\n\n\n<figure class=\"wp-block-table\"><table class=\"\"><tbody><tr><td>Errore 503<\/td><\/tr><\/tbody><\/table><\/figure>\n\n\n\n<p>Quando un utente scarica un file ma poi riceve un errore 503, \u00e8 perch\u00e9 il server \u00e8 in manutenzione. FileBoom suggerisce che un utente dovrebbe provare a scaricare il file la prossima volta.<\/p>\n\n\n\n<figure class=\"wp-block-table\"><table class=\"\"><tbody><tr><td>&#8220;Spiacenti, questo file \u00e8 bloccato o cancellato&#8221;.<\/td><\/tr><\/tbody><\/table><\/figure>\n\n\n\n<p>Quando un utente non pu\u00f2 scaricare un file specifico, a causa di questo messaggio, \u00e8 perch\u00e9 il file \u00e8 gi\u00e0 stato cancellato dal caricatore o semplicemente dal proprietario. <\/p>\n\n\n\n<p>Il link per il download del file specifico non \u00e8 pi\u00f9 accessibile. Un utente pu\u00f2 inviare un messaggio al team di FileBoom per richiederlo. Basta assicurarsi di includere il link di quel file, il messaggio di errore, lo screenshot, il browser web che sta utilizzando, la versione e la descrizione.<\/p>\n\n\n\n<h3>Hai problemi a caricare la pagina di download e il CAPTCHA?<\/h3>\n\n\n\n<p>Se un utente ha problemi a caricare la pagina di download del sito FileBoom e i CAPTCHA, FileBoom suggerisce di provare ad accedere o utilizzare il sito su altri browser come Internet Explorer (IE) o Google Chrome.<\/p>\n\n\n<a class=\"maxbutton-2 maxbutton maxbutton-cta\" target=\"_blank\" rel=\"nofollow noopener\" href=\"\/go\/\"><span class='mb-text'>&gt;&gt; Vai al sito web originale di Linkifier<\/span><\/a>\n\n\n<p><\/p>\n","protected":false},"excerpt":{"rendered":"<p>Perch\u00e9 usare Fileboom? FileBoom \u00e8 un sito sicuro al 100% e al 100% per caricare, conservare, scaricare e condividere file,<\/p>\n","protected":false},"author":2,"featured_media":0,"parent":0,"menu_order":0,"comment_status":"closed","ping_status":"closed","template":"","meta":[],"yoast_head":"<!-- This site is optimized with the Yoast SEO plugin v18.3 - https:\/\/yoast.com\/wordpress\/plugins\/seo\/ -->\n<title>FileBoom Premium Conto: Il Filehoster In Sintesi<\/title>\n<meta name=\"description\" content=\"Se FileBoom \u00e8 un fornitore affidabile o meno, potete trovare la risposta nel test in corso su Multihoster.org \u279c Cliccate ora \u271a per leggere le nostre esperienze!\" \/>\n<meta name=\"robots\" content=\"index, follow, max-snippet:-1, max-image-preview:large, max-video-preview:-1\" \/>\n<link rel=\"canonical\" href=\"https:\/\/multihoster.org\/it\/fileboom-2\/\" \/>\n<meta property=\"og:locale\" content=\"it_IT\" \/>\n<meta property=\"og:type\" content=\"article\" \/>\n<meta property=\"og:title\" content=\"FileBoom Premium Conto: Il Filehoster In Sintesi\" \/>\n<meta property=\"og:description\" content=\"Se FileBoom \u00e8 un fornitore affidabile o meno, potete trovare la risposta nel test in corso su Multihoster.org \u279c Cliccate ora \u271a per leggere le nostre esperienze!\" \/>\n<meta property=\"og:url\" content=\"https:\/\/multihoster.org\/it\/fileboom-2\/\" \/>\n<meta property=\"og:site_name\" content=\"Multihoster.org\" \/>\n<meta property=\"article:modified_time\" content=\"2020-04-23T10:30:46+00:00\" \/>\n<meta property=\"og:image\" content=\"https:\/\/lh6.googleusercontent.com\/CxrQlUrEqHUGytbKIXRKTBE5iOTePxQV1007Gp6AtDosm-ZPTakFqyaZuB0n_18sdTGcoM65JLOGrxaR5iLyMvJjuM7sNzCR3WB645azwwUip3X9bdRsvVxmU0XR7L5oGDv9SH4\" \/>\n<meta name=\"twitter:card\" content=\"summary\" \/>\n<meta name=\"twitter:label1\" content=\"Tempo di lettura stimato\" \/>\n\t<meta name=\"twitter:data1\" content=\"8 minuti\" \/>\n<script type=\"application\/ld+json\" class=\"yoast-schema-graph\">{\"@context\":\"https:\/\/schema.org\",\"@graph\":[{\"@type\":\"WebSite\",\"@id\":\"https:\/\/multihoster.org\/#website\",\"url\":\"https:\/\/multihoster.org\/\",\"name\":\"Multihoster.org\",\"description\":\"Reviews of the major Filehosting services\",\"potentialAction\":[{\"@type\":\"SearchAction\",\"target\":{\"@type\":\"EntryPoint\",\"urlTemplate\":\"https:\/\/multihoster.org\/?s={search_term_string}\"},\"query-input\":\"required name=search_term_string\"}],\"inLanguage\":\"it-IT\"},{\"@type\":\"ImageObject\",\"@id\":\"https:\/\/multihoster.org\/it\/fileboom-2\/#primaryimage\",\"inLanguage\":\"it-IT\",\"url\":\"https:\/\/lh6.googleusercontent.com\/CxrQlUrEqHUGytbKIXRKTBE5iOTePxQV1007Gp6AtDosm-ZPTakFqyaZuB0n_18sdTGcoM65JLOGrxaR5iLyMvJjuM7sNzCR3WB645azwwUip3X9bdRsvVxmU0XR7L5oGDv9SH4\",\"contentUrl\":\"https:\/\/lh6.googleusercontent.com\/CxrQlUrEqHUGytbKIXRKTBE5iOTePxQV1007Gp6AtDosm-ZPTakFqyaZuB0n_18sdTGcoM65JLOGrxaR5iLyMvJjuM7sNzCR3WB645azwwUip3X9bdRsvVxmU0XR7L5oGDv9SH4\"},{\"@type\":\"WebPage\",\"@id\":\"https:\/\/multihoster.org\/it\/fileboom-2\/#webpage\",\"url\":\"https:\/\/multihoster.org\/it\/fileboom-2\/\",\"name\":\"FileBoom Premium Conto: Il Filehoster In Sintesi\",\"isPartOf\":{\"@id\":\"https:\/\/multihoster.org\/#website\"},\"primaryImageOfPage\":{\"@id\":\"https:\/\/multihoster.org\/it\/fileboom-2\/#primaryimage\"},\"datePublished\":\"2020-04-16T15:45:17+00:00\",\"dateModified\":\"2020-04-23T10:30:46+00:00\",\"description\":\"Se FileBoom \u00e8 un fornitore affidabile o meno, potete trovare la risposta nel test in corso su Multihoster.org \u279c Cliccate ora \u271a per leggere le nostre esperienze!\",\"breadcrumb\":{\"@id\":\"https:\/\/multihoster.org\/it\/fileboom-2\/#breadcrumb\"},\"inLanguage\":\"it-IT\",\"potentialAction\":[{\"@type\":\"ReadAction\",\"target\":[\"https:\/\/multihoster.org\/it\/fileboom-2\/\"]}]},{\"@type\":\"BreadcrumbList\",\"@id\":\"https:\/\/multihoster.org\/it\/fileboom-2\/#breadcrumb\",\"itemListElement\":[{\"@type\":\"ListItem\",\"position\":1,\"name\":\"Startseite\",\"item\":\"https:\/\/multihoster.org\/it\/\"},{\"@type\":\"ListItem\",\"position\":2,\"name\":\"FileBoom Premium Conto: Il Filehoster In Sintesi\"}]}]}<\/script>\n<!-- \/ Yoast SEO plugin. -->","yoast_head_json":{"title":"FileBoom Premium Conto: Il Filehoster In Sintesi","description":"Se FileBoom \u00e8 un fornitore affidabile o meno, potete trovare la risposta nel test in corso su Multihoster.org \u279c Cliccate ora \u271a per leggere le nostre esperienze!","robots":{"index":"index","follow":"follow","max-snippet":"max-snippet:-1","max-image-preview":"max-image-preview:large","max-video-preview":"max-video-preview:-1"},"canonical":"https:\/\/multihoster.org\/it\/fileboom-2\/","og_locale":"it_IT","og_type":"article","og_title":"FileBoom Premium Conto: Il Filehoster In Sintesi","og_description":"Se FileBoom \u00e8 un fornitore affidabile o meno, potete trovare la risposta nel test in corso su Multihoster.org \u279c Cliccate ora \u271a per leggere le nostre esperienze!","og_url":"https:\/\/multihoster.org\/it\/fileboom-2\/","og_site_name":"Multihoster.org","article_modified_time":"2020-04-23T10:30:46+00:00","og_image":[{"url":"https:\/\/lh6.googleusercontent.com\/CxrQlUrEqHUGytbKIXRKTBE5iOTePxQV1007Gp6AtDosm-ZPTakFqyaZuB0n_18sdTGcoM65JLOGrxaR5iLyMvJjuM7sNzCR3WB645azwwUip3X9bdRsvVxmU0XR7L5oGDv9SH4"}],"twitter_card":"summary","twitter_misc":{"Tempo di lettura stimato":"8 minuti"},"schema":{"@context":"https:\/\/schema.org","@graph":[{"@type":"WebSite","@id":"https:\/\/multihoster.org\/#website","url":"https:\/\/multihoster.org\/","name":"Multihoster.org","description":"Reviews of the major Filehosting services","potentialAction":[{"@type":"SearchAction","target":{"@type":"EntryPoint","urlTemplate":"https:\/\/multihoster.org\/?s={search_term_string}"},"query-input":"required name=search_term_string"}],"inLanguage":"it-IT"},{"@type":"ImageObject","@id":"https:\/\/multihoster.org\/it\/fileboom-2\/#primaryimage","inLanguage":"it-IT","url":"https:\/\/lh6.googleusercontent.com\/CxrQlUrEqHUGytbKIXRKTBE5iOTePxQV1007Gp6AtDosm-ZPTakFqyaZuB0n_18sdTGcoM65JLOGrxaR5iLyMvJjuM7sNzCR3WB645azwwUip3X9bdRsvVxmU0XR7L5oGDv9SH4","contentUrl":"https:\/\/lh6.googleusercontent.com\/CxrQlUrEqHUGytbKIXRKTBE5iOTePxQV1007Gp6AtDosm-ZPTakFqyaZuB0n_18sdTGcoM65JLOGrxaR5iLyMvJjuM7sNzCR3WB645azwwUip3X9bdRsvVxmU0XR7L5oGDv9SH4"},{"@type":"WebPage","@id":"https:\/\/multihoster.org\/it\/fileboom-2\/#webpage","url":"https:\/\/multihoster.org\/it\/fileboom-2\/","name":"FileBoom Premium Conto: Il Filehoster In Sintesi","isPartOf":{"@id":"https:\/\/multihoster.org\/#website"},"primaryImageOfPage":{"@id":"https:\/\/multihoster.org\/it\/fileboom-2\/#primaryimage"},"datePublished":"2020-04-16T15:45:17+00:00","dateModified":"2020-04-23T10:30:46+00:00","description":"Se FileBoom \u00e8 un fornitore affidabile o meno, potete trovare la risposta nel test in corso su Multihoster.org \u279c Cliccate ora \u271a per leggere le nostre esperienze!","breadcrumb":{"@id":"https:\/\/multihoster.org\/it\/fileboom-2\/#breadcrumb"},"inLanguage":"it-IT","potentialAction":[{"@type":"ReadAction","target":["https:\/\/multihoster.org\/it\/fileboom-2\/"]}]},{"@type":"BreadcrumbList","@id":"https:\/\/multihoster.org\/it\/fileboom-2\/#breadcrumb","itemListElement":[{"@type":"ListItem","position":1,"name":"Startseite","item":"https:\/\/multihoster.org\/it\/"},{"@type":"ListItem","position":2,"name":"FileBoom Premium Conto: Il Filehoster In Sintesi"}]}]}},"_links":{"self":[{"href":"https:\/\/multihoster.org\/it\/wp-json\/wp\/v2\/pages\/4375"}],"collection":[{"href":"https:\/\/multihoster.org\/it\/wp-json\/wp\/v2\/pages"}],"about":[{"href":"https:\/\/multihoster.org\/it\/wp-json\/wp\/v2\/types\/page"}],"author":[{"embeddable":true,"href":"https:\/\/multihoster.org\/it\/wp-json\/wp\/v2\/users\/2"}],"replies":[{"embeddable":true,"href":"https:\/\/multihoster.org\/it\/wp-json\/wp\/v2\/comments?post=4375"}],"version-history":[{"count":1,"href":"https:\/\/multihoster.org\/it\/wp-json\/wp\/v2\/pages\/4375\/revisions"}],"predecessor-version":[{"id":4386,"href":"https:\/\/multihoster.org\/it\/wp-json\/wp\/v2\/pages\/4375\/revisions\/4386"}],"wp:attachment":[{"href":"https:\/\/multihoster.org\/it\/wp-json\/wp\/v2\/media?parent=4375"}],"curies":[{"name":"wp","href":"https:\/\/api.w.org\/{rel}","templated":true}]}}