{"id":4401,"date":"2020-04-23T12:54:44","date_gmt":"2020-04-23T12:54:44","guid":{"rendered":"https:\/\/multihoster.org\/upload-cd\/"},"modified":"2020-05-29T14:16:44","modified_gmt":"2020-05-29T14:16:44","slug":"upload-cd","status":"publish","type":"page","link":"https:\/\/multihoster.org\/it\/upload-cd\/","title":{"rendered":"Upload.cd Premium Conto: Il Filehoster In Sintesi"},"content":{"rendered":"<a class=\"maxbutton-2 maxbutton maxbutton-cta\" target=\"_blank\" rel=\"nofollow noopener\" href=\"\/go\/\"><span class='mb-text'>&gt;&gt; Vai al sito web originale di Linkifier<\/span><\/a>\n\n\n<p><\/p>\n\n\n\n<h2>Che cos&#8217;\u00e8 Upload.cd?<\/h2>\n\n\n\n<p>Upload.cd deriva dalla parola stessa &#8220;upload&#8221; che \u00e8 per caricare o ospitare i file degli utenti sul loro sito. Il sito Upload.cd \u00e8 disponibile in qualsiasi parte del mondo. \u00c8 un sito di archiviazione sicuro e affidabile ed \u00e8 supportato dal <a rel=\"noreferrer noopener\" aria-label=\"servizio cloud (opens in a new tab)\" href=\"https:\/\/www.webopedia.com\/TERM\/C\/cloud_services.html\" target=\"_blank\">servizio cloud<\/a> che pu\u00f2 essere utilizzato per diverse cose.<\/p>\n\n\n\n<ul><li>Il sito Upload.cd pu\u00f2 essere utilizzato come capacit\u00e0 di archiviazione remota per il backup di qualsiasi tipo di file o dati dell&#8217;utente.<\/li><li> Il sito Upload.cd pu\u00f2 essere usato come un aiuto o uno strumento per trasferire o inviare file da una persona ad un&#8217;altra o anche a pi\u00f9 persone. \u00c8 un grande aiuto per tutte le persone perch\u00e9 non daranno troppo sforzo e tempo per farlo che usare la posta elettronica per allegare i loro file da inviare agli altri.<\/li><li> Il sito Upload.cd pu\u00f2 essere utilizzato per scaricare uno o pi\u00f9 file di un utente con l&#8217;aiuto di un browser web.<\/li><li> Il sito Upload.cd \u00e8 utilizzato per condividere uno o pi\u00f9 file in modo veloce e sicuro con chiunque.<\/li><\/ul>\n\n\n\n<p>Il sito Upload.cd e i server sono protetti. Si sta utilizzando la crittografia che \u00e8 il 256-bit di <a rel=\"noreferrer noopener\" aria-label=\"Secure Sockets Layer o SSL (opens in a new tab)\" href=\"https:\/\/www.cloudflare.com\/learning\/ssl\/what-is-ssl\/\" target=\"_blank\">Secure Sockets Layer o SSL<\/a> su tutte le pagine del sito web. La protezione del sito e dei server impedir\u00e0 a un hacker di rubare le informazioni di alcuni utenti, soprattutto per il pagamento. Un utente pu\u00f2 accedere al sito di Upload.cd attraverso i browser web su qualsiasi dispositivo dotato di connessione internet.<\/p>\n\n\n\n<p>Un utente pu\u00f2 Upload.cd qualsiasi tipo di file come musica (wav, mp3, wma, ecc.), video (mpg, mpeg-4, avi, ecc.), e documenti (doc\/docx, xlsx, pdf, ppt, ecc.). L&#8217;utente deve ricordare che tutti i file che egli o lei Upload.cd sul sito Upload.cd sono considerati riservati e privati che non possono essere accessibili da altre persone in pubblico, tranne quando il proprietario o Upload.cder del file impostare il permesso per loro di accedere o di visualizzare il file dell&#8217;utente.<\/p>\n\n\n\n<figure class=\"wp-block-table\"><table><tbody><tr><td>Che cos&#8217;\u00e8 l&#8217;SSL? SSL \u00e8 il termine breve per il Secure Sockets Layer. \u00c8 uno dei titoli sviluppati nella tecnologia moderna. Viene utilizzato per creare un link che viene criptato per proteggere i dati. Di solito viene utilizzato per i siti web o per i browser e le e-mail.<\/td><\/tr><\/tbody><\/table><\/figure>\n\n\n\n<h2>Account utente su Upload.cd<\/h2>\n\n\n\n<p>Upload.cd.cd ha tre (3) tipi di account utente.<\/p>\n\n\n\n<ol><li>Upload.cd Free Account (Ospite),<\/li><li> Upload.cd Conto Registrato, e<\/li><li> Upload.cd Account Premium<\/li><\/ol>\n\n\n\n<p>Se un utente vuole diventare membro di Upload.cd o se un utente vuole acquistare un pacchetto di Upload.cd Premium Account, deve registrarsi prima sulla pagina di registrazione del sito Upload.cd. <\/p>\n\n\n\n<p>Per registrarsi, un utente deve riempire i seguenti campi e deve farlo nella registrazione di Upload.cd.<\/p>\n\n\n\n<ul><li>Il nome di un utente<\/li><li> L&#8217;indirizzo e-mail di un utente<\/li><\/ul>\n\n\n\n<p>*L&#8217;indirizzo e-mail di un utente non sar\u00e0 inviato ad altre parti o non sar\u00e0 utilizzato per altri scopi, ma sar\u00e0 utilizzato SOLO per i servizi del sito Upload.cd.<\/p>\n\n\n\n<ul><li>Una password che lui o lei vuole. (Questa \u00e8 necessaria per ridigitare di nuovo per la garanzia)<\/li><\/ul>\n\n\n\n<p>*Una password viene utilizzata per la protezione dell&#8217;account e delle informazioni dell&#8217;utente. Quindi, \u00e8 responsabilit\u00e0 dell&#8217;utente mantenere segreta la propria password per mantenere l&#8217;account al sicuro. Se un utente accede ad altri computer o dispositivi, assicurarsi che l&#8217;account sia disconnesso dopo l&#8217;uso per assicurarsi che nessuno possa accedere all&#8217;account.<\/p>\n\n\n\n<ul><li>Deve accettare i Termini e la Politica del sito Upload.cd.<\/li><li> L&#8217;utente deve digitare il codice CAPTCHA corretto sull&#8217;immagine. Se non capisce i codici CAPTCHA dell&#8217;immagine, clicca sull&#8217;icona di aggiornamento per mostrare un nuovo codice CAPTCHA.<\/li><\/ul>\n\n\n\n<p>Dopo che un utente ha finito di riempire tutti i campi, deve cliccare sul pulsante &#8220;Invia&#8221; per inviare le sue informazioni a Upload. Dopo di che, egli o lei sar\u00e0 un membro registrato ora di Upload.cd sia gratuitamente, registrato, o Premium Account. Inoltre, ora pu\u00f2 acquistare uno qualsiasi dei pacchetti Premium di Upload.cd.<\/p>\n\n\n\n<h2>FAQ: Upload.cd Conto Premium<\/h2>\n\n\n\n<h3><strong>1. Non riesci a ricordare la password per l&#8217;account utente di Upload.cd?<\/strong><\/h3>\n\n\n\n<p>Se un utente non riesce a ricordare la sua password, si consiglia di andare alla pagina di recupero password del sito Upload.cd. L&#8217;indirizzo e-mail dell&#8217;utente deve essere inserito perch\u00e9 \u00e8 qui che Upload.cd invier\u00e0 la nuova password temporanea per l&#8217;account Upload.cd dell&#8217;utente entro cinque (5) &#8211; dieci (10) minuti. Un utente dovrebbe controllare la posta in arrivo, lo spam o la cartella della posta indesiderata sulla sua e-mail per questo. Pu\u00f2 modificarla in qualsiasi momento sulle impostazioni del suo account del sito Upload.cd. Un utente dovrebbe cliccare sul pulsante &#8220;Ripristina&#8221; per inviare la sua richiesta a Upload.cd per il recupero della password. <\/p>\n\n\n\n<h3><strong>2. Vuoi cancellare un account utente di Upload.cd?<\/strong><\/h3>\n\n\n\n<p>Per cancellare l&#8217;account di un utente, deve inviare un messaggio al team di supporto di Upload.cd. Scegliere come oggetto del messaggio la &#8220;Cancellazione dell&#8217;account&#8221; e cliccare su &#8220;Invia&#8221;. Un utente pu\u00f2 anche inviare tramite e-mail di Upload.cd all&#8217;indirizzo support@upload.cd con lo stesso titolo dell&#8217;oggetto. In seguito, sar\u00e0 il team di Upload.cd a cancellarlo per voi.<\/p>\n\n\n\n<h3><strong>3. Vuoi inviare un messaggio a Upload.cd?<\/strong><\/h3>\n\n\n\n<p>Se un utente ha domande o richieste o feedback sul sito Upload.cd, sulle funzionalit\u00e0 di Upload.cd e sui servizi Upload.cd, pu\u00f2 inviare un messaggio attraverso la pagina dei contatti del sito Upload.cd. Il nome dell&#8217;utente, l&#8217;indirizzo email, l&#8217;oggetto, il messaggio e un captcha sono richiesti per essere compilati sulla pagina dei contatti, quindi, egli o lei dovrebbe cliccare sul pulsante &#8220;Invia&#8221; per inviare il messaggio al team di Upload.cd.<\/p>\n\n\n<a class=\"maxbutton-2 maxbutton maxbutton-cta\" target=\"_blank\" rel=\"nofollow noopener\" href=\"\/go\/\"><span class='mb-text'>&gt;&gt; Vai al sito web originale di Linkifier<\/span><\/a>\n\n\n<p><\/p>\n\n\n\n<figure class=\"wp-block-table\"><table><tbody><tr><td>Che cos&#8217;\u00e8 il CAPTCHA? Un CAPTCHA \u00e8 un breve termine utilizzato per il &#8220;Test di Turing pubblico completamente automatizzato per dire ai computer e agli esseri umani a parte&#8221;. Si compone di diverse lettere, numeri, simboli o immagini che vengono utilizzati per verificare se una persona \u00e8 reale o solo spam o un robot. <\/td><\/tr><\/tbody><\/table><\/figure>\n\n\n\n<p>Se un utente appartiene all&#8217;account gratuito di Upload.cd, si possono verificare alcuni problemi come errori sul sito quando si cerca di scaricare un file a causa del traffico di rete quando molti utenti stanno scaricando, ma questo problema non si verifica quando un utente appartiene all&#8217;account Premium di Upload.cd, perch\u00e9 gli utenti Premium sono prioritari sui server del sito Upload.cd. <\/p>\n\n\n\n<p>Si prega di guardare la tabella qui sotto per vedere le diverse caratteristiche o servizi del sito Upload.cd per i diversi tipi di account utente.<\/p>\n\n\n\n<p>Caratteristiche o servizi di Upload.cd<\/p>\n\n\n\n<figure class=\"wp-block-table\"><table><tbody><tr><td>Tipo di account utente di Upload.cd<\/td><td>Velocit\u00e0 di download<\/td><td>Numero di download<\/td><td>Capacit\u00e0 dello spazio di stoccaggio<\/td><td>Tempo di attesa per il download<\/td><td>Scarica le limitazioni<\/td><td>Pu\u00f2 riprendere i download<\/td><td>Annunci e CAPTCHAS?<\/td><td>Sicuro?<\/td><\/tr><tr><td>Conto gratuito <\/td><td>Fino a 50 kilobyte al secondo (50 KB\/s)<\/td><td>1<\/td><td>Zero gigabyte (0 GB)<\/td><td>Il download inizier\u00e0 dopo sessanta (60) secondi o un (1) minuto<\/td><td>Solo un (1) file pu\u00f2 essere scaricato ogni tre (3) ore<\/td><td>Nessun download del curriculum vitae<\/td><td>S\u00ec<\/td><td>S\u00ec<\/td><\/tr><tr><td>Conto Registrato <\/td><td>Fino a 80 kilobyte al secondo (80 KB\/s)<\/td><td>1<\/td><td>Cinquanta gigabyte (50 GB)<\/td><td>Il download inizier\u00e0 dopo trenta (30) secondi<\/td><td>Solo un (1) file pu\u00f2 essere scaricato ogni tre (3) ore<\/td><td>Nessun download del curriculum vitae<\/td><td>S\u00ec<\/td><td>S\u00ec<\/td><\/tr><tr><td>Conto Premium <\/td><td>Velocit\u00e0 di download illimitata<\/td><td>Numero illimitato di download di file<\/td><td>Cinquecento gigabyte (500 GB)<\/td><td>Nessun tempo di attesa per il download di file o file<\/td><td>Nessun tempo di attesa per il download di file o file<\/td><td>Pu\u00f2 riprendere il file in pausa o i file da scaricare<\/td><td>Nessuno<\/td><td>S\u00ec<\/td><\/tr><\/tbody><\/table><\/figure>\n\n\n\n<h2>Upload.cd Account Premium<\/h2>\n\n\n\n<figure class=\"wp-block-table\"><table><tbody><tr><td>No. di mesi:<\/td><td>1 mese<\/td><td>2 mesi<\/td><td>6 mesi<\/td><td>12 mesi<\/td><\/tr><tr><td>Prezzo:<\/td><td>15,99 USD<\/td><td>34,99 USD<\/td><td>53,99 USD (il prezzo originale \u00e8 di 54,99 USD)<\/td><td>87,99 USD (il prezzo originale \u00e8 di 89,99 USD)<\/td><\/tr><\/tbody><\/table><\/figure>\n\n\n\n<figure class=\"wp-block-table\"><table><tbody><tr><td>Il tempo di consegna di questi pacchi richiede solo poco tempo per circa tre (3) minuti fino a due (2) ore.<\/td><\/tr><\/tbody><\/table><\/figure>\n\n\n\n<p><strong>Dove pu\u00f2 acquistare e pagare il pacchetto Upload.cd Premium?<\/strong><\/p>\n\n\n\n<ol><li>Un utente pu\u00f2 acquistare i Pacchetti Premium Upload.cd utilizzando il sito Upload.cd che si trova su Upload.cd.cd tramite PayPal o carte di credito.<\/li><li> Un utente pu\u00f2 acquistare i Pacchetti Upload.cd Premium attraverso i rivenditori ufficiali di Upload.cd Premium tramite PayPal.<\/li><li> Altre opzioni supportate per il pagamento del pacchetto Upload.cd Premium:<\/li><\/ol>\n\n\n\n<figure class=\"wp-block-table\"><table><tbody><tr><td>Skrill<\/td><td>Carte di credito (Visa Card e MasterCard)<\/td><td>Bitcoin o Altcoin qualsiasi portafoglio digitale con bitcoin<\/td><td>Bonifico bancario o bonifico bancario<\/td><td> Alfa-Click<\/td><td>HSBC(Hongkong e Shanghai Banking Corporation)<\/td><td>Dotpay (pagamento elettronico)<\/td><\/tr><tr><td>American Express<\/td><td>WebMoney<\/td><td>Soldi perfetti<\/td><td>Santander Rio<\/td><td>Banco de Chile<\/td><td>Sberbank<\/td><td>WebPay plus<\/td><\/tr><tr><td>Paysafe card<\/td><td>Amazon<\/td><td>RED LINK<\/td><td>Red Compra<\/td><td>Moneta&nbsp;<\/td><td>Faktura<\/td><td>One Card<\/td><\/tr><tr><td>Japan Credit Bureau (JCB)<\/td><td>Paysera<\/td><td>IDEALE (pagamento online)<\/td><td>QIWI Wallet<\/td><td>OXXO<\/td><td>GiroPay<\/td><td>Rivenditori ufficiali di Upload.cd<\/td><\/tr><\/tbody><\/table><\/figure>\n\n\n\n<p>Le informazioni di pagamento degli utenti sono criptate e non saranno memorizzate da Upload.cd sui loro server per mantenerle sicure e protette. <\/p>\n\n\n\n<h2>Alcuni suggerimenti o istruzioni per l&#8217;utilizzo di Upload.cd Premium Account<\/h2>\n\n\n\n<p><strong>Come acquistare un pacchetto Upload.cd Premium?<\/strong><\/p>\n\n\n\n<ol><li>Un utente deve prima effettuare il login al suo account sul sito Upload.cd. Se un utente non ha un account su Upload.cd, deve prima registrarsi.<\/li><li> L&#8217;utente deve decidere e selezionare il pacchetto Upload.cd Premium che desidera.<\/li><li> Cliccare sul pulsante &#8220;ACQUISTA ORA&#8221; per procedere con il check out del Pacchetto Upload.cd Premium selezionato.<\/li><li> Cliccare sul pulsante &#8220;Acquista&#8221; per pagare il pacchetto Upload.cd Premium selezionato.<\/li><li> Upload.cd invier\u00e0 all&#8217;utente un SMS o un messaggio di testo sul codice coupon Upload.cd Premium selezionato.<\/li><\/ol>\n\n\n\n<p><strong>Attivazione del codice coupon del pacchetto Premium Upload.cd<\/strong><\/p>\n\n\n\n<ol><li>Un utente deve prima effettuare il login al suo account sul sito Upload.cd. Se un utente non ha un account su Upload.cd, deve prima registrarsi.<\/li><li> Un utente pu\u00f2 ora inserire il codice <a href=\"https:\/\/www.investopedia.com\/terms\/c\/coupon.asp\" target=\"_blank\" rel=\"noreferrer noopener\" aria-label=\"coupon  (opens in a new tab)\">coupon <\/a>del Upload.cd Premium nella pagina Riscatta coupon.<\/li><li> Cliccare sul pulsante &#8220;Controlla&#8221; per Upload.cd per verificare che i codici coupon inseriti siano validi e corretti. Se \u00e8 valido e corretto, il pacchetto Upload.cd Premium che ha acquistato sar\u00e0 attivato sul suo account Upload.cd.<\/li><\/ol>\n\n\n\n<p><strong>Vuoi cancellare l&#8217;abbonamento all&#8217;account Upload.cd Premium?<\/strong><\/p>\n\n\n\n<p>Per cancellare l&#8217;abbonamento di un utente dall&#8217;account Premium di Upload.cd, l&#8217;utente deve inviare un messaggio al team di supporto di Upload.cd. Scegliere &#8220;Cancella abbonamento&#8221; come Oggetto del messaggio e cliccare su &#8220;Invia&#8221;. Un utente pu\u00f2 anche inviare tramite e-mail di Upload.cd all&#8217;indirizzo support@upload.cd con lo stesso titolo dell&#8217;oggetto. In seguito, sar\u00e0 il team di Upload.cd a cancellarlo per voi.<\/p>\n\n\n<a class=\"maxbutton-2 maxbutton maxbutton-cta\" target=\"_blank\" rel=\"nofollow noopener\" href=\"\/go\/\"><span class='mb-text'>&gt;&gt; Vai al sito web originale di Linkifier<\/span><\/a>\n\n\n<p><\/p>\n","protected":false},"excerpt":{"rendered":"<p>Che cos&#8217;\u00e8 Upload.cd? Upload.cd deriva dalla parola stessa &#8220;upload&#8221; che \u00e8 per caricare o ospitare i file degli utenti sul<\/p>\n","protected":false},"author":2,"featured_media":0,"parent":0,"menu_order":0,"comment_status":"closed","ping_status":"closed","template":"","meta":[],"yoast_head":"<!-- This site is optimized with the Yoast SEO plugin v18.3 - https:\/\/yoast.com\/wordpress\/plugins\/seo\/ -->\n<title>Upload.cd Premium Conto: Il Filehoster In Sintesi<\/title>\n<meta name=\"description\" content=\"Se Upload.cd \u00e8 un fornitore affidabile o meno, potete trovare la risposta nel test in corso su Multihoster.org \u279c Cliccate ora \u271a per leggere le nostre esperienze!\" \/>\n<meta name=\"robots\" content=\"index, follow, max-snippet:-1, max-image-preview:large, max-video-preview:-1\" \/>\n<link rel=\"canonical\" href=\"https:\/\/multihoster.org\/it\/upload-cd\/\" \/>\n<meta property=\"og:locale\" content=\"it_IT\" \/>\n<meta property=\"og:type\" content=\"article\" \/>\n<meta property=\"og:title\" content=\"Upload.cd Premium Conto: Il Filehoster In Sintesi\" \/>\n<meta property=\"og:description\" content=\"Se Upload.cd \u00e8 un fornitore affidabile o meno, potete trovare la risposta nel test in corso su Multihoster.org \u279c Cliccate ora \u271a per leggere le nostre esperienze!\" \/>\n<meta property=\"og:url\" content=\"https:\/\/multihoster.org\/it\/upload-cd\/\" \/>\n<meta property=\"og:site_name\" content=\"Multihoster.org\" \/>\n<meta property=\"article:modified_time\" content=\"2020-05-29T14:16:44+00:00\" \/>\n<meta name=\"twitter:card\" content=\"summary\" \/>\n<meta name=\"twitter:label1\" content=\"Tempo di lettura stimato\" \/>\n\t<meta name=\"twitter:data1\" content=\"8 minuti\" \/>\n<script type=\"application\/ld+json\" class=\"yoast-schema-graph\">{\"@context\":\"https:\/\/schema.org\",\"@graph\":[{\"@type\":\"WebSite\",\"@id\":\"https:\/\/multihoster.org\/#website\",\"url\":\"https:\/\/multihoster.org\/\",\"name\":\"Multihoster.org\",\"description\":\"Reviews of the major Filehosting services\",\"potentialAction\":[{\"@type\":\"SearchAction\",\"target\":{\"@type\":\"EntryPoint\",\"urlTemplate\":\"https:\/\/multihoster.org\/?s={search_term_string}\"},\"query-input\":\"required name=search_term_string\"}],\"inLanguage\":\"it-IT\"},{\"@type\":\"WebPage\",\"@id\":\"https:\/\/multihoster.org\/it\/upload-cd\/#webpage\",\"url\":\"https:\/\/multihoster.org\/it\/upload-cd\/\",\"name\":\"Upload.cd Premium Conto: Il Filehoster In Sintesi\",\"isPartOf\":{\"@id\":\"https:\/\/multihoster.org\/#website\"},\"datePublished\":\"2020-04-23T12:54:44+00:00\",\"dateModified\":\"2020-05-29T14:16:44+00:00\",\"description\":\"Se Upload.cd \u00e8 un fornitore affidabile o meno, potete trovare la risposta nel test in corso su Multihoster.org \u279c Cliccate ora \u271a per leggere le nostre esperienze!\",\"breadcrumb\":{\"@id\":\"https:\/\/multihoster.org\/it\/upload-cd\/#breadcrumb\"},\"inLanguage\":\"it-IT\",\"potentialAction\":[{\"@type\":\"ReadAction\",\"target\":[\"https:\/\/multihoster.org\/it\/upload-cd\/\"]}]},{\"@type\":\"BreadcrumbList\",\"@id\":\"https:\/\/multihoster.org\/it\/upload-cd\/#breadcrumb\",\"itemListElement\":[{\"@type\":\"ListItem\",\"position\":1,\"name\":\"Startseite\",\"item\":\"https:\/\/multihoster.org\/it\/\"},{\"@type\":\"ListItem\",\"position\":2,\"name\":\"Upload.cd Premium Conto: Il Filehoster In Sintesi\"}]}]}<\/script>\n<!-- \/ Yoast SEO plugin. -->","yoast_head_json":{"title":"Upload.cd Premium Conto: Il Filehoster In Sintesi","description":"Se Upload.cd \u00e8 un fornitore affidabile o meno, potete trovare la risposta nel test in corso su Multihoster.org \u279c Cliccate ora \u271a per leggere le nostre esperienze!","robots":{"index":"index","follow":"follow","max-snippet":"max-snippet:-1","max-image-preview":"max-image-preview:large","max-video-preview":"max-video-preview:-1"},"canonical":"https:\/\/multihoster.org\/it\/upload-cd\/","og_locale":"it_IT","og_type":"article","og_title":"Upload.cd Premium Conto: Il Filehoster In Sintesi","og_description":"Se Upload.cd \u00e8 un fornitore affidabile o meno, potete trovare la risposta nel test in corso su Multihoster.org \u279c Cliccate ora \u271a per leggere le nostre esperienze!","og_url":"https:\/\/multihoster.org\/it\/upload-cd\/","og_site_name":"Multihoster.org","article_modified_time":"2020-05-29T14:16:44+00:00","twitter_card":"summary","twitter_misc":{"Tempo di lettura stimato":"8 minuti"},"schema":{"@context":"https:\/\/schema.org","@graph":[{"@type":"WebSite","@id":"https:\/\/multihoster.org\/#website","url":"https:\/\/multihoster.org\/","name":"Multihoster.org","description":"Reviews of the major Filehosting services","potentialAction":[{"@type":"SearchAction","target":{"@type":"EntryPoint","urlTemplate":"https:\/\/multihoster.org\/?s={search_term_string}"},"query-input":"required name=search_term_string"}],"inLanguage":"it-IT"},{"@type":"WebPage","@id":"https:\/\/multihoster.org\/it\/upload-cd\/#webpage","url":"https:\/\/multihoster.org\/it\/upload-cd\/","name":"Upload.cd Premium Conto: Il Filehoster In Sintesi","isPartOf":{"@id":"https:\/\/multihoster.org\/#website"},"datePublished":"2020-04-23T12:54:44+00:00","dateModified":"2020-05-29T14:16:44+00:00","description":"Se Upload.cd \u00e8 un fornitore affidabile o meno, potete trovare la risposta nel test in corso su Multihoster.org \u279c Cliccate ora \u271a per leggere le nostre esperienze!","breadcrumb":{"@id":"https:\/\/multihoster.org\/it\/upload-cd\/#breadcrumb"},"inLanguage":"it-IT","potentialAction":[{"@type":"ReadAction","target":["https:\/\/multihoster.org\/it\/upload-cd\/"]}]},{"@type":"BreadcrumbList","@id":"https:\/\/multihoster.org\/it\/upload-cd\/#breadcrumb","itemListElement":[{"@type":"ListItem","position":1,"name":"Startseite","item":"https:\/\/multihoster.org\/it\/"},{"@type":"ListItem","position":2,"name":"Upload.cd Premium Conto: Il Filehoster In Sintesi"}]}]}},"_links":{"self":[{"href":"https:\/\/multihoster.org\/it\/wp-json\/wp\/v2\/pages\/4401"}],"collection":[{"href":"https:\/\/multihoster.org\/it\/wp-json\/wp\/v2\/pages"}],"about":[{"href":"https:\/\/multihoster.org\/it\/wp-json\/wp\/v2\/types\/page"}],"author":[{"embeddable":true,"href":"https:\/\/multihoster.org\/it\/wp-json\/wp\/v2\/users\/2"}],"replies":[{"embeddable":true,"href":"https:\/\/multihoster.org\/it\/wp-json\/wp\/v2\/comments?post=4401"}],"version-history":[{"count":4,"href":"https:\/\/multihoster.org\/it\/wp-json\/wp\/v2\/pages\/4401\/revisions"}],"predecessor-version":[{"id":4562,"href":"https:\/\/multihoster.org\/it\/wp-json\/wp\/v2\/pages\/4401\/revisions\/4562"}],"wp:attachment":[{"href":"https:\/\/multihoster.org\/it\/wp-json\/wp\/v2\/media?parent=4401"}],"curies":[{"name":"wp","href":"https:\/\/api.w.org\/{rel}","templated":true}]}}