{"id":4422,"date":"2020-04-23T13:10:23","date_gmt":"2020-04-23T13:10:23","guid":{"rendered":"https:\/\/multihoster.org\/vidto\/"},"modified":"2020-04-23T15:14:51","modified_gmt":"2020-04-23T15:14:51","slug":"vidto","status":"publish","type":"page","link":"https:\/\/multihoster.org\/it\/vidto\/","title":{"rendered":"Vidto Premium Conto: Il miglior sito per i servizi di streaming"},"content":{"rendered":"<a class=\"maxbutton-2 maxbutton maxbutton-cta\" target=\"_blank\" rel=\"nofollow noopener\" href=\"\/go\/\"><span class='mb-text'>&gt;&gt; Vai al sito web originale di Linkifier<\/span><\/a>\n\n\n<p><\/p>\n\n\n\n<h2>Che cos&#8217;\u00e8 Vidto?<\/h2>\n\n\n\n<p>Vidto \u00e8 uno dei migliori siti per i servizi di streaming. Le persone possono utilizzare il loro sito per lo streaming di video come documentari, cartoni animati o anime, film, film, spettacoli e altri generi di video. Il sito Vidto \u00e8 accessibile su qualsiasi dispositivo dotato di connessione internet. Gli utenti possono accedere al loro sito sul browser web per avviare lo streaming.<\/p>\n\n\n\n<h2>Vidto Premium Conto<\/h2>\n\n\n\n<p>I vantaggi di avere un Vidto Premium Conto<\/p>\n\n\n\n<ul><li>Gli utenti possono scaricare qualsiasi video dal sito di Vidto senza avere un tempo di attesa<\/li><li>Gli utenti sperimenteranno una velocit\u00e0 molto elevata nel download di qualsiasi video e nello streaming di qualsiasi video utilizzando l&#8217;account Vidto Premium.<\/li><li>Non ci sono pubblicit\u00e0 sulle pagine web del sito di Vidto.<\/li><li>Gli utenti sperimenteranno una velocit\u00e0 di streaming molto alta per i video.<\/li><li>Gli utenti possono utilizzare diversi gestori di download o scaricare software o siti di download se vogliono scaricare qualsiasi video dal sito di Vidto.<\/li><li>l&#8217;utente pu\u00f2 effettuare lo streaming di qualsiasi video ad alta definizione o di alta qualit\u00e0.<\/li><li>Gli utenti possono riprodurre o trasmettere in streaming i video in modalit\u00e0 online e offline.<\/li><li>Gli utenti possono salvare i video in modalit\u00e0 offline.<\/li><\/ul>\n\n\n\n<h2>Vidto: Scaricare i video<\/h2>\n\n\n\n<p>Alcune cose che gli utenti devono sapere sul download di video su Vidto:<\/p>\n\n\n\n<p><strong>D1: Cosa devono fare gli utenti se non possono scaricare alcun video dal sito di Vidto?<\/strong><\/p>\n\n\n\n<p>A1: Se gli utenti non possono scaricare alcun video dal sito di Vidto, possono utilizzare qualsiasi software o qualsiasi applicazione per la registrazione video o la cattura dello schermo per registrare il video con il suono di cui gli utenti hanno bisogno sul loro schermo. Questo \u00e8 ci\u00f2 che essi chiamano anche il metodo di &#8220;Raw Recording&#8221;.<\/p>\n\n\n\n<p><strong>D2: Gli utenti possono aprire e riprodurre i video che hanno scaricato dal sito di Vidto sui loro dispositivi?<\/strong><\/p>\n\n\n\n<p>A2: S\u00ec, quando gli utenti scaricano i video utilizzando un downloader sui loro dispositivi, di solito converte automaticamente il file video in un video di tipo mp4, in modo da poter aprire e riprodurre i video che hanno scaricato dal sito di Vidto. <\/p>\n\n\n\n<p><strong>D3: Gli utenti possono condividere i video che hanno scaricato dal sito di Vidto con le altre persone?<\/strong><\/p>\n\n\n\n<p>A3: Dopo aver scaricato i video dal sito di Vidto, gli utenti possono utilizzare questi video solo per uso personale, ma non possono condividerli sui social media o inviarli ad altre persone utilizzando lo strumento di condivisione o l&#8217;applicazione sui loro dispositivi. <\/p>\n\n\n\n<p><strong>D4: Gli utenti possono convertire il video in altri formati video dopo averlo scaricato dal sito di Vidto?<\/strong><\/p>\n\n\n\n<p>A4: S\u00ec, gli utenti possono convertire il video in altri formati video che vogliono che abbiano scaricato dal lato di Vidto.<\/p>\n\n\n\n<p><strong>D5: Scaricare video dal sito di Vidto \u00e8 legale o no?<\/strong><\/p>\n\n\n\n<p>A5: S\u00ec, \u00e8 sicuro e legale scaricare qualsiasi video dal sito di Vidto, ma dipende dai loro termini e condizioni perch\u00e9 ci sono video con copyright, quindi gli utenti dovranno prima chiedere il permesso al proprietario del video.<\/p>\n\n\n\n<h3>Cosa considerare quando gli utenti cercano un Video Downloader?<\/h3>\n\n\n\n<p>Quando gli utenti cercano un video downloader, dovrebbero considerare queste cose qui sotto.<\/p>\n\n\n\n<ul><li>Gli utenti devono verificare se l&#8217;interfaccia grafica o l&#8217;interfaccia grafica del software o del sito o dell&#8217;applicazione \u00e8 chiara, semplice e di facile utilizzo.<\/li><li>Il Video Downloader contiene una sola funzione o molte funzioni?<\/li><li>Gli utenti devono verificare se il Video Downloader ha una funzione per la conversione dei video scaricati in diversi tipi o formati video.<\/li><\/ul>\n\n\n\n<h3>Scaricare video da Vidto utilizzando i telefoni cellulari<\/h3>\n\n\n\n<p>Ci sono utenti che vogliono scaricare i video con i loro cellulari, quindi Vidto permette loro di usare il cellulare e di scaricare un downloader video che possono scaricare i video direttamente da Vidto. Possono usare il Google Play Store o l&#8217;App Store per cercare un video downloader.<\/p>\n\n\n\n<h2>Vidto: Abbonamento<\/h2>\n\n\n\n<p>Per scaricare i video, gli utenti possono iscriversi a Vidto. Dopo l&#8217;iscrizione, gli utenti possono salvare i video, in modo da poterli riprodurre in modalit\u00e0 offline. Sicuramente, \u00e8 una decisione molto importante abbonarsi.<\/p>\n\n\n<a class=\"maxbutton-2 maxbutton maxbutton-cta\" target=\"_blank\" rel=\"nofollow noopener\" href=\"\/go\/\"><span class='mb-text'>&gt;&gt; Vai al sito web originale di Linkifier<\/span><\/a>\n\n\n<h2>Vidto: Accesso al sito<\/h2>\n\n\n\n<h3>Cosa fare se il sito di Vidto \u00e8 inattivo per l&#8217;utente?<\/h3>\n\n\n\n<p>Se gli utenti stanno cercando di accedere al sito di Vidto, ma poi succede e sembra essere gi\u00f9, quindi devono provare a fare i sei (6) modi di risoluzione dei problemi qui sotto.<\/p>\n\n\n\n<p>1\u00b0 Modo \u2192 Gli utenti dovrebbero cercare di aggiornare il loro browser web premendo contemporaneamente i tasti CTRL + F5 oppure possono semplicemente premere il tasto F5. Se il problema non \u00e8 ancora risolto, si prega di procedere alla 2a via.<\/p>\n\n\n\n<p>2\u00b0 Via \u2192 Gli utenti dovrebbero controllare la loro connessione internet. Dovrebbero spegnere il <a href=\"https:\/\/www.lifewire.com\/difference-between-modem-and-router-4159854\" target=\"_blank\" rel=\"noreferrer noopener\" aria-label=\"modem o il router (opens in a new tab)\">modem o il router<\/a> e riavviare i dispositivi. Dopo aver riavviato il dispositivo, riaccenderlo (modem o router). Effettuare la cancellazione dei cookie e delle <a href=\"https:\/\/en.wikipedia.org\/wiki\/Cache_(computing)\" target=\"_blank\" rel=\"noreferrer noopener\" aria-label=\"cache (opens in a new tab)\">cache<\/a>. Se il problema non \u00e8 ancora risolto, procedere alla terza via.<\/p>\n\n\n\n<p>3\u00b0 Via \u2192 Gli utenti devono verificare le impostazioni del firewall dei loro dispositivi perch\u00e9 pu\u00f2 essere uno dei motivi per cui non \u00e8 possibile accedere correttamente al sito di Vidto. Possono disabilitare temporaneamente gli antivirali o i firewall. Quindi, se si pu\u00f2 accedere al sito di Vidto adesso dopo aver disabilitato gli antivirali o il firewall, significa che il problema \u00e8 causato dal software del dispositivo dell&#8217;utente. Se il problema non \u00e8 ancora risolto, allora si prega di procedere al 4\u00b0 modo.<\/p>\n\n\n\n<p>4\u00b0 Via \u2192 Gli utenti devono controllare le impostazioni proxy della loro rete, poi possono impostare il server proxy su automatico oppure possono contattare il loro amministratore di rete per essere sicuri che il server proxy impostato funzioni. Se il problema non \u00e8 ancora risolto, si prega di procedere al 5\u00b0 modo.<\/p>\n\n\n\n<p>5\u00b0 Modo \u2192 Gli utenti dovrebbero controllare le loro impostazioni di rete e dovrebbero provare ad aggiungere il sito di Vidto nei siti di fiducia del browser web. Se il problema non \u00e8 ancora risolto, si prega di procedere alla 6a strada.<\/p>\n\n\n\n<p>6\u00b0 Via \u2192 Se il problema \u00e8 ancora presente, allora il sistema dei nomi a dominio o DNS potrebbe esserne la causa. Questo \u00e8 un servizio che traduce il nome di dominio di Vidto in un protocollo Internet o in un formato di indirizzo IP che un computer pu\u00f2 comprendere. Gli utenti possono cancellare o eliminare il DNS inserendo questo comando &#8220;ipconfig \/flushdns&#8221; sul prompt dei comandi del loro dispositivo, sia che il funzionamento sia Windows, MAC OS, Linux. Se ancora non funziona, possono contattare l&#8217;Internet Service Provider o l&#8217;ISP che \u00e8 responsabile della gestione del DNS.<\/p>\n\n\n\n<h3>Cosa fare se c&#8217;\u00e8 un problema con il sito di Vidto?<\/h3>\n\n\n\n<p>Se gli utenti stanno cercando di accedere a Vidto, ma poi il sito ha un problema a causa del suo server, quindi devono provare a fare i due (2) modi di seguito.<\/p>\n\n\n\n<ol><li>Gli utenti possono tentare di aggiornare il sito o di riavviare il servizio del client DNS.<\/li><li>Gli utenti possono aspettare che il sito di Vidto sia di nuovo attivo e funzionante.<\/li><li>Gli utenti possono inviare le loro domande o preoccupazioni al loro account di social media su Facebook o Twitter.<\/li><\/ol>\n\n\n\n<h2>Vidto: Video in streaming<\/h2>\n\n\n\n<p><strong>Allora, cosa significa streaming?<\/strong><\/p>\n\n\n\n<p>Lo streaming significa che si tratta del trasferimento continuo dei dati di uno o pi\u00f9 file, compresi gli audio o i suoni e i video da un server a un client specifico. Un semplice esempio per questo \u00e8 quando le persone guardano qualsiasi programma televisivo o ascoltano qualsiasi podcast o qualsiasi musica con i loro dispositivi collegati a internet. Queste azioni non sono come quando gli utenti scaricano uno o pi\u00f9 file e poi vi accedono in un secondo momento, perch\u00e9 queste azioni vengono effettuate in tempo reale o in tempo reale. Con lo streaming, il file video che viene trasmesso in streaming sul dispositivo dell&#8217;utente viene memorizzato a distanza e viene trasmesso in rete.<\/p>\n\n\n\n<p>Con lo streaming, gli utenti possono utilizzare il browser web o un plug-in o un&#8217;estensione o un&#8217;app per avviare la riproduzione del video prima che tutti i dati del video siano stati trasmessi attraverso l&#8217;aiuto di internet.<\/p>\n\n\n\n<figure class=\"wp-block-table\"><table class=\"\"><tbody><tr><td class=\"has-text-align-center\" data-align=\"center\"><strong>I fattori che possono influenzare lo streaming<\/strong><\/td><\/tr><\/tbody><\/table><\/figure>\n\n\n\n<figure class=\"wp-block-table\"><table class=\"\"><tbody><tr><td>Il lato rete<\/td><td>Il lato dell&#8217;utente<\/td><\/tr><tr><td>Per la latenza della rete. \u2192 Ha diversi fattori che influiscono o influenzano la latenza, tra cui la posizione del contenuto in cui gli utenti stanno cercando di accedere ai file che vi sono memorizzati.<\/td><td>Per i problemi di Wireless Fidelity o WiFi. \u2192 Se gli utenti riavviano il modem o il router, o ci sono cambiamenti nella rete Ethernet, pu\u00f2 aiutare a migliorare o aumentare le prestazioni dello streaming.<\/td><\/tr><tr><td>Per la congestione della rete. \u2192 Si tratta di quando ci sono molti dati che vengono inviati attraverso la rete. Questo pu\u00f2 portare a un declassamento o a una diminuzione delle prestazioni dello streaming.<\/td><td>Per i dispositivi degli utenti che hanno prestazioni lente. \u2192 Nella riproduzione di qualsiasi video, un dispositivo dovrebbe avere una capacit\u00e0 di elaborazione sufficiente o grande, perch\u00e9 quando gli utenti trasmettono un video in streaming e ci sono altre applicazioni che sono in esecuzione in background, questo influisce sulle prestazioni di streaming. Anche lo streaming sar\u00e0 lento.<\/td><\/tr><tr><td><br><\/td><td>Per la quantit\u00e0 di larghezza di banda. \u2192 Di solito, una rete domestica ha bisogno di circa quattro megabyte al secondo (4 Mbps) di larghezza di banda per riprodurre una buona qualit\u00e0 di un video, ma per i video ad alta definizione, la rete domestica avr\u00e0 bisogno di qualcosa di pi\u00f9 che avere solo quattro megabyte al secondo (4 Mbps).<\/td><\/tr><\/tbody><\/table><\/figure>\n\n\n<a class=\"maxbutton-2 maxbutton maxbutton-cta\" target=\"_blank\" rel=\"nofollow noopener\" href=\"\/go\/\"><span class='mb-text'>&gt;&gt; Vai al sito web originale di Linkifier<\/span><\/a>","protected":false},"excerpt":{"rendered":"<p>Che cos&#8217;\u00e8 Vidto? Vidto \u00e8 uno dei migliori siti per i servizi di streaming. Le persone possono utilizzare il loro<\/p>\n","protected":false},"author":2,"featured_media":0,"parent":0,"menu_order":0,"comment_status":"closed","ping_status":"closed","template":"","meta":[],"yoast_head":"<!-- This site is optimized with the Yoast SEO plugin v18.3 - https:\/\/yoast.com\/wordpress\/plugins\/seo\/ -->\n<title>Vidto Premium Conto \u2013 Il miglior sito per i servizi di streaming<\/title>\n<meta name=\"description\" content=\"Se Vidto \u00e8 un fornitore affidabile o meno, potete trovare la risposta nel test in corso su Multihoster.org \u279c Cliccate ora \u271a per leggere le nostre esperienze!\" \/>\n<meta name=\"robots\" content=\"index, follow, max-snippet:-1, max-image-preview:large, max-video-preview:-1\" \/>\n<link rel=\"canonical\" href=\"https:\/\/multihoster.org\/it\/vidto\/\" \/>\n<meta property=\"og:locale\" content=\"it_IT\" \/>\n<meta property=\"og:type\" content=\"article\" \/>\n<meta property=\"og:title\" content=\"Vidto Premium Conto \u2013 Il miglior sito per i servizi di streaming\" \/>\n<meta property=\"og:description\" content=\"Se Vidto \u00e8 un fornitore affidabile o meno, potete trovare la risposta nel test in corso su Multihoster.org \u279c Cliccate ora \u271a per leggere le nostre esperienze!\" \/>\n<meta property=\"og:url\" content=\"https:\/\/multihoster.org\/it\/vidto\/\" \/>\n<meta property=\"og:site_name\" content=\"Multihoster.org\" \/>\n<meta property=\"article:modified_time\" content=\"2020-04-23T15:14:51+00:00\" \/>\n<meta name=\"twitter:card\" content=\"summary\" \/>\n<meta name=\"twitter:label1\" content=\"Tempo di lettura stimato\" \/>\n\t<meta name=\"twitter:data1\" content=\"8 minuti\" \/>\n<script type=\"application\/ld+json\" class=\"yoast-schema-graph\">{\"@context\":\"https:\/\/schema.org\",\"@graph\":[{\"@type\":\"WebSite\",\"@id\":\"https:\/\/multihoster.org\/#website\",\"url\":\"https:\/\/multihoster.org\/\",\"name\":\"Multihoster.org\",\"description\":\"Reviews of the major Filehosting services\",\"potentialAction\":[{\"@type\":\"SearchAction\",\"target\":{\"@type\":\"EntryPoint\",\"urlTemplate\":\"https:\/\/multihoster.org\/?s={search_term_string}\"},\"query-input\":\"required name=search_term_string\"}],\"inLanguage\":\"it-IT\"},{\"@type\":\"WebPage\",\"@id\":\"https:\/\/multihoster.org\/it\/vidto\/#webpage\",\"url\":\"https:\/\/multihoster.org\/it\/vidto\/\",\"name\":\"Vidto Premium Conto \u2013 Il miglior sito per i servizi di streaming\",\"isPartOf\":{\"@id\":\"https:\/\/multihoster.org\/#website\"},\"datePublished\":\"2020-04-23T13:10:23+00:00\",\"dateModified\":\"2020-04-23T15:14:51+00:00\",\"description\":\"Se Vidto \u00e8 un fornitore affidabile o meno, potete trovare la risposta nel test in corso su Multihoster.org \u279c Cliccate ora \u271a per leggere le nostre esperienze!\",\"breadcrumb\":{\"@id\":\"https:\/\/multihoster.org\/it\/vidto\/#breadcrumb\"},\"inLanguage\":\"it-IT\",\"potentialAction\":[{\"@type\":\"ReadAction\",\"target\":[\"https:\/\/multihoster.org\/it\/vidto\/\"]}]},{\"@type\":\"BreadcrumbList\",\"@id\":\"https:\/\/multihoster.org\/it\/vidto\/#breadcrumb\",\"itemListElement\":[{\"@type\":\"ListItem\",\"position\":1,\"name\":\"Startseite\",\"item\":\"https:\/\/multihoster.org\/it\/\"},{\"@type\":\"ListItem\",\"position\":2,\"name\":\"Vidto Premium Conto: Il miglior sito per i servizi di streaming\"}]}]}<\/script>\n<!-- \/ Yoast SEO plugin. -->","yoast_head_json":{"title":"Vidto Premium Conto \u2013 Il miglior sito per i servizi di streaming","description":"Se Vidto \u00e8 un fornitore affidabile o meno, potete trovare la risposta nel test in corso su Multihoster.org \u279c Cliccate ora \u271a per leggere le nostre esperienze!","robots":{"index":"index","follow":"follow","max-snippet":"max-snippet:-1","max-image-preview":"max-image-preview:large","max-video-preview":"max-video-preview:-1"},"canonical":"https:\/\/multihoster.org\/it\/vidto\/","og_locale":"it_IT","og_type":"article","og_title":"Vidto Premium Conto \u2013 Il miglior sito per i servizi di streaming","og_description":"Se Vidto \u00e8 un fornitore affidabile o meno, potete trovare la risposta nel test in corso su Multihoster.org \u279c Cliccate ora \u271a per leggere le nostre esperienze!","og_url":"https:\/\/multihoster.org\/it\/vidto\/","og_site_name":"Multihoster.org","article_modified_time":"2020-04-23T15:14:51+00:00","twitter_card":"summary","twitter_misc":{"Tempo di lettura stimato":"8 minuti"},"schema":{"@context":"https:\/\/schema.org","@graph":[{"@type":"WebSite","@id":"https:\/\/multihoster.org\/#website","url":"https:\/\/multihoster.org\/","name":"Multihoster.org","description":"Reviews of the major Filehosting services","potentialAction":[{"@type":"SearchAction","target":{"@type":"EntryPoint","urlTemplate":"https:\/\/multihoster.org\/?s={search_term_string}"},"query-input":"required name=search_term_string"}],"inLanguage":"it-IT"},{"@type":"WebPage","@id":"https:\/\/multihoster.org\/it\/vidto\/#webpage","url":"https:\/\/multihoster.org\/it\/vidto\/","name":"Vidto Premium Conto \u2013 Il miglior sito per i servizi di streaming","isPartOf":{"@id":"https:\/\/multihoster.org\/#website"},"datePublished":"2020-04-23T13:10:23+00:00","dateModified":"2020-04-23T15:14:51+00:00","description":"Se Vidto \u00e8 un fornitore affidabile o meno, potete trovare la risposta nel test in corso su Multihoster.org \u279c Cliccate ora \u271a per leggere le nostre esperienze!","breadcrumb":{"@id":"https:\/\/multihoster.org\/it\/vidto\/#breadcrumb"},"inLanguage":"it-IT","potentialAction":[{"@type":"ReadAction","target":["https:\/\/multihoster.org\/it\/vidto\/"]}]},{"@type":"BreadcrumbList","@id":"https:\/\/multihoster.org\/it\/vidto\/#breadcrumb","itemListElement":[{"@type":"ListItem","position":1,"name":"Startseite","item":"https:\/\/multihoster.org\/it\/"},{"@type":"ListItem","position":2,"name":"Vidto Premium Conto: Il miglior sito per i servizi di streaming"}]}]}},"_links":{"self":[{"href":"https:\/\/multihoster.org\/it\/wp-json\/wp\/v2\/pages\/4422"}],"collection":[{"href":"https:\/\/multihoster.org\/it\/wp-json\/wp\/v2\/pages"}],"about":[{"href":"https:\/\/multihoster.org\/it\/wp-json\/wp\/v2\/types\/page"}],"author":[{"embeddable":true,"href":"https:\/\/multihoster.org\/it\/wp-json\/wp\/v2\/users\/2"}],"replies":[{"embeddable":true,"href":"https:\/\/multihoster.org\/it\/wp-json\/wp\/v2\/comments?post=4422"}],"version-history":[{"count":4,"href":"https:\/\/multihoster.org\/it\/wp-json\/wp\/v2\/pages\/4422\/revisions"}],"predecessor-version":[{"id":4466,"href":"https:\/\/multihoster.org\/it\/wp-json\/wp\/v2\/pages\/4422\/revisions\/4466"}],"wp:attachment":[{"href":"https:\/\/multihoster.org\/it\/wp-json\/wp\/v2\/media?parent=4422"}],"curies":[{"name":"wp","href":"https:\/\/api.w.org\/{rel}","templated":true}]}}