{"id":446,"date":"2018-05-22T17:21:53","date_gmt":"2018-05-22T17:21:53","guid":{"rendered":"https:\/\/multihoster.org\/?page_id=446"},"modified":"2018-09-12T06:52:07","modified_gmt":"2018-09-12T06:52:07","slug":"smoozed","status":"publish","type":"page","link":"https:\/\/multihoster.org\/it\/smoozed\/","title":{"rendered":"Smoozed &#8211; Il Multihoster in sintesi"},"content":{"rendered":"<p><img loading=\"lazy\" class=\"alignleft wp-image-255\" src=\"https:\/\/multihoster.org\/wp-content\/uploads\/2018\/05\/smoozed_logo.jpg\" alt=\"logo\" width=\"302\" height=\"139\" srcset=\"https:\/\/multihoster.org\/wp-content\/uploads\/2018\/05\/smoozed_logo.jpg 574w, https:\/\/multihoster.org\/wp-content\/uploads\/2018\/05\/smoozed_logo-300x138.jpg 300w\" sizes=\"(max-width: 302px) 100vw, 302px\" \/><\/p>\n<p>Smoozed si descrive come un&#8217;azienda giovane e promettente che offre un&#8217;interessante gamma di servizi di intermediazione. Oltre all&#8217;hosting dei file, questo include anche l&#8217;accesso a un server VPN. Vogliamo presentarvi l&#8217;hoster Smoozed e condividere con voi la nostra esperienza e le nostre conoscenze in materia di servizi, opzioni di pagamento, la lista degli hoster e molto altro ancora.<\/p>\n<p class=\"normal\"><span lang=\"de\">L&#8217;hoster Smoozed pone i seguenti tre valori in primo piano nella filosofia aziendale:<\/span><\/p>\n<ul>\n<li>privato davvero sicuro<\/li>\n<li>impeccabile<\/li>\n<li>pieno controllo dei costi<\/li>\n<\/ul>\n\n<p><a class=\"fasc-button fasc-size-xlarge fasc-type-glossy fasc-rounded-medium ico-fa fasc-ico-after fa-share\" style=\"background-color: #43585e; color: #ffffff;\" rel=\"nofollow\" href=\"https:\/\/multihoster.org\/smoozed\/goto\/\">Vai a Smoozed.com<\/a><\/p>\n<h2>Caratteristiche positive del fornitore<\/h2>\n<ul>\n<li>ampia selezione di filehosters<\/li>\n<li>tasso annuo favorevole<\/li>\n<li>oltre 40 filehosters accessibili<\/li>\n<li>Servizio clienti in tedesco e inglese<\/li>\n<li>Interessanti opportunit\u00e0 di guadagno<\/li>\n<\/ul>\n<h2><span lang=\"de\">L&#8217;intera gamma Smoozed in sintesi<\/span><\/h2>\n<p class=\"normal\"><span lang=\"de\">Smoozed vi offre un totale di tre diverse tariffe. A questo punto, tutte le tariffe offrono la stessa gamma di servizi, solo la durata della tariffa varia da abbonamento a abbonamento. La tariffa Basic \u00e8 valida per 30 giorni, la tariffa Advanced per 6 mesi e la tariffa Ultra per 12 mesi. <\/span><\/p>\n<h2>Offerte bonus<\/h2>\n<p class=\"normal\"><span lang=\"de\">Un&#8217;interessante offerta bonus di Smoozed \u00e8 Smoozed Addon per il browser Google Chrome. In questo modo \u00e8 possibile evitare limitazioni di velocit\u00e0 e tempi di attesa sulle pagine Internet liberamente accessibili.<\/span><\/p>\n<p class=\"normal\"><span lang=\"de\">Come molti altri fornitori, Smoozed offre un interessante programma bonus con il quale si pu\u00f2 guadagnare di pi\u00f9 di una piccola paghetta, a seconda del tempo e della motivazione. Chiunque riesca ad aggiudicarsi un cliente Smoozed riceve una commissione completa del 40% sulla prima vendita &#8211; inoltre, tutti gli ordini successivi vengono remunerati con una commissione del 30%. Consegnando il maggior numero possibile di specchi \u00e8 inoltre possibile massimizzare la remunerazione della PPV.<\/span><\/p>\n<p class=\"normal\"><span lang=\"de\">A differenza di altri fornitori che pagano solo una commissione per determinati metodi di pagamento, ricevi sempre una commissione da Smoozed, indipendentemente dal modo in cui il cliente paga. Il denaro guadagnato viene di solito pagato entro 24 ore dopo l&#8217;ordine viene effettuato con uno dei seguenti metodi di pagamento:<\/span><\/p>\n<ul>\n<li>Bitcoin<\/li>\n<li>Bank<\/li>\n<li>Webmoney<\/li>\n<\/ul>\n<h2><span lang=\"de\">Costi e modalit\u00e0 di pagamento<\/span><\/h2>\n<p><img loading=\"lazy\" class=\"alignnone wp-image-258 size-full\" src=\"https:\/\/multihoster.org\/wp-content\/uploads\/2018\/05\/cost_of_smoozed.jpg\" alt=\"preise\" width=\"1228\" height=\"536\" srcset=\"https:\/\/multihoster.org\/wp-content\/uploads\/2018\/05\/cost_of_smoozed.jpg 1228w, https:\/\/multihoster.org\/wp-content\/uploads\/2018\/05\/cost_of_smoozed-300x131.jpg 300w, https:\/\/multihoster.org\/wp-content\/uploads\/2018\/05\/cost_of_smoozed-768x335.jpg 768w, https:\/\/multihoster.org\/wp-content\/uploads\/2018\/05\/cost_of_smoozed-1024x447.jpg 1024w\" sizes=\"(max-width: 1228px) 100vw, 1228px\" \/><\/p>\n<p class=\"normal\"><span lang=\"de\">Per utilizzare i servizi di Smoozed, \u00e8 possibile utilizzare una carta di credito per il pagamento, ma anche altri metodi di pagamento. Qui sotto troverete tutti i metodi di pagamento disponibili. Il pagamento anonimo tramite Paysafecard non \u00e8 possibile con Smoozed &#8211; se si desidera ancora pagare in forma anonima, \u00e8 possibile utilizzare la valuta Bitcoin.<\/span><\/p>\n<ul>\n<li>VISA-Karte<\/li>\n<li>MasterCard<\/li>\n<li>SEPA express<\/li>\n<li>Handypay<\/li>\n<li>Bitcoin<\/li>\n<\/ul>\n<p>&nbsp;<\/p>\n\n<table id=\"tablepress-38\" class=\"tablepress tablepress-id-38\">\n<thead>\n<tr class=\"row-1 odd\">\n\t<th class=\"column-1\">BASIC<\/th><th class=\"column-2\">ADVANCED<\/th><th class=\"column-3\">ULTRA<\/th>\n<\/tr>\n<\/thead>\n<tbody class=\"row-hover\">\n<tr class=\"row-2 even\">\n\t<td class=\"column-1\">1 mese<\/td><td class=\"column-2\">6 mesi<\/td><td class=\"column-3\">12 mesi<\/td>\n<\/tr>\n<tr class=\"row-3 odd\">\n\t<td class=\"column-1\">9,95 \u20ac<\/td><td class=\"column-2\">29.99 \u20ac  invece di 49.99 \u20ac<\/td><td class=\"column-3\">39,95 \u20ac invece di 99,99 \u20ac<\/td>\n<\/tr>\n<tr class=\"row-4 even\">\n\t<td class=\"column-1\">Oltre 40 filehosters<\/td><td class=\"column-2\">Oltre 40 filehosters<\/td><td class=\"column-3\">Oltre 40 filehosters<\/td>\n<\/tr>\n<tr class=\"row-5 odd\">\n\t<td class=\"column-1\">Accesso VPN<\/td><td class=\"column-2\">Accesso VPN<\/td><td class=\"column-3\">Accesso VPN<\/td>\n<\/tr>\n<\/tbody>\n<\/table>\n<!-- #tablepress-38 from cache -->\n<p><a class=\"fasc-button fasc-size-xlarge fasc-type-glossy fasc-rounded-medium ico-fa fasc-ico-after fa-share\" style=\"background-color: #43585e; color: #ffffff;\" rel=\"nofollow\" href=\"https:\/\/multihoster.org\/smoozed\/goto\/\">Vai a Smoozed.com<\/a><\/p>\n<h2><span lang=\"de\">Informativa sulla privacy e protezione dei dati<\/span><\/h2>\n<p class=\"normal\"><span lang=\"de\">In qualit\u00e0 di azienda multi-hosting operante a livello internazionale, Smoozed promette ai propri clienti una protezione dei dati completa e l&#8217;unit\u00e0 della privacy. I primi dati personali vengono raccolti al momento della registrazione. Queste informazioni saranno trasmesse solo nell&#8217;ambito del vostro consenso o obbligo legale. Per quanto riguarda la memorizzazione dei dati, vengono memorizzati principalmente l&#8217;indirizzo IP, la data e l&#8217;ora, il nome e la dimensione del file. I dati della carta di credito non vengono memorizzati da Smoozed, ma dal rispettivo fornitore di servizi di pagamento. <\/span><\/p>\n<h2><span lang=\"de\">Servizio post-vendita<\/span><\/h2>\n<p class=\"normal\"><span lang=\"de\">Il servizio clienti Smoozed \u00e8 disponibile in inglese e tedesco. \u00c8 possibile selezionare il modulo di contatto o inviare un&#8217;e-mail all&#8217;assistenza. Troverete il modo di sostenere in fondo alla pagina accanto alla dichiarazione sulla protezione dei dati e le condizioni di pagamento. Facoltativamente, \u00e8 anche possibile dare un&#8217;occhiata alla sezione FAQ, dove vengono spiegate le risposte alle domande pi\u00f9 frequenti.<\/span><\/p>\n<h2><span lang=\"de\">Facilit\u00e0 d&#8217;uso<\/span><\/h2>\n<p>Il sito web Smoozed.net offre le informazioni pi\u00f9 importanti chiaramente disposti in modo che si pu\u00f2 vedere tutto in un colpo d&#8217;occhio. Nella pagina iniziale troverete un sacco di informazioni sul servizio prima di accedere, \u00e8 possibile esaminare i motivi che parlano per il provider e dare un&#8217;occhiata pi\u00f9 da vicino l&#8217;account Smoozed Premium. A differenza di molti altri file hoster, non \u00e8 possibile creare un account gratuito con l&#8217;hoster Smoozed, ma \u00e8 necessario acquistare un tasso di premio per accedere.<\/p>\n<p>Chi decide per un account Smoozed Premium acceder\u00e0 alla panoramica dell&#8217;account dopo l&#8217;accesso. Qui \u00e8 possibile utilizzare la funzione &#8220;Le mie cartelle&#8221; per creare nuove cartelle per i file caricati e scaricati. Qui sono disponibili le opzioni &#8220;Cancella selezionato&#8221;, &#8220;Collegamenti di uscita&#8221; e &#8220;Controlla nuovo&#8221;.<\/p>\n<p>Pi\u00f9 in alto troverete anche le sezioni &#8220;Impostazioni&#8221;, &#8220;Panoramica della compensazione&#8221; e &#8220;Statistiche&#8221;. Nelle impostazioni \u00e8 possibile visualizzare e modificare le informazioni relative all&#8217;account e il codice API. Alla voce &#8220;Panoramica dei compensi&#8221; potete sapere quali commissioni ricevete per la pubblicit\u00e0 dei vari file hoster. La retribuzione varia a seconda del fornitore e del paese. Inoltre, il pagamento delle commissioni gi\u00e0 guadagnate pu\u00f2 essere ordinato qui.<\/p>\n<p>Le statistiche permettono di vedere i dettagli esatti delle commissioni. Essi comprendono la data, l&#8217;importo della commissione e il tipo di remunerazione.<\/p>\n<h2><span lang=\"de\">App mobile<\/span><\/h2>\n<p>Smoozed non offre un&#8217;applicazione per lo smartphone, ma il filehoster offre <a href=\"https:\/\/chrome.google.com\/webstore\/detail\/smoozedcom\/nkhlemgodcjginbhoelemnjkhmgnaaca\" target=\"_blank\" rel=\"noopener\">un&#8217;estensione per il browser<\/a>, con la quale \u00e8 possibile utilizzare e controllare i servizi del sito web.<\/p>\n<h2><span lang=\"de\">I vantaggi di un conto premium<\/span><\/h2>\n<p class=\"normal\"><span lang=\"de\">Con un account Smoozed Premium \u00e8 possibile non solo scaricare e caricare dati, come nel caso di molti file hoster, ma anche navigare in Internet in modo sicuro e anonimo con un server VPN. <\/span><\/p>\n<p><img loading=\"lazy\" class=\"alignnone wp-image-257 size-full\" src=\"https:\/\/multihoster.org\/wp-content\/uploads\/2018\/05\/image_1.jpg\" alt=\"vantaggi\" width=\"1815\" height=\"803\" srcset=\"https:\/\/multihoster.org\/wp-content\/uploads\/2018\/05\/image_1.jpg 1815w, https:\/\/multihoster.org\/wp-content\/uploads\/2018\/05\/image_1-300x133.jpg 300w, https:\/\/multihoster.org\/wp-content\/uploads\/2018\/05\/image_1-768x340.jpg 768w, https:\/\/multihoster.org\/wp-content\/uploads\/2018\/05\/image_1-1024x453.jpg 1024w\" sizes=\"(max-width: 1815px) 100vw, 1815px\" \/><\/p>\n<p class=\"normal\"><span lang=\"de\">Con un account Smoozed Premium non solo puoi scaricare e caricare dati, ma ci sono anche pi\u00f9 di 40 filehosters inclusi nel pacchetto Smoozed Premium a cui hai accesso con il Pro Plan. Con il tuo account Smoozed Premium puoi godere di vantaggi e funzionalit\u00e0 individuali a seconda dell&#8217;host, a partire dalla massima velocit\u00e0 e da un numero infinito di download contemporaneamente fino a un pi\u00f9 grande storage space.many file hosters, ma anche navigare in Internet in modo sicuro e anonimo con un server VPN.<\/span><\/p>\n<h2><span lang=\"de\">Lista Hoster Smoozed &#8211; tutti i filehosters in sintesi<\/span><\/h2>\n<p class=\"normal\"><span lang=\"de\">La selezione di file hoster \u00e8 molto ampia con pi\u00f9 di 40 provider. Di seguito vorremmo presentarvi alla Lista degli Smoozed Hoster, in modo che possiate vedere quali file hoster sono inclusi nell&#8217;account Smoozed Premium.<\/span><\/p>\n\n<table id=\"tablepress-11\" class=\"tablepress tablepress-id-11\">\n<tbody class=\"row-hover\">\n<tr class=\"row-1 odd\">\n\t<td class=\"column-1\">alfafile<\/td><td class=\"column-2\">airpravod<\/td><td class=\"column-3\">bigfile<\/td><td class=\"column-4\">datafile<\/td>\n<\/tr>\n<tr class=\"row-2 even\">\n\t<td class=\"column-1\">depfile<\/td><td class=\"column-2\">depostfile<\/td><td class=\"column-3\">easybytez<\/td><td class=\"column-4\">file<\/td>\n<\/tr>\n<tr class=\"row-3 odd\">\n\t<td class=\"column-1\">fileboom<\/td><td class=\"column-2\">filefactory<\/td><td class=\"column-3\">filespace<\/td><td class=\"column-4\">flash-x<\/td>\n<\/tr>\n<tr class=\"row-4 even\">\n\t<td class=\"column-1\">giapeta<\/td><td class=\"column-2\">hitfile<\/td><td class=\"column-3\">keep2share<\/td><td class=\"column-4\">letitbit<\/td>\n<\/tr>\n<tr class=\"row-5 odd\">\n\t<td class=\"column-1\">nowvideo<\/td><td class=\"column-2\">oboom<\/td><td class=\"column-3\">powerwatch<\/td><td class=\"column-4\">rapidgator<\/td>\n<\/tr>\n<tr class=\"row-6 even\">\n\t<td class=\"column-1\">rapidrar<\/td><td class=\"column-2\">rapidu<\/td><td class=\"column-3\">rockfile<\/td><td class=\"column-4\">salefiles<\/td>\n<\/tr>\n<tr class=\"row-7 odd\">\n\t<td class=\"column-1\">share-online<\/td><td class=\"column-2\">shared<\/td><td class=\"column-3\">streamcloud<\/td><td class=\"column-4\">tezfiles<\/td>\n<\/tr>\n<tr class=\"row-8 even\">\n\t<td class=\"column-1\">turbobit<\/td><td class=\"column-2\">tusfiles<\/td><td class=\"column-3\">uploaded<\/td><td class=\"column-4\">uploadrocket<\/td>\n<\/tr>\n<tr class=\"row-9 odd\">\n\t<td class=\"column-1\">uptobox<\/td><td class=\"column-2\">userscloud<\/td><td class=\"column-3\">vidto<\/td><td class=\"column-4\">vip-file<\/td>\n<\/tr>\n<tr class=\"row-10 even\">\n\t<td class=\"column-1\">vivo<\/td><td class=\"column-2\">1fichier<\/td><td class=\"column-3\">2shared<\/td><td class=\"column-4\">4 shared<\/td>\n<\/tr>\n<\/tbody>\n<\/table>\n<!-- #tablepress-11 from cache -->\n<h2><span lang=\"de\">La nostra conclusione su Smoozed<\/span><\/h2>\n<p class=\"normal\"><span lang=\"de\">Smoozed \u00e8 l&#8217;hoster perfetto per chi cerca una grande selezione. Gli oltre 40 diversi hoster di file offrono un&#8217;ampia gamma di funzioni, inoltre l&#8217;accesso VPN Smoozed \u00e8 una funzione preziosa.<\/span><\/p>\n<p class=\"normal\"><span lang=\"de\">In totale sono disponibili tre tariffe Smoozed Premium, che offrono la stessa gamma di servizi per durate diverse. La durata del contratto pu\u00f2 essere di un mese, sei mesi o un anno. Oltre alla carta di credito sono disponibili i metodi di pagamento Bitcoin, SEPA express e Handypay. Il pagamento tramite Paysafecard non funziona per Smoozed.<\/span><\/p>\n<p class=\"normal\"><span lang=\"de\">Smoozed promette un trattamento affidabile dei vostri dati e vi offre un servizio clienti in tedesco e inglese.<\/span><\/p>\n<p class=\"normal\"><span lang=\"de\">Con un account Smoozed Premium non solo potete utilizzare il prezioso servizio di molti file hoster, ma anche ricevere commissioni interessanti attraverso il modello di remunerazione. <\/span><\/p>\n<p><a class=\"fasc-button fasc-size-xlarge fasc-type-glossy fasc-rounded-medium ico-fa fasc-ico-after fa-share\" style=\"background-color: #43585e; color: #ffffff;\" rel=\"nofollow\" href=\"https:\/\/multihoster.org\/smoozed\/goto\/\">Vai a Smoozed.com<\/a><\/p>\n","protected":false},"excerpt":{"rendered":"<p>Smoozed si descrive come un&#8217;azienda giovane e promettente che offre un&#8217;interessante gamma di servizi di intermediazione. Oltre all&#8217;hosting dei file,<\/p>\n","protected":false},"author":2,"featured_media":0,"parent":0,"menu_order":0,"comment_status":"closed","ping_status":"closed","template":"","meta":[],"yoast_head":"<!-- This site is optimized with the Yoast SEO plugin v18.3 - https:\/\/yoast.com\/wordpress\/plugins\/seo\/ -->\n<title>lll\u25b7 Smoozed Premium Account seria o no? Test su Multihoster.org<\/title>\n<meta name=\"description\" content=\"Smoozed \u00e8 un fornitore affidabile oppure no? Potete trovare la risposta nel test attuale su Multihoster.org \u279c Ora cliccate su \u271a per leggere le nostre esperienze!\" \/>\n<meta name=\"robots\" content=\"index, follow, max-snippet:-1, max-image-preview:large, max-video-preview:-1\" \/>\n<link rel=\"canonical\" href=\"https:\/\/multihoster.org\/it\/smoozed\/\" \/>\n<meta property=\"og:locale\" content=\"it_IT\" \/>\n<meta property=\"og:type\" content=\"article\" \/>\n<meta property=\"og:title\" content=\"lll\u25b7 Smoozed Premium Account seria o no? Test su Multihoster.org\" \/>\n<meta property=\"og:description\" content=\"Smoozed \u00e8 un fornitore affidabile oppure no? Potete trovare la risposta nel test attuale su Multihoster.org \u279c Ora cliccate su \u271a per leggere le nostre esperienze!\" \/>\n<meta property=\"og:url\" content=\"https:\/\/multihoster.org\/it\/smoozed\/\" \/>\n<meta property=\"og:site_name\" content=\"Multihoster.org\" \/>\n<meta property=\"article:modified_time\" content=\"2018-09-12T06:52:07+00:00\" \/>\n<meta property=\"og:image\" content=\"https:\/\/multihoster.org\/wp-content\/uploads\/2018\/05\/smoozed_logo.jpg\" \/>\n<meta name=\"twitter:card\" content=\"summary\" \/>\n<meta name=\"twitter:label1\" content=\"Tempo di lettura stimato\" \/>\n\t<meta name=\"twitter:data1\" content=\"5 minuti\" \/>\n<script type=\"application\/ld+json\" class=\"yoast-schema-graph\">{\"@context\":\"https:\/\/schema.org\",\"@graph\":[{\"@type\":\"WebSite\",\"@id\":\"https:\/\/multihoster.org\/#website\",\"url\":\"https:\/\/multihoster.org\/\",\"name\":\"Multihoster.org\",\"description\":\"Reviews of the major Filehosting services\",\"potentialAction\":[{\"@type\":\"SearchAction\",\"target\":{\"@type\":\"EntryPoint\",\"urlTemplate\":\"https:\/\/multihoster.org\/?s={search_term_string}\"},\"query-input\":\"required name=search_term_string\"}],\"inLanguage\":\"it-IT\"},{\"@type\":\"ImageObject\",\"@id\":\"https:\/\/multihoster.org\/it\/smoozed\/#primaryimage\",\"inLanguage\":\"it-IT\",\"url\":\"https:\/\/multihoster.org\/wp-content\/uploads\/2018\/05\/smoozed_logo.jpg\",\"contentUrl\":\"https:\/\/multihoster.org\/wp-content\/uploads\/2018\/05\/smoozed_logo.jpg\",\"width\":574,\"height\":264},{\"@type\":\"WebPage\",\"@id\":\"https:\/\/multihoster.org\/it\/smoozed\/#webpage\",\"url\":\"https:\/\/multihoster.org\/it\/smoozed\/\",\"name\":\"lll\u25b7 Smoozed Premium Account seria o no? Test su Multihoster.org\",\"isPartOf\":{\"@id\":\"https:\/\/multihoster.org\/#website\"},\"primaryImageOfPage\":{\"@id\":\"https:\/\/multihoster.org\/it\/smoozed\/#primaryimage\"},\"datePublished\":\"2018-05-22T17:21:53+00:00\",\"dateModified\":\"2018-09-12T06:52:07+00:00\",\"description\":\"Smoozed \u00e8 un fornitore affidabile oppure no? Potete trovare la risposta nel test attuale su Multihoster.org \u279c Ora cliccate su \u271a per leggere le nostre esperienze!\",\"breadcrumb\":{\"@id\":\"https:\/\/multihoster.org\/it\/smoozed\/#breadcrumb\"},\"inLanguage\":\"it-IT\",\"potentialAction\":[{\"@type\":\"ReadAction\",\"target\":[\"https:\/\/multihoster.org\/it\/smoozed\/\"]}]},{\"@type\":\"BreadcrumbList\",\"@id\":\"https:\/\/multihoster.org\/it\/smoozed\/#breadcrumb\",\"itemListElement\":[{\"@type\":\"ListItem\",\"position\":1,\"name\":\"Startseite\",\"item\":\"https:\/\/multihoster.org\/it\/\"},{\"@type\":\"ListItem\",\"position\":2,\"name\":\"Smoozed &#8211; Il Multihoster in sintesi\"}]}]}<\/script>\n<!-- \/ Yoast SEO plugin. -->","yoast_head_json":{"title":"lll\u25b7 Smoozed Premium Account seria o no? Test su Multihoster.org","description":"Smoozed \u00e8 un fornitore affidabile oppure no? Potete trovare la risposta nel test attuale su Multihoster.org \u279c Ora cliccate su \u271a per leggere le nostre esperienze!","robots":{"index":"index","follow":"follow","max-snippet":"max-snippet:-1","max-image-preview":"max-image-preview:large","max-video-preview":"max-video-preview:-1"},"canonical":"https:\/\/multihoster.org\/it\/smoozed\/","og_locale":"it_IT","og_type":"article","og_title":"lll\u25b7 Smoozed Premium Account seria o no? Test su Multihoster.org","og_description":"Smoozed \u00e8 un fornitore affidabile oppure no? Potete trovare la risposta nel test attuale su Multihoster.org \u279c Ora cliccate su \u271a per leggere le nostre esperienze!","og_url":"https:\/\/multihoster.org\/it\/smoozed\/","og_site_name":"Multihoster.org","article_modified_time":"2018-09-12T06:52:07+00:00","og_image":[{"url":"https:\/\/multihoster.org\/wp-content\/uploads\/2018\/05\/smoozed_logo.jpg"}],"twitter_card":"summary","twitter_misc":{"Tempo di lettura stimato":"5 minuti"},"schema":{"@context":"https:\/\/schema.org","@graph":[{"@type":"WebSite","@id":"https:\/\/multihoster.org\/#website","url":"https:\/\/multihoster.org\/","name":"Multihoster.org","description":"Reviews of the major Filehosting services","potentialAction":[{"@type":"SearchAction","target":{"@type":"EntryPoint","urlTemplate":"https:\/\/multihoster.org\/?s={search_term_string}"},"query-input":"required name=search_term_string"}],"inLanguage":"it-IT"},{"@type":"ImageObject","@id":"https:\/\/multihoster.org\/it\/smoozed\/#primaryimage","inLanguage":"it-IT","url":"https:\/\/multihoster.org\/wp-content\/uploads\/2018\/05\/smoozed_logo.jpg","contentUrl":"https:\/\/multihoster.org\/wp-content\/uploads\/2018\/05\/smoozed_logo.jpg","width":574,"height":264},{"@type":"WebPage","@id":"https:\/\/multihoster.org\/it\/smoozed\/#webpage","url":"https:\/\/multihoster.org\/it\/smoozed\/","name":"lll\u25b7 Smoozed Premium Account seria o no? Test su Multihoster.org","isPartOf":{"@id":"https:\/\/multihoster.org\/#website"},"primaryImageOfPage":{"@id":"https:\/\/multihoster.org\/it\/smoozed\/#primaryimage"},"datePublished":"2018-05-22T17:21:53+00:00","dateModified":"2018-09-12T06:52:07+00:00","description":"Smoozed \u00e8 un fornitore affidabile oppure no? Potete trovare la risposta nel test attuale su Multihoster.org \u279c Ora cliccate su \u271a per leggere le nostre esperienze!","breadcrumb":{"@id":"https:\/\/multihoster.org\/it\/smoozed\/#breadcrumb"},"inLanguage":"it-IT","potentialAction":[{"@type":"ReadAction","target":["https:\/\/multihoster.org\/it\/smoozed\/"]}]},{"@type":"BreadcrumbList","@id":"https:\/\/multihoster.org\/it\/smoozed\/#breadcrumb","itemListElement":[{"@type":"ListItem","position":1,"name":"Startseite","item":"https:\/\/multihoster.org\/it\/"},{"@type":"ListItem","position":2,"name":"Smoozed &#8211; Il Multihoster in sintesi"}]}]}},"_links":{"self":[{"href":"https:\/\/multihoster.org\/it\/wp-json\/wp\/v2\/pages\/446"}],"collection":[{"href":"https:\/\/multihoster.org\/it\/wp-json\/wp\/v2\/pages"}],"about":[{"href":"https:\/\/multihoster.org\/it\/wp-json\/wp\/v2\/types\/page"}],"author":[{"embeddable":true,"href":"https:\/\/multihoster.org\/it\/wp-json\/wp\/v2\/users\/2"}],"replies":[{"embeddable":true,"href":"https:\/\/multihoster.org\/it\/wp-json\/wp\/v2\/comments?post=446"}],"version-history":[{"count":7,"href":"https:\/\/multihoster.org\/it\/wp-json\/wp\/v2\/pages\/446\/revisions"}],"predecessor-version":[{"id":1408,"href":"https:\/\/multihoster.org\/it\/wp-json\/wp\/v2\/pages\/446\/revisions\/1408"}],"wp:attachment":[{"href":"https:\/\/multihoster.org\/it\/wp-json\/wp\/v2\/media?parent=446"}],"curies":[{"name":"wp","href":"https:\/\/api.w.org\/{rel}","templated":true}]}}