{"id":464,"date":"2018-05-22T17:18:25","date_gmt":"2018-05-22T17:18:25","guid":{"rendered":"https:\/\/multihoster.org\/?page_id=464"},"modified":"2018-09-12T07:59:08","modified_gmt":"2018-09-12T07:59:08","slug":"uploaded","status":"publish","type":"page","link":"https:\/\/multihoster.org\/it\/uploaded\/","title":{"rendered":"Uploaded Premium Account &#8211; Il Filehoster in sintesi"},"content":{"rendered":"<p class=\"normal\"><span lang=\"de\"><img loading=\"lazy\" class=\"alignleft wp-image-260\" src=\"https:\/\/multihoster.org\/wp-content\/uploads\/2018\/05\/uploaded_logo.jpg\" alt=\"logo\" width=\"231\" height=\"135\" srcset=\"https:\/\/multihoster.org\/wp-content\/uploads\/2018\/05\/uploaded_logo.jpg 675w, https:\/\/multihoster.org\/wp-content\/uploads\/2018\/05\/uploaded_logo-300x175.jpg 300w\" sizes=\"(max-width: 231px) 100vw, 231px\" \/>Il provider Uploaded \u00e8 un servizio di cloud storage provider, che proviene dalla Svizzera e offre spazio di archiviazione virtuale su cui gli utenti possono memorizzare i loro file personali. Oltre ad un&#8217;ampia gamma di tariffe, il fornitore offre anche un account gratuito. Cos\u00ec si pu\u00f2 provare il servizio Filehoster prima di acquistare Premium caricato.<\/span><\/p>\n<p>&nbsp;<\/p>\n\n<p><a class=\"fasc-button fasc-size-xlarge fasc-type-glossy fasc-rounded-medium ico-fa fasc-ico-after fa-share\" style=\"background-color: #43585e; color: #ffffff;\" rel=\"nofollow\" href=\"https:\/\/multihoster.org\/uploaded\/goto\/\">Vai a Uploaded.net<\/a><\/p>\n<h2><span lang=\"de\">Caratteristiche positive del fornitore<\/span><\/h2>\n<ul>\n<li>Tasso di premio a partire da 4,99 Euro<\/li>\n<li>guadagni interessanti<\/li>\n<li>upgrade premium gratuito attraverso i punti<\/li>\n<li>Assistenza telefonica<\/li>\n<li>Tariffe per clienti aziendali<\/li>\n<\/ul>\n<h2><span lang=\"de\">L&#8217;offerta completa di Upload in sintesi<\/span><\/h2>\n<p class=\"normal\"><span lang=\"de\">Il Filehoster Uploaded vi offre una variet\u00e0 di tariffe premium per i clienti privati e due tariffe per i clienti aziendali. Se si acquista un account premium su Caricato, \u00e8 possibile utilizzare l&#8217;intera gamma del provider. Tuttavia, anche con un account gratuito \u00e8 possibile testare il servizio del provider in misura limitata. Utilizzando un Buono Caricato, che si pu\u00f2 trovare su Internet con un po &#8216;di fortuna, \u00e8 possibile ridurre il prezzo di acquisto di un account Premium caricato. Quindi vale la pena cercare interessanti coupon caricati su blog, pagine di coupon o altri siti web.<\/span><\/p>\n<h2><span lang=\"de\">Offerta per clienti privati<\/span><\/h2>\n<p class=\"normal\"><span lang=\"de\">L&#8217;offerta per la clientela privata \u00e8 composta da un totale di 6 tariffe, che vanno da 4,99 Euro a 99,99 Euro al mese in termini di prezzi. I tassi di premio caricati possono essere acquistati per 48 ore, un mese, tre mesi e sei mesi. La gamma comprende anche un abbonamento annuale e un abbonamento biennale. Alla fine della tariffa premium caricata riceverete un certo numero di punti, che potrete utilizzare per espandere il vostro conto e la sua gamma funzionale senza alcun prezzo finanziario.<\/span><\/p>\n<h2><span lang=\"de\">Offerta per clienti aziendali<\/span><\/h2>\n<p><img loading=\"lazy\" class=\"alignnone wp-image-262 size-full\" src=\"https:\/\/multihoster.org\/wp-content\/uploads\/2018\/05\/image_1-1.jpg\" alt=\"home page\" width=\"1411\" height=\"887\" srcset=\"https:\/\/multihoster.org\/wp-content\/uploads\/2018\/05\/image_1-1.jpg 1411w, https:\/\/multihoster.org\/wp-content\/uploads\/2018\/05\/image_1-1-300x189.jpg 300w, https:\/\/multihoster.org\/wp-content\/uploads\/2018\/05\/image_1-1-768x483.jpg 768w, https:\/\/multihoster.org\/wp-content\/uploads\/2018\/05\/image_1-1-1024x644.jpg 1024w\" sizes=\"(max-width: 1411px) 100vw, 1411px\" \/><\/p>\n<p class=\"normal\"><span lang=\"de\">Oltre all&#8217;offerta per i clienti privati, Upload offre anche due prodotti aziendali per i clienti aziendali. I prezzi premium caricati possono essere utilizzati solo dai clienti commerciali e non dai clienti privati. Si tratta delle tariffe Corporate Premium e Corporate Premium Plus. Entrambe le tariffe hanno una durata di 12 mesi. La tariffa Corporate Premium offre 500 GB di spazio di archiviazione di backup al mese e 500 GB di traffico ibrido aziendale al mese. La tariffa Premium Plus aumenta lo spazio di memoria e il traffico da 500 GB a 1 TB. <\/span><\/p>\n<h2><span lang=\"de\">Offerte bonus<\/span><\/h2>\n<p class=\"normal\"><span lang=\"de\">Caricato vi offre diversi modi per guadagnare e risparmiare sulla piattaforma. Il sistema di punti vi permette di acquistare un abbonamento gratuito di 30 giorni. Raccogliendo un numero sufficiente di punti puoi utilizzare il Servizio Premium senza dover acquistare un account su Caricato.<\/span><\/p>\n<p class=\"normal\"><span lang=\"de\">Un&#8217;altra opzione \u00e8 quella di generare entrate caricando i file. Chiunque abbia preso un piano di Upload Premium e carichi file popolari che sono frequentemente scaricati da altri utenti pu\u00f2 regolarmente guardare avanti per un pagamento utile.<\/span><\/p>\n<p class=\"normal\"><span lang=\"de\">Inoltre, \u00e8 possibile ricevere una commissione per il reclutamento di nuovi utenti. Sia la creazione di un conto gratuito che l&#8217;acquisto di un conto caricato e gli eventuali ordini successivi sono remunerati.<\/span><\/p>\n<h2><span lang=\"de\">Costi e modalit\u00e0 di pagamento<\/span><\/h2>\n<p><img loading=\"lazy\" class=\"alignnone wp-image-264 size-full\" src=\"https:\/\/multihoster.org\/wp-content\/uploads\/2018\/05\/cost_of_uploaded.jpg\" alt=\"tariffe\" width=\"1474\" height=\"667\" srcset=\"https:\/\/multihoster.org\/wp-content\/uploads\/2018\/05\/cost_of_uploaded.jpg 1474w, https:\/\/multihoster.org\/wp-content\/uploads\/2018\/05\/cost_of_uploaded-300x136.jpg 300w, https:\/\/multihoster.org\/wp-content\/uploads\/2018\/05\/cost_of_uploaded-768x348.jpg 768w, https:\/\/multihoster.org\/wp-content\/uploads\/2018\/05\/cost_of_uploaded-1024x463.jpg 1024w\" sizes=\"(max-width: 1474px) 100vw, 1474px\" \/><\/p>\n<p>La gamma Caricato \u00e8 diviso in sei tariffe. Il tasso pi\u00f9 basso \u00e8 per 48 ore, il secondo pi\u00f9 basso per un mese e il prossimo per tre mesi. Inoltre, sono previsti un abbonamento semestrale, una tariffa annuale e un conto premi per due anni.<\/p>\n<p>Si ottiene il conto di 48 ore per 4,99 Euro. Per 9,99 Euro puoi usufruire dei servizi di Uploaded per un mese e per 24,99 Euro fino a tre mesi. Per un abbonamento semestrale, il prezzo aumenta di soli 15 euro a 29,99 euro e per un abbonamento annuale a 69,99 euro. Si ottengono le migliori condizioni se si acquista l&#8217;account di 2 anni al prezzo di 99,99 euro.<\/p>\n<p>Puoi comodamente pagare per il tuo account Premium caricato con la tua carta di credito o far addebitare il denaro sul tuo conto tramite addebito diretto. \u00c8 inoltre possibile acquistare il conto caricato tramite Paysafe, il trasferimento immediato, SMS Pay e Call2Pay. Inoltre, il fornitore accetta Bitcoins come mezzo di pagamento valido.<\/p>\n<p>&nbsp;<\/p>\n\n<table id=\"tablepress-32\" class=\"tablepress tablepress-id-32\">\n<thead>\n<tr class=\"row-1 odd\">\n\t<th class=\"column-1\">4,99 \u20ac<\/th><th class=\"column-2\">9,99 \u20ac<\/th><th class=\"column-3\">24,99 \u20ac<\/th><th class=\"column-4\">39,99 \u20ac<\/th><th class=\"column-5\">69,99 \u20ac<\/th><th class=\"column-6\">99,99 \u20ac<\/th>\n<\/tr>\n<\/thead>\n<tbody class=\"row-hover\">\n<tr class=\"row-2 even\">\n\t<td class=\"column-1\">48 ore<\/td><td class=\"column-2\">1 mese<\/td><td class=\"column-3\">3 Mese<\/td><td class=\"column-4\">6 Mese<\/td><td class=\"column-5\">1 anno<\/td><td class=\"column-6\">2 anni<\/td>\n<\/tr>\n<tr class=\"row-3 odd\">\n\t<td class=\"column-1\">500 punti<\/td><td class=\"column-2\">1.000 Punti<\/td><td class=\"column-3\">2.000 Punti<\/td><td class=\"column-4\">6.000 Punti<\/td><td class=\"column-5\">7.000 Punti<\/td><td class=\"column-6\">9.000 Punti<\/td>\n<\/tr>\n<tr class=\"row-4 even\">\n\t<td class=\"column-1\">piena velocit\u00e0<\/td><td class=\"column-2\">piena velocit\u00e0<\/td><td class=\"column-3\">piena velocit\u00e0<\/td><td class=\"column-4\">piena velocit\u00e0<\/td><td class=\"column-5\">piena velocit\u00e0<\/td><td class=\"column-6\">piena velocit\u00e0<\/td>\n<\/tr>\n<tr class=\"row-5 odd\">\n\t<td class=\"column-1\">Download paralleli<\/td><td class=\"column-2\">Download paralleli<\/td><td class=\"column-3\">Download paralleli<\/td><td class=\"column-4\">Download paralleli<\/td><td class=\"column-5\">Download paralleli<\/td><td class=\"column-6\">Download paralleli<\/td>\n<\/tr>\n<tr class=\"row-6 even\">\n\t<td class=\"column-1\">Nessun tempo di attesa<\/td><td class=\"column-2\">Nessun tempo di attesa<\/td><td class=\"column-3\">Nessun tempo di attesa<\/td><td class=\"column-4\">Nessun tempo di attesa<\/td><td class=\"column-5\">Nessun tempo di attesa<\/td><td class=\"column-6\">Nessun tempo di attesa<\/td>\n<\/tr>\n<tr class=\"row-7 odd\">\n\t<td class=\"column-1\">governo<\/td><td class=\"column-2\">governo<\/td><td class=\"column-3\">governo<\/td><td class=\"column-4\">governo<\/td><td class=\"column-5\">governo<\/td><td class=\"column-6\">governo<\/td>\n<\/tr>\n<tr class=\"row-8 even\">\n\t<td class=\"column-1\">con file manager<\/td><td class=\"column-2\">con file manager<\/td><td class=\"column-3\">con file manager<\/td><td class=\"column-4\">con file manager<\/td><td class=\"column-5\">con file manager<\/td><td class=\"column-6\">con file manager<\/td>\n<\/tr>\n<\/tbody>\n<\/table>\n\n<p><a class=\"fasc-button fasc-size-xlarge fasc-type-glossy fasc-rounded-medium ico-fa fasc-ico-after fa-share\" style=\"background-color: #43585e; color: #ffffff;\" rel=\"nofollow\" href=\"https:\/\/multihoster.org\/uploaded\/goto\/\">Vai a Uploaded.net<\/a><\/p>\n<h2><span lang=\"de\">Informativa sulla privacy e protezione dei dati<\/span><\/h2>\n<p class=\"normal\"><span lang=\"de\">Nella ricerca del file hoster perfetto, i fattori della protezione dei dati e della privacy giocano naturalmente un ruolo estremamente importante nel processo decisionale. Con il provider Uploaded potete essere sicuri che i vostri dati saranno trattati in modo sicuro e confidenziale. Il fornitore spiega l&#8217;esatto trattamento dei Suoi dati nel quadro delle condizioni generali di contratto e delle direttive. <\/span><\/p>\n<p class=\"normal\"><span lang=\"de\">I dati memorizzati non vengono visualizzati dal fornitore di servizi senza un ordinamento giuridico. Utilizzando i servizi di Upload, l&#8217;informazione viene memorizzata automaticamente, compresi sia i dati personali nell&#8217;ambito della registrazione e dati anonimi, che vengono valutati a fini statistici. Conformemente alle direttive sulla protezione dei dati, l&#8217;offerente si impegna a non trasmettere i dati a terzi, a meno che non sussista un obbligo legale.<\/span><\/p>\n<h2><span lang=\"de\">Servizio post-vendita<\/span><\/h2>\n<p class=\"normal\"><span lang=\"de\">Il collegamento al supporto caricato si trova in fondo alla pagina. Da l\u00ec si arriva all&#8217;area di supporto, dove si hanno due opzioni. In primo luogo, \u00e8 possibile contattare il servizio clienti direttamente per telefono utilizzando il numero fornito. Facoltativamente, \u00e8 anche possibile inviare la richiesta per iscritto al supporto Caricato tramite il modulo di contatto.<\/span><\/p>\n<h2><span lang=\"de\">Facilit\u00e0 d&#8217;uso<\/span><\/h2>\n<p class=\"normal\"><span lang=\"de\">Dopo aver effettuato l&#8217;accesso, \u00e8 possibile scegliere tra Caricamento file, Caricamento remoto e Caricamento e importazione FTP. Questo include informazioni sul tuo account, il tuo reddito e le tue sottoscrizioni. Qui vengono visualizzati anche il traffico e lo spazio di archiviazione di backup utilizzato e disponibile. La visualizzazione del profilo consente anche di aggiornare il tuo account a un account premium. Sopra troverete le aree &#8220;File e cartelle&#8221; e &#8220;uDrive&#8221;.<\/span><\/p>\n<p>Il provider potrebbe ottenere un piccolo punto negativo per il fatto che non vi \u00e8 alcuna funzione di ricerca diretta sulla pagina. A questo punto, tuttavia, altri servizi come il motore di ricerca rapido o il servizio di assistenza <a href=\"http:\/\/ddlsearch.free.fr\/\" target=\"_blank\" rel=\"noopener\">Ricerca DDL gratuita<\/a>&nbsp; pu\u00f2 essere utilizzato.<\/p>\n<h2><span lang=\"de\">I vantaggi di un conto premium<\/span><\/h2>\n<p class=\"normal\"><span lang=\"de\">Un account Premium ti permette di utilizzare i servizi di Upload con la massima velocit\u00e0 e di avviare pi\u00f9 download contemporaneamente senza alcuna restrizione. Il download inizia immediatamente e senza pubblicit\u00e0. \u00c8 possibile gestire i file caricati, che hanno una durata illimitata, in modo chiaro nel file manager.<\/span><\/p>\n<h2><span lang=\"de\">La nostra conclusione sul provider Caricato<\/span><\/h2>\n<p>Il provider Caricato pu\u00f2 convincere nel contesto della protezione dei dati e della privacy con un elevato grado di sicurezza e offre un ampio assortimento di tariffe oltre all&#8217;account gratuito. La tariffa di 48 ore, gi\u00e0 disponibile a partire da 4,99 euro, si distingue soprattutto. Interessanti sono anche le tariffe per i clienti aziendali, che sono offerti solo da pochi file hoster.<\/p>\n<p>Il sito \u00e8 chiaro e ben strutturato sia prima che dopo il login. Se avete domande, si prega di contattare il nostro servizio clienti per telefono e modulo di contatto.<\/p>\n<p>Se scegli un Account Premium Caricato, ci sono altri cinque metodi di pagamento oltre alla carta di credito, all&#8217;addebito diretto e a Bitcoin.<\/p>\n<p>Si consiglia di cercare in Internet un buono caricato prima di acquistare l&#8217;account caricato. Queste si trovano sempre direttamente sul filehoster o su altri siti web. Basta inserire la parola chiave &#8220;Buono caricato&#8221; nel tuo browser per beneficiare di un prezzo migliore al momento dell&#8217;acquisto del tuo account Premium caricato.<\/p>\n<p><a class=\"fasc-button fasc-size-xlarge fasc-type-glossy fasc-rounded-medium ico-fa fasc-ico-after fa-share\" style=\"background-color: #43585e; color: #ffffff;\" rel=\"nofollow\" href=\"https:\/\/multihoster.org\/uploaded\/goto\/\">Vai a Uploaded.net<\/a><\/p>\n","protected":false},"excerpt":{"rendered":"<p>Il provider Uploaded \u00e8 un servizio di cloud storage provider, che proviene dalla Svizzera e offre spazio di archiviazione virtuale<\/p>\n","protected":false},"author":2,"featured_media":0,"parent":0,"menu_order":0,"comment_status":"closed","ping_status":"closed","template":"","meta":[],"yoast_head":"<!-- This site is optimized with the Yoast SEO plugin v18.3 - https:\/\/yoast.com\/wordpress\/plugins\/seo\/ -->\n<title>lll\u25b7 Uploaded Premium Account seria o no? Test su Multihoster.org<\/title>\n<meta name=\"description\" content=\"Uploaded \u00e8 un fornitore affidabile o meno? Potete trovare la risposta nel test attuale su Multihoster.org \u279c Ora cliccate su \u271a per leggere le nostre esperienze!\" \/>\n<meta name=\"robots\" content=\"index, follow, max-snippet:-1, max-image-preview:large, max-video-preview:-1\" \/>\n<link rel=\"canonical\" href=\"https:\/\/multihoster.org\/it\/uploaded\/\" \/>\n<meta property=\"og:locale\" content=\"it_IT\" \/>\n<meta property=\"og:type\" content=\"article\" \/>\n<meta property=\"og:title\" content=\"lll\u25b7 Uploaded Premium Account seria o no? Test su Multihoster.org\" \/>\n<meta property=\"og:description\" content=\"Uploaded \u00e8 un fornitore affidabile o meno? Potete trovare la risposta nel test attuale su Multihoster.org \u279c Ora cliccate su \u271a per leggere le nostre esperienze!\" \/>\n<meta property=\"og:url\" content=\"https:\/\/multihoster.org\/it\/uploaded\/\" \/>\n<meta property=\"og:site_name\" content=\"Multihoster.org\" \/>\n<meta property=\"article:modified_time\" content=\"2018-09-12T07:59:08+00:00\" \/>\n<meta property=\"og:image\" content=\"https:\/\/multihoster.org\/wp-content\/uploads\/2018\/05\/uploaded_logo.jpg\" \/>\n<meta name=\"twitter:card\" content=\"summary\" \/>\n<meta name=\"twitter:label1\" content=\"Tempo di lettura stimato\" \/>\n\t<meta name=\"twitter:data1\" content=\"6 minuti\" \/>\n<script type=\"application\/ld+json\" class=\"yoast-schema-graph\">{\"@context\":\"https:\/\/schema.org\",\"@graph\":[{\"@type\":\"WebSite\",\"@id\":\"https:\/\/multihoster.org\/#website\",\"url\":\"https:\/\/multihoster.org\/\",\"name\":\"Multihoster.org\",\"description\":\"Reviews of the major Filehosting services\",\"potentialAction\":[{\"@type\":\"SearchAction\",\"target\":{\"@type\":\"EntryPoint\",\"urlTemplate\":\"https:\/\/multihoster.org\/?s={search_term_string}\"},\"query-input\":\"required name=search_term_string\"}],\"inLanguage\":\"it-IT\"},{\"@type\":\"ImageObject\",\"@id\":\"https:\/\/multihoster.org\/it\/uploaded\/#primaryimage\",\"inLanguage\":\"it-IT\",\"url\":\"https:\/\/multihoster.org\/wp-content\/uploads\/2018\/05\/uploaded_logo.jpg\",\"contentUrl\":\"https:\/\/multihoster.org\/wp-content\/uploads\/2018\/05\/uploaded_logo.jpg\",\"width\":675,\"height\":394},{\"@type\":\"WebPage\",\"@id\":\"https:\/\/multihoster.org\/it\/uploaded\/#webpage\",\"url\":\"https:\/\/multihoster.org\/it\/uploaded\/\",\"name\":\"lll\u25b7 Uploaded Premium Account seria o no? Test su Multihoster.org\",\"isPartOf\":{\"@id\":\"https:\/\/multihoster.org\/#website\"},\"primaryImageOfPage\":{\"@id\":\"https:\/\/multihoster.org\/it\/uploaded\/#primaryimage\"},\"datePublished\":\"2018-05-22T17:18:25+00:00\",\"dateModified\":\"2018-09-12T07:59:08+00:00\",\"description\":\"Uploaded \u00e8 un fornitore affidabile o meno? Potete trovare la risposta nel test attuale su Multihoster.org \u279c Ora cliccate su \u271a per leggere le nostre esperienze!\",\"breadcrumb\":{\"@id\":\"https:\/\/multihoster.org\/it\/uploaded\/#breadcrumb\"},\"inLanguage\":\"it-IT\",\"potentialAction\":[{\"@type\":\"ReadAction\",\"target\":[\"https:\/\/multihoster.org\/it\/uploaded\/\"]}]},{\"@type\":\"BreadcrumbList\",\"@id\":\"https:\/\/multihoster.org\/it\/uploaded\/#breadcrumb\",\"itemListElement\":[{\"@type\":\"ListItem\",\"position\":1,\"name\":\"Startseite\",\"item\":\"https:\/\/multihoster.org\/it\/\"},{\"@type\":\"ListItem\",\"position\":2,\"name\":\"Uploaded Premium Account &#8211; Il Filehoster in sintesi\"}]}]}<\/script>\n<!-- \/ Yoast SEO plugin. -->","yoast_head_json":{"title":"lll\u25b7 Uploaded Premium Account seria o no? Test su Multihoster.org","description":"Uploaded \u00e8 un fornitore affidabile o meno? Potete trovare la risposta nel test attuale su Multihoster.org \u279c Ora cliccate su \u271a per leggere le nostre esperienze!","robots":{"index":"index","follow":"follow","max-snippet":"max-snippet:-1","max-image-preview":"max-image-preview:large","max-video-preview":"max-video-preview:-1"},"canonical":"https:\/\/multihoster.org\/it\/uploaded\/","og_locale":"it_IT","og_type":"article","og_title":"lll\u25b7 Uploaded Premium Account seria o no? Test su Multihoster.org","og_description":"Uploaded \u00e8 un fornitore affidabile o meno? Potete trovare la risposta nel test attuale su Multihoster.org \u279c Ora cliccate su \u271a per leggere le nostre esperienze!","og_url":"https:\/\/multihoster.org\/it\/uploaded\/","og_site_name":"Multihoster.org","article_modified_time":"2018-09-12T07:59:08+00:00","og_image":[{"url":"https:\/\/multihoster.org\/wp-content\/uploads\/2018\/05\/uploaded_logo.jpg"}],"twitter_card":"summary","twitter_misc":{"Tempo di lettura stimato":"6 minuti"},"schema":{"@context":"https:\/\/schema.org","@graph":[{"@type":"WebSite","@id":"https:\/\/multihoster.org\/#website","url":"https:\/\/multihoster.org\/","name":"Multihoster.org","description":"Reviews of the major Filehosting services","potentialAction":[{"@type":"SearchAction","target":{"@type":"EntryPoint","urlTemplate":"https:\/\/multihoster.org\/?s={search_term_string}"},"query-input":"required name=search_term_string"}],"inLanguage":"it-IT"},{"@type":"ImageObject","@id":"https:\/\/multihoster.org\/it\/uploaded\/#primaryimage","inLanguage":"it-IT","url":"https:\/\/multihoster.org\/wp-content\/uploads\/2018\/05\/uploaded_logo.jpg","contentUrl":"https:\/\/multihoster.org\/wp-content\/uploads\/2018\/05\/uploaded_logo.jpg","width":675,"height":394},{"@type":"WebPage","@id":"https:\/\/multihoster.org\/it\/uploaded\/#webpage","url":"https:\/\/multihoster.org\/it\/uploaded\/","name":"lll\u25b7 Uploaded Premium Account seria o no? Test su Multihoster.org","isPartOf":{"@id":"https:\/\/multihoster.org\/#website"},"primaryImageOfPage":{"@id":"https:\/\/multihoster.org\/it\/uploaded\/#primaryimage"},"datePublished":"2018-05-22T17:18:25+00:00","dateModified":"2018-09-12T07:59:08+00:00","description":"Uploaded \u00e8 un fornitore affidabile o meno? Potete trovare la risposta nel test attuale su Multihoster.org \u279c Ora cliccate su \u271a per leggere le nostre esperienze!","breadcrumb":{"@id":"https:\/\/multihoster.org\/it\/uploaded\/#breadcrumb"},"inLanguage":"it-IT","potentialAction":[{"@type":"ReadAction","target":["https:\/\/multihoster.org\/it\/uploaded\/"]}]},{"@type":"BreadcrumbList","@id":"https:\/\/multihoster.org\/it\/uploaded\/#breadcrumb","itemListElement":[{"@type":"ListItem","position":1,"name":"Startseite","item":"https:\/\/multihoster.org\/it\/"},{"@type":"ListItem","position":2,"name":"Uploaded Premium Account &#8211; Il Filehoster in sintesi"}]}]}},"_links":{"self":[{"href":"https:\/\/multihoster.org\/it\/wp-json\/wp\/v2\/pages\/464"}],"collection":[{"href":"https:\/\/multihoster.org\/it\/wp-json\/wp\/v2\/pages"}],"about":[{"href":"https:\/\/multihoster.org\/it\/wp-json\/wp\/v2\/types\/page"}],"author":[{"embeddable":true,"href":"https:\/\/multihoster.org\/it\/wp-json\/wp\/v2\/users\/2"}],"replies":[{"embeddable":true,"href":"https:\/\/multihoster.org\/it\/wp-json\/wp\/v2\/comments?post=464"}],"version-history":[{"count":7,"href":"https:\/\/multihoster.org\/it\/wp-json\/wp\/v2\/pages\/464\/revisions"}],"predecessor-version":[{"id":1433,"href":"https:\/\/multihoster.org\/it\/wp-json\/wp\/v2\/pages\/464\/revisions\/1433"}],"wp:attachment":[{"href":"https:\/\/multihoster.org\/it\/wp-json\/wp\/v2\/media?parent=464"}],"curies":[{"name":"wp","href":"https:\/\/api.w.org\/{rel}","templated":true}]}}