{"id":4967,"date":"2020-07-01T14:33:40","date_gmt":"2020-07-01T14:33:40","guid":{"rendered":"https:\/\/multihoster.org\/?page_id=4967"},"modified":"2020-07-02T15:49:53","modified_gmt":"2020-07-02T15:49:53","slug":"bigrock","status":"publish","type":"page","link":"https:\/\/multihoster.org\/it\/bigrock\/","title":{"rendered":"BigRock Web Hosting: Ha un fondamento solido come una roccia?"},"content":{"rendered":"\n<p>BigRock \u00e8 un fornitore leader di hosting di siti web per aziende, professionisti e privati in tutto il mondo. Ha iniziato nel paese indiano, poi si \u00e8 espanso ed \u00e8 diventato parte di una societ\u00e0 denominata Endurance International Group (EIG) che ci fornisce gli strumenti web necessari per la complessit\u00e0 del mercato. I prezzi sono ideali per le piccole imprese, il che ci rende uno di quei pochi siti web a basso costo disponibili. Questa piattaforma di prodotti ha un investimento in ricerca e sviluppo tecnologico ed \u00e8 presente in questo settore da oltre 10 anni con clienti in tutto il mondo per oltre 6 milioni di domini.<\/p>\n\n\n<a class=\"maxbutton-4 maxbutton maxbutton-cta\" target=\"_blank\" rel=\"nofollow noopener\" href=\"\/go\/\"><span class='mb-text'>Webhosting<\/span><\/a>\n\n\n<p><\/p>\n\n\n\n<h2><strong>BigRock e le sue caratteristiche<\/strong><\/h2>\n\n\n\n<ul><li>Soluzioni efficaci per la presenza sul web.<\/li><li>Costruttore di siti web fai da te per aiutarti ad ottenere modelli gratuiti per la progettazione del tuo sito web.<\/li><li>Inclusione extra di prodotti: Accesso SSH, garanzia Bigrock del 99,99% di uptime, Python, hosting Linux potente e caldo, Evenodd, CS-cart, navigazione a scelta, grande larghezza di banda e spazio su disco, motore di ricerca dei nomi di dominio, posizione del server, interfaccia utente, gestione DNS e altro ancora.<\/li><li>Sono disponibili add-on per il trasferimento della registrazione.<\/li><li>Fornitori di nomi di dominio ed esperti.<\/li><li>Ottimi strumenti di sicurezza: Link di protezione di Big Rocks con 1) certificati SSL per mantenere le informazioni del sito web, l&#8217;identit\u00e0 personale come i dati della carta di credito, 2) Sitelock per salvaguardare la pagina dagli hacker, 3) RAID 10 che fa il backup dei database. 4) Sicurezza in-the-cloud che analizza il vostro sito web, risolve il malware e altri problemi di vulnerabilit\u00e0.<\/li><li>Accreditato da ICANN.<\/li><li>Accesso root.<\/li><li>Esposizione ai motori di ricerca.<\/li><li>Garanzia di rimborso entro 30 giorni per testare il sistema. (Nota: solo rimborso una tantum)<\/li><li>Gruppi di supporto 24 ore su 24, 7 giorni su 7 e un team di supporto dedicato che si metter\u00e0 in contatto con voi per intervenire e aiutarvi tramite telefonate, chat di supporto o e-mail per risolvere i vostri problemi. Potete anche collegarvi con Crystal Hesmer, il Direttore Esecutivo.<\/li><\/ul>\n\n\n\n<h2>Servizi di dominio<\/h2>\n\n\n\n<ul><li>Ricerca di dominio<\/li><li>Registrazione del dominio<\/li><li>Trasferimento di dominio<\/li><\/ul>\n\n\n\n<p>Per governare l&#8217;utilizzo del piano di web hosting, \u00e8 necessario rendersi conto dell&#8217;importanza della registrazione del dominio. Se avete gi\u00e0 un nome di dominio, potete semplicemente trasferirlo a noi. In caso contrario, i servizi di registrazione dei domini dell&#8217;azienda possono fornire liste di disponibilit\u00e0 di nomi a dominio eccellenti dove \u00e8 possibile registrare un nome a dominio. \u00c8 possibile acquistare solo una e-mail di web hosting o un piano di costruzione di siti web per ogni nome di dominio. Se avete bisogno di due o pi\u00f9 di questo per il vostro browser, \u00e8 necessario registrarsi per un altro nome di dominio da noi. I prezzi dipendono dalle estensioni di dominio che si desidera utilizzare come .me a $ 6,99, .noi a $ 8,1, .in a $ 10,59, e .net a $ 12,50, .biz a $ 21,00 .press a $ 72,37.<\/p>\n\n\n\n<p><strong>Altre estensioni dei nomi a dominio disponibili in Bigrock:<\/strong><\/p>\n\n\n\n<p>.store .biz .website .net .place .solutions .host .session .way .life .news .claims .guide .reviews .expert .blog .directory .menu .events .london .review .city .sales .boats .fish .win .technology .management .nc .top .info .data .rest .enterprises .partners .media .club .asia .design church .limo .catering .finance .cafe .family .deals .tours .forsale .rehab .bargains .net.nz .dog .singles .buzz .plus .property .contractors .racing .vin .town .graphics .house .florist .democrat .furniture .software .works .vision .pub .computer .jobs .ventures .cricket .guru .blackfriday .fishing .creditcard .care .style .reisen .sarl .wiki .gallery .video .accountant .consulting .associates .center .zone .audio .guitars .dating .loans .vodka .lighting .studio .clothing .camp .football .viajes .download .farm .travel .toys .cab .surgery .pink .coffee .soccer .evenodd .cruises .equipment .gripe .construction .ooo .lease .men .cash .bar .restaurant .flights .education .hiphop .exchange .properties .gmbh .party .science .tattoo .network .fund .rodeo .rule .productions .watch .hockey .pics .cooking .bike .ninja .horse .clinic .supplies .voyage .careers .cleaning .schule .degree .diamonds .vacations .codes .estate .ink .industries .auction .fitness .delivery .engineering .plumbing .trade .rip .red .webcam .faith .healthcare .institute .boutique .coach .wine .vet .photo .capital .accountants .land .games .futbol .startups .ngo .gift .school .repair .dance .investments .memorial .coupons .report .actor .mortgage .golf .agency .pictures .cake .photography .holdings .tienda .theater .glass .loan .tennis .villas .parts .apartments .tokyo .salon .camera .tax .bid .condos .taxi .wtf .rentals .immobilien .diet .pizza .career .gifts .tips .engineer .jewelry .luxury .kitchen .university .bingo .recipes . academy .sale .convenience .ws .community .training .mba .shoes .builders .work .tv .link .photos .help .name<\/p>\n\n\n\n<h2>Tipi di BigRock Hosting<\/h2>\n\n\n\n<p>5 tipi di piani di web hosting sono i seguenti:<\/p>\n\n\n\n<h3>Hosting condiviso<\/h3>\n\n\n\n<p>Questo piano condivide il funzionamento con sistemi di gestione dei contenuti come Drupal e Windows. Shared Hosting ha piani che vi daranno un uso illimitato di storage, posta, larghezza di banda, pannello di controllo cPanel o pannello di controllo Plesk, e pi\u00f9 siti web a seconda del piano che avete utilizzato.<\/p>\n\n\n\n<h3>Hosting specializzato<\/h3>\n\n\n\n<p>Questo piano viene fornito con WordPress, CMS, Evenodd, e-commerce.<\/p>\n\n\n\n<h3>Hosting per rivenditori<\/h3>\n\n\n\n<p>Questo rivenditore di hosting vi permetter\u00e0 di guadagnare un profitto fornendo servizi di hosting ad altri mentre si utilizzano i server e servizi Bigrock. Questo ha quattro fasce di prezzo con una variet\u00e0 di opzioni.<\/p>\n\n\n\n<h3>Cloud Hosting<\/h3>\n\n\n\n<p>Questo \u00e8 un piano di hosting pi\u00f9 aggiornato in cui si ottengono le proprie risorse dedicate da un server cloud. Questo \u00e8 destinato a una piccola piattaforma e ha un acceleratore di Internet.<\/p>\n\n\n\n<h3>VPS Hosting<\/h3>\n\n\n\n<p>Questo viene fornito con una certa quantit\u00e0 di spazio su disco e larghezza di banda. Include distribuzioni Linux, fail-over automatico, SSD ad alta velocit\u00e0, protezione DDoS, servizi semigestiti e altro ancora.<\/p>\n\n\n\n<h3>Servizi di Web Hosting:<\/h3>\n\n\n\n<ul><li>Hosting Linux e Windows<\/li><li>WordPress e CMS Hosting<\/li><li>Hosting e-commerce, Hosting per rivenditori con Zencart<\/li><li>Joomla Hosting<\/li><li>e altro ancora\u2026<\/li><\/ul>\n\n\n\n<p>(Servizi offerti al Paese: India Global USA e gestisce circa 6 milioni di siti web di clienti commerciali)<\/p>\n\n\n\n<h3>Piano di Hosting via e-mail:<\/h3>\n\n\n\n<p>Ottenere l&#8217;hosting e-mail per avere un indirizzo e-mail ufficiale basato sul dominio. Questo \u00e8 offerto ai professionisti delle piccole imprese, in particolare ai proprietari di piccole imprese, in modo da avere un numero illimitato di indirizzi e-mail\/indirizzi e-mail per i loro clienti multipli.<\/p>\n\n\n\n<h2>Registrare un conto<\/h2>\n\n\n\n<p>Quando ti iscrivi per un account, devi prima accettare i termini del servizio di Big rock, la politica sulla privacy e i diritti d&#8217;autore. Le opzioni di pagamento supportate sono con i diritti d&#8217;autore delle societ\u00e0 di registrazione accreditate da ICANN. Le modalit\u00e0 di pagamento sono tramite carte di debito indiane e net banking. Big rock ha un&#8217;offerta speciale e ogni tanto offre un buono sconto.<\/p>\n\n\n<a class=\"maxbutton-4 maxbutton maxbutton-cta\" target=\"_blank\" rel=\"nofollow noopener\" href=\"\/go\/\"><span class='mb-text'>Webhosting<\/span><\/a>\n\n\n<p><\/p>\n\n\n\n<h2>Qual \u00e8 il limite di &#8220;illimitato&#8221;?<\/h2>\n\n\n\n<p>Anche se big rock non ha limiti prestabiliti, \u00e8 con le condizioni che un utente pu\u00f2 essere chiesto di aggiornare se il conteggio dei server o la larghezza di banda \u00e8 abusata. Ecco un uso accettabile delle limitazioni:<\/p>\n\n\n\n<ul><li>Il vostro sito web non dovrebbe impiegare pi\u00f9 del 25% delle risorse del server in una durata superiore a 90 secondi. In caso di superamento dell&#8217;utilizzo del server e della larghezza di banda, vi verr\u00e0 inviato un sistema di notifica. Big rock pu\u00f2 sospendere il tuo account se l&#8217;uso delle risorse sta influenzando altri utenti sullo stesso server.<\/li><li>L&#8217;hosting di siti web non \u00e8 per l&#8217;archiviazione o la condivisione di file.<\/li><\/ul>\n\n\n\n<h2>Feedback dei clienti<\/h2>\n\n\n\n<ul><li>Ciao, con il big rock sono riuscito a realizzare un sito web aziendale attraverso Satyajit Chitale BigRock senza problemi anche se non ho nessuna esperienza di web building e nessuna idea di programmazione. Inoltre, i miei partner commerciali hanno avuto esperienze impressionanti con le infrastrutture e i servizi del big rock. (Mohsin Khan)<\/li><li>Ciao! Il mio preferito del pacchetto fai da te che ho acquistato \u00e8 il sitebuilder Vikrant Sharma BigRock fai da te di Vikrant Sharma BigRock. Ho speso solo un valore basso da 8,1 a 72,37 dollari rispetto a quando ho assunto Khalid Bashir Khan My come designer del mio sito web prima. (Ajay Chauhan)<\/li><li>Salve, direi che questa \u00e8 la decisione migliore che ho preso per il mio lavoro. Grazie a Bigrock sono stato in grado di entrare in contatto con molte aziende situate in Canada e in California e di ottenere contratti da loro. Ora sono un asso nella manica nel marketing online! (Rishabh Pugalia)<\/li><\/ul>\n\n\n\n<h2>Torneo annuale di Big Rock<\/h2>\n\n\n\n<p>Il Torneo annuale di Big Rock, ricco di azione, si svolger\u00e0 a Morehead City, North Carolina, dal 5 al 13 giugno 2020. Si tratta di un importante torneo di pesca sportiva, organizzato congiuntamente dai concorrenti delle barche da pesca con la missione di guadagnare mezzi per fornire assistenza e aiuto per soddisfare le esigenze di un certo numero di persone. Se volete vivere la competizione e ottenere un sacco di azione, registrate le vostre barche a questo torneo bigrock sul suo sito ufficiale, quindi seguite le regole e le condizioni indicate.<\/p>\n\n\n\n<p>Per ordinare prodotti per camicie di marca, foto del paese, forniture bigrock, o in caso di domande e dubbi sul torneo annuale di bigrock, potete contattarci o inviarci un&#8217;e-mail:<\/p>\n\n\n\n<ul><li>Il Big Rock Blue Marlin Tournament 710 Evans Street, Morehead City, NC 28557 Ext. Big Rock Retail Store.<\/li><li>Big Rock Retail Store, Ext. 1 Crystal Hesmer, direttore esecutivo, 252-241-1515 (senza pedaggio)<\/li><li>710 Evans Street, Morehead City, NC 28557 Ufficio (252) 247-3575 (senza pedaggio) | bigrock.com<\/li><li>Tutti i diritti riservati al team di vendita: 1-888-924-4762 (senza pedaggio)<\/li><li>Invia un&#8217;e-mail a bigrock.com<\/li><\/ul>\n\n\n\n<h2>Verdetto finale: \u00e8 una vittoria!<\/h2>\n\n\n\n<p>BigRock si distingue per il fatto di essere un approccio solido come fornitore di hosting di siti web per molti domini. I suoi prodotti valgono l&#8217;investimento in quanto dimostrano le sue condizioni e le eccellenti prestazioni nell&#8217;hosting di nuovi siti web. In realt\u00e0, si \u00e8 dato abbastanza ragione di cui sopra per prendere questo come la vostra opzione.<\/p>\n\n\n\n<h2>Domande frequenti<\/h2>\n\n\n\n<h3>Quali sono i vostri piani di hosting web pi\u00f9 venduti?<\/h3>\n\n\n\n<p>Il pacchetto Starter, il migliore per uso personale, ha 50.000 visitatori mensili, il pacchetto Advanced utilizzato dagli sviluppatori web ha 75.000 visitatori, mentre il pacchetto Business, il migliore per le aziende, ha 1.00.000 clienti.<\/p>\n\n\n\n<h3>Posso trasferire le e-mail alla suite G?<\/h3>\n\n\n\n<p>S\u00ec, le istruzioni sono fornite nel loro sito browser alla voce Knowledge Base.<\/p>\n\n\n\n<h3>Devo pagare quando faccio l&#8217;upgrade?<\/h3>\n\n\n\n<p>The upgrade price will only cost a bit of the difference of the plan pricing and you can easily add it to your cart.<\/p>\n\n\n<a class=\"maxbutton-4 maxbutton maxbutton-cta\" target=\"_blank\" rel=\"nofollow noopener\" href=\"\/go\/\"><span class='mb-text'>Webhosting<\/span><\/a>\n\n\n<p><\/p>\n","protected":false},"excerpt":{"rendered":"<p>BigRock \u00e8 un fornitore leader di hosting di siti web per aziende, professionisti e privati in tutto il mondo. Ha<\/p>\n","protected":false},"author":2,"featured_media":0,"parent":0,"menu_order":0,"comment_status":"closed","ping_status":"closed","template":"","meta":[],"yoast_head":"<!-- This site is optimized with the Yoast SEO plugin v18.3 - https:\/\/yoast.com\/wordpress\/plugins\/seo\/ -->\n<title>BigRock Web Hosting: Ha un fondamento solido come una roccia?<\/title>\n<meta name=\"robots\" content=\"index, follow, max-snippet:-1, max-image-preview:large, max-video-preview:-1\" \/>\n<link rel=\"canonical\" href=\"https:\/\/multihoster.org\/it\/bigrock\/\" \/>\n<meta property=\"og:locale\" content=\"it_IT\" \/>\n<meta property=\"og:type\" content=\"article\" \/>\n<meta property=\"og:title\" content=\"BigRock Web Hosting: Ha un fondamento solido come una roccia?\" \/>\n<meta property=\"og:description\" content=\"BigRock \u00e8 un fornitore leader di hosting di siti web per aziende, professionisti e privati in tutto il mondo. Ha\" \/>\n<meta property=\"og:url\" content=\"https:\/\/multihoster.org\/it\/bigrock\/\" \/>\n<meta property=\"og:site_name\" content=\"Multihoster.org\" \/>\n<meta property=\"article:modified_time\" content=\"2020-07-02T15:49:53+00:00\" \/>\n<meta name=\"twitter:card\" content=\"summary\" \/>\n<meta name=\"twitter:label1\" content=\"Tempo di lettura stimato\" \/>\n\t<meta name=\"twitter:data1\" content=\"8 minuti\" \/>\n<script type=\"application\/ld+json\" class=\"yoast-schema-graph\">{\"@context\":\"https:\/\/schema.org\",\"@graph\":[{\"@type\":\"WebSite\",\"@id\":\"https:\/\/multihoster.org\/#website\",\"url\":\"https:\/\/multihoster.org\/\",\"name\":\"Multihoster.org\",\"description\":\"Reviews of the major Filehosting services\",\"potentialAction\":[{\"@type\":\"SearchAction\",\"target\":{\"@type\":\"EntryPoint\",\"urlTemplate\":\"https:\/\/multihoster.org\/?s={search_term_string}\"},\"query-input\":\"required name=search_term_string\"}],\"inLanguage\":\"it-IT\"},{\"@type\":\"WebPage\",\"@id\":\"https:\/\/multihoster.org\/it\/bigrock\/#webpage\",\"url\":\"https:\/\/multihoster.org\/it\/bigrock\/\",\"name\":\"BigRock Web Hosting: Ha un fondamento solido come una roccia?\",\"isPartOf\":{\"@id\":\"https:\/\/multihoster.org\/#website\"},\"datePublished\":\"2020-07-01T14:33:40+00:00\",\"dateModified\":\"2020-07-02T15:49:53+00:00\",\"breadcrumb\":{\"@id\":\"https:\/\/multihoster.org\/it\/bigrock\/#breadcrumb\"},\"inLanguage\":\"it-IT\",\"potentialAction\":[{\"@type\":\"ReadAction\",\"target\":[\"https:\/\/multihoster.org\/it\/bigrock\/\"]}]},{\"@type\":\"BreadcrumbList\",\"@id\":\"https:\/\/multihoster.org\/it\/bigrock\/#breadcrumb\",\"itemListElement\":[{\"@type\":\"ListItem\",\"position\":1,\"name\":\"Startseite\",\"item\":\"https:\/\/multihoster.org\/it\/\"},{\"@type\":\"ListItem\",\"position\":2,\"name\":\"BigRock Web Hosting: Ha un fondamento solido come una roccia?\"}]}]}<\/script>\n<!-- \/ Yoast SEO plugin. -->","yoast_head_json":{"title":"BigRock Web Hosting: Ha un fondamento solido come una roccia?","robots":{"index":"index","follow":"follow","max-snippet":"max-snippet:-1","max-image-preview":"max-image-preview:large","max-video-preview":"max-video-preview:-1"},"canonical":"https:\/\/multihoster.org\/it\/bigrock\/","og_locale":"it_IT","og_type":"article","og_title":"BigRock Web Hosting: Ha un fondamento solido come una roccia?","og_description":"BigRock \u00e8 un fornitore leader di hosting di siti web per aziende, professionisti e privati in tutto il mondo. Ha","og_url":"https:\/\/multihoster.org\/it\/bigrock\/","og_site_name":"Multihoster.org","article_modified_time":"2020-07-02T15:49:53+00:00","twitter_card":"summary","twitter_misc":{"Tempo di lettura stimato":"8 minuti"},"schema":{"@context":"https:\/\/schema.org","@graph":[{"@type":"WebSite","@id":"https:\/\/multihoster.org\/#website","url":"https:\/\/multihoster.org\/","name":"Multihoster.org","description":"Reviews of the major Filehosting services","potentialAction":[{"@type":"SearchAction","target":{"@type":"EntryPoint","urlTemplate":"https:\/\/multihoster.org\/?s={search_term_string}"},"query-input":"required name=search_term_string"}],"inLanguage":"it-IT"},{"@type":"WebPage","@id":"https:\/\/multihoster.org\/it\/bigrock\/#webpage","url":"https:\/\/multihoster.org\/it\/bigrock\/","name":"BigRock Web Hosting: Ha un fondamento solido come una roccia?","isPartOf":{"@id":"https:\/\/multihoster.org\/#website"},"datePublished":"2020-07-01T14:33:40+00:00","dateModified":"2020-07-02T15:49:53+00:00","breadcrumb":{"@id":"https:\/\/multihoster.org\/it\/bigrock\/#breadcrumb"},"inLanguage":"it-IT","potentialAction":[{"@type":"ReadAction","target":["https:\/\/multihoster.org\/it\/bigrock\/"]}]},{"@type":"BreadcrumbList","@id":"https:\/\/multihoster.org\/it\/bigrock\/#breadcrumb","itemListElement":[{"@type":"ListItem","position":1,"name":"Startseite","item":"https:\/\/multihoster.org\/it\/"},{"@type":"ListItem","position":2,"name":"BigRock Web Hosting: Ha un fondamento solido come una roccia?"}]}]}},"_links":{"self":[{"href":"https:\/\/multihoster.org\/it\/wp-json\/wp\/v2\/pages\/4967"}],"collection":[{"href":"https:\/\/multihoster.org\/it\/wp-json\/wp\/v2\/pages"}],"about":[{"href":"https:\/\/multihoster.org\/it\/wp-json\/wp\/v2\/types\/page"}],"author":[{"embeddable":true,"href":"https:\/\/multihoster.org\/it\/wp-json\/wp\/v2\/users\/2"}],"replies":[{"embeddable":true,"href":"https:\/\/multihoster.org\/it\/wp-json\/wp\/v2\/comments?post=4967"}],"version-history":[{"count":2,"href":"https:\/\/multihoster.org\/it\/wp-json\/wp\/v2\/pages\/4967\/revisions"}],"predecessor-version":[{"id":5206,"href":"https:\/\/multihoster.org\/it\/wp-json\/wp\/v2\/pages\/4967\/revisions\/5206"}],"wp:attachment":[{"href":"https:\/\/multihoster.org\/it\/wp-json\/wp\/v2\/media?parent=4967"}],"curies":[{"name":"wp","href":"https:\/\/api.w.org\/{rel}","templated":true}]}}