{"id":817,"date":"2018-08-09T15:42:01","date_gmt":"2018-08-09T15:42:01","guid":{"rendered":"https:\/\/multihoster.org\/?page_id=817"},"modified":"2018-09-11T04:52:16","modified_gmt":"2018-09-11T04:52:16","slug":"datafile","status":"publish","type":"page","link":"https:\/\/multihoster.org\/it\/datafile\/","title":{"rendered":"DataFile Premium Account &#8211; Il Filehoster in sintesi"},"content":{"rendered":"<p><img loading=\"lazy\" class=\"alignnone size-full wp-image-1047 alignleft\" src=\"https:\/\/multihoster.org\/wp-content\/uploads\/2018\/08\/datafile.png\" alt=\"datafile\" width=\"425\" height=\"124\" srcset=\"https:\/\/multihoster.org\/wp-content\/uploads\/2018\/08\/datafile.png 425w, https:\/\/multihoster.org\/wp-content\/uploads\/2018\/08\/datafile-300x88.png 300w\" sizes=\"(max-width: 425px) 100vw, 425px\" \/><\/p>\n<p>Tramite la presenza sul web di DataFile, avete la possibilit\u00e0 di scaricare i file e renderli disponibili ad altri utenti oppure potete scaricarli voi stessi da qualsiasi tipo di fonte.<\/p>\n<p>Per scaricare i propri documenti e altri dati, \u00e8 possibile utilizzare il downloader gratuito o, se si desidera fornire file pi\u00f9 grandi, creare un account a pagamento su datafile.com.<\/p>\n\n<p><a class=\"fasc-button fasc-size-xlarge fasc-type-glossy fasc-rounded-medium ico-fa fasc-ico-after fa-share\" style=\"background-color: #247edd; color: #ffffff;\" target=\"_blank\" rel=\"nofollow noopener\" href=\"https:\/\/multihoster.org\/datafile\/goto\/\">Vai a DataFile.com<\/a><\/p>\n<h2 style=\"text-align: left;\">Caratteristiche positive del fornitore<\/h2>\n<ul>\n<li>Semplice e diretto<\/li>\n<li>Favorevole e buono<\/li>\n<li>Molto facile da usare<\/li>\n<li>Diversi metodi di pagamento<\/li>\n<\/ul>\n<h2>L&#8217;offerta completa di DataFile in sintesi<\/h2>\n<p>Per diventare attivi con DataFile, \u00e8 necessario prima registrarsi con il proprio indirizzo e-mail e password e confermare con un hack che non sei un robot. Una volta fatto questo, \u00e8 possibile utilizzare il servizio gratuito, che consente di scaricare file fino a un massimo di 10 GB e un totale di 500 GB, o scegliere un account Premium DataFile.<\/p>\n<p><img loading=\"lazy\" class=\"size-full wp-image-795 alignleft\" src=\"https:\/\/multihoster.org\/wp-content\/uploads\/2018\/08\/datafile.jpg\" alt=\"datafile\" width=\"1615\" height=\"824\" srcset=\"https:\/\/multihoster.org\/wp-content\/uploads\/2018\/08\/datafile.jpg 1615w, https:\/\/multihoster.org\/wp-content\/uploads\/2018\/08\/datafile-300x153.jpg 300w, https:\/\/multihoster.org\/wp-content\/uploads\/2018\/08\/datafile-768x392.jpg 768w, https:\/\/multihoster.org\/wp-content\/uploads\/2018\/08\/datafile-1024x522.jpg 1024w\" sizes=\"(max-width: 1615px) 100vw, 1615px\" \/><\/p>\n<p>&nbsp;<\/p>\n<p>&nbsp;<\/p>\n<p>&nbsp;<\/p>\n<p>&nbsp;<\/p>\n<p>&nbsp;<\/p>\n<p>&nbsp;<\/p>\n<p>&nbsp;<\/p>\n<p>&nbsp;<\/p>\n<p>&nbsp;<\/p>\n<p>&nbsp;<\/p>\n<p>Questo \u00e8 valido per 30 giorni e costa $ 14,99, che \u00e8 equivalente a 50 centesimi al giorno. I vantaggi sono che i file fino a 30 gigabyte possono essere scaricati, che pu\u00f2 essere memorizzato a tempo indeterminato se l&#8217;account viene mantenuto (se i dati vengono eliminati, i dati sono sempre disponibili per 30 giorni) e che non c&#8217;\u00e8 tempo di attesa per il download. Ci sono molti modi per pagare DataFile Premium, dal pagamento con carta di credito a GooglePlay e Bitcoin, quasi tutto \u00e8 possibile. Molti rivenditori autorizzati sono disponibili anche nel caso in cui l&#8217;opzione di pagamento aggiuntivo desiderata non sia direttamente disponibile tramite DataFile Premium.<\/p>\n<p><strong>\n<table id=\"tablepress-52\" class=\"tablepress tablepress-id-52\">\n<tbody class=\"row-hover\">\n<tr class=\"row-1 odd\">\n\t<td class=\"column-1\">Segni distintivi<\/td><td class=\"column-2\">Gratuito<\/td><td class=\"column-3\">30-Tage f\u00fcr 14,99 $<\/td>\n<\/tr>\n<tr class=\"row-2 even\">\n\t<td class=\"column-1\">Velocit\u00e0 download<\/td><td class=\"column-2\">Tardivamente<\/td><td class=\"column-3\">Molto rapidamente<\/td>\n<\/tr>\n<tr class=\"row-3 odd\">\n\t<td class=\"column-1\">Dimensione upload<\/td><td class=\"column-2\">10 GB<\/td><td class=\"column-3\">30 GB<\/td>\n<\/tr>\n<tr class=\"row-4 even\">\n\t<td class=\"column-1\">Conservazione dei dati<\/td><td class=\"column-2\">30 giorni<\/td><td class=\"column-3\">Illimitato<\/td>\n<\/tr>\n<tr class=\"row-5 odd\">\n\t<td class=\"column-1\">Sospendi download<\/td><td class=\"column-2\">No<\/td><td class=\"column-3\">S\u00ec<\/td>\n<\/tr>\n<tr class=\"row-6 even\">\n\t<td class=\"column-1\">Nessuna pubblicit\u00e0<\/td><td class=\"column-2\">No<\/td><td class=\"column-3\">S\u00ec<\/td>\n<\/tr>\n<tr class=\"row-7 odd\">\n\t<td class=\"column-1\">Scaricamenti multipli<\/td><td class=\"column-2\">No<\/td><td class=\"column-3\">S\u00ec<\/td>\n<\/tr>\n<tr class=\"row-8 even\">\n\t<td class=\"column-1\">Ritardo di download<\/td><td class=\"column-2\">30 secondi<\/td><td class=\"column-3\">0 secondi<\/td>\n<\/tr>\n<\/tbody>\n<\/table>\n<!-- #tablepress-52 from cache --><\/strong><\/p>\n<p><a class=\"fasc-button fasc-size-xlarge fasc-type-glossy fasc-rounded-medium ico-fa fasc-ico-after fa-share\" style=\"background-color: #247edd; color: #ffffff;\" target=\"_blank\" rel=\"nofollow noopener\" href=\"https:\/\/multihoster.org\/datafile\/goto\/\">Vai a DataFile.com<\/a><\/p>\n<h2>Informativa sulla privacy e protezione dei dati<\/h2>\n<p>Naturalmente gli utenti dei servizi Internet garantiscono sempre un trattamento sicuro e riservato dei vostri dati. Abbiamo esaminato attentamente il servizio di account DataFile e crediamo che i tuoi dati con Datafile siano assolutamente sicuri e saranno trattati in modo confidenziale.<\/p>\n<p>DataFile vi garantisce un trattamento assolutamente affidabile dei vostri dati in conformit\u00e0 con i vostri termini e condizioni. I dati vengono resi anonimi per migliorare il servizio DataFile e per trarre conclusioni tecniche di marketing. Tutti i dati di acquisto, le informazioni finanziarie, cos\u00ec come il nome e tutti i dati personali saranno tenuti strettamente riservati in conformit\u00e0 con la legislazione vigente e saranno conservati in modo sicuro in conformit\u00e0 con gli standard pi\u00f9 recenti.<\/p>\n<p>Nel complesso, i vostri dati DataFile sono assolutamente sicuri e saranno trasmessi solo ai partner diretti dell&#8217;azienda in conformit\u00e0 con gli stessi standard o pi\u00f9 elevati e le leggi applicabili, come DataFile. Con DataFile.com, potete essere sicuri che le vostre informazioni sono in mani sicure e non saranno mai trasmesse a persone non autorizzate.<\/p>\n<h2>Servizio post-vendita<\/h2>\n<p>\u00c8 possibile contattare direttamente DataFile in 3 modi. Si consiglia di utilizzare entrambe le opzioni Internet. Da un lato, sotto la voce di menu, troverete la scheda Contatti all&#8217;estrema destra, che vi porter\u00e0 al modulo di contatto. Qui \u00e8 possibile inviare un messaggio a DataFile utilizzando la categoria appropriata, il proprio indirizzo e-mail e gli eventuali allegati in caso di problemi e commenti. Inoltre, sotto la stessa scheda \u00e8 disponibile un indirizzo e-mail che \u00e8 possibile utilizzare. Infine, vi si trova anche l&#8217;indirizzo postale.<\/p>\n<h2>Facilit\u00e0 d&#8217;uso<\/h2>\n<p>Caricare su DataFile \u00e8 molto semplice e facile. L&#8217;Uploader si trova nella home page o in alto a sinistra sotto la scheda &#8220;Upload files&#8221;. Si trova direttamente al centro e non pu\u00f2 essere trascurato. Tutte le altre aree importanti del sito sono raggiungibili direttamente dall&#8217;alto, in modo da avere sempre tutto a portata di mano. Il sito \u00e8 stato progettato in modo tale che raramente \u00e8 necessario scorrere e di solito si pu\u00f2 vedere tutto in un colpo d&#8217;occhio.<\/p>\n<p><img loading=\"lazy\" class=\"alignnone size-full wp-image-796\" src=\"https:\/\/multihoster.org\/wp-content\/uploads\/2018\/08\/our-datafile-rating.jpg\" alt=\"rating\" width=\"1675\" height=\"830\" srcset=\"https:\/\/multihoster.org\/wp-content\/uploads\/2018\/08\/our-datafile-rating.jpg 1675w, https:\/\/multihoster.org\/wp-content\/uploads\/2018\/08\/our-datafile-rating-300x149.jpg 300w, https:\/\/multihoster.org\/wp-content\/uploads\/2018\/08\/our-datafile-rating-768x381.jpg 768w, https:\/\/multihoster.org\/wp-content\/uploads\/2018\/08\/our-datafile-rating-1024x507.jpg 1024w\" sizes=\"(max-width: 1675px) 100vw, 1675px\" \/><\/p>\n<p>Proprio come il downloader, tutto \u00e8 nel mezzo, quindi si ha sempre una buona panoramica e non c&#8217;\u00e8 bisogno di cercare nulla. I file sono ordinati in un file manager molto chiaro, che funziona con icone di grandi dimensioni, in modo da poter lavorare anche con gli occhi pi\u00f9 deboli. Con una variet\u00e0 di opzioni di ordinamento, troverete quello che state cercando in modo rapido e affidabile, anche con un gran numero di file.<\/p>\n<p>DataFile ha generalmente una struttura molto semplice e conveniente. Non ci sono grandi strutture o nidificazioni, ma tutto \u00e8 diviso in un massimo di 3 livelli, cos\u00ec quasi tutti possono andare d&#8217;accordo molto rapidamente e lavorare in modo produttivo con DataFile. Le azioni principali per scaricare e gestire i file funzionano con solo 2 schede, che si trovano in alto a sinistra, &#8220;Carica file&#8221; e &#8220;Files&#8221; al centro. Tra le due, troverete la possibilit\u00e0 di ottenere un account DataFile Premium nella categoria &#8220;Get Premium&#8221;.<\/p>\n<h2>La nostra conclusione su DataFile<\/h2>\n<p>La facilit\u00e0 d&#8217;uso e la completezza del sito DataFile.com sono molto esemplari e, grazie alla sua funzionalit\u00e0 semplice ma molto buona, sono comprensibili e comprensibili per tutti. Lavorare con l&#8217;account DataFile \u00e8 semplice e molto piacevole.<\/p>\n<p><a class=\"fasc-button fasc-size-xlarge fasc-type-glossy fasc-rounded-medium ico-fa fasc-ico-after fa-share\" style=\"background-color: #247edd; color: #ffffff;\" target=\"_blank\" rel=\"nofollow noopener\" href=\"https:\/\/multihoster.org\/datafile\/goto\/\">Vai a DataFile.com<\/a><\/p>\n","protected":false},"excerpt":{"rendered":"<p>Tramite la presenza sul web di DataFile, avete la possibilit\u00e0 di scaricare i file e renderli disponibili ad altri utenti<\/p>\n","protected":false},"author":2,"featured_media":0,"parent":0,"menu_order":0,"comment_status":"closed","ping_status":"closed","template":"","meta":[],"yoast_head":"<!-- This site is optimized with the Yoast SEO plugin v18.3 - https:\/\/yoast.com\/wordpress\/plugins\/seo\/ -->\n<title>ll\u25b7 DataFile Premium Account grave o no? +++ Test su Multihoster.org<\/title>\n<meta name=\"description\" content=\"Caricare i file \u00e8 facile e veloce con DataFile. Vi mostriamo cosa pu\u00f2 fare DataFile e come potete usarlo.\" \/>\n<meta name=\"robots\" content=\"index, follow, max-snippet:-1, max-image-preview:large, max-video-preview:-1\" \/>\n<link rel=\"canonical\" href=\"https:\/\/multihoster.org\/it\/datafile\/\" \/>\n<meta property=\"og:locale\" content=\"it_IT\" \/>\n<meta property=\"og:type\" content=\"article\" \/>\n<meta property=\"og:title\" content=\"ll\u25b7 DataFile Premium Account grave o no? +++ Test su Multihoster.org\" \/>\n<meta property=\"og:description\" content=\"Caricare i file \u00e8 facile e veloce con DataFile. Vi mostriamo cosa pu\u00f2 fare DataFile e come potete usarlo.\" \/>\n<meta property=\"og:url\" content=\"https:\/\/multihoster.org\/it\/datafile\/\" \/>\n<meta property=\"og:site_name\" content=\"Multihoster.org\" \/>\n<meta property=\"article:modified_time\" content=\"2018-09-11T04:52:16+00:00\" \/>\n<meta property=\"og:image\" content=\"https:\/\/multihoster.org\/wp-content\/uploads\/2018\/08\/datafile.png\" \/>\n<meta name=\"twitter:card\" content=\"summary\" \/>\n<meta name=\"twitter:label1\" content=\"Tempo di lettura stimato\" \/>\n\t<meta name=\"twitter:data1\" content=\"4 minuti\" \/>\n<script type=\"application\/ld+json\" class=\"yoast-schema-graph\">{\"@context\":\"https:\/\/schema.org\",\"@graph\":[{\"@type\":\"WebSite\",\"@id\":\"https:\/\/multihoster.org\/#website\",\"url\":\"https:\/\/multihoster.org\/\",\"name\":\"Multihoster.org\",\"description\":\"Reviews of the major Filehosting services\",\"potentialAction\":[{\"@type\":\"SearchAction\",\"target\":{\"@type\":\"EntryPoint\",\"urlTemplate\":\"https:\/\/multihoster.org\/?s={search_term_string}\"},\"query-input\":\"required name=search_term_string\"}],\"inLanguage\":\"it-IT\"},{\"@type\":\"ImageObject\",\"@id\":\"https:\/\/multihoster.org\/it\/datafile\/#primaryimage\",\"inLanguage\":\"it-IT\",\"url\":\"https:\/\/multihoster.org\/wp-content\/uploads\/2018\/08\/datafile.png\",\"contentUrl\":\"https:\/\/multihoster.org\/wp-content\/uploads\/2018\/08\/datafile.png\",\"width\":425,\"height\":124,\"caption\":\"datafile\"},{\"@type\":\"WebPage\",\"@id\":\"https:\/\/multihoster.org\/it\/datafile\/#webpage\",\"url\":\"https:\/\/multihoster.org\/it\/datafile\/\",\"name\":\"ll\u25b7 DataFile Premium Account grave o no? +++ Test su Multihoster.org\",\"isPartOf\":{\"@id\":\"https:\/\/multihoster.org\/#website\"},\"primaryImageOfPage\":{\"@id\":\"https:\/\/multihoster.org\/it\/datafile\/#primaryimage\"},\"datePublished\":\"2018-08-09T15:42:01+00:00\",\"dateModified\":\"2018-09-11T04:52:16+00:00\",\"description\":\"Caricare i file \u00e8 facile e veloce con DataFile. Vi mostriamo cosa pu\u00f2 fare DataFile e come potete usarlo.\",\"breadcrumb\":{\"@id\":\"https:\/\/multihoster.org\/it\/datafile\/#breadcrumb\"},\"inLanguage\":\"it-IT\",\"potentialAction\":[{\"@type\":\"ReadAction\",\"target\":[\"https:\/\/multihoster.org\/it\/datafile\/\"]}]},{\"@type\":\"BreadcrumbList\",\"@id\":\"https:\/\/multihoster.org\/it\/datafile\/#breadcrumb\",\"itemListElement\":[{\"@type\":\"ListItem\",\"position\":1,\"name\":\"Startseite\",\"item\":\"https:\/\/multihoster.org\/it\/\"},{\"@type\":\"ListItem\",\"position\":2,\"name\":\"DataFile Premium Account &#8211; Il Filehoster in sintesi\"}]}]}<\/script>\n<!-- \/ Yoast SEO plugin. -->","yoast_head_json":{"title":"ll\u25b7 DataFile Premium Account grave o no? +++ Test su Multihoster.org","description":"Caricare i file \u00e8 facile e veloce con DataFile. Vi mostriamo cosa pu\u00f2 fare DataFile e come potete usarlo.","robots":{"index":"index","follow":"follow","max-snippet":"max-snippet:-1","max-image-preview":"max-image-preview:large","max-video-preview":"max-video-preview:-1"},"canonical":"https:\/\/multihoster.org\/it\/datafile\/","og_locale":"it_IT","og_type":"article","og_title":"ll\u25b7 DataFile Premium Account grave o no? +++ Test su Multihoster.org","og_description":"Caricare i file \u00e8 facile e veloce con DataFile. Vi mostriamo cosa pu\u00f2 fare DataFile e come potete usarlo.","og_url":"https:\/\/multihoster.org\/it\/datafile\/","og_site_name":"Multihoster.org","article_modified_time":"2018-09-11T04:52:16+00:00","og_image":[{"url":"https:\/\/multihoster.org\/wp-content\/uploads\/2018\/08\/datafile.png"}],"twitter_card":"summary","twitter_misc":{"Tempo di lettura stimato":"4 minuti"},"schema":{"@context":"https:\/\/schema.org","@graph":[{"@type":"WebSite","@id":"https:\/\/multihoster.org\/#website","url":"https:\/\/multihoster.org\/","name":"Multihoster.org","description":"Reviews of the major Filehosting services","potentialAction":[{"@type":"SearchAction","target":{"@type":"EntryPoint","urlTemplate":"https:\/\/multihoster.org\/?s={search_term_string}"},"query-input":"required name=search_term_string"}],"inLanguage":"it-IT"},{"@type":"ImageObject","@id":"https:\/\/multihoster.org\/it\/datafile\/#primaryimage","inLanguage":"it-IT","url":"https:\/\/multihoster.org\/wp-content\/uploads\/2018\/08\/datafile.png","contentUrl":"https:\/\/multihoster.org\/wp-content\/uploads\/2018\/08\/datafile.png","width":425,"height":124,"caption":"datafile"},{"@type":"WebPage","@id":"https:\/\/multihoster.org\/it\/datafile\/#webpage","url":"https:\/\/multihoster.org\/it\/datafile\/","name":"ll\u25b7 DataFile Premium Account grave o no? +++ Test su Multihoster.org","isPartOf":{"@id":"https:\/\/multihoster.org\/#website"},"primaryImageOfPage":{"@id":"https:\/\/multihoster.org\/it\/datafile\/#primaryimage"},"datePublished":"2018-08-09T15:42:01+00:00","dateModified":"2018-09-11T04:52:16+00:00","description":"Caricare i file \u00e8 facile e veloce con DataFile. Vi mostriamo cosa pu\u00f2 fare DataFile e come potete usarlo.","breadcrumb":{"@id":"https:\/\/multihoster.org\/it\/datafile\/#breadcrumb"},"inLanguage":"it-IT","potentialAction":[{"@type":"ReadAction","target":["https:\/\/multihoster.org\/it\/datafile\/"]}]},{"@type":"BreadcrumbList","@id":"https:\/\/multihoster.org\/it\/datafile\/#breadcrumb","itemListElement":[{"@type":"ListItem","position":1,"name":"Startseite","item":"https:\/\/multihoster.org\/it\/"},{"@type":"ListItem","position":2,"name":"DataFile Premium Account &#8211; Il Filehoster in sintesi"}]}]}},"_links":{"self":[{"href":"https:\/\/multihoster.org\/it\/wp-json\/wp\/v2\/pages\/817"}],"collection":[{"href":"https:\/\/multihoster.org\/it\/wp-json\/wp\/v2\/pages"}],"about":[{"href":"https:\/\/multihoster.org\/it\/wp-json\/wp\/v2\/types\/page"}],"author":[{"embeddable":true,"href":"https:\/\/multihoster.org\/it\/wp-json\/wp\/v2\/users\/2"}],"replies":[{"embeddable":true,"href":"https:\/\/multihoster.org\/it\/wp-json\/wp\/v2\/comments?post=817"}],"version-history":[{"count":10,"href":"https:\/\/multihoster.org\/it\/wp-json\/wp\/v2\/pages\/817\/revisions"}],"predecessor-version":[{"id":1320,"href":"https:\/\/multihoster.org\/it\/wp-json\/wp\/v2\/pages\/817\/revisions\/1320"}],"wp:attachment":[{"href":"https:\/\/multihoster.org\/it\/wp-json\/wp\/v2\/media?parent=817"}],"curies":[{"name":"wp","href":"https:\/\/api.w.org\/{rel}","templated":true}]}}