{"id":849,"date":"2018-08-09T19:32:11","date_gmt":"2018-08-09T19:32:11","guid":{"rendered":"https:\/\/multihoster.org\/?page_id=849"},"modified":"2019-10-28T16:06:29","modified_gmt":"2019-10-28T16:06:29","slug":"turbobit","status":"publish","type":"page","link":"https:\/\/multihoster.org\/it\/turbobit\/","title":{"rendered":"Turbobit Premium Account &#8211; Il Filehoster in sintesi"},"content":{"rendered":"<p><img loading=\"lazy\" class=\"alignnone size-full wp-image-1076 alignleft\" src=\"https:\/\/multihoster.org\/wp-content\/uploads\/2018\/08\/turbobit.png\" alt=\"turbobit\" width=\"365\" height=\"105\" srcset=\"https:\/\/multihoster.org\/wp-content\/uploads\/2018\/08\/turbobit.png 365w, https:\/\/multihoster.org\/wp-content\/uploads\/2018\/08\/turbobit-300x86.png 300w\" sizes=\"(max-width: 365px) 100vw, 365px\" \/><\/p>\n<p>Con Turbobit, non solo \u00e8 possibile scaricare un gran numero di file, ma anche caricare i propri file e ricevere una tassa interessante. \u00c8 possibile scegliere tra l&#8217;uso libero o l&#8217;uso di Turbo.<\/p>\n<p>Siamo lieti di condividere la nostra esperienza con voi per quanto riguarda il provider Turbobit e vi raccomandiamo semplicemente di fare le vostre prime esperienze personali con il provider con l&#8217;account gratuito.<\/p>\n<p>Per ulteriori informazioni seguire il link: <a href=\"https:\/\/turbobitpremium.info\/\" target=\"_blank\" rel=\"noopener noreferrer\">Turbobit Premium<\/a><\/p>\n\n<p><a class=\"fasc-button fasc-size-xlarge fasc-type-glossy fasc-rounded-medium ico-fa fasc-ico-after fa-share\" style=\"background-color: #43585e; color: #ffffff;\" target=\"_blank\" rel=\"nofollow noopener noreferrer\" href=\"https:\/\/multihoster.org\/turbobit\/goto\/\">Vai a Turbobit.net<\/a><\/p>\n<p>&nbsp;<\/p>\n<h2>Panoramica completa della gamma Turbobit<\/h2>\n<p>In primo luogo, Turbobit offre un prezioso account premium, che consente la massima velocit\u00e0 di download. Inoltre, non ci sono interruzioni obbligatorie, nessuna pubblicit\u00e0 e il download manager pu\u00f2 anche essere utilizzato.<\/p>\n<p>Oltre all&#8217;account Premium, che si chiama Accesso Turbo, i visitatori possono anche testare il servizio del provider gratuitamente e caricare i file desiderati con pochi clic senza un account.<\/p>\n<p>Se si desidera acquistare un account Turbobit Premium, \u00e8 possibile scegliere tra cinque abbonamenti.<\/p>\n<h2>Offerte bonus<\/h2>\n<p>Turbobit offre un modo interessante per fare soldi per chi rende disponibili i file pi\u00f9 popolari. Sono possibili fino a 40 dollari per 1000 download &#8211; in questo modo si pu\u00f2 guadagnare non solo una piccola paghetta, ma un intero stipendio mensile. Inoltre, \u00e8 possibile ricevere preziose commissioni pubblicizzando il provider.<\/p>\n<p><img loading=\"lazy\" class=\"alignnone size-full wp-image-836\" src=\"https:\/\/multihoster.org\/wp-content\/uploads\/2018\/08\/turbobit.jpg\" alt=\"turbobit\" width=\"1457\" height=\"864\" srcset=\"https:\/\/multihoster.org\/wp-content\/uploads\/2018\/08\/turbobit.jpg 1457w, https:\/\/multihoster.org\/wp-content\/uploads\/2018\/08\/turbobit-300x178.jpg 300w, https:\/\/multihoster.org\/wp-content\/uploads\/2018\/08\/turbobit-768x455.jpg 768w, https:\/\/multihoster.org\/wp-content\/uploads\/2018\/08\/turbobit-1024x607.jpg 1024w\" sizes=\"(max-width: 1457px) 100vw, 1457px\" \/><\/p>\n<h2>&nbsp;<\/h2>\n<h2>Costi e modalit\u00e0 di pagamento<\/h2>\n<p>Se si desidera acquistare anche un conto Turbobit Premium, ci sono diversi metodi di pagamento disponibili da Turbobit. Questi includono il pagamento tramite MasterCard e VISA cos\u00ec come Paypal, S\u20acPA e Skrill. \u00c8 possibile anche il pagamento anonimo tramite Paysafecard o Bitcoin. Inoltre, \u00e8 possibile accedere all&#8217;account Premium con Giropay, WebMoney e molti altri metodi. Questi variano da OPENBUCKS ai pagamenti di sicurezza.<\/p>\n<p>Se si sceglie di rinnovare l&#8217;abbonamento automaticamente durante il processo di pagamento, si ricever\u00e0 uno sconto del 25% su tutti gli ulteriori ordini dal tuo account premium, che ridurr\u00e0 notevolmente il prezzo per i prelievi futuri.<\/p>\n<p><strong>\n<table id=\"tablepress-57\" class=\"tablepress tablepress-id-57\">\n<tbody class=\"row-hover\">\n<tr class=\"row-1 odd\">\n\t<td class=\"column-1\">Turbo 1 settimana<\/td><td class=\"column-2\">Turbo 1 mese<\/td><td class=\"column-3\">Turbo 6 mesi<\/td><td class=\"column-4\">Turbo 1 anno<\/td><td class=\"column-5\">Turbo 2 anni<\/td>\n<\/tr>\n<tr class=\"row-2 even\">\n\t<td class=\"column-1\">5,95 $<\/td><td class=\"column-2\">9,95 $<\/td><td class=\"column-3\">34,95 $<\/td><td class=\"column-4\">59,95 $<\/td><td class=\"column-5\">89,95 $<\/td>\n<\/tr>\n<tr class=\"row-3 odd\">\n\t<td class=\"column-1\">0,85 $ al giorno<\/td><td class=\"column-2\">0,33  $ al giorno<\/td><td class=\"column-3\">0,19  $ al giorno<\/td><td class=\"column-4\">0,16  $ al giorno<\/td><td class=\"column-5\">0,12  $ al giorno<\/td>\n<\/tr>\n<\/tbody>\n<\/table>\n<!-- #tablepress-57 from cache --><\/strong><\/p>\n<p><a class=\"fasc-button fasc-size-xlarge fasc-type-glossy fasc-rounded-medium ico-fa fasc-ico-after fa-share\" style=\"background-color: #43585e; color: #ffffff;\" target=\"_blank\" rel=\"nofollow noopener noreferrer\" href=\"https:\/\/multihoster.org\/turbobit\/goto\/\">Vai a Turbobit.net<\/a><\/p>\n<h2>Informativa sulla privacy e protezione dei dati<\/h2>\n<p>Per quanto riguarda la protezione dei dati, il fornitore dichiara che adotter\u00e0 tutte le misure necessarie per proteggere la privacy e i dati dei visitatori e dei clienti.<\/p>\n<p>Visitando il sito web e usufruendo dei servizi, vengono memorizzati automaticamente vari dati. Durante la registrazione, ad esempio, vengono salvati l&#8217;indirizzo e-mail e il nome. Inoltre, i dati demografici anonimi possono essere raccolti nel tempo per ottimizzare i processi aziendali e servire meglio i clienti. Ci\u00f2 include dati quali l&#8217;indirizzo IP, i siti Web visitati, il tempo di visita del browser o del sito Web, dati che vengono memorizzati in modo anonimo e non come dati personali. Possono essere utilizzati anche cookies.<\/p>\n<p>I dati personali degli utenti sono protetti da crittografia per garantire la sicurezza del traffico.<\/p>\n<h2>Servizio post-vendita<\/h2>\n<p>Il servizio clienti Turbobit \u00e8 disponibile via e-mail, Skype e ICQ e risponde alle vostre domande individuali dal luned\u00ec al sabato dalle 12.00 alle 18.00. Per contattarci via e-mail, apri il modulo di contatto, seleziona l&#8217;area desiderata e descrivi la tua richiesta.<\/p>\n<p>Inoltre, troverete un&#8217;area FAQ, disponibile solo in inglese e russo.<\/p>\n<h2>Facilit\u00e0 d&#8217;uso<\/h2>\n<p>Il sito web \u00e8 chiaramente strutturato in modo che i visitatori possano vedere rapidamente quali servizi Turbobit offre. L&#8217;opzione di caricamento, per la quale non \u00e8 nemmeno necessario creare un account, \u00e8 rapidamente trovato e tutte le informazioni necessarie circa l&#8217;accesso Turbo \u00e8 rapidamente e chiaramente visibile. Inoltre, l&#8217;aggiornamento a un account premium Turbobit \u00e8 facile.<\/p>\n<p>Nella home page, gli utenti non registrati possono gi\u00e0 caricare un browser e trascinare e rilasciare i file sul caricatore tramite &#8220;Select File&#8221; o &#8220;Drag &amp; Drop&#8221;. Nella parte superiore ci sono altre due schede oltre a caricare il file: l&#8217;accesso Turbo e fare soldi. Mentre la prima scheda fornisce all&#8217;utente tutte le informazioni necessarie sull&#8217;account premium, la seconda scheda presenta interessanti opportunit\u00e0 di guadagno, che sono rese possibili dal provider Turbobit.<\/p>\n<p>In alto a sinistra troverete la funzione &#8220;Carica file&#8221; e l&#8217;accesso a &#8220;I miei file&#8221;. Qui \u00e8 possibile visualizzare e organizzare i file caricati o scaricati.<\/p>\n<p>Sulla base della nostra esperienza con Turbobit, possiamo affermare che sia il conto gratuito che quello premium di Turbobit offrono un notevole valore aggiunto.<\/p>\n<p><img loading=\"lazy\" class=\"alignnone size-full wp-image-837\" src=\"https:\/\/multihoster.org\/wp-content\/uploads\/2018\/08\/turbo_access.jpg\" alt=\"Pricing\" width=\"1365\" height=\"885\" srcset=\"https:\/\/multihoster.org\/wp-content\/uploads\/2018\/08\/turbo_access.jpg 1365w, https:\/\/multihoster.org\/wp-content\/uploads\/2018\/08\/turbo_access-300x195.jpg 300w, https:\/\/multihoster.org\/wp-content\/uploads\/2018\/08\/turbo_access-768x498.jpg 768w, https:\/\/multihoster.org\/wp-content\/uploads\/2018\/08\/turbo_access-1024x664.jpg 1024w\" sizes=\"(max-width: 1365px) 100vw, 1365px\" \/><\/p>\n<h2>I vantaggi di un conto premium con Turbobit<\/h2>\n<p>Oltre alle funzioni dell&#8217;account gratuito, Turbobit Turbo Access offre una serie di funzioni. Consente di scaricare i file desiderati alla massima velocit\u00e0 di download senza essere disturbati dalla pubblicit\u00e0. Vengono eliminate anche le interruzioni forzate ed \u00e8 consentito l&#8217;uso di un gestore di download.<\/p>\n<h2>La nostra conclusione sul fornitore Turbobit<\/h2>\n<p>Tutto sommato, Turbobit \u00e8 un modo interessante per caricare e scaricare i file. \u00c8 possibile prima testare l&#8217;account gratuito e poi acquistare un account Turbobit Premium, che \u00e8 disponibile attraverso vari abbonamenti. Grazie alla nostra esperienza, Turbobit \u00e8 in grado di convincere con il suo servizio completo, attraente potenziale di guadagno e di prima classe facilit\u00e0 d&#8217;uso.<\/p>\n<p><a class=\"fasc-button fasc-size-xlarge fasc-type-glossy fasc-rounded-medium ico-fa fasc-ico-after fa-share\" style=\"background-color: #43585e; color: #ffffff;\" target=\"_blank\" rel=\"nofollow noopener noreferrer\" href=\"https:\/\/multihoster.org\/turbobit\/goto\/\">Vai a Turbobit.net<\/a><\/p>\n","protected":false},"excerpt":{"rendered":"<p>Con Turbobit, non solo \u00e8 possibile scaricare un gran numero di file, ma anche caricare i propri file e ricevere<\/p>\n","protected":false},"author":2,"featured_media":0,"parent":0,"menu_order":0,"comment_status":"closed","ping_status":"closed","template":"","meta":[],"yoast_head":"<!-- This site is optimized with the Yoast SEO plugin v18.3 - https:\/\/yoast.com\/wordpress\/plugins\/seo\/ -->\n<title>lll\u25b7 Turbobit Premium Account grave o no? +++ Test su Multihoster.org<\/title>\n<meta name=\"description\" content=\"Saremo lieti di presentarvi il Filehoster Turbobit in modo pi\u00f9 dettagliato e di condividere con voi la nostra esperienza sull&#039;account gratuito e sul Turbobit Premium Account.\" \/>\n<meta name=\"robots\" content=\"index, follow, max-snippet:-1, max-image-preview:large, max-video-preview:-1\" \/>\n<link rel=\"canonical\" href=\"https:\/\/multihoster.org\/it\/turbobit\/\" \/>\n<meta property=\"og:locale\" content=\"it_IT\" \/>\n<meta property=\"og:type\" content=\"article\" \/>\n<meta property=\"og:title\" content=\"lll\u25b7 Turbobit Premium Account grave o no? +++ Test su Multihoster.org\" \/>\n<meta property=\"og:description\" content=\"Saremo lieti di presentarvi il Filehoster Turbobit in modo pi\u00f9 dettagliato e di condividere con voi la nostra esperienza sull&#039;account gratuito e sul Turbobit Premium Account.\" \/>\n<meta property=\"og:url\" content=\"https:\/\/multihoster.org\/it\/turbobit\/\" \/>\n<meta property=\"og:site_name\" content=\"Multihoster.org\" \/>\n<meta property=\"article:modified_time\" content=\"2019-10-28T16:06:29+00:00\" \/>\n<meta property=\"og:image\" content=\"https:\/\/multihoster.org\/wp-content\/uploads\/2018\/08\/turbobit.png\" \/>\n<meta name=\"twitter:card\" content=\"summary\" \/>\n<meta name=\"twitter:label1\" content=\"Tempo di lettura stimato\" \/>\n\t<meta name=\"twitter:data1\" content=\"4 minuti\" \/>\n<script type=\"application\/ld+json\" class=\"yoast-schema-graph\">{\"@context\":\"https:\/\/schema.org\",\"@graph\":[{\"@type\":\"WebSite\",\"@id\":\"https:\/\/multihoster.org\/#website\",\"url\":\"https:\/\/multihoster.org\/\",\"name\":\"Multihoster.org\",\"description\":\"Reviews of the major Filehosting services\",\"potentialAction\":[{\"@type\":\"SearchAction\",\"target\":{\"@type\":\"EntryPoint\",\"urlTemplate\":\"https:\/\/multihoster.org\/?s={search_term_string}\"},\"query-input\":\"required name=search_term_string\"}],\"inLanguage\":\"it-IT\"},{\"@type\":\"ImageObject\",\"@id\":\"https:\/\/multihoster.org\/it\/turbobit\/#primaryimage\",\"inLanguage\":\"it-IT\",\"url\":\"https:\/\/multihoster.org\/wp-content\/uploads\/2018\/08\/turbobit.png\",\"contentUrl\":\"https:\/\/multihoster.org\/wp-content\/uploads\/2018\/08\/turbobit.png\",\"width\":365,\"height\":105,\"caption\":\"turbobit\"},{\"@type\":\"WebPage\",\"@id\":\"https:\/\/multihoster.org\/it\/turbobit\/#webpage\",\"url\":\"https:\/\/multihoster.org\/it\/turbobit\/\",\"name\":\"lll\u25b7 Turbobit Premium Account grave o no? +++ Test su Multihoster.org\",\"isPartOf\":{\"@id\":\"https:\/\/multihoster.org\/#website\"},\"primaryImageOfPage\":{\"@id\":\"https:\/\/multihoster.org\/it\/turbobit\/#primaryimage\"},\"datePublished\":\"2018-08-09T19:32:11+00:00\",\"dateModified\":\"2019-10-28T16:06:29+00:00\",\"description\":\"Saremo lieti di presentarvi il Filehoster Turbobit in modo pi\u00f9 dettagliato e di condividere con voi la nostra esperienza sull'account gratuito e sul Turbobit Premium Account.\",\"breadcrumb\":{\"@id\":\"https:\/\/multihoster.org\/it\/turbobit\/#breadcrumb\"},\"inLanguage\":\"it-IT\",\"potentialAction\":[{\"@type\":\"ReadAction\",\"target\":[\"https:\/\/multihoster.org\/it\/turbobit\/\"]}]},{\"@type\":\"BreadcrumbList\",\"@id\":\"https:\/\/multihoster.org\/it\/turbobit\/#breadcrumb\",\"itemListElement\":[{\"@type\":\"ListItem\",\"position\":1,\"name\":\"Startseite\",\"item\":\"https:\/\/multihoster.org\/it\/\"},{\"@type\":\"ListItem\",\"position\":2,\"name\":\"Turbobit Premium Account &#8211; Il Filehoster in sintesi\"}]}]}<\/script>\n<!-- \/ Yoast SEO plugin. -->","yoast_head_json":{"title":"lll\u25b7 Turbobit Premium Account grave o no? +++ Test su Multihoster.org","description":"Saremo lieti di presentarvi il Filehoster Turbobit in modo pi\u00f9 dettagliato e di condividere con voi la nostra esperienza sull'account gratuito e sul Turbobit Premium Account.","robots":{"index":"index","follow":"follow","max-snippet":"max-snippet:-1","max-image-preview":"max-image-preview:large","max-video-preview":"max-video-preview:-1"},"canonical":"https:\/\/multihoster.org\/it\/turbobit\/","og_locale":"it_IT","og_type":"article","og_title":"lll\u25b7 Turbobit Premium Account grave o no? +++ Test su Multihoster.org","og_description":"Saremo lieti di presentarvi il Filehoster Turbobit in modo pi\u00f9 dettagliato e di condividere con voi la nostra esperienza sull'account gratuito e sul Turbobit Premium Account.","og_url":"https:\/\/multihoster.org\/it\/turbobit\/","og_site_name":"Multihoster.org","article_modified_time":"2019-10-28T16:06:29+00:00","og_image":[{"url":"https:\/\/multihoster.org\/wp-content\/uploads\/2018\/08\/turbobit.png"}],"twitter_card":"summary","twitter_misc":{"Tempo di lettura stimato":"4 minuti"},"schema":{"@context":"https:\/\/schema.org","@graph":[{"@type":"WebSite","@id":"https:\/\/multihoster.org\/#website","url":"https:\/\/multihoster.org\/","name":"Multihoster.org","description":"Reviews of the major Filehosting services","potentialAction":[{"@type":"SearchAction","target":{"@type":"EntryPoint","urlTemplate":"https:\/\/multihoster.org\/?s={search_term_string}"},"query-input":"required name=search_term_string"}],"inLanguage":"it-IT"},{"@type":"ImageObject","@id":"https:\/\/multihoster.org\/it\/turbobit\/#primaryimage","inLanguage":"it-IT","url":"https:\/\/multihoster.org\/wp-content\/uploads\/2018\/08\/turbobit.png","contentUrl":"https:\/\/multihoster.org\/wp-content\/uploads\/2018\/08\/turbobit.png","width":365,"height":105,"caption":"turbobit"},{"@type":"WebPage","@id":"https:\/\/multihoster.org\/it\/turbobit\/#webpage","url":"https:\/\/multihoster.org\/it\/turbobit\/","name":"lll\u25b7 Turbobit Premium Account grave o no? +++ Test su Multihoster.org","isPartOf":{"@id":"https:\/\/multihoster.org\/#website"},"primaryImageOfPage":{"@id":"https:\/\/multihoster.org\/it\/turbobit\/#primaryimage"},"datePublished":"2018-08-09T19:32:11+00:00","dateModified":"2019-10-28T16:06:29+00:00","description":"Saremo lieti di presentarvi il Filehoster Turbobit in modo pi\u00f9 dettagliato e di condividere con voi la nostra esperienza sull'account gratuito e sul Turbobit Premium Account.","breadcrumb":{"@id":"https:\/\/multihoster.org\/it\/turbobit\/#breadcrumb"},"inLanguage":"it-IT","potentialAction":[{"@type":"ReadAction","target":["https:\/\/multihoster.org\/it\/turbobit\/"]}]},{"@type":"BreadcrumbList","@id":"https:\/\/multihoster.org\/it\/turbobit\/#breadcrumb","itemListElement":[{"@type":"ListItem","position":1,"name":"Startseite","item":"https:\/\/multihoster.org\/it\/"},{"@type":"ListItem","position":2,"name":"Turbobit Premium Account &#8211; Il Filehoster in sintesi"}]}]}},"_links":{"self":[{"href":"https:\/\/multihoster.org\/it\/wp-json\/wp\/v2\/pages\/849"}],"collection":[{"href":"https:\/\/multihoster.org\/it\/wp-json\/wp\/v2\/pages"}],"about":[{"href":"https:\/\/multihoster.org\/it\/wp-json\/wp\/v2\/types\/page"}],"author":[{"embeddable":true,"href":"https:\/\/multihoster.org\/it\/wp-json\/wp\/v2\/users\/2"}],"replies":[{"embeddable":true,"href":"https:\/\/multihoster.org\/it\/wp-json\/wp\/v2\/comments?post=849"}],"version-history":[{"count":8,"href":"https:\/\/multihoster.org\/it\/wp-json\/wp\/v2\/pages\/849\/revisions"}],"predecessor-version":[{"id":2302,"href":"https:\/\/multihoster.org\/it\/wp-json\/wp\/v2\/pages\/849\/revisions\/2302"}],"wp:attachment":[{"href":"https:\/\/multihoster.org\/it\/wp-json\/wp\/v2\/media?parent=849"}],"curies":[{"name":"wp","href":"https:\/\/api.w.org\/{rel}","templated":true}]}}