{"id":900,"date":"2018-08-09T17:56:44","date_gmt":"2018-08-09T17:56:44","guid":{"rendered":"https:\/\/multihoster.org\/?page_id=900"},"modified":"2018-09-11T05:16:42","modified_gmt":"2018-09-11T05:16:42","slug":"file-al","status":"publish","type":"page","link":"https:\/\/multihoster.org\/it\/file-al\/","title":{"rendered":"File.al Premium Account &#8211; Il Filehoster in sintesi"},"content":{"rendered":"<p><img loading=\"lazy\" class=\"wp-image-1057 alignleft\" src=\"https:\/\/multihoster.org\/wp-content\/uploads\/2018\/08\/file.al_.png\" alt=\"file.al\" width=\"317\" height=\"143\" srcset=\"https:\/\/multihoster.org\/wp-content\/uploads\/2018\/08\/file.al_.png 406w, https:\/\/multihoster.org\/wp-content\/uploads\/2018\/08\/file.al_-300x135.png 300w\" sizes=\"(max-width: 317px) 100vw, 317px\" \/><\/p>\n<p>Filehoster File.AL permette di scaricare diversi file con un account gratuito. Tuttavia, le funzioni del servizio sono limitate in alcuni settori, ad esempio la pubblicit\u00e0.<\/p>\n<p>L&#8217;aggiornamento a File.AL Premium vi permette di sfruttare appieno il servizio con tutte le sue caratteristiche e non \u00e8 soggetto ad alcuna restrizione.<\/p>\n<p>&nbsp;<\/p>\n\n<p><a class=\"fasc-button fasc-size-xlarge fasc-type-glossy fasc-rounded-medium ico-fa fasc-ico-after fa-share\" style=\"background-color: #247edd; color: #ffffff;\" target=\"_blank\" rel=\"nofollow\" href=\"https:\/\/multihoster.org\/file-al\/goto\/\">Vai a File.al<\/a><\/p>\n<h2>L&#8217;offerta completa di File.AL in sintesi<\/h2>\n<p>L&#8217;account gratuito consente di scaricare o scaricare file fino a 5 GB dopo la registrazione. Lo spazio di archiviazione totale \u00e8 di 500 GB.<\/p>\n<p>Se si desidera approfittare di altre caratteristiche, ad esempio, per lavorare con l&#8217;account File.AL senza pubblicit\u00e0 o ritardi di download, \u00e8 possibile un aggiornamento all&#8217;account File.AL Premium.<\/p>\n<p>Inoltre, \u00e8 possibile guadagnare commissioni interessanti scaricando i file e attirando nuovi clienti.<\/p>\n<h2>I vantaggi di un conto Premium su File.AL<\/h2>\n<p>Mentre la dimensione massima del file per l&#8217;account gratuito \u00e8 di 5 GB, File.AL consente di scaricare e scaricare file premium fino a 50 GB. La limitazione dello spazio di archiviazione \u00e8 stata completamente rimossa. Inoltre, l&#8217;account Premium File.AL supporta anche un acceleratore di download. \u00c8 anche possibile mettere in pausa e interrompere facilmente il download senza doversi occupare di pubblicit\u00e0 e senza ritardi di download. Inoltre, non ci sono captach per il download con l&#8217;account Premium.<\/p>\n<p><img loading=\"lazy\" class=\"alignnone size-full wp-image-882\" src=\"https:\/\/multihoster.org\/wp-content\/uploads\/2018\/08\/laptop.jpg\" alt=\"laptop\" width=\"1920\" height=\"1153\" srcset=\"https:\/\/multihoster.org\/wp-content\/uploads\/2018\/08\/laptop.jpg 1920w, https:\/\/multihoster.org\/wp-content\/uploads\/2018\/08\/laptop-300x180.jpg 300w, https:\/\/multihoster.org\/wp-content\/uploads\/2018\/08\/laptop-768x461.jpg 768w, https:\/\/multihoster.org\/wp-content\/uploads\/2018\/08\/laptop-1024x615.jpg 1024w\" sizes=\"(max-width: 1920px) 100vw, 1920px\" \/><\/p>\n<h2>Costi e modalit\u00e0 di pagamento<\/h2>\n<p>Ci sono diversi modi per scegliere di pagare File.AL Premium. Si va dalle carte di credito standard e Paypal alle carte di credito Sofort\u00fcberweisung, Sofort\u00fcberweisung, Sofort Banking, Perfect Money e Webmoney. \u00c8 possibile anche un trasferimento normale. Se si desidera pagare in modo anonimo, \u00e8 possibile utilizzare una delle quattro valute crittografate. Qui \u00e8 possibile scegliere tra Bitcoins, Bitcoin Cash, Litecoin ed etereo. Se non ti piace uno di questi metodi, \u00e8 possibile utilizzare molti altri metodi di pagamento con i rivenditori File.AL Premium.<\/p>\n<p><strong>\n<table id=\"tablepress-66\" class=\"tablepress tablepress-id-66\">\n<tbody class=\"row-hover\">\n<tr class=\"row-1 odd\">\n\t<td class=\"column-1\">30 giorni <\/td><td class=\"column-2\">60 giorni <\/td><td class=\"column-3\">90 giorni <\/td><td class=\"column-4\">185 giorni <\/td><td class=\"column-5\">356 giorni <\/td>\n<\/tr>\n<tr class=\"row-2 even\">\n\t<td class=\"column-1\">19,95 $<\/td><td class=\"column-2\">29,95 $<\/td><td class=\"column-3\">39,95 $<\/td><td class=\"column-4\">69,95 $<\/td><td class=\"column-5\">99,95 $<\/td>\n<\/tr>\n<\/tbody>\n<\/table>\n<!-- #tablepress-66 from cache --><\/strong><\/p>\n<p><a class=\"fasc-button fasc-size-xlarge fasc-type-glossy fasc-rounded-medium ico-fa fasc-ico-after fa-share\" style=\"background-color: #247edd; color: #ffffff;\" target=\"_blank\" rel=\"nofollow\" href=\"https:\/\/multihoster.org\/file-al\/goto\/\">Vai a File.al<\/a><\/p>\n<h2>Informativa sulla privacy e protezione dei dati<\/h2>\n<p>Per quanto riguarda la privacy e la protezione dei dati, File.AL non dispone di un&#8217;informativa separata sulla protezione dei dati. Ci\u00f2 che \u00e8 certo, tuttavia, \u00e8 che l&#8217;azienda deve rispettare le normative vigenti in materia di protezione dei dati. Il VA fornisce all&#8217;utente informazioni pi\u00f9 dettagliate sul servizio, i diritti e gli obblighi in inglese.<\/p>\n<h2>Servizio post-vendita<\/h2>\n<p>Per contattare il servizio clienti File.AL, troverai la scheda &#8220;Contatti&#8221; in fondo alla pagina. Con un solo clic potete accedere all&#8217;area clienti, dove potete aprire un nuovo biglietto o controllare lo stato di un biglietto attuale. All&#8217;interno del biglietto, l&#8217;oggetto, il nome, l&#8217;indirizzo e-mail e la richiesta specifica sono obbligatori.<\/p>\n<h2>Facilit\u00e0 d&#8217;uso<\/h2>\n<p>Il sito File.AL \u00e8 molto chiaro e semplice. Nella parte superiore troverete tutte le schede importanti, da &#8220;Carica file&#8221; e &#8220;Aggiorna a Premium&#8221;, &#8220;Affiliato&#8221;, &#8220;Registra&#8221; e &#8220;Login&#8221; a &#8220;Password dimenticata&#8221;.<\/p>\n<p>Sulla homepage \u00e8 possibile effettuare il login con il proprio nome utente o e-mail e la password corrispondente. Come utente registrato, \u00e8 ora possibile selezionare le schede &#8220;Il mio account&#8221;, &#8220;I miei file&#8221; e &#8220;Rapporti&#8221;.<\/p>\n<p>Sotto &#8220;Il mio account&#8221; vedrai non solo le impostazioni dell&#8217;account G\/L, ma anche il saldo dell&#8217;account, lo spazio di archiviazione utilizzato e il traffico ancora disponibile per il giorno corrente. Inoltre, troverete il link ai dati che pubblicate, il vostro link partner individuale e molto altro ancora. Questo include anche le impostazioni per la velocit\u00e0 di download o per il conto alla rovescia.<\/p>\n<p>Nella sottopagina &#8220;I miei file&#8221; troverete informazioni pi\u00f9 dettagliate su tutti i file che avete scaricato, oltre allo spazio di memoria gi\u00e0 utilizzato.<\/p>\n<p>Facendo clic sulla scheda &#8220;Rapporti&#8221; \u00e8 possibile selezionare il periodo desiderato e ricevere il rapporto corrispondente. Il rapporto include download, vendite premium e fatturazioni, rimborsi, rinvii e siti web.<\/p>\n<p>&nbsp;<\/p>\n<p><img loading=\"lazy\" class=\"alignnone size-full wp-image-879\" src=\"https:\/\/multihoster.org\/wp-content\/uploads\/2018\/08\/file_al.jpg\" alt=\"File.AL\" width=\"1672\" height=\"872\" srcset=\"https:\/\/multihoster.org\/wp-content\/uploads\/2018\/08\/file_al.jpg 1672w, https:\/\/multihoster.org\/wp-content\/uploads\/2018\/08\/file_al-300x156.jpg 300w, https:\/\/multihoster.org\/wp-content\/uploads\/2018\/08\/file_al-768x401.jpg 768w, https:\/\/multihoster.org\/wp-content\/uploads\/2018\/08\/file_al-1024x534.jpg 1024w\" sizes=\"(max-width: 1672px) 100vw, 1672px\" \/><\/p>\n<p>&nbsp;<\/p>\n<h2>La nostra conclusione sul fornitore File.AL<\/h2>\n<p>Nel complesso, File.AL offre un&#8217;offerta interessante. Gli utenti possono provarlo gratuitamente con un massimo di 500 GB di spazio di archiviazione prima di passare a File.AL Premium. La presenza online \u00e8 chiaramente strutturata in modo da poter trovare rapidamente tutte le informazioni e le funzioni. Anche il contatto con il servizio clienti \u00e8 facile. Per il pagamento dell&#8217;Account Premium File.AL sono disponibili diversi metodi di pagamento, tra cui alcuni anonimi.<\/p>\n<p><a class=\"fasc-button fasc-size-xlarge fasc-type-glossy fasc-rounded-medium ico-fa fasc-ico-after fa-share\" style=\"background-color: #247edd; color: #ffffff;\" target=\"_blank\" rel=\"nofollow\" href=\"https:\/\/multihoster.org\/file-al\/goto\/\">Vai a File.al<\/a><\/p>\n","protected":false},"excerpt":{"rendered":"<p>Filehoster File.AL permette di scaricare diversi file con un account gratuito. Tuttavia, le funzioni del servizio sono limitate in alcuni<\/p>\n","protected":false},"author":2,"featured_media":0,"parent":0,"menu_order":0,"comment_status":"closed","ping_status":"closed","template":"","meta":[],"yoast_head":"<!-- This site is optimized with the Yoast SEO plugin v18.3 - https:\/\/yoast.com\/wordpress\/plugins\/seo\/ -->\n<title>lll\u25b7 File.al Premium Account grave o no? +++ Test su Multihoster.org<\/title>\n<meta name=\"description\" content=\"Vuoi sapere se Filehoster File.AL \u00e8 la scelta giusta? Vi presentiamo volentieri in dettaglio il provider e l&#039;account Premium File.AL.\" \/>\n<meta name=\"robots\" content=\"index, follow, max-snippet:-1, max-image-preview:large, max-video-preview:-1\" \/>\n<link rel=\"canonical\" href=\"https:\/\/multihoster.org\/it\/file-al\/\" \/>\n<meta property=\"og:locale\" content=\"it_IT\" \/>\n<meta property=\"og:type\" content=\"article\" \/>\n<meta property=\"og:title\" content=\"lll\u25b7 File.al Premium Account grave o no? +++ Test su Multihoster.org\" \/>\n<meta property=\"og:description\" content=\"Vuoi sapere se Filehoster File.AL \u00e8 la scelta giusta? Vi presentiamo volentieri in dettaglio il provider e l&#039;account Premium File.AL.\" \/>\n<meta property=\"og:url\" content=\"https:\/\/multihoster.org\/it\/file-al\/\" \/>\n<meta property=\"og:site_name\" content=\"Multihoster.org\" \/>\n<meta property=\"article:modified_time\" content=\"2018-09-11T05:16:42+00:00\" \/>\n<meta property=\"og:image\" content=\"https:\/\/multihoster.org\/wp-content\/uploads\/2018\/08\/file.al_.png\" \/>\n<meta name=\"twitter:card\" content=\"summary\" \/>\n<meta name=\"twitter:label1\" content=\"Tempo di lettura stimato\" \/>\n\t<meta name=\"twitter:data1\" content=\"3 minuti\" \/>\n<script type=\"application\/ld+json\" class=\"yoast-schema-graph\">{\"@context\":\"https:\/\/schema.org\",\"@graph\":[{\"@type\":\"WebSite\",\"@id\":\"https:\/\/multihoster.org\/#website\",\"url\":\"https:\/\/multihoster.org\/\",\"name\":\"Multihoster.org\",\"description\":\"Reviews of the major Filehosting services\",\"potentialAction\":[{\"@type\":\"SearchAction\",\"target\":{\"@type\":\"EntryPoint\",\"urlTemplate\":\"https:\/\/multihoster.org\/?s={search_term_string}\"},\"query-input\":\"required name=search_term_string\"}],\"inLanguage\":\"it-IT\"},{\"@type\":\"ImageObject\",\"@id\":\"https:\/\/multihoster.org\/it\/file-al\/#primaryimage\",\"inLanguage\":\"it-IT\",\"url\":\"https:\/\/multihoster.org\/wp-content\/uploads\/2018\/08\/file.al_.png\",\"contentUrl\":\"https:\/\/multihoster.org\/wp-content\/uploads\/2018\/08\/file.al_.png\",\"width\":406,\"height\":183,\"caption\":\"file.al\"},{\"@type\":\"WebPage\",\"@id\":\"https:\/\/multihoster.org\/it\/file-al\/#webpage\",\"url\":\"https:\/\/multihoster.org\/it\/file-al\/\",\"name\":\"lll\u25b7 File.al Premium Account grave o no? +++ Test su Multihoster.org\",\"isPartOf\":{\"@id\":\"https:\/\/multihoster.org\/#website\"},\"primaryImageOfPage\":{\"@id\":\"https:\/\/multihoster.org\/it\/file-al\/#primaryimage\"},\"datePublished\":\"2018-08-09T17:56:44+00:00\",\"dateModified\":\"2018-09-11T05:16:42+00:00\",\"description\":\"Vuoi sapere se Filehoster File.AL \u00e8 la scelta giusta? Vi presentiamo volentieri in dettaglio il provider e l'account Premium File.AL.\",\"breadcrumb\":{\"@id\":\"https:\/\/multihoster.org\/it\/file-al\/#breadcrumb\"},\"inLanguage\":\"it-IT\",\"potentialAction\":[{\"@type\":\"ReadAction\",\"target\":[\"https:\/\/multihoster.org\/it\/file-al\/\"]}]},{\"@type\":\"BreadcrumbList\",\"@id\":\"https:\/\/multihoster.org\/it\/file-al\/#breadcrumb\",\"itemListElement\":[{\"@type\":\"ListItem\",\"position\":1,\"name\":\"Startseite\",\"item\":\"https:\/\/multihoster.org\/it\/\"},{\"@type\":\"ListItem\",\"position\":2,\"name\":\"File.al Premium Account &#8211; Il Filehoster in sintesi\"}]}]}<\/script>\n<!-- \/ Yoast SEO plugin. -->","yoast_head_json":{"title":"lll\u25b7 File.al Premium Account grave o no? +++ Test su Multihoster.org","description":"Vuoi sapere se Filehoster File.AL \u00e8 la scelta giusta? Vi presentiamo volentieri in dettaglio il provider e l'account Premium File.AL.","robots":{"index":"index","follow":"follow","max-snippet":"max-snippet:-1","max-image-preview":"max-image-preview:large","max-video-preview":"max-video-preview:-1"},"canonical":"https:\/\/multihoster.org\/it\/file-al\/","og_locale":"it_IT","og_type":"article","og_title":"lll\u25b7 File.al Premium Account grave o no? +++ Test su Multihoster.org","og_description":"Vuoi sapere se Filehoster File.AL \u00e8 la scelta giusta? Vi presentiamo volentieri in dettaglio il provider e l'account Premium File.AL.","og_url":"https:\/\/multihoster.org\/it\/file-al\/","og_site_name":"Multihoster.org","article_modified_time":"2018-09-11T05:16:42+00:00","og_image":[{"url":"https:\/\/multihoster.org\/wp-content\/uploads\/2018\/08\/file.al_.png"}],"twitter_card":"summary","twitter_misc":{"Tempo di lettura stimato":"3 minuti"},"schema":{"@context":"https:\/\/schema.org","@graph":[{"@type":"WebSite","@id":"https:\/\/multihoster.org\/#website","url":"https:\/\/multihoster.org\/","name":"Multihoster.org","description":"Reviews of the major Filehosting services","potentialAction":[{"@type":"SearchAction","target":{"@type":"EntryPoint","urlTemplate":"https:\/\/multihoster.org\/?s={search_term_string}"},"query-input":"required name=search_term_string"}],"inLanguage":"it-IT"},{"@type":"ImageObject","@id":"https:\/\/multihoster.org\/it\/file-al\/#primaryimage","inLanguage":"it-IT","url":"https:\/\/multihoster.org\/wp-content\/uploads\/2018\/08\/file.al_.png","contentUrl":"https:\/\/multihoster.org\/wp-content\/uploads\/2018\/08\/file.al_.png","width":406,"height":183,"caption":"file.al"},{"@type":"WebPage","@id":"https:\/\/multihoster.org\/it\/file-al\/#webpage","url":"https:\/\/multihoster.org\/it\/file-al\/","name":"lll\u25b7 File.al Premium Account grave o no? +++ Test su Multihoster.org","isPartOf":{"@id":"https:\/\/multihoster.org\/#website"},"primaryImageOfPage":{"@id":"https:\/\/multihoster.org\/it\/file-al\/#primaryimage"},"datePublished":"2018-08-09T17:56:44+00:00","dateModified":"2018-09-11T05:16:42+00:00","description":"Vuoi sapere se Filehoster File.AL \u00e8 la scelta giusta? Vi presentiamo volentieri in dettaglio il provider e l'account Premium File.AL.","breadcrumb":{"@id":"https:\/\/multihoster.org\/it\/file-al\/#breadcrumb"},"inLanguage":"it-IT","potentialAction":[{"@type":"ReadAction","target":["https:\/\/multihoster.org\/it\/file-al\/"]}]},{"@type":"BreadcrumbList","@id":"https:\/\/multihoster.org\/it\/file-al\/#breadcrumb","itemListElement":[{"@type":"ListItem","position":1,"name":"Startseite","item":"https:\/\/multihoster.org\/it\/"},{"@type":"ListItem","position":2,"name":"File.al Premium Account &#8211; Il Filehoster in sintesi"}]}]}},"_links":{"self":[{"href":"https:\/\/multihoster.org\/it\/wp-json\/wp\/v2\/pages\/900"}],"collection":[{"href":"https:\/\/multihoster.org\/it\/wp-json\/wp\/v2\/pages"}],"about":[{"href":"https:\/\/multihoster.org\/it\/wp-json\/wp\/v2\/types\/page"}],"author":[{"embeddable":true,"href":"https:\/\/multihoster.org\/it\/wp-json\/wp\/v2\/users\/2"}],"replies":[{"embeddable":true,"href":"https:\/\/multihoster.org\/it\/wp-json\/wp\/v2\/comments?post=900"}],"version-history":[{"count":9,"href":"https:\/\/multihoster.org\/it\/wp-json\/wp\/v2\/pages\/900\/revisions"}],"predecessor-version":[{"id":1330,"href":"https:\/\/multihoster.org\/it\/wp-json\/wp\/v2\/pages\/900\/revisions\/1330"}],"wp:attachment":[{"href":"https:\/\/multihoster.org\/it\/wp-json\/wp\/v2\/media?parent=900"}],"curies":[{"name":"wp","href":"https:\/\/api.w.org\/{rel}","templated":true}]}}