{"id":939,"date":"2018-08-09T19:18:09","date_gmt":"2018-08-09T19:18:09","guid":{"rendered":"https:\/\/multihoster.org\/?page_id=939"},"modified":"2018-09-12T05:42:55","modified_gmt":"2018-09-12T05:42:55","slug":"nitroflare","status":"publish","type":"page","link":"https:\/\/multihoster.org\/it\/nitroflare\/","title":{"rendered":"NitroFlare Premium Account &#8211; Il Filehoster in sintesi"},"content":{"rendered":"<p><img loading=\"lazy\" class=\"alignnone wp-image-1066 alignleft\" src=\"https:\/\/multihoster.org\/wp-content\/uploads\/2018\/08\/nitroflare.png\" alt=\"nitroflare\" width=\"401\" height=\"91\" srcset=\"https:\/\/multihoster.org\/wp-content\/uploads\/2018\/08\/nitroflare.png 414w, https:\/\/multihoster.org\/wp-content\/uploads\/2018\/08\/nitroflare-300x68.png 300w\" sizes=\"(max-width: 401px) 100vw, 401px\" \/><\/p>\n<p>NitroFlare \u00e8 uno dei migliori del settore e si descrive come il servizio pi\u00f9 veloce e migliore per scaricare, archiviare e condividere in modo sicuro i dati su Internet. Filehoster offre un servizio internazionale per il trasferimento, l&#8217;archiviazione, il backup e la distribuzione dei dati.<\/p>\n<p>NitroFlare spiega sulla homepage che la velocit\u00e0 del server \u00e8 quasi illimitata e che non esistono servizi comparabili che offrano lo stesso livello di qualit\u00e0. Il fornitore fa naturalmente riferimento al Servizio Premium NitroFlare, che viene fornito a pagamento.<\/p>\n\n<p><a class=\"fasc-button fasc-size-xlarge fasc-type-glossy fasc-rounded-medium ico-fa fasc-ico-after fa-share\" style=\"background-color: #43585e; color: #ffffff;\" target=\"_blank\" rel=\"nofollow\" href=\"https:\/\/multihoster.org\/nitroflare\/goto\/\">Vai a Nitroflare.com<\/a><\/p>\n<h2>L&#8217;intera gamma NitroFlare in sintesi<\/h2>\n<p>NitroFlare consente di scaricare diversi file fino a 10 GB per download tramite browser, download remoto o FTP sui server del provider con un account gratuito.<\/p>\n<p>Oltre all&#8217;account gratuito, hai un totale di cinque abbonamenti a pagamento ad un account NitroFlare Premium, che ti permettono di usufruire di tutta la gamma di servizi NitroFlare. NitroFlare Premium offre un periodo di prova di 2 giorni e tariffe per 30 giorni, 90 giorni, 180 giorni e 365 giorni. L&#8217;abbonamento di prova di 2 giorni \u00e8 solo leggermente pi\u00f9 conveniente della tariffa di 30 giorni, che porta rapidamente il visitatore all&#8217;abbonamento di 30 giorni a NitroFlare Premium.<\/p>\n<h2>Offerte bonus<\/h2>\n<p>NitroFlare offre non solo la possibilit\u00e0 di scaricare e scaricare file, ma anche un modo interessante per guadagnare denaro e promuovere il servizio. A seconda del tipo di conto, \u00e8 possibile che riceviate una commissione fino al 10% se il provider beneficia di nuovi clienti tramite voi.<\/p>\n<p><img loading=\"lazy\" class=\"alignnone size-full wp-image-919\" src=\"https:\/\/multihoster.org\/wp-content\/uploads\/2018\/08\/nitroflare.jpg\" alt=\"Nitroflare\" width=\"894\" height=\"632\" srcset=\"https:\/\/multihoster.org\/wp-content\/uploads\/2018\/08\/nitroflare.jpg 894w, https:\/\/multihoster.org\/wp-content\/uploads\/2018\/08\/nitroflare-300x212.jpg 300w, https:\/\/multihoster.org\/wp-content\/uploads\/2018\/08\/nitroflare-768x543.jpg 768w\" sizes=\"(max-width: 894px) 100vw, 894px\" \/><\/p>\n<h2>Costi e modalit\u00e0 di pagamento<\/h2>\n<p>Le opzioni di pagamento per l&#8217;account premium NitroFlare includono noti metodi di pagamento con carta di credito. Si accettano carte VISA, MasterCard, American Express e Discover Card. Per il pagamento di NitroFlare Premium sono disponibili anche altri metodi, come WebMoney. Se vuoi pagare in modo anonimo, puoi farlo tramite Bitcoin.<\/p>\n<p><strong>\n<table id=\"tablepress-73\" class=\"tablepress tablepress-id-73\">\n<tbody class=\"row-hover\">\n<tr class=\"row-1 odd\">\n\t<td class=\"column-1\">Trial<\/td><td class=\"column-2\">Medium<\/td><td class=\"column-3\">Popular<\/td><td class=\"column-4\">Big<\/td><td class=\"column-5\">Huge<\/td>\n<\/tr>\n<tr class=\"row-2 even\">\n\t<td class=\"column-1\">2 Tago<\/td><td class=\"column-2\">30 Tago<\/td><td class=\"column-3\">90 Tago<\/td><td class=\"column-4\">180 Tago<\/td><td class=\"column-5\">365 Tago<\/td>\n<\/tr>\n<tr class=\"row-3 odd\">\n\t<td class=\"column-1\">10 $<\/td><td class=\"column-2\">12 $<\/td><td class=\"column-3\">30 $<\/td><td class=\"column-4\">50 $<\/td><td class=\"column-5\">90 $<\/td>\n<\/tr>\n<\/tbody>\n<\/table>\n<!-- #tablepress-73 from cache --><\/strong><\/p>\n<p><a class=\"fasc-button fasc-size-xlarge fasc-type-glossy fasc-rounded-medium ico-fa fasc-ico-after fa-share\" style=\"background-color: #43585e; color: #ffffff;\" target=\"_blank\" rel=\"nofollow\" href=\"https:\/\/multihoster.org\/nitroflare\/goto\/\">Vai a Nitroflare.com<\/a><\/p>\n<h2>Informativa sulla privacy e protezione dei dati<\/h2>\n<p>La tutela della vita privata e la protezione dei dati stanno diventando sempre pi\u00f9 importanti per molti consumatori. Quando si tratta di proteggere i tuoi dati personali e la tua privacy, puoi contare sull&#8217;affidabilit\u00e0 di NitroFlare.<\/p>\n<p>Il provider memorizza informazioni comuni, come l&#8217;indirizzo IP, l&#8217;indirizzo e-mail, il nome e i file scaricati e caricati. Utilizzando il servizio NitroFlare, accetti anche l&#8217;utilizzo di cookie, che spesso migliorano l&#8217;esperienza dell&#8217;utente.<\/p>\n<p>I dati finanziari personali non vengono memorizzati da NitroFlare, in quanto il processo di pagamento include servizi di pagamento separati che elaborano i dati.<\/p>\n<h2>Servizio post-vendita<\/h2>\n<p>Il link per il servizio clienti si trova nella parte superiore del sito Web, sotto la scheda &#8220;Supporto&#8221;. All&#8217;utente verr\u00e0 richiesto di cercare prima una soluzione nella casella domande e risposte nella parte superiore della pagina di destinazione. Qui di seguito troverete un modulo di contatto, dove l&#8217;indirizzo e-mail, l&#8217;oggetto e una concretizzazione della domanda sono necessari. Il captcha pu\u00f2 quindi essere confermato e il messaggio inviato.<\/p>\n<p><img loading=\"lazy\" class=\"alignnone size-full wp-image-920\" src=\"https:\/\/multihoster.org\/wp-content\/uploads\/2018\/08\/support.jpg\" alt=\"support\" width=\"859\" height=\"624\" srcset=\"https:\/\/multihoster.org\/wp-content\/uploads\/2018\/08\/support.jpg 859w, https:\/\/multihoster.org\/wp-content\/uploads\/2018\/08\/support-300x218.jpg 300w, https:\/\/multihoster.org\/wp-content\/uploads\/2018\/08\/support-768x558.jpg 768w\" sizes=\"(max-width: 859px) 100vw, 859px\" \/><\/p>\n<h2>Facilit\u00e0 d&#8217;uso<\/h2>\n<p>La presenza online di nitroflare.com \u00e8 strutturata in modo chiaro, in modo da poter vedere tutto ci\u00f2 che \u00e8 importante a colpo d&#8217;occhio in home page. Anche senza un account, \u00e8 possibile scaricare file fino a 10 GB con Browser Upload, FTP Upload o Remote Upload. Inoltre, troverete le sotto-pagine &#8220;Bonus d&#8217;acquisto&#8221;, &#8220;Guadagnare soldi&#8221; e &#8220;Supporto&#8221; nella parte superiore della pagina.<\/p>\n<p>Facendo clic su &#8220;Utente&#8221; nell&#8217;angolo in alto a destra della pagina, si accede alla panoramica dell&#8217;account. \u00c8 possibile visualizzare, tra le altre cose, la capacit\u00e0 di memoria disponibile, il saldo del conto e le informazioni sulle opzioni vincenti. \u00c8 inoltre possibile trovare statistiche su clic, download e vendite.<\/p>\n<p>Da qui \u00e8 possibile accedere alla scheda &#8220;I miei file&#8221;, dove \u00e8 possibile organizzare e visualizzare i file in modo pratico. \u00c8 inoltre possibile aprire rapporti di affiliazione e creare un conto FTP. Puoi anche visualizzare i tuoi download individuali e i tuoi riferimenti di vendita e trovare i link a due API di sviluppatori.<\/p>\n<h2>I vantaggi di un conto Premium con NitroFlare<\/h2>\n<p>Con un account NitroFlare Premium, \u00e8 possibile utilizzare la massima velocit\u00e0 quando si visita NitroFlare.com. Inoltre, \u00e8 possibile non solo scaricare i video che si desidera, ma anche guardarli online.<\/p>\n<p>Inoltre, non sarete disturbati dalla pubblicit\u00e0 durante l&#8217;utilizzo del servizio e potrete beneficiare di NitroFlare Premium attraverso un servizio clienti prioritario.<\/p>\n<h2>La nostra conclusione su NitroFlare<\/h2>\n<p>Complessivamente, NitroFlare offre un&#8217;interessante gamma di prodotti che possono essere utilizzati gratuitamente o a pagamento. Con l&#8217;account Premium NitroFlare avete tutte le opzioni e potete utilizzare la massima velocit\u00e0, ma la dimensione dell&#8217;account gratuito \u00e8 limitata. La pagina \u00e8 strutturata in modo chiaro, in modo da poter trovare rapidamente tutte le informazioni e le funzioni. Prova l&#8217;offerta gratuita NitroFlare e passa a NitroFlare Premium se vuoi.<\/p>\n<p><a class=\"fasc-button fasc-size-xlarge fasc-type-glossy fasc-rounded-medium ico-fa fasc-ico-after fa-share\" style=\"background-color: #43585e; color: #ffffff;\" target=\"_blank\" rel=\"nofollow\" href=\"https:\/\/multihoster.org\/nitroflare\/goto\/\">Vai a Nitroflare.com<\/a><\/p>\n","protected":false},"excerpt":{"rendered":"<p>NitroFlare \u00e8 uno dei migliori del settore e si descrive come il servizio pi\u00f9 veloce e migliore per scaricare, archiviare<\/p>\n","protected":false},"author":2,"featured_media":0,"parent":0,"menu_order":0,"comment_status":"closed","ping_status":"closed","template":"","meta":[],"yoast_head":"<!-- This site is optimized with the Yoast SEO plugin v18.3 - https:\/\/yoast.com\/wordpress\/plugins\/seo\/ -->\n<title>lll\u25b7 NitroFlare Premium Account grave o no? +++ Test su Multihoster.org<\/title>\n<meta name=\"description\" content=\"Abbiamo esaminato con attenzione il file hoster NitroFlare e siamo lieti di presentarvi al fornitore di servizi.\" \/>\n<meta name=\"robots\" content=\"index, follow, max-snippet:-1, max-image-preview:large, max-video-preview:-1\" \/>\n<link rel=\"canonical\" href=\"https:\/\/multihoster.org\/it\/nitroflare\/\" \/>\n<meta property=\"og:locale\" content=\"it_IT\" \/>\n<meta property=\"og:type\" content=\"article\" \/>\n<meta property=\"og:title\" content=\"lll\u25b7 NitroFlare Premium Account grave o no? +++ Test su Multihoster.org\" \/>\n<meta property=\"og:description\" content=\"Abbiamo esaminato con attenzione il file hoster NitroFlare e siamo lieti di presentarvi al fornitore di servizi.\" \/>\n<meta property=\"og:url\" content=\"https:\/\/multihoster.org\/it\/nitroflare\/\" \/>\n<meta property=\"og:site_name\" content=\"Multihoster.org\" \/>\n<meta property=\"article:modified_time\" content=\"2018-09-12T05:42:55+00:00\" \/>\n<meta property=\"og:image\" content=\"https:\/\/multihoster.org\/wp-content\/uploads\/2018\/08\/nitroflare.png\" \/>\n<meta name=\"twitter:card\" content=\"summary\" \/>\n<meta name=\"twitter:label1\" content=\"Tempo di lettura stimato\" \/>\n\t<meta name=\"twitter:data1\" content=\"4 minuti\" \/>\n<script type=\"application\/ld+json\" class=\"yoast-schema-graph\">{\"@context\":\"https:\/\/schema.org\",\"@graph\":[{\"@type\":\"WebSite\",\"@id\":\"https:\/\/multihoster.org\/#website\",\"url\":\"https:\/\/multihoster.org\/\",\"name\":\"Multihoster.org\",\"description\":\"Reviews of the major Filehosting services\",\"potentialAction\":[{\"@type\":\"SearchAction\",\"target\":{\"@type\":\"EntryPoint\",\"urlTemplate\":\"https:\/\/multihoster.org\/?s={search_term_string}\"},\"query-input\":\"required name=search_term_string\"}],\"inLanguage\":\"it-IT\"},{\"@type\":\"ImageObject\",\"@id\":\"https:\/\/multihoster.org\/it\/nitroflare\/#primaryimage\",\"inLanguage\":\"it-IT\",\"url\":\"https:\/\/multihoster.org\/wp-content\/uploads\/2018\/08\/nitroflare.png\",\"contentUrl\":\"https:\/\/multihoster.org\/wp-content\/uploads\/2018\/08\/nitroflare.png\",\"width\":414,\"height\":94,\"caption\":\"nitroflare\"},{\"@type\":\"WebPage\",\"@id\":\"https:\/\/multihoster.org\/it\/nitroflare\/#webpage\",\"url\":\"https:\/\/multihoster.org\/it\/nitroflare\/\",\"name\":\"lll\u25b7 NitroFlare Premium Account grave o no? +++ Test su Multihoster.org\",\"isPartOf\":{\"@id\":\"https:\/\/multihoster.org\/#website\"},\"primaryImageOfPage\":{\"@id\":\"https:\/\/multihoster.org\/it\/nitroflare\/#primaryimage\"},\"datePublished\":\"2018-08-09T19:18:09+00:00\",\"dateModified\":\"2018-09-12T05:42:55+00:00\",\"description\":\"Abbiamo esaminato con attenzione il file hoster NitroFlare e siamo lieti di presentarvi al fornitore di servizi.\",\"breadcrumb\":{\"@id\":\"https:\/\/multihoster.org\/it\/nitroflare\/#breadcrumb\"},\"inLanguage\":\"it-IT\",\"potentialAction\":[{\"@type\":\"ReadAction\",\"target\":[\"https:\/\/multihoster.org\/it\/nitroflare\/\"]}]},{\"@type\":\"BreadcrumbList\",\"@id\":\"https:\/\/multihoster.org\/it\/nitroflare\/#breadcrumb\",\"itemListElement\":[{\"@type\":\"ListItem\",\"position\":1,\"name\":\"Startseite\",\"item\":\"https:\/\/multihoster.org\/it\/\"},{\"@type\":\"ListItem\",\"position\":2,\"name\":\"NitroFlare Premium Account &#8211; Il Filehoster in sintesi\"}]}]}<\/script>\n<!-- \/ Yoast SEO plugin. -->","yoast_head_json":{"title":"lll\u25b7 NitroFlare Premium Account grave o no? +++ Test su Multihoster.org","description":"Abbiamo esaminato con attenzione il file hoster NitroFlare e siamo lieti di presentarvi al fornitore di servizi.","robots":{"index":"index","follow":"follow","max-snippet":"max-snippet:-1","max-image-preview":"max-image-preview:large","max-video-preview":"max-video-preview:-1"},"canonical":"https:\/\/multihoster.org\/it\/nitroflare\/","og_locale":"it_IT","og_type":"article","og_title":"lll\u25b7 NitroFlare Premium Account grave o no? +++ Test su Multihoster.org","og_description":"Abbiamo esaminato con attenzione il file hoster NitroFlare e siamo lieti di presentarvi al fornitore di servizi.","og_url":"https:\/\/multihoster.org\/it\/nitroflare\/","og_site_name":"Multihoster.org","article_modified_time":"2018-09-12T05:42:55+00:00","og_image":[{"url":"https:\/\/multihoster.org\/wp-content\/uploads\/2018\/08\/nitroflare.png"}],"twitter_card":"summary","twitter_misc":{"Tempo di lettura stimato":"4 minuti"},"schema":{"@context":"https:\/\/schema.org","@graph":[{"@type":"WebSite","@id":"https:\/\/multihoster.org\/#website","url":"https:\/\/multihoster.org\/","name":"Multihoster.org","description":"Reviews of the major Filehosting services","potentialAction":[{"@type":"SearchAction","target":{"@type":"EntryPoint","urlTemplate":"https:\/\/multihoster.org\/?s={search_term_string}"},"query-input":"required name=search_term_string"}],"inLanguage":"it-IT"},{"@type":"ImageObject","@id":"https:\/\/multihoster.org\/it\/nitroflare\/#primaryimage","inLanguage":"it-IT","url":"https:\/\/multihoster.org\/wp-content\/uploads\/2018\/08\/nitroflare.png","contentUrl":"https:\/\/multihoster.org\/wp-content\/uploads\/2018\/08\/nitroflare.png","width":414,"height":94,"caption":"nitroflare"},{"@type":"WebPage","@id":"https:\/\/multihoster.org\/it\/nitroflare\/#webpage","url":"https:\/\/multihoster.org\/it\/nitroflare\/","name":"lll\u25b7 NitroFlare Premium Account grave o no? +++ Test su Multihoster.org","isPartOf":{"@id":"https:\/\/multihoster.org\/#website"},"primaryImageOfPage":{"@id":"https:\/\/multihoster.org\/it\/nitroflare\/#primaryimage"},"datePublished":"2018-08-09T19:18:09+00:00","dateModified":"2018-09-12T05:42:55+00:00","description":"Abbiamo esaminato con attenzione il file hoster NitroFlare e siamo lieti di presentarvi al fornitore di servizi.","breadcrumb":{"@id":"https:\/\/multihoster.org\/it\/nitroflare\/#breadcrumb"},"inLanguage":"it-IT","potentialAction":[{"@type":"ReadAction","target":["https:\/\/multihoster.org\/it\/nitroflare\/"]}]},{"@type":"BreadcrumbList","@id":"https:\/\/multihoster.org\/it\/nitroflare\/#breadcrumb","itemListElement":[{"@type":"ListItem","position":1,"name":"Startseite","item":"https:\/\/multihoster.org\/it\/"},{"@type":"ListItem","position":2,"name":"NitroFlare Premium Account &#8211; Il Filehoster in sintesi"}]}]}},"_links":{"self":[{"href":"https:\/\/multihoster.org\/it\/wp-json\/wp\/v2\/pages\/939"}],"collection":[{"href":"https:\/\/multihoster.org\/it\/wp-json\/wp\/v2\/pages"}],"about":[{"href":"https:\/\/multihoster.org\/it\/wp-json\/wp\/v2\/types\/page"}],"author":[{"embeddable":true,"href":"https:\/\/multihoster.org\/it\/wp-json\/wp\/v2\/users\/2"}],"replies":[{"embeddable":true,"href":"https:\/\/multihoster.org\/it\/wp-json\/wp\/v2\/comments?post=939"}],"version-history":[{"count":9,"href":"https:\/\/multihoster.org\/it\/wp-json\/wp\/v2\/pages\/939\/revisions"}],"predecessor-version":[{"id":1368,"href":"https:\/\/multihoster.org\/it\/wp-json\/wp\/v2\/pages\/939\/revisions\/1368"}],"wp:attachment":[{"href":"https:\/\/multihoster.org\/it\/wp-json\/wp\/v2\/media?parent=939"}],"curies":[{"name":"wp","href":"https:\/\/api.w.org\/{rel}","templated":true}]}}