{"id":1570,"date":"2018-10-01T03:49:36","date_gmt":"2018-10-01T03:49:36","guid":{"rendered":"https:\/\/multihoster.org\/?page_id=1570"},"modified":"2018-10-04T14:27:34","modified_gmt":"2018-10-04T14:27:34","slug":"offcloud","status":"publish","type":"page","link":"https:\/\/multihoster.org\/nl\/offcloud\/","title":{"rendered":"Offcloud &#8211; De Multihoster in een oogopslag"},"content":{"rendered":"<p><img loading=\"lazy\" class=\"wp-image-1573 alignleft\" src=\"https:\/\/multihoster.org\/wp-content\/uploads\/2018\/10\/logo.png\" alt=\"logo\" width=\"263\" height=\"110\" srcset=\"https:\/\/multihoster.org\/wp-content\/uploads\/2018\/10\/logo.png 410w, https:\/\/multihoster.org\/wp-content\/uploads\/2018\/10\/logo-300x125.png 300w\" sizes=\"(max-width: 263px) 100vw, 263px\" \/><span style=\"font-family: 'Arial',sans-serif; color: black;\" data-darkreader-inline-color=\"\">De Multihoster Offcloud biedt u de mogelijkheid om verschillende bestanden te downloaden en de gewenste bestanden in de cloud te uploaden. U kunt ook een cloud backup maken, gebruik maken van een API en tientallen andere tools. U kunt kiezen tussen de gratis versie en een premium account bij Offcloud.<\/span><\/p>\n<p style=\"margin: 20.15pt 0cm 5.95pt 0cm;\"><span style=\"font-family: 'Arial',sans-serif; color: black;\" data-darkreader-inline-color=\"\">Offcloud fungeert als een cloud-based downloadmanager die een groot aantal websites ondersteunt en daarmee een zeer uitgebreide service biedt. Onder de ondersteunde cloud websites zijn 1Fichier, <a href=\"https:\/\/multihoster.org\/de\/rapidgator\/\" target=\"_blank\" rel=\"noopener\">Rapidgator<\/a> alsmede <a href=\"https:\/\/multihoster.org\/de\/filefactory\/\" target=\"_blank\" rel=\"noopener\">FileFactory<\/a> en nog veel meer. Ook worden diverse streaming providers ondersteund, van Soundcloud en Youtube tot Vimeo en bekende erotische websites. We hebben Offcloud getest en bekeken. Hieronder vindt u meer informatie en onze ervaringen met Offcloud.<br \/>\n<\/span><\/p>\n<h2><strong>Positieve kenmerken van de leverancier<\/strong><\/h2>\n<ul>\n<li>gratis en premium account<\/li>\n<li>grote selectie van ondersteunde sites<\/li>\n<li>diverse gereedschappen en uitbreidingen<\/li>\n<li>anonieme betalingsmethoden<\/li>\n<li>Duidelijk en gebruiksvriendelijk ontwerp<\/li>\n<\/ul>\n<h2 style=\"margin: 18.15pt 0cm 5.95pt 0cm;\"><span style=\"color: black;\" data-darkreader-inline-color=\"\">Het gehele Offcloud aanbod in \u00e9\u00e9n oogopslag<\/span><\/h2>\n<p>Als u de Offcloud service eerst wilt testen, kunt u een gratis account aanmaken. U vindt de optie hiervoor direct op de startpagina, hier hoeft u alleen het e-mailadres in te voeren en met \u00e9\u00e9n klik is de registratie voltooid. U ontvangt dan een e-mail van de provider en kunt een wachtwoord voor de account instellen.<\/p>\n<p>Als u gebruik wilt maken van het maximale dienstenaanbod, kunt u uw account upgraden naar een Offcloud Premium Account en \u00e9\u00e9n van de vier tarieven afsluiten. Hier kunt u kiezen uit tarieven voor een periode van \u00e9\u00e9n maand tot \u00e9\u00e9n jaar.<\/p>\n<h2>Bonusaanbiedingen<\/h2>\n<p style=\"margin: 18.15pt 0cm 5.95pt 0cm;\"><span style=\"font-family: 'Arial',sans-serif; color: black;\" data-darkreader-inline-color=\"\">Als onderdeel van de bonusaanbiedingen vindt u twee cloud applicaties &#8211; <a href=\"https:\/\/chrome.google.com\/webstore\/detail\/offcloudcom-extension\/mhenombkbjeannffjnhcnelokhkfndch\" target=\"_blank\" rel=\"noopener\">Offcloud f\u00fcr Google Chrome<\/a> en Offcloud voor Google Drive. Daarnaast zijn er praktische uitbreidingen voor de internetbrowser, ondersteund worden de browsers Google Chrome, Opera, Firefox en Safari en Edge. Daarnaast zijn er twee automatiseringstools en drie desktop-downloadmanagers. Al met al biedt Offcloud een uitgebreid aanbod aan bonusaanbiedingen, die zelfs in combinatie met het gratis account gebruikt kunnen worden.<br \/>\n<\/span><\/p>\n<p>Door reclame te maken voor de aanbieder en nieuwe klanten te werven, is het ook mogelijk om creditmunten te verkrijgen die gebruikt kunnen worden voor de gratis aankoop van de premium account. Het is ook mogelijk om een directe commissie te verdienen, die via Paypal of Bitcoin wordt uitbetaald. Het enige wat ze hoeven te doen is de persoonlijke doorverwijslink te delen en te wachten tot iemand de site van de provider bezoekt via uw link en een account aanmaakt.<\/p>\n<h2 style=\"margin: 15.9pt 0cm 3.95pt 0cm;\"><span style=\"color: black;\" data-darkreader-inline-color=\"\">Kosten en betalingsmogelijkheden <\/span><\/h2>\n<p style=\"margin: 15.9pt 0cm 3.95pt 0cm;\"><span style=\"font-family: 'Arial',sans-serif; color: #434343;\" data-darkreader-inline-color=\"\">Voor de betaling van het lidmaatschap staan u verschillende procedures ter beschikking. U kunt bijvoorbeeld betalen met een creditcard, Paypal of Alipay. Ook de betalingsdienstaanbieders Alipay, UnionPay en Neosurf, WebMoney en nog veel meer zijn beschikbaar. Als u de rekening anoniem wilt betalen, kunt u gebruik maken van de betaalmethoden Bitcoin of Paysafe.<\/span><\/p>\n<p><strong>\n<table id=\"tablepress-116\" class=\"tablepress tablepress-id-116\">\n<thead>\n<tr class=\"row-1 odd\">\n\t<th class=\"column-1\">De goede kit<\/th><th class=\"column-2\">De nuttige partner<\/th>\n<\/tr>\n<\/thead>\n<tbody class=\"row-hover\">\n<tr class=\"row-2 even\">\n\t<td class=\"column-1\">1 maand<\/td><td class=\"column-2\">1 ja<\/td>\n<\/tr>\n<tr class=\"row-3 odd\">\n\t<td class=\"column-1\">9,99 $<\/td><td class=\"column-2\">59,99 $<\/td>\n<\/tr>\n<\/tbody>\n<\/table>\n<!-- #tablepress-116 from cache --><\/strong><\/p>\n<p><img loading=\"lazy\" class=\"alignnone size-full wp-image-1473\" src=\"https:\/\/multihoster.org\/wp-content\/uploads\/2018\/09\/prices-2.png\" alt=\"prices\" width=\"844\" height=\"280\" srcset=\"https:\/\/multihoster.org\/wp-content\/uploads\/2018\/09\/prices-2.png 844w, https:\/\/multihoster.org\/wp-content\/uploads\/2018\/09\/prices-2-300x100.png 300w, https:\/\/multihoster.org\/wp-content\/uploads\/2018\/09\/prices-2-768x255.png 768w\" sizes=\"(max-width: 844px) 100vw, 844px\" \/><\/p>\n<h2 style=\"margin: 18.15pt 0cm 5.95pt 0cm;\"><span style=\"color: black;\" data-darkreader-inline-color=\"\">Privacy verklaring <\/span><\/h2>\n<p>De Offcloud provider zet zich in voor een veilige en betrouwbare omgang met uw gegevens. Persoonlijke gegevens, zoals e-mail adres en naam, die bij de registratie worden opgegeven, worden onder andere opgeslagen. Bovendien kunnen demografische gegevens worden gebruikt om bedrijfsprocessen te optimaliseren, die anoniem worden doorgegeven zonder directe verwijzing naar de persoon. Financi\u00eble gegevens worden uitsluitend gebruikt voor de beoogde processen. Cookies kunnen ook worden gebruikt om de gebruikerservaring te verbeteren.<\/p>\n<h2 style=\"margin: 18.15pt 0cm 5.95pt 0cm;\"><span style=\"color: black;\" data-darkreader-inline-color=\"\">Klantenservice <\/span><\/h2>\n<p style=\"margin: 18.15pt 0cm 5.95pt 0cm;\"><span style=\"font-family: 'Arial',sans-serif; color: black;\" data-darkreader-inline-color=\"\">Als u vragen heeft over de Offcloud service, kunt u een ticket openen in het account onder het menupunt Support. Voor dit doel kan eerst het ruwe onderwerp worden beschreven en daarna kan de exacte aanvraag worden beschreven. Daarnaast kunt u Offcloud support bereiken via Twitter. Voordat u contact opneemt met de klantenservice, kunt u ook in de FAQ hieronder zoeken naar een passend antwoord op uw vraag. Dankzij de uitgebreide ervaring van Offcloud kunnen hier al veel problemen worden opgelost.<\/span><\/p>\n<h2 style=\"margin: 18.15pt 0cm 5.95pt 0cm;\"><span style=\"color: black;\" data-darkreader-inline-color=\"\">Gebruiksgemak <\/span><\/h2>\n<p>In de test kan Offcloud duidelijk overtuigen van de gebruiksvriendelijkheid. De website is overzichtelijk ingericht en de registratie voor het gratis account is in slechts enkele seconden op de startpagina voltooid. Meer gedetailleerde informatie over prijzen en service is snel beschikbaar.<\/p>\n<p>Na het inloggen kunt u kiezen tussen de Instant, Cloud en Remote tabs aan de linkerkant van de pagina als onderdeel van de services. Onder het tabblad Instant kunt u onmiddellijk verschillende bestanden streamen of downloaden, het tabblad Cloud kunt u tijdelijk bestanden op het internet opslaan en met de functie Upload op afstand kunt u elk bestand uploaden, waarvoor alleen een account op afstand moet worden gemaakt. Verder vindt u aan de linkerkant van uw account de subpagina&#8217;s Shop, Support, Account en Apps en Affiliates. Al met al toont onze Offcloud test aan dat de dienst eenvoudig en ongecompliceerd te gebruiken is &#8211; over het geheel genomen konden we alleen maar positieve ervaringen opdoen met de aanbieder Offcloud.<\/p>\n<p>&nbsp;<\/p>\n<h2 style=\"margin: 18.15pt 0cm 5.95pt 0cm;\"><span style=\"color: black;\" data-darkreader-inline-color=\"\">De voordelen van een premium account bij Offcloud<\/span><\/h2>\n<p style=\"margin: 18.15pt 0cm 5.95pt 0cm;\"><span style=\"font-family: 'Arial',sans-serif; color: black;\" data-darkreader-inline-color=\"\">Met een Offcloud Premium Account kunt u onbeperkt gebruik maken van de link generatie en heeft u toegang tot Premium Filehoster pagina&#8217;s en video streaming pagina&#8217;s. Het is ook mogelijk om BitTorrent links &amp; magneten te gebruiken. Je hebt onbeperkte proxybandbreedte, onbeperkte cloudopslag en zoveel uploads op afstand als je wilt. Verder heeft u de mogelijkheid om de PDF &amp; <a href=\"http:\/\/www.goer.org\/HTML\/\" target=\"_blank\" rel=\"noopener\">PocketHTML<\/a> conversie.<br \/>\n<\/span><\/p>\n<h2 style=\"margin: 18.15pt 0cm 5.95pt 0cm;\"><span style=\"color: black;\" data-darkreader-inline-color=\"\">Onze conclusie over de aanbieder Offcloud<\/span><\/h2>\n<p style=\"margin: 18.15pt 0cm 5.95pt 0cm;\"><span style=\"font-family: 'Arial',sans-serif; color: black;\" data-darkreader-inline-color=\"\">Al met al biedt Offcloud een zeer interessant en uitgebreid aanbod, dat gratis kan worden getest. Als u gebruik wilt maken van de volledige service van de aanbieder, kunt u een Premium Lidmaatschap kopen. Voor de betaling van de Premium Account heeft u de keuze uit verschillende betaalmethoden, waaronder twee anonieme betalingsprocessen. In de test is de Multihoster Offcloud volledig overtuigend. De website is goed gestructureerd zodat alle functies en informatie snel zichtbaar zijn. U vindt er ook een verscheidenheid aan praktische hulpmiddelen en uitbreidingen. Met het gratis account kunt u eenvoudig uw eigen individuele offcloud-ervaring maken en als u dat wilt, kiest u voor een premium account met alle mogelijkheden.<\/span><\/p>\n","protected":false},"excerpt":{"rendered":"<p>De Multihoster Offcloud biedt u de mogelijkheid om verschillende bestanden te downloaden en de gewenste bestanden in de cloud te<\/p>\n","protected":false},"author":2,"featured_media":0,"parent":0,"menu_order":0,"comment_status":"closed","ping_status":"closed","template":"","meta":[],"yoast_head":"<!-- This site is optimized with the Yoast SEO plugin v18.3 - https:\/\/yoast.com\/wordpress\/plugins\/seo\/ -->\n<title>lll\u25b7 Offcloud serieus of niet? ++++ Test op Multihoster.org<\/title>\n<meta name=\"description\" content=\"Vraagt u zich af of de Multihoster Offcloud voor u de juiste keuze is? Wij hebben de leverancier onder de loep genomen en delen graag onze ervaring met u.\" \/>\n<meta name=\"robots\" content=\"index, follow, max-snippet:-1, max-image-preview:large, max-video-preview:-1\" \/>\n<link rel=\"canonical\" href=\"https:\/\/multihoster.org\/nl\/offcloud\/\" \/>\n<meta property=\"og:locale\" content=\"nl_NL\" \/>\n<meta property=\"og:type\" content=\"article\" \/>\n<meta property=\"og:title\" content=\"lll\u25b7 Offcloud serieus of niet? ++++ Test op Multihoster.org\" \/>\n<meta property=\"og:description\" content=\"Vraagt u zich af of de Multihoster Offcloud voor u de juiste keuze is? Wij hebben de leverancier onder de loep genomen en delen graag onze ervaring met u.\" \/>\n<meta property=\"og:url\" content=\"https:\/\/multihoster.org\/nl\/offcloud\/\" \/>\n<meta property=\"og:site_name\" content=\"Multihoster.org\" \/>\n<meta property=\"article:modified_time\" content=\"2018-10-04T14:27:34+00:00\" \/>\n<meta property=\"og:image\" content=\"https:\/\/multihoster.org\/wp-content\/uploads\/2018\/10\/logo.png\" \/>\n<meta name=\"twitter:card\" content=\"summary\" \/>\n<meta name=\"twitter:label1\" content=\"Geschatte leestijd\" \/>\n\t<meta name=\"twitter:data1\" content=\"5 minuten\" \/>\n<script type=\"application\/ld+json\" class=\"yoast-schema-graph\">{\"@context\":\"https:\/\/schema.org\",\"@graph\":[{\"@type\":\"WebSite\",\"@id\":\"https:\/\/multihoster.org\/#website\",\"url\":\"https:\/\/multihoster.org\/\",\"name\":\"Multihoster.org\",\"description\":\"Reviews of the major Filehosting services\",\"potentialAction\":[{\"@type\":\"SearchAction\",\"target\":{\"@type\":\"EntryPoint\",\"urlTemplate\":\"https:\/\/multihoster.org\/?s={search_term_string}\"},\"query-input\":\"required name=search_term_string\"}],\"inLanguage\":\"nl\"},{\"@type\":\"ImageObject\",\"@id\":\"https:\/\/multihoster.org\/nl\/offcloud\/#primaryimage\",\"inLanguage\":\"nl\",\"url\":\"https:\/\/multihoster.org\/wp-content\/uploads\/2018\/10\/logo.png\",\"contentUrl\":\"https:\/\/multihoster.org\/wp-content\/uploads\/2018\/10\/logo.png\",\"width\":410,\"height\":171,\"caption\":\"logo\"},{\"@type\":\"WebPage\",\"@id\":\"https:\/\/multihoster.org\/nl\/offcloud\/#webpage\",\"url\":\"https:\/\/multihoster.org\/nl\/offcloud\/\",\"name\":\"lll\u25b7 Offcloud serieus of niet? ++++ Test op Multihoster.org\",\"isPartOf\":{\"@id\":\"https:\/\/multihoster.org\/#website\"},\"primaryImageOfPage\":{\"@id\":\"https:\/\/multihoster.org\/nl\/offcloud\/#primaryimage\"},\"datePublished\":\"2018-10-01T03:49:36+00:00\",\"dateModified\":\"2018-10-04T14:27:34+00:00\",\"description\":\"Vraagt u zich af of de Multihoster Offcloud voor u de juiste keuze is? Wij hebben de leverancier onder de loep genomen en delen graag onze ervaring met u.\",\"breadcrumb\":{\"@id\":\"https:\/\/multihoster.org\/nl\/offcloud\/#breadcrumb\"},\"inLanguage\":\"nl\",\"potentialAction\":[{\"@type\":\"ReadAction\",\"target\":[\"https:\/\/multihoster.org\/nl\/offcloud\/\"]}]},{\"@type\":\"BreadcrumbList\",\"@id\":\"https:\/\/multihoster.org\/nl\/offcloud\/#breadcrumb\",\"itemListElement\":[{\"@type\":\"ListItem\",\"position\":1,\"name\":\"Startseite\",\"item\":\"https:\/\/multihoster.org\/nl\/\"},{\"@type\":\"ListItem\",\"position\":2,\"name\":\"Offcloud &#8211; De Multihoster in een oogopslag\"}]}]}<\/script>\n<!-- \/ Yoast SEO plugin. -->","yoast_head_json":{"title":"lll\u25b7 Offcloud serieus of niet? ++++ Test op Multihoster.org","description":"Vraagt u zich af of de Multihoster Offcloud voor u de juiste keuze is? Wij hebben de leverancier onder de loep genomen en delen graag onze ervaring met u.","robots":{"index":"index","follow":"follow","max-snippet":"max-snippet:-1","max-image-preview":"max-image-preview:large","max-video-preview":"max-video-preview:-1"},"canonical":"https:\/\/multihoster.org\/nl\/offcloud\/","og_locale":"nl_NL","og_type":"article","og_title":"lll\u25b7 Offcloud serieus of niet? ++++ Test op Multihoster.org","og_description":"Vraagt u zich af of de Multihoster Offcloud voor u de juiste keuze is? Wij hebben de leverancier onder de loep genomen en delen graag onze ervaring met u.","og_url":"https:\/\/multihoster.org\/nl\/offcloud\/","og_site_name":"Multihoster.org","article_modified_time":"2018-10-04T14:27:34+00:00","og_image":[{"url":"https:\/\/multihoster.org\/wp-content\/uploads\/2018\/10\/logo.png"}],"twitter_card":"summary","twitter_misc":{"Geschatte leestijd":"5 minuten"},"schema":{"@context":"https:\/\/schema.org","@graph":[{"@type":"WebSite","@id":"https:\/\/multihoster.org\/#website","url":"https:\/\/multihoster.org\/","name":"Multihoster.org","description":"Reviews of the major Filehosting services","potentialAction":[{"@type":"SearchAction","target":{"@type":"EntryPoint","urlTemplate":"https:\/\/multihoster.org\/?s={search_term_string}"},"query-input":"required name=search_term_string"}],"inLanguage":"nl"},{"@type":"ImageObject","@id":"https:\/\/multihoster.org\/nl\/offcloud\/#primaryimage","inLanguage":"nl","url":"https:\/\/multihoster.org\/wp-content\/uploads\/2018\/10\/logo.png","contentUrl":"https:\/\/multihoster.org\/wp-content\/uploads\/2018\/10\/logo.png","width":410,"height":171,"caption":"logo"},{"@type":"WebPage","@id":"https:\/\/multihoster.org\/nl\/offcloud\/#webpage","url":"https:\/\/multihoster.org\/nl\/offcloud\/","name":"lll\u25b7 Offcloud serieus of niet? ++++ Test op Multihoster.org","isPartOf":{"@id":"https:\/\/multihoster.org\/#website"},"primaryImageOfPage":{"@id":"https:\/\/multihoster.org\/nl\/offcloud\/#primaryimage"},"datePublished":"2018-10-01T03:49:36+00:00","dateModified":"2018-10-04T14:27:34+00:00","description":"Vraagt u zich af of de Multihoster Offcloud voor u de juiste keuze is? Wij hebben de leverancier onder de loep genomen en delen graag onze ervaring met u.","breadcrumb":{"@id":"https:\/\/multihoster.org\/nl\/offcloud\/#breadcrumb"},"inLanguage":"nl","potentialAction":[{"@type":"ReadAction","target":["https:\/\/multihoster.org\/nl\/offcloud\/"]}]},{"@type":"BreadcrumbList","@id":"https:\/\/multihoster.org\/nl\/offcloud\/#breadcrumb","itemListElement":[{"@type":"ListItem","position":1,"name":"Startseite","item":"https:\/\/multihoster.org\/nl\/"},{"@type":"ListItem","position":2,"name":"Offcloud &#8211; De Multihoster in een oogopslag"}]}]}},"_links":{"self":[{"href":"https:\/\/multihoster.org\/nl\/wp-json\/wp\/v2\/pages\/1570"}],"collection":[{"href":"https:\/\/multihoster.org\/nl\/wp-json\/wp\/v2\/pages"}],"about":[{"href":"https:\/\/multihoster.org\/nl\/wp-json\/wp\/v2\/types\/page"}],"author":[{"embeddable":true,"href":"https:\/\/multihoster.org\/nl\/wp-json\/wp\/v2\/users\/2"}],"replies":[{"embeddable":true,"href":"https:\/\/multihoster.org\/nl\/wp-json\/wp\/v2\/comments?post=1570"}],"version-history":[{"count":5,"href":"https:\/\/multihoster.org\/nl\/wp-json\/wp\/v2\/pages\/1570\/revisions"}],"predecessor-version":[{"id":1578,"href":"https:\/\/multihoster.org\/nl\/wp-json\/wp\/v2\/pages\/1570\/revisions\/1578"}],"wp:attachment":[{"href":"https:\/\/multihoster.org\/nl\/wp-json\/wp\/v2\/media?parent=1570"}],"curies":[{"name":"wp","href":"https:\/\/api.w.org\/{rel}","templated":true}]}}