{"id":2393,"date":"2020-03-20T11:47:43","date_gmt":"2020-03-20T11:47:43","guid":{"rendered":"https:\/\/multihoster.org\/?page_id=2393"},"modified":"2020-05-29T10:27:39","modified_gmt":"2020-05-29T10:27:39","slug":"mega","status":"publish","type":"page","link":"https:\/\/multihoster.org\/nl\/mega\/","title":{"rendered":"Mega Premium Account: De Filehoster in een oogopslag"},"content":{"rendered":"\n<p>Mega is uw veilige, beveiligde en handige <a rel=\"noreferrer noopener\" aria-label=\"wolkenopslag (\u00f6ffnet in neuem Tab)\" href=\"https:\/\/cloud.google.com\/storage\" target=\"_blank\">wolkenopslag<\/a> gratis. Deze cloud-opslag wordt voortdurend ge\u00fcpdatet en verbouwd om op \u00e9\u00e9n lijn te staan met de internationale standaarden voor online webopslag. Lees meer om te leren en te genieten van de functies en de bijbehorende beveiliging voor uw belangrijke foto&#8217;s, video&#8217;s en andere bestanden.<\/p>\n\n\n<a class=\"maxbutton-2 maxbutton maxbutton-cta\" target=\"_blank\" rel=\"nofollow noopener\" href=\"\/go\/\"><span class='mb-text'>&gt;&gt; Ga naar de Originele Linkifier Website<\/span><\/a>\n\n\n<p><\/p>\n\n\n\n<h2>De nederige &#8220;Mega&#8221; Origins<\/h2>\n\n\n\n<p>Mega werd op 19 januari 2013 na een reeks continue tests door Kim Dotcom, een burger van Nieuw-Zeeland, afgerond en online ingezet.<\/p>\n\n\n\n<p>Op het eerste uur van de inzet registreerde Honderdduizend gebruikers (100.000,00) zich onmiddellijk op de website in afwachting van de functies en diensten. De registratie steeg exponentieel omdat de gebruikers toenamen tot One Million (1.000.000,00) dat gemiddeld zestig (60) verschillende soorten bestanden per minuut uploadt. Deze stijgingen gingen door en in drie (3) dagen tijd bereikten de ge\u00fcploade bestanden tot vijfhonderd (500) in een seconde.<\/p>\n\n\n\n<figure class=\"wp-block-image\"><img src=\"https:\/\/lh5.googleusercontent.com\/ziFsG1DkHhIGJyIU2hWhpt6qMoGKojcN-gTFptnOvGyD6gg2nqjB2Pv2xjpsSN9Wd_8XNgyv8zEvv_3om4-z7X1l5bYHfG9DBymKYAxnVaU5JQWfhQozCW24eOoS1CLrvNHJ3UU\" alt=\"Monitor, tablet and mobile phone.\"\/><\/figure>\n\n\n\n<p>Het Mega File Hosting Service (FHS)-platform werd bij de release van het platform sterk geaccepteerd als gebruikers over de hele wereld die zich met verschillende apparaten hadden geregistreerd.<\/p>\n\n\n\n<p>Het beheer van de Mega file hosting service (FHS) zag de noodzaak om een applicatie voor mobiele telefoons te ontwikkelen en op 4 juli 2013 werd de Mega Android applicatie uitgebracht in de Google Playstore.  Er was ook een groeiende behoefte voor de iPhone gebruikers de reden dat ze op 26 november 2013 een Mega iOS applicatie uitbrachten in de Apple App Store. Het management was ook in staat om de MEGAsync applicatie voor Windows op 20 januari 2014 uit te brengen, wat meer gemak gaf bij het gebruik van de file hosting services (FHS) op Windows PC. Op 6 september 2014 werd ook een op Linux gebaseerde MEGAsync-applicatie uitgebracht voor Linux.<\/p>\n\n\n\n<p>Eind 2013 en begin 2014 werd Mega geconfronteerd met talrijke problemen en controverses, onder meer door honderd (100) <a rel=\"noreferrer noopener\" aria-label=\"DMCA-opnames (\u00f6ffnet in neuem Tab)\" href=\"https:\/\/www.dmca.com\/faq\/What-is-a-DMCA-Takedown\" target=\"_blank\">DMCA-opnames<\/a>  in \u00e9\u00e9n dag en samenzweringsverhalen over het afluisteren van de overheid, die beide werden ontkend door het management van Mega en de Nieuw-Zeelandse regering. Ondanks deze problemen konden Kim Dotcom en zijn andere collega&#8217;s zich voorbereiden op de opname van Mega in de New Zealand Stock Exchange.<\/p>\n\n\n\n<p>In het jaar 2016, Mega blijft bloeien met een gerapporteerde vijfendertig miljoen dollar ($ 35.000.000,00) aan gebruikers wereldwijd en uploadt tot twaalf miljard (12.000.000.000,00) verschillende bestanden de Mega file hosting service (FHS) blijft dienen als een van de beste, zo niet de beste online opslag \/ cloud-opslag in de wereld.<\/p>\n\n\n\n<h2>Mega Veiligheid<\/h2>\n\n\n\n<p>Al voor de oprichting van Mega hebben de ontwikkelaars en het management van Mega zich gericht op het bieden van maximale dataprivacy voor haar gebruikers en het voldoen aan de bestaande lokale en internationale wetten de reden waarom Mega is ontworpen met <a rel=\"noreferrer noopener\" aria-label=\" (\u00f6ffnet in neuem Tab)\" href=\"https:\/\/computersciencewiki.org\/index.php\/Client-side_scripting_and_server-side_scripting\" target=\"_blank\">client-side scripting<\/a>. Met client-side scripting wordt alle informatie van elke gebruiker versleuteld voordat het de server binnenkomt met het AES-algoritme.  Elke gecodeerde informatie wordt opgeslagen op twee (2) servers die zich op twee (2) afzonderlijke locaties bevinden, zodat de beveiliging en veiligheid voor al zijn gebruikers tegen data phishing en gegevensdiefstal gewaarborgd is.<\/p>\n\n\n\n<figure class=\"wp-block-image\"><img src=\"https:\/\/lh6.googleusercontent.com\/Kam2Hbb_7G5v_03-2uEFBW1Nli8ElLUeGiVkcZ7lCEoIOtq0KnRlA0s5CNLyCIB0xkXwkgYtvmGA1NTNx-y810NH7p7IgN_Jw7OjBs-ACucc6tXxhlTfZJsOO5ey5BDiXXJebJs\" alt=\"Data storage\"\/><\/figure>\n\n\n\n<p>Gebruikers versleutelde gegevens en informatie worden veilig bewaard op twee (2) state of the art servers die zich op afzonderlijke locaties bevinden<\/p>\n\n\n\n<h2>Mega Data Toewijzingen<\/h2>\n\n\n\n<p>Om de toegankelijkheid en het gemak voor de gebruikers te garanderen biedt Mega een toegankelijke en eerlijke file hosting service (FHS) in Mega gratis account en Mega Premium account modaliteiten zoals hieronder:<\/p>\n\n\n\n<p>&nbsp;1. Mega Free &#8211; Een gratis account heeft een toewijzing van vijftien (15) GB beschikbare cloud-opslag; vijfendertig (35) GB proefcloud-opslag voor \u00e9\u00e9n (1) maand; en een extra toewijzing op basis van prestaties van maximaal vijfendertig (35) GB.<\/p>\n\n\n\n<p>2.&nbsp; Mega Premium Account Pro Lite &#8211; Een premium account dat een maandelijkse betaling van elf punten achtendertig dollar ($ 11,38) vereist met vierhonderd (400) GB opslag die kan hebben ge\u00fcpload en gedownload toewijzing tot een (1) TB per maand.<\/p>\n\n\n\n<p>3. Mega Premium Account Pro II &#8211; Een premium account dat maandelijkse betaling vereist ten bedrage van twee\u00ebntwintig punt achtenzeventig dollar ($ 22,78) met tweeduizend (2000) GB opslagruimte die upload- of downloadsnelheden tot twee (2) TB per maand kan hebben.<\/p>\n\n\n\n<p>4. Mega Premium Account Pro III &#8211; Een premium account dat maandelijkse betaling vereist ten bedrage van twee\u00ebntwintig punten negenentwintig punt achtenzeventig dollar ($ 29,78) met achtduizend (8000) GB opslagruimte die upload- of downloadsnelheden tot acht (8) TB per maand kan hebben.<\/p>\n\n\n<a class=\"maxbutton-2 maxbutton maxbutton-cta\" target=\"_blank\" rel=\"nofollow noopener\" href=\"\/go\/\"><span class='mb-text'>&gt;&gt; Ga naar de Originele Linkifier Website<\/span><\/a>\n\n\n<p><\/p>\n\n\n\n<p>5. Mega Premium Account Pro IV &#8211; Een premium account dat maandelijkse betaling vereist ten bedrage van twee\u00ebnvijftig punt achtenzeventig dollar ($ 52,78) met zestienduizend (16000) GB opslagruimte die tot zestien (16) TB per maand kan hebben ge\u00fcpload of gedownload.<\/p>\n\n\n\n<figure class=\"wp-block-image\"><img src=\"https:\/\/lh5.googleusercontent.com\/u3_8o-SUQK7WVh-qzE8SfPyslU1u7vYvnwoS4qZECM7b9bCFWlgXIi9MorBY1jiojon-tNXUw5llENtpBrZV1FdrMvKQed4ZVLq7kPVyPDYAaREb6DT0IADZVDjN_hwQaPepxOI\" alt=\"Hand holding a medal\"\/><\/figure>\n\n\n\n<p>Houd er rekening mee dat alle Mega Premium Account Pro Plannen (Lite, II, III en IV) worden geleverd met een gratis abonnement van twee (2) maanden bij inschrijving op een Mega Premium Account Pro Plan van \u00e9\u00e9n (1) jaar. U heeft misschien gehoord dat Mega in eerste instantie vijftig (50) GB gratis online webopslag biedt. In 2017 heeft het management besloten om de freebie te beperken tot dertig (35) GB voor een maand vanwege de groeiende onderhoudskosten voor haar servers. Toch probeert het Mega-management dit te compenseren door een beloningssysteem in het platform op te nemen.<\/p>\n\n\n\n<p>Beloningen kunnen worden verkregen door het installeren van het Mega-programma voor Windows en Mega-applicaties voor Android en iOS. Het uitnodigen van vrienden en nog veel meer taken kan elke gebruiker ook extra cloud-opslagcapaciteit bieden als beloning voor deze prestaties.<\/p>\n\n\n\n<h2>Mega Toegankelijkheid<\/h2>\n\n\n\n<p>De ontwikkeling van het Mega file hosting service (FHS) platform of cloud storage is zorgvuldig bestudeerd en ontworpen om een ergonomische en naadloze ervaring te bieden aan de gebruikers door middel van de gebruiksvriendelijke interfaces Mega programma voor Windows en Mega applicatie voor Android en iOS. Zelfs de Mega website zelf werd ontworpen met het oog op de diversiteit en de middelen van de gebruikers van over de hele wereld. De Mega website is gemakkelijk toegankelijk met behulp van de belangrijkste mainstream internet browsers waaronder Google Chrome, Mozilla Firefox, Internet Explorer, Safari en Opera voor verschillende besturingssystemen waaronder Windows, iOS, Linux, Ubuntu en Android voor mobiel.<br><\/p>\n\n\n\n<p>Mega biedt stimulerende opslag voor het doen van taken en voor bepaalde prestaties<\/p>\n\n\n\n<h2>Mega Innovatie<\/h2>\n\n\n\n<p>Om elk van haar klanten en opdrachtgevers verder tevreden te stellen, ontwikkelt Mega voortdurend haar software door het herontwikkelen en leveren van extra functies voor haar producten, zoals de volgende:<\/p>\n\n\n\n<p>1. MEGAchat \u2013 Net als uw gebruikelijke web messaging diensten, is MEGAchat een browser-gebaseerd platform voor communicatie. MEGAchat biedt chat-, videogesprekken- en videoconferencingdiensten met extra functies. Niet zoals uw gewone webboodschapper is MEGAchat opgenomen met de hoogste gegevensversleuteling als tegenhanger van de cloud-opslag om zijn gebruikers te beschermen tegen communicatiehackers en afluisterapparatuur.<\/p>\n\n\n\n<p>2. MEGA <a rel=\"noreferrer noopener\" aria-label=\"Uitbreidingen (\u00f6ffnet in neuem Tab)\" href=\"https:\/\/www.forbes.com\/sites\/adrianbridgwater\/2019\/04\/16\/how-browser-extensions-work\/\" target=\"_blank\">Uitbreidingen<\/a> <a href=\"https:\/\/www.forbes.com\/sites\/adrianbridgwater\/2019\/04\/16\/how-browser-extensions-work\/\">&#8211; <\/a>Mega was in staat om extensies te ontwikkelen voor uw belangrijkste mainstream internet browsers waaronder Google Chrome, Mozilla Firefox, Internet Explorer, Safari en Opera voor verschillende besturingssystemen waaronder Windows, iOS, <a rel=\"noreferrer noopener\" aria-label=\" (\u00f6ffnet in neuem Tab)\" href=\"https:\/\/opensource.com\/resources\/linux\" target=\"_blank\">Linux<\/a>, <a rel=\"noreferrer noopener\" aria-label=\" (\u00f6ffnet in neuem Tab)\" href=\"https:\/\/ubuntu.com\/\" target=\"_blank\">Ubuntu<\/a>. Deze extensies, zoals gemeld, boden meer comfort omdat het installeren van browserextensies het uploaden en downloaden sneller maakte en tevens bescherming aan de clientzijde bood.<\/p>\n\n\n\n<h2>Mega Conclusie<\/h2>\n\n\n\n<p>Dus, bent u klaar om uw gegevens en informatie toegankelijkheid en veiligheid naar het volgende niveau te brengen? Schrijf u gratis in en ervaar de Mega voordelen van het gebruik van het Mega file hosting service (FHS) platform. Dit is de cloud-opslag die toegankelijk is voor de basis, maar biedt een Mega cloud-opslag.<\/p>\n\n\n\n<h2>Frequently Asked Questions (FAQ)<\/h2>\n\n\n\n<h3><strong>1. Kan ik met Mega communiceren in geval van problemen en moeilijkheden bij het gebruik van de Mega file hosting service (FHS)?<\/strong><\/h3>\n\n\n\n<p>Ja, Mega heeft een Mega klantenserviceteam dat zal luisteren en uw problemen en moeilijkheden bij het gebruik van de Mega file hosting service (FHS) zal aanpakken. Het klantenserviceteam is op elk moment van de dag, vierentwintig (24\/7) of zeven (7) dagen per week online beschikbaar voor alle landen over de hele wereld. Omdat Mega de uiterste zorg en ondersteuning biedt aan haar gebruikers en klanten. Ook, Mega Premium Account Pro gebruikers (Lite, II, III en IV) zijn de prioriteit voor de klantenservice, maar het Mega management zorgt zo snel mogelijk voor alle zorgen.<\/p>\n\n\n\n<h3><strong>&nbsp;2. Zijn mijn bestanden veilig in de Mega Cloud storage?<\/strong><\/h3>\n\n\n\n<p>Mega-ontwikkelaars hebben zich gericht op het bieden van maximale dataprivacy voor hun gebruikers. Het platform is zorgvuldig ontworpen om te voldoen aan de bestaande lokale en internationale wetten door middel van haar client-side scripting. Met client-side scripting wordt alle informatie van elke gebruiker versleuteld voordat deze de server binnenkomt met het AES-algoritme. Elke gecodeerde informatie wordt opgeslagen op twee (2) servers die zich op twee (2) afzonderlijke locaties bevinden, zodat de beveiliging en veiligheid voor al zijn gebruikers tegen eventuele data phishing en gegevensdiefstal gewaarborgd is.<\/p>\n\n\n\n<h3><strong>&nbsp;3. Kan ik de Mega file hosting service (FHS) gebruiken zonder te betalen?<\/strong><\/h3>\n\n\n\n<p>De Mega heeft een gratis accountregeling met een toewijzing van vijftien (15) GB beschikbare cloud-opslag; vijfendertig (35) GB proefcloud-opslag voor \u00e9\u00e9n (1) maand; en een extra toewijzing op basis van prestaties van maximaal vijfendertig (35) GB. Anders kunnen gebruikers ervoor kiezen om te upgraden naar een Mega Premium Account Pro (Lite, I, II, III, IV) om toegang te krijgen tot meer cloud-opslag.<\/p>\n\n\n\n<h3><strong>&nbsp;4. Kan ik toegang krijgen tot de Mega file hosting service (FHS) met behulp van mijn ingebouwde webbrowser?<\/strong><\/h3>\n\n\n\n<p>Ja, de Mega-website is gemakkelijk toegankelijk met behulp van de belangrijkste mainstream en ingebouwde internetbrowsers, waaronder Google Chrome, Mozilla Firefox, Internet Explorer, Safari en Opera voor verschillende besturingssystemen, waaronder Windows, iOS, Linux, Ubuntu en Android voor mobiel. Daarnaast heeft Mega een extensie voor elke browser die comfort en gemak biedt aan haar gebruikers door het maken van uploads en downloads sneller en het bieden van client-side bescherming voor haar gebruikers.<\/p>\n\n\n<a class=\"maxbutton-2 maxbutton maxbutton-cta\" target=\"_blank\" rel=\"nofollow noopener\" href=\"\/go\/\"><span class='mb-text'>&gt;&gt; Ga naar de Originele Linkifier Website<\/span><\/a>\n\n\n<p><\/p>\n","protected":false},"excerpt":{"rendered":"<p>Mega is uw veilige, beveiligde en handige wolkenopslag gratis. Deze cloud-opslag wordt voortdurend ge\u00fcpdatet en verbouwd om op \u00e9\u00e9n lijn<\/p>\n","protected":false},"author":2,"featured_media":0,"parent":0,"menu_order":0,"comment_status":"closed","ping_status":"closed","template":"","meta":[],"yoast_head":"<!-- This site is optimized with the Yoast SEO plugin v18.3 - https:\/\/yoast.com\/wordpress\/plugins\/seo\/ -->\n<title>Mega Premium Account \u2013 De Filehoster in een oogopslag<\/title>\n<meta name=\"description\" content=\"Is Mega een gerenommeerde aanbieder of niet, dan kunt u het antwoord vinden in de huidige test op Multihoster.org \u279c. Klik nu op \u271a om onze ervaringen te lezen!\" \/>\n<meta name=\"robots\" content=\"index, follow, max-snippet:-1, max-image-preview:large, max-video-preview:-1\" \/>\n<link rel=\"canonical\" href=\"https:\/\/multihoster.org\/nl\/mega\/\" \/>\n<meta property=\"og:locale\" content=\"nl_NL\" \/>\n<meta property=\"og:type\" content=\"article\" \/>\n<meta property=\"og:title\" content=\"Mega Premium Account \u2013 De Filehoster in een oogopslag\" \/>\n<meta property=\"og:description\" content=\"Is Mega een gerenommeerde aanbieder of niet, dan kunt u het antwoord vinden in de huidige test op Multihoster.org \u279c. Klik nu op \u271a om onze ervaringen te lezen!\" \/>\n<meta property=\"og:url\" content=\"https:\/\/multihoster.org\/nl\/mega\/\" \/>\n<meta property=\"og:site_name\" content=\"Multihoster.org\" \/>\n<meta property=\"article:modified_time\" content=\"2020-05-29T10:27:39+00:00\" \/>\n<meta property=\"og:image\" content=\"https:\/\/lh5.googleusercontent.com\/ziFsG1DkHhIGJyIU2hWhpt6qMoGKojcN-gTFptnOvGyD6gg2nqjB2Pv2xjpsSN9Wd_8XNgyv8zEvv_3om4-z7X1l5bYHfG9DBymKYAxnVaU5JQWfhQozCW24eOoS1CLrvNHJ3UU\" \/>\n<meta name=\"twitter:card\" content=\"summary\" \/>\n<meta name=\"twitter:label1\" content=\"Geschatte leestijd\" \/>\n\t<meta name=\"twitter:data1\" content=\"8 minuten\" \/>\n<script type=\"application\/ld+json\" class=\"yoast-schema-graph\">{\"@context\":\"https:\/\/schema.org\",\"@graph\":[{\"@type\":\"WebSite\",\"@id\":\"https:\/\/multihoster.org\/#website\",\"url\":\"https:\/\/multihoster.org\/\",\"name\":\"Multihoster.org\",\"description\":\"Reviews of the major Filehosting services\",\"potentialAction\":[{\"@type\":\"SearchAction\",\"target\":{\"@type\":\"EntryPoint\",\"urlTemplate\":\"https:\/\/multihoster.org\/?s={search_term_string}\"},\"query-input\":\"required name=search_term_string\"}],\"inLanguage\":\"nl\"},{\"@type\":\"ImageObject\",\"@id\":\"https:\/\/multihoster.org\/nl\/mega\/#primaryimage\",\"inLanguage\":\"nl\",\"url\":\"https:\/\/lh5.googleusercontent.com\/ziFsG1DkHhIGJyIU2hWhpt6qMoGKojcN-gTFptnOvGyD6gg2nqjB2Pv2xjpsSN9Wd_8XNgyv8zEvv_3om4-z7X1l5bYHfG9DBymKYAxnVaU5JQWfhQozCW24eOoS1CLrvNHJ3UU\",\"contentUrl\":\"https:\/\/lh5.googleusercontent.com\/ziFsG1DkHhIGJyIU2hWhpt6qMoGKojcN-gTFptnOvGyD6gg2nqjB2Pv2xjpsSN9Wd_8XNgyv8zEvv_3om4-z7X1l5bYHfG9DBymKYAxnVaU5JQWfhQozCW24eOoS1CLrvNHJ3UU\"},{\"@type\":\"WebPage\",\"@id\":\"https:\/\/multihoster.org\/nl\/mega\/#webpage\",\"url\":\"https:\/\/multihoster.org\/nl\/mega\/\",\"name\":\"Mega Premium Account \u2013 De Filehoster in een oogopslag\",\"isPartOf\":{\"@id\":\"https:\/\/multihoster.org\/#website\"},\"primaryImageOfPage\":{\"@id\":\"https:\/\/multihoster.org\/nl\/mega\/#primaryimage\"},\"datePublished\":\"2020-03-20T11:47:43+00:00\",\"dateModified\":\"2020-05-29T10:27:39+00:00\",\"description\":\"Is Mega een gerenommeerde aanbieder of niet, dan kunt u het antwoord vinden in de huidige test op Multihoster.org \u279c. Klik nu op \u271a om onze ervaringen te lezen!\",\"breadcrumb\":{\"@id\":\"https:\/\/multihoster.org\/nl\/mega\/#breadcrumb\"},\"inLanguage\":\"nl\",\"potentialAction\":[{\"@type\":\"ReadAction\",\"target\":[\"https:\/\/multihoster.org\/nl\/mega\/\"]}]},{\"@type\":\"BreadcrumbList\",\"@id\":\"https:\/\/multihoster.org\/nl\/mega\/#breadcrumb\",\"itemListElement\":[{\"@type\":\"ListItem\",\"position\":1,\"name\":\"Startseite\",\"item\":\"https:\/\/multihoster.org\/nl\/\"},{\"@type\":\"ListItem\",\"position\":2,\"name\":\"Mega Premium Account: De Filehoster in een oogopslag\"}]}]}<\/script>\n<!-- \/ Yoast SEO plugin. -->","yoast_head_json":{"title":"Mega Premium Account \u2013 De Filehoster in een oogopslag","description":"Is Mega een gerenommeerde aanbieder of niet, dan kunt u het antwoord vinden in de huidige test op Multihoster.org \u279c. Klik nu op \u271a om onze ervaringen te lezen!","robots":{"index":"index","follow":"follow","max-snippet":"max-snippet:-1","max-image-preview":"max-image-preview:large","max-video-preview":"max-video-preview:-1"},"canonical":"https:\/\/multihoster.org\/nl\/mega\/","og_locale":"nl_NL","og_type":"article","og_title":"Mega Premium Account \u2013 De Filehoster in een oogopslag","og_description":"Is Mega een gerenommeerde aanbieder of niet, dan kunt u het antwoord vinden in de huidige test op Multihoster.org \u279c. Klik nu op \u271a om onze ervaringen te lezen!","og_url":"https:\/\/multihoster.org\/nl\/mega\/","og_site_name":"Multihoster.org","article_modified_time":"2020-05-29T10:27:39+00:00","og_image":[{"url":"https:\/\/lh5.googleusercontent.com\/ziFsG1DkHhIGJyIU2hWhpt6qMoGKojcN-gTFptnOvGyD6gg2nqjB2Pv2xjpsSN9Wd_8XNgyv8zEvv_3om4-z7X1l5bYHfG9DBymKYAxnVaU5JQWfhQozCW24eOoS1CLrvNHJ3UU"}],"twitter_card":"summary","twitter_misc":{"Geschatte leestijd":"8 minuten"},"schema":{"@context":"https:\/\/schema.org","@graph":[{"@type":"WebSite","@id":"https:\/\/multihoster.org\/#website","url":"https:\/\/multihoster.org\/","name":"Multihoster.org","description":"Reviews of the major Filehosting services","potentialAction":[{"@type":"SearchAction","target":{"@type":"EntryPoint","urlTemplate":"https:\/\/multihoster.org\/?s={search_term_string}"},"query-input":"required name=search_term_string"}],"inLanguage":"nl"},{"@type":"ImageObject","@id":"https:\/\/multihoster.org\/nl\/mega\/#primaryimage","inLanguage":"nl","url":"https:\/\/lh5.googleusercontent.com\/ziFsG1DkHhIGJyIU2hWhpt6qMoGKojcN-gTFptnOvGyD6gg2nqjB2Pv2xjpsSN9Wd_8XNgyv8zEvv_3om4-z7X1l5bYHfG9DBymKYAxnVaU5JQWfhQozCW24eOoS1CLrvNHJ3UU","contentUrl":"https:\/\/lh5.googleusercontent.com\/ziFsG1DkHhIGJyIU2hWhpt6qMoGKojcN-gTFptnOvGyD6gg2nqjB2Pv2xjpsSN9Wd_8XNgyv8zEvv_3om4-z7X1l5bYHfG9DBymKYAxnVaU5JQWfhQozCW24eOoS1CLrvNHJ3UU"},{"@type":"WebPage","@id":"https:\/\/multihoster.org\/nl\/mega\/#webpage","url":"https:\/\/multihoster.org\/nl\/mega\/","name":"Mega Premium Account \u2013 De Filehoster in een oogopslag","isPartOf":{"@id":"https:\/\/multihoster.org\/#website"},"primaryImageOfPage":{"@id":"https:\/\/multihoster.org\/nl\/mega\/#primaryimage"},"datePublished":"2020-03-20T11:47:43+00:00","dateModified":"2020-05-29T10:27:39+00:00","description":"Is Mega een gerenommeerde aanbieder of niet, dan kunt u het antwoord vinden in de huidige test op Multihoster.org \u279c. Klik nu op \u271a om onze ervaringen te lezen!","breadcrumb":{"@id":"https:\/\/multihoster.org\/nl\/mega\/#breadcrumb"},"inLanguage":"nl","potentialAction":[{"@type":"ReadAction","target":["https:\/\/multihoster.org\/nl\/mega\/"]}]},{"@type":"BreadcrumbList","@id":"https:\/\/multihoster.org\/nl\/mega\/#breadcrumb","itemListElement":[{"@type":"ListItem","position":1,"name":"Startseite","item":"https:\/\/multihoster.org\/nl\/"},{"@type":"ListItem","position":2,"name":"Mega Premium Account: De Filehoster in een oogopslag"}]}]}},"_links":{"self":[{"href":"https:\/\/multihoster.org\/nl\/wp-json\/wp\/v2\/pages\/2393"}],"collection":[{"href":"https:\/\/multihoster.org\/nl\/wp-json\/wp\/v2\/pages"}],"about":[{"href":"https:\/\/multihoster.org\/nl\/wp-json\/wp\/v2\/types\/page"}],"author":[{"embeddable":true,"href":"https:\/\/multihoster.org\/nl\/wp-json\/wp\/v2\/users\/2"}],"replies":[{"embeddable":true,"href":"https:\/\/multihoster.org\/nl\/wp-json\/wp\/v2\/comments?post=2393"}],"version-history":[{"count":5,"href":"https:\/\/multihoster.org\/nl\/wp-json\/wp\/v2\/pages\/2393\/revisions"}],"predecessor-version":[{"id":4513,"href":"https:\/\/multihoster.org\/nl\/wp-json\/wp\/v2\/pages\/2393\/revisions\/4513"}],"wp:attachment":[{"href":"https:\/\/multihoster.org\/nl\/wp-json\/wp\/v2\/media?parent=2393"}],"curies":[{"name":"wp","href":"https:\/\/api.w.org\/{rel}","templated":true}]}}