{"id":2992,"date":"2020-03-30T15:51:09","date_gmt":"2020-03-30T15:51:09","guid":{"rendered":"https:\/\/multihoster.org\/uloz\/"},"modified":"2020-03-30T16:11:20","modified_gmt":"2020-03-30T16:11:20","slug":"uloz","status":"publish","type":"page","link":"https:\/\/multihoster.org\/nl\/uloz\/","title":{"rendered":"Uloz Premium Account: De Filehoster In Een Oogopslag"},"content":{"rendered":"\n<figure class=\"wp-block-image\"><img src=\"https:\/\/lh5.googleusercontent.com\/DSso4_iy_x8XL-_Dzwlt3-uz1hpxM25zgpxOGdudM89UryFHdWhEDp_vTHuLAD9ofIDr1yF2225Bjq9DnvEk07QdYZhSxKxox3O0Ny7-KmqOcc0zMTUJi8_3tuxh82T5GK0o3oU\" alt=\"Uloz Dashboard\"\/><\/figure>\n\n\n<a class=\"maxbutton-2 maxbutton maxbutton-cta\" target=\"_blank\" rel=\"nofollow noopener\" href=\"\/go\/\"><span class='mb-text'>&gt;&gt; Ga naar de Originele Linkifier Website<\/span><\/a>\n\n\n<p><\/p>\n\n\n\n<h2>Wat is Uloz?<\/h2>\n\n\n\n<p>Uloz wordt beschouwd als het grootste netwerk van Tsjechische cloud-opslag. Met Uloz kunnen personen die geen account hebben of geregistreerd zijn, een bestand in de opslagruimte uploaden, delen via e-mail, op Facebook en de link op twitter twitteren. Zeer eenvoudig en super toegankelijk voor bijna iedereen. Met Uloz kun je gratis een bestand uploaden, delen, verkennen en krijgen. Ja, alles gratis.<\/p>\n\n\n\n<p>Uloz biedt ook zijn Premium account aan, waar u elk bestand met onbeperkte of immense snelheid kunt downloaden. Hoewel het gratis downloaden van bestanden nog steeds een goede functie is, geeft het hebben van een Premium-account u gewoon meer bestandsbeheer en downloadsnelheid. Het krijgen van een Uloz Premium-account is echt ideaal voor gebruikers die een bestand downloaden dat echt zwaar is, omdat het hen tijd zal besparen.<\/p>\n\n\n\n<figure class=\"wp-block-image\"><img src=\"https:\/\/lh4.googleusercontent.com\/vyCXEh_9xmbsW8_C9IPWDQU5PMGqvkzt86JfeQyJ44gn0MFl4EQ049AjUjpUbSjGgyLUdrbnmn4vE7L5Q5Kz4TDa4XJEf1GajUzS_0s1QNtQiwicIFEc8HpYzDaPnpDucVh1H34\" alt=\"Uloz File Sharing &amp; File Storage\"\/><\/figure>\n\n\n\n<h2>Wie kan Uloz Premium gebruiken?<\/h2>\n\n\n\n<p>Uloz Premium Account kan voor iemand zijn die meer van de voordelen van Uloz wil gebruiken als het gaat om het opslaan van hun ge\u00fcploade video&#8217;s. Als u zich heeft geabonneerd op hun premium account, betekent dit dat al uw ge\u00fcploade bestanden veilig op \u00e9\u00e9n plek staan.<\/p>\n\n\n\n<h2>Wanneer heeft u Uloz Premium nodig?<\/h2>\n\n\n\n<p>Het is waar dat u echt bestanden kunt uploaden in Uloz wat uw gegevens ook mogen zijn, geen enkele beperking op alle opslagplaatsen wordt niet geteld. Echter, door u te abonneren kunt u uw bestanden op een veilige plaats plaatsen en gaat u nooit meer verloren. Niet geregistreerde gebruikers kunnen hun bestanden gemakkelijk verliezen zodra de downloadlink en de streaminglink verloren zijn gegaan, en het hebben van een gratis account garandeert niet dat uw bestanden langer blijven hangen. Dus als u behoefte heeft aan opslag van bestanden, het delen van bestanden en een streaming site op \u00e9\u00e9n plaats, dan kunt u zich abonneren op een Uloz Premium-account.<\/p>\n\n\n\n<h2>Hoe kan ik Anoniem en gratis uploaden in Uloz?<\/h2>\n\n\n\n<p>Wanneer u Uloz gratis wilt uitproberen, kunt u snel hun systeem controleren, zelfs zonder een account te registreren. Bij Uloz kunt u elk gewenst bestand uploaden, ja, alles.<\/p>\n\n\n\n<figure class=\"wp-block-image\"><img src=\"https:\/\/lh3.googleusercontent.com\/dFKTijjasJGkOvQ_J790u_ApKWPAAY8_ydaXBFtx3y69Rd5aYeNlmJouV-dCF9KaA6T5ilCRwwkr5XuFpcZi18OnIg8t1gwYdqb2bqrz5z0yCQYca3as8_82GGElQH0-86hKuRY\" alt=\"Uloz File Uploading\"\/><\/figure>\n\n\n\n<p>Klik op de knop &#8220;Bestanden uploaden&#8221; die u rechtsboven op de website ziet staan. Na het klikken op de knop wordt u doorgestuurd naar een pagina waar u uw bestanden kunt uploaden en de instellingen kunt aanpassen voor de manier waarop u uw bestanden wilt benaderen. Er zijn twee opties en die zijn &#8216;Publiek&#8217; en &#8216;via Link&#8217;, of priv\u00e9.<\/p>\n\n\n\n<p>Als u een video uploadt en deze instelt om openbaar te zijn, zal deze een keer door veel gebruikers worden benaderd door gewoon te zoeken in het zoekvak. Klik gewoon op de knop &#8220;Bestanden uploaden&#8221; die u rechtsboven op de website ziet. Na het klikken op de knop wordt u doorgestuurd naar een pagina waar u uw bestanden kunt uploaden en de instellingen kunt aanpassen voor de manier waarop u wilt dat uw gegevens worden benaderd. Er zijn twee opties, en die zijn &#8216;Publiek&#8217; en &#8216;via Link&#8217;, of priv\u00e9.<\/p>\n\n\n\n<p>Als u een video uploadt en deze instelt om openbaar te zijn, zal deze een keer door veel gebruikers worden benaderd door alleen in het zoekvak te zoeken en vice versa voor het uploaden van de hoekinstelling om alleen via een link te worden benaderd. Voor priv\u00e9-uploads krijgt u een aantal keuzes over hoe u elk bestand wilt uploaden.<\/p>\n\n\n\n<p>Als u ooit een account heeft bij Uloz, zijn al uw gedownloade bestanden toegankelijk via uw account en kunnen ze worden beheerd. Dit is de nadelen van het niet hebben van een premium account. U zult niet alles kunnen beheren. En als het een gratis account is, is er een mogelijkheid dat uw bestand weg is.<\/p>\n\n\n\n<figure class=\"wp-block-image\"><img src=\"https:\/\/lh5.googleusercontent.com\/53dUYaUP29M3UJqW-Z03Vl_XS9rXDURzDRr6JlI2WgAbqFqF1KbNsvpTHolEe_d_VElAPRAtMSIXQe38S-Kth-3PIfPKu3BeqoncfRvStcB8WdAyOdTtgLVPxpPrBzLFgo8osIY\" alt=\"Uloz Registration\"\/><\/figure>\n\n\n\n<h2>Registreer gratis bij Uloz<\/h2>\n\n\n\n<p>Het platform is zeer open voor alle personen. Er zijn geen vergoedingen, kosten, proeven of creditcards nodig om deel uit te maken van hun gemeenschap. Vul gewoon het formulier op hun website in en meld je aan. Valideer uw e-mail door uw e-mails te controleren en daarna bent u vrij om het platform te gebruiken.<\/p>\n\n\n\n<p>Als je uit Tsjechi\u00eb of Sloveni\u00eb komt, en je hebt een hekel aan het invullen en typen van formulieren, dan hebben ze een snelle registratie die alleen vereist dat je een bericht stuurt, afhankelijk van je locatie.<\/p>\n\n\n\n<p>Voor personen uit Tsjechi\u00eb of Tsjechi\u00eb, stuur een SMS met het woord &#8220;ULOZTO&#8221; en stuur deze naar 9094499. U krijgt dan automatisch een tegoed van 10GB. Voor mensen uit Sloveni\u00eb heeft u na het versturen van &#8220;ULOZTO 6&#8221; op 8877 een tegoed van 15GB op uw rekening staan. Let er wel op dat voor alle teksten een vergoeding wordt gevraagd. Zodra u klaar bent met het versturen van de SMS, kunt u wachten op een andere SMS die uw inloggegevens bevat zodat u kunt genieten van het platform.<\/p>\n\n\n\n<h2>Uloz Bestandsdeling Platform<\/h2>\n\n\n\n<p>Zoals gezegd zijn er veel manieren om een bestand te delen dat op het Uloz-platform is ge\u00fcpload. Het kan zijn via links, mails, Facebook en Twitter. Na het uploaden van een bestand wordt u doorgestuurd naar een pagina waar u een link en de andere optie krijgt. Als u een video heeft geupload, wordt uw video ook gedeeld op het platform als deze is ingesteld op het publiek.<\/p>\n\n\n\n<p>Geniet gratis van Uloz, maar Uloz Premium wordt sterk aangeraden om de maximale voordelen van het platform ten volle te benutten.<\/p>\n\n\n\n<h2>Uloz Premium Account<\/h2>\n\n\n\n<p>Uloz Premium kan gemakkelijk worden bereikt door zelfs gratis gebruikers, alleen al door het kopen van CREDITS. Zodra het tegoed is uitgeput, kunnen ze meer krijgen als ze dat willen. Hier zijn de kosten voor elk krediet.<\/p>\n\n\n<a class=\"maxbutton-2 maxbutton maxbutton-cta\" target=\"_blank\" rel=\"nofollow noopener\" href=\"\/go\/\"><span class='mb-text'>&gt;&gt; Ga naar de Originele Linkifier Website<\/span><\/a>\n\n\n<p><br><\/p>\n\n\n\n<figure class=\"wp-block-table\"><table class=\"\"><tbody><tr><td>GEGEVENS<\/td><td>PRIJS<\/td><td>ONMIDDELLIJKE LEVERING VAN KREDIET<\/td><td>LATERE LEVERING VAN HET KREDIET<\/td><\/tr><tr><td>340 Gigabytes<\/td><td>38,99 Euro<\/td><td>Betalen met een Kaart<\/td><td>Betalen via bankoverschrijving<\/td><\/tr><tr><td>150 Gigabytes<\/td><td>19,49 Euro<\/td><td>Betalen met een Kaart<\/td><td>Betalen via bankoverschrijving<\/td><\/tr><tr><td>70 Gigabytes<\/td><td>9,99 Euro<\/td><td>Betalen met een Kaart<\/td><td>Betalen via bankoverschrijving<\/td><\/tr><tr><td>40 Gigabytes<\/td><td>5,99 Euro<\/td><td> Betalen met een Kaart <\/td><td> Betalen via bankoverschrijving <\/td><\/tr><tr><td>25 Gigabytes<\/td><td>3,99 Euro<\/td><td> Betalen met een Kaart <\/td><td> Betalen via bankoverschrijving <\/td><\/tr><\/tbody><\/table><\/figure>\n\n\n\n<h2>Uloz Veelgestelde vragen <\/h2>\n\n\n\n<h3>Zichtbaarheid van het bestand<\/h3>\n\n\n\n<p>Met Uloz Accounts kunt u op drie manieren kiezen hoe uw bestanden beschikbaar zullen zijn:<\/p>\n\n\n\n<ol><li>Private Access of &#8220;For Me Only&#8221; &#8211; u kunt alleen toegang krijgen tot dat specifieke bestand als u bent ingelogd op de account waar u het heeft geplaatst. Niemand anders heeft ook toegang vanaf het platform.<\/li><li> Access Thru Link &#8211; ook hier is dit type bestand alleen beschikbaar voor de personen die de link hebben, en het is niet zichtbaar voor andere gebruikers die proberen te zoeken in de Uloz-zoekbalk.<\/li><li> Public Access &#8211; dit type bestand is doorzoekbaar in de zoekmachine van het platform en is ook toegankelijk als je de link hebt.<\/li><\/ol>\n\n\n\n<h3>Bestandsbeschikbaarheid en bestandseigenschappen<\/h3>\n\n\n\n<p>Gebruikers of zelfs niet-geregistreerde personen kunnen de beschikbaarheid van het bestand al vaststellen wanneer ze het uploaden, of het geeft aan wie toegang heeft tot het bestand. Het wijzigen van de eigenschappen van het bestand en het updaten van de beschikbaarheid kan echter alleen worden beheerd als u een geregistreerde gebruiker bent, gratis of premium. De gegevens kunnen op elk moment in Mijn Bestanden of via Bestandsdetail worden beheerd. Ook kunt u de eigenschappen van andere openbare bestanden niet wijzigen, en alleen uw eigen bestanden kunnen door u worden bijgewerkt.<\/p>\n\n\n\n<h3>Ongecensureerde foto&#8217;s en de veiligheid ervan<\/h3>\n\n\n\n<p>Het uploaden van sommige bestanden die echt niet voor iedereen zichtbaar zijn, is erg gevaarlijk. Soms kan het een familielid zijn of uw kind dat plezier heeft tijdens het baden, en u wilde zeker niet dat dit zou uitlekken, want de online wereld is tegenwoordig erg moeilijk.<\/p>\n\n\n\n<p>Voor het geval dat u herinneringen van foto&#8217;s opslaat die voor andere ogen een alarm kunnen zijn, moet u altijd in gedachten houden om al uw mappen en bestanden te privatiseren. Bescherm uw eigen bestand door uw opslag te beveiligen met een wachtwoord. Het instellen van een wachtwoord is sterk aanbevolen wanneer uw jongeren geheel of gedeeltelijk worden geopenbaard.<\/p>\n\n\n\n<h3>Anonieme uploads en de beperkingen ervan<\/h3>\n\n\n\n<p>Ja, zoals eerder besproken, kunt u het Uloz-platform gebruiken, zelfs als u niet bent ingelogd of geregistreerd als gebruiker. Daarom kan het anoniem uploaden van bestanden echt gebeuren. Hoewel het management dit soort activiteiten echt niet aanbeveelt, vooral wanneer u gevoelige of persoonlijke foto&#8217;s of video&#8217;s uploadt. <\/p>\n\n\n\n<p>Het ding is, je zult niet in staat zijn om uw bestanden ge\u00fcpload in een prive-bestand in te stellen. Waarom? Omdat je er geen controle over hebt omdat je niet bent ingelogd. U kunt uw bestanden alleen instellen op het publiek en deze delen via een link. Maar over het algemeen heeft u geen controle over waar uw gegevens worden genomen of verplaatst, omdat het is alsof u een gegevens in de vrije ruimte heeft ge\u00fcpload. Geen account betekent ook geen opslag. En als u uw shareing-link eenmaal kwijt bent, kunt u deze volledig kwijtraken.<\/p>\n\n\n\n<p>Desalniettemin is het Uloz Team er altijd voorstander van om voor priv\u00e9-beelden en -video&#8217;s alleen met hen te beheren als een ingelogde gebruikersaccount die volledige alternatieven beschikbaar heeft.<\/p>\n\n\n\n<h3>Leeftijdscontrole: 18 jaar onder of boven<\/h3>\n\n\n\n<p>U zult zich afvragen waarom het systeem moet weten of u wel of niet meerderjarig bent. Hoewel dit detail hoognodig is voor het systeem om de inhoud van wat u zult zien in te stellen. Als u bijvoorbeeld 18 jaar jonger bent, en het systeem weet dat u dat bent, is de kans groot dat ze u nooit een advertentie over tabak of alcohol zullen laten zien, en dergelijke. Daarom zal weten wat uw leeftijd is, het systeem beperken om u irrelevante inhoud te laten zien. <\/p>\n\n\n\n<h3>Videostreaming<\/h3>\n\n\n\n<p>Bezoekers die video&#8217;s wilden bekijken die publiekelijk zijn ge\u00fcpload in Uloz kunnen worden afgespeeld. Maar er zijn beperkingen, en als een video 10 minuten langer is, wordt hij niet afgespeeld. Het zou het beste zijn als u ingelogd of geregistreerd bent met credits om grotere formaten video&#8217;s te bekijken.<\/p>\n\n\n\n<h3>Het uploaden van<\/h3>\n\n\n\n<p>U kunt over het algemeen gegevens uploaden tot 18 GB. De grootste omvang van de ge\u00fcploade gegevens is echt beperkt tot de browserweergave. Het is sterk aan te raden om bestanden groter dan 18 GB op te delen in tal van kortere archieven (zoals in WinRAR of WinZIP), dan kunt u deze gecomprimeerde bestanden uploaden. Commandoregel-uploads kunnen ook door ervaren gebruikers worden gebruikt.<\/p>\n\n\n\n<h3>Bestandsverwijdering<\/h3>\n\n\n\n<p>Na het uploaden van de gegevens wordt de download URL en ook een andere link voor het wissen van de ge\u00fcploade gegevens getoond.<\/p>\n\n\n\n<p>Als u een bestand heeft ge\u00fcpload als geregistreerde of ingelogde gebruiker, kunt u ook uw gegevens beheren en verwijderen wat u maar wilt. Als u ooit gebruik maakt van de File Manager om een bestand te uploaden, raden wij u aan om uw account te openen. Daarentegen zult u niet in staat zijn om het bestand achtereenvolgens te verwijderen. U kunt contact opnemen met het Uloz Support team als niet alle opties voor u beschikbaar zijn. <\/p>\n\n\n\n<h2>Samenvatting<\/h2>\n\n\n\n<p>Er is nog zoveel meer te weten over Uloz en je kunt het bekijken op hun website. Met het platform kunt u eenvoudig en snel bestanden delen. Ze hebben ook online streaming waar u kunt genieten van veel video&#8217;s die door andere gebruikers zijn ge\u00fcpload. Het is echt het beste om credits op uw account te hebben voor een uitgebreide controle over uw bestanden, zeer snel te downloaden, langere video&#8217;s te bekijken en meer.<\/p>\n\n\n\n<h2>Referenties<\/h2>\n\n\n\n<p><a href=\"https:\/\/www.techopedia.com\/definition\/25310\/file-hosting-service\">https:\/\/www.techopedia.com\/definition\/25310\/file-hosting-service<\/a><br> <a href=\"https:\/\/www.computerhope.com\/jargon\/f\/fileshar.htm\">https:\/\/www.computerhope.com\/jargon\/f\/fileshar.htm<\/a><br> <a href=\"https:\/\/www.lifewire.com\/internet-streaming-how-it-works-1999513\">https:\/\/www.lifewire.com\/internet-streaming-how-it-works-1999513<\/a><br> <a href=\"https:\/\/whatis.techtarget.com\/definition\/video-streaming-service\">https:\/\/whatis.techtarget.com\/definition\/video-streaming-service<\/a><br> <a href=\"https:\/\/www.cloudflare.com\/learning\/performance\/what-is-streaming\/\">https:\/\/www.cloudflare.com\/learning\/performance\/what-is-streaming\/<\/a><\/p>\n\n\n<a class=\"maxbutton-2 maxbutton maxbutton-cta\" target=\"_blank\" rel=\"nofollow noopener\" href=\"\/go\/\"><span class='mb-text'>&gt;&gt; Ga naar de Originele Linkifier Website<\/span><\/a>\n\n\n<p><\/p>\n","protected":false},"excerpt":{"rendered":"<p>Wat is Uloz? Uloz wordt beschouwd als het grootste netwerk van Tsjechische cloud-opslag. Met Uloz kunnen personen die geen account<\/p>\n","protected":false},"author":2,"featured_media":0,"parent":0,"menu_order":0,"comment_status":"closed","ping_status":"closed","template":"","meta":[],"yoast_head":"<!-- This site is optimized with the Yoast SEO plugin v18.3 - https:\/\/yoast.com\/wordpress\/plugins\/seo\/ -->\n<title>Uloz Premium Account: De Filehoster In Een Oogopslag<\/title>\n<meta name=\"description\" content=\"Is Uloz een gerenommeerde aanbieder of niet, dan kunt u het antwoord vinden in de huidige test op Multihoster.org \u279c. Klik nu op \u271a om onze ervaringen te lezen!\" \/>\n<meta name=\"robots\" content=\"index, follow, max-snippet:-1, max-image-preview:large, max-video-preview:-1\" \/>\n<link rel=\"canonical\" href=\"https:\/\/multihoster.org\/nl\/uloz\/\" \/>\n<meta property=\"og:locale\" content=\"nl_NL\" \/>\n<meta property=\"og:type\" content=\"article\" \/>\n<meta property=\"og:title\" content=\"Uloz Premium Account: De Filehoster In Een Oogopslag\" \/>\n<meta property=\"og:description\" content=\"Is Uloz een gerenommeerde aanbieder of niet, dan kunt u het antwoord vinden in de huidige test op Multihoster.org \u279c. Klik nu op \u271a om onze ervaringen te lezen!\" \/>\n<meta property=\"og:url\" content=\"https:\/\/multihoster.org\/nl\/uloz\/\" \/>\n<meta property=\"og:site_name\" content=\"Multihoster.org\" \/>\n<meta property=\"article:modified_time\" content=\"2020-03-30T16:11:20+00:00\" \/>\n<meta property=\"og:image\" content=\"https:\/\/lh5.googleusercontent.com\/DSso4_iy_x8XL-_Dzwlt3-uz1hpxM25zgpxOGdudM89UryFHdWhEDp_vTHuLAD9ofIDr1yF2225Bjq9DnvEk07QdYZhSxKxox3O0Ny7-KmqOcc0zMTUJi8_3tuxh82T5GK0o3oU\" \/>\n<meta name=\"twitter:card\" content=\"summary\" \/>\n<meta name=\"twitter:label1\" content=\"Geschatte leestijd\" \/>\n\t<meta name=\"twitter:data1\" content=\"9 minuten\" \/>\n<script type=\"application\/ld+json\" class=\"yoast-schema-graph\">{\"@context\":\"https:\/\/schema.org\",\"@graph\":[{\"@type\":\"WebSite\",\"@id\":\"https:\/\/multihoster.org\/#website\",\"url\":\"https:\/\/multihoster.org\/\",\"name\":\"Multihoster.org\",\"description\":\"Reviews of the major Filehosting services\",\"potentialAction\":[{\"@type\":\"SearchAction\",\"target\":{\"@type\":\"EntryPoint\",\"urlTemplate\":\"https:\/\/multihoster.org\/?s={search_term_string}\"},\"query-input\":\"required name=search_term_string\"}],\"inLanguage\":\"nl\"},{\"@type\":\"ImageObject\",\"@id\":\"https:\/\/multihoster.org\/nl\/uloz\/#primaryimage\",\"inLanguage\":\"nl\",\"url\":\"https:\/\/lh5.googleusercontent.com\/DSso4_iy_x8XL-_Dzwlt3-uz1hpxM25zgpxOGdudM89UryFHdWhEDp_vTHuLAD9ofIDr1yF2225Bjq9DnvEk07QdYZhSxKxox3O0Ny7-KmqOcc0zMTUJi8_3tuxh82T5GK0o3oU\",\"contentUrl\":\"https:\/\/lh5.googleusercontent.com\/DSso4_iy_x8XL-_Dzwlt3-uz1hpxM25zgpxOGdudM89UryFHdWhEDp_vTHuLAD9ofIDr1yF2225Bjq9DnvEk07QdYZhSxKxox3O0Ny7-KmqOcc0zMTUJi8_3tuxh82T5GK0o3oU\"},{\"@type\":\"WebPage\",\"@id\":\"https:\/\/multihoster.org\/nl\/uloz\/#webpage\",\"url\":\"https:\/\/multihoster.org\/nl\/uloz\/\",\"name\":\"Uloz Premium Account: De Filehoster In Een Oogopslag\",\"isPartOf\":{\"@id\":\"https:\/\/multihoster.org\/#website\"},\"primaryImageOfPage\":{\"@id\":\"https:\/\/multihoster.org\/nl\/uloz\/#primaryimage\"},\"datePublished\":\"2020-03-30T15:51:09+00:00\",\"dateModified\":\"2020-03-30T16:11:20+00:00\",\"description\":\"Is Uloz een gerenommeerde aanbieder of niet, dan kunt u het antwoord vinden in de huidige test op Multihoster.org \u279c. Klik nu op \u271a om onze ervaringen te lezen!\",\"breadcrumb\":{\"@id\":\"https:\/\/multihoster.org\/nl\/uloz\/#breadcrumb\"},\"inLanguage\":\"nl\",\"potentialAction\":[{\"@type\":\"ReadAction\",\"target\":[\"https:\/\/multihoster.org\/nl\/uloz\/\"]}]},{\"@type\":\"BreadcrumbList\",\"@id\":\"https:\/\/multihoster.org\/nl\/uloz\/#breadcrumb\",\"itemListElement\":[{\"@type\":\"ListItem\",\"position\":1,\"name\":\"Startseite\",\"item\":\"https:\/\/multihoster.org\/nl\/\"},{\"@type\":\"ListItem\",\"position\":2,\"name\":\"Uloz Premium Account: De Filehoster In Een Oogopslag\"}]}]}<\/script>\n<!-- \/ Yoast SEO plugin. -->","yoast_head_json":{"title":"Uloz Premium Account: De Filehoster In Een Oogopslag","description":"Is Uloz een gerenommeerde aanbieder of niet, dan kunt u het antwoord vinden in de huidige test op Multihoster.org \u279c. Klik nu op \u271a om onze ervaringen te lezen!","robots":{"index":"index","follow":"follow","max-snippet":"max-snippet:-1","max-image-preview":"max-image-preview:large","max-video-preview":"max-video-preview:-1"},"canonical":"https:\/\/multihoster.org\/nl\/uloz\/","og_locale":"nl_NL","og_type":"article","og_title":"Uloz Premium Account: De Filehoster In Een Oogopslag","og_description":"Is Uloz een gerenommeerde aanbieder of niet, dan kunt u het antwoord vinden in de huidige test op Multihoster.org \u279c. Klik nu op \u271a om onze ervaringen te lezen!","og_url":"https:\/\/multihoster.org\/nl\/uloz\/","og_site_name":"Multihoster.org","article_modified_time":"2020-03-30T16:11:20+00:00","og_image":[{"url":"https:\/\/lh5.googleusercontent.com\/DSso4_iy_x8XL-_Dzwlt3-uz1hpxM25zgpxOGdudM89UryFHdWhEDp_vTHuLAD9ofIDr1yF2225Bjq9DnvEk07QdYZhSxKxox3O0Ny7-KmqOcc0zMTUJi8_3tuxh82T5GK0o3oU"}],"twitter_card":"summary","twitter_misc":{"Geschatte leestijd":"9 minuten"},"schema":{"@context":"https:\/\/schema.org","@graph":[{"@type":"WebSite","@id":"https:\/\/multihoster.org\/#website","url":"https:\/\/multihoster.org\/","name":"Multihoster.org","description":"Reviews of the major Filehosting services","potentialAction":[{"@type":"SearchAction","target":{"@type":"EntryPoint","urlTemplate":"https:\/\/multihoster.org\/?s={search_term_string}"},"query-input":"required name=search_term_string"}],"inLanguage":"nl"},{"@type":"ImageObject","@id":"https:\/\/multihoster.org\/nl\/uloz\/#primaryimage","inLanguage":"nl","url":"https:\/\/lh5.googleusercontent.com\/DSso4_iy_x8XL-_Dzwlt3-uz1hpxM25zgpxOGdudM89UryFHdWhEDp_vTHuLAD9ofIDr1yF2225Bjq9DnvEk07QdYZhSxKxox3O0Ny7-KmqOcc0zMTUJi8_3tuxh82T5GK0o3oU","contentUrl":"https:\/\/lh5.googleusercontent.com\/DSso4_iy_x8XL-_Dzwlt3-uz1hpxM25zgpxOGdudM89UryFHdWhEDp_vTHuLAD9ofIDr1yF2225Bjq9DnvEk07QdYZhSxKxox3O0Ny7-KmqOcc0zMTUJi8_3tuxh82T5GK0o3oU"},{"@type":"WebPage","@id":"https:\/\/multihoster.org\/nl\/uloz\/#webpage","url":"https:\/\/multihoster.org\/nl\/uloz\/","name":"Uloz Premium Account: De Filehoster In Een Oogopslag","isPartOf":{"@id":"https:\/\/multihoster.org\/#website"},"primaryImageOfPage":{"@id":"https:\/\/multihoster.org\/nl\/uloz\/#primaryimage"},"datePublished":"2020-03-30T15:51:09+00:00","dateModified":"2020-03-30T16:11:20+00:00","description":"Is Uloz een gerenommeerde aanbieder of niet, dan kunt u het antwoord vinden in de huidige test op Multihoster.org \u279c. Klik nu op \u271a om onze ervaringen te lezen!","breadcrumb":{"@id":"https:\/\/multihoster.org\/nl\/uloz\/#breadcrumb"},"inLanguage":"nl","potentialAction":[{"@type":"ReadAction","target":["https:\/\/multihoster.org\/nl\/uloz\/"]}]},{"@type":"BreadcrumbList","@id":"https:\/\/multihoster.org\/nl\/uloz\/#breadcrumb","itemListElement":[{"@type":"ListItem","position":1,"name":"Startseite","item":"https:\/\/multihoster.org\/nl\/"},{"@type":"ListItem","position":2,"name":"Uloz Premium Account: De Filehoster In Een Oogopslag"}]}]}},"_links":{"self":[{"href":"https:\/\/multihoster.org\/nl\/wp-json\/wp\/v2\/pages\/2992"}],"collection":[{"href":"https:\/\/multihoster.org\/nl\/wp-json\/wp\/v2\/pages"}],"about":[{"href":"https:\/\/multihoster.org\/nl\/wp-json\/wp\/v2\/types\/page"}],"author":[{"embeddable":true,"href":"https:\/\/multihoster.org\/nl\/wp-json\/wp\/v2\/users\/2"}],"replies":[{"embeddable":true,"href":"https:\/\/multihoster.org\/nl\/wp-json\/wp\/v2\/comments?post=2992"}],"version-history":[{"count":2,"href":"https:\/\/multihoster.org\/nl\/wp-json\/wp\/v2\/pages\/2992\/revisions"}],"predecessor-version":[{"id":3010,"href":"https:\/\/multihoster.org\/nl\/wp-json\/wp\/v2\/pages\/2992\/revisions\/3010"}],"wp:attachment":[{"href":"https:\/\/multihoster.org\/nl\/wp-json\/wp\/v2\/media?parent=2992"}],"curies":[{"name":"wp","href":"https:\/\/api.w.org\/{rel}","templated":true}]}}