{"id":3136,"date":"2020-04-07T10:34:18","date_gmt":"2020-04-07T10:34:18","guid":{"rendered":"https:\/\/multihoster.org\/?page_id=3136"},"modified":"2020-05-29T13:36:24","modified_gmt":"2020-05-29T13:36:24","slug":"webshare","status":"publish","type":"page","link":"https:\/\/multihoster.org\/nl\/webshare\/","title":{"rendered":"WebShare Premium Account: De Filehoster In Een Oogopslag"},"content":{"rendered":"\n<div class=\"wp-block-image\"><figure class=\"aligncenter size-large\"><img loading=\"lazy\" width=\"337\" height=\"100\" src=\"https:\/\/multihoster.org\/wp-content\/uploads\/2020\/04\/webshare.png\" alt=\"\" class=\"wp-image-3125\" srcset=\"https:\/\/multihoster.org\/wp-content\/uploads\/2020\/04\/webshare.png 337w, https:\/\/multihoster.org\/wp-content\/uploads\/2020\/04\/webshare-300x89.png 300w\" sizes=\"(max-width: 337px) 100vw, 337px\" \/><\/figure><\/div>\n\n\n<a class=\"maxbutton-2 maxbutton maxbutton-cta\" target=\"_blank\" rel=\"nofollow noopener\" href=\"\/go\/\"><span class='mb-text'>&gt;&gt; Ga naar de Originele Linkifier Website<\/span><\/a>\n\n\n<p><\/p>\n\n\n\n<h2>Wat is Webshare?<\/h2>\n\n\n\n<p>Webshare is een online cloud-opslagplatform dat u kunt gebruiken door verschillende soorten gegevens op te slaan, waaronder afbeeldingen, muziek, films, documenten, gecomprimeerde bestanden en meer. Alle gegevens die u bewaart en opslaat, zijn voor u toegankelijk waar u ook gaat, over de hele wereld. Daarom is Webshare het juiste platform voor u als u behoefte heeft aan een zeer betaalbare en betrouwbare bestandsopslag.<\/p>\n\n\n\n<figure class=\"wp-block-image\"><img src=\"https:\/\/lh3.googleusercontent.com\/FTuLvNkvS9rm_YkW9WzPyn54PGM_G44j4io1Xm9PjsowHHoj5ldYZ2ZdvdroAKv1QNwHEg34vsUwhn-H26ooVtQ4VscLe1cVcnHBUPjANDgmb_3efqZqslmxpkNCzb-ew6h5uf8n\" alt=\"Webshare Homepage\"\/><\/figure>\n\n\n\n<h2>Achter het Webshare Platform<\/h2>\n\n\n\n<p>Webshare werd gecre\u00eberd en opgericht op 10 september 2009. Voorheen was het gewoon een hobby. Na een aantal jaren het platform te hebben gebruikt, drie jaar precies, ontdekten ze dat Webshare beroemd is geworden voor duizenden accountgebruikers. Daarom hebben ze het opgelost in het cre\u00ebren van een gloednieuw en veel verbeterd web share. Hun doel is om een sterke concurrent te worden onder andere opmerkelijke spelers op de markt in Tsjechi\u00eb en om meer gebruikers te voorzien van een krachtige en eenvoudige manier om alle gegevens te beheren.<\/p>\n\n\n\n<p>Hun team bestaat uit vier personen. Zbyn\u011bk en Luk\u00e1\u0161 zijn de serverbeheerder, en zij zijn verantwoordelijk voor het bijhouden en beheren van de servers. Adam is hun hoofdprogrammeur, en het laatste lid is Honza, die verantwoordelijk is voor het ontwerp van de website en andere marketingstrategie\u00ebn. Voor hen is Webshare niet alleen een garageplan en -project, maar het is een geavanceerde dienst die de gebruikers in staat stelt hun gegevens te bewaren, alles te beheren vanaf verschillende apparaten, en ze te delen met mensen die ze vertrouwen.<\/p>\n\n\n\n<p>De missie van het team is om van Webshare de meest uitzonderlijke service te maken in zijn industrie en markt op Tsjechisch en Slowaaks. Ze weten dat dit doel een opmerkelijke ambitie is, maar ze weten dat, en ze streven ernaar om dat doel te bereiken. <\/p>\n\n\n\n<p>Ze willen hun gebruikers een moderner en verfijnder hulpmiddel bieden om hun gegevens te beheren en deze te laten synchroniseren op verschillende apparaten. Daarom is Webshare niet alleen een eenvoudige download- en uploadtool, maar breiden ze het uit met een mobiele applicatie tegenhanger en een slimme desktoptool om de effici\u00ebntie van hun platform te maximaliseren. Alles is voor uw gemak.<\/p>\n\n\n\n<p>Van hun team, voor alles wat ze doen, is \u00e9\u00e9n ding zeker, en dat is de eisen, eisen en wensen van hun gebruikers in vervulling laten gaan. Hun klanten zijn hun topprioriteit. Daarom maken ze van Webshare niet alleen een service, maar ook een echte tool voor alle gebruikers.<\/p>\n\n\n\n<h2>Waarom gebruik maken van Webshare?<\/h2>\n\n\n\n<p>Het opslaan van uw bestanden en andere gegevens in de cloud is gewoon comfortabel. Daarom hoeft u geen flash-schijven mee te nemen, waar u ook naartoe gaat. Het enige wat u hoeft te doen is al uw belangrijke of andere bestanden te uploaden naar uw account, zoals afbeeldingen, documenten, muziek, films en andere gedenkwaardige bestanden. Wat u alleen maar nodig heeft is het internet om toegang te krijgen tot uw Webshare-account.<\/p>\n\n\n\n<p>Webshare is echt ideaal voor uw schoolprojecten, huiswerk, bedrijfsdocumenten, video&#8217;s en muziek die u ook wilde delen met uw collega&#8217;s, medewerkers, vrienden, of gewoon alle gegevens die u wilde krijgen waar u ook bent.<\/p>\n\n\n\n<figure class=\"wp-block-table\"><table class=\"\"><tbody><tr><td><li>Gebruikers hebben een immense dataopslag onder hun controle<br><\/li><li>Al uw bestanden rusten gewoon op cloud storage, met het internet heeft u overal toegang tot het internet<br><\/li><li>Flash drives zullen nooit een optie zijn<br>Webshare&#8217;s website-interface is zeer vriendelijk en direct toegankelijk.<br><\/li><li>De Webshare client support zorgt ervoor dat er contact is met elke gebruiker om ervoor te zorgen dat deze op elke manier wordt geholpen.<br><\/li><li>Webshare&#8217;s systeem en het platform worden geleidelijk verbeterd en aangepast aan de eisen van elke gebruiker.<br><\/li><li>Webshare ontwikkelt momenteel een mobiele app voor uw gemak.<\/li><\/td><\/tr><\/tbody><\/table><\/figure>\n\n\n\n<h2>Wat zijn de kosten van een Webshare Premium Account?<\/h2>\n\n\n\n<p>Er zijn veel betalingsmogelijkheden om gebruik te maken van hun VIP of Webshare Premium Accounts. Hieronder staan de opties, en ze zorgen ervoor dat alles voor uw gemak is, dus kies wat beter bij u past.<\/p>\n\n\n\n<p><strong>Betaling met creditcard<br><\/strong>Voer gewoon wat noodzakelijke gegevens in die op uw kaart zijn afgedrukt, en u bent klaar om te gaan.<\/p>\n\n\n\n<figure class=\"wp-block-table\"><table><tbody><tr><td>Lidmaatschap<\/td><td>Duur<\/td><td>Priv\u00e9-bestanden<\/td><td>Kosten<\/td><\/tr><tr><td>Zilveren VIP<\/td><td>1 maand<\/td><td>10 GB priv\u00e9-opslag<\/td><td>59.00 K\u010d<\/td><\/tr><tr><td>Goud VIP<\/td><td>3 maanden<\/td><td>20 GB priv\u00e9-opslag<\/td><td>169.00 K\u010d<\/td><\/tr><tr><td>Platina VIP<\/td><td>1 jaar<\/td><td>50 GB priv\u00e9-opslag<\/td><td>599.00 K\u010d<\/td><\/tr><\/tbody><\/table><\/figure>\n\n\n\n<p>Alle prijzen zijn inclusief BTW (21%)<\/p>\n\n\n\n<p><strong>Online betaling<br><\/strong>De GoPay online afdrachtbegeleiding &#8211; selecteer het betalingstype dat bij uw eisen past.<\/p>\n\n\n\n<figure class=\"wp-block-table\"><table><tbody><tr><td>Lidmaatschap<\/td><td>Duur<\/td><td>Priv\u00e9-bestanden<\/td><td>Kosten<\/td><\/tr><tr><td>Zilveren VIP<\/td><td>1 maand<\/td><td>10 GB priv\u00e9-opslag<\/td><td>59.00 K\u010d<\/td><\/tr><tr><td>Goud VIP<\/td><td>3 maanden<\/td><td>20 GB priv\u00e9-opslag<\/td><td>169.00 K\u010d<\/td><\/tr><tr><td>Platina VIP<\/td><td>1 jaar<\/td><td>50 GB priv\u00e9-opslag<\/td><td>599.00 K\u010d <\/td><\/tr><\/tbody><\/table><\/figure>\n\n\n\n<p>Alle prijzen zijn inclusief BTW (21%)<\/p>\n\n\n\n<p><strong>Bankoverschrijving Betaling<br><\/strong>Stuur het verwachte geld gewoon naar de bankrekening van Webshare.<\/p>\n\n\n\n<figure class=\"wp-block-table\"><table><tbody><tr><td>Lidmaatschap<\/td><td>Duur<\/td><td>Priv\u00e9-bestanden<\/td><td>Kosten<\/td><\/tr><tr><td>Zilveren VIP<\/td><td>1 maand<\/td><td>10 GB priv\u00e9-opslag<\/td><td>59.00 K\u010d<\/td><\/tr><tr><td>Goud VIP<\/td><td>3 maanden<\/td><td>20 GB priv\u00e9-opslag<\/td><td>169.00 K\u010d<\/td><\/tr><tr><td>Platina VIP<\/td><td>1 jaar<\/td><td>50 GB priv\u00e9-opslag<\/td><td>599.00 K\u010d <\/td><\/tr><\/tbody><\/table><\/figure>\n\n\n\n<p> Alle prijzen zijn inclusief BTW (21%) <\/p>\n\n\n\n<p><strong>Betaling van Webshare-punten<br><\/strong>Webshare biedt u de mogelijkheid om uw Webshare punten om te zetten in een Premium account.<\/p>\n\n\n<a class=\"maxbutton-2 maxbutton maxbutton-cta\" target=\"_blank\" rel=\"nofollow noopener\" href=\"\/go\/\"><span class='mb-text'>&gt;&gt; Ga naar de Originele Linkifier Website<\/span><\/a>\n\n\n<p><\/p>\n\n\n\n<figure class=\"wp-block-table\"><table><tbody><tr><td>Lidmaatschap<\/td><td>Duur<\/td><td>Priv\u00e9-bestanden<\/td><td>Kosten<\/td><\/tr><tr><td>Zilveren VIP<\/td><td>1 maand<\/td><td>10 GB priv\u00e9-opslag<\/td><td>10000 B<\/td><\/tr><tr><td>Goud VIP<\/td><td>3 maanden<\/td><td>20 GB priv\u00e9-opslag<\/td><td>30000 B<\/td><\/tr><tr><td>Platina VIP<\/td><td>1 jaar<\/td><td>50 GB priv\u00e9-opslag<\/td><td>120000 B<\/td><\/tr><\/tbody><\/table><\/figure>\n\n\n\n<p> Alle prijzen zijn inclusief BTW (21%) <\/p>\n\n\n\n<p><strong>SMS-betaling<br><\/strong>De vergoeding is hoger geprijsd vanwege de speciale voorwaarden voor de aanbieder van de overboeking.<\/p>\n\n\n\n<figure class=\"wp-block-table\"><table><tbody><tr><td>Lidmaatschap<\/td><td>Duur<\/td><td>Priv\u00e9-bestanden<\/td><td>Kosten<\/td><\/tr><tr><td>Zilveren VIP<\/td><td>1 maand<\/td><td>10 GB priv\u00e9-opslag<\/td><td>99 K\u010d<\/td><\/tr><\/tbody><\/table><\/figure>\n\n\n\n<p>Alle prijzen zijn inclusief BTW (21%) <\/p>\n\n\n\n<h2>Wat zijn de voordelen van een Webshare Premium Account?<\/h2>\n\n\n\n<p>U kunt genieten van de voordelen van een premiumlid voor slechts \u20ac2,39 per maand. Met hun premium- of VIP-lidmaatschap kan elke gebruiker zijn onbeperkte downloadsnelheid op Webshare maximaliseren, meer opslagruimte krijgen en nog veel meer.<\/p>\n\n\n\n<p>Denk maar aan dit scenario: Uw desktopcomputer is gecrasht, uw laptop kwijt of een bestand beschadigd zonder dat u een back-up hebt gemaakt van uw essenti\u00eble gegevens. Met de huidige technologie zou dit niet moeten gebeuren, of het is niet zoals het zou zijn geweest. Het is erg handig om Webshare bij de hand te hebben. Uw desktopcomputer moet gecrasht zijn, maar u kunt nog steeds toegang krijgen tot uw bestanden op andere apparaten via Webshare. U kunt slapen als u weet dat uw gegevens beveiligd en veilig zijn.<\/p>\n\n\n\n<figure class=\"wp-block-table\"><table><tbody><tr><td><strong>Het is betaalbaar, slechts \u20ac2,39<br><\/strong>Kosten die u bijna nergens voor hoeft te betalen en u kunt zelf uw tarief bepalen.<\/td><td>1\/4 van een jaar<br>6,39 euro voor 3 maanden<br><\/td><td>1 jaar<br>22,95 euro per jaar<br><\/td><\/tr><tr><td><strong>Snel &amp; snel downloaden<br><\/strong>Ervaar het maximale uit uw internetverbinding.<\/td><td>500+<br> Tot 500 Mb\/s<br><\/td><td>20+<br>Downloadsleuven<br><\/td><\/tr><tr><td><strong>10 GB aan priv\u00e9-opslag<br><\/strong>Voeg uw eigen opslagcapaciteit toe aan 10 Gigabyte.<\/td><td>5 GB+<br>Meer persoonlijke ruimte<br><\/td><td>24\/7<br>Beschikbaarheid van bestanden<br><\/td><\/tr><tr><td><strong>Download herstellen<br><\/strong>U kunt een onderbroken download voortzetten.<\/td><td>99%<br>Kan worden hersteld<\/td><td>10\/10<br>downloads<\/td><\/tr><tr><td><strong>Geen advertenties<br><\/strong>Er zullen geen advertenties zijn in bestandsdetails en zoekvelden.<\/td><td>4\/44\/4 advertenties zullen er niet zijn<br><\/td><td>0<br>Zelfs geen enkele advertentie<br><\/td><\/tr><\/tbody><\/table><\/figure>\n\n\n\n<h2>Andere veelgestelde vragen in Webshare<\/h2>\n\n\n\n<h3>Waarom aanmelden bij Webshare?<\/h3>\n\n\n\n<p>Het is gratis om zich te registreren of een account aan te maken in Webshare. U krijgt 5 Gigabyte aan gratis opslagruimte. De mogelijkheid om gebruik te maken van een tool met veel voordelen, waaronder de toegang tot commentaar op verschillende gebruikersbestanden, het verzamelen van punten, het beheren en organiseren van eigen gegevens, en nog veel meer, wat zou u dan kunnen vragen? Waarom maakt u geen gebruik van een tool die uw productiviteit verhoogt, toch? <\/p>\n\n\n\n<h3>Wat zijn de voordelen van een Webshare Premium account?<\/h3>\n\n\n\n<p>Zoals hierboven besproken, hebben gebruikers door zich te abonneren op een premium account recht op de superieure prestaties van het platform als het gaat om het downloaden van snelheid, hoewel u nog steeds uw eigen internetprovider moet controleren, omdat dit de voortgang be\u00efnvloedt en de maximale hulp die de Webshare kan bieden kan beperken. Er zal ook een downloadmanager zijn die de gebruiker in staat stelt om een download voort te zetten wanneer het downloaden van het internet gebeurt. Voor het type lidmaatschap dat u gebruikt, zal dit bepalen hoeveel opslagruimte u krijgt. Er zullen geen onnodige advertenties zijn en van al uw bestanden wordt een back-up gemaakt. Webshare maakt een back-up van uw back-upbestand.<\/p>\n\n\n\n<h3>Betaling van uw betaling voor Webshare Premium Accounts<\/h3>\n\n\n\n<p>Voor uw gemak en comfort biedt Webshare u vele mogelijkheden om het Premium lidmaatschap te betalen, inclusief credit- of debitcard, bankoverschrijving, punten, en via sms.<\/p>\n\n\n\n<h3>Wanneer een Premium Account afloopt, wat gebeurt er dan met de bestanden die in het account zijn opgeslagen?<\/h3>\n\n\n\n<p>Zolang u premiumlid bent, zijn al uw bestanden beschermd en worden ze niet aangeraakt. Wanneer uw lidmaatschap echter afloopt en u niet in staat bent om uw lidmaatschap binnen twee maanden bij te werken, zal het systeem gegevens verwijderen die de 5 GB opslagruimte voor gratis gebruikers overschrijden.<\/p>\n\n\n\n<h3>Uploaden in Webshare<\/h3>\n\n\n\n<p>Er zijn vele manieren om gegevens te uploaden op Webshare. Van het slepen naar het droppen van bestanden waar dan ook op de site of het bedienen van uw bestandsmanager door te klikken op de knop &#8220;Mijn bestanden&#8221;, en u wordt gevraagd het bestand of de map te selecteren die u wilt uploaden. Wacht vervolgens tot het uploaden is voltooid.<\/p>\n\n\n\n<p>Een gebruiker kan zoveel bestanden uploaden als hij wil en de maximale bestandsgrootte die ge\u00fcpload kan worden is 20 GB. Voor een hoger ge\u00fcpload bestand kunt u het gewoon splitsen voordat u het uploadt.<\/p>\n\n\n\n<h2>Webshare Overzicht<\/h2>\n\n\n\n<p>Webshare heeft veel te bieden en ze zullen meer zijn naarmate ze verder komen en het platform verder ontwikkelen. Alle premium tarieven zijn zeer redelijk als je de diensten en innovatie die je kunt winnen gaat vergelijken. Zorg ervoor dat u het beste lidmaatschap te selecteren voor u om het gebruik ervan te maximaliseren.<\/p>\n\n\n\n<h2>Referenties<\/h2>\n\n\n\n<p><a rel=\"noreferrer noopener\" aria-label=\" (opens in a new tab)\" href=\"https:\/\/www.gearcoupon.com\/the-best-czech-and-foreign-storage-for-easy-file-sharing\/\" target=\"_blank\">https:\/\/www.gearcoupon.com\/the-best-czech-and-foreign-storage-for-easy-file-sharing\/<\/a><br><a rel=\"noreferrer noopener\" aria-label=\" (opens in a new tab)\" href=\"https:\/\/alternative.app\/webshare\" target=\"_blank\">https:\/\/alternative.app\/webshare<\/a><br><a rel=\"noreferrer noopener\" aria-label=\" (opens in a new tab)\" href=\"https:\/\/webshare.cz.cutestat.com\/\" target=\"_blank\">https:\/\/webshare.cz.cutestat.com\/<\/a><br><a rel=\"noreferrer noopener\" aria-label=\" (opens in a new tab)\" href=\"https:\/\/safeweb.norton.com\/reviews?url=webshare.cz\" target=\"_blank\">https:\/\/safeweb.norton.com\/reviews?url=webshare.cz<\/a><br><a rel=\"noreferrer noopener\" aria-label=\"https:\/\/www.thesiterate.com\/stats\/webshare.cz (opens in a new tab)\" href=\"https:\/\/www.thesiterate.com\/stats\/webshare.cz\" target=\"_blank\">https:\/\/www.thesiterate.com\/stats\/webshare.cz<\/a><\/p>\n\n\n<a class=\"maxbutton-2 maxbutton maxbutton-cta\" target=\"_blank\" rel=\"nofollow noopener\" href=\"\/go\/\"><span class='mb-text'>&gt;&gt; Ga naar de Originele Linkifier Website<\/span><\/a>\n\n\n<p><\/p>\n","protected":false},"excerpt":{"rendered":"<p>Wat is Webshare? Webshare is een online cloud-opslagplatform dat u kunt gebruiken door verschillende soorten gegevens op te slaan, waaronder<\/p>\n","protected":false},"author":2,"featured_media":0,"parent":0,"menu_order":0,"comment_status":"closed","ping_status":"closed","template":"","meta":[],"yoast_head":"<!-- This site is optimized with the Yoast SEO plugin v18.3 - https:\/\/yoast.com\/wordpress\/plugins\/seo\/ -->\n<title>WebShare Premium Account: De Filehoster In Een Oogopslag<\/title>\n<meta name=\"description\" content=\"Is WebShare een gerenommeerde aanbieder of niet, dan kunt u het antwoord vinden in de huidige test op Multihoster.org \u279c. Klik nu op \u271a om onze ervaringen te lezen!\" \/>\n<meta name=\"robots\" content=\"index, follow, max-snippet:-1, max-image-preview:large, max-video-preview:-1\" \/>\n<link rel=\"canonical\" href=\"https:\/\/multihoster.org\/nl\/webshare\/\" \/>\n<meta property=\"og:locale\" content=\"nl_NL\" \/>\n<meta property=\"og:type\" content=\"article\" \/>\n<meta property=\"og:title\" content=\"WebShare Premium Account: De Filehoster In Een Oogopslag\" \/>\n<meta property=\"og:description\" content=\"Is WebShare een gerenommeerde aanbieder of niet, dan kunt u het antwoord vinden in de huidige test op Multihoster.org \u279c. Klik nu op \u271a om onze ervaringen te lezen!\" \/>\n<meta property=\"og:url\" content=\"https:\/\/multihoster.org\/nl\/webshare\/\" \/>\n<meta property=\"og:site_name\" content=\"Multihoster.org\" \/>\n<meta property=\"article:modified_time\" content=\"2020-05-29T13:36:24+00:00\" \/>\n<meta property=\"og:image\" content=\"https:\/\/multihoster.org\/wp-content\/uploads\/2020\/04\/webshare.png\" \/>\n<meta name=\"twitter:card\" content=\"summary\" \/>\n<meta name=\"twitter:label1\" content=\"Geschatte leestijd\" \/>\n\t<meta name=\"twitter:data1\" content=\"8 minuten\" \/>\n<script type=\"application\/ld+json\" class=\"yoast-schema-graph\">{\"@context\":\"https:\/\/schema.org\",\"@graph\":[{\"@type\":\"WebSite\",\"@id\":\"https:\/\/multihoster.org\/#website\",\"url\":\"https:\/\/multihoster.org\/\",\"name\":\"Multihoster.org\",\"description\":\"Reviews of the major Filehosting services\",\"potentialAction\":[{\"@type\":\"SearchAction\",\"target\":{\"@type\":\"EntryPoint\",\"urlTemplate\":\"https:\/\/multihoster.org\/?s={search_term_string}\"},\"query-input\":\"required name=search_term_string\"}],\"inLanguage\":\"nl\"},{\"@type\":\"ImageObject\",\"@id\":\"https:\/\/multihoster.org\/nl\/webshare\/#primaryimage\",\"inLanguage\":\"nl\",\"url\":\"https:\/\/multihoster.org\/wp-content\/uploads\/2020\/04\/webshare.png\",\"contentUrl\":\"https:\/\/multihoster.org\/wp-content\/uploads\/2020\/04\/webshare.png\",\"width\":337,\"height\":100},{\"@type\":\"WebPage\",\"@id\":\"https:\/\/multihoster.org\/nl\/webshare\/#webpage\",\"url\":\"https:\/\/multihoster.org\/nl\/webshare\/\",\"name\":\"WebShare Premium Account: De Filehoster In Een Oogopslag\",\"isPartOf\":{\"@id\":\"https:\/\/multihoster.org\/#website\"},\"primaryImageOfPage\":{\"@id\":\"https:\/\/multihoster.org\/nl\/webshare\/#primaryimage\"},\"datePublished\":\"2020-04-07T10:34:18+00:00\",\"dateModified\":\"2020-05-29T13:36:24+00:00\",\"description\":\"Is WebShare een gerenommeerde aanbieder of niet, dan kunt u het antwoord vinden in de huidige test op Multihoster.org \u279c. Klik nu op \u271a om onze ervaringen te lezen!\",\"breadcrumb\":{\"@id\":\"https:\/\/multihoster.org\/nl\/webshare\/#breadcrumb\"},\"inLanguage\":\"nl\",\"potentialAction\":[{\"@type\":\"ReadAction\",\"target\":[\"https:\/\/multihoster.org\/nl\/webshare\/\"]}]},{\"@type\":\"BreadcrumbList\",\"@id\":\"https:\/\/multihoster.org\/nl\/webshare\/#breadcrumb\",\"itemListElement\":[{\"@type\":\"ListItem\",\"position\":1,\"name\":\"Startseite\",\"item\":\"https:\/\/multihoster.org\/nl\/\"},{\"@type\":\"ListItem\",\"position\":2,\"name\":\"WebShare Premium Account: De Filehoster In Een Oogopslag\"}]}]}<\/script>\n<!-- \/ Yoast SEO plugin. -->","yoast_head_json":{"title":"WebShare Premium Account: De Filehoster In Een Oogopslag","description":"Is WebShare een gerenommeerde aanbieder of niet, dan kunt u het antwoord vinden in de huidige test op Multihoster.org \u279c. Klik nu op \u271a om onze ervaringen te lezen!","robots":{"index":"index","follow":"follow","max-snippet":"max-snippet:-1","max-image-preview":"max-image-preview:large","max-video-preview":"max-video-preview:-1"},"canonical":"https:\/\/multihoster.org\/nl\/webshare\/","og_locale":"nl_NL","og_type":"article","og_title":"WebShare Premium Account: De Filehoster In Een Oogopslag","og_description":"Is WebShare een gerenommeerde aanbieder of niet, dan kunt u het antwoord vinden in de huidige test op Multihoster.org \u279c. Klik nu op \u271a om onze ervaringen te lezen!","og_url":"https:\/\/multihoster.org\/nl\/webshare\/","og_site_name":"Multihoster.org","article_modified_time":"2020-05-29T13:36:24+00:00","og_image":[{"url":"https:\/\/multihoster.org\/wp-content\/uploads\/2020\/04\/webshare.png"}],"twitter_card":"summary","twitter_misc":{"Geschatte leestijd":"8 minuten"},"schema":{"@context":"https:\/\/schema.org","@graph":[{"@type":"WebSite","@id":"https:\/\/multihoster.org\/#website","url":"https:\/\/multihoster.org\/","name":"Multihoster.org","description":"Reviews of the major Filehosting services","potentialAction":[{"@type":"SearchAction","target":{"@type":"EntryPoint","urlTemplate":"https:\/\/multihoster.org\/?s={search_term_string}"},"query-input":"required name=search_term_string"}],"inLanguage":"nl"},{"@type":"ImageObject","@id":"https:\/\/multihoster.org\/nl\/webshare\/#primaryimage","inLanguage":"nl","url":"https:\/\/multihoster.org\/wp-content\/uploads\/2020\/04\/webshare.png","contentUrl":"https:\/\/multihoster.org\/wp-content\/uploads\/2020\/04\/webshare.png","width":337,"height":100},{"@type":"WebPage","@id":"https:\/\/multihoster.org\/nl\/webshare\/#webpage","url":"https:\/\/multihoster.org\/nl\/webshare\/","name":"WebShare Premium Account: De Filehoster In Een Oogopslag","isPartOf":{"@id":"https:\/\/multihoster.org\/#website"},"primaryImageOfPage":{"@id":"https:\/\/multihoster.org\/nl\/webshare\/#primaryimage"},"datePublished":"2020-04-07T10:34:18+00:00","dateModified":"2020-05-29T13:36:24+00:00","description":"Is WebShare een gerenommeerde aanbieder of niet, dan kunt u het antwoord vinden in de huidige test op Multihoster.org \u279c. Klik nu op \u271a om onze ervaringen te lezen!","breadcrumb":{"@id":"https:\/\/multihoster.org\/nl\/webshare\/#breadcrumb"},"inLanguage":"nl","potentialAction":[{"@type":"ReadAction","target":["https:\/\/multihoster.org\/nl\/webshare\/"]}]},{"@type":"BreadcrumbList","@id":"https:\/\/multihoster.org\/nl\/webshare\/#breadcrumb","itemListElement":[{"@type":"ListItem","position":1,"name":"Startseite","item":"https:\/\/multihoster.org\/nl\/"},{"@type":"ListItem","position":2,"name":"WebShare Premium Account: De Filehoster In Een Oogopslag"}]}]}},"_links":{"self":[{"href":"https:\/\/multihoster.org\/nl\/wp-json\/wp\/v2\/pages\/3136"}],"collection":[{"href":"https:\/\/multihoster.org\/nl\/wp-json\/wp\/v2\/pages"}],"about":[{"href":"https:\/\/multihoster.org\/nl\/wp-json\/wp\/v2\/types\/page"}],"author":[{"embeddable":true,"href":"https:\/\/multihoster.org\/nl\/wp-json\/wp\/v2\/users\/2"}],"replies":[{"embeddable":true,"href":"https:\/\/multihoster.org\/nl\/wp-json\/wp\/v2\/comments?post=3136"}],"version-history":[{"count":6,"href":"https:\/\/multihoster.org\/nl\/wp-json\/wp\/v2\/pages\/3136\/revisions"}],"predecessor-version":[{"id":4545,"href":"https:\/\/multihoster.org\/nl\/wp-json\/wp\/v2\/pages\/3136\/revisions\/4545"}],"wp:attachment":[{"href":"https:\/\/multihoster.org\/nl\/wp-json\/wp\/v2\/media?parent=3136"}],"curies":[{"name":"wp","href":"https:\/\/api.w.org\/{rel}","templated":true}]}}