{"id":4192,"date":"2020-04-22T09:42:02","date_gmt":"2020-04-22T09:42:02","guid":{"rendered":"https:\/\/multihoster.org\/easybytez-2\/"},"modified":"2020-04-22T10:00:29","modified_gmt":"2020-04-22T10:00:29","slug":"easybytez-2","status":"publish","type":"page","link":"https:\/\/multihoster.org\/nl\/easybytez-2\/","title":{"rendered":"Easybytez Premium Account: De Filehoster In Een Oogopslag"},"content":{"rendered":"\n<figure class=\"wp-block-image\"><img src=\"https:\/\/lh3.googleusercontent.com\/7sfcXzV_u2BPeouW-wuBjXqm-MqY932QRkL-JyOSuK8zPkTenI_E2y9N1CSskXlVvXUk4p9xSKJGO8Sf6Ih44wVJ_hMs6n57ybNKpCeG-IQrrKkupcu--8JouUcWxCYFXSUN36E\" alt=\"Easybytez logo\"\/><\/figure>\n\n\n\n<p>Easybytez is een bestandshostingprovider die altijd en overal downloads en uploads van bestanden aanbiedt. Veel bestandstypen worden ondersteund voor het uploaden van foto&#8217;s, video&#8217;s, documenten en gearchiveerde bestanden. In tegenstelling tot andere, duurdere, complexe en gecompliceerde file hosters, doet Easybytez zijn naam eer aan door eenvoudige en eersteklas file hosting op het puntje van je vingers te brengen.  Het is gratis om bestanden te uploaden en te downloaden van Easybytez, maar als u de premium account service van Easybytez wilt ervaren en wilt profiteren van de functies die het biedt, is het registreren voor een premium account zeer eenvoudig. Vanaf slechts $3,99 kunt u 7 dagen lang optimaal gebruik maken van het premium account van Easybytez. U kunt bestanden downloaden van meerdere hosts, onbeperkte opslagtijd hebben voor uw bestanden, downloads pauzeren en hervatten, een reclamevrij dashboard en captcha&#8217;s overslaan. Wat Easybytez&#8217;s premium account onderscheidt van andere websites is dat u van dit alles kunt profiteren zonder u zorgen te maken over de veiligheid en bescherming van uw bestanden. Vergeleken met de meeste populaire file hosting providers op het internet, is Easybytez&#8217;s dienst goedkoper met een enorme marge en biedt bijna dezelfde functies te vinden op die websites.<\/p>\n\n\n<a class=\"maxbutton-2 maxbutton maxbutton-cta\" target=\"_blank\" rel=\"nofollow noopener\" href=\"\/go\/\"><span class='mb-text'>&gt;&gt; Ga naar de Originele Linkifier Website<\/span><\/a>\n\n\n<p><\/p>\n\n\n\n<h2>DE KENMERKEN VAN EASYBYTEZ PREMIUM ACCOUNT<\/h2>\n\n\n\n<h3>GEBRUIKSVRIENDELIJKE INTERFACE<\/h3>\n\n\n\n<p>Met een gebruiksvriendelijke en begrijpelijke gebruikersinterface is het uploaden en downloaden van uw bestanden naar Easybyte&#8217;s<a rel=\"noreferrer noopener\" aria-label=\" cloud-opslag (opens in a new tab)\" href=\"https:\/\/www.techopedia.com\/definition\/26535\/cloud-storage\" target=\"_blank\"> cloud-opslag<\/a> gemakkelijk gemaakt.  Met een premium account kunt u snel en eenvoudig uploaden en downloaden, zonder het gedoe van verschillende links of vervelende advertenties. Om een bestand te uploaden, kunt u uw bestanden verslepen naar uw browser en het uploaden zal automatisch starten. Met \u00e9\u00e9n muisklik kunt u uw eigen bestanden downloaden, die u eenvoudig via uw profiel kunt benaderen. U kunt deze link delen met iedereen die u wilt, maar ze hebben beperkte tijd om te downloaden en toegang tot uw bestand voordat de link verdwijnt en u een andere moet genereren. U kunt uw ge\u00fcploade bestanden ook eenvoudig sorteren en organiseren op categorie\u00ebn zoals bestandsgrootte, uploaddatum of bestandstype, waardoor u de tijd die nodig is om naar een bepaald bestand te zoeken tot een minimum beperkt. De website van Easybytez is gemakkelijk toegankelijk voor iedereen, zolang ze maar met het internet verbonden zijn via hun pc of mobiele apparaten. Wanneer u bijvoorbeeld een bestand van uw pc thuis naar een ander apparaat op het werk moet overbrengen, kunt u het thuis gewoon uploaden en het bestand gemakkelijk openen en met een paar eenvoudige klikken downloaden van een andere computer.<\/p>\n\n\n\n<h3>ONBEPERKTE OPSLAGDUUR VAN BESTANDEN<\/h3>\n\n\n\n<p>Met een gratis account worden de door u ge\u00fcploade bestanden tot zeven dagen lang op de servers opgeslagen, waarna ze voor altijd worden verwijderd. Als u echter werkt met grote bestanden die moeten worden opgeslagen of op afstand een back-up moet maken voor langere tijd, dan kunt u met een premium account gebruik maken van Easybytez&#8217;s cloud storage servers als een secundaire back-up voor deze bestanden. Bedrijven en kleine bedrijven die op zoek zijn naar een externe back-up voor hun kritische bestanden kunnen het meest profiteren van deze functies. Het hebben van een betrouwbare back-upopslagoplossing is tegenwoordig noodzakelijk. Wanneer u per ongeluk een belangrijk bestand op uw computer of apparaat hebt verwijderd, kunt u het eenvoudig openen en herstellen van de cloudservers. U kunt er zeker van zijn dat de bestanden die u hebt ge\u00fcpload nooit worden verwijderd en altijd beveiligd zijn zolang u minstens \u00e9\u00e9n keer per 30 dagen inlogt op uw premium account.<\/p>\n\n\n\n<h3>MAXIMALE UPLOAD- EN DOWNLOADSNELHEDEN<\/h3>\n\n\n\n<p>Er zijn ook maximale downloadsnelheden beschikbaar voor premium accounts om een snelle overdracht van bestanden zoals documenten, foto&#8217;s of video&#8217;s te garanderen. Premium-accounts hebben ook recht op voorrang bij het downloaden van een bestand. U hoeft nooit te wachten met het downloaden van de bestanden die u nodig heeft en alles kan met \u00e9\u00e9n enkele klik worden gedaan, terwijl gratis gebruikers beperkingen hebben zoals het hebben van slechts 1 bestand downloaden op een bepaald moment. Maximale bestandsoverdrachtssnelheden zijn ook inbegrepen in het premium account, zodat u meer bestanden kunt uploaden in een korte periode van tijd. Het gebruik van <a rel=\"noreferrer noopener\" aria-label=\"downloadmanagers  (opens in a new tab)\" href=\"https:\/\/encyclopedia2.thefreedictionary.com\/download+manager\" target=\"_blank\">downloadmanagers <\/a>is ook toegestaan voor premium gebruikers om ervoor te zorgen dat u de maximale snelheid gebruikt die door uw serviceprovider wordt geboden en het stelt u in staat om uw downloads te organiseren op een manier die voor u geschikt is. Gratis gebruikers kunnen slechts 1 bestand tegelijk uploaden met een limiet van 200mb per bestand, terwijl premium gebruikers meerdere bestanden tegelijk kunnen uploaden, met een maximale uploadgrootte van 5gb per bestand.<\/p>\n\n\n\n<h3>MEERDERE DOWNLOADS EN HERVATTING VAN DE DOWNLOADS<\/h3>\n\n\n\n<p>Easybytez premium account gebruikers kunnen meerdere bestanden tegelijk downloaden. Zonder te hoeven wachten tot het downloaden van een bestand voltooid is, kunt u beginnen met het downloaden van grote bestanden en direct een andere downloaden. Dit bespaart u tijd als u grote bestanden downloadt, zoals video&#8217;s die in meerdere bestanden zijn gesplitst. Hervatting van het downloaden is ook toegestaan als u een premium abonnement heeft. Als u het downloaden van een bestand moet onderbreken, zal het de volgende keer dat u het downloaden van het bestand hervat, beginnen waar u het hebt achtergelaten, zelfs als u uw computer hebt uitgeschakeld en uw browser hebt afgesloten. Het gemak van het hervatten van het downloaden van bestanden staat tot uw beschikking wanneer u gebruik maakt van Easybyte&#8217;s premium account. Tot 5 GB per bestand kan worden ge\u00fcpload door premium account gebruikers, en deze kunnen voor onbepaalde tijd worden opgeslagen in de Easybytez cloud servers.<\/p>\n\n\n<a class=\"maxbutton-2 maxbutton maxbutton-cta\" target=\"_blank\" rel=\"nofollow noopener\" href=\"\/go\/\"><span class='mb-text'>&gt;&gt; Ga naar de Originele Linkifier Website<\/span><\/a>\n\n\n<p><\/p>\n\n\n\n<h3>RECLAME- EN CAPTCHA-VRIJE INTERFACE<\/h3>\n\n\n\n<p>De meeste websites hebben advertenties ter ondersteuning van de financiering ervan om deze in stand te houden. <a rel=\"noreferrer noopener\" aria-label=\"CAPTCHA's  (opens in a new tab)\" href=\"https:\/\/techterms.com\/definition\/captcha\" target=\"_blank\">CAPTCHA&#8217;s <\/a>zijn ge\u00efmplementeerd om te voorkomen dat bots de downloads en uploads van inhoud naar de servers spammen. Premium account gebruikers hebben het privilege van een advertentievrije interface en hoeven geen captcha&#8217;s te beantwoorden om te beginnen met het uploaden of downloaden van bestanden. Dit zorgt ervoor dat vrije gebruikers de <a rel=\"noreferrer noopener\" aria-label=\"bandbreedte  (opens in a new tab)\" href=\"https:\/\/techterms.com\/definition\/bandwidth\" target=\"_blank\">bandbreedte <\/a>mogelijkheden van de server niet verstoren en overbelasten en geeft premium accounts de prioriteit als het gaat om het downloaden van bestanden.<\/p>\n\n\n\n<h3>GOEDKOPE EN TOCH VEILIGE BESTANDSHOSTING<\/h3>\n\n\n\n<p>Wachtwoorden kunnen worden gebruikt om uw persoonlijke bestanden zoals foto&#8217;s en video&#8217;s te beschermen. Andere gebruikers kunnen bestanden van iedereen over de hele wereld zoeken en downloaden en door een veilig wachtwoord op uw bestanden te zetten, kunnen ze deze niet downloaden zonder uw wachtwoord en uw toestemming. Bij het uploaden en downloaden van bestanden worden uitgebreide beveiligingsmethoden gebruikt om onnodig en opdringerig gedrag te voorkomen. In het geval van een onbekende toegang tot uw account, (zoals toegang vanaf een apparaat dat u gewoonlijk niet gebruikt of vanaf een onherkenbaar IP-adres) wordt er een bevestigingsmail naar u gestuurd om uw identiteit te bevestigen.<\/p>\n\n\n\n<p>Geen enkele andere file hosting service komt in de buurt van EasyBytez&#8217;s premium account functies. Flexibele betalingsmethoden zijn beschikbaar als u gebruik maakt van een premium account. Vanaf $3,99 kunt u gebruik maken van alle voordelen van een premium account voor 7 dagen. Door uw abonnement te verlengen krijgt u een korting en door gebruik te maken van een langere premium accountduur geniet u van kortingen tot 25%. De betaling van de EasyBytez-premie is veilig en direct. De meeste creditcards zoals Mastercard, Visa, Citibank of American Express worden geaccepteerd op de betaalpagina. Er zijn ook verschillende betalingsproviders beschikbaar op de website, mocht u deze handiger vinden dan de traditionele betaalmethoden. De betaling op de website van Easybytez is snel en veilig.<\/p>\n\n\n\n<h2>GRATIS ACCOUNT VERSUS EEN PREMIUM ACCOUNT<\/h2>\n\n\n\n<figure class=\"wp-block-table\"><table class=\"\"><tbody><tr><td>KENMERKEN<\/td><td>GRATIS<\/td><td>PREMIUM<\/td><\/tr><tr><td>DOWNLOAD SNELHEID<\/td><td>300Kb\/s<\/td><td>ONBEPERKT<\/td><\/tr><tr><td>BANDBREEDTE<\/td><td>BEPERKT<\/td><td>MAXIMUM<\/td><\/tr><tr><td>ADVERTENTIES EN CAPTCHA<\/td><td>JA<\/td><td>NEE<\/td><\/tr><tr><td>AANTAL BESTANDEN PER DOWNLOAD<\/td><td>1 OP EEN TIJD<\/td><td>5 BESTANDEN OPWAARDEREN<\/td><\/tr><tr><td>DOWNLOADCAPACITEIT<\/td><td>1 GB\/UUR<\/td><td>ONBEPERKT<\/td><\/tr><tr><td>MAXIMALE BESTANDSGROOTTE VOOR HET UPLOADEN<\/td><td>200MB<\/td><td>5GB<\/td><\/tr><tr><td>HERVATTING VAN DE DOWNLOADS<\/td><td>NEE<\/td><td>ALLOWED<\/td><\/tr><tr><td>ONDERSTEUNING VOOR DOWNLOADMANAGERS<\/td><td>NEE<\/td><td>JA<\/td><\/tr><tr><td>DIRECTE DOWNLOADS<\/td><td>NEE<\/td><td>JA<\/td><\/tr><\/tbody><\/table><\/figure>\n\n\n\n<h2>HET GEBRUIK VAN EEN PREMIUM ACCOUNT IS EENVOUDIG<\/h2>\n\n\n\n<p>Het is gemakkelijk om gebruik te maken van een premium account als u ervoor kiest om dit te doen. Op de website van Easybytez klikt u gewoon op de PREMIUM tab die u boven aan de webpagina kunt vinden. Dit brengt u naar de registratiepagina. Vul de nodige en belangrijke informatie in, kies de duur van uw abonnement en de betalingsmodaliteiten worden voor u voorzien. Er wordt u ook een e-mail gestuurd ter bevestiging van uw inschrijving, samen met uw accountgegevens. <\/p>\n\n\n\n<figure class=\"wp-block-image\"><img src=\"https:\/\/lh6.googleusercontent.com\/XbpNEtdZIwyLYqDb6VDaBfktDsH_4QFTTdxK_4JYpbvaryOdF2KqUAK-mJm6sfLFfUWbYCA6ESdCTpwelxYWwg-yFOp_ZxStE14vbCRgj9fgS39BWocuoHNxqQ6zg72MQWdCtR4\" alt=\"Easybytez premium account link\"\/><\/figure>\n\n\n\n<figure class=\"wp-block-image\"><img src=\"https:\/\/lh5.googleusercontent.com\/w3uqvoyy9XNtC6Gd_seRXm2oGWEmKi9Mgm6elv3umo3eQ21EWsymgjp7gS_iNMI6MmNeKs1TVuH51iGm-5J8wp2fZe_1xg9jIoQedv6-J-ef4xSrfmIu3ZaBJS4TGozQnE8Tqic\" alt=\"Easybytez user registration form\"\/><\/figure>\n\n\n\n<p>Betaling met creditcard wordt geadviseerd omdat het snel en veilig is en de betaling meestal direct plaatsvindt. Als u echter geen creditcard heeft, wordt ook betaling via Paypal geadviseerd. De betalingsmethoden en abonnementsplannen staan hieronder vermeld.<\/p>\n\n\n\n<figure class=\"wp-block-table\"><table class=\"\"><tbody><tr><td>7 dagen premie<\/td><td>30 dagen premie<\/td><td>90 dagen premie<\/td><td>180 dagen premie<\/td><td>365 dagen premie<\/td><\/tr><tr><td>$3.99<\/td><td>$7.99<\/td><td>$17.99<\/td><td>$29.99<\/td><td>$54.99<\/td><\/tr><\/tbody><\/table><\/figure>\n\n\n\n<figure class=\"wp-block-image\"><img src=\"https:\/\/lh6.googleusercontent.com\/2cW4_B8fAFVEit8qPeWTkTYLv4VYbm0HSLnm24RPfRMPZE0-CoeF2ejrZosb5aF8Hp2KpD2A4cVupO70JC4qqYKNHpEjXqRR-Zwi1DlPI7vLdXl19eGEocdHHKHH5q2xjL_Mtek\" alt=\"Easybytez payment methods\"\/><\/figure>\n\n\n\n<h2>IS EASYBYTEZ VEILIG?<\/h2>\n\n\n\n<p>Easybytez zorgt ervoor dat alle informatie die door hun gebruikers wordt gedeeld, zoals creditcardgegevens of uw e-mailadres, veilig is. Alle informatie die zij in hun bezit hebben, wordt nooit met iemand gedeeld. Zelfs de bestanden die u hebt ge\u00fcpload zijn beveiligd en beschermd tegen hackers die proberen toegang te krijgen tot uw bestanden zonder uw toestemming. Geavanceerde bestandsversleuteling en beveiligingsprotocollen zijn ge\u00efmplementeerd om u en de privacy van uw bestanden te beschermen. Hoewel het is toegestaan om elk bestand naar de servers te uploaden, wordt een eerste scan voor bestanden gestart om malware of verdachte activiteiten op te sporen.  Er wordt ook voortdurend onderhoud uitgevoerd om gegevensverlies te voorkomen. Alle bestanden die worden ge\u00fcpload en opgeslagen op de servers zijn eigendom van de gebruiker en Easybytez bemoeit zich er op geen enkele manier mee. U kunt er altijd op vertrouwen dat de beveiligingsmethoden van Easybytez worden ge\u00efmplementeerd om tijd en kosten te besparen voor uw back-up en online opslagbehoeften.<\/p>\n\n\n<a class=\"maxbutton-2 maxbutton maxbutton-cta\" target=\"_blank\" rel=\"nofollow noopener\" href=\"\/go\/\"><span class='mb-text'>&gt;&gt; Ga naar de Originele Linkifier Website<\/span><\/a>\n\n\n<p><\/p>\n","protected":false},"excerpt":{"rendered":"<p>Easybytez is een bestandshostingprovider die altijd en overal downloads en uploads van bestanden aanbiedt. Veel bestandstypen worden ondersteund voor het<\/p>\n","protected":false},"author":2,"featured_media":0,"parent":0,"menu_order":0,"comment_status":"closed","ping_status":"closed","template":"","meta":[],"yoast_head":"<!-- This site is optimized with the Yoast SEO plugin v18.3 - https:\/\/yoast.com\/wordpress\/plugins\/seo\/ -->\n<title>Easybytez Premium Account: De Filehoster In Een Oogopslag<\/title>\n<meta name=\"description\" content=\"Is Easybytez een gerenommeerde aanbieder of niet, het antwoord kunt u vinden in de huidige test op Multihoster.org \u279c Klik nu op \u271a om onze ervaringen te lezen!\" \/>\n<meta name=\"robots\" content=\"index, follow, max-snippet:-1, max-image-preview:large, max-video-preview:-1\" \/>\n<link rel=\"canonical\" href=\"https:\/\/multihoster.org\/nl\/easybytez-2\/\" \/>\n<meta property=\"og:locale\" content=\"nl_NL\" \/>\n<meta property=\"og:type\" content=\"article\" \/>\n<meta property=\"og:title\" content=\"Easybytez Premium Account: De Filehoster In Een Oogopslag\" \/>\n<meta property=\"og:description\" content=\"Is Easybytez een gerenommeerde aanbieder of niet, het antwoord kunt u vinden in de huidige test op Multihoster.org \u279c Klik nu op \u271a om onze ervaringen te lezen!\" \/>\n<meta property=\"og:url\" content=\"https:\/\/multihoster.org\/nl\/easybytez-2\/\" \/>\n<meta property=\"og:site_name\" content=\"Multihoster.org\" \/>\n<meta property=\"article:modified_time\" content=\"2020-04-22T10:00:29+00:00\" \/>\n<meta property=\"og:image\" content=\"https:\/\/lh3.googleusercontent.com\/7sfcXzV_u2BPeouW-wuBjXqm-MqY932QRkL-JyOSuK8zPkTenI_E2y9N1CSskXlVvXUk4p9xSKJGO8Sf6Ih44wVJ_hMs6n57ybNKpCeG-IQrrKkupcu--8JouUcWxCYFXSUN36E\" \/>\n<meta name=\"twitter:card\" content=\"summary\" \/>\n<meta name=\"twitter:label1\" content=\"Geschatte leestijd\" \/>\n\t<meta name=\"twitter:data1\" content=\"8 minuten\" \/>\n<script type=\"application\/ld+json\" class=\"yoast-schema-graph\">{\"@context\":\"https:\/\/schema.org\",\"@graph\":[{\"@type\":\"WebSite\",\"@id\":\"https:\/\/multihoster.org\/#website\",\"url\":\"https:\/\/multihoster.org\/\",\"name\":\"Multihoster.org\",\"description\":\"Reviews of the major Filehosting services\",\"potentialAction\":[{\"@type\":\"SearchAction\",\"target\":{\"@type\":\"EntryPoint\",\"urlTemplate\":\"https:\/\/multihoster.org\/?s={search_term_string}\"},\"query-input\":\"required name=search_term_string\"}],\"inLanguage\":\"nl\"},{\"@type\":\"ImageObject\",\"@id\":\"https:\/\/multihoster.org\/nl\/easybytez-2\/#primaryimage\",\"inLanguage\":\"nl\",\"url\":\"https:\/\/lh3.googleusercontent.com\/7sfcXzV_u2BPeouW-wuBjXqm-MqY932QRkL-JyOSuK8zPkTenI_E2y9N1CSskXlVvXUk4p9xSKJGO8Sf6Ih44wVJ_hMs6n57ybNKpCeG-IQrrKkupcu--8JouUcWxCYFXSUN36E\",\"contentUrl\":\"https:\/\/lh3.googleusercontent.com\/7sfcXzV_u2BPeouW-wuBjXqm-MqY932QRkL-JyOSuK8zPkTenI_E2y9N1CSskXlVvXUk4p9xSKJGO8Sf6Ih44wVJ_hMs6n57ybNKpCeG-IQrrKkupcu--8JouUcWxCYFXSUN36E\"},{\"@type\":\"WebPage\",\"@id\":\"https:\/\/multihoster.org\/nl\/easybytez-2\/#webpage\",\"url\":\"https:\/\/multihoster.org\/nl\/easybytez-2\/\",\"name\":\"Easybytez Premium Account: De Filehoster In Een Oogopslag\",\"isPartOf\":{\"@id\":\"https:\/\/multihoster.org\/#website\"},\"primaryImageOfPage\":{\"@id\":\"https:\/\/multihoster.org\/nl\/easybytez-2\/#primaryimage\"},\"datePublished\":\"2020-04-22T09:42:02+00:00\",\"dateModified\":\"2020-04-22T10:00:29+00:00\",\"description\":\"Is Easybytez een gerenommeerde aanbieder of niet, het antwoord kunt u vinden in de huidige test op Multihoster.org \u279c Klik nu op \u271a om onze ervaringen te lezen!\",\"breadcrumb\":{\"@id\":\"https:\/\/multihoster.org\/nl\/easybytez-2\/#breadcrumb\"},\"inLanguage\":\"nl\",\"potentialAction\":[{\"@type\":\"ReadAction\",\"target\":[\"https:\/\/multihoster.org\/nl\/easybytez-2\/\"]}]},{\"@type\":\"BreadcrumbList\",\"@id\":\"https:\/\/multihoster.org\/nl\/easybytez-2\/#breadcrumb\",\"itemListElement\":[{\"@type\":\"ListItem\",\"position\":1,\"name\":\"Startseite\",\"item\":\"https:\/\/multihoster.org\/nl\/\"},{\"@type\":\"ListItem\",\"position\":2,\"name\":\"Easybytez Premium Account: De Filehoster In Een Oogopslag\"}]}]}<\/script>\n<!-- \/ Yoast SEO plugin. -->","yoast_head_json":{"title":"Easybytez Premium Account: De Filehoster In Een Oogopslag","description":"Is Easybytez een gerenommeerde aanbieder of niet, het antwoord kunt u vinden in de huidige test op Multihoster.org \u279c Klik nu op \u271a om onze ervaringen te lezen!","robots":{"index":"index","follow":"follow","max-snippet":"max-snippet:-1","max-image-preview":"max-image-preview:large","max-video-preview":"max-video-preview:-1"},"canonical":"https:\/\/multihoster.org\/nl\/easybytez-2\/","og_locale":"nl_NL","og_type":"article","og_title":"Easybytez Premium Account: De Filehoster In Een Oogopslag","og_description":"Is Easybytez een gerenommeerde aanbieder of niet, het antwoord kunt u vinden in de huidige test op Multihoster.org \u279c Klik nu op \u271a om onze ervaringen te lezen!","og_url":"https:\/\/multihoster.org\/nl\/easybytez-2\/","og_site_name":"Multihoster.org","article_modified_time":"2020-04-22T10:00:29+00:00","og_image":[{"url":"https:\/\/lh3.googleusercontent.com\/7sfcXzV_u2BPeouW-wuBjXqm-MqY932QRkL-JyOSuK8zPkTenI_E2y9N1CSskXlVvXUk4p9xSKJGO8Sf6Ih44wVJ_hMs6n57ybNKpCeG-IQrrKkupcu--8JouUcWxCYFXSUN36E"}],"twitter_card":"summary","twitter_misc":{"Geschatte leestijd":"8 minuten"},"schema":{"@context":"https:\/\/schema.org","@graph":[{"@type":"WebSite","@id":"https:\/\/multihoster.org\/#website","url":"https:\/\/multihoster.org\/","name":"Multihoster.org","description":"Reviews of the major Filehosting services","potentialAction":[{"@type":"SearchAction","target":{"@type":"EntryPoint","urlTemplate":"https:\/\/multihoster.org\/?s={search_term_string}"},"query-input":"required name=search_term_string"}],"inLanguage":"nl"},{"@type":"ImageObject","@id":"https:\/\/multihoster.org\/nl\/easybytez-2\/#primaryimage","inLanguage":"nl","url":"https:\/\/lh3.googleusercontent.com\/7sfcXzV_u2BPeouW-wuBjXqm-MqY932QRkL-JyOSuK8zPkTenI_E2y9N1CSskXlVvXUk4p9xSKJGO8Sf6Ih44wVJ_hMs6n57ybNKpCeG-IQrrKkupcu--8JouUcWxCYFXSUN36E","contentUrl":"https:\/\/lh3.googleusercontent.com\/7sfcXzV_u2BPeouW-wuBjXqm-MqY932QRkL-JyOSuK8zPkTenI_E2y9N1CSskXlVvXUk4p9xSKJGO8Sf6Ih44wVJ_hMs6n57ybNKpCeG-IQrrKkupcu--8JouUcWxCYFXSUN36E"},{"@type":"WebPage","@id":"https:\/\/multihoster.org\/nl\/easybytez-2\/#webpage","url":"https:\/\/multihoster.org\/nl\/easybytez-2\/","name":"Easybytez Premium Account: De Filehoster In Een Oogopslag","isPartOf":{"@id":"https:\/\/multihoster.org\/#website"},"primaryImageOfPage":{"@id":"https:\/\/multihoster.org\/nl\/easybytez-2\/#primaryimage"},"datePublished":"2020-04-22T09:42:02+00:00","dateModified":"2020-04-22T10:00:29+00:00","description":"Is Easybytez een gerenommeerde aanbieder of niet, het antwoord kunt u vinden in de huidige test op Multihoster.org \u279c Klik nu op \u271a om onze ervaringen te lezen!","breadcrumb":{"@id":"https:\/\/multihoster.org\/nl\/easybytez-2\/#breadcrumb"},"inLanguage":"nl","potentialAction":[{"@type":"ReadAction","target":["https:\/\/multihoster.org\/nl\/easybytez-2\/"]}]},{"@type":"BreadcrumbList","@id":"https:\/\/multihoster.org\/nl\/easybytez-2\/#breadcrumb","itemListElement":[{"@type":"ListItem","position":1,"name":"Startseite","item":"https:\/\/multihoster.org\/nl\/"},{"@type":"ListItem","position":2,"name":"Easybytez Premium Account: De Filehoster In Een Oogopslag"}]}]}},"_links":{"self":[{"href":"https:\/\/multihoster.org\/nl\/wp-json\/wp\/v2\/pages\/4192"}],"collection":[{"href":"https:\/\/multihoster.org\/nl\/wp-json\/wp\/v2\/pages"}],"about":[{"href":"https:\/\/multihoster.org\/nl\/wp-json\/wp\/v2\/types\/page"}],"author":[{"embeddable":true,"href":"https:\/\/multihoster.org\/nl\/wp-json\/wp\/v2\/users\/2"}],"replies":[{"embeddable":true,"href":"https:\/\/multihoster.org\/nl\/wp-json\/wp\/v2\/comments?post=4192"}],"version-history":[{"count":3,"href":"https:\/\/multihoster.org\/nl\/wp-json\/wp\/v2\/pages\/4192\/revisions"}],"predecessor-version":[{"id":4218,"href":"https:\/\/multihoster.org\/nl\/wp-json\/wp\/v2\/pages\/4192\/revisions\/4218"}],"wp:attachment":[{"href":"https:\/\/multihoster.org\/nl\/wp-json\/wp\/v2\/media?parent=4192"}],"curies":[{"name":"wp","href":"https:\/\/api.w.org\/{rel}","templated":true}]}}