{"id":433,"date":"2018-05-22T16:41:46","date_gmt":"2018-05-22T16:41:46","guid":{"rendered":"https:\/\/multihoster.org\/?page_id=433"},"modified":"2018-09-12T06:45:56","modified_gmt":"2018-09-12T06:45:56","slug":"smoozed","status":"publish","type":"page","link":"https:\/\/multihoster.org\/nl\/smoozed\/","title":{"rendered":"Smoozed ervaring &#8211; de Multihoster in een oogopslag"},"content":{"rendered":"<p><img loading=\"lazy\" class=\"alignleft wp-image-255\" src=\"https:\/\/multihoster.org\/wp-content\/uploads\/2018\/05\/smoozed_logo.jpg\" alt=\"logo\" width=\"269\" height=\"124\" srcset=\"https:\/\/multihoster.org\/wp-content\/uploads\/2018\/05\/smoozed_logo.jpg 574w, https:\/\/multihoster.org\/wp-content\/uploads\/2018\/05\/smoozed_logo-300x138.jpg 300w\" sizes=\"(max-width: 269px) 100vw, 269px\" \/>Smoozed omschrijft zichzelf als een jong, opkomend bedrijf met een interessant aanbod van verschillende intermediaire diensten. Naast het hosten van bestanden omvat dit ook de toegang tot een VPN-server. Wij stellen u graag de hoster Smoozed voor en delen met u onze ervaring en kennis op het gebied van diensten, betaalmogelijkheden, de hosterlijst en nog veel meer.<\/p>\n<p class=\"normal\"><span lang=\"de\">De hoster Smoozed plaatst de volgende drie waarden op de voorgrond van de bedrijfsfilosofie:<\/span><\/p>\n<ul>\n<li>echt veilig priv\u00e9<\/li>\n<li>onberispelijk<\/li>\n<li>volledige kostenbeheersing<\/li>\n<\/ul>\n\n<p><a class=\"fasc-button fasc-size-xlarge fasc-type-glossy fasc-rounded-medium ico-fa fasc-ico-after fa-share\" style=\"background-color: #43585e; color: #ffffff;\" rel=\"nofollow\" href=\"https:\/\/multihoster.org\/smoozed\/goto\/\">Ga naar Smoozed.com<\/a><\/p>\n<h2>Positieve eigenschappen van de leverancier<\/h2>\n<ul>\n<li>grote selectie aan filehosters<\/li>\n<li>gunstig jaarlijks tarief<\/li>\n<li>meer dan 40 bestandhosters toegankelijk<\/li>\n<li>Klantenservice in het Duits en Engels<\/li>\n<li>Aantrekkelijke verdienmogelijkheden<\/li>\n<\/ul>\n<h2><span lang=\"de\">Het volledige Smoozed-assortiment in \u00e9\u00e9n oogopslag<br \/>\n<\/span><\/h2>\n<p class=\"normal\"><span lang=\"de\">Smoozed biedt u in totaal drie verschillende tarieven, die allemaal hetzelfde aanbod van diensten, alleen de duur van het tarief varieert van abonnement tot abonnement. Het Basic tarief is 30 dagen geldig, het Advanced tarief 6 maanden en het Ultra tarief 12 maanden.<br \/>\n<\/span><\/p>\n<h2><span lang=\"de\">Bonusaanbiedingen<br \/>\n<\/span><\/h2>\n<p class=\"normal\"><span lang=\"de\">Een interessant bonusaanbod van Smoozed is de Smoozed Addon voor de Google Chrome Browser, waarmee snelheidsbeperkingen en wachttijden op vrij toegankelijke websites kunnen worden vermeden.<br \/>\n<\/span><\/p>\n<p class=\"normal\"><span lang=\"de\">Net als veel andere aanbieders biedt Smoozed een aantrekkelijk bonusprogramma waarmee je meer kunt verdienen dan alleen een klein zakgeld, afhankelijk van je tijd en motivatie. Wie als Smoozed-klant iemand weet te winnen, krijgt bij de eerste verkoop een volledige provisie van 40 procent &#8211; bovendien worden alle volgende bestellingen ook nog eens vergoed met een provisie van 30 procent. Door zoveel mogelijk spiegels in te leveren is het ook mogelijk om de PPV-vergoeding te maximaliseren.<\/span><\/p>\n<p>In tegenstelling tot sommige andere aanbieders die alleen voor bepaalde betaalmethoden provisie betalen, ontvangt u altijd een provisie van Smoozed, hoe de klant ook betaalt. Het verdiende geld wordt meestal uitbetaald binnen 24 uur nadat de bestelling is geplaatst door middel van een van de volgende betalingsmethoden:<\/p>\n<ul>\n<li>Bitcoin<\/li>\n<li>Bank<\/li>\n<li>Webmoney<\/li>\n<\/ul>\n<h2><span lang=\"de\">Kosten en betaalmogelijkheden<br \/>\n<\/span><\/h2>\n<p><img loading=\"lazy\" class=\"alignnone wp-image-258 size-full\" src=\"https:\/\/multihoster.org\/wp-content\/uploads\/2018\/05\/cost_of_smoozed.jpg\" alt=\"koersen\" width=\"1228\" height=\"536\" srcset=\"https:\/\/multihoster.org\/wp-content\/uploads\/2018\/05\/cost_of_smoozed.jpg 1228w, https:\/\/multihoster.org\/wp-content\/uploads\/2018\/05\/cost_of_smoozed-300x131.jpg 300w, https:\/\/multihoster.org\/wp-content\/uploads\/2018\/05\/cost_of_smoozed-768x335.jpg 768w, https:\/\/multihoster.org\/wp-content\/uploads\/2018\/05\/cost_of_smoozed-1024x447.jpg 1024w\" sizes=\"(max-width: 1228px) 100vw, 1228px\" \/><\/p>\n<p class=\"normal\"><span lang=\"de\">Om gebruik te kunnen maken van de diensten van Smoozed kan een creditcard worden gebruikt voor betaling, maar er zijn ook andere betaalmethoden mogelijk. Hieronder vindt u alle beschikbare betaalmethoden: De anonieme betaalmethode via paysafecard is niet mogelijk bij Smoozed &#8211; als u toch anoniem wilt betalen, kunt u de valuta Bitcoin gebruiken.<br \/>\n<\/span><\/p>\n<ul>\n<li>VISA-Karte<\/li>\n<li>MasterCard<\/li>\n<li>SEPA express<\/li>\n<li>Handypay<\/li>\n<li>Bitcoin<\/li>\n<\/ul>\n<p>&nbsp;<\/p>\n\n<table id=\"tablepress-41\" class=\"tablepress tablepress-id-41\">\n<thead>\n<tr class=\"row-1 odd\">\n\t<th class=\"column-1\">BASIC<\/th><th class=\"column-2\">ADVANCED<\/th><th class=\"column-3\">ULTRA<\/th>\n<\/tr>\n<\/thead>\n<tbody class=\"row-hover\">\n<tr class=\"row-2 even\">\n\t<td class=\"column-1\">1 maand<\/td><td class=\"column-2\">6 maanden<\/td><td class=\"column-3\">12 maanden<\/td>\n<\/tr>\n<tr class=\"row-3 odd\">\n\t<td class=\"column-1\">9,95 \u20ac<\/td><td class=\"column-2\">29,99\u20ac in plaats van 49,99 \u20ac<\/td><td class=\"column-3\">39,95 \u20ac in plaats van 99,99 \u20ac<\/td>\n<\/tr>\n<tr class=\"row-4 even\">\n\t<td class=\"column-1\">Meer dan 40 bestandhosters<\/td><td class=\"column-2\">Meer dan 40 bestandhosters<\/td><td class=\"column-3\">Meer dan 40 bestandhosters<\/td>\n<\/tr>\n<tr class=\"row-5 odd\">\n\t<td class=\"column-1\">VPN-toegang<\/td><td class=\"column-2\">VPN-toegang<\/td><td class=\"column-3\">VPN-toegang<\/td>\n<\/tr>\n<\/tbody>\n<\/table>\n<!-- #tablepress-41 from cache -->\n<p><a class=\"fasc-button fasc-size-xlarge fasc-type-glossy fasc-rounded-medium ico-fa fasc-ico-after fa-share\" style=\"background-color: #43585e; color: #ffffff;\" rel=\"nofollow\" href=\"https:\/\/multihoster.org\/smoozed\/goto\/\">Ga naar Smoozed.com<\/a><\/p>\n<h2><span lang=\"de\">Privacyverklaring en gegevensbescherming<br \/>\n<\/span><\/h2>\n<p class=\"normal\"><span lang=\"de\">Als internationaal opererend multi-hosting bedrijf belooft Smoozed haar klanten uitgebreide gegevensbescherming en eenheid van privacy. Wat de opslag van gegevens betreft, worden het IP-adres, de datum, het tijdstip, de bestandsnaam en de bestandsgrootte hoofdzakelijk opgeslagen. Creditcardgegevens worden niet opgeslagen door Smoozed, maar door de betreffende betalingsdienstaanbieder.<br \/>\n<\/span><\/p>\n<h2><span lang=\"de\">Service na verkoop<br \/>\n<\/span><\/h2>\n<p class=\"normal\"><span lang=\"de\">De klantenservice van Smoozed is beschikbaar in het Engels en Duits. U kunt het contactformulier selecteren of een e-mail sturen ter ondersteuning. U vindt de manier om te ondersteunen aan de onderkant van de pagina naast het privacybeleid en de betalingsvoorwaarden en optioneel kunt u een kijkje nemen in de FAQ sectie, waar de antwoorden op veelgestelde vragen worden uitgelegd.<br \/>\n<\/span><\/p>\n<h2><span lang=\"de\">Gebruiksgemak<br \/>\n<\/span><\/h2>\n<p>De website Smoozed.net biedt de belangrijkste informatie overzichtelijk, zodat u alles in \u00e9\u00e9n oogopslag kunt zien. Op de startpagina vindt u veel informatie over de service voordat u inlogt, kunt u de redenen bekijken die voor de provider spreken en het Smoozed Premium-account bekijken. In tegenstelling tot veel andere bestand hosters, kunt u geen gratis account aanmaken met de hoster Smoozed, maar moet u een premium tarief kopen om in te loggen.<\/p>\n<p>Wie kiest voor een Smoozed Premium Account krijgt na het inloggen het accountoverzicht te zien. Hier kunt u met de functie &#8220;Mijn mappen&#8221; nieuwe mappen aanmaken voor uw ge\u00fcploade en gedownloade bestanden. De opties &#8220;Selectie wissen&#8221;, &#8220;Uitgangslinks&#8221; en &#8220;Nieuw controleren&#8221; zijn hier beschikbaar.<\/p>\n<p>Hierboven vindt u ook de secties &#8220;Instellingen&#8221;, &#8220;Overzicht Compensatie&#8221; en &#8220;Statistieken&#8221;, waar u relevante accountinformatie en de API-code kunt bekijken en wijzigen. Onder &#8220;Bezoldigingsoverzicht&#8221; kunt u zien welke provisies u ontvangt voor het adverteren van de verschillende bestandhosters. De vergoeding varieert afhankelijk van de aanbieder en het land, en u kunt ook de betaling van de commissies die u al hebt verdiend.<\/p>\n<p>De statistieken laten u toe de exacte details van de provisies te zien, met inbegrip van de datum, het bedrag van de provisie en het type vergoeding.<\/p>\n<h2><span lang=\"de\">Mobiele App<br \/>\n<\/span><\/h2>\n<p class=\"normal\"><span lang=\"de\">Er is geen app voor de smartphone van Smoozed, maar de filehoster biedt wel een <a href=\"https:\/\/chrome.google.com\/webstore\/unsupported\/nkhlemgodcjginbhoelemnjkhmgnaaca\" target=\"_blank\" rel=\"noopener\">Uitbreiding voor de browser<\/a>&nbsp; waarmee de diensten van de website kunnen worden gebruikt en gecontroleerd.<br \/>\n<\/span><\/p>\n<h2><span lang=\"de\">De voordelen van een Premium Account<br \/>\n<\/span><\/h2>\n<p class=\"normal\"><span lang=\"de\">Met een Smoozed Premium Account kunt u niet alleen gegevens downloaden en uploaden, zoals bij veel bestandhosters het geval is, maar ook veilig en anoniem op het internet surfen met een VPN-server.<br \/>\n<\/span><\/p>\n<p><img loading=\"lazy\" class=\"alignnone wp-image-257 size-full\" src=\"https:\/\/multihoster.org\/wp-content\/uploads\/2018\/05\/image_1.jpg\" alt=\"pluspunten\" width=\"1815\" height=\"803\" srcset=\"https:\/\/multihoster.org\/wp-content\/uploads\/2018\/05\/image_1.jpg 1815w, https:\/\/multihoster.org\/wp-content\/uploads\/2018\/05\/image_1-300x133.jpg 300w, https:\/\/multihoster.org\/wp-content\/uploads\/2018\/05\/image_1-768x340.jpg 768w, https:\/\/multihoster.org\/wp-content\/uploads\/2018\/05\/image_1-1024x453.jpg 1024w\" sizes=\"(max-width: 1815px) 100vw, 1815px\" \/><\/p>\n<p class=\"normal\"><span lang=\"de\">Bovendien bevat het Smoozed Premium Package meer dan 40 bestandhosters, die u kunt openen met de Pro rate. Hier kunt u genieten van individuele voordelen en functies met uw Smoozed Premium-account, afhankelijk van de hoster, te beginnen met de maximale snelheid en uit te breiden tot een oneindig aantal downloads op hetzelfde moment tot een grotere opslagruimte.<br \/>\n<\/span><\/p>\n<h2><span lang=\"de\">Ge\u00ebgaliseerde hosterlijst &#8211; alle bestandhosters in een oogopslag<br \/>\n<\/span><\/h2>\n<p class=\"normal\"><span lang=\"de\">De selectie van bestand hosters is echt groot met meer dan 40 providers, en we willen u kennis laten maken met de Smoozed Hoster lijst hieronder, zodat u kunt zien welke bestand hosters zijn opgenomen in de Smoozed Premium Account.<\/span><\/p>\n\n<table id=\"tablepress-11\" class=\"tablepress tablepress-id-11\">\n<tbody class=\"row-hover\">\n<tr class=\"row-1 odd\">\n\t<td class=\"column-1\">alfafile<\/td><td class=\"column-2\">airpravod<\/td><td class=\"column-3\">bigfile<\/td><td class=\"column-4\">datafile<\/td>\n<\/tr>\n<tr class=\"row-2 even\">\n\t<td class=\"column-1\">depfile<\/td><td class=\"column-2\">depostfile<\/td><td class=\"column-3\">easybytez<\/td><td class=\"column-4\">file<\/td>\n<\/tr>\n<tr class=\"row-3 odd\">\n\t<td class=\"column-1\">fileboom<\/td><td class=\"column-2\">filefactory<\/td><td class=\"column-3\">filespace<\/td><td class=\"column-4\">flash-x<\/td>\n<\/tr>\n<tr class=\"row-4 even\">\n\t<td class=\"column-1\">giapeta<\/td><td class=\"column-2\">hitfile<\/td><td class=\"column-3\">keep2share<\/td><td class=\"column-4\">letitbit<\/td>\n<\/tr>\n<tr class=\"row-5 odd\">\n\t<td class=\"column-1\">nowvideo<\/td><td class=\"column-2\">oboom<\/td><td class=\"column-3\">powerwatch<\/td><td class=\"column-4\">rapidgator<\/td>\n<\/tr>\n<tr class=\"row-6 even\">\n\t<td class=\"column-1\">rapidrar<\/td><td class=\"column-2\">rapidu<\/td><td class=\"column-3\">rockfile<\/td><td class=\"column-4\">salefiles<\/td>\n<\/tr>\n<tr class=\"row-7 odd\">\n\t<td class=\"column-1\">share-online<\/td><td class=\"column-2\">shared<\/td><td class=\"column-3\">streamcloud<\/td><td class=\"column-4\">tezfiles<\/td>\n<\/tr>\n<tr class=\"row-8 even\">\n\t<td class=\"column-1\">turbobit<\/td><td class=\"column-2\">tusfiles<\/td><td class=\"column-3\">uploaded<\/td><td class=\"column-4\">uploadrocket<\/td>\n<\/tr>\n<tr class=\"row-9 odd\">\n\t<td class=\"column-1\">uptobox<\/td><td class=\"column-2\">userscloud<\/td><td class=\"column-3\">vidto<\/td><td class=\"column-4\">vip-file<\/td>\n<\/tr>\n<tr class=\"row-10 even\">\n\t<td class=\"column-1\">vivo<\/td><td class=\"column-2\">1fichier<\/td><td class=\"column-3\">2shared<\/td><td class=\"column-4\">4 shared<\/td>\n<\/tr>\n<\/tbody>\n<\/table>\n<!-- #tablepress-11 from cache -->\n<h2><span lang=\"de\">Onze conclusie over gladgestreken<br \/>\n<\/span><\/h2>\n<p class=\"normal\"><span lang=\"de\">Smoozed is de perfecte hoster voor iedereen die op zoek is naar een bijzonder brede selectie, met meer dan 40 verschillende bestand hosters om uit te kiezen, en Smoozed VPN toegang is een waardevolle functie.<br \/>\n<\/span><\/p>\n<p class=\"normal\"><span lang=\"de\">In totaal zijn er drie Smoozed Premium-tarieven beschikbaar, die hetzelfde aanbod van diensten aanbieden met verschillende looptijden, met een contractduur van \u00e9\u00e9n maand, zes maanden of \u00e9\u00e9n jaar. De beschikbare betaalmiddelen zijn Bitcoin, SEPA Express en Handypay, maar betaling via paysafecard werkt niet voor Smoozed.<br \/>\n<\/span><\/p>\n<p class=\"normal\"><span lang=\"de\">Smoozed belooft een betrouwbare verwerking van uw gegevens en biedt u een klantenservice in het Duits en Engels.<br \/>\n<\/span><\/p>\n<p class=\"normal\"><span lang=\"de\">Met een Smoozed Premium Account kunt u niet alleen gebruik maken van de waardevolle service van vele bestandhosters, maar ook aantrekkelijke commissies ontvangen via het beloningsmodel.<br \/>\n<\/span><\/p>\n<p><a class=\"fasc-button fasc-size-xlarge fasc-type-glossy fasc-rounded-medium ico-fa fasc-ico-after fa-share\" style=\"background-color: #43585e; color: #ffffff;\" rel=\"nofollow\" href=\"https:\/\/multihoster.org\/smoozed\/goto\/\">Ga naar Smoozed.com<\/a><\/p>\n","protected":false},"excerpt":{"rendered":"<p>Smoozed omschrijft zichzelf als een jong, opkomend bedrijf met een interessant aanbod van verschillende intermediaire diensten. Naast het hosten van<\/p>\n","protected":false},"author":2,"featured_media":0,"parent":0,"menu_order":0,"comment_status":"closed","ping_status":"closed","template":"","meta":[],"yoast_head":"<!-- This site is optimized with the Yoast SEO plugin v18.3 - https:\/\/yoast.com\/wordpress\/plugins\/seo\/ -->\n<title>lll\u25b7 Smoozed Premium Account ernstig of niet +++ Test op Multihoster.org<\/title>\n<meta name=\"description\" content=\"Als Smoozed een gerenommeerde leverancier is of niet, kunt u het antwoord vinden in de huidige test op Multihoster.org \u279c Klik nu op \u271a om onze ervaringen te lezen!\" \/>\n<meta name=\"robots\" content=\"index, follow, max-snippet:-1, max-image-preview:large, max-video-preview:-1\" \/>\n<link rel=\"canonical\" href=\"https:\/\/multihoster.org\/nl\/smoozed\/\" \/>\n<meta property=\"og:locale\" content=\"nl_NL\" \/>\n<meta property=\"og:type\" content=\"article\" \/>\n<meta property=\"og:title\" content=\"lll\u25b7 Smoozed Premium Account ernstig of niet +++ Test op Multihoster.org\" \/>\n<meta property=\"og:description\" content=\"Als Smoozed een gerenommeerde leverancier is of niet, kunt u het antwoord vinden in de huidige test op Multihoster.org \u279c Klik nu op \u271a om onze ervaringen te lezen!\" \/>\n<meta property=\"og:url\" content=\"https:\/\/multihoster.org\/nl\/smoozed\/\" \/>\n<meta property=\"og:site_name\" content=\"Multihoster.org\" \/>\n<meta property=\"article:modified_time\" content=\"2018-09-12T06:45:56+00:00\" \/>\n<meta property=\"og:image\" content=\"https:\/\/multihoster.org\/wp-content\/uploads\/2018\/05\/smoozed_logo.jpg\" \/>\n<meta name=\"twitter:card\" content=\"summary\" \/>\n<meta name=\"twitter:label1\" content=\"Geschatte leestijd\" \/>\n\t<meta name=\"twitter:data1\" content=\"5 minuten\" \/>\n<script type=\"application\/ld+json\" class=\"yoast-schema-graph\">{\"@context\":\"https:\/\/schema.org\",\"@graph\":[{\"@type\":\"WebSite\",\"@id\":\"https:\/\/multihoster.org\/#website\",\"url\":\"https:\/\/multihoster.org\/\",\"name\":\"Multihoster.org\",\"description\":\"Reviews of the major Filehosting services\",\"potentialAction\":[{\"@type\":\"SearchAction\",\"target\":{\"@type\":\"EntryPoint\",\"urlTemplate\":\"https:\/\/multihoster.org\/?s={search_term_string}\"},\"query-input\":\"required name=search_term_string\"}],\"inLanguage\":\"nl\"},{\"@type\":\"ImageObject\",\"@id\":\"https:\/\/multihoster.org\/nl\/smoozed\/#primaryimage\",\"inLanguage\":\"nl\",\"url\":\"https:\/\/multihoster.org\/wp-content\/uploads\/2018\/05\/smoozed_logo.jpg\",\"contentUrl\":\"https:\/\/multihoster.org\/wp-content\/uploads\/2018\/05\/smoozed_logo.jpg\",\"width\":574,\"height\":264},{\"@type\":\"WebPage\",\"@id\":\"https:\/\/multihoster.org\/nl\/smoozed\/#webpage\",\"url\":\"https:\/\/multihoster.org\/nl\/smoozed\/\",\"name\":\"lll\u25b7 Smoozed Premium Account ernstig of niet +++ Test op Multihoster.org\",\"isPartOf\":{\"@id\":\"https:\/\/multihoster.org\/#website\"},\"primaryImageOfPage\":{\"@id\":\"https:\/\/multihoster.org\/nl\/smoozed\/#primaryimage\"},\"datePublished\":\"2018-05-22T16:41:46+00:00\",\"dateModified\":\"2018-09-12T06:45:56+00:00\",\"description\":\"Als Smoozed een gerenommeerde leverancier is of niet, kunt u het antwoord vinden in de huidige test op Multihoster.org \u279c Klik nu op \u271a om onze ervaringen te lezen!\",\"breadcrumb\":{\"@id\":\"https:\/\/multihoster.org\/nl\/smoozed\/#breadcrumb\"},\"inLanguage\":\"nl\",\"potentialAction\":[{\"@type\":\"ReadAction\",\"target\":[\"https:\/\/multihoster.org\/nl\/smoozed\/\"]}]},{\"@type\":\"BreadcrumbList\",\"@id\":\"https:\/\/multihoster.org\/nl\/smoozed\/#breadcrumb\",\"itemListElement\":[{\"@type\":\"ListItem\",\"position\":1,\"name\":\"Startseite\",\"item\":\"https:\/\/multihoster.org\/nl\/\"},{\"@type\":\"ListItem\",\"position\":2,\"name\":\"Smoozed ervaring &#8211; de Multihoster in een oogopslag\"}]}]}<\/script>\n<!-- \/ Yoast SEO plugin. -->","yoast_head_json":{"title":"lll\u25b7 Smoozed Premium Account ernstig of niet +++ Test op Multihoster.org","description":"Als Smoozed een gerenommeerde leverancier is of niet, kunt u het antwoord vinden in de huidige test op Multihoster.org \u279c Klik nu op \u271a om onze ervaringen te lezen!","robots":{"index":"index","follow":"follow","max-snippet":"max-snippet:-1","max-image-preview":"max-image-preview:large","max-video-preview":"max-video-preview:-1"},"canonical":"https:\/\/multihoster.org\/nl\/smoozed\/","og_locale":"nl_NL","og_type":"article","og_title":"lll\u25b7 Smoozed Premium Account ernstig of niet +++ Test op Multihoster.org","og_description":"Als Smoozed een gerenommeerde leverancier is of niet, kunt u het antwoord vinden in de huidige test op Multihoster.org \u279c Klik nu op \u271a om onze ervaringen te lezen!","og_url":"https:\/\/multihoster.org\/nl\/smoozed\/","og_site_name":"Multihoster.org","article_modified_time":"2018-09-12T06:45:56+00:00","og_image":[{"url":"https:\/\/multihoster.org\/wp-content\/uploads\/2018\/05\/smoozed_logo.jpg"}],"twitter_card":"summary","twitter_misc":{"Geschatte leestijd":"5 minuten"},"schema":{"@context":"https:\/\/schema.org","@graph":[{"@type":"WebSite","@id":"https:\/\/multihoster.org\/#website","url":"https:\/\/multihoster.org\/","name":"Multihoster.org","description":"Reviews of the major Filehosting services","potentialAction":[{"@type":"SearchAction","target":{"@type":"EntryPoint","urlTemplate":"https:\/\/multihoster.org\/?s={search_term_string}"},"query-input":"required name=search_term_string"}],"inLanguage":"nl"},{"@type":"ImageObject","@id":"https:\/\/multihoster.org\/nl\/smoozed\/#primaryimage","inLanguage":"nl","url":"https:\/\/multihoster.org\/wp-content\/uploads\/2018\/05\/smoozed_logo.jpg","contentUrl":"https:\/\/multihoster.org\/wp-content\/uploads\/2018\/05\/smoozed_logo.jpg","width":574,"height":264},{"@type":"WebPage","@id":"https:\/\/multihoster.org\/nl\/smoozed\/#webpage","url":"https:\/\/multihoster.org\/nl\/smoozed\/","name":"lll\u25b7 Smoozed Premium Account ernstig of niet +++ Test op Multihoster.org","isPartOf":{"@id":"https:\/\/multihoster.org\/#website"},"primaryImageOfPage":{"@id":"https:\/\/multihoster.org\/nl\/smoozed\/#primaryimage"},"datePublished":"2018-05-22T16:41:46+00:00","dateModified":"2018-09-12T06:45:56+00:00","description":"Als Smoozed een gerenommeerde leverancier is of niet, kunt u het antwoord vinden in de huidige test op Multihoster.org \u279c Klik nu op \u271a om onze ervaringen te lezen!","breadcrumb":{"@id":"https:\/\/multihoster.org\/nl\/smoozed\/#breadcrumb"},"inLanguage":"nl","potentialAction":[{"@type":"ReadAction","target":["https:\/\/multihoster.org\/nl\/smoozed\/"]}]},{"@type":"BreadcrumbList","@id":"https:\/\/multihoster.org\/nl\/smoozed\/#breadcrumb","itemListElement":[{"@type":"ListItem","position":1,"name":"Startseite","item":"https:\/\/multihoster.org\/nl\/"},{"@type":"ListItem","position":2,"name":"Smoozed ervaring &#8211; de Multihoster in een oogopslag"}]}]}},"_links":{"self":[{"href":"https:\/\/multihoster.org\/nl\/wp-json\/wp\/v2\/pages\/433"}],"collection":[{"href":"https:\/\/multihoster.org\/nl\/wp-json\/wp\/v2\/pages"}],"about":[{"href":"https:\/\/multihoster.org\/nl\/wp-json\/wp\/v2\/types\/page"}],"author":[{"embeddable":true,"href":"https:\/\/multihoster.org\/nl\/wp-json\/wp\/v2\/users\/2"}],"replies":[{"embeddable":true,"href":"https:\/\/multihoster.org\/nl\/wp-json\/wp\/v2\/comments?post=433"}],"version-history":[{"count":7,"href":"https:\/\/multihoster.org\/nl\/wp-json\/wp\/v2\/pages\/433\/revisions"}],"predecessor-version":[{"id":1403,"href":"https:\/\/multihoster.org\/nl\/wp-json\/wp\/v2\/pages\/433\/revisions\/1403"}],"wp:attachment":[{"href":"https:\/\/multihoster.org\/nl\/wp-json\/wp\/v2\/media?parent=433"}],"curies":[{"name":"wp","href":"https:\/\/api.w.org\/{rel}","templated":true}]}}