{"id":1510,"date":"2018-09-27T08:40:36","date_gmt":"2018-09-27T08:40:36","guid":{"rendered":"https:\/\/multihoster.org\/?page_id=1510"},"modified":"2019-03-18T20:39:56","modified_gmt":"2019-03-18T20:39:56","slug":"fileboom","status":"publish","type":"page","link":"https:\/\/multihoster.org\/pl\/fileboom\/","title":{"rendered":"Fileboom Premium Account &#8211; Filehoster w skr\u00f3cie"},"content":{"rendered":"<p><img loading=\"lazy\" class=\"size-full wp-image-1467 alignleft\" src=\"https:\/\/multihoster.org\/wp-content\/uploads\/2018\/09\/logo-1.png\" alt=\"logo\" width=\"229\" height=\"54\">Dla Filehoster Fileboom.me bezpieczne przechowywanie plik\u00f3w jest najwy\u017cszym priorytetem. W ramach konta Fileboom, dostawca pozwala na zapisywanie plik\u00f3w i pobieranie r\u00f3\u017cnych plik\u00f3w. W ramach us\u0142ugi Fileboom.me jest zar\u00f3wno darmowe konto, jak i Fileboom Premium, kt\u00f3re pozwala na pe\u0142ne wykorzystanie mo\u017cliwo\u015bci. Dost\u0119pne s\u0105 r\u00f3\u017cne metody p\u0142atno\u015bci, w tym popularny dostawca us\u0142ug p\u0142atniczych Paypal.<\/p>\n\n<p><a class=\"fasc-button fasc-size-xlarge fasc-type-glossy fasc-rounded-medium ico-fa fasc-ico-after fa-share\" style=\"background-color: #33809e; color: #ffffff;\" target=\"_blank\" rel=\"nofollow noopener noreferrer\" href=\"https:\/\/multihoster.org\/fileboom\/goto\/\">Przejd\u017a do Fileboom.me<\/a><\/p>\n<h2>Pozytywne cechy charakterystyczne dostawcy<\/h2>\n<ul>\n<li>Mo\u017cliwy swobodny u\u017cytek<\/li>\n<li>Przejrzyste strukturyzowanie<\/li>\n<li>Doskona\u0142a ochrona danych<\/li>\n<li>Atrakcyjne cechy Premium<\/li>\n<\/ul>\n<p>&nbsp;<\/p>\n<p><img loading=\"lazy\" class=\"alignnone size-full wp-image-1463\" src=\"https:\/\/multihoster.org\/wp-content\/uploads\/2018\/09\/overview.png\" alt=\"overview\" width=\"1393\" height=\"311\" srcset=\"https:\/\/multihoster.org\/wp-content\/uploads\/2018\/09\/overview.png 1393w, https:\/\/multihoster.org\/wp-content\/uploads\/2018\/09\/overview-300x67.png 300w, https:\/\/multihoster.org\/wp-content\/uploads\/2018\/09\/overview-768x171.png 768w, https:\/\/multihoster.org\/wp-content\/uploads\/2018\/09\/overview-1024x229.png 1024w\" sizes=\"(max-width: 1393px) 100vw, 1393px\" \/><\/p>\n<h2>Ca\u0142a gama wysi\u0119gnik\u00f3w Fileboom w skr\u00f3cie<\/h2>\n<p>Darmowe konto Fileboom jest szybko tworzone i zajmuje tylko kilka sekund. Po weryfikacji adresu e-mail, us\u0142uga mo\u017ce by\u0107 u\u017cywana w ograniczonym zakresie. Dost\u0119pnych jest 10 GB miejsca na pliki do wgrywania.<\/p>\n<p>Maksymalny zakres us\u0142ug mo\u017cna wykorzysta\u0107 poprzez zakup konta Fileboom Premium. Tutaj znajdziesz maksymaln\u0105 pr\u0119dko\u015b\u0107 pobierania, jednoczesne pobieranie kilku plik\u00f3w, jak r\u00f3wnie\u017c wiele innych funkcji. Przy zakupie Fileboom Premium dost\u0119pne s\u0105 cztery r\u00f3\u017cne opcje pakiet\u00f3w oraz r\u00f3\u017cne akceptowane metody p\u0142atno\u015bci.<\/p>\n<h2>Oferty bonusowe<\/h2>\n<p>W ramach oferty bonusowej Fileboom oferuje mo\u017cliwo\u015b\u0107 ubiegania si\u0119 o program partnerski. Je\u015bli jeste\u015b zainteresowany ubieganiem si\u0119 o Fileboom Premium i otrzymujesz za to nagrod\u0119, mo\u017cesz zrobi\u0107 pierwsze kroki w zak\u0142adce &#8222;Make Money&#8221;. Tutaj mo\u017cesz wpisa\u0107 swoje dane osobowe i otrzymasz odpowied\u017a w ci\u0105gu 24 godzin w dni robocze.<\/p>\n<h2>Koszty i opcje p\u0142atno\u015bci<\/h2>\n<p>Je\u015bli chcesz nie tylko korzysta\u0107 z zalet darmowego konta Fileboom, ale tak\u017ce z funkcji Fileboom Premium, mo\u017cesz wybra\u0107 pomi\u0119dzy trzema metodami p\u0142atno\u015bci: VISA, MasterCard i American Express. Mo\u017cliwe jest r\u00f3wnie\u017c dokonywanie p\u0142atno\u015bci za po\u015brednictwem PayPal i r\u00f3\u017cnymi metodami lokalnymi. Od Webmoney i Postbank do LBBBW i Safety Pay. Anonimowa p\u0142atno\u015b\u0107 za pomoc\u0105 karty PaysafeCard nie jest mo\u017cliwa z Fileboom.<\/p>\n<p><strong>\n<table id=\"tablepress-105\" class=\"tablepress tablepress-id-105\">\n<tbody class=\"row-hover\">\n<tr class=\"row-1 odd\">\n\t<td class=\"column-1\">3 dni<\/td><td class=\"column-2\">30 dni<\/td><td class=\"column-3\">90 dni<\/td><td class=\"column-4\">180 dni<\/td>\n<\/tr>\n<tr class=\"row-2 even\">\n\t<td class=\"column-1\">6,95 $<\/td><td class=\"column-2\">16,95 $<\/td><td class=\"column-3\">41,95 $<\/td><td class=\"column-4\">113,95 $<\/td>\n<\/tr>\n<tr class=\"row-3 odd\">\n\t<td class=\"column-1\">2,23 $ dziennie<\/td><td class=\"column-2\">0,56 $ dziennie<\/td><td class=\"column-3\">0,47 $ dziennie<\/td><td class=\"column-4\">0,31 $ dziennie<\/td>\n<\/tr>\n<\/tbody>\n<\/table>\n<!-- #tablepress-105 from cache --><\/strong><\/p>\n<p><a class=\"fasc-button fasc-size-xlarge fasc-type-glossy fasc-rounded-medium ico-fa fasc-ico-after fa-share\" style=\"background-color: #33809e; color: #ffffff;\" target=\"_blank\" rel=\"nofollow noopener noreferrer\" href=\"https:\/\/multihoster.org\/fileboom\/goto\/\">Przejd\u017a do Fileboom.me<\/a><\/p>\n<p><img loading=\"lazy\" class=\"alignnone size-full wp-image-1466\" src=\"https:\/\/multihoster.org\/wp-content\/uploads\/2018\/09\/prices-1.png\" alt=\"prices\" width=\"1152\" height=\"463\" srcset=\"https:\/\/multihoster.org\/wp-content\/uploads\/2018\/09\/prices-1.png 1152w, https:\/\/multihoster.org\/wp-content\/uploads\/2018\/09\/prices-1-300x121.png 300w, https:\/\/multihoster.org\/wp-content\/uploads\/2018\/09\/prices-1-768x309.png 768w, https:\/\/multihoster.org\/wp-content\/uploads\/2018\/09\/prices-1-1024x412.png 1024w\" sizes=\"(max-width: 1152px) 100vw, 1152px\" \/><\/p>\n<h2>Zawiadomienie o ochronie prywatno\u015bci<\/h2>\n<p>Fileboom.me oferuje kompleksow\u0105 ochron\u0119 danych i godne zaufania przetwarzanie danych osobowych. Podczas rejestracji zapisywane s\u0105 dane osobowe, takie jak adres e-mail, a tak\u017ce dane osobowe i finansowe w celu zakupu Fileboom Premium. W celu ulepszenia us\u0142ugi, dostawca gromadzi r\u00f3\u017cne anonimowe dane u\u017cytkownika. Cookies s\u0105 r\u00f3wnie\u017c wykorzystywane do optymalizacji do\u015bwiadcze\u0144 u\u017cytkownika.<\/p>\n<p>Aby proces p\u0142atno\u015bci by\u0142 jak najbezpieczniejszy, poszczeg\u00f3lne procesy s\u0105 bezpiecznie szyfrowane.<\/p>\n<h2>Serwis posprzeda\u017cny<\/h2>\n<p>Obs\u0142uga klienta Fileboom znajduje si\u0119 na dole strony w zak\u0142adce &#8222;Pomoc&#8221;. Po przybyciu do centrum obs\u0142ugi klienta znajdziesz FAQ oraz aktualne pomys\u0142y. Po prawej stronie Centrum Obs\u0142ugi Klienta znajdziesz opcje &#8222;Skontaktuj si\u0119 z nami&#8221; i &#8222;Przeka\u017c opini\u0119&#8221;, aby skontaktowa\u0107 si\u0119 z zespo\u0142em Fileboom.<\/p>\n<h2>\u0142atwo\u015b\u0107 u\u017cycia<\/h2>\n<p>Strona internetowa jest prosta i przejrzysta. Oferta us\u0142ug jest ju\u017c wyra\u017anie przedstawiona na stronie startowej. Wgrywanie plik\u00f3w jest mo\u017cliwe poprzez przesy\u0142anie plik\u00f3w, Flash Upload lub zdalne wgrywanie.<\/p>\n<p>Po zalogowaniu mo\u017cesz zarz\u0105dza\u0107 swoimi plikami na g\u00f3rze pod opcj\u0105 &#8222;Moje pliki&#8221; &#8211; st\u0105d mo\u017cesz r\u00f3wnie\u017c przes\u0142a\u0107 swoje pliki. Dodatkowo w zak\u0142adce &#8222;Profile&#8221; znajduj\u0105 si\u0119 bardziej szczeg\u00f3\u0142owe informacje na temat Twojego profilu, jak r\u00f3wnie\u017c &#8222;Premium&#8221; i &#8222;Make Money&#8221;.<\/p>\n<p>&nbsp;<\/p>\n<h2>Zalety konta premium z Fileboom<\/h2>\n<p>Z kontem Fileboom Premium mo\u017cesz korzysta\u0107 z ca\u0142ej us\u0142ugi dostawcy i korzysta\u0107 z r\u00f3\u017cnych funkcji.<\/p>\n<p>Mo\u017cesz korzysta\u0107 z maksymalnej pr\u0119dko\u015bci pobierania i cieszy\u0107 si\u0119 natychmiastowym startem, wi\u0119c 30-sekundowy czas oczekiwania jest pomijany. <a href=\"https:\/\/www.heise.de\/download\/product\/free-download-manager-19323\">Download Manager<\/a> mo\u017ce by\u0107 u\u017cywany bez problem\u00f3w, a tak\u017ce FTP i HTTP upload jest mo\u017cliwe. Pliki s\u0105 przechowywane przez 90 dni, a pobieranie mo\u017ce by\u0107 wstrzymane lub wznowione do woli. Maksymalny rozmiar pliku zwi\u0119ksza si\u0119 z 500 MB do 5 GB, a jednoczesne pobieranie wielu plik\u00f3w jest r\u00f3wnie\u017c mo\u017cliwe przy u\u017cyciu konta Fileboom Premium. Konto Premium Fileboom mo\u017ce by\u0107 op\u0142acane na wiele sposob\u00f3w, ale nie za pomoc\u0105 karty Paysafecard. Mo\u017cliwe jest jednak zakupienie konta Fileboom Premium z Paysafecard od reseller\u00f3w Fileboom Premium.<\/p>\n<h2>Nasz wniosek dotycz\u0105cy dostawcy Fileboom<\/h2>\n<p>Wszystko we wszystkich Fileboom.me oferuje ciekaw\u0105 ofert\u0119, kt\u00f3ra mo\u017ce by\u0107 ju\u017c u\u017cywana z darmowym kontem Fileboom w ograniczonym zakresie. Mo\u017cesz korzysta\u0107 ze wszystkich funkcji, w tym maksymalnej pr\u0119dko\u015bci pobierania, jednoczesnego pobierania kilku plik\u00f3w i korzystania z akceleratora pobierania, z konta Fileboom Premium. Przy zakupie 3-dniowego, 30-dniowego, 90-dniowego lub 180-dniowego konta Fileboom Premium mo\u017cna wybiera\u0107 spo\u015br\u00f3d r\u00f3\u017cnych dostawc\u00f3w us\u0142ug p\u0142atniczych, w tym popularnej p\u0142atno\u015bci przez Paypal. Nie ma anonimowych metod p\u0142atno\u015bci bezpo\u015brednio u dostawcy, ale mo\u017cesz u\u017cy\u0107 metod p\u0142atno\u015bci takich jak Paysafecard u reseller\u00f3w Fileboom, aby kupi\u0107 konto Fileboom Premium.<\/p>\n<p><a class=\"fasc-button fasc-size-xlarge fasc-type-glossy fasc-rounded-medium ico-fa fasc-ico-after fa-share\" style=\"background-color: #33809e; color: #ffffff;\" target=\"_blank\" rel=\"nofollow noopener noreferrer\" href=\"https:\/\/multihoster.org\/fileboom\/goto\/\">Przejd\u017a do Fileboom.me<\/a><\/p>\n","protected":false},"excerpt":{"rendered":"<p>Dla Filehoster Fileboom.me bezpieczne przechowywanie plik\u00f3w jest najwy\u017cszym priorytetem. W ramach konta Fileboom, dostawca pozwala na zapisywanie plik\u00f3w i pobieranie<\/p>\n","protected":false},"author":2,"featured_media":0,"parent":0,"menu_order":0,"comment_status":"closed","ping_status":"closed","template":"","meta":[],"yoast_head":"<!-- This site is optimized with the Yoast SEO plugin v18.3 - https:\/\/yoast.com\/wordpress\/plugins\/seo\/ -->\n<title>lll\u25b7 Fileboom Premium Account serious or not? Test na Multihoster.org<\/title>\n<meta name=\"description\" content=\"Czy chcia\u0142by\u015b otrzyma\u0107 wi\u0119cej szczeg\u00f3\u0142owych informacji na temat Fileboom i konta Fileboom Premium? Pragniemy przedstawi\u0107 Pa\u0144stwu szczeg\u00f3\u0142owo plikhoster.\" \/>\n<meta name=\"robots\" content=\"index, follow, max-snippet:-1, max-image-preview:large, max-video-preview:-1\" \/>\n<link rel=\"canonical\" href=\"https:\/\/multihoster.org\/pl\/fileboom\/\" \/>\n<meta property=\"og:locale\" content=\"pl_PL\" \/>\n<meta property=\"og:type\" content=\"article\" \/>\n<meta property=\"og:title\" content=\"lll\u25b7 Fileboom Premium Account serious or not? Test na Multihoster.org\" \/>\n<meta property=\"og:description\" content=\"Czy chcia\u0142by\u015b otrzyma\u0107 wi\u0119cej szczeg\u00f3\u0142owych informacji na temat Fileboom i konta Fileboom Premium? Pragniemy przedstawi\u0107 Pa\u0144stwu szczeg\u00f3\u0142owo plikhoster.\" \/>\n<meta property=\"og:url\" content=\"https:\/\/multihoster.org\/pl\/fileboom\/\" \/>\n<meta property=\"og:site_name\" content=\"Multihoster.org\" \/>\n<meta property=\"article:modified_time\" content=\"2019-03-18T20:39:56+00:00\" \/>\n<meta property=\"og:image\" content=\"https:\/\/multihoster.org\/wp-content\/uploads\/2018\/09\/logo-1.png\" \/>\n<meta name=\"twitter:card\" content=\"summary\" \/>\n<meta name=\"twitter:label1\" content=\"Szacowany czas czytania\" \/>\n\t<meta name=\"twitter:data1\" content=\"4 minuty\" \/>\n<script type=\"application\/ld+json\" class=\"yoast-schema-graph\">{\"@context\":\"https:\/\/schema.org\",\"@graph\":[{\"@type\":\"WebSite\",\"@id\":\"https:\/\/multihoster.org\/#website\",\"url\":\"https:\/\/multihoster.org\/\",\"name\":\"Multihoster.org\",\"description\":\"Reviews of the major Filehosting services\",\"potentialAction\":[{\"@type\":\"SearchAction\",\"target\":{\"@type\":\"EntryPoint\",\"urlTemplate\":\"https:\/\/multihoster.org\/?s={search_term_string}\"},\"query-input\":\"required name=search_term_string\"}],\"inLanguage\":\"pl-PL\"},{\"@type\":\"ImageObject\",\"@id\":\"https:\/\/multihoster.org\/pl\/fileboom\/#primaryimage\",\"inLanguage\":\"pl-PL\",\"url\":\"https:\/\/multihoster.org\/wp-content\/uploads\/2018\/09\/logo-1.png\",\"contentUrl\":\"https:\/\/multihoster.org\/wp-content\/uploads\/2018\/09\/logo-1.png\",\"width\":229,\"height\":54,\"caption\":\"logo\"},{\"@type\":\"WebPage\",\"@id\":\"https:\/\/multihoster.org\/pl\/fileboom\/#webpage\",\"url\":\"https:\/\/multihoster.org\/pl\/fileboom\/\",\"name\":\"lll\u25b7 Fileboom Premium Account serious or not? Test na Multihoster.org\",\"isPartOf\":{\"@id\":\"https:\/\/multihoster.org\/#website\"},\"primaryImageOfPage\":{\"@id\":\"https:\/\/multihoster.org\/pl\/fileboom\/#primaryimage\"},\"datePublished\":\"2018-09-27T08:40:36+00:00\",\"dateModified\":\"2019-03-18T20:39:56+00:00\",\"description\":\"Czy chcia\u0142by\u015b otrzyma\u0107 wi\u0119cej szczeg\u00f3\u0142owych informacji na temat Fileboom i konta Fileboom Premium? Pragniemy przedstawi\u0107 Pa\u0144stwu szczeg\u00f3\u0142owo plikhoster.\",\"breadcrumb\":{\"@id\":\"https:\/\/multihoster.org\/pl\/fileboom\/#breadcrumb\"},\"inLanguage\":\"pl-PL\",\"potentialAction\":[{\"@type\":\"ReadAction\",\"target\":[\"https:\/\/multihoster.org\/pl\/fileboom\/\"]}]},{\"@type\":\"BreadcrumbList\",\"@id\":\"https:\/\/multihoster.org\/pl\/fileboom\/#breadcrumb\",\"itemListElement\":[{\"@type\":\"ListItem\",\"position\":1,\"name\":\"Startseite\",\"item\":\"https:\/\/multihoster.org\/pl\/\"},{\"@type\":\"ListItem\",\"position\":2,\"name\":\"Fileboom Premium Account &#8211; Filehoster w skr\u00f3cie\"}]}]}<\/script>\n<!-- \/ Yoast SEO plugin. -->","yoast_head_json":{"title":"lll\u25b7 Fileboom Premium Account serious or not? Test na Multihoster.org","description":"Czy chcia\u0142by\u015b otrzyma\u0107 wi\u0119cej szczeg\u00f3\u0142owych informacji na temat Fileboom i konta Fileboom Premium? Pragniemy przedstawi\u0107 Pa\u0144stwu szczeg\u00f3\u0142owo plikhoster.","robots":{"index":"index","follow":"follow","max-snippet":"max-snippet:-1","max-image-preview":"max-image-preview:large","max-video-preview":"max-video-preview:-1"},"canonical":"https:\/\/multihoster.org\/pl\/fileboom\/","og_locale":"pl_PL","og_type":"article","og_title":"lll\u25b7 Fileboom Premium Account serious or not? Test na Multihoster.org","og_description":"Czy chcia\u0142by\u015b otrzyma\u0107 wi\u0119cej szczeg\u00f3\u0142owych informacji na temat Fileboom i konta Fileboom Premium? Pragniemy przedstawi\u0107 Pa\u0144stwu szczeg\u00f3\u0142owo plikhoster.","og_url":"https:\/\/multihoster.org\/pl\/fileboom\/","og_site_name":"Multihoster.org","article_modified_time":"2019-03-18T20:39:56+00:00","og_image":[{"url":"https:\/\/multihoster.org\/wp-content\/uploads\/2018\/09\/logo-1.png"}],"twitter_card":"summary","twitter_misc":{"Szacowany czas czytania":"4 minuty"},"schema":{"@context":"https:\/\/schema.org","@graph":[{"@type":"WebSite","@id":"https:\/\/multihoster.org\/#website","url":"https:\/\/multihoster.org\/","name":"Multihoster.org","description":"Reviews of the major Filehosting services","potentialAction":[{"@type":"SearchAction","target":{"@type":"EntryPoint","urlTemplate":"https:\/\/multihoster.org\/?s={search_term_string}"},"query-input":"required name=search_term_string"}],"inLanguage":"pl-PL"},{"@type":"ImageObject","@id":"https:\/\/multihoster.org\/pl\/fileboom\/#primaryimage","inLanguage":"pl-PL","url":"https:\/\/multihoster.org\/wp-content\/uploads\/2018\/09\/logo-1.png","contentUrl":"https:\/\/multihoster.org\/wp-content\/uploads\/2018\/09\/logo-1.png","width":229,"height":54,"caption":"logo"},{"@type":"WebPage","@id":"https:\/\/multihoster.org\/pl\/fileboom\/#webpage","url":"https:\/\/multihoster.org\/pl\/fileboom\/","name":"lll\u25b7 Fileboom Premium Account serious or not? Test na Multihoster.org","isPartOf":{"@id":"https:\/\/multihoster.org\/#website"},"primaryImageOfPage":{"@id":"https:\/\/multihoster.org\/pl\/fileboom\/#primaryimage"},"datePublished":"2018-09-27T08:40:36+00:00","dateModified":"2019-03-18T20:39:56+00:00","description":"Czy chcia\u0142by\u015b otrzyma\u0107 wi\u0119cej szczeg\u00f3\u0142owych informacji na temat Fileboom i konta Fileboom Premium? Pragniemy przedstawi\u0107 Pa\u0144stwu szczeg\u00f3\u0142owo plikhoster.","breadcrumb":{"@id":"https:\/\/multihoster.org\/pl\/fileboom\/#breadcrumb"},"inLanguage":"pl-PL","potentialAction":[{"@type":"ReadAction","target":["https:\/\/multihoster.org\/pl\/fileboom\/"]}]},{"@type":"BreadcrumbList","@id":"https:\/\/multihoster.org\/pl\/fileboom\/#breadcrumb","itemListElement":[{"@type":"ListItem","position":1,"name":"Startseite","item":"https:\/\/multihoster.org\/pl\/"},{"@type":"ListItem","position":2,"name":"Fileboom Premium Account &#8211; Filehoster w skr\u00f3cie"}]}]}},"_links":{"self":[{"href":"https:\/\/multihoster.org\/pl\/wp-json\/wp\/v2\/pages\/1510"}],"collection":[{"href":"https:\/\/multihoster.org\/pl\/wp-json\/wp\/v2\/pages"}],"about":[{"href":"https:\/\/multihoster.org\/pl\/wp-json\/wp\/v2\/types\/page"}],"author":[{"embeddable":true,"href":"https:\/\/multihoster.org\/pl\/wp-json\/wp\/v2\/users\/2"}],"replies":[{"embeddable":true,"href":"https:\/\/multihoster.org\/pl\/wp-json\/wp\/v2\/comments?post=1510"}],"version-history":[{"count":3,"href":"https:\/\/multihoster.org\/pl\/wp-json\/wp\/v2\/pages\/1510\/revisions"}],"predecessor-version":[{"id":2145,"href":"https:\/\/multihoster.org\/pl\/wp-json\/wp\/v2\/pages\/1510\/revisions\/2145"}],"wp:attachment":[{"href":"https:\/\/multihoster.org\/pl\/wp-json\/wp\/v2\/media?parent=1510"}],"curies":[{"name":"wp","href":"https:\/\/api.w.org\/{rel}","templated":true}]}}