{"id":1550,"date":"2018-10-04T14:48:24","date_gmt":"2018-10-04T14:48:24","guid":{"rendered":"https:\/\/multihoster.org\/?page_id=1550"},"modified":"2019-03-18T22:09:47","modified_gmt":"2019-03-18T22:09:47","slug":"filejoker","status":"publish","type":"page","link":"https:\/\/multihoster.org\/pl\/filejoker\/","title":{"rendered":"FileJoker Premium Account &#8211; Host w skr\u00f3cie"},"content":{"rendered":"<p><span data-darkreader-inline-color=\"\"><img loading=\"lazy\" class=\"size-medium wp-image-1456 alignleft\" src=\"https:\/\/multihoster.org\/wp-content\/uploads\/2018\/09\/logo-300x72.png\" alt=\"logo\" width=\"300\" height=\"72\" srcset=\"https:\/\/multihoster.org\/wp-content\/uploads\/2018\/09\/logo-300x72.png 300w, https:\/\/multihoster.org\/wp-content\/uploads\/2018\/09\/logo.png 419w\" sizes=\"(max-width: 300px) 100vw, 300px\" \/>Z FileJoker, mo\u017cesz wybra\u0107 pomi\u0119dzy bezp\u0142atn\u0105 lub p\u0142atn\u0105 wersj\u0105. Wszystko zale\u017cy od Twoich potrzeb, co jest w\u0142a\u015bciwym wyborem dla Ciebie. Je\u015bli chcesz pobra\u0107 lub pobra\u0107 du\u017c\u0105 ilo\u015b\u0107 danych z hostem, zalecamy zakup wersji Premium. Konto Premium jest r\u00f3wnie\u017c w\u0142a\u015bciwym wyborem, je\u015bli chcesz szybko uzyska\u0107 dost\u0119p do niezb\u0119dnych plik\u00f3w bez czekania. Je\u015bli jednak rzadko korzystasz z hosta i nie masz problem\u00f3w z czasem oczekiwania, mo\u017cesz r\u00f3wnie\u017c skorzysta\u0107 z darmowej wersji.<\/span><\/p>\n\n<p><a class=\"fasc-button fasc-size-xlarge fasc-type-glossy fasc-rounded-medium ico-fa fasc-ico-after fa-share\" style=\"background-color: #247edd; color: #ffffff;\" target=\"_blank\" rel=\"nofollow noopener noreferrer\" href=\"https:\/\/multihoster.org\/filejoker\/goto\/\">Przejd\u017a do Filejoker.com<\/a><\/p>\n<h2>Pozytywna charakterystyka dostawcy<\/h2>\n<ul>\n<li>Bezp\u0142atne konto i us\u0142ugi premium<\/li>\n<li>Konto Premium Rozszerzone<\/li>\n<li>Wysokie bezpiecze\u0144stwo w ochronie danych<\/li>\n<li>Przekonuj\u0105ca \u0142atwo\u015b\u0107 obs\u0142ugi<\/li>\n<\/ul>\n<h3>Wst\u0119p wolny jest ukryty<\/h3>\n<p><span data-darkreader-inline-color=\"\">W obja\u015bnieniu strony internetowej FileJoker, znajdziesz darmowe i zarejestrowane wersje. Wersja darmowa mo\u017ce by\u0107 pobrana tylko jako wersja darmowa. W zarejestrowanej wersji mo\u017cna pobra\u0107 50 GB danych. Jednak mo\u017cliwo\u015b\u0107 rejestracji nie jest tak \u0142atwa do znalezienia. Poniewa\u017c nie ma normalnego przycisku rejestracji, jest tu ma\u0142y objazd.<\/span><\/p>\n<h3>Zarejestruj si\u0119 w opcji resellera<\/h3>\n<p><span data-darkreader-inline-color=\"\">Je\u015bli klikniesz na Premium w prawym g\u00f3rnym rogu strony g\u0142\u00f3wnej, zobaczysz 4 oferty na 4 okresy &#8211; im d\u0142u\u017cszy abonament, tym ta\u0144szy abonament. Poni\u017cej znajduje si\u0119 kilka opcji p\u0142atno\u015bci za poszczeg\u00f3lne okresy rezerwacji. W ramach tych opcji p\u0142atno\u015bci, znajdziesz opcj\u0119 zakupu konta u jednego z wielu sprzedawc\u00f3w detalicznych. Je\u015bli klikniesz na przycisk Reseller, znajdziesz przycisk rejestracji u g\u00f3ry po lewej stronie, ma\u0142y po prawej stronie.<\/span><\/p>\n<h2>Metody p\u0142atno\u015bci<\/h2>\n<p><span data-darkreader-inline-color=\"\">Z Hoster FileJoker mo\u017cesz p\u0142aci\u0107 na r\u00f3\u017cne sposoby. Z jednej strony, zwyk\u0142e kana\u0142y s\u0105 mo\u017cliwe poprzez VISA i MasterCard, jak r\u00f3wnie\u017c bankowo\u015b\u0107 internetow\u0105. Z drugiej strony, strona oferuje alternatywne metody p\u0142atno\u015bci, gdzie mo\u017cna r\u00f3wnie\u017c p\u0142aci\u0107 przez Paysafecard. Nale\u017c\u0105 do nich CoinPayment, WebMonkey i proces p\u0142atno\u015bci SMS. P\u0142atno\u015b\u0107 Bitcoin jest szczeg\u00f3lnie interesuj\u0105ca, poniewa\u017c tutaj dostaniesz, w zale\u017cno\u015bci od wariantu trzech, dziesi\u0119ciu, dwudziestu lub 35 dni, bezp\u0142atny dost\u0119p.<\/span><\/p>\n<p><strong>\n<table id=\"tablepress-112\" class=\"tablepress tablepress-id-112\">\n<tbody class=\"row-hover\">\n<tr class=\"row-1 odd\">\n\t<td class=\"column-1\">30 dni Sk\u0142adka Premium<\/td><td class=\"column-2\">90 dni Sk\u0142adka Premium<\/td><td class=\"column-3\">180 dni Sk\u0142adka Premium<\/td><td class=\"column-4\">365 dni Sk\u0142adka Premium<\/td>\n<\/tr>\n<tr class=\"row-2 even\">\n\t<td class=\"column-1\">14,05 $<\/td><td class=\"column-2\">34,95 $<\/td><td class=\"column-3\">59,95 $<\/td><td class=\"column-4\">89,95 $<\/td>\n<\/tr>\n<tr class=\"row-3 odd\">\n\t<td class=\"column-1\">3 dni Bitcoin Bonus<\/td><td class=\"column-2\">10 dni Bitcoin Bonus<\/td><td class=\"column-3\">20 dni Bitcoin Bonus<\/td><td class=\"column-4\">35 dni Bitcoin Bonus<\/td>\n<\/tr>\n<\/tbody>\n<\/table>\n<!-- #tablepress-112 from cache --><\/strong><\/p>\n<p><a class=\"fasc-button fasc-size-xlarge fasc-type-glossy fasc-rounded-medium ico-fa fasc-ico-after fa-share\" style=\"background-color: #247edd; color: #ffffff;\" target=\"_blank\" rel=\"nofollow noopener noreferrer\" href=\"https:\/\/multihoster.org\/filejoker\/goto\/\">Przejd\u017a do Filejoker.com<\/a><\/p>\n<p><img loading=\"lazy\" class=\"alignnone wp-image-1458 size-full\" src=\"https:\/\/multihoster.org\/wp-content\/uploads\/2018\/09\/prices.png\" alt=\"prices\" width=\"906\" height=\"565\" srcset=\"https:\/\/multihoster.org\/wp-content\/uploads\/2018\/09\/prices.png 906w, https:\/\/multihoster.org\/wp-content\/uploads\/2018\/09\/prices-300x187.png 300w, https:\/\/multihoster.org\/wp-content\/uploads\/2018\/09\/prices-768x479.png 768w\" sizes=\"(max-width: 906px) 100vw, 906px\" \/><\/p>\n<p><img loading=\"lazy\" class=\"alignnone wp-image-1457 size-full\" src=\"https:\/\/multihoster.org\/wp-content\/uploads\/2018\/09\/payment.png\" alt=\"payment-options\" width=\"981\" height=\"71\" srcset=\"https:\/\/multihoster.org\/wp-content\/uploads\/2018\/09\/payment.png 981w, https:\/\/multihoster.org\/wp-content\/uploads\/2018\/09\/payment-300x22.png 300w, https:\/\/multihoster.org\/wp-content\/uploads\/2018\/09\/payment-768x56.png 768w\" sizes=\"(max-width: 981px) 100vw, 981px\" \/><\/p>\n<h2>Polityka prywatno\u015bci<\/h2>\n<p>FileJoker do\u0142o\u017cy\u0142 wszelkich stara\u0144, aby informacje, kt\u00f3re nam Pa\u0144stwo przekazuj\u0105, by\u0142y traktowane z najwy\u017csz\u0105 staranno\u015bci\u0105 i poufno\u015bci\u0105, jak opisano w Polityce Prywatno\u015bci. Wyja\u015bnia, w jaki spos\u00f3b wykorzystywane s\u0105 wprowadzane informacje i dane uzyskiwane przez odwiedzaj\u0105cych stron\u0119 internetow\u0105.<\/p>\n<p>Z jednej strony, dane generowane przez wizyt\u0119 s\u0105 przechowywane anonimowo. Obejmuje to informacje takie jak dane demograficzne lub, na przyk\u0142ad, system operacyjny i u\u017cywana przegl\u0105darka. Z drugiej strony, dane dostarczane podczas procesu po\u0142\u0105czenia s\u0105 rejestrowane. Dotyczy to r\u00f3wnie\u017c adresu e-mail i has\u0142a. Po rejestracji mo\u017cna wprowadzi\u0107 wszystkie inne rodzaje danych, kt\u00f3re oczywi\u015bcie s\u0105 r\u00f3wnie\u017c przechowywane.<\/p>\n<p>Wszystkie te informacje s\u0105 traktowane jako poufne, anonimowe i szyfrowane ze wzgl\u0119d\u00f3w bezpiecze\u0144stwa, zgodnie z prawem. Ponadto, dla lepszego wykorzystania strony internetowej, dane s\u0105 przechowywane za pomoc\u0105 plik\u00f3w cookie, kt\u00f3re zapewniaj\u0105, \u017ce u\u017cytkownik nie musi wprowadza\u0107 wszystkiego wielokrotnie i mo\u017ce pracowa\u0107 szybciej na stronie internetowej.<\/p>\n<p>&nbsp;<\/p>\n<h2>Obs\u0142uga klienta<\/h2>\n<p><span data-darkreader-inline-color=\"\">Mo\u017cliwo\u015bci kontaktu z dostawc\u0105 FileJoker s\u0105 ograniczone do minimum. Jest to po prostu formularz kontaktowy, do kt\u00f3rego mo\u017cna si\u0119 dosta\u0107 klikaj\u0105c na &#8222;Kontakt&#8221; w prawym dolnym rogu. To zabierze Ci\u0119 na stron\u0119, na kt\u00f3rej mo\u017cesz wpisa\u0107 swoje imi\u0119 i nazwisko, adres e-mail i wiadomo\u015b\u0107 w \u015brodku. Poni\u017cej znajduje si\u0119 pro\u015bba Captcha, po kt\u00f3rej mo\u017cna wys\u0142a\u0107 wiadomo\u015b\u0107.<\/span><\/p>\n<h2>\u0141atwo\u015b\u0107 u\u017cytkowania<\/h2>\n<p>Strona FileJoker jest bardzo dobrze zorganizowana i \u0142atwa w u\u017cyciu po rejestracji. Wszystkie niezb\u0119dne informacje s\u0105 oczywiste, a dzia\u0142anie przebiega p\u0142ynnie. W prawym g\u00f3rnym rogu znajduj\u0105 si\u0119 zak\u0142adki &#8222;Moje konto&#8221;, &#8222;Moje pliki&#8221; i &#8222;Premium&#8221;. Dzi\u0119ki temu ostatniemu mo\u017cna zwi\u0119kszy\u0107 szybko\u015b\u0107 i rozmiar przestrzeni dyskowej online i unikn\u0105\u0107 czasu oczekiwania. W tym celu nale\u017cy wybra\u0107 jedn\u0105 z subskrypcji. W zak\u0142adce &#8222;Moje konto&#8221; mo\u017cesz dokona\u0107 pewnych ustawie\u0144 dla swojego konta. Naprawd\u0119 wa\u017cn\u0105 cz\u0119\u015bci\u0105 jest &#8222;Moje pliki&#8221;, poniewa\u017c tutaj mo\u017cna \u0142atwo przes\u0142a\u0107 dane za pomoc\u0105 przycisku w \u015brodku, &#8222;Upload your files now!<\/p>\n<p>Og\u00f3lnie rzecz bior\u0105c, FileJoker otrzymuje punkty z bardzo prost\u0105 i przejrzyst\u0105 organizacj\u0105. Istnieje bardzo niewiele poziom\u00f3w i wszystko jest \u0142atwe do znalezienia. Wi\u0119kszo\u015b\u0107 operacji mo\u017cna wykona\u0107 za pomoc\u0105 2-3 klikni\u0119\u0107. Wszystko jest zorganizowane jasno i dok\u0142adnie tak, jak wi\u0119kszo\u015b\u0107 u\u017cytkownik\u00f3w ju\u017c wie z innych znanych stron internetowych. Dlatego powinno by\u0107 kilka problem\u00f3w dla u\u017cytkownik\u00f3w Internetu.<\/p>\n<p>&nbsp;<\/p>\n<h2>Korzy\u015bci z konta premium w Filejoker<\/h2>\n<p>Twoje konto Filejoker Premium pozwala zmaksymalizowa\u0107 pr\u0119dko\u015b\u0107 pobierania i wykonywa\u0107 wiele pobra\u0144 jednocze\u015bnie. Maksymalna wielko\u015b\u0107 plik\u00f3w do pobrania i pojemno\u015b\u0107 pami\u0119ci masowej s\u0105 nieograniczone. Nie ma czasu oczekiwania ani odpowiedzi typu captcha, mo\u017cna zatrzyma\u0107 i wznowi\u0107 pobieranie, oraz <a href=\"https:\/\/itunes.apple.com\/us\/app\/zeus-cloud-manager\/id1275020805\" target=\"_blank\" rel=\"noopener noreferrer\">mobile App<\/a> i wsparcie w kontaktach.<\/p>\n<h2>Nasze wnioski dotycz\u0105ce dostawcy FileJoker<\/h2>\n<p><span data-darkreader-inline-color=\"\">Dostawca FileJoker oferuje bezp\u0142atn\u0105 mo\u017cliwo\u015b\u0107 korzystania z us\u0142ugi, jak r\u00f3wnie\u017c konto premium do nieograniczonego korzystania i bez czasu oczekiwania. W ten spos\u00f3b profesjonalny u\u017cytkownik i amator maj\u0105 mo\u017cliwo\u015b\u0107 korzystania z us\u0142ugi na uczciwych warunkach. Mo\u017cliwo\u015b\u0107 przej\u015bcia na wersj\u0119 premium jest \u0142atwa do znalezienia, podobnie jak p\u0142atno\u015b\u0107, kt\u00f3ra mo\u017ce by\u0107 dokonana na kilka sposob\u00f3w. Anonimowa p\u0142atno\u015b\u0107 przez Paysafecard nie jest mo\u017cliwa bezpo\u015brednio z Filejoker, ale z wieloma sprzedawcami Filejoker Premium. Obs\u0142uga jest bardzo prosta i intuicyjna, dzi\u0119ki czemu nawet niedo\u015bwiadczeni u\u017cytkownicy mog\u0105 dobrze zarz\u0105dza\u0107 stron\u0105 internetow\u0105. FileJoker FileHoster jest zatem wysoce zalecane i jest w ka\u017cdym przypadku dobrym sposobem na pobieranie lub pobieranie danych.<\/span><\/p>\n<p><a class=\"fasc-button fasc-size-xlarge fasc-type-glossy fasc-rounded-medium ico-fa fasc-ico-after fa-share\" style=\"background-color: #247edd; color: #ffffff;\" target=\"_blank\" rel=\"nofollow noopener noreferrer\" href=\"https:\/\/multihoster.org\/filejoker\/goto\/\">Przejd\u017a do Filejoker.com<\/a><\/p>\n","protected":false},"excerpt":{"rendered":"<p>Z FileJoker, mo\u017cesz wybra\u0107 pomi\u0119dzy bezp\u0142atn\u0105 lub p\u0142atn\u0105 wersj\u0105. Wszystko zale\u017cy od Twoich potrzeb, co jest w\u0142a\u015bciwym wyborem dla Ciebie.<\/p>\n","protected":false},"author":2,"featured_media":0,"parent":0,"menu_order":0,"comment_status":"closed","ping_status":"closed","template":"","meta":[],"yoast_head":"<!-- This site is optimized with the Yoast SEO plugin v18.3 - https:\/\/yoast.com\/wordpress\/plugins\/seo\/ -->\n<title>lll\u25b7 FileJoker Premium Account serious or not? Test na Multihoster.org<\/title>\n<meta name=\"description\" content=\"Oferujemy Ci wszystkie wa\u017cne informacje na temat FileJoker filehoster i pokazujemy Ci, z kt\u00f3rych funkcji mo\u017cesz korzysta\u0107 za darmo, a z kt\u00f3rych mo\u017cesz korzysta\u0107 za op\u0142at\u0105.\" \/>\n<meta name=\"robots\" content=\"index, follow, max-snippet:-1, max-image-preview:large, max-video-preview:-1\" \/>\n<link rel=\"canonical\" href=\"https:\/\/multihoster.org\/pl\/filejoker\/\" \/>\n<meta property=\"og:locale\" content=\"pl_PL\" \/>\n<meta property=\"og:type\" content=\"article\" \/>\n<meta property=\"og:title\" content=\"lll\u25b7 FileJoker Premium Account serious or not? Test na Multihoster.org\" \/>\n<meta property=\"og:description\" content=\"Oferujemy Ci wszystkie wa\u017cne informacje na temat FileJoker filehoster i pokazujemy Ci, z kt\u00f3rych funkcji mo\u017cesz korzysta\u0107 za darmo, a z kt\u00f3rych mo\u017cesz korzysta\u0107 za op\u0142at\u0105.\" \/>\n<meta property=\"og:url\" content=\"https:\/\/multihoster.org\/pl\/filejoker\/\" \/>\n<meta property=\"og:site_name\" content=\"Multihoster.org\" \/>\n<meta property=\"article:modified_time\" content=\"2019-03-18T22:09:47+00:00\" \/>\n<meta property=\"og:image\" content=\"https:\/\/multihoster.org\/wp-content\/uploads\/2018\/09\/logo-300x72.png\" \/>\n<meta name=\"twitter:card\" content=\"summary\" \/>\n<meta name=\"twitter:label1\" content=\"Szacowany czas czytania\" \/>\n\t<meta name=\"twitter:data1\" content=\"5 minut\" \/>\n<script type=\"application\/ld+json\" class=\"yoast-schema-graph\">{\"@context\":\"https:\/\/schema.org\",\"@graph\":[{\"@type\":\"WebSite\",\"@id\":\"https:\/\/multihoster.org\/#website\",\"url\":\"https:\/\/multihoster.org\/\",\"name\":\"Multihoster.org\",\"description\":\"Reviews of the major Filehosting services\",\"potentialAction\":[{\"@type\":\"SearchAction\",\"target\":{\"@type\":\"EntryPoint\",\"urlTemplate\":\"https:\/\/multihoster.org\/?s={search_term_string}\"},\"query-input\":\"required name=search_term_string\"}],\"inLanguage\":\"pl-PL\"},{\"@type\":\"ImageObject\",\"@id\":\"https:\/\/multihoster.org\/pl\/filejoker\/#primaryimage\",\"inLanguage\":\"pl-PL\",\"url\":\"https:\/\/multihoster.org\/wp-content\/uploads\/2018\/09\/logo.png\",\"contentUrl\":\"https:\/\/multihoster.org\/wp-content\/uploads\/2018\/09\/logo.png\",\"width\":419,\"height\":100,\"caption\":\"logo\"},{\"@type\":\"WebPage\",\"@id\":\"https:\/\/multihoster.org\/pl\/filejoker\/#webpage\",\"url\":\"https:\/\/multihoster.org\/pl\/filejoker\/\",\"name\":\"lll\u25b7 FileJoker Premium Account serious or not? Test na Multihoster.org\",\"isPartOf\":{\"@id\":\"https:\/\/multihoster.org\/#website\"},\"primaryImageOfPage\":{\"@id\":\"https:\/\/multihoster.org\/pl\/filejoker\/#primaryimage\"},\"datePublished\":\"2018-10-04T14:48:24+00:00\",\"dateModified\":\"2019-03-18T22:09:47+00:00\",\"description\":\"Oferujemy Ci wszystkie wa\u017cne informacje na temat FileJoker filehoster i pokazujemy Ci, z kt\u00f3rych funkcji mo\u017cesz korzysta\u0107 za darmo, a z kt\u00f3rych mo\u017cesz korzysta\u0107 za op\u0142at\u0105.\",\"breadcrumb\":{\"@id\":\"https:\/\/multihoster.org\/pl\/filejoker\/#breadcrumb\"},\"inLanguage\":\"pl-PL\",\"potentialAction\":[{\"@type\":\"ReadAction\",\"target\":[\"https:\/\/multihoster.org\/pl\/filejoker\/\"]}]},{\"@type\":\"BreadcrumbList\",\"@id\":\"https:\/\/multihoster.org\/pl\/filejoker\/#breadcrumb\",\"itemListElement\":[{\"@type\":\"ListItem\",\"position\":1,\"name\":\"Startseite\",\"item\":\"https:\/\/multihoster.org\/pl\/\"},{\"@type\":\"ListItem\",\"position\":2,\"name\":\"FileJoker Premium Account &#8211; Host w skr\u00f3cie\"}]}]}<\/script>\n<!-- \/ Yoast SEO plugin. -->","yoast_head_json":{"title":"lll\u25b7 FileJoker Premium Account serious or not? Test na Multihoster.org","description":"Oferujemy Ci wszystkie wa\u017cne informacje na temat FileJoker filehoster i pokazujemy Ci, z kt\u00f3rych funkcji mo\u017cesz korzysta\u0107 za darmo, a z kt\u00f3rych mo\u017cesz korzysta\u0107 za op\u0142at\u0105.","robots":{"index":"index","follow":"follow","max-snippet":"max-snippet:-1","max-image-preview":"max-image-preview:large","max-video-preview":"max-video-preview:-1"},"canonical":"https:\/\/multihoster.org\/pl\/filejoker\/","og_locale":"pl_PL","og_type":"article","og_title":"lll\u25b7 FileJoker Premium Account serious or not? Test na Multihoster.org","og_description":"Oferujemy Ci wszystkie wa\u017cne informacje na temat FileJoker filehoster i pokazujemy Ci, z kt\u00f3rych funkcji mo\u017cesz korzysta\u0107 za darmo, a z kt\u00f3rych mo\u017cesz korzysta\u0107 za op\u0142at\u0105.","og_url":"https:\/\/multihoster.org\/pl\/filejoker\/","og_site_name":"Multihoster.org","article_modified_time":"2019-03-18T22:09:47+00:00","og_image":[{"url":"https:\/\/multihoster.org\/wp-content\/uploads\/2018\/09\/logo-300x72.png"}],"twitter_card":"summary","twitter_misc":{"Szacowany czas czytania":"5 minut"},"schema":{"@context":"https:\/\/schema.org","@graph":[{"@type":"WebSite","@id":"https:\/\/multihoster.org\/#website","url":"https:\/\/multihoster.org\/","name":"Multihoster.org","description":"Reviews of the major Filehosting services","potentialAction":[{"@type":"SearchAction","target":{"@type":"EntryPoint","urlTemplate":"https:\/\/multihoster.org\/?s={search_term_string}"},"query-input":"required name=search_term_string"}],"inLanguage":"pl-PL"},{"@type":"ImageObject","@id":"https:\/\/multihoster.org\/pl\/filejoker\/#primaryimage","inLanguage":"pl-PL","url":"https:\/\/multihoster.org\/wp-content\/uploads\/2018\/09\/logo.png","contentUrl":"https:\/\/multihoster.org\/wp-content\/uploads\/2018\/09\/logo.png","width":419,"height":100,"caption":"logo"},{"@type":"WebPage","@id":"https:\/\/multihoster.org\/pl\/filejoker\/#webpage","url":"https:\/\/multihoster.org\/pl\/filejoker\/","name":"lll\u25b7 FileJoker Premium Account serious or not? Test na Multihoster.org","isPartOf":{"@id":"https:\/\/multihoster.org\/#website"},"primaryImageOfPage":{"@id":"https:\/\/multihoster.org\/pl\/filejoker\/#primaryimage"},"datePublished":"2018-10-04T14:48:24+00:00","dateModified":"2019-03-18T22:09:47+00:00","description":"Oferujemy Ci wszystkie wa\u017cne informacje na temat FileJoker filehoster i pokazujemy Ci, z kt\u00f3rych funkcji mo\u017cesz korzysta\u0107 za darmo, a z kt\u00f3rych mo\u017cesz korzysta\u0107 za op\u0142at\u0105.","breadcrumb":{"@id":"https:\/\/multihoster.org\/pl\/filejoker\/#breadcrumb"},"inLanguage":"pl-PL","potentialAction":[{"@type":"ReadAction","target":["https:\/\/multihoster.org\/pl\/filejoker\/"]}]},{"@type":"BreadcrumbList","@id":"https:\/\/multihoster.org\/pl\/filejoker\/#breadcrumb","itemListElement":[{"@type":"ListItem","position":1,"name":"Startseite","item":"https:\/\/multihoster.org\/pl\/"},{"@type":"ListItem","position":2,"name":"FileJoker Premium Account &#8211; Host w skr\u00f3cie"}]}]}},"_links":{"self":[{"href":"https:\/\/multihoster.org\/pl\/wp-json\/wp\/v2\/pages\/1550"}],"collection":[{"href":"https:\/\/multihoster.org\/pl\/wp-json\/wp\/v2\/pages"}],"about":[{"href":"https:\/\/multihoster.org\/pl\/wp-json\/wp\/v2\/types\/page"}],"author":[{"embeddable":true,"href":"https:\/\/multihoster.org\/pl\/wp-json\/wp\/v2\/users\/2"}],"replies":[{"embeddable":true,"href":"https:\/\/multihoster.org\/pl\/wp-json\/wp\/v2\/comments?post=1550"}],"version-history":[{"count":3,"href":"https:\/\/multihoster.org\/pl\/wp-json\/wp\/v2\/pages\/1550\/revisions"}],"predecessor-version":[{"id":2181,"href":"https:\/\/multihoster.org\/pl\/wp-json\/wp\/v2\/pages\/1550\/revisions\/2181"}],"wp:attachment":[{"href":"https:\/\/multihoster.org\/pl\/wp-json\/wp\/v2\/media?parent=1550"}],"curies":[{"name":"wp","href":"https:\/\/api.w.org\/{rel}","templated":true}]}}