{"id":1601,"date":"2018-10-01T05:03:51","date_gmt":"2018-10-01T05:03:51","guid":{"rendered":"https:\/\/multihoster.org\/?page_id=1601"},"modified":"2018-10-04T14:34:31","modified_gmt":"2018-10-04T14:34:31","slug":"offcloud","status":"publish","type":"page","link":"https:\/\/multihoster.org\/pl\/offcloud\/","title":{"rendered":"Offcloud &#8211; Multihoster w skr\u00f3cie"},"content":{"rendered":"<p><img loading=\"lazy\" class=\"wp-image-1573 alignleft\" src=\"https:\/\/multihoster.org\/wp-content\/uploads\/2018\/10\/logo.png\" alt=\"logo\" width=\"263\" height=\"110\" srcset=\"https:\/\/multihoster.org\/wp-content\/uploads\/2018\/10\/logo.png 410w, https:\/\/multihoster.org\/wp-content\/uploads\/2018\/10\/logo-300x125.png 300w\" sizes=\"(max-width: 263px) 100vw, 263px\" \/>Offcloud Multihoster oferuje mo\u017cliwo\u015b\u0107 pobierania r\u00f3\u017cnych plik\u00f3w i pobierania po\u017c\u0105danych plik\u00f3w w chmurze. Mo\u017cesz r\u00f3wnie\u017c tworzy\u0107 kopie zapasowe w chmurze, korzysta\u0107 z API i dziesi\u0105tk\u00f3w innych narz\u0119dzi. Mo\u017cesz wybra\u0107 pomi\u0119dzy bezp\u0142atn\u0105 wersj\u0105 a kontem premium Offcloud.<\/p>\n<p><span data-darkreader-inline-color=\"\">Offcloud dzia\u0142a jako mened\u017cer pobierania w chmurze, kt\u00f3ry obs\u0142uguje du\u017c\u0105 liczb\u0119 stron internetowych i dlatego oferuje bardzo kompletn\u0105 us\u0142ug\u0119. Obs\u0142ugiwane strony internetowe w chmurze obejmuj\u0105 plik 1File, <a href=\"https:\/\/multihoster.org\/de\/rapidgator\/\" target=\"_blank\" rel=\"noopener\">Rapidgator<\/a> jak r\u00f3wnie\u017c <a href=\"https:\/\/multihoster.org\/de\/filefactory\/\" target=\"_blank\" rel=\"noopener\">FileFactory<\/a> i wiele wi\u0119cej. Wspieramy r\u00f3wnie\u017c kilku dostawc\u00f3w us\u0142ug streamingowych, od Soundcloud i Youtube do Vimeo i znanych serwis\u00f3w erotycznych. Przetestowali\u015bmy i zweryfikowali\u015bmy Offcloud. Poni\u017cej znajdziesz wi\u0119cej informacji i nasze do\u015bwiadczenia z Offcloud.<br \/>\n<\/span><\/p>\n<h2><strong>Pozytywne cechy charakterystyczne dostawcy<\/strong><\/h2>\n<ul>\n<li>Konto darmowe i Premium<\/li>\n<li>szeroki wyb\u00f3r wspieranych stron<\/li>\n<li>r\u00f3\u017cne narz\u0119dzia i rozszerzenia<\/li>\n<li>anonimowe metody p\u0142atno\u015bci<\/li>\n<li>Przejrzysta, \u0142atwa w u\u017cyciu konstrukcja<\/li>\n<\/ul>\n<h2><span data-darkreader-inline-color=\"\">Ca\u0142a oferta Offcloud w skr\u00f3cie<\/span><\/h2>\n<p>Je\u015bli chcesz najpierw wypr\u00f3bowa\u0107 us\u0142ug\u0119 Offcloud, mo\u017cesz utworzy\u0107 darmowe konto. Opcj\u0119 t\u0119 znajdziesz bezpo\u015brednio na stronie g\u0142\u00f3wnej, gdzie wystarczy wpisa\u0107 tylko adres e-mail, a jednym klikni\u0119ciem zako\u0144czysz rejestracj\u0119. Otrzymasz e-mail od dostawcy i b\u0119dziesz m\u00f3g\u0142 ustawi\u0107 has\u0142o do swojego konta.<\/p>\n<p>Je\u015bli chcesz skorzysta\u0107 z maksymalnego zakresu us\u0142ug, mo\u017cesz uaktualni\u0107 swoje konto do konta Premium Offcloud i zamkn\u0105\u0107 jedn\u0105 z czterech stawek. Tutaj mo\u017cesz wybra\u0107 stawki na okres od jednego miesi\u0105ca do jednego roku.<\/p>\n<h2>Oferty premiowe<\/h2>\n<p><span data-darkreader-inline-color=\"\">W obszarze ofert wi\u0105za\u0144 znajduj\u0105 si\u0119 dwie aplikacje do przetwarzania w chmurze &#8211; <a href=\"https:\/\/chrome.google.com\/webstore\/detail\/offcloudcom-extension\/mhenombkbjeannffjnhcnelokhkfndch\" target=\"_blank\" rel=\"noopener\">Offcloud f\u00fcr Google Chrome<\/a> i Offcloud dla Google Drive. Ponadto, istniej\u0105 praktyczne rozszerzenia przegl\u0105darki internetowej, obs\u0142ugiwane przez przegl\u0105darki Google Chrome, Opera, Firefox, Safari i Edge. Ponadto, istniej\u0105 dwa narz\u0119dzia automatyzacji i trzy pulpit mened\u017cer\u00f3w pobierania. Og\u00f3lnie rzecz bior\u0105c, Offcloud oferuje szeroki wachlarz ofert bonusowych, kt\u00f3re mog\u0105 by\u0107 r\u00f3wnie\u017c u\u017cywane w po\u0142\u0105czeniu z kontem darmowym.<br \/>\n<\/span><\/p>\n<p>Reklamuj\u0105c dostawc\u0119 i pozyskuj\u0105c nowych klient\u00f3w, mo\u017cna r\u00f3wnie\u017c uzyska\u0107 bony kredytowe, kt\u00f3re mo\u017cna wykorzysta\u0107 do bezp\u0142atnego zakupu konta premium. Mo\u017cesz r\u00f3wnie\u017c zarobi\u0107 bezpo\u015bredni\u0105 prowizj\u0119, kt\u00f3ra jest wyp\u0142acana za pomoc\u0105 Paypal lub Bitcoin. Wszystko, co musz\u0105 zrobi\u0107, to udost\u0119pni\u0107 osobisty link polecaj\u0105cy i poczeka\u0107, a\u017c kto\u015b odwiedzi stron\u0119 dostawcy poprzez jego link i utworzy konto.<\/p>\n<h2><span data-darkreader-inline-color=\"\">Koszty i metody p\u0142atno\u015bci <\/span><\/h2>\n<p><span data-darkreader-inline-color=\"\">W celu dokonania p\u0142atno\u015bci za rejestracj\u0119, masz kilka procedur. Na przyk\u0142ad, mo\u017cna p\u0142aci\u0107 kart\u0105 kredytow\u0105, Paypal lub Alipay. Dostawcy us\u0142ug p\u0142atniczych Alipay, UnionPay i Neosurf, WebMoney i wiele innych s\u0105 r\u00f3wnie\u017c dost\u0119pne. Je\u015bli chcesz zap\u0142aci\u0107 rachunek anonimowo, mo\u017cesz skorzysta\u0107 z metod p\u0142atno\u015bci Bitcoin lub Paysafe.<\/span><\/p>\n<p><strong>\n<table id=\"tablepress-121\" class=\"tablepress tablepress-id-121\">\n<thead>\n<tr class=\"row-1 odd\">\n\t<th class=\"column-1\">Dobry zestaw<\/th><th class=\"column-2\">Przydatny partner<\/th>\n<\/tr>\n<\/thead>\n<tbody class=\"row-hover\">\n<tr class=\"row-2 even\">\n\t<td class=\"column-1\">1 miesi\u0105c<\/td><td class=\"column-2\">1 rok<\/td>\n<\/tr>\n<tr class=\"row-3 odd\">\n\t<td class=\"column-1\">9,99 $<\/td><td class=\"column-2\">59,99 $<\/td>\n<\/tr>\n<\/tbody>\n<\/table>\n<!-- #tablepress-121 from cache --><\/strong><\/p>\n<p><img loading=\"lazy\" class=\"alignnone size-full wp-image-1473\" src=\"https:\/\/multihoster.org\/wp-content\/uploads\/2018\/09\/prices-2.png\" alt=\"prices\" width=\"844\" height=\"280\" srcset=\"https:\/\/multihoster.org\/wp-content\/uploads\/2018\/09\/prices-2.png 844w, https:\/\/multihoster.org\/wp-content\/uploads\/2018\/09\/prices-2-300x100.png 300w, https:\/\/multihoster.org\/wp-content\/uploads\/2018\/09\/prices-2-768x255.png 768w\" sizes=\"(max-width: 844px) 100vw, 844px\" \/><\/p>\n<h2><span data-darkreader-inline-color=\"\">Polityka prywatno\u015bci<\/span><\/h2>\n<p>Dostawca Offcloud jest zobowi\u0105zany do bezpiecznego i niezawodnego przetwarzania danych. Dane osobowe, takie jak adres e-mail i nazwisko, podane podczas rejestracji s\u0105 rejestrowane mi\u0119dzy innymi. Ponadto dane demograficzne mog\u0105 by\u0107 wykorzystywane do optymalizacji proces\u00f3w biznesowych, kt\u00f3re s\u0105 przekazywane anonimowo bez bezpo\u015bredniego odniesienia do osoby. Zg\u0142aszane dane finansowe s\u0105 wykorzystywane wy\u0142\u0105cznie do planowanych proces\u00f3w. Pliki cookie mog\u0105 by\u0107 r\u00f3wnie\u017c wykorzystywane w celu poprawy do\u015bwiadczenia u\u017cytkownika.<\/p>\n<h2><span data-darkreader-inline-color=\"\">Obs\u0142uga klienta <\/span><\/h2>\n<p><span data-darkreader-inline-color=\"\">Je\u015bli masz pytania dotycz\u0105ce us\u0142ugi Offcloud, mo\u017cesz otworzy\u0107 bilet na swoim koncie w opcji menu Support. W tym celu mo\u017cemy najpierw opisa\u0107 surowy obiekt, a nast\u0119pnie dok\u0142adn\u0105 pro\u015bb\u0119. Mo\u017cesz r\u00f3wnie\u017c skontaktowa\u0107 si\u0119 z obs\u0142ug\u0105 Offcloud poprzez Twitter. Przed skontaktowaniem si\u0119 z dzia\u0142em obs\u0142ugi klienta, mo\u017cna r\u00f3wnie\u017c wyszuka\u0107 nast\u0119puj\u0105ce cz\u0119sto zadawane pytania, aby znale\u017a\u0107 odpowiedni\u0105 odpowied\u017a na swoje pytanie. Dzi\u0119ki bogatemu do\u015bwiadczeniu Offcloud, wiele problem\u00f3w mo\u017cna ju\u017c tutaj rozwi\u0105za\u0107.<\/span><\/p>\n<h2><span data-darkreader-inline-color=\"\">\u0141atwo\u015b\u0107 u\u017cytkowania <\/span><\/h2>\n<p>W te\u015bcie Offcloud mo\u017cna wyra\u017anie przekona\u0107 si\u0119 o jego \u0142atwo\u015bci obs\u0142ugi. Strona jest wyra\u017anie zorganizowana, a rejestracja na bezp\u0142atne konto odbywa si\u0119 w kilka sekund na stronie g\u0142\u00f3wnej. Bardziej szczeg\u00f3\u0142owe informacje na temat cen i us\u0142ug s\u0105 \u0142atwo dost\u0119pne.<\/p>\n<p>Po zalogowaniu mo\u017cesz wybra\u0107 pomi\u0119dzy zak\u0142adkami Instant, Cloud i Remote po lewej stronie strony jako cz\u0119\u015b\u0107 us\u0142ugi. W zak\u0142adce Snapshot, mo\u017cna natychmiast przes\u0142a\u0107 lub pobra\u0107 wiele plik\u00f3w, zak\u0142adka Cloud pozwala na tymczasowe przechowywanie plik\u00f3w w Internecie, a funkcja zdalnego pobierania pozwala na pobranie dowolnego pliku, kt\u00f3ry wymaga tylko utworzenia zdalnego konta. Po lewej stronie konta znajdziesz r\u00f3wnie\u017c podstrony Sklep, Wsparcie, Rachunki i Aplikacje oraz Partner\u00f3w. Og\u00f3lnie rzecz bior\u0105c, nasz test Offcloud pokazuje, \u017ce us\u0142uga jest prosta i \u0142atwa w u\u017cyciu &#8211; og\u00f3lnie rzecz bior\u0105c, mamy tylko pozytywne do\u015bwiadczenia z dostawc\u0105 Offcloud.<\/p>\n<h2><span data-darkreader-inline-color=\"\">Korzy\u015bci z konta premium Offcloud<\/span><\/h2>\n<p><span data-darkreader-inline-color=\"\">Z kontem Premium Offcloud, mo\u017cesz korzysta\u0107 z nieograniczonego generowania link\u00f3w i mie\u0107 dost\u0119p do stron Premium Filehoster i strumieniowych stron wideo. Mo\u017cna r\u00f3wnie\u017c u\u017cy\u0107 link\u00f3w i magnes\u00f3w BitTorrent. Masz nieograniczon\u0105 przepustowo\u015b\u0107 serwera proxy, nieograniczon\u0105 ilo\u015b\u0107 pami\u0119ci masowej w chmurze i dowoln\u0105 liczb\u0119 zdalnych plik\u00f3w do pobrania. Ponadto, masz mo\u017cliwo\u015b\u0107 pobierania plik\u00f3w PDF i <a href=\"http:\/\/www.goer.org\/HTML\/\" target=\"_blank\" rel=\"noopener\">PocketHTML<\/a> konwersja.<br \/>\n<\/span><\/p>\n<h2><span data-darkreader-inline-color=\"\">Nasze wnioski dotycz\u0105ce dostawcy us\u0142ugi Offcloud<\/span><\/h2>\n<p><span data-darkreader-inline-color=\"\">Og\u00f3lnie rzecz bior\u0105c, Offcloud oferuje bardzo ciekaw\u0105 i kompletn\u0105 ofert\u0119, kt\u00f3ra mo\u017ce by\u0107 testowana za darmo. Je\u015bli chcesz korzysta\u0107 z pe\u0142nego zakresu us\u0142ug dostawcy, mo\u017cesz wykupi\u0107 abonament Premium. W celu dokonania p\u0142atno\u015bci za konto Premium mo\u017cna wybra\u0107 pomi\u0119dzy r\u00f3\u017cnymi metodami p\u0142atno\u015bci, w tym dwoma anonimowymi procesami p\u0142atno\u015bci. W te\u015bcie, Offcloud Multihoster jest do\u015b\u0107 przekonuj\u0105cy. Strona internetowa jest tak skonstruowana, \u017ce wszystkie funkcje i informacje s\u0105 szybko widoczne. Znajdziesz tu r\u00f3wnie\u017c wiele przydatnych narz\u0119dzi i rozszerze\u0144. Z bezp\u0142atnym kontem, mo\u017cna \u0142atwo stworzy\u0107 w\u0142asne do\u015bwiadczenie off-cloud i, je\u015bli chcesz, wybra\u0107 konto premium z wszystkimi mo\u017cliwo\u015bciami.<\/span><\/p>\n","protected":false},"excerpt":{"rendered":"<p>Offcloud Multihoster oferuje mo\u017cliwo\u015b\u0107 pobierania r\u00f3\u017cnych plik\u00f3w i pobierania po\u017c\u0105danych plik\u00f3w w chmurze. Mo\u017cesz r\u00f3wnie\u017c tworzy\u0107 kopie zapasowe w chmurze,<\/p>\n","protected":false},"author":2,"featured_media":0,"parent":0,"menu_order":0,"comment_status":"closed","ping_status":"closed","template":"","meta":[],"yoast_head":"<!-- This site is optimized with the Yoast SEO plugin v18.3 - https:\/\/yoast.com\/wordpress\/plugins\/seo\/ -->\n<title>lll\u25b7 Czy chmura jest powa\u017cna, czy nie? ++++ Test na Multihoster.org<\/title>\n<meta name=\"description\" content=\"Zastanawiasz si\u0119, czy Multihoster Offcloud jest w\u0142a\u015bciwym wyborem dla Ciebie? Przyjrzeli\u015bmy si\u0119 z bliska dostawcy i ch\u0119tnie podzielimy si\u0119 z Pa\u0144stwem naszymi do\u015bwiadczeniami.\" \/>\n<meta name=\"robots\" content=\"index, follow, max-snippet:-1, max-image-preview:large, max-video-preview:-1\" \/>\n<link rel=\"canonical\" href=\"https:\/\/multihoster.org\/pl\/offcloud\/\" \/>\n<meta property=\"og:locale\" content=\"pl_PL\" \/>\n<meta property=\"og:type\" content=\"article\" \/>\n<meta property=\"og:title\" content=\"lll\u25b7 Czy chmura jest powa\u017cna, czy nie? ++++ Test na Multihoster.org\" \/>\n<meta property=\"og:description\" content=\"Zastanawiasz si\u0119, czy Multihoster Offcloud jest w\u0142a\u015bciwym wyborem dla Ciebie? Przyjrzeli\u015bmy si\u0119 z bliska dostawcy i ch\u0119tnie podzielimy si\u0119 z Pa\u0144stwem naszymi do\u015bwiadczeniami.\" \/>\n<meta property=\"og:url\" content=\"https:\/\/multihoster.org\/pl\/offcloud\/\" \/>\n<meta property=\"og:site_name\" content=\"Multihoster.org\" \/>\n<meta property=\"article:modified_time\" content=\"2018-10-04T14:34:31+00:00\" \/>\n<meta property=\"og:image\" content=\"https:\/\/multihoster.org\/wp-content\/uploads\/2018\/10\/logo.png\" \/>\n<meta name=\"twitter:card\" content=\"summary\" \/>\n<meta name=\"twitter:label1\" content=\"Szacowany czas czytania\" \/>\n\t<meta name=\"twitter:data1\" content=\"5 minut\" \/>\n<script type=\"application\/ld+json\" class=\"yoast-schema-graph\">{\"@context\":\"https:\/\/schema.org\",\"@graph\":[{\"@type\":\"WebSite\",\"@id\":\"https:\/\/multihoster.org\/#website\",\"url\":\"https:\/\/multihoster.org\/\",\"name\":\"Multihoster.org\",\"description\":\"Reviews of the major Filehosting services\",\"potentialAction\":[{\"@type\":\"SearchAction\",\"target\":{\"@type\":\"EntryPoint\",\"urlTemplate\":\"https:\/\/multihoster.org\/?s={search_term_string}\"},\"query-input\":\"required name=search_term_string\"}],\"inLanguage\":\"pl-PL\"},{\"@type\":\"ImageObject\",\"@id\":\"https:\/\/multihoster.org\/pl\/offcloud\/#primaryimage\",\"inLanguage\":\"pl-PL\",\"url\":\"https:\/\/multihoster.org\/wp-content\/uploads\/2018\/10\/logo.png\",\"contentUrl\":\"https:\/\/multihoster.org\/wp-content\/uploads\/2018\/10\/logo.png\",\"width\":410,\"height\":171,\"caption\":\"logo\"},{\"@type\":\"WebPage\",\"@id\":\"https:\/\/multihoster.org\/pl\/offcloud\/#webpage\",\"url\":\"https:\/\/multihoster.org\/pl\/offcloud\/\",\"name\":\"lll\u25b7 Czy chmura jest powa\u017cna, czy nie? ++++ Test na Multihoster.org\",\"isPartOf\":{\"@id\":\"https:\/\/multihoster.org\/#website\"},\"primaryImageOfPage\":{\"@id\":\"https:\/\/multihoster.org\/pl\/offcloud\/#primaryimage\"},\"datePublished\":\"2018-10-01T05:03:51+00:00\",\"dateModified\":\"2018-10-04T14:34:31+00:00\",\"description\":\"Zastanawiasz si\u0119, czy Multihoster Offcloud jest w\u0142a\u015bciwym wyborem dla Ciebie? Przyjrzeli\u015bmy si\u0119 z bliska dostawcy i ch\u0119tnie podzielimy si\u0119 z Pa\u0144stwem naszymi do\u015bwiadczeniami.\",\"breadcrumb\":{\"@id\":\"https:\/\/multihoster.org\/pl\/offcloud\/#breadcrumb\"},\"inLanguage\":\"pl-PL\",\"potentialAction\":[{\"@type\":\"ReadAction\",\"target\":[\"https:\/\/multihoster.org\/pl\/offcloud\/\"]}]},{\"@type\":\"BreadcrumbList\",\"@id\":\"https:\/\/multihoster.org\/pl\/offcloud\/#breadcrumb\",\"itemListElement\":[{\"@type\":\"ListItem\",\"position\":1,\"name\":\"Startseite\",\"item\":\"https:\/\/multihoster.org\/pl\/\"},{\"@type\":\"ListItem\",\"position\":2,\"name\":\"Offcloud &#8211; Multihoster w skr\u00f3cie\"}]}]}<\/script>\n<!-- \/ Yoast SEO plugin. -->","yoast_head_json":{"title":"lll\u25b7 Czy chmura jest powa\u017cna, czy nie? ++++ Test na Multihoster.org","description":"Zastanawiasz si\u0119, czy Multihoster Offcloud jest w\u0142a\u015bciwym wyborem dla Ciebie? Przyjrzeli\u015bmy si\u0119 z bliska dostawcy i ch\u0119tnie podzielimy si\u0119 z Pa\u0144stwem naszymi do\u015bwiadczeniami.","robots":{"index":"index","follow":"follow","max-snippet":"max-snippet:-1","max-image-preview":"max-image-preview:large","max-video-preview":"max-video-preview:-1"},"canonical":"https:\/\/multihoster.org\/pl\/offcloud\/","og_locale":"pl_PL","og_type":"article","og_title":"lll\u25b7 Czy chmura jest powa\u017cna, czy nie? ++++ Test na Multihoster.org","og_description":"Zastanawiasz si\u0119, czy Multihoster Offcloud jest w\u0142a\u015bciwym wyborem dla Ciebie? Przyjrzeli\u015bmy si\u0119 z bliska dostawcy i ch\u0119tnie podzielimy si\u0119 z Pa\u0144stwem naszymi do\u015bwiadczeniami.","og_url":"https:\/\/multihoster.org\/pl\/offcloud\/","og_site_name":"Multihoster.org","article_modified_time":"2018-10-04T14:34:31+00:00","og_image":[{"url":"https:\/\/multihoster.org\/wp-content\/uploads\/2018\/10\/logo.png"}],"twitter_card":"summary","twitter_misc":{"Szacowany czas czytania":"5 minut"},"schema":{"@context":"https:\/\/schema.org","@graph":[{"@type":"WebSite","@id":"https:\/\/multihoster.org\/#website","url":"https:\/\/multihoster.org\/","name":"Multihoster.org","description":"Reviews of the major Filehosting services","potentialAction":[{"@type":"SearchAction","target":{"@type":"EntryPoint","urlTemplate":"https:\/\/multihoster.org\/?s={search_term_string}"},"query-input":"required name=search_term_string"}],"inLanguage":"pl-PL"},{"@type":"ImageObject","@id":"https:\/\/multihoster.org\/pl\/offcloud\/#primaryimage","inLanguage":"pl-PL","url":"https:\/\/multihoster.org\/wp-content\/uploads\/2018\/10\/logo.png","contentUrl":"https:\/\/multihoster.org\/wp-content\/uploads\/2018\/10\/logo.png","width":410,"height":171,"caption":"logo"},{"@type":"WebPage","@id":"https:\/\/multihoster.org\/pl\/offcloud\/#webpage","url":"https:\/\/multihoster.org\/pl\/offcloud\/","name":"lll\u25b7 Czy chmura jest powa\u017cna, czy nie? ++++ Test na Multihoster.org","isPartOf":{"@id":"https:\/\/multihoster.org\/#website"},"primaryImageOfPage":{"@id":"https:\/\/multihoster.org\/pl\/offcloud\/#primaryimage"},"datePublished":"2018-10-01T05:03:51+00:00","dateModified":"2018-10-04T14:34:31+00:00","description":"Zastanawiasz si\u0119, czy Multihoster Offcloud jest w\u0142a\u015bciwym wyborem dla Ciebie? Przyjrzeli\u015bmy si\u0119 z bliska dostawcy i ch\u0119tnie podzielimy si\u0119 z Pa\u0144stwem naszymi do\u015bwiadczeniami.","breadcrumb":{"@id":"https:\/\/multihoster.org\/pl\/offcloud\/#breadcrumb"},"inLanguage":"pl-PL","potentialAction":[{"@type":"ReadAction","target":["https:\/\/multihoster.org\/pl\/offcloud\/"]}]},{"@type":"BreadcrumbList","@id":"https:\/\/multihoster.org\/pl\/offcloud\/#breadcrumb","itemListElement":[{"@type":"ListItem","position":1,"name":"Startseite","item":"https:\/\/multihoster.org\/pl\/"},{"@type":"ListItem","position":2,"name":"Offcloud &#8211; Multihoster w skr\u00f3cie"}]}]}},"_links":{"self":[{"href":"https:\/\/multihoster.org\/pl\/wp-json\/wp\/v2\/pages\/1601"}],"collection":[{"href":"https:\/\/multihoster.org\/pl\/wp-json\/wp\/v2\/pages"}],"about":[{"href":"https:\/\/multihoster.org\/pl\/wp-json\/wp\/v2\/types\/page"}],"author":[{"embeddable":true,"href":"https:\/\/multihoster.org\/pl\/wp-json\/wp\/v2\/users\/2"}],"replies":[{"embeddable":true,"href":"https:\/\/multihoster.org\/pl\/wp-json\/wp\/v2\/comments?post=1601"}],"version-history":[{"count":2,"href":"https:\/\/multihoster.org\/pl\/wp-json\/wp\/v2\/pages\/1601\/revisions"}],"predecessor-version":[{"id":1605,"href":"https:\/\/multihoster.org\/pl\/wp-json\/wp\/v2\/pages\/1601\/revisions\/1605"}],"wp:attachment":[{"href":"https:\/\/multihoster.org\/pl\/wp-json\/wp\/v2\/media?parent=1601"}],"curies":[{"name":"wp","href":"https:\/\/api.w.org\/{rel}","templated":true}]}}