{"id":1651,"date":"2018-10-04T13:11:47","date_gmt":"2018-10-04T13:11:47","guid":{"rendered":"https:\/\/multihoster.org\/?page_id=1651"},"modified":"2020-06-05T15:50:16","modified_gmt":"2020-06-05T15:50:16","slug":"alfafile","status":"publish","type":"page","link":"https:\/\/multihoster.org\/pl\/alfafile\/","title":{"rendered":"Alfafile Premiun Account &#8211; Przegl\u0105d pliku hosta"},"content":{"rendered":"\n<p>Nie jeste\u015bmy powi\u0105zani, stowarzyszeni, autoryzowani, zatwierdzeni przez Alfafile.net ani w \u017caden spos\u00f3b oficjalnie z nim zwi\u0105zani.<\/p>\n\n\n<p><img loading=\"lazy\" class=\"wp-image-4766 alignleft\" src=\"https:\/\/multihoster.org\/wp-content\/uploads\/2020\/06\/alfafile_logo.png\" alt=\"\" width=\"293\" height=\"75\" srcset=\"https:\/\/multihoster.org\/wp-content\/uploads\/2020\/06\/alfafile_logo.png 414w, https:\/\/multihoster.org\/wp-content\/uploads\/2020\/06\/alfafile_logo-300x77.png 300w\" sizes=\"(max-width: 293px) 100vw, 293px\" \/>Alfafile jest obecny w sektorze od 2014 roku i od tego czasu jest w stanie zaoferowa\u0107 t\u0119 ekskluzywn\u0105 us\u0142ug\u0119 wielu odwiedzaj\u0105cym. U\u017cytkownicy mog\u0105 pobiera\u0107 i zapisywa\u0107 pliki oraz przesy\u0142a\u0107 r\u00f3\u017cne dane na platform\u0119.<\/p>\n<p>Ponadto na koncie Alfafile Premium znajduje si\u0119 \u0142atwy w u\u017cyciu mened\u017cer plik\u00f3w i maksymalna pr\u0119dko\u015b\u0107 pobierania.<\/p>\n<p>Dostawca zobowi\u0105zuje si\u0119 do pe\u0142nej ochrony Pa\u0144stwa praw i danych osobowych oraz stale rozwija swoje technologie, aby zapewni\u0107 Pa\u0144stwu doskona\u0142\u0105 obs\u0142ug\u0119.<\/p>\n<p><img loading=\"lazy\" class=\"alignnone size-full wp-image-4757\" src=\"https:\/\/multihoster.org\/wp-content\/uploads\/2020\/06\/alfafile_site.png\" alt=\"alfafile site\" width=\"770\" height=\"510\" srcset=\"https:\/\/multihoster.org\/wp-content\/uploads\/2020\/06\/alfafile_site.png 770w, https:\/\/multihoster.org\/wp-content\/uploads\/2020\/06\/alfafile_site-300x199.png 300w, https:\/\/multihoster.org\/wp-content\/uploads\/2020\/06\/alfafile_site-768x509.png 768w\" sizes=\"(max-width: 770px) 100vw, 770px\" \/><\/p>\n<a class=\"maxbutton-1 maxbutton maxbutton-x\" target=\"_blank\" rel=\"nofollow noopener\" href=\"\/alfafile\/goto\/\"><span class='mb-text'>Kup konto Premium<\/span><\/a>\n<p>\u00a0<\/p>\n\n<h2><span lang=\"DE\">Pozytywne cechy charakterystyczne dostawcy<\/span><\/h2>\n<ul>\n<li>Bezp\u0142atnie i za niewielk\u0105 cen\u0119<\/li>\n<li>Kompleksowa obs\u0142uga na najwy\u017cszym poziomie<\/li>\n<li>Poufno\u015b\u0107 danych<\/li>\n<li>Przejrzysty interfejs u\u017cytkownika<\/li>\n<\/ul>\n<h2><span lang=\"DE\">Ca\u0142a gama produkt\u00f3w Alfafile w skr\u00f3cie<\/span><\/h2>\n<p style=\"margin: 18.0pt 0cm 6.0pt 0cm;\"><span lang=\"DE\" style=\"font-family: 'Arial','sans-serif'; color: black;\" data-darkreader-inline-color=\"\">Alfafile oferuje bezp\u0142atne konto i konto Alfafile Premium. Chocia\u017c korzystanie i testowanie us\u0142ugi jest mo\u017cliwe tylko w ograniczonym zakresie przy u\u017cyciu bezp\u0142atnego konta Alfafile Premium, wszystkie funkcje s\u0105 dost\u0119pne w Alfafile Premium. Opr\u00f3cz maksymalnej pr\u0119dko\u015bci pobierania i mo\u017cliwo\u015bci jednoczesnego uruchamiania wielu plik\u00f3w do pobrania, mo\u017cesz korzysta\u0107 z wielu innych dodatkowych funkcji na swoim koncie Alfafile Premium.<\/span><\/p>\n<h2><span lang=\"DE\">Oferty premiowe<\/span><\/h2>\n<p style=\"margin: 18.0pt 0cm 6.0pt 0cm;\"><span lang=\"DE\" style=\"font-family: 'Arial','sans-serif'; color: black;\" data-darkreader-inline-color=\"\">Dla wszystkich, kt\u00f3rzy doceniaj\u0105 i chc\u0105 przekaza\u0107 us\u0142ug\u0119 Alfafile, dost\u0119pny jest program partnerski. Tutaj mo\u017cesz reklamowa\u0107 ofert\u0119 Alfafile Premium z indywidualnym linkiem sponsorowania i otrzyma\u0107 atrakcyjn\u0105 prowizj\u0119 w wysoko\u015bci do 50% od ceny sprzeda\u017cy przy rejestracji nowego u\u017cytkownika.<\/span><\/p>\n<h2 style=\"margin: 16.0pt 0cm 4.0pt 0cm;\"><span lang=\"DE\" style=\"font-size: 16pt; font-family: 'Arial', 'sans-serif'; color: black;\" data-darkreader-inline-color=\"\">Koszty i metody p\u0142atno\u015bci<\/span><\/h2>\n<p style=\"margin: 0cm 0cm 12.0pt 0cm;\"><span lang=\"DE\" style=\"font-size: 11.0pt; font-family: 'Arial','sans-serif'; color: black;\" data-darkreader-inline-color=\"\">Aby zap\u0142aci\u0107 za konto Alfafile Premium, masz stosunkowo niewiele opcji do wyboru. P\u0142atno\u015b\u0107 jest mo\u017cliwa poprzez VISA, Bitcoin, Bitcoin Cash i PAYPASSION. Je\u015bli wolisz inn\u0105 metod\u0119 p\u0142atno\u015bci, mo\u017cesz kupi\u0107 Alfafile Premium w jednym z wielu sklep\u00f3w. Mo\u017cliwych jest kilka innych procedur &#8211; od Webmoney do AmazonPayments i kart debetowych do MasterCard i American Express.<\/span><\/p>\n<p><strong>\n<table id=\"tablepress-130\" class=\"tablepress tablepress-id-130\">\n<tbody class=\"row-hover\">\n<tr class=\"row-1 odd\">\n\t<td class=\"column-1\">30 dni Sk\u0142adka Premium<\/td><td class=\"column-2\">30 dni Sk\u0142adka Premium<\/td><td class=\"column-3\">30 dni Sk\u0142adka Premium<\/td><td class=\"column-4\">30 dni Sk\u0142adka Premium<\/td>\n<\/tr>\n<tr class=\"row-2 even\">\n\t<td class=\"column-1\">14,99 $<\/td><td class=\"column-2\">34,99 $<\/td><td class=\"column-3\">49,99 $<\/td><td class=\"column-4\">89.99 $<\/td>\n<\/tr>\n<tr class=\"row-3 odd\">\n\t<td class=\"column-1\">1 pasmo TB<\/td><td class=\"column-2\">3 pasmo TB<\/td><td class=\"column-3\">6 pasmo TB<\/td><td class=\"column-4\">12 pasmo TB<\/td>\n<\/tr>\n<tr class=\"row-4 even\">\n\t<td class=\"column-1\">1 TB do przechowywania<\/td><td class=\"column-2\">1 TB do przechowywania<\/td><td class=\"column-3\">5 TB do przechowywania<\/td><td class=\"column-4\">12 TB do przechowywania<\/td>\n<\/tr>\n<\/tbody>\n<\/table>\n<!-- #tablepress-130 from cache --><\/strong><\/p>\n<a class=\"maxbutton-1 maxbutton maxbutton-x\" target=\"_blank\" rel=\"nofollow noopener\" href=\"\/alfafile\/goto\/\"><span class='mb-text'>Kup konto Premium<\/span><\/a>\n<h2><span lang=\"DE\">Polityka prywatno\u015bci<\/span><\/h2>\n<p>W ramach aktywnego przechowywania Alfafile przechowuje dane takie jak imi\u0119 i nazwisko, adres e-mail, dat\u0119 urodzenia oraz wszelkie inne informacje, kt\u00f3re u\u017cytkownik przesy\u0142a do pliku hosta w ramach oferty.<\/p>\n<p>Ponadto niekt\u00f3re dane s\u0105 zbierane biernie, gdy u\u017cywana jest us\u0142uga Alfafile. Obejmuje to adres IP i logi serwera. Stosowane s\u0105 r\u00f3wnie\u017c ciasteczka, kt\u00f3re zwi\u0119kszaj\u0105 komfort u\u017cytkowania i s\u0105 indywidualnie dostosowane do potrzeb u\u017cytkownika.<\/p>\n<h2><span lang=\"DE\">Serwis posprzeda\u017cny<\/span><\/h2>\n<p style=\"margin: 18.0pt 0cm 6.0pt 0cm;\"><span lang=\"DE\" style=\"font-size: 11.0pt; font-family: 'Arial','sans-serif'; color: black;\" data-darkreader-inline-color=\"\">Po zarejestrowaniu si\u0119 mo\u017cna uzyska\u0107 dost\u0119p do medi\u00f3w, klikaj\u0105c na ikon\u0119 menu w prawym g\u00f3rnym rogu, a nast\u0119pnie w podmenu &#8222;Wsparcie&#8221;. Tutaj mo\u017cesz opisa\u0107 sw\u00f3j adres e-mail, temat i indywidualne \u017c\u0105danie i wys\u0142a\u0107 wiadomo\u015b\u0107 po odpowiedzi captcha.<\/span><\/p>\n<p><img loading=\"lazy\" class=\"alignnone  wp-image-4785\" src=\"https:\/\/multihoster.org\/wp-content\/uploads\/2020\/06\/alfafile_login-1.png\" alt=\"alfafile_login\" width=\"571\" height=\"366\" srcset=\"https:\/\/multihoster.org\/wp-content\/uploads\/2020\/06\/alfafile_login-1.png 765w, https:\/\/multihoster.org\/wp-content\/uploads\/2020\/06\/alfafile_login-1-300x192.png 300w\" sizes=\"(max-width: 571px) 100vw, 571px\" \/><\/p>\n<h2><span lang=\"DE\">\u0141atwo\u015b\u0107 u\u017cytkowania<\/span><\/h2>\n<p>Alfafile Filehoster zachwyca szczeg\u00f3lnie przejrzystym i prostym interfejsem u\u017cytkownika.<\/p>\n<p>Na stronie g\u0142\u00f3wnej oferta Alfafile prezentowana jest w formie \u0142atwych do zrozumienia obraz\u00f3w, natomiast na g\u00f3rze strony znajduj\u0105 si\u0119 opcje rejestracji, logowania i zakupu konta Premium. Ponadto w zak\u0142adkach &#8222;Program Partnerski&#8221; znajduj\u0105 si\u0119 zak\u0142adki &#8222;Program Partnerski&#8221; dla wszystkich tych, kt\u00f3rzy chc\u0105 reklamowa\u0107 si\u0119 na Alfafile Premium, &#8222;Aktualno\u015bci&#8221; dla wiadomo\u015bci od dostawc\u00f3w oraz obszar pyta\u0144 i odpowiedzi, prezentacja firmy i obs\u0142uga elementu menu.<\/p>\n<p>Po zalogowaniu mo\u017cesz r\u00f3wnie\u017c wybra\u0107 funkcje &#8222;Moje pliki&#8221;, &#8222;Konto&#8221; i &#8222;Premium&#8221;. W zak\u0142adce &#8222;Moje pliki&#8221; mo\u017cesz wgra\u0107 swoje pliki, zarz\u0105dza\u0107 nimi w spos\u00f3b przejrzysty i, je\u015bli chcesz, udost\u0119pnia\u0107 folder innym u\u017cytkownikom. Kliknij na &#8222;Konto&#8221;, aby doda\u0107 opcje menu &#8222;P\u0142atno\u015bci&#8221;, &#8222;Statystyki&#8221;, &#8222;Usuni\u0119te pliki&#8221; i &#8222;Profile zdalne&#8221;. Zak\u0142adki &#8222;Unikalne pliki do pobrania&#8221;, &#8222;Bezpiecze\u0144stwo i ochrona danych&#8221; oraz &#8222;Opcje pobierania&#8221; s\u0105 dost\u0119pne tylko dla posiadaczy kont Alfafile Premium. Bezp\u0142atne konto oferuje pojemno\u015b\u0107 3 TB i przepustowo\u015b\u0107 2GB.<\/p>\n<h2><span lang=\"DE\">Korzy\u015bci z konta premium w AlfaFile<\/span><\/h2>\n<p style=\"margin: 18.0pt 0cm 6.0pt 0cm;\"><span lang=\"DE\" style=\"font-size: 11.0pt; font-family: 'Arial','sans-serif'; color: black;\" data-darkreader-inline-color=\"\">Mo\u017cesz wybra\u0107 spo\u015br\u00f3d czterech pakiet\u00f3w do zakupu us\u0142ugi Premium. B\u0119dziesz korzysta\u0107 z wielu funkcji, w tym z maksymalnej pr\u0119dko\u015bci pobierania. Mo\u017cna r\u00f3wnie\u017c pobra\u0107 wiele plik\u00f3w do pobrania na raz. Masz bezpo\u015brednie linki do plik\u00f3w, nie musisz czeka\u0107 na kolejki do pobrania i korzystasz z funkcji darmowych reklam. Alfafile Premium zwi\u0119ksza maksymalny rozmiar pobieranych i pobieranych plik\u00f3w do 20 GB &#8211; w tym miejscu dostawca wyra\u017anie odr\u00f3\u017cnia si\u0119 od innych host\u00f3w plik\u00f3w, kt\u00f3rzy cz\u0119sto dopuszczaj\u0105 jedynie maksymalny rozmiar 5-10 GB na pobranie.<\/span><\/p>\n<p><img loading=\"lazy\" class=\"alignnone size-full wp-image-4794\" src=\"https:\/\/multihoster.org\/wp-content\/uploads\/2020\/06\/alfafile_review.png\" alt=\"\" width=\"571\" height=\"428\" srcset=\"https:\/\/multihoster.org\/wp-content\/uploads\/2020\/06\/alfafile_review.png 571w, https:\/\/multihoster.org\/wp-content\/uploads\/2020\/06\/alfafile_review-300x225.png 300w\" sizes=\"(max-width: 571px) 100vw, 571px\" \/><\/p>\n<h2>Nasze wnioski dotycz\u0105ce dostawcy Alfafile<\/h2>\n<p style=\"margin: 18.0pt 0cm 6.0pt 0cm;\"><span lang=\"DE\" style=\"font-size: 11.0pt; font-family: 'Arial','sans-serif'; color: black;\" data-darkreader-inline-color=\"\">Wreszcie, mo\u017cemy poleci\u0107 dostawc\u0119 Alfafile jako interesuj\u0105c\u0105 opcj\u0119 do hostingu i pobierania plik\u00f3w. Filehoster oferuje kompleksow\u0105 ochron\u0119 danych, \u0142atwy w u\u017cyciu interfejs u\u017cytkownika i cenne funkcje konta Premium. Oferta Alfafile jest do pewnego stopnia bezp\u0142atna, je\u015bli chcesz korzysta\u0107 z jak najwi\u0119kszej liczby funkcji, mo\u017cesz kupi\u0107 Alfafile Premium.<\/span><\/p>\n<a class=\"maxbutton-1 maxbutton maxbutton-x\" target=\"_blank\" rel=\"nofollow noopener\" href=\"\/alfafile\/goto\/\"><span class='mb-text'>Kup konto Premium<\/span><\/a>","protected":false},"excerpt":{"rendered":"<p>Nie jeste\u015bmy powi\u0105zani, stowarzyszeni, autoryzowani, zatwierdzeni przez Alfafile.net ani w \u017caden spos\u00f3b oficjalnie z nim zwi\u0105zani. Alfafile jest obecny w<\/p>\n","protected":false},"author":2,"featured_media":0,"parent":0,"menu_order":0,"comment_status":"closed","ping_status":"closed","template":"","meta":[],"yoast_head":"<!-- This site is optimized with the Yoast SEO plugin v18.3 - https:\/\/yoast.com\/wordpress\/plugins\/seo\/ -->\n<title>lll\u25b7 Alfafile Premium Account powa\u017cne czy nie? Test na Multihoster.org<\/title>\n<meta name=\"description\" content=\"Filehoster Alfafile oferuje ciekawe, darmowe konto, jak r\u00f3wnie\u017c obszerne konto Premium Alfafile. Przedstawiamy Pa\u0144stwu ofert\u0119 w szczeg\u00f3\u0142ach.\" \/>\n<meta name=\"robots\" content=\"index, follow, max-snippet:-1, max-image-preview:large, max-video-preview:-1\" \/>\n<link rel=\"canonical\" href=\"https:\/\/multihoster.org\/pl\/alfafile\/\" \/>\n<meta property=\"og:locale\" content=\"pl_PL\" \/>\n<meta property=\"og:type\" content=\"article\" \/>\n<meta property=\"og:title\" content=\"lll\u25b7 Alfafile Premium Account powa\u017cne czy nie? Test na Multihoster.org\" \/>\n<meta property=\"og:description\" content=\"Filehoster Alfafile oferuje ciekawe, darmowe konto, jak r\u00f3wnie\u017c obszerne konto Premium Alfafile. Przedstawiamy Pa\u0144stwu ofert\u0119 w szczeg\u00f3\u0142ach.\" \/>\n<meta property=\"og:url\" content=\"https:\/\/multihoster.org\/pl\/alfafile\/\" \/>\n<meta property=\"og:site_name\" content=\"Multihoster.org\" \/>\n<meta property=\"article:modified_time\" content=\"2020-06-05T15:50:16+00:00\" \/>\n<meta property=\"og:image\" content=\"https:\/\/multihoster.org\/wp-content\/uploads\/2020\/06\/alfafile_logo.png\" \/>\n<meta name=\"twitter:card\" content=\"summary\" \/>\n<meta name=\"twitter:label1\" content=\"Szacowany czas czytania\" \/>\n\t<meta name=\"twitter:data1\" content=\"4 minuty\" \/>\n<script type=\"application\/ld+json\" class=\"yoast-schema-graph\">{\"@context\":\"https:\/\/schema.org\",\"@graph\":[{\"@type\":\"WebSite\",\"@id\":\"https:\/\/multihoster.org\/#website\",\"url\":\"https:\/\/multihoster.org\/\",\"name\":\"Multihoster.org\",\"description\":\"Reviews of the major Filehosting services\",\"potentialAction\":[{\"@type\":\"SearchAction\",\"target\":{\"@type\":\"EntryPoint\",\"urlTemplate\":\"https:\/\/multihoster.org\/?s={search_term_string}\"},\"query-input\":\"required name=search_term_string\"}],\"inLanguage\":\"pl-PL\"},{\"@type\":\"ImageObject\",\"@id\":\"https:\/\/multihoster.org\/pl\/alfafile\/#primaryimage\",\"inLanguage\":\"pl-PL\",\"url\":\"https:\/\/multihoster.org\/wp-content\/uploads\/2020\/06\/alfafile_logo.png\",\"contentUrl\":\"https:\/\/multihoster.org\/wp-content\/uploads\/2020\/06\/alfafile_logo.png\",\"width\":414,\"height\":106},{\"@type\":\"WebPage\",\"@id\":\"https:\/\/multihoster.org\/pl\/alfafile\/#webpage\",\"url\":\"https:\/\/multihoster.org\/pl\/alfafile\/\",\"name\":\"lll\u25b7 Alfafile Premium Account powa\u017cne czy nie? Test na Multihoster.org\",\"isPartOf\":{\"@id\":\"https:\/\/multihoster.org\/#website\"},\"primaryImageOfPage\":{\"@id\":\"https:\/\/multihoster.org\/pl\/alfafile\/#primaryimage\"},\"datePublished\":\"2018-10-04T13:11:47+00:00\",\"dateModified\":\"2020-06-05T15:50:16+00:00\",\"description\":\"Filehoster Alfafile oferuje ciekawe, darmowe konto, jak r\u00f3wnie\u017c obszerne konto Premium Alfafile. Przedstawiamy Pa\u0144stwu ofert\u0119 w szczeg\u00f3\u0142ach.\",\"breadcrumb\":{\"@id\":\"https:\/\/multihoster.org\/pl\/alfafile\/#breadcrumb\"},\"inLanguage\":\"pl-PL\",\"potentialAction\":[{\"@type\":\"ReadAction\",\"target\":[\"https:\/\/multihoster.org\/pl\/alfafile\/\"]}]},{\"@type\":\"BreadcrumbList\",\"@id\":\"https:\/\/multihoster.org\/pl\/alfafile\/#breadcrumb\",\"itemListElement\":[{\"@type\":\"ListItem\",\"position\":1,\"name\":\"Startseite\",\"item\":\"https:\/\/multihoster.org\/pl\/\"},{\"@type\":\"ListItem\",\"position\":2,\"name\":\"Alfafile Premiun Account &#8211; Przegl\u0105d pliku hosta\"}]}]}<\/script>\n<!-- \/ Yoast SEO plugin. -->","yoast_head_json":{"title":"lll\u25b7 Alfafile Premium Account powa\u017cne czy nie? Test na Multihoster.org","description":"Filehoster Alfafile oferuje ciekawe, darmowe konto, jak r\u00f3wnie\u017c obszerne konto Premium Alfafile. Przedstawiamy Pa\u0144stwu ofert\u0119 w szczeg\u00f3\u0142ach.","robots":{"index":"index","follow":"follow","max-snippet":"max-snippet:-1","max-image-preview":"max-image-preview:large","max-video-preview":"max-video-preview:-1"},"canonical":"https:\/\/multihoster.org\/pl\/alfafile\/","og_locale":"pl_PL","og_type":"article","og_title":"lll\u25b7 Alfafile Premium Account powa\u017cne czy nie? Test na Multihoster.org","og_description":"Filehoster Alfafile oferuje ciekawe, darmowe konto, jak r\u00f3wnie\u017c obszerne konto Premium Alfafile. Przedstawiamy Pa\u0144stwu ofert\u0119 w szczeg\u00f3\u0142ach.","og_url":"https:\/\/multihoster.org\/pl\/alfafile\/","og_site_name":"Multihoster.org","article_modified_time":"2020-06-05T15:50:16+00:00","og_image":[{"url":"https:\/\/multihoster.org\/wp-content\/uploads\/2020\/06\/alfafile_logo.png"}],"twitter_card":"summary","twitter_misc":{"Szacowany czas czytania":"4 minuty"},"schema":{"@context":"https:\/\/schema.org","@graph":[{"@type":"WebSite","@id":"https:\/\/multihoster.org\/#website","url":"https:\/\/multihoster.org\/","name":"Multihoster.org","description":"Reviews of the major Filehosting services","potentialAction":[{"@type":"SearchAction","target":{"@type":"EntryPoint","urlTemplate":"https:\/\/multihoster.org\/?s={search_term_string}"},"query-input":"required name=search_term_string"}],"inLanguage":"pl-PL"},{"@type":"ImageObject","@id":"https:\/\/multihoster.org\/pl\/alfafile\/#primaryimage","inLanguage":"pl-PL","url":"https:\/\/multihoster.org\/wp-content\/uploads\/2020\/06\/alfafile_logo.png","contentUrl":"https:\/\/multihoster.org\/wp-content\/uploads\/2020\/06\/alfafile_logo.png","width":414,"height":106},{"@type":"WebPage","@id":"https:\/\/multihoster.org\/pl\/alfafile\/#webpage","url":"https:\/\/multihoster.org\/pl\/alfafile\/","name":"lll\u25b7 Alfafile Premium Account powa\u017cne czy nie? Test na Multihoster.org","isPartOf":{"@id":"https:\/\/multihoster.org\/#website"},"primaryImageOfPage":{"@id":"https:\/\/multihoster.org\/pl\/alfafile\/#primaryimage"},"datePublished":"2018-10-04T13:11:47+00:00","dateModified":"2020-06-05T15:50:16+00:00","description":"Filehoster Alfafile oferuje ciekawe, darmowe konto, jak r\u00f3wnie\u017c obszerne konto Premium Alfafile. Przedstawiamy Pa\u0144stwu ofert\u0119 w szczeg\u00f3\u0142ach.","breadcrumb":{"@id":"https:\/\/multihoster.org\/pl\/alfafile\/#breadcrumb"},"inLanguage":"pl-PL","potentialAction":[{"@type":"ReadAction","target":["https:\/\/multihoster.org\/pl\/alfafile\/"]}]},{"@type":"BreadcrumbList","@id":"https:\/\/multihoster.org\/pl\/alfafile\/#breadcrumb","itemListElement":[{"@type":"ListItem","position":1,"name":"Startseite","item":"https:\/\/multihoster.org\/pl\/"},{"@type":"ListItem","position":2,"name":"Alfafile Premiun Account &#8211; Przegl\u0105d pliku hosta"}]}]}},"_links":{"self":[{"href":"https:\/\/multihoster.org\/pl\/wp-json\/wp\/v2\/pages\/1651"}],"collection":[{"href":"https:\/\/multihoster.org\/pl\/wp-json\/wp\/v2\/pages"}],"about":[{"href":"https:\/\/multihoster.org\/pl\/wp-json\/wp\/v2\/types\/page"}],"author":[{"embeddable":true,"href":"https:\/\/multihoster.org\/pl\/wp-json\/wp\/v2\/users\/2"}],"replies":[{"embeddable":true,"href":"https:\/\/multihoster.org\/pl\/wp-json\/wp\/v2\/comments?post=1651"}],"version-history":[{"count":7,"href":"https:\/\/multihoster.org\/pl\/wp-json\/wp\/v2\/pages\/1651\/revisions"}],"predecessor-version":[{"id":4837,"href":"https:\/\/multihoster.org\/pl\/wp-json\/wp\/v2\/pages\/1651\/revisions\/4837"}],"wp:attachment":[{"href":"https:\/\/multihoster.org\/pl\/wp-json\/wp\/v2\/media?parent=1651"}],"curies":[{"name":"wp","href":"https:\/\/api.w.org\/{rel}","templated":true}]}}