{"id":1703,"date":"2018-10-04T13:40:26","date_gmt":"2018-10-04T13:40:26","guid":{"rendered":"https:\/\/multihoster.org\/?page_id=1703"},"modified":"2020-01-08T11:58:16","modified_gmt":"2020-01-08T11:58:16","slug":"linkifier","status":"publish","type":"page","link":"https:\/\/multihoster.org\/pl\/linkifier\/","title":{"rendered":"Do\u015bwiadczenia Linkifier &#8211; Multihoster na pr\u00f3bie"},"content":{"rendered":"<p><img loading=\"lazy\" class=\"wp-image-1679 alignleft\" src=\"https:\/\/multihoster.org\/wp-content\/uploads\/2018\/10\/logo-2.png\" alt=\"\" width=\"267\" height=\"93\" srcset=\"https:\/\/multihoster.org\/wp-content\/uploads\/2018\/10\/logo-2.png 473w, https:\/\/multihoster.org\/wp-content\/uploads\/2018\/10\/logo-2-300x105.png 300w\" sizes=\"(max-width: 267px) 100vw, 267px\" \/><\/p>\n<p>Dostawca Linkifier umo\u017cliwia dost\u0119p do du\u017cej liczby r\u00f3\u017cnych host\u00f3w plik\u00f3w. Firma powsta\u0142a w 2015 roku i sk\u0142ada si\u0119 z niewielkiego i dynamicznego zespo\u0142u, kt\u00f3ry chce przekona\u0107 swoimi umiej\u0119tno\u015bciami i wiedz\u0105 w tej dziedzinie. 81 producent\u00f3w plik\u00f3w oferuje do pobrania kilka plik\u00f3w, w tym najbardziej popularnych dostawc\u00f3w, takich jak Turbobit, FileFactory i Uploaded.<\/p>\n<p>Rejestracja jest ca\u0142kowicie bezp\u0142atna i je\u015bli chcesz, mo\u017cesz zamieni\u0107 swoje darmowe konto na konto premium. Istnieje kilka metod p\u0142atno\u015bci, w tym anonimowa p\u0142atno\u015b\u0107 kart\u0105 Paysafecard. Zbadali\u015bmy dostawc\u0119 i chcieliby\u015bmy podzieli\u0107 si\u0119 z Pa\u0144stwem do\u015bwiadczeniami z naszego testu Linkifier.<\/p>\n<p><img loading=\"lazy\" class=\"alignnone size-full wp-image-1668\" src=\"https:\/\/multihoster.org\/wp-content\/uploads\/2018\/10\/Linkfier.jpg\" alt=\"Linkfier\" width=\"968\" height=\"682\" srcset=\"https:\/\/multihoster.org\/wp-content\/uploads\/2018\/10\/Linkfier.jpg 968w, https:\/\/multihoster.org\/wp-content\/uploads\/2018\/10\/Linkfier-300x211.jpg 300w, https:\/\/multihoster.org\/wp-content\/uploads\/2018\/10\/Linkfier-768x541.jpg 768w\" sizes=\"(max-width: 968px) 100vw, 968px\" \/><\/p>\n<a class=\"maxbutton-1 maxbutton maxbutton-x\" target=\"_blank\" rel=\"nofollow noopener\" href=\"\/alfafile\/goto\/\"><span class='mb-text'>Id\u017a do Linkifier -&gt;<\/span><\/a>\n<h2>Pozytywne cechy charakterystyczne dostawcy<\/h2>\n<ul>\n<li>Konto bezp\u0142atnego wst\u0119pu i konto premium<\/li>\n<li>R\u00f3\u017cne metody p\u0142atno\u015bci<\/li>\n<li>Do 40% prowizji dla cz\u0142onk\u00f3w<\/li>\n<li>Przejrzysta struktura strony internetowej<\/li>\n<\/ul>\n<h2><span lang=\"DE\">Kompletny program Linkifier w skr\u00f3cie<\/span><\/h2>\n<p>Linkifier oferuje zar\u00f3wno bezp\u0142atne, jak i premium konto. Aby skorzysta\u0107 z bezp\u0142atnej oferty, wystarczy zarejestrowa\u0107 si\u0119 za pomoc\u0105 adresu e-mail i skorzysta\u0107 z us\u0142ugi w okre\u015blonych granicach, aby uzyska\u0107 pierwsze do\u015bwiadczenie. Je\u015bli chcesz korzysta\u0107 z pe\u0142nego zakresu us\u0142ug, w tym maksymalnej pr\u0119dko\u015bci pobierania, mo\u017cesz wybra\u0107 konto premium. Mo\u017cesz wybiera\u0107 spo\u015br\u00f3d 5 pakiet\u00f3w od 30 dni do 2 lat.<\/p>\n<p><img loading=\"lazy\" class=\"alignnone size-full wp-image-1669\" src=\"https:\/\/multihoster.org\/wp-content\/uploads\/2018\/10\/log-in.jpg\" alt=\"log in\" width=\"904\" height=\"678\" srcset=\"https:\/\/multihoster.org\/wp-content\/uploads\/2018\/10\/log-in.jpg 904w, https:\/\/multihoster.org\/wp-content\/uploads\/2018\/10\/log-in-300x225.jpg 300w, https:\/\/multihoster.org\/wp-content\/uploads\/2018\/10\/log-in-768x576.jpg 768w\" sizes=\"(max-width: 904px) 100vw, 904px\" \/><\/p>\n<a class=\"maxbutton-1 maxbutton maxbutton-x\" target=\"_blank\" rel=\"nofollow noopener\" href=\"\/alfafile\/goto\/\"><span class='mb-text'>Id\u017a do Linkifier -&gt;<\/span><\/a>\n<h2>Oferty premiowe<\/h2>\n<p>Je\u015bli chcesz skorzysta\u0107 z serwisu Linkifier, mo\u017cesz zapisa\u0107 si\u0119 do programu partnerskiego i zarabia\u0107 atrakcyjne prowizje do 40%. Cz\u0142onkowie otrzymuj\u0105 r\u00f3\u017cne wskaz\u00f3wki i mog\u0105 korzysta\u0107 z wieloletniego do\u015bwiadczenia Linkifier.<\/p>\n<h2>Koszty i metody p\u0142atno\u015bci<\/h2>\n<p>Linkifier oferuje kilka opcji p\u0142atno\u015bci za konto premium. Od kart Paypal i kredytowych do WebMoney i Skrill. Mo\u017cliwa jest r\u00f3wnie\u017c anonimowa p\u0142atno\u015b\u0107 za po\u015brednictwem Bitcoin lub Paysafecard. Z wa\u017cnym kodem promocyjnym, koszty mog\u0105 by\u0107 zmniejszone w pewnych okoliczno\u015bciach. W te\u015bcie, proces p\u0142atno\u015bci z Linkifier przebiega\u0142 sprawnie.<\/p>\n<p><strong>\n<table id=\"tablepress-139\" class=\"tablepress tablepress-id-139\">\n<tbody class=\"row-hover\">\n<tr class=\"row-1 odd\">\n\t<td class=\"column-1\">30 dni<\/td><td class=\"column-2\">90 dni<\/td><td class=\"column-3\">180 dni<\/td><td class=\"column-4\">365 dni<\/td><td class=\"column-5\">730 dni<\/td>\n<\/tr>\n<tr class=\"row-2 even\">\n\t<td class=\"column-1\">9,99 $<\/td><td class=\"column-2\">26,99 $<\/td><td class=\"column-3\">44,99 $<\/td><td class=\"column-4\">84,99 $<\/td><td class=\"column-5\">149,99 $<\/td>\n<\/tr>\n<tr class=\"row-3 odd\">\n\t<td class=\"column-1\"><\/td><td class=\"column-2\">30 dni za darmo<\/td><td class=\"column-3\">60 dni za darmo<\/td><td class=\"column-4\"><\/td><td class=\"column-5\"><\/td>\n<\/tr>\n<\/tbody>\n<\/table>\n<!-- #tablepress-139 from cache --><\/strong><\/p>\n<h2>Polityka prywatno\u015bci<\/h2>\n<p>Informacje s\u0105 przechowywane przez Linkifier w oparciu o nasze do\u015bwiadczenia z rejestracji, korzystania z czatu na \u017cywo, otwarcia biletu pomocy technicznej i wprowadzania informacji na stronie internetowej.<\/p>\n<p>Przechowywane dane s\u0105 wykorzystywane w celu spersonalizowania do\u015bwiadczenia u\u017cytkownika dla odwiedzaj\u0105cych, a tym samym zapewnienia interesuj\u0105cych tre\u015bci.<\/p>\n<p>Ponadto, dane s\u0105 wykorzystywane do poprawy obs\u0142ugi klienta, szybkiego przetwarzania transakcji, zarz\u0105dzania promocjami, ankietami i tym podobne. Dane osobowe s\u0105 r\u00f3wnie\u017c wykorzystywane do wysy\u0142ania e-maili o produktach i us\u0142ugach.<\/p>\n<p>Dane s\u0105 chronione przez bezpieczne sieci i regularne skanowanie z\u0142o\u015bliwego oprogramowania. Tylko ograniczona liczba os\u00f3b ma dost\u0119p do danych osobowych, a technologia szyfrowania SSL jest stosowana do wszystkich wra\u017cliwych danych. Transakcje s\u0105 obs\u0142ugiwane przez dostawc\u0119 bramki i nie s\u0105 przechowywane lub wykonywane na serwerach Linkifier.<\/p>\n<p>Pliki cookie s\u0105 wykorzystywane do przechowywania preferencji odwiedzaj\u0105cych dla przysz\u0142ych go\u015bci oraz do poprawy og\u00f3lnej u\u017cyteczno\u015bci. Informacje te s\u0105 przekazywane tylko niekt\u00f3rym partnerom.<\/p>\n<h2>Serwis posprzeda\u017cny<\/h2>\n<p>Aby skontaktowa\u0107 si\u0119 z dzia\u0142em obs\u0142ugi klienta Linkifier, na dole strony g\u0142\u00f3wnej znajduje si\u0119 opcja menu &#8222;Kontakt&#8221;. Tutaj mo\u017cesz dowiedzie\u0107 si\u0119, jak uzyska\u0107 dost\u0119p do kont w mediach spo\u0142eczno\u015bciowych Linkifier i okre\u015bli\u0107 swoj\u0105 pro\u015bb\u0119 za pomoc\u0105 formularza kontaktowego, aby\u015b m\u00f3g\u0142 skorzysta\u0107 z do\u015bwiadczenia Linkifier.<\/p>\n<h2><span lang=\"DE\">\u0141atwo\u015b\u0107 u\u017cytkowania <\/span><\/h2>\n<p>Strona Linkifier ma prost\u0105 struktur\u0119 i mo\u017ce nas ca\u0142kowicie przekona\u0107 w te\u015bcie. Mo\u017cesz zarejestrowa\u0107 si\u0119 za darmo na sw\u00f3j adres e-mail bezpo\u015brednio na stronie g\u0142\u00f3wnej. Ma\u0142e przewijanie w d\u00f3\u0142 pozwoli Ci uzyska\u0107 wi\u0119cej informacji na temat dostawcy i us\u0142ugi. Na g\u00f3rze znajduj\u0105 si\u0119 zak\u0142adki Hosts dla kompatybilnych plik\u00f3w, Go Premium, About Us, Register i Login. W punkcie menu &#8222;Obs\u0142ugiwane pliki hosta&#8221; znajdziesz list\u0119 obs\u0142ugiwanych plik\u00f3w hosta, a w punkcie menu &#8222;Go Premium&#8221; znajdziesz zakres us\u0142ug konta premium, koszty i opcje p\u0142atno\u015bci.<\/p>\n<p>Po zalogowaniu masz mo\u017cliwo\u015b\u0107 wygenerowania \u017c\u0105danych link\u00f3w w punkcie menu &#8222;Pobierz&#8221; lub wy\u015bwietlenia aktualnego stanu hosta w zak\u0142adce &#8222;Stan hosta&#8221;. Mo\u017cesz r\u00f3wnie\u017c zajrze\u0107 do historii swojego konta, aby uzyska\u0107 informacje o swoim koncie lub pakiecie. Wreszcie, istnieje opcja menu &#8222;Aktualizuj&#8221;, gdzie mo\u017cna uaktualni\u0107 swoje darmowe konto do konta Premium Linkifier. Og\u00f3lnie rzecz bior\u0105c, jeste\u015bmy bardzo zadowoleni z u\u017cyteczno\u015bci Linkifier w te\u015bcie.<\/p>\n<p><img loading=\"lazy\" class=\"alignnone size-full wp-image-1670\" src=\"https:\/\/multihoster.org\/wp-content\/uploads\/2018\/10\/pricing.jpg\" alt=\"pricing\" width=\"1075\" height=\"654\" srcset=\"https:\/\/multihoster.org\/wp-content\/uploads\/2018\/10\/pricing.jpg 1075w, https:\/\/multihoster.org\/wp-content\/uploads\/2018\/10\/pricing-300x183.jpg 300w, https:\/\/multihoster.org\/wp-content\/uploads\/2018\/10\/pricing-768x467.jpg 768w, https:\/\/multihoster.org\/wp-content\/uploads\/2018\/10\/pricing-1024x623.jpg 1024w\" sizes=\"(max-width: 1075px) 100vw, 1075px\" \/><\/p>\n<h2><span lang=\"DE\">Korzy\u015bci z konta Linkifier premium<\/span><\/h2>\n<p>Z kontem premium, mo\u017cna korzysta\u0107 z pe\u0142nej gamy plik\u00f3w host\u00f3w, kt\u00f3re mo\u017cna uzyska\u0107 dost\u0119p poprzez Linkifier. Opr\u00f3cz zwyk\u0142ych host\u00f3w plik\u00f3w, takich jak Upload, Turbobit i RAPID GATOR, dost\u0119pnych jest ponad 75 dostawc\u00f3w.<\/p>\n<p>Skorzystaj z maksymalnej pr\u0119dko\u015bci pobierania, kt\u00f3ra mo\u017ce osi\u0105gn\u0105\u0107 300 Mbit\u00f3w na sekund\u0119 i pozwoli\u0107 na dowoln\u0105 liczb\u0119 pobra\u0144 bez ogranicze\u0144 dziennych. Mo\u017cesz bezp\u0142atnie rozpocz\u0105\u0107 pobieranie wielu plik\u00f3w jednocze\u015bnie. Z Linkifier Premium nie ma czasu oczekiwania ani reklamy. Je\u015bli nie podoba Ci si\u0119 us\u0142uga dostawcy, mo\u017cesz skorzysta\u0107 z gwarancji zwrotu pieni\u0119dzy.<\/p>\n<h2><span lang=\"DE\">Nasze wnioski dotycz\u0105ce dostawcy Linkifier<\/span><\/h2>\n<p>Og\u00f3lnie rzecz bior\u0105c, Linkifier oferuje atrakcyjn\u0105 ofert\u0119, kt\u00f3ra mo\u017ce by\u0107 testowana bezp\u0142atnie i bez zobowi\u0105za\u0144. Mamy dobre do\u015bwiadczenie z dostawc\u0105 i chcieliby\u015bmy podsumowa\u0107 nasz przegl\u0105d Linkifier dla Ciebie:<\/p>\n<p>Strona jest przejrzysta, \u0142atwa w obs\u0142udze i oferuje atrakcyjne wra\u017cenia u\u017cytkownika. W ramach bezp\u0142atnego konta, zakres funkcji jest ograniczony. Je\u015bli chcesz je odnowi\u0107, mo\u017cesz kupi\u0107 jeden z 5 pakiet\u00f3w za 9,99$. Istnieje kilka opcji p\u0142atno\u015bci do wyboru. Mo\u017cliwe jest r\u00f3wnie\u017c dokonanie anonimowej p\u0142atno\u015bci za pomoc\u0105 Bitcoin lub Paysafecard. W odniesieniu do ochrony danych i prywatno\u015bci, dostawca Linkifier oferuje \u0142atwe do zrozumienia o\u015bwiadczenie o ochronie danych, w kt\u00f3rym wszystkie informacje s\u0105 przedstawione w prosty spos\u00f3b. Og\u00f3lnie rzecz bior\u0105c, nasz test Linkifier by\u0142 bardzo pozytywny, wi\u0119c mo\u017cemy doradzi\u0107, aby\u015bcie Pa\u0144stwo mieli w\u0142asne do\u015bwiadczenia z dostawc\u0105 Linkifier.<\/p>\n<a class=\"maxbutton-1 maxbutton maxbutton-x\" target=\"_blank\" rel=\"nofollow noopener\" href=\"\/alfafile\/goto\/\"><span class='mb-text'>Id\u017a do Linkifier -&gt;<\/span><\/a>\n","protected":false},"excerpt":{"rendered":"<p>Dostawca Linkifier umo\u017cliwia dost\u0119p do du\u017cej liczby r\u00f3\u017cnych host\u00f3w plik\u00f3w. Firma powsta\u0142a w 2015 roku i sk\u0142ada si\u0119 z niewielkiego<\/p>\n","protected":false},"author":2,"featured_media":0,"parent":0,"menu_order":0,"comment_status":"closed","ping_status":"closed","template":"","meta":[],"yoast_head":"<!-- This site is optimized with the Yoast SEO plugin v18.3 - https:\/\/yoast.com\/wordpress\/plugins\/seo\/ -->\n<title>Testowany Multihoster Linkifier - do\u015bwiadczenia Multihoster.org<\/title>\n<meta name=\"description\" content=\"Jeste\u015b zainteresowany bezp\u0142atn\u0105 ofert\u0105 i kontem Premium Linkifier? Przedstawiamy Pa\u0144stwu dostawc\u0119 Linkifier w recenzji.\" \/>\n<meta name=\"robots\" content=\"index, follow, max-snippet:-1, max-image-preview:large, max-video-preview:-1\" \/>\n<link rel=\"canonical\" href=\"https:\/\/multihoster.org\/pl\/linkifier\/\" \/>\n<meta property=\"og:locale\" content=\"pl_PL\" \/>\n<meta property=\"og:type\" content=\"article\" \/>\n<meta property=\"og:title\" content=\"Testowany Multihoster Linkifier - do\u015bwiadczenia Multihoster.org\" \/>\n<meta property=\"og:description\" content=\"Jeste\u015b zainteresowany bezp\u0142atn\u0105 ofert\u0105 i kontem Premium Linkifier? Przedstawiamy Pa\u0144stwu dostawc\u0119 Linkifier w recenzji.\" \/>\n<meta property=\"og:url\" content=\"https:\/\/multihoster.org\/pl\/linkifier\/\" \/>\n<meta property=\"og:site_name\" content=\"Multihoster.org\" \/>\n<meta property=\"article:modified_time\" content=\"2020-01-08T11:58:16+00:00\" \/>\n<meta property=\"og:image\" content=\"https:\/\/multihoster.org\/wp-content\/uploads\/2018\/10\/logo-2.png\" \/>\n<meta name=\"twitter:card\" content=\"summary\" \/>\n<meta name=\"twitter:label1\" content=\"Szacowany czas czytania\" \/>\n\t<meta name=\"twitter:data1\" content=\"5 minut\" \/>\n<script type=\"application\/ld+json\" class=\"yoast-schema-graph\">{\"@context\":\"https:\/\/schema.org\",\"@graph\":[{\"@type\":\"WebSite\",\"@id\":\"https:\/\/multihoster.org\/#website\",\"url\":\"https:\/\/multihoster.org\/\",\"name\":\"Multihoster.org\",\"description\":\"Reviews of the major Filehosting services\",\"potentialAction\":[{\"@type\":\"SearchAction\",\"target\":{\"@type\":\"EntryPoint\",\"urlTemplate\":\"https:\/\/multihoster.org\/?s={search_term_string}\"},\"query-input\":\"required name=search_term_string\"}],\"inLanguage\":\"pl-PL\"},{\"@type\":\"ImageObject\",\"@id\":\"https:\/\/multihoster.org\/pl\/linkifier\/#primaryimage\",\"inLanguage\":\"pl-PL\",\"url\":\"https:\/\/multihoster.org\/wp-content\/uploads\/2018\/10\/logo-2.png\",\"contentUrl\":\"https:\/\/multihoster.org\/wp-content\/uploads\/2018\/10\/logo-2.png\",\"width\":473,\"height\":165},{\"@type\":\"WebPage\",\"@id\":\"https:\/\/multihoster.org\/pl\/linkifier\/#webpage\",\"url\":\"https:\/\/multihoster.org\/pl\/linkifier\/\",\"name\":\"Testowany Multihoster Linkifier - do\u015bwiadczenia Multihoster.org\",\"isPartOf\":{\"@id\":\"https:\/\/multihoster.org\/#website\"},\"primaryImageOfPage\":{\"@id\":\"https:\/\/multihoster.org\/pl\/linkifier\/#primaryimage\"},\"datePublished\":\"2018-10-04T13:40:26+00:00\",\"dateModified\":\"2020-01-08T11:58:16+00:00\",\"description\":\"Jeste\u015b zainteresowany bezp\u0142atn\u0105 ofert\u0105 i kontem Premium Linkifier? Przedstawiamy Pa\u0144stwu dostawc\u0119 Linkifier w recenzji.\",\"breadcrumb\":{\"@id\":\"https:\/\/multihoster.org\/pl\/linkifier\/#breadcrumb\"},\"inLanguage\":\"pl-PL\",\"potentialAction\":[{\"@type\":\"ReadAction\",\"target\":[\"https:\/\/multihoster.org\/pl\/linkifier\/\"]}]},{\"@type\":\"BreadcrumbList\",\"@id\":\"https:\/\/multihoster.org\/pl\/linkifier\/#breadcrumb\",\"itemListElement\":[{\"@type\":\"ListItem\",\"position\":1,\"name\":\"Startseite\",\"item\":\"https:\/\/multihoster.org\/pl\/\"},{\"@type\":\"ListItem\",\"position\":2,\"name\":\"Do\u015bwiadczenia Linkifier &#8211; Multihoster na pr\u00f3bie\"}]}]}<\/script>\n<!-- \/ Yoast SEO plugin. -->","yoast_head_json":{"title":"Testowany Multihoster Linkifier - do\u015bwiadczenia Multihoster.org","description":"Jeste\u015b zainteresowany bezp\u0142atn\u0105 ofert\u0105 i kontem Premium Linkifier? Przedstawiamy Pa\u0144stwu dostawc\u0119 Linkifier w recenzji.","robots":{"index":"index","follow":"follow","max-snippet":"max-snippet:-1","max-image-preview":"max-image-preview:large","max-video-preview":"max-video-preview:-1"},"canonical":"https:\/\/multihoster.org\/pl\/linkifier\/","og_locale":"pl_PL","og_type":"article","og_title":"Testowany Multihoster Linkifier - do\u015bwiadczenia Multihoster.org","og_description":"Jeste\u015b zainteresowany bezp\u0142atn\u0105 ofert\u0105 i kontem Premium Linkifier? Przedstawiamy Pa\u0144stwu dostawc\u0119 Linkifier w recenzji.","og_url":"https:\/\/multihoster.org\/pl\/linkifier\/","og_site_name":"Multihoster.org","article_modified_time":"2020-01-08T11:58:16+00:00","og_image":[{"url":"https:\/\/multihoster.org\/wp-content\/uploads\/2018\/10\/logo-2.png"}],"twitter_card":"summary","twitter_misc":{"Szacowany czas czytania":"5 minut"},"schema":{"@context":"https:\/\/schema.org","@graph":[{"@type":"WebSite","@id":"https:\/\/multihoster.org\/#website","url":"https:\/\/multihoster.org\/","name":"Multihoster.org","description":"Reviews of the major Filehosting services","potentialAction":[{"@type":"SearchAction","target":{"@type":"EntryPoint","urlTemplate":"https:\/\/multihoster.org\/?s={search_term_string}"},"query-input":"required name=search_term_string"}],"inLanguage":"pl-PL"},{"@type":"ImageObject","@id":"https:\/\/multihoster.org\/pl\/linkifier\/#primaryimage","inLanguage":"pl-PL","url":"https:\/\/multihoster.org\/wp-content\/uploads\/2018\/10\/logo-2.png","contentUrl":"https:\/\/multihoster.org\/wp-content\/uploads\/2018\/10\/logo-2.png","width":473,"height":165},{"@type":"WebPage","@id":"https:\/\/multihoster.org\/pl\/linkifier\/#webpage","url":"https:\/\/multihoster.org\/pl\/linkifier\/","name":"Testowany Multihoster Linkifier - do\u015bwiadczenia Multihoster.org","isPartOf":{"@id":"https:\/\/multihoster.org\/#website"},"primaryImageOfPage":{"@id":"https:\/\/multihoster.org\/pl\/linkifier\/#primaryimage"},"datePublished":"2018-10-04T13:40:26+00:00","dateModified":"2020-01-08T11:58:16+00:00","description":"Jeste\u015b zainteresowany bezp\u0142atn\u0105 ofert\u0105 i kontem Premium Linkifier? Przedstawiamy Pa\u0144stwu dostawc\u0119 Linkifier w recenzji.","breadcrumb":{"@id":"https:\/\/multihoster.org\/pl\/linkifier\/#breadcrumb"},"inLanguage":"pl-PL","potentialAction":[{"@type":"ReadAction","target":["https:\/\/multihoster.org\/pl\/linkifier\/"]}]},{"@type":"BreadcrumbList","@id":"https:\/\/multihoster.org\/pl\/linkifier\/#breadcrumb","itemListElement":[{"@type":"ListItem","position":1,"name":"Startseite","item":"https:\/\/multihoster.org\/pl\/"},{"@type":"ListItem","position":2,"name":"Do\u015bwiadczenia Linkifier &#8211; Multihoster na pr\u00f3bie"}]}]}},"_links":{"self":[{"href":"https:\/\/multihoster.org\/pl\/wp-json\/wp\/v2\/pages\/1703"}],"collection":[{"href":"https:\/\/multihoster.org\/pl\/wp-json\/wp\/v2\/pages"}],"about":[{"href":"https:\/\/multihoster.org\/pl\/wp-json\/wp\/v2\/types\/page"}],"author":[{"embeddable":true,"href":"https:\/\/multihoster.org\/pl\/wp-json\/wp\/v2\/users\/2"}],"replies":[{"embeddable":true,"href":"https:\/\/multihoster.org\/pl\/wp-json\/wp\/v2\/comments?post=1703"}],"version-history":[{"count":5,"href":"https:\/\/multihoster.org\/pl\/wp-json\/wp\/v2\/pages\/1703\/revisions"}],"predecessor-version":[{"id":2375,"href":"https:\/\/multihoster.org\/pl\/wp-json\/wp\/v2\/pages\/1703\/revisions\/2375"}],"wp:attachment":[{"href":"https:\/\/multihoster.org\/pl\/wp-json\/wp\/v2\/media?parent=1703"}],"curies":[{"name":"wp","href":"https:\/\/api.w.org\/{rel}","templated":true}]}}