{"id":1755,"date":"2018-10-04T13:51:59","date_gmt":"2018-10-04T13:51:59","guid":{"rendered":"https:\/\/multihoster.org\/?page_id=1755"},"modified":"2018-10-04T13:51:59","modified_gmt":"2018-10-04T13:51:59","slug":"linksnappy","status":"publish","type":"page","link":"https:\/\/multihoster.org\/pl\/linksnappy\/","title":{"rendered":"LinkSnappy Experiences &#8211; Multihoster w skr\u00f3cie"},"content":{"rendered":"<p><img loading=\"lazy\" class=\"wp-image-1723 alignleft\" src=\"https:\/\/multihoster.org\/wp-content\/uploads\/2018\/10\/logo-3.png\" alt=\"logo\" width=\"204\" height=\"119\" srcset=\"https:\/\/multihoster.org\/wp-content\/uploads\/2018\/10\/logo-3.png 371w, https:\/\/multihoster.org\/wp-content\/uploads\/2018\/10\/logo-3-300x175.png 300w\" sizes=\"(max-width: 204px) 100vw, 204px\" \/><\/p>\n<p>LinkSnappy multihosting oferuje Ci generator link\u00f3w premium i klienta torrenta chmury. Ponadto istnieje wiele innych funkcji, kt\u00f3re sprawiaj\u0105, \u017ce oferta LinkSnappy jest jeszcze bardziej kompletna i bezpieczna w u\u017cyciu. Kilka dostawc\u00f3w us\u0142ug p\u0142atniczych s\u0105 dost\u0119pne dla prostych p\u0142atno\u015bci, w tym anonimowych metod p\u0142atno\u015bci, takich jak Paysafecard oraz prostych i popularnych metod, takich jak Paypal. Przetestowali\u015bmy dostawc\u0119 LinkSnappy i chcieliby\u015bmy przedstawi\u0107 nasze do\u015bwiadczenia z LinkSnappy.<\/p>\n<h2><\/h2>\n<h2>Pozytywne cechy charakterystyczne dostawcy<\/h2>\n<ul>\n<li>Mo\u017cliwo\u015b\u0107 bezp\u0142atnego korzystania<\/li>\n<li>Anonimowe metody p\u0142atno\u015bci<\/li>\n<li>Dost\u0119p do ponad 60 host\u00f3w plik\u00f3w<\/li>\n<li>Bardzo \u0142atwa w u\u017cyciu<\/li>\n<\/ul>\n<p>&nbsp;<\/p>\n<p><img loading=\"lazy\" class=\"alignnone size-full wp-image-1720\" src=\"https:\/\/multihoster.org\/wp-content\/uploads\/2018\/10\/linksnappy.jpg\" alt=\"linksnappy\" width=\"879\" height=\"631\" srcset=\"https:\/\/multihoster.org\/wp-content\/uploads\/2018\/10\/linksnappy.jpg 879w, https:\/\/multihoster.org\/wp-content\/uploads\/2018\/10\/linksnappy-300x215.jpg 300w, https:\/\/multihoster.org\/wp-content\/uploads\/2018\/10\/linksnappy-768x551.jpg 768w\" sizes=\"(max-width: 879px) 100vw, 879px\" \/><\/p>\n<p>&nbsp;<\/p>\n<h2>Ca\u0142a gama produkt\u00f3w LinkSnappy w skr\u00f3cie<\/h2>\n<p>Mo\u017cesz skorzysta\u0107 z us\u0142ug dostawcy LinkSnappy, z jednej strony, z darmowym kontem FileSnappy i, je\u015bli chcesz, zakupi\u0107 konto premium po zako\u0144czeniu pr\u00f3by. Mo\u017cna to odblokowa\u0107, zapisuj\u0105c przez e-mail, mo\u017cliwe jest r\u00f3wnie\u017c po\u0142\u0105czenie poprzez media spo\u0142eczno\u015bciowe, takie jak Google, Facebook i Twitter. Dzi\u0119ki bezp\u0142atnemu kontu, dzienna ilo\u015b\u0107 danych i innych funkcji jest ograniczona.<\/p>\n<p>Je\u015bli chcesz korzysta\u0107 z pe\u0142nego zakresu us\u0142ug LinkSnappy, mo\u017cesz skorzysta\u0107 z jednego z czterech pakiet\u00f3w i kupi\u0107 konto Premium. Terminy to 7 dni, 30 dni, 90 dni i 180 dni.<\/p>\n<h2>Oferty premiowe<\/h2>\n<p>Ciekawym bonusem oferowanym przez LinkSnappy jest mo\u017cliwo\u015b\u0107 otrzymania darmowych dni abonamentowych poprzez promowanie konta Premium LinkSnappy. Warunkiem wst\u0119pnym jest, aby nowi u\u017cytkownicy mieli dost\u0119p do LinkSnappy poprzez link polecaj\u0105cy i decydowali o subskrypcji Premium &#8211; cz\u0142onek go\u015bcia r\u00f3wnie\u017c korzysta z zalet i otrzymuje 5% zni\u017cki przy pierwszym zam\u00f3wieniu. Je\u015bli za\u0142o\u017cysz konto Premium na 90 lub 180 dni, otrzymasz r\u00f3wnie\u017c voucher, kt\u00f3ry mo\u017cesz przekaza\u0107 znajomym i rodzinie.<\/p>\n<h2>Koszty i metody p\u0142atno\u015bci<\/h2>\n<p>Mo\u017cesz wybra\u0107 pomi\u0119dzy r\u00f3\u017cnymi metodami p\u0142atno\u015bci dla swojego konta LinkSnappy Premium. P\u0142atno\u015b\u0107 jest mo\u017cliwa za pomoc\u0105 karty kredytowej, Paypal i debetowej. Metoda p\u0142atno\u015bci kart\u0105 Paysafecard i kilkoma zaszyfrowanymi walutami mo\u017ce by\u0107 wybrana do anonimowej p\u0142atno\u015bci.<\/p>\n<p><strong>\n<table id=\"tablepress-148\" class=\"tablepress tablepress-id-148\">\n<tbody class=\"row-hover\">\n<tr class=\"row-1 odd\">\n\t<td class=\"column-1\">7 dni<\/td><td class=\"column-2\">30 dni<\/td><td class=\"column-3\">90 dni<\/td><td class=\"column-4\">180 dni<\/td>\n<\/tr>\n<tr class=\"row-2 even\">\n\t<td class=\"column-1\">4,99 $<\/td><td class=\"column-2\">12,99 $<\/td><td class=\"column-3\">29,99 $<\/td><td class=\"column-4\">54,99 $<\/td>\n<\/tr>\n<tr class=\"row-3 odd\">\n\t<td class=\"column-1\"><\/td><td class=\"column-2\">voucher na 30 dni<\/td><td class=\"column-3\">voucher na 90 dni<\/td><td class=\"column-4\"><\/td>\n<\/tr>\n<\/tbody>\n<\/table>\n<!-- #tablepress-148 from cache --><\/strong><\/p>\n<h2>Polityka prywatno\u015bci<\/h2>\n<p>Oczywi\u015bcie mo\u017cna oczekiwa\u0107 od dostawcy LinkSnappy szerokiej ochrony danych. Twoje dane osobowe b\u0119d\u0105 wykorzystywane tylko w zamierzonych procesach, np. do rejestracji, przetwarzania p\u0142atno\u015bci lub kontaktu. Ponadto adres IP i inne dane s\u0105 przechowywane w wewn\u0119trznych katalogach podczas pobierania lub korzystania z generatora link\u00f3w. Informacje demograficzne s\u0105 gromadzone w celu poprawy komfortu u\u017cytkowania i mog\u0105 by\u0107 udost\u0119pniane partnerom reklamowym. Cookies s\u0105 r\u00f3wnie\u017c wykorzystywane do optymalnego wykorzystania. Je\u015bli chodzi o nasze do\u015bwiadczenie, w Linksnappy nie ma krytyki prywatno\u015bci i ochrony danych.<\/p>\n<p>&nbsp;<\/p>\n<p><img loading=\"lazy\" class=\"alignnone size-full wp-image-1721\" src=\"https:\/\/multihoster.org\/wp-content\/uploads\/2018\/10\/log-in-1.jpg\" alt=\"log in\" width=\"895\" height=\"641\" srcset=\"https:\/\/multihoster.org\/wp-content\/uploads\/2018\/10\/log-in-1.jpg 895w, https:\/\/multihoster.org\/wp-content\/uploads\/2018\/10\/log-in-1-300x215.jpg 300w, https:\/\/multihoster.org\/wp-content\/uploads\/2018\/10\/log-in-1-768x550.jpg 768w\" sizes=\"(max-width: 895px) 100vw, 895px\" \/><\/p>\n<p>&nbsp;<\/p>\n<h2>Serwis posprzeda\u017cny<\/h2>\n<p>Dost\u0119p do dzia\u0142u obs\u0142ugi klienta LinkSnappy mo\u017cna uzyska\u0107, przechodz\u0105c najpierw do zak\u0142adki &#8222;Moje konto&#8221; po zalogowaniu si\u0119. Na tej zak\u0142adce znajdziesz inne pozycje menu, w tym link do Help Desku. Tutaj mo\u017cesz utworzy\u0107 bilet bezpo\u015brednio lub po\u0142\u0105czy\u0107 si\u0119 z Centrum Obs\u0142ugi, dzi\u0119ki czemu mo\u017cesz \u0142atwo sprawdzi\u0107 status swojego biletu. Mo\u017cesz r\u00f3wnie\u017c rozwi\u0105za\u0107 sw\u00f3j problem odwiedzaj\u0105c FAQs u g\u00f3ry strony obok zak\u0142adki &#8222;Moje konto&#8221;. Dodatkowo, istnieje funkcja czatu na \u017cywo, kt\u00f3ra znajduje si\u0119 w prawym dolnym rogu strony internetowej.<\/p>\n<p><img loading=\"lazy\" class=\"alignnone size-full wp-image-1722\" src=\"https:\/\/multihoster.org\/wp-content\/uploads\/2018\/10\/details.jpg\" alt=\"details\" width=\"898\" height=\"632\" srcset=\"https:\/\/multihoster.org\/wp-content\/uploads\/2018\/10\/details.jpg 898w, https:\/\/multihoster.org\/wp-content\/uploads\/2018\/10\/details-300x211.jpg 300w, https:\/\/multihoster.org\/wp-content\/uploads\/2018\/10\/details-768x541.jpg 768w, https:\/\/multihoster.org\/wp-content\/uploads\/2018\/10\/details-130x90.jpg 130w\" sizes=\"(max-width: 898px) 100vw, 898px\" \/><\/p>\n<h2><\/h2>\n<h2>\u0141atwo\u015b\u0107 u\u017cytkowania<\/h2>\n<p>W te\u015bcie LinkSnappy sprawdzamy \u0142atwo\u015b\u0107 obs\u0142ugi i chcieliby\u015bmy podzieli\u0107 si\u0119 z Pa\u0144stwem naszymi do\u015bwiadczeniami z LinkSnappy. Strona ma przejrzyst\u0105 struktur\u0119, dzi\u0119ki czemu wszystkie podstawowe informacje o dostawcy mo\u017cna znale\u017a\u0107 na stronie g\u0142\u00f3wnej.<\/p>\n<p>Bezp\u0142atna rejestracja jest r\u00f3wnie\u017c mo\u017cliwa poprzez stron\u0119 g\u0142\u00f3wn\u0105. Na dole strony znajdziesz wi\u0119cej informacji na temat zadowolenia klienta poprzez konsultacje z innymi u\u017cytkownikami, kt\u00f3rzy ju\u017c wypr\u00f3bowali LinkSnappy.<\/p>\n<p>Powy\u017cej znajdziesz r\u00f3wnie\u017c sekcj\u0119 pyta\u0144 i odpowiedzi oraz pomocne samouczki na temat korzystania z Linksnappy.com. W sekcji Status znajdziesz szczeg\u00f3\u0142owe informacje na temat obs\u0142ugiwanych plik\u00f3w hosta oraz informacje na temat statusu Twojego konta.<\/p>\n<p>Po po\u0142\u0105czeniu, nowe opcje &#8222;Pobierz&#8221; i &#8222;Torrent&#8221; s\u0105 dost\u0119pne u g\u00f3ry strony. Tutaj mo\u017cesz pobra\u0107 i zarz\u0105dza\u0107 \u017c\u0105danymi plikami. Poni\u017cej znajduj\u0105 si\u0119 zak\u0142adki &#8222;Linki&#8221; i &#8222;Pliki&#8221;. Znajdziesz tam r\u00f3wnie\u017c opcj\u0119 Premium Update oraz zak\u0142adk\u0119 Support.<\/p>\n<p>Og\u00f3lnie rzecz bior\u0105c, nasze do\u015bwiadczenie pokazuje, \u017ce LinkSnappy oferuje dobr\u0105 obs\u0142ug\u0119 i atrakcyjn\u0105 \u0142atwo\u015b\u0107 obs\u0142ugi.<\/p>\n<p>&nbsp;<\/p>\n<h2>Zalety konta Premium Link Snappy<\/h2>\n<p>Z kontem Premium LinkSnappy, mo\u017cesz korzysta\u0107 z najwy\u017cszej pr\u0119dko\u015bci pobierania z ponad 60 hostami plik\u00f3w w oparciu o nasze do\u015bwiadczenie. Ponadto, korzystasz z funkcji &#8222;Prywatne pobieranie&#8221;, wi\u0119c ani Tw\u00f3j adres IP, ani utworzone pliki do pobrania nie s\u0105 rejestrowane. Mo\u017cesz r\u00f3wnie\u017c dystrybuowa\u0107 pliki bezpo\u015brednio online bez konieczno\u015bci ich pobierania. Konto Premium oferuje r\u00f3wnie\u017c wygodne wtyczki dla Chrome, Firefox i jDownloader do automatycznego generowania link\u00f3w. Dzia\u0142 obs\u0142ugi klienta jest dost\u0119pny 24 godziny na dob\u0119, 7 dni w tygodniu, aby pom\u00f3c Ci szybko rozwi\u0105za\u0107 wszelkie problemy. Je\u015bli nie podoba Ci si\u0119 us\u0142uga Premium Account, masz natychmiastow\u0105 7-dniow\u0105 gwarancj\u0119 zwrotu pieni\u0119dzy.<\/p>\n<h2>Nasze wnioski dotycz\u0105ce dostawcy LinkSnappy<\/h2>\n<p>Na koniec mo\u017cemy powiedzie\u0107, \u017ce LinkSnappy oferuje ju\u017c pe\u0142n\u0105 obs\u0142ug\u0119 z darmowym kontem. Strona jest zorganizowana bardzo przejrzy\u015bcie, a rejestracja jest szybka i \u0142atwa. Je\u015bli chcesz wykorzysta\u0107 maksymaln\u0105 pr\u0119dko\u015b\u0107 pobierania i skorzysta\u0107 z dodatkowych funkcji, mo\u017cesz zakupi\u0107 jedn\u0105 z czterech elitarnych subskrypcji na zakup konta LinkSnappy Premium. Jako metody p\u0142atno\u015bci znajdziesz kilku dostawc\u00f3w, w tym popularne metody Paypal i Paysafecard. Pod tym wzgl\u0119dem interesuj\u0105ca jest r\u00f3wnie\u017c 7-dniowa gwarancja zwrotu pieni\u0119dzy. Obs\u0142uga klienta jest \u0142atwo dost\u0119pna, r\u00f3wnie\u017c poprzez czat na \u017cywo, a oferty bonusowe s\u0105 bardzo interesuj\u0105ce. Z punktu widzenia naszego do\u015bwiadczenia, dostawca mo\u017ce wi\u0119c w pe\u0142ni przekona\u0107.<\/p>\n","protected":false},"excerpt":{"rendered":"<p>LinkSnappy multihosting oferuje Ci generator link\u00f3w premium i klienta torrenta chmury. Ponadto istnieje wiele innych funkcji, kt\u00f3re sprawiaj\u0105, \u017ce oferta<\/p>\n","protected":false},"author":2,"featured_media":0,"parent":0,"menu_order":0,"comment_status":"closed","ping_status":"closed","template":"","meta":[],"yoast_head":"<!-- This site is optimized with the Yoast SEO plugin v18.3 - https:\/\/yoast.com\/wordpress\/plugins\/seo\/ -->\n<title>lll\u25b7 Linksnappy Konto powa\u017cne czy nie? ++++ Test na Multihoster.org<\/title>\n<meta name=\"description\" content=\"Przetestowali\u015bmy Multihoster LinkSnappy i chcieliby\u015bmy podzieli\u0107 si\u0119 z Pa\u0144stwem naszymi do\u015bwiadczeniami dotycz\u0105cymi us\u0142ugi i powagi dostawcy.\" \/>\n<meta name=\"robots\" content=\"index, follow, max-snippet:-1, max-image-preview:large, max-video-preview:-1\" \/>\n<link rel=\"canonical\" href=\"https:\/\/multihoster.org\/pl\/linksnappy\/\" \/>\n<meta property=\"og:locale\" content=\"pl_PL\" \/>\n<meta property=\"og:type\" content=\"article\" \/>\n<meta property=\"og:title\" content=\"lll\u25b7 Linksnappy Konto powa\u017cne czy nie? ++++ Test na Multihoster.org\" \/>\n<meta property=\"og:description\" content=\"Przetestowali\u015bmy Multihoster LinkSnappy i chcieliby\u015bmy podzieli\u0107 si\u0119 z Pa\u0144stwem naszymi do\u015bwiadczeniami dotycz\u0105cymi us\u0142ugi i powagi dostawcy.\" \/>\n<meta property=\"og:url\" content=\"https:\/\/multihoster.org\/pl\/linksnappy\/\" \/>\n<meta property=\"og:site_name\" content=\"Multihoster.org\" \/>\n<meta property=\"og:image\" content=\"https:\/\/multihoster.org\/wp-content\/uploads\/2018\/10\/logo-3.png\" \/>\n<meta name=\"twitter:card\" content=\"summary\" \/>\n<meta name=\"twitter:label1\" content=\"Szacowany czas czytania\" \/>\n\t<meta name=\"twitter:data1\" content=\"5 minut\" \/>\n<script type=\"application\/ld+json\" class=\"yoast-schema-graph\">{\"@context\":\"https:\/\/schema.org\",\"@graph\":[{\"@type\":\"WebSite\",\"@id\":\"https:\/\/multihoster.org\/#website\",\"url\":\"https:\/\/multihoster.org\/\",\"name\":\"Multihoster.org\",\"description\":\"Reviews of the major Filehosting services\",\"potentialAction\":[{\"@type\":\"SearchAction\",\"target\":{\"@type\":\"EntryPoint\",\"urlTemplate\":\"https:\/\/multihoster.org\/?s={search_term_string}\"},\"query-input\":\"required name=search_term_string\"}],\"inLanguage\":\"pl-PL\"},{\"@type\":\"ImageObject\",\"@id\":\"https:\/\/multihoster.org\/pl\/linksnappy\/#primaryimage\",\"inLanguage\":\"pl-PL\",\"url\":\"https:\/\/multihoster.org\/wp-content\/uploads\/2018\/10\/logo-3.png\",\"contentUrl\":\"https:\/\/multihoster.org\/wp-content\/uploads\/2018\/10\/logo-3.png\",\"width\":371,\"height\":216},{\"@type\":\"WebPage\",\"@id\":\"https:\/\/multihoster.org\/pl\/linksnappy\/#webpage\",\"url\":\"https:\/\/multihoster.org\/pl\/linksnappy\/\",\"name\":\"lll\u25b7 Linksnappy Konto powa\u017cne czy nie? ++++ Test na Multihoster.org\",\"isPartOf\":{\"@id\":\"https:\/\/multihoster.org\/#website\"},\"primaryImageOfPage\":{\"@id\":\"https:\/\/multihoster.org\/pl\/linksnappy\/#primaryimage\"},\"datePublished\":\"2018-10-04T13:51:59+00:00\",\"dateModified\":\"2018-10-04T13:51:59+00:00\",\"description\":\"Przetestowali\u015bmy Multihoster LinkSnappy i chcieliby\u015bmy podzieli\u0107 si\u0119 z Pa\u0144stwem naszymi do\u015bwiadczeniami dotycz\u0105cymi us\u0142ugi i powagi dostawcy.\",\"breadcrumb\":{\"@id\":\"https:\/\/multihoster.org\/pl\/linksnappy\/#breadcrumb\"},\"inLanguage\":\"pl-PL\",\"potentialAction\":[{\"@type\":\"ReadAction\",\"target\":[\"https:\/\/multihoster.org\/pl\/linksnappy\/\"]}]},{\"@type\":\"BreadcrumbList\",\"@id\":\"https:\/\/multihoster.org\/pl\/linksnappy\/#breadcrumb\",\"itemListElement\":[{\"@type\":\"ListItem\",\"position\":1,\"name\":\"Startseite\",\"item\":\"https:\/\/multihoster.org\/pl\/\"},{\"@type\":\"ListItem\",\"position\":2,\"name\":\"LinkSnappy Experiences &#8211; Multihoster w skr\u00f3cie\"}]}]}<\/script>\n<!-- \/ Yoast SEO plugin. -->","yoast_head_json":{"title":"lll\u25b7 Linksnappy Konto powa\u017cne czy nie? ++++ Test na Multihoster.org","description":"Przetestowali\u015bmy Multihoster LinkSnappy i chcieliby\u015bmy podzieli\u0107 si\u0119 z Pa\u0144stwem naszymi do\u015bwiadczeniami dotycz\u0105cymi us\u0142ugi i powagi dostawcy.","robots":{"index":"index","follow":"follow","max-snippet":"max-snippet:-1","max-image-preview":"max-image-preview:large","max-video-preview":"max-video-preview:-1"},"canonical":"https:\/\/multihoster.org\/pl\/linksnappy\/","og_locale":"pl_PL","og_type":"article","og_title":"lll\u25b7 Linksnappy Konto powa\u017cne czy nie? ++++ Test na Multihoster.org","og_description":"Przetestowali\u015bmy Multihoster LinkSnappy i chcieliby\u015bmy podzieli\u0107 si\u0119 z Pa\u0144stwem naszymi do\u015bwiadczeniami dotycz\u0105cymi us\u0142ugi i powagi dostawcy.","og_url":"https:\/\/multihoster.org\/pl\/linksnappy\/","og_site_name":"Multihoster.org","og_image":[{"url":"https:\/\/multihoster.org\/wp-content\/uploads\/2018\/10\/logo-3.png"}],"twitter_card":"summary","twitter_misc":{"Szacowany czas czytania":"5 minut"},"schema":{"@context":"https:\/\/schema.org","@graph":[{"@type":"WebSite","@id":"https:\/\/multihoster.org\/#website","url":"https:\/\/multihoster.org\/","name":"Multihoster.org","description":"Reviews of the major Filehosting services","potentialAction":[{"@type":"SearchAction","target":{"@type":"EntryPoint","urlTemplate":"https:\/\/multihoster.org\/?s={search_term_string}"},"query-input":"required name=search_term_string"}],"inLanguage":"pl-PL"},{"@type":"ImageObject","@id":"https:\/\/multihoster.org\/pl\/linksnappy\/#primaryimage","inLanguage":"pl-PL","url":"https:\/\/multihoster.org\/wp-content\/uploads\/2018\/10\/logo-3.png","contentUrl":"https:\/\/multihoster.org\/wp-content\/uploads\/2018\/10\/logo-3.png","width":371,"height":216},{"@type":"WebPage","@id":"https:\/\/multihoster.org\/pl\/linksnappy\/#webpage","url":"https:\/\/multihoster.org\/pl\/linksnappy\/","name":"lll\u25b7 Linksnappy Konto powa\u017cne czy nie? ++++ Test na Multihoster.org","isPartOf":{"@id":"https:\/\/multihoster.org\/#website"},"primaryImageOfPage":{"@id":"https:\/\/multihoster.org\/pl\/linksnappy\/#primaryimage"},"datePublished":"2018-10-04T13:51:59+00:00","dateModified":"2018-10-04T13:51:59+00:00","description":"Przetestowali\u015bmy Multihoster LinkSnappy i chcieliby\u015bmy podzieli\u0107 si\u0119 z Pa\u0144stwem naszymi do\u015bwiadczeniami dotycz\u0105cymi us\u0142ugi i powagi dostawcy.","breadcrumb":{"@id":"https:\/\/multihoster.org\/pl\/linksnappy\/#breadcrumb"},"inLanguage":"pl-PL","potentialAction":[{"@type":"ReadAction","target":["https:\/\/multihoster.org\/pl\/linksnappy\/"]}]},{"@type":"BreadcrumbList","@id":"https:\/\/multihoster.org\/pl\/linksnappy\/#breadcrumb","itemListElement":[{"@type":"ListItem","position":1,"name":"Startseite","item":"https:\/\/multihoster.org\/pl\/"},{"@type":"ListItem","position":2,"name":"LinkSnappy Experiences &#8211; Multihoster w skr\u00f3cie"}]}]}},"_links":{"self":[{"href":"https:\/\/multihoster.org\/pl\/wp-json\/wp\/v2\/pages\/1755"}],"collection":[{"href":"https:\/\/multihoster.org\/pl\/wp-json\/wp\/v2\/pages"}],"about":[{"href":"https:\/\/multihoster.org\/pl\/wp-json\/wp\/v2\/types\/page"}],"author":[{"embeddable":true,"href":"https:\/\/multihoster.org\/pl\/wp-json\/wp\/v2\/users\/2"}],"replies":[{"embeddable":true,"href":"https:\/\/multihoster.org\/pl\/wp-json\/wp\/v2\/comments?post=1755"}],"version-history":[{"count":3,"href":"https:\/\/multihoster.org\/pl\/wp-json\/wp\/v2\/pages\/1755\/revisions"}],"predecessor-version":[{"id":1798,"href":"https:\/\/multihoster.org\/pl\/wp-json\/wp\/v2\/pages\/1755\/revisions\/1798"}],"wp:attachment":[{"href":"https:\/\/multihoster.org\/pl\/wp-json\/wp\/v2\/media?parent=1755"}],"curies":[{"name":"wp","href":"https:\/\/api.w.org\/{rel}","templated":true}]}}