{"id":1908,"date":"2018-10-05T14:56:34","date_gmt":"2018-10-05T14:56:34","guid":{"rendered":"https:\/\/multihoster.org\/?page_id=1908"},"modified":"2018-10-05T14:56:34","modified_gmt":"2018-10-05T14:56:34","slug":"share-online","status":"publish","type":"page","link":"https:\/\/multihoster.org\/pl\/share-online\/","title":{"rendered":"Share-Online Premium Account &#8211; Przegl\u0105d pliku hosta"},"content":{"rendered":"<p><img loading=\"lazy\" class=\"wp-image-1871 alignleft\" src=\"https:\/\/multihoster.org\/wp-content\/uploads\/2018\/10\/logo-4.png\" alt=\"\" width=\"236\" height=\"61\" \/><\/p>\n<p>Share-Online oferuje zar\u00f3wno funkcj\u0119 pobierania, jak i pobierania. W ramach oferty dost\u0119pne jest bezp\u0142atne konto rozliczeniowe oraz dost\u0119p do konta premium. Istnieje kilka ogranicze\u0144 w korzystaniu z konta do\u0142adowania, a dost\u0119p premium pozwala na korzystanie z pe\u0142nego zakresu funkcji.<\/p>\n<h2><\/h2>\n<h2>Pe\u0142na gama produkt\u00f3w Share-Online w skr\u00f3cie<\/h2>\n<p>Je\u015bli chcesz skorzysta\u0107 z bezp\u0142atnej oferty Online Share, mo\u017cesz zacz\u0105\u0107 od konta kolekcjonerskiego, kt\u00f3re ma pewne ograniczenia. Ograniczenia pobierania obejmuj\u0105 czas oczekiwania co najmniej 30 sekund, ograniczenie pr\u0119dko\u015bci do 150 kb na sekund\u0119 oraz ograniczenie obj\u0119to\u015bci pobierania do 2 GB na godzin\u0119 na plik. Je\u015bli chodzi o pobieranie, pliki s\u0105 usuwane po maksymalnie 45 dniach braku aktywno\u015bci.<\/p>\n<p>Z Online Shared Premium Account, mo\u017cna rozpocz\u0105\u0107 natychmiast i cieszy\u0107 si\u0119 maksymaln\u0105 pr\u0119dko\u015bci\u0105 pobierania. Ponadto, nie ma czasu oczekiwania, reklamy i wielu innych funkcji.<\/p>\n<p>Teraz mo\u017cna \u0142atwo pobiera\u0107 pliki do 1024 MB bez konieczno\u015bci rejestracji na stronie g\u0142\u00f3wnej.<\/p>\n<h2>Oferty premiowe<\/h2>\n<p>Z programu partnerskiego Share-Online mo\u017cna korzysta\u0107 na dwa sposoby. Z jednej strony, mo\u017cesz reklamowa\u0107 ofert\u0119 Share Online znajomym i przyjacio\u0142om poprzez indywidualny link partnerski. Mo\u017cesz r\u00f3wnie\u017c reklamowa\u0107 si\u0119 za pomoc\u0105 baner\u00f3w na swojej stronie internetowej. Przy zakupie konta wa\u017cnego przez 7 dni lub d\u0142u\u017cej, otrzymasz prowizj\u0119 w wysoko\u015bci 30% za ka\u017cd\u0105 pierwsz\u0105 sprzeda\u017c i 20% za kolejne zakupy.<\/p>\n<p>&nbsp;<\/p>\n<p><img loading=\"lazy\" class=\"size-full wp-image-1844 aligncenter\" src=\"https:\/\/multihoster.org\/wp-content\/uploads\/2018\/10\/Share-Online.jpg\" alt=\"Share-Online\" width=\"1086\" height=\"711\" srcset=\"https:\/\/multihoster.org\/wp-content\/uploads\/2018\/10\/Share-Online.jpg 1086w, https:\/\/multihoster.org\/wp-content\/uploads\/2018\/10\/Share-Online-300x196.jpg 300w, https:\/\/multihoster.org\/wp-content\/uploads\/2018\/10\/Share-Online-768x503.jpg 768w, https:\/\/multihoster.org\/wp-content\/uploads\/2018\/10\/Share-Online-1024x670.jpg 1024w\" sizes=\"(max-width: 1086px) 100vw, 1086px\" \/><\/p>\n<h2>Koszty i metody p\u0142atno\u015bci<\/h2>\n<p>Dostawca oferuje szerok\u0105 gam\u0119 wysokiej klasy pakiet\u00f3w dost\u0119pu &#8211; mo\u017cesz wybra\u0107 spo\u015br\u00f3d 9 pakiet\u00f3w, od 2 dni do 1080 dni. Istnieje kilka metod p\u0142atno\u015bci do wyboru, w tym popularne metody Paypal i Paysafecard. Mo\u017cliwe jest r\u00f3wnie\u017c polecenie zap\u0142aty. Je\u015bli chcesz, mo\u017cesz r\u00f3wnie\u017c wybra\u0107 zwyk\u0142y przelew bankowy, bezpo\u015bredni przelew bankowy, webmoney, SMS lub telefon. Mo\u017cesz r\u00f3wnie\u017c zap\u0142aci\u0107 zaszyfrowan\u0105 walut\u0105 poprzez BitPay. Opcjonalnie mo\u017cna wprowadzi\u0107 kod kuponu, je\u015bli jest dost\u0119pny. Je\u015bli wolisz inn\u0105 metod\u0119 p\u0142atno\u015bci, znajdziesz pozycj\u0119 menu w sekcji Vouchery, kt\u00f3ra wprowadza Ci\u0119 do sze\u015bciu sklep\u00f3w Share-Online.<\/p>\n<p><strong>\n<table id=\"tablepress-157\" class=\"tablepress tablepress-id-157\">\n<tbody class=\"row-hover\">\n<tr class=\"row-1 odd\">\n\t<td class=\"column-1\">Okre\u015blenie<\/td><td class=\"column-2\">Cena<\/td><td class=\"column-3\">Cena za dzie\u0144<\/td><td class=\"column-4\">bonusowy<br \/>\n(100 punkt\u00f3w = 1 \u20ac)<br \/>\n<\/td>\n<\/tr>\n<tr class=\"row-2 even\">\n\t<td class=\"column-1\">2 dni<\/td><td class=\"column-2\">4,99 \u20ac<\/td><td class=\"column-3\">2,50 \u20ac<\/td><td class=\"column-4\">200 punkt\u00f3w<\/td>\n<\/tr>\n<tr class=\"row-3 odd\">\n\t<td class=\"column-1\">30 dni<\/td><td class=\"column-2\">9,49 \u20ac<\/td><td class=\"column-3\">0,32 \u20ac<\/td><td class=\"column-4\">1000 punkt\u00f3w<\/td>\n<\/tr>\n<tr class=\"row-4 even\">\n\t<td class=\"column-1\">36 dni<\/td><td class=\"column-2\">10,00 \u20ac<\/td><td class=\"column-3\">0,28 \u20ac<\/td><td class=\"column-4\">2000 punkt\u00f3w<\/td>\n<\/tr>\n<tr class=\"row-5 odd\">\n\t<td class=\"column-1\">90 dni<\/td><td class=\"column-2\">21,99 \u20ac<\/td><td class=\"column-3\">0,24 \u20ac<\/td><td class=\"column-4\">2000 punkt\u00f3w<\/td>\n<\/tr>\n<tr class=\"row-6 even\">\n\t<td class=\"column-1\">105 dni<\/td><td class=\"column-2\">25,00 \u20ac<\/td><td class=\"column-3\">0,24 \u20ac<\/td><td class=\"column-4\">3500 punkt\u00f3w<\/td>\n<\/tr>\n<tr class=\"row-7 odd\">\n\t<td class=\"column-1\">180 dni<\/td><td class=\"column-2\">37,99 \u20ac<\/td><td class=\"column-3\">0,21 \u20ac<\/td><td class=\"column-4\">3800 punkt\u00f3w<\/td>\n<\/tr>\n<tr class=\"row-8 even\">\n\t<td class=\"column-1\">270 dni<\/td><td class=\"column-2\">50,00 \u20ac<\/td><td class=\"column-3\">0,19 \u20ac<\/td><td class=\"column-4\">4000 punkt\u00f3w<\/td>\n<\/tr>\n<tr class=\"row-9 odd\">\n\t<td class=\"column-1\">420 dni<\/td><td class=\"column-2\">59,99 \u20ac<\/td><td class=\"column-3\">0,14 \u20ac<\/td><td class=\"column-4\">4000 punkt\u00f3w<\/td>\n<\/tr>\n<tr class=\"row-10 even\">\n\t<td class=\"column-1\">1080 dni<\/td><td class=\"column-2\">99,99 \u20ac<\/td><td class=\"column-3\">0,09 \u20ac<\/td><td class=\"column-4\">8000 punkt\u00f3w<\/td>\n<\/tr>\n<\/tbody>\n<\/table>\n<!-- #tablepress-157 from cache --><\/strong><\/p>\n<p>Mo\u017cesz kupi\u0107 nie tylko dost\u0119p premium, kt\u00f3ry umo\u017cliwia dost\u0119p na kilka dni, ale r\u00f3wnie\u017c skorzysta\u0107 z przedp\u0142aconych \u015brodk\u00f3w. Mo\u017cesz do\u0142adowa\u0107 sw\u00f3j kredyt wed\u0142ug w\u0142asnego uznania i zarezerwowa\u0107 stawk\u0119 w wysoko\u015bci jednej godziny, trzech godzin, dziewi\u0119ciu godzin lub 15 godzin, je\u015bli chcesz.<\/p>\n<h2>Polityka prywatno\u015bci<\/h2>\n<p>Filehoster Share-Online o\u015bwiadcza, \u017ce dok\u0142ada wszelkich stara\u0144 w celu bezpiecznego przetwarzania przechowywanych informacji. Nie s\u0105 one sprzedawane ani wymieniane. Adres e-mail jest wykorzystywany wy\u0142\u0105cznie do cel\u00f3w powiadamiania, a nast\u0119pnie jest usuwany. Tw\u00f3j adres IP jest zapisywany do cel\u00f3w statystycznych dotycz\u0105cych wykorzystania mocy produkcyjnych, a tak\u017ce usuwany w ci\u0105gu godziny od zako\u0144czenia pobierania.<\/p>\n<p><img loading=\"lazy\" class=\"size-full wp-image-1853 aligncenter\" src=\"https:\/\/multihoster.org\/wp-content\/uploads\/2018\/10\/features.jpg\" alt=\"features\" width=\"1010\" height=\"702\" srcset=\"https:\/\/multihoster.org\/wp-content\/uploads\/2018\/10\/features.jpg 1010w, https:\/\/multihoster.org\/wp-content\/uploads\/2018\/10\/features-300x209.jpg 300w, https:\/\/multihoster.org\/wp-content\/uploads\/2018\/10\/features-768x534.jpg 768w, https:\/\/multihoster.org\/wp-content\/uploads\/2018\/10\/features-392x272.jpg 392w, https:\/\/multihoster.org\/wp-content\/uploads\/2018\/10\/features-130x90.jpg 130w\" sizes=\"(max-width: 1010px) 100vw, 1010px\" \/><\/p>\n<p>&nbsp;<\/p>\n<h2>Serwis posprzeda\u017cny<\/h2>\n<p>Aby uzyska\u0107 dost\u0119p do dzia\u0142u obs\u0142ugi klienta, mo\u017cna skorzysta\u0107 z opcji menu &#8222;Pomoc techniczna&#8221; u g\u00f3ry strony g\u0142\u00f3wnej. Stamt\u0105d mo\u017cna uzyska\u0107 dost\u0119p do HELPDESK, gdzie mo\u017cna zada\u0107 pytanie i wyszuka\u0107 odpowiedzi klikaj\u0105c na pomoc w wyszukiwaniu. Znajdziesz tu r\u00f3wnie\u017c obszern\u0105 baz\u0119 wiedzy. Je\u015bli nie mo\u017cesz znale\u017a\u0107 rozwi\u0105zania w ten spos\u00f3b, mo\u017cesz otworzy\u0107 indywidualny bilet do pomocy i sprawdzi\u0107 status biletu na \u017c\u0105danie.<\/p>\n<h2>\u0141atwo\u015b\u0107 u\u017cytkowania<\/h2>\n<p>Strona Share-Online.biz jest przejrzysta i \u0142atwa w obs\u0142udze. Mo\u017cesz pobra\u0107 pliki do 1024 MB bezpo\u015brednio ze strony g\u0142\u00f3wnej bez konieczno\u015bci rejestracji. Je\u015bli chcesz skorzysta\u0107 z wi\u0119kszej liczby funkcji, mo\u017cesz utworzy\u0107 darmowe konto lub kupi\u0107 bezpo\u015brednio konto premium. Opcj\u0119 rejestracji znajdziesz u g\u00f3ry menu, opr\u00f3cz zak\u0142adek &#8222;NEW&#8221;, &#8222;PACKAGE COMPARISON&#8221;, &#8222;FAQ&#8221;, &#8222;TOOLS&#8221; i &#8222;SUPPORT&#8221;.<\/p>\n<p>Rejestracja wymaga podania tylko adresu e-mail, Twoje dane logowania zostan\u0105 wys\u0142ane do Ciebie natychmiast po rejestracji na stronie. Dlatego absolutnie nie ma potrzeby zagl\u0105dania do skrzynki pocztowej.<\/p>\n<p>Po rejestracji mo\u017cna r\u00f3wnie\u017c wybra\u0107 opcj\u0119 &#8222;M\u00d3J PROFIL&#8221;. Tutaj mo\u017cesz zobaczy\u0107, skonfigurowa\u0107 i aktywowa\u0107 si\u0119 jako cz\u0119\u015b\u0107 programu partnerskiego, aby uzyska\u0107 wi\u0119cej szczeg\u00f3\u0142owych informacji i szczeg\u00f3\u0142\u00f3w dotycz\u0105cych Twojego konta. Dost\u0119pne s\u0105 r\u00f3wnie\u017c opcje pobierania FTP, zdalnego pobierania i zarz\u0105dzania pobieraniem. Mo\u017cesz r\u00f3wnie\u017c rozszerzy\u0107 sw\u00f3j dost\u0119p, kupi\u0107 konto przedp\u0142acone i zarz\u0105dza\u0107 swoimi punktami. W zak\u0142adce &#8222;Zap\u0142a\u0107 za \u017cycie&#8221; mo\u017cesz dowiedzie\u0107 si\u0119 wi\u0119cej o modelu &#8222;Zap\u0142a\u0107 za \u017cycie&#8221; i skorzysta\u0107 z opcji &#8222;Przegl\u0105daj p\u0142atno\u015bci&#8221;, aby zobaczy\u0107 poprzednie p\u0142atno\u015bci.<\/p>\n<h2>Zalety konta Premium z Share-Online<\/h2>\n<p>Z premi\u0105 Share-Online mo\u017cesz korzysta\u0107 ze wszystkich funkcji bez ogranicze\u0144. Oznacza to, \u017ce masz maksymaln\u0105 pr\u0119dko\u015b\u0107 i \u017ce pobieranie mo\u017ce by\u0107 wznowione po przerwie. Nie ma czasu oczekiwania, reklam, pieluch czy wyskakuj\u0105cych okienek. Ponadto, mo\u017cna mie\u0107 wiele aktywnych pobra\u0144 na raz i zawsze mie\u0107 pierwsze\u0144stwo przed go\u015b\u0107mi lub kolekcjonerami. Eliminacja ogranicze\u0144 czasowych i braku aktywno\u015bci s\u0105 ca\u0142kowicie wyeliminowane.<\/p>\n<p><strong><img loading=\"lazy\" class=\"size-full wp-image-1862 aligncenter\" src=\"https:\/\/multihoster.org\/wp-content\/uploads\/2018\/10\/pricing-1.jpg\" alt=\"pricing\" width=\"1031\" height=\"731\" srcset=\"https:\/\/multihoster.org\/wp-content\/uploads\/2018\/10\/pricing-1.jpg 1031w, https:\/\/multihoster.org\/wp-content\/uploads\/2018\/10\/pricing-1-300x213.jpg 300w, https:\/\/multihoster.org\/wp-content\/uploads\/2018\/10\/pricing-1-768x545.jpg 768w, https:\/\/multihoster.org\/wp-content\/uploads\/2018\/10\/pricing-1-1024x726.jpg 1024w\" sizes=\"(max-width: 1031px) 100vw, 1031px\" \/><\/strong><\/p>\n<h2 style=\"margin: 18.0pt 0cm 6.0pt 0cm;\">Nasze wsp\u00f3lne streszczenie dla dostawc\u00f3w online<\/h2>\n<p>Podsumowuj\u0105c, mo\u017cna powiedzie\u0107, \u017ce dostawca us\u0142ugi Share-Online ma szeroki wachlarz ofert. Interfejs u\u017cytkownika jest \u0142atwy w obs\u0142udze i zrozumia\u0142y, co pozwala zar\u00f3wno do\u015bwiadczonym, jak i pocz\u0105tkuj\u0105cym u\u017cytkownikom na bezproblemowe korzystanie z oferty. Rejestracja jest zako\u0144czona szybko i mo\u017cesz wybra\u0107 pomi\u0119dzy r\u00f3\u017cnymi pakietami i metodami p\u0142atno\u015bci, aby przej\u015b\u0107 na konto Premium.<\/p>\n","protected":false},"excerpt":{"rendered":"<p>Share-Online oferuje zar\u00f3wno funkcj\u0119 pobierania, jak i pobierania. W ramach oferty dost\u0119pne jest bezp\u0142atne konto rozliczeniowe oraz dost\u0119p do konta<\/p>\n","protected":false},"author":2,"featured_media":0,"parent":0,"menu_order":0,"comment_status":"closed","ping_status":"closed","template":"","meta":[],"yoast_head":"<!-- This site is optimized with the Yoast SEO plugin v18.3 - https:\/\/yoast.com\/wordpress\/plugins\/seo\/ -->\n<title>lll\u25b7 Share-Online.biz Premium powa\u017cne czy nie? Test na Multihoster.org<\/title>\n<meta name=\"description\" content=\"Filehoster Share-Online oferuje Ci ciekaw\u0105 i obszern\u0105 ofert\u0119 do pobrania i przes\u0142ania, z kt\u00f3rej mo\u017cesz korzysta\u0107 bez ogranicze\u0144 z konta Premium.\" \/>\n<meta name=\"robots\" content=\"index, follow, max-snippet:-1, max-image-preview:large, max-video-preview:-1\" \/>\n<link rel=\"canonical\" href=\"https:\/\/multihoster.org\/pl\/share-online\/\" \/>\n<meta property=\"og:locale\" content=\"pl_PL\" \/>\n<meta property=\"og:type\" content=\"article\" \/>\n<meta property=\"og:title\" content=\"lll\u25b7 Share-Online.biz Premium powa\u017cne czy nie? Test na Multihoster.org\" \/>\n<meta property=\"og:description\" content=\"Filehoster Share-Online oferuje Ci ciekaw\u0105 i obszern\u0105 ofert\u0119 do pobrania i przes\u0142ania, z kt\u00f3rej mo\u017cesz korzysta\u0107 bez ogranicze\u0144 z konta Premium.\" \/>\n<meta property=\"og:url\" content=\"https:\/\/multihoster.org\/pl\/share-online\/\" \/>\n<meta property=\"og:site_name\" content=\"Multihoster.org\" \/>\n<meta property=\"og:image\" content=\"https:\/\/multihoster.org\/wp-content\/uploads\/2018\/10\/logo-4.png\" \/>\n<meta name=\"twitter:card\" content=\"summary\" \/>\n<meta name=\"twitter:label1\" content=\"Szacowany czas czytania\" \/>\n\t<meta name=\"twitter:data1\" content=\"5 minut\" \/>\n<script type=\"application\/ld+json\" class=\"yoast-schema-graph\">{\"@context\":\"https:\/\/schema.org\",\"@graph\":[{\"@type\":\"WebSite\",\"@id\":\"https:\/\/multihoster.org\/#website\",\"url\":\"https:\/\/multihoster.org\/\",\"name\":\"Multihoster.org\",\"description\":\"Reviews of the major Filehosting services\",\"potentialAction\":[{\"@type\":\"SearchAction\",\"target\":{\"@type\":\"EntryPoint\",\"urlTemplate\":\"https:\/\/multihoster.org\/?s={search_term_string}\"},\"query-input\":\"required name=search_term_string\"}],\"inLanguage\":\"pl-PL\"},{\"@type\":\"ImageObject\",\"@id\":\"https:\/\/multihoster.org\/pl\/share-online\/#primaryimage\",\"inLanguage\":\"pl-PL\",\"url\":\"https:\/\/multihoster.org\/wp-content\/uploads\/2018\/10\/logo-4.png\",\"contentUrl\":\"https:\/\/multihoster.org\/wp-content\/uploads\/2018\/10\/logo-4.png\",\"width\":290,\"height\":75},{\"@type\":\"WebPage\",\"@id\":\"https:\/\/multihoster.org\/pl\/share-online\/#webpage\",\"url\":\"https:\/\/multihoster.org\/pl\/share-online\/\",\"name\":\"lll\u25b7 Share-Online.biz Premium powa\u017cne czy nie? Test na Multihoster.org\",\"isPartOf\":{\"@id\":\"https:\/\/multihoster.org\/#website\"},\"primaryImageOfPage\":{\"@id\":\"https:\/\/multihoster.org\/pl\/share-online\/#primaryimage\"},\"datePublished\":\"2018-10-05T14:56:34+00:00\",\"dateModified\":\"2018-10-05T14:56:34+00:00\",\"description\":\"Filehoster Share-Online oferuje Ci ciekaw\u0105 i obszern\u0105 ofert\u0119 do pobrania i przes\u0142ania, z kt\u00f3rej mo\u017cesz korzysta\u0107 bez ogranicze\u0144 z konta Premium.\",\"breadcrumb\":{\"@id\":\"https:\/\/multihoster.org\/pl\/share-online\/#breadcrumb\"},\"inLanguage\":\"pl-PL\",\"potentialAction\":[{\"@type\":\"ReadAction\",\"target\":[\"https:\/\/multihoster.org\/pl\/share-online\/\"]}]},{\"@type\":\"BreadcrumbList\",\"@id\":\"https:\/\/multihoster.org\/pl\/share-online\/#breadcrumb\",\"itemListElement\":[{\"@type\":\"ListItem\",\"position\":1,\"name\":\"Startseite\",\"item\":\"https:\/\/multihoster.org\/pl\/\"},{\"@type\":\"ListItem\",\"position\":2,\"name\":\"Share-Online Premium Account &#8211; Przegl\u0105d pliku hosta\"}]}]}<\/script>\n<!-- \/ Yoast SEO plugin. -->","yoast_head_json":{"title":"lll\u25b7 Share-Online.biz Premium powa\u017cne czy nie? Test na Multihoster.org","description":"Filehoster Share-Online oferuje Ci ciekaw\u0105 i obszern\u0105 ofert\u0119 do pobrania i przes\u0142ania, z kt\u00f3rej mo\u017cesz korzysta\u0107 bez ogranicze\u0144 z konta Premium.","robots":{"index":"index","follow":"follow","max-snippet":"max-snippet:-1","max-image-preview":"max-image-preview:large","max-video-preview":"max-video-preview:-1"},"canonical":"https:\/\/multihoster.org\/pl\/share-online\/","og_locale":"pl_PL","og_type":"article","og_title":"lll\u25b7 Share-Online.biz Premium powa\u017cne czy nie? Test na Multihoster.org","og_description":"Filehoster Share-Online oferuje Ci ciekaw\u0105 i obszern\u0105 ofert\u0119 do pobrania i przes\u0142ania, z kt\u00f3rej mo\u017cesz korzysta\u0107 bez ogranicze\u0144 z konta Premium.","og_url":"https:\/\/multihoster.org\/pl\/share-online\/","og_site_name":"Multihoster.org","og_image":[{"url":"https:\/\/multihoster.org\/wp-content\/uploads\/2018\/10\/logo-4.png"}],"twitter_card":"summary","twitter_misc":{"Szacowany czas czytania":"5 minut"},"schema":{"@context":"https:\/\/schema.org","@graph":[{"@type":"WebSite","@id":"https:\/\/multihoster.org\/#website","url":"https:\/\/multihoster.org\/","name":"Multihoster.org","description":"Reviews of the major Filehosting services","potentialAction":[{"@type":"SearchAction","target":{"@type":"EntryPoint","urlTemplate":"https:\/\/multihoster.org\/?s={search_term_string}"},"query-input":"required name=search_term_string"}],"inLanguage":"pl-PL"},{"@type":"ImageObject","@id":"https:\/\/multihoster.org\/pl\/share-online\/#primaryimage","inLanguage":"pl-PL","url":"https:\/\/multihoster.org\/wp-content\/uploads\/2018\/10\/logo-4.png","contentUrl":"https:\/\/multihoster.org\/wp-content\/uploads\/2018\/10\/logo-4.png","width":290,"height":75},{"@type":"WebPage","@id":"https:\/\/multihoster.org\/pl\/share-online\/#webpage","url":"https:\/\/multihoster.org\/pl\/share-online\/","name":"lll\u25b7 Share-Online.biz Premium powa\u017cne czy nie? Test na Multihoster.org","isPartOf":{"@id":"https:\/\/multihoster.org\/#website"},"primaryImageOfPage":{"@id":"https:\/\/multihoster.org\/pl\/share-online\/#primaryimage"},"datePublished":"2018-10-05T14:56:34+00:00","dateModified":"2018-10-05T14:56:34+00:00","description":"Filehoster Share-Online oferuje Ci ciekaw\u0105 i obszern\u0105 ofert\u0119 do pobrania i przes\u0142ania, z kt\u00f3rej mo\u017cesz korzysta\u0107 bez ogranicze\u0144 z konta Premium.","breadcrumb":{"@id":"https:\/\/multihoster.org\/pl\/share-online\/#breadcrumb"},"inLanguage":"pl-PL","potentialAction":[{"@type":"ReadAction","target":["https:\/\/multihoster.org\/pl\/share-online\/"]}]},{"@type":"BreadcrumbList","@id":"https:\/\/multihoster.org\/pl\/share-online\/#breadcrumb","itemListElement":[{"@type":"ListItem","position":1,"name":"Startseite","item":"https:\/\/multihoster.org\/pl\/"},{"@type":"ListItem","position":2,"name":"Share-Online Premium Account &#8211; Przegl\u0105d pliku hosta"}]}]}},"_links":{"self":[{"href":"https:\/\/multihoster.org\/pl\/wp-json\/wp\/v2\/pages\/1908"}],"collection":[{"href":"https:\/\/multihoster.org\/pl\/wp-json\/wp\/v2\/pages"}],"about":[{"href":"https:\/\/multihoster.org\/pl\/wp-json\/wp\/v2\/types\/page"}],"author":[{"embeddable":true,"href":"https:\/\/multihoster.org\/pl\/wp-json\/wp\/v2\/users\/2"}],"replies":[{"embeddable":true,"href":"https:\/\/multihoster.org\/pl\/wp-json\/wp\/v2\/comments?post=1908"}],"version-history":[{"count":5,"href":"https:\/\/multihoster.org\/pl\/wp-json\/wp\/v2\/pages\/1908\/revisions"}],"predecessor-version":[{"id":1987,"href":"https:\/\/multihoster.org\/pl\/wp-json\/wp\/v2\/pages\/1908\/revisions\/1987"}],"wp:attachment":[{"href":"https:\/\/multihoster.org\/pl\/wp-json\/wp\/v2\/media?parent=1908"}],"curies":[{"name":"wp","href":"https:\/\/api.w.org\/{rel}","templated":true}]}}