{"id":1955,"date":"2018-10-05T14:51:14","date_gmt":"2018-10-05T14:51:14","guid":{"rendered":"https:\/\/multihoster.org\/?page_id=1955"},"modified":"2019-08-05T14:46:58","modified_gmt":"2019-08-05T14:46:58","slug":"easybytez","status":"publish","type":"page","link":"https:\/\/multihoster.org\/pl\/easybytez\/","title":{"rendered":"EasyBytez Premium Account &#8211; Multihoster w skr\u00f3cie"},"content":{"rendered":"<p style=\"margin: 20.15pt 0cm 5.95pt 0cm;\"><span style=\"font-family: 'Arial',sans-serif; color: black;\" data-darkreader-inline-color=\"\"><img loading=\"lazy\" class=\"size-full wp-image-1479 alignleft\" src=\"https:\/\/multihoster.org\/wp-content\/uploads\/2018\/09\/logo-3.png\" alt=\"logo\" width=\"258\" height=\"67\">Z Multihoster EasyBytez mo\u017cna pobra\u0107 i pobra\u0107 r\u00f3\u017cne pliki. Pobieranie jest teraz mo\u017cliwe bez konieczno\u015bci zak\u0142adania konta. Mo\u017cesz zarejestrowa\u0107 si\u0119 za darmo i, je\u015bli chcesz, uaktualni\u0107 swoje konto do EasyBytez Premium. Dostawca obiecuje wysoki poziom ochrony i bezpiecze\u0144stwa, wysokie pr\u0119dko\u015bci i atrakcyjn\u0105 \u0142atwo\u015b\u0107 obs\u0142ugi. <\/span><\/p>\n<p><a class=\"fasc-button fasc-size-xlarge fasc-type-glossy fasc-rounded-medium ico-fa fasc-ico-after fa-share\" style=\"background-color: #39697a; color: #fbf7f1; --darkreader-inline-bgcolor: #3f5f69; --darkreader-inline-color: #f7f0e5;\" target=\"_blank\" rel=\"nofollow noopener noreferrer\" data-darkreader-inline-bgcolor=\"\" data-darkreader-inline-color=\"\" href=\"https:\/\/multihoster.org\/file-al\/goto\/\">Id\u017a do Easybytez<\/a><\/p>\n<h2>Przegl\u0105d ca\u0142ej gamy<\/h2>\n<p style=\"margin: 18.15pt 0cm 5.95pt 0cm;\"><span style=\"font-family: 'Arial',sans-serif; color: black;\" data-darkreader-inline-color=\"\">Z jednej strony, mo\u017cna utworzy\u0107 darmowe konto, dzi\u0119ki kt\u00f3remu mo\u017cna korzysta\u0107 z us\u0142ugi EasyBytez w ograniczonym zakresie. Ponadto, mo\u017cna r\u00f3wnie\u017c korzysta\u0107 z funkcji EasyBytez Premium. Konto EasyBytez Premium oferuje pe\u0142en zakres funkcji, w tym maksymaln\u0105 pr\u0119dko\u015b\u0107 i bezp\u0142atne korzystanie z EasyBytez.<\/span><\/p>\n<h2>Pozytywne cechy charakterystyczne dostawcy<\/h2>\n<ul>\n<li>Bezp\u0142atne i p\u0142atne<\/li>\n<li>Rozszerzona us\u0142uga Premium<\/li>\n<li>Dost\u0119pne anonimowe metody p\u0142atno\u015bci<\/li>\n<li>Prosta i \u0142atwa w u\u017cyciu<\/li>\n<\/ul>\n<h2>Oferty premiowe<\/h2>\n<p style=\"margin: 18.15pt 0cm 5.95pt 0cm;\"><span style=\"font-family: 'Arial',sans-serif; color: black;\" data-darkreader-inline-color=\"\">Z kontem EasyBytez Premium, masz nie tylko mo\u017cliwo\u015b\u0107 pobierania i pobierania plik\u00f3w, ale mo\u017cesz r\u00f3wnie\u017c otrzyma\u0107 interesuj\u0105c\u0105 prowizj\u0119 reklamuj\u0105c swoje konto EasyBytez Premium z wyznaczonym linkiem polecaj\u0105cym.<\/span><\/p>\n<h2>Koszty i metody p\u0142atno\u015bci<\/h2>\n<p style=\"margin: 0cm; margin-bottom: .0001pt;\"><span style=\"font-family: 'Arial',sans-serif; color: black;\" data-darkreader-inline-color=\"\">W przypadku p\u0142atno\u015bci za konto EasyBytez Premium, mo\u017cesz wybra\u0107 pomi\u0119dzy r\u00f3\u017cnymi metodami p\u0142atno\u015bci. Opr\u00f3cz popularnego dostawcy us\u0142ug p\u0142atniczych Paypal, s\u0105 to mi\u0119dzy innymi metody p\u0142atno\u015bci VISA i Mastercard. Mo\u017cliwe jest r\u00f3wnie\u017c p\u0142acenie za po\u015brednictwem Vivapayments.com. Je\u015bli chcesz zap\u0142aci\u0107 za swoje konto anonimowo, mo\u017cesz wybra\u0107 metod\u0119 Paysafecard lub Bitcoin. Mo\u017cesz r\u00f3wnie\u017c kupi\u0107 swoje konto EasyBytez Premium w jednym z wielu sklep\u00f3w. <\/span><\/p>\n<p><strong>\n<table id=\"tablepress-165\" class=\"tablepress tablepress-id-165\">\n<tbody class=\"row-hover\">\n<tr class=\"row-1 odd\">\n\t<td class=\"column-1\">30 dni<\/td><td class=\"column-2\">90 dni<\/td><td class=\"column-3\">1800 dni<\/td><td class=\"column-4\">365 dni<\/td><td class=\"column-5\">730 dni<\/td>\n<\/tr>\n<tr class=\"row-2 even\">\n\t<td class=\"column-1\">$ 9,99<\/td><td class=\"column-2\">$ 23,99<\/td><td class=\"column-3\">$ 38,99<\/td><td class=\"column-4\">$ 65,99<\/td><td class=\"column-5\">$ 99,99<\/td>\n<\/tr>\n<\/tbody>\n<\/table>\n<!-- #tablepress-165 from cache --><\/strong><\/p>\n<p><a class=\"fasc-button fasc-size-xlarge fasc-type-glossy fasc-rounded-medium ico-fa fasc-ico-after fa-share\" style=\"background-color: #39697a; color: #fbf7f1; --darkreader-inline-bgcolor: #3f5f69; --darkreader-inline-color: #f7f0e5;\" target=\"_blank\" rel=\"nofollow noopener noreferrer\" data-darkreader-inline-bgcolor=\"\" data-darkreader-inline-color=\"\" href=\"https:\/\/multihoster.org\/file-al\/goto\/\">Id\u017a do Easybytez<\/a><\/p>\n<p><img loading=\"lazy\" class=\"alignnone size-full wp-image-1478\" src=\"https:\/\/multihoster.org\/wp-content\/uploads\/2018\/09\/prices-3.png\" alt=\"prices\" width=\"1116\" height=\"200\" srcset=\"https:\/\/multihoster.org\/wp-content\/uploads\/2018\/09\/prices-3.png 1116w, https:\/\/multihoster.org\/wp-content\/uploads\/2018\/09\/prices-3-300x54.png 300w, https:\/\/multihoster.org\/wp-content\/uploads\/2018\/09\/prices-3-768x138.png 768w, https:\/\/multihoster.org\/wp-content\/uploads\/2018\/09\/prices-3-1024x184.png 1024w\" sizes=\"(max-width: 1116px) 100vw, 1116px\" \/><\/p>\n<h2>Polityka prywatno\u015bci<\/h2>\n<p style=\"margin: 18.15pt 0cm 5.95pt 0cm;\"><span style=\"font-family: 'Arial',sans-serif; color: black;\" data-darkreader-inline-color=\"\">Rejestruj\u0105c si\u0119 w EasyBytez, u\u017cytkownik wyra\u017ca zgod\u0119 na przechowywanie swoich danych osobowych w bazie danych EasyBytez i przekazywanie ich osobom trzecim w celach marketingowych. Zarejestrowane dane osobowe mog\u0105 by\u0107 przekazywane osobom trzecim, kt\u00f3re przestrzegaj\u0105 zasad ochrony danych osobowych. Jak ka\u017cdy inny plik hosta, EasyBytez musi oczywi\u015bcie spe\u0142nia\u0107 wymogi prawne dotycz\u0105ce ochrony danych i poufno\u015bci podczas korzystania z danych. Dostawca gwarantuje 100% bezpiecze\u0144stwa p\u0142atno\u015bci.<\/span><\/p>\n<h2>Serwis posprzeda\u017cny<\/h2>\n<p style=\"margin: 18.15pt 0cm 5.95pt 0cm;\"><span style=\"font-family: 'Arial',sans-serif; color: black;\" data-darkreader-inline-color=\"\">Dost\u0119p do dzia\u0142u obs\u0142ugi klienta mo\u017cna uzyska\u0107 klikaj\u0105c na punkt menu &#8222;Kontakt&#8221; w prawym g\u00f3rnym rogu strony g\u0142\u00f3wnej. Po przyje\u017adzie do strefy klienta, mo\u017cna otworzy\u0107 nowy bilet lub sprawdzi\u0107 status aktualnego biletu. Opr\u00f3cz opcji menu &#8222;Kontakt&#8221; znajdziesz r\u00f3wnie\u017c cz\u0119sto zadawane pytania, w kt\u00f3rych mo\u017cesz ju\u017c teraz odpowiedzie\u0107 na wiele pyta\u0144.<\/span><\/p>\n<h2>\u0141atwo\u015b\u0107 u\u017cytkowania<\/h2>\n<p>Strona EasyBytez.com jest dobrze ustrukturyzowana, na stronie g\u0142\u00f3wnej odwiedzaj\u0105cy mo\u017ce \u0142atwo znale\u017a\u0107 drog\u0119 i pobra\u0107 \u017c\u0105dane pliki do rozmiaru 100 MB bez konieczno\u015bci rejestracji. Na g\u00f3rze strony znajdziesz dodatkowe pozycje menu, aby uzyska\u0107 wi\u0119cej szczeg\u00f3\u0142owych informacji na temat konta Premium, skontaktowa\u0107 si\u0119 z zespo\u0142em EasyBytez lub wyszuka\u0107 odpowiedzi na swoje pytanie w sekcji FAQs. Istnieje r\u00f3wnie\u017c sekcja wiadomo\u015bci, jak r\u00f3wnie\u017c zak\u0142adki &#8222;Prze\u015blij plik&#8221; i &#8222;Subskrybuj&#8221;.<\/p>\n<p>Klikaj\u0105c na &#8222;Zarejestruj si\u0119&#8221;, mo\u017cesz utworzy\u0107 darmowe konto EasyBytez. Aby to zrobi\u0107, trzeba mie\u0107 nazw\u0119 u\u017cytkownika i adres e-mail, mo\u017cna ustawi\u0107 has\u0142o i utworzy\u0107 konto po odpowiedzi captcha.<\/p>\n<p>Po zalogowaniu mo\u017cesz wybra\u0107 pomi\u0119dzy &#8222;Upload File&#8221;, &#8222;Upload Flash&#8221;, &#8222;Upload Distance&#8221;, &#8222;Free Leech URL&#8221; i &#8222;Upload FTP&#8221; na stronie g\u0142\u00f3wnej. Maksymalny rozmiar pliku do pobrania po zarejestrowaniu si\u0119 na bezp\u0142atne konto wynosi 512 MB.<\/p>\n<p>Na g\u00f3rze strony mo\u017cesz zarz\u0105dza\u0107 swoimi plikami w menu &#8222;Moje pliki&#8221; i zobaczy\u0107 wi\u0119cej szczeg\u00f3\u0142owych informacji na temat swojego konta w zak\u0142adce &#8222;Moje konto&#8221;. Dost\u0119pne s\u0105 r\u00f3wnie\u017c opcje &#8222;Dashboard&#8221; do podgl\u0105du raport\u00f3w oraz &#8222;Get Premium&#8221; i &#8222;Support&#8221;. W punkcie menu &#8222;Get Premium&#8221; znajdziesz pakiety dla us\u0142ugi Premium, funkcje EasyBytez Premium oraz opcje p\u0142atno\u015bci. Mo\u017cesz skontaktowa\u0107 si\u0119 z dzia\u0142em obs\u0142ugi klienta poprzez zak\u0142adk\u0119 Wsparcie.<\/p>\n<h2>Zalety konta Premium z EasyBytez<\/h2>\n<p style=\"margin: 18.15pt 0cm 5.95pt 0cm;\"><span style=\"font-family: 'Arial',sans-serif; color: black;\" data-darkreader-inline-color=\"\">Z kontem EasyBytez Premium masz maksymaln\u0105 pr\u0119dko\u015b\u0107 i nieograniczon\u0105 ilo\u015b\u0107 danych dziennych. Wydajno\u015b\u0107 pobierania na godzin\u0119 jest r\u00f3wnie\u017c nieograniczona dzi\u0119ki EasyBytez Premium. Ponadto, dzi\u0119ki Instant Start nie ma ju\u017c czasu oczekiwania na pobieranie plik\u00f3w. Ograniczenie rozmiaru pliku jest r\u00f3wnie\u017c ca\u0142kowicie pomijane w plikach do pobrania. Mo\u017cesz pobra\u0107 pliki do 5 GB. Mo\u017cna r\u00f3wnie\u017c mie\u0107 wiele aktywnych plik\u00f3w do pobrania na raz, zatrzyma\u0107 je i wznowi\u0107 je. Nieaktywne pliki s\u0105 przechowywane na koncie EasyBytez Premium przez okres do 250 dni. Pojemno\u015b\u0107 pami\u0119ci masowej wynosi 5 TB, kt\u00f3ra mo\u017ce by\u0107 zwi\u0119kszona na \u017cyczenie i za op\u0142at\u0105. Na koniec dodano pobieranie FTP jako funkcj\u0119, kt\u00f3ra jest mo\u017cliwa tylko z EasyBytez Premium.<\/span><\/p>\n<h2>Nasze wnioski dotycz\u0105ce dostawcy EasyBytez<\/h2>\n<p style=\"margin: 18.15pt 0cm 5.95pt 0cm;\"><span style=\"font-family: 'Arial',sans-serif; color: black;\" data-darkreader-inline-color=\"\">Podsumowuj\u0105c, dostawca EasyBytez jest \u0142atw\u0105 w u\u017cyciu platform\u0105 do pobierania i przechowywania danych oraz pobierania plik\u00f3w. Je\u015bli chodzi o prywatno\u015b\u0107 i ochron\u0119 danych, gospodarz obiecuje wysoki poziom bezpiecze\u0144stwa. Je\u015bli jeste\u015b zainteresowany ofert\u0105 EasyBytez, mo\u017cesz najpierw stworzy\u0107, przetestowa\u0107, a je\u015bli chcesz, prze\u0142\u0105czy\u0107 si\u0119 na EasyBytez Premium, aby korzysta\u0107 ze wszystkich funkcji. Mo\u017cesz wybiera\u0107 pomi\u0119dzy r\u00f3\u017cnymi metodami p\u0142atno\u015bci.<\/span><\/p>\n<p><a class=\"fasc-button fasc-size-xlarge fasc-type-glossy fasc-rounded-medium ico-fa fasc-ico-after fa-share\" style=\"background-color: #39697a; color: #fbf7f1; --darkreader-inline-bgcolor: #3f5f69; --darkreader-inline-color: #f7f0e5;\" target=\"_blank\" rel=\"nofollow noopener noreferrer\" data-darkreader-inline-bgcolor=\"\" data-darkreader-inline-color=\"\" href=\"https:\/\/multihoster.org\/file-al\/goto\/\">Id\u017a do Easybytez<\/a><\/p>\n","protected":false},"excerpt":{"rendered":"<p>Z Multihoster EasyBytez mo\u017cna pobra\u0107 i pobra\u0107 r\u00f3\u017cne pliki. Pobieranie jest teraz mo\u017cliwe bez konieczno\u015bci zak\u0142adania konta. Mo\u017cesz zarejestrowa\u0107 si\u0119<\/p>\n","protected":false},"author":2,"featured_media":0,"parent":0,"menu_order":0,"comment_status":"closed","ping_status":"closed","template":"","meta":[],"yoast_head":"<!-- This site is optimized with the Yoast SEO plugin v18.3 - https:\/\/yoast.com\/wordpress\/plugins\/seo\/ -->\n<title>llll\u25b7 EasyBytez Premium Account powa\u017cne czy nie? Test na Multihoster.org<\/title>\n<meta name=\"description\" content=\"Jeste\u015b zainteresowany ofert\u0105 EasyBytez? Chcieliby\u015bmy przedstawi\u0107 Pa\u0144stwu szczeg\u00f3\u0142owo dostawc\u0119 i konto EasyBytez Premium.\" \/>\n<meta name=\"robots\" content=\"index, follow, max-snippet:-1, max-image-preview:large, max-video-preview:-1\" \/>\n<link rel=\"canonical\" href=\"https:\/\/multihoster.org\/pl\/easybytez\/\" \/>\n<meta property=\"og:locale\" content=\"pl_PL\" \/>\n<meta property=\"og:type\" content=\"article\" \/>\n<meta property=\"og:title\" content=\"llll\u25b7 EasyBytez Premium Account powa\u017cne czy nie? Test na Multihoster.org\" \/>\n<meta property=\"og:description\" content=\"Jeste\u015b zainteresowany ofert\u0105 EasyBytez? Chcieliby\u015bmy przedstawi\u0107 Pa\u0144stwu szczeg\u00f3\u0142owo dostawc\u0119 i konto EasyBytez Premium.\" \/>\n<meta property=\"og:url\" content=\"https:\/\/multihoster.org\/pl\/easybytez\/\" \/>\n<meta property=\"og:site_name\" content=\"Multihoster.org\" \/>\n<meta property=\"article:modified_time\" content=\"2019-08-05T14:46:58+00:00\" \/>\n<meta property=\"og:image\" content=\"https:\/\/multihoster.org\/wp-content\/uploads\/2018\/09\/logo-3.png\" \/>\n<meta name=\"twitter:card\" content=\"summary\" \/>\n<meta name=\"twitter:label1\" content=\"Szacowany czas czytania\" \/>\n\t<meta name=\"twitter:data1\" content=\"4 minuty\" \/>\n<script type=\"application\/ld+json\" class=\"yoast-schema-graph\">{\"@context\":\"https:\/\/schema.org\",\"@graph\":[{\"@type\":\"WebSite\",\"@id\":\"https:\/\/multihoster.org\/#website\",\"url\":\"https:\/\/multihoster.org\/\",\"name\":\"Multihoster.org\",\"description\":\"Reviews of the major Filehosting services\",\"potentialAction\":[{\"@type\":\"SearchAction\",\"target\":{\"@type\":\"EntryPoint\",\"urlTemplate\":\"https:\/\/multihoster.org\/?s={search_term_string}\"},\"query-input\":\"required name=search_term_string\"}],\"inLanguage\":\"pl-PL\"},{\"@type\":\"ImageObject\",\"@id\":\"https:\/\/multihoster.org\/pl\/easybytez\/#primaryimage\",\"inLanguage\":\"pl-PL\",\"url\":\"https:\/\/multihoster.org\/wp-content\/uploads\/2018\/09\/logo-3.png\",\"contentUrl\":\"https:\/\/multihoster.org\/wp-content\/uploads\/2018\/09\/logo-3.png\",\"width\":258,\"height\":67,\"caption\":\"logo\"},{\"@type\":\"WebPage\",\"@id\":\"https:\/\/multihoster.org\/pl\/easybytez\/#webpage\",\"url\":\"https:\/\/multihoster.org\/pl\/easybytez\/\",\"name\":\"llll\u25b7 EasyBytez Premium Account powa\u017cne czy nie? Test na Multihoster.org\",\"isPartOf\":{\"@id\":\"https:\/\/multihoster.org\/#website\"},\"primaryImageOfPage\":{\"@id\":\"https:\/\/multihoster.org\/pl\/easybytez\/#primaryimage\"},\"datePublished\":\"2018-10-05T14:51:14+00:00\",\"dateModified\":\"2019-08-05T14:46:58+00:00\",\"description\":\"Jeste\u015b zainteresowany ofert\u0105 EasyBytez? Chcieliby\u015bmy przedstawi\u0107 Pa\u0144stwu szczeg\u00f3\u0142owo dostawc\u0119 i konto EasyBytez Premium.\",\"breadcrumb\":{\"@id\":\"https:\/\/multihoster.org\/pl\/easybytez\/#breadcrumb\"},\"inLanguage\":\"pl-PL\",\"potentialAction\":[{\"@type\":\"ReadAction\",\"target\":[\"https:\/\/multihoster.org\/pl\/easybytez\/\"]}]},{\"@type\":\"BreadcrumbList\",\"@id\":\"https:\/\/multihoster.org\/pl\/easybytez\/#breadcrumb\",\"itemListElement\":[{\"@type\":\"ListItem\",\"position\":1,\"name\":\"Startseite\",\"item\":\"https:\/\/multihoster.org\/pl\/\"},{\"@type\":\"ListItem\",\"position\":2,\"name\":\"EasyBytez Premium Account &#8211; Multihoster w skr\u00f3cie\"}]}]}<\/script>\n<!-- \/ Yoast SEO plugin. -->","yoast_head_json":{"title":"llll\u25b7 EasyBytez Premium Account powa\u017cne czy nie? Test na Multihoster.org","description":"Jeste\u015b zainteresowany ofert\u0105 EasyBytez? Chcieliby\u015bmy przedstawi\u0107 Pa\u0144stwu szczeg\u00f3\u0142owo dostawc\u0119 i konto EasyBytez Premium.","robots":{"index":"index","follow":"follow","max-snippet":"max-snippet:-1","max-image-preview":"max-image-preview:large","max-video-preview":"max-video-preview:-1"},"canonical":"https:\/\/multihoster.org\/pl\/easybytez\/","og_locale":"pl_PL","og_type":"article","og_title":"llll\u25b7 EasyBytez Premium Account powa\u017cne czy nie? Test na Multihoster.org","og_description":"Jeste\u015b zainteresowany ofert\u0105 EasyBytez? Chcieliby\u015bmy przedstawi\u0107 Pa\u0144stwu szczeg\u00f3\u0142owo dostawc\u0119 i konto EasyBytez Premium.","og_url":"https:\/\/multihoster.org\/pl\/easybytez\/","og_site_name":"Multihoster.org","article_modified_time":"2019-08-05T14:46:58+00:00","og_image":[{"url":"https:\/\/multihoster.org\/wp-content\/uploads\/2018\/09\/logo-3.png"}],"twitter_card":"summary","twitter_misc":{"Szacowany czas czytania":"4 minuty"},"schema":{"@context":"https:\/\/schema.org","@graph":[{"@type":"WebSite","@id":"https:\/\/multihoster.org\/#website","url":"https:\/\/multihoster.org\/","name":"Multihoster.org","description":"Reviews of the major Filehosting services","potentialAction":[{"@type":"SearchAction","target":{"@type":"EntryPoint","urlTemplate":"https:\/\/multihoster.org\/?s={search_term_string}"},"query-input":"required name=search_term_string"}],"inLanguage":"pl-PL"},{"@type":"ImageObject","@id":"https:\/\/multihoster.org\/pl\/easybytez\/#primaryimage","inLanguage":"pl-PL","url":"https:\/\/multihoster.org\/wp-content\/uploads\/2018\/09\/logo-3.png","contentUrl":"https:\/\/multihoster.org\/wp-content\/uploads\/2018\/09\/logo-3.png","width":258,"height":67,"caption":"logo"},{"@type":"WebPage","@id":"https:\/\/multihoster.org\/pl\/easybytez\/#webpage","url":"https:\/\/multihoster.org\/pl\/easybytez\/","name":"llll\u25b7 EasyBytez Premium Account powa\u017cne czy nie? Test na Multihoster.org","isPartOf":{"@id":"https:\/\/multihoster.org\/#website"},"primaryImageOfPage":{"@id":"https:\/\/multihoster.org\/pl\/easybytez\/#primaryimage"},"datePublished":"2018-10-05T14:51:14+00:00","dateModified":"2019-08-05T14:46:58+00:00","description":"Jeste\u015b zainteresowany ofert\u0105 EasyBytez? Chcieliby\u015bmy przedstawi\u0107 Pa\u0144stwu szczeg\u00f3\u0142owo dostawc\u0119 i konto EasyBytez Premium.","breadcrumb":{"@id":"https:\/\/multihoster.org\/pl\/easybytez\/#breadcrumb"},"inLanguage":"pl-PL","potentialAction":[{"@type":"ReadAction","target":["https:\/\/multihoster.org\/pl\/easybytez\/"]}]},{"@type":"BreadcrumbList","@id":"https:\/\/multihoster.org\/pl\/easybytez\/#breadcrumb","itemListElement":[{"@type":"ListItem","position":1,"name":"Startseite","item":"https:\/\/multihoster.org\/pl\/"},{"@type":"ListItem","position":2,"name":"EasyBytez Premium Account &#8211; Multihoster w skr\u00f3cie"}]}]}},"_links":{"self":[{"href":"https:\/\/multihoster.org\/pl\/wp-json\/wp\/v2\/pages\/1955"}],"collection":[{"href":"https:\/\/multihoster.org\/pl\/wp-json\/wp\/v2\/pages"}],"about":[{"href":"https:\/\/multihoster.org\/pl\/wp-json\/wp\/v2\/types\/page"}],"author":[{"embeddable":true,"href":"https:\/\/multihoster.org\/pl\/wp-json\/wp\/v2\/users\/2"}],"replies":[{"embeddable":true,"href":"https:\/\/multihoster.org\/pl\/wp-json\/wp\/v2\/comments?post=1955"}],"version-history":[{"count":4,"href":"https:\/\/multihoster.org\/pl\/wp-json\/wp\/v2\/pages\/1955\/revisions"}],"predecessor-version":[{"id":2214,"href":"https:\/\/multihoster.org\/pl\/wp-json\/wp\/v2\/pages\/1955\/revisions\/2214"}],"wp:attachment":[{"href":"https:\/\/multihoster.org\/pl\/wp-json\/wp\/v2\/media?parent=1955"}],"curies":[{"name":"wp","href":"https:\/\/api.w.org\/{rel}","templated":true}]}}