{"id":2398,"date":"2020-03-20T11:49:30","date_gmt":"2020-03-20T11:49:30","guid":{"rendered":"https:\/\/multihoster.org\/?page_id=2398"},"modified":"2020-05-29T10:37:18","modified_gmt":"2020-05-29T10:37:18","slug":"mega","status":"publish","type":"page","link":"https:\/\/multihoster.org\/pl\/mega\/","title":{"rendered":"Mega Konto premium: Filehoster w skr\u00f3cie"},"content":{"rendered":"\n<p>Mega to Twoje bezpieczne i wygodne przechowywanie w chmurze za darmo. Ten <a rel=\"noreferrer noopener\" aria-label=\"magazyn w chmurze (\u00f6ffnet in neuem Tab)\" href=\"https:\/\/cloud.google.com\/storage\" target=\"_blank\">magazyn w chmurze<\/a> stale aktualizuje si\u0119 i przemodelowuje, aby by\u0107 na r\u00f3wni z mi\u0119dzynarodowymi standardami internetowego przechowywania danych. Przeczytaj wi\u0119cej, aby dowiedzie\u0107 si\u0119 i cieszy\u0107 si\u0119 jego funkcjami, a tak\u017ce odpowiednim zabezpieczeniem wa\u017cnych zdj\u0119\u0107, film\u00f3w i innych plik\u00f3w.<\/p>\n\n\n<a class=\"maxbutton-2 maxbutton maxbutton-cta\" target=\"_blank\" rel=\"nofollow noopener\" href=\"\/go\/\"><span class='mb-text'>&gt;&gt; Przejd\u017a do strony Original Linkfier<\/span><\/a>\n\n\n<p><\/p>\n\n\n\n<h2>Skromne pocz\u0105tki \u201eMega\u201d<\/h2>\n\n\n\n<p>Mega zosta\u0142a sfinalizowana i wdro\u017cona online 19 stycznia 2013 r. Po serii ci\u0105g\u0142ych test\u00f3w przeprowadzonych przez Kim Dotcom, obywatela Nowej Zelandii.<\/p>\n\n\n\n<p>W pierwszej godzinie wdro\u017cenia Sto Tysi\u0119cy u\u017cytkownik\u00f3w (100 000,00) natychmiast zarejestrowa\u0142o si\u0119 na stronie internetowej w oczekiwaniu na jej funkcje i us\u0142ugi. Liczba rejestracji wzros\u0142a wyk\u0142adniczo, gdy liczba u\u017cytkownik\u00f3w wzros\u0142a do One Million (1 000 000,00), co powoduje przesy\u0142anie \u015brednio sze\u015b\u0107dziesi\u0119ciu (60) r\u00f3\u017cnych rodzaj\u00f3w plik\u00f3w na minut\u0119. Wzrosty te utrzymywa\u0142y si\u0119 iw ci\u0105gu trzech (3) dni przes\u0142ane pliki osi\u0105gn\u0119\u0142y nawet pi\u0119\u0107set (500) na sekund\u0119.<\/p>\n\n\n\n<figure class=\"wp-block-image\"><img src=\"https:\/\/lh5.googleusercontent.com\/ziFsG1DkHhIGJyIU2hWhpt6qMoGKojcN-gTFptnOvGyD6gg2nqjB2Pv2xjpsSN9Wd_8XNgyv8zEvv_3om4-z7X1l5bYHfG9DBymKYAxnVaU5JQWfhQozCW24eOoS1CLrvNHJ3UU\" alt=\"Monitor, tablet and mobile phone.\"\/><\/figure>\n\n\n\n<p>Platforma Mega File Hosting Service (FHS) zosta\u0142a bardzo zaakceptowana, poniewa\u017c u\u017cytkownicy na ca\u0142ym \u015bwiecie zarejestrowali si\u0119 przy u\u017cyciu r\u00f3\u017cnych urz\u0105dze\u0144 w momencie jej wydania<\/p>\n\n\n\n<p>Kierownictwo us\u0142ugi hostingu plik\u00f3w Mega (FHS) dostrzeg\u0142o potrzeb\u0119 opracowania aplikacji na telefony kom\u00f3rkowe, a 4 lipca 2013 r. Aplikacja Mega Android zosta\u0142a wydana w Google Playstore. Rosn\u0105ca potrzeba u\u017cytkownik\u00f3w iPhone&#8217;\u00f3w spowodowa\u0142a, \u017ce \u200b\u200b26 listopada 2013 roku wydali oni aplikacj\u0119 Mega iOS w Apple App Store. Kierownictwo by\u0142o r\u00f3wnie\u017c w stanie wyda\u0107 aplikacj\u0119 MEGAsync dla systemu Windows 20 stycznia 2014 roku, co zapewni\u0142o wi\u0119ksz\u0105 wygod\u0119 w korzystaniu z us\u0142ug hostingu plik\u00f3w (FHS) na komputerze z systemem Windows. Aplikacja MEGAsync oparta na systemie Linux zosta\u0142a r\u00f3wnie\u017c wydana dla systemu Linux 6 wrze\u015bnia 2014 r.<\/p>\n\n\n\n<p>Pod koniec 2013 r. I na pocz\u0105tku 2014 r. Mega stan\u0119\u0142o w obliczu licznych problem\u00f3w i kontrowersji, w tym z powodu stu (100) <a rel=\"noreferrer noopener\" aria-label=\"Usuni\u0119cia DMCA (\u00f6ffnet in neuem Tab)\" href=\"https:\/\/www.dmca.com\/faq\/What-is-a-DMCA-Takedown\" target=\"_blank\">Usuni\u0119cia DMCA<\/a> dni oraz spiskowych historii o pods\u0142uchach rz\u0105dowych, kt\u00f3re zosta\u0142y odrzucone przez kierownictwo Mega i rz\u0105d Nowej Zelandii. Pomimo tych trudno\u015bci Kim Dotcom i jego inni koledzy byli w stanie przygotowa\u0107 si\u0119 do wej\u015bcia Mega na gie\u0142d\u0119 nowozelandzk\u0105.<\/p>\n\n\n\n<p>W 2016 r. Mega nadal rozwija si\u0119 dzi\u0119ki zg\u0142oszonym trzydziestu pi\u0119ciu milionom dolar\u00f3w (35 000 000,00 USD) u\u017cytkownikom na ca\u0142ym \u015bwiecie i przesy\u0142a do 12 miliard\u00f3w (12 000 000 000,00) r\u00f3\u017cnych plik\u00f3w, us\u0142uga Mega hosting plik\u00f3w (FHS) nadal s\u0142u\u017cy jako jeden z najlepsza, je\u015bli nie najlepsza pami\u0119\u0107 online \/ pami\u0119\u0107 w chmurze na \u015bwiecie.<\/p>\n\n\n\n<h2>Mega Security<\/h2>\n\n\n\n<p>Nawet przed jego powstaniem, programi\u015bci i zarz\u0105dcy Mega koncentrowali si\u0119 na zapewnieniu maksymalnej prywatno\u015bci danych swoim u\u017cytkownikom oraz na przestrzeganiu obowi\u0105zuj\u0105cych przepis\u00f3w lokalnych i mi\u0119dzynarodowych, dlatego Mega zosta\u0142a zaprojektowana z skrypty po stronie klienta. Dzi\u0119ki skryptom po stronie klienta wszystkie informacje ka\u017cdego u\u017cytkownika jest szyfrowany przed wej\u015bciem na serwer za pomoc\u0105 algorytmu AES. Ka\u017cda zaszyfrowana informacja jest przechowywana na dw\u00f3ch (2) serwerach znajduj\u0105cych si\u0119 w dw\u00f3ch (2) oddzielnych lokalizacjach, zapewniaj\u0105c wszystkim u\u017cytkownikom bezpiecze\u0144stwo przed phishingiem i kradzie\u017c\u0105 danych.<\/p>\n\n\n\n<figure class=\"wp-block-image\"><img src=\"https:\/\/lh6.googleusercontent.com\/Kam2Hbb_7G5v_03-2uEFBW1Nli8ElLUeGiVkcZ7lCEoIOtq0KnRlA0s5CNLyCIB0xkXwkgYtvmGA1NTNx-y810NH7p7IgN_Jw7OjBs-ACucc6tXxhlTfZJsOO5ey5BDiXXJebJs\" alt=\"Data storage\"\/><\/figure>\n\n\n\n<p>Zaszyfrowane dane i informacje u\u017cytkownik\u00f3w s\u0105 bezpieczne w dw\u00f3ch (2) nowoczesnych serwerach zlokalizowanych w oddzielnych lokalizacjach<\/p>\n\n\n\n<h2>Mega Data Allocations<\/h2>\n\n\n\n<p>Aby zapewni\u0107 dost\u0119pno\u015b\u0107 i wygod\u0119 dla swoich u\u017cytkownik\u00f3w, Mega oferuje dost\u0119pn\u0105 i sprawiedliw\u0105 us\u0142ug\u0119 hostingu plik\u00f3w (FHS) w Mega darmowym koncie i modalno\u015bci konta Mega Premium, takich jak poni\u017cej:<\/p>\n\n\n\n<p>&nbsp;1. Mega Free &#8211; bezp\u0142atne konto ma przydzielone pi\u0119tna\u015bcie (15) GB dost\u0119pnego miejsca w chmurze; trzydzie\u015bci pi\u0119\u0107 (35) GB pr\u00f3bnego miejsca w chmurze przez jeden (1) miesi\u0105c; oraz dodatkowy przydzia\u0142 na podstawie osi\u0105gni\u0119\u0107 maksymalnie trzydziestu pi\u0119ciu (35) GB.<\/p>\n\n\n\n<p>2.&nbsp; Mega Premium Account Pro Lite &#8211; konto premium, kt\u00f3re wymaga miesi\u0119cznej p\u0142atno\u015bci w wysoko\u015bci jedenastu punkt\u00f3w trzydzie\u015bci osiem dolar\u00f3w (11,38 USD) z czterystu (400) GB przestrzeni dyskowej, kt\u00f3r\u0105 mo\u017cna za\u0142adowa\u0107 i pobra\u0107 do jednego (1) TB miesi\u0119cznie.<\/p>\n\n\n\n<p>3. Mega Premium Account Pro II &#8211; konto premium, kt\u00f3re wymaga miesi\u0119cznej p\u0142atno\u015bci w wysoko\u015bci dwudziestu dw\u00f3ch punkt\u00f3w siedemdziesi\u0119ciu o\u015bmiu dolar\u00f3w (22,78 USD) z dwoma tysi\u0105cami (2000) GB przestrzeni dyskowej, kt\u00f3re mog\u0105 mie\u0107 pr\u0119dko\u015b\u0107 wysy\u0142ania lub pobierania do dw\u00f3ch (2) TB na miesi\u0105c.<\/p>\n\n\n\n<p>4. Mega Premium Account Pro III &#8211; konto premium, kt\u00f3re wymaga miesi\u0119cznej p\u0142atno\u015bci w wysoko\u015bci dwudziestu dw\u00f3ch punkt\u00f3w dwadzie\u015bcia dziewi\u0119\u0107 punkt\u00f3w siedemdziesi\u0105t osiem dolar\u00f3w (29,78 USD) z o\u015bmioma tysi\u0105cami (8000) GB przestrzeni dyskowej, kt\u00f3ra mo\u017ce mie\u0107 pr\u0119dko\u015b\u0107 wysy\u0142ania lub pobierania do o\u015bmiu ( 8) TB na miesi\u0105c.<\/p>\n\n\n<a class=\"maxbutton-2 maxbutton maxbutton-cta\" target=\"_blank\" rel=\"nofollow noopener\" href=\"\/go\/\"><span class='mb-text'>&gt;&gt; Przejd\u017a do strony Original Linkfier<\/span><\/a>\n\n\n<p><\/p>\n\n\n\n<p>5. Mega Premium Account Pro IV &#8211; konto premium, kt\u00f3re wymaga miesi\u0119cznej p\u0142atno\u015bci w wysoko\u015bci pi\u0119\u0107dziesi\u0119ciu dw\u00f3ch punkt\u00f3w siedemdziesi\u0105t osiem dolar\u00f3w (52,78 USD) z szesnastoma tysi\u0105cami (16000) GB przestrzeni dyskowej, kt\u00f3re mog\u0105 mie\u0107 pr\u0119dko\u015b\u0107 wysy\u0142ania lub pobierania do szesnastu (16) TB na miesi\u0105c.<\/p>\n\n\n\n<figure class=\"wp-block-image\"><img src=\"https:\/\/lh5.googleusercontent.com\/u3_8o-SUQK7WVh-qzE8SfPyslU1u7vYvnwoS4qZECM7b9bCFWlgXIi9MorBY1jiojon-tNXUw5llENtpBrZV1FdrMvKQed4ZVLq7kPVyPDYAaREb6DT0IADZVDjN_hwQaPepxOI\" alt=\"Hand holding a medal\"\/><\/figure>\n\n\n\n<p>Nale\u017cy pami\u0119ta\u0107, \u017ce wszystkie plany Mega Premium Account Pro (Lite, II, III i IV) b\u0119d\u0105 oferowane z bezp\u0142atn\u0105 subskrypcj\u0105 na dwa (2) miesi\u0105ce po subskrypcji jednego (1) roku Mega Premium Account Pro Plan. By\u0107 mo\u017ce s\u0142ysza\u0142e\u015b, \u017ce pocz\u0105tkowo Mega zapewnia pi\u0119\u0107dziesi\u0105t (50) GB bezp\u0142atnej pami\u0119ci online. W 2017 r. Kierownictwo postanowi\u0142o ograniczy\u0107 darmowy dost\u0119p do trzydziestu (35) GB na miesi\u0105c ze wzgl\u0119du na rosn\u0105ce koszty utrzymania swoich serwer\u00f3w. Mimo to zarz\u0105d Mega pr\u00f3buje to zrekompensowa\u0107, wprowadzaj\u0105c na platformie system nagr\u00f3d.<\/p>\n\n\n\n<p>Nagrody mo\u017cna uzyska\u0107, instaluj\u0105c program Mega dla systemu Windows i aplikacje Mega dla systemu Android i iOS. Zapraszanie znajomych i wiele innych zada\u0144 mo\u017ce r\u00f3wnie\u017c zapewni\u0107 ka\u017cdemu u\u017cytkownikowi dodatkow\u0105 pojemno\u015b\u0107 pami\u0119ci w chmurze jako nagrod\u0119 za te osi\u0105gni\u0119cia.<\/p>\n\n\n\n<h2>Mega dost\u0119pno\u015b\u0107<\/h2>\n\n\n\n<p>Rozw\u00f3j platformy Mega File Host Service (FHS) lub pami\u0119ci masowej w chmurze zosta\u0142 dok\u0142adnie zbadany i zaprojektowany w celu zapewnienia ergonomii i bezproblemowego dzia\u0142ania u\u017cytkownikom dzi\u0119ki przyjaznym interfejsom Mega program dla Windows i Mega aplikacja dla Androida i iOS. Nawet sama strona Mega zosta\u0142a zaprojektowana z uwzgl\u0119dnieniem r\u00f3\u017cnorodno\u015bci i zasob\u00f3w jej u\u017cytkownik\u00f3w z ca\u0142ego \u015bwiata. Dost\u0119p do witryny Mega mo\u017cna \u0142atwo uzyska\u0107 za pomoc\u0105 g\u0142\u00f3wnych przegl\u0105darek internetowych, w tym Google Chrome, Mozilla Firefox, Internet Explorer, Safari i Opera dla r\u00f3\u017cnych system\u00f3w operacyjnych, w tym Windows, iOS, Linux, Ubuntu i Android na urz\u0105dzenia mobilne.<\/p>\n\n\n\n<p>Mega zapewnia zach\u0119t\u0119 do wykonywania zada\u0144 i osi\u0105gni\u0119\u0107<\/p>\n\n\n\n<h2>Mega innowacje<\/h2>\n\n\n\n<p>Aby jeszcze bardziej zadowoli\u0107 ka\u017cdego ze swoich klient\u00f3w i klient\u00f3w, Mega stale rozwija swoje oprogramowanie, przebudowuj\u0105c i zapewniaj\u0105c dodatkowe funkcje dla swoich produkt\u00f3w, takie jak:<\/p>\n\n\n\n<p>1. MEGAchat \u2013 podobnie jak zwyk\u0142e us\u0142ugi przesy\u0142ania wiadomo\u015bci internetowych, MEGAchat jest platform\u0105 komunikacji opart\u0105 na przegl\u0105darce. MEGAchat zapewnia us\u0142ugi czatu, po\u0142\u0105cze\u0144 wideo i wideokonferencji z dodatkowymi funkcjami. W przeciwie\u0144stwie do zwyk\u0142ego komunikatora internetowego, MEGAchat jest zintegrowany z najwy\u017cszym szyfrowaniem danych jako odpowiednik pami\u0119ci w chmurze, aby chroni\u0107 u\u017cytkownik\u00f3w przed hakerami komunikacyjnymi i pods\u0142uchami.<\/p>\n\n\n\n<p>2. MEGA <a rel=\"noreferrer noopener\" aria-label=\"Rozszerzenia  (\u00f6ffnet in neuem Tab)\" href=\"https:\/\/www.forbes.com\/sites\/adrianbridgwater\/2019\/04\/16\/how-browser-extensions-work\/\" target=\"_blank\">Rozszerzenia <\/a>&#8211; Mega by\u0142a w stanie opracowa\u0107 rozszerzenia dla twoich g\u0142\u00f3wnych przegl\u0105darek internetowych, w tym Google Chrome, Mozilla Firefox, Internet Explorer, Safari i Opera dla r\u00f3\u017cnych system\u00f3w operacyjnych, w tym Windows, iOS, <a rel=\"noreferrer noopener\" aria-label=\" (\u00f6ffnet in neuem Tab)\" href=\"https:\/\/opensource.com\/resources\/linux\" target=\"_blank\">Linux<\/a>, <a rel=\"noreferrer noopener\" aria-label=\" (\u00f6ffnet in neuem Tab)\" href=\"https:\/\/ubuntu.com\/\" target=\"_blank\">Ubuntu<\/a>. Zg\u0142oszone rozszerzenia zapewniaj\u0105 wi\u0119ksz\u0105 wygod\u0119, poniewa\u017c instalowanie rozszerze\u0144 przegl\u0105darki przyspiesza przesy\u0142anie i pobieranie, a tak\u017ce zapewnia ochron\u0119 po stronie klienta.<\/p>\n\n\n\n<h2>Mega Konkluzja<\/h2>\n\n\n\n<p>Czy jeste\u015b zatem gotowy na przeniesienie dost\u0119pno\u015bci i bezpiecze\u0144stwa danych i informacji na wy\u017cszy poziom? Zarejestruj si\u0119 za darmo i poznaj zalety Mega korzystania z platformy Mega File Hosting Service (FHS). Jest to pami\u0119\u0107 w chmurze, do kt\u00f3rej dost\u0119p mo\u017cna uzyska\u0107 od podstaw, ale zapewnia pami\u0119\u0107 w chmurze Mega.<\/p>\n\n\n\n<h2>Frequently Asked Questions (FAQ)<\/h2>\n\n\n\n<h3><strong>1. Czy mog\u0119 komunikowa\u0107 si\u0119 z Mega w przypadku problem\u00f3w i trudno\u015bci w korzystaniu z us\u0142ugi hostingu plik\u00f3w Mega (FHS)?<\/strong><\/h3>\n\n\n\n<p>Tak, Mega ma zesp\u00f3\u0142 obs\u0142ugi klienta Mega, kt\u00f3ry wys\u0142ucha twoich problem\u00f3w i trudno\u015bci w korzystaniu z us\u0142ugi hostingu plik\u00f3w Mega (FHS). Zesp\u00f3\u0142 obs\u0142ugi klienta jest dost\u0119pny online o ka\u017cdej porze ka\u017cdego dnia, 24 godziny na dob\u0119 (7 dni w tygodniu) lub 7 dni w tygodniu we wszystkich krajach na ca\u0142ym \u015bwiecie. Poniewa\u017c Mega zapewnia najwy\u017csz\u0105 opiek\u0119 i wsparcie swoim u\u017cytkownikom i klientom. R\u00f3wnie\u017c u\u017cytkownicy Mega Premium Account Pro (Lite, II, III i IV) s\u0105 priorytetem dla us\u0142ug obs\u0142ugi klienta, jednak zarz\u0105d Mega jak najszybciej uwzgl\u0119dnia wszystkie w\u0105tpliwo\u015bci.<\/p>\n\n\n\n<h3><strong>&nbsp;2. Czy moje pliki s\u0105 bezpieczne w magazynie Mega Cloud?<\/strong><\/h3>\n\n\n\n<p>Mega programi\u015bci skupili si\u0119 na zapewnieniu maksymalnej prywatno\u015bci danych swoim u\u017cytkownikom. Platforma zosta\u0142a starannie zaprojektowana zgodnie z obowi\u0105zuj\u0105cymi przepisami lokalnymi i mi\u0119dzynarodowymi dzi\u0119ki skryptom po stronie klienta. W przypadku skrypt\u00f3w po stronie klienta wszystkie informacje ka\u017cdego u\u017cytkownika s\u0105 szyfrowane przed wej\u015bciem na serwer za pomoc\u0105 algorytmu AES. Ka\u017cda zaszyfrowana informacja jest przechowywana na dw\u00f3ch (2) serwerach znajduj\u0105cych si\u0119 w dw\u00f3ch (2) oddzielnych lokalizacjach, zapewniaj\u0105c wszystkim u\u017cytkownikom bezpiecze\u0144stwo przed phishingiem i kradzie\u017c\u0105 danych.<\/p>\n\n\n\n<h3><strong>&nbsp;3. Czy mog\u0119 korzysta\u0107 z us\u0142ugi hostingu plik\u00f3w Mega (FHS) bez p\u0142acenia?<\/strong><\/h3>\n\n\n\n<p>Mega ma darmowy system kont z alokacj\u0105 pi\u0119tnastu (15) GB dost\u0119pnego miejsca w chmurze; trzydzie\u015bci pi\u0119\u0107 (35) GB pr\u00f3bnego miejsca w chmurze przez jeden (1) miesi\u0105c; oraz dodatkowy przydzia\u0142 na podstawie osi\u0105gni\u0119\u0107 maksymalnie trzydziestu pi\u0119ciu (35) GB. W przeciwnym razie u\u017cytkownicy mog\u0105 zdecydowa\u0107 si\u0119 na uaktualnienie do Mega Premium Account Pro (Lite, I, II, III, IV), aby uzyska\u0107 dost\u0119p do wi\u0119kszej ilo\u015bci miejsca w chmurze.<\/p>\n\n\n\n<h3><strong>&nbsp;4. Czy mog\u0119 uzyska\u0107 dost\u0119p do us\u0142ugi hostingu plik\u00f3w Mega (FHS) za pomoc\u0105 wbudowanej przegl\u0105darki internetowej?<\/strong><\/h3>\n\n\n\n<p>Tak, do witryny Mega mo\u017cna \u0142atwo uzyska\u0107 dost\u0119p za pomoc\u0105 g\u0142\u00f3wnych g\u0142\u00f3wnych i wbudowanych przegl\u0105darek internetowych, w tym Google Chrome, Mozilla Firefox, Internet Explorer, Safari i Opera dla r\u00f3\u017cnych system\u00f3w operacyjnych, w tym Windows, iOS, Linux, Ubuntu i Android na urz\u0105dzenia mobilne. Ponadto Mega ma rozszerzenie dla ka\u017cdej powy\u017cszej przegl\u0105darki, zapewniaj\u0105c komfort i wygod\u0119 u\u017cytkownikom, przyspieszaj\u0105c wysy\u0142anie i pobieranie, a tak\u017ce zapewniaj\u0105c ochron\u0119 po stronie klienta.<\/p>\n\n\n<a class=\"maxbutton-2 maxbutton maxbutton-cta\" target=\"_blank\" rel=\"nofollow noopener\" href=\"\/go\/\"><span class='mb-text'>&gt;&gt; Przejd\u017a do strony Original Linkfier<\/span><\/a>\n\n\n<p><\/p>\n","protected":false},"excerpt":{"rendered":"<p>Mega to Twoje bezpieczne i wygodne przechowywanie w chmurze za darmo. Ten magazyn w chmurze stale aktualizuje si\u0119 i przemodelowuje,<\/p>\n","protected":false},"author":2,"featured_media":0,"parent":0,"menu_order":0,"comment_status":"closed","ping_status":"closed","template":"","meta":[],"yoast_head":"<!-- This site is optimized with the Yoast SEO plugin v18.3 - https:\/\/yoast.com\/wordpress\/plugins\/seo\/ -->\n<title>Mega Premium Account \u2013 Filehoster w skr\u00f3cie<\/title>\n<meta name=\"description\" content=\"Czy Mega jest renomowanym dostawc\u0105, czy nie, odpowied\u017a mo\u017cna znale\u017a\u0107 w bie\u017c\u0105cym te\u015bcie na Multihoster.org \u279c Kliknij teraz \u271a, aby przeczyta\u0107 nasze do\u015bwiadczenia!\" \/>\n<meta name=\"robots\" content=\"index, follow, max-snippet:-1, max-image-preview:large, max-video-preview:-1\" \/>\n<link rel=\"canonical\" href=\"https:\/\/multihoster.org\/pl\/mega\/\" \/>\n<meta property=\"og:locale\" content=\"pl_PL\" \/>\n<meta property=\"og:type\" content=\"article\" \/>\n<meta property=\"og:title\" content=\"Mega Premium Account \u2013 Filehoster w skr\u00f3cie\" \/>\n<meta property=\"og:description\" content=\"Czy Mega jest renomowanym dostawc\u0105, czy nie, odpowied\u017a mo\u017cna znale\u017a\u0107 w bie\u017c\u0105cym te\u015bcie na Multihoster.org \u279c Kliknij teraz \u271a, aby przeczyta\u0107 nasze do\u015bwiadczenia!\" \/>\n<meta property=\"og:url\" content=\"https:\/\/multihoster.org\/pl\/mega\/\" \/>\n<meta property=\"og:site_name\" content=\"Multihoster.org\" \/>\n<meta property=\"article:modified_time\" content=\"2020-05-29T10:37:18+00:00\" \/>\n<meta property=\"og:image\" content=\"https:\/\/lh5.googleusercontent.com\/ziFsG1DkHhIGJyIU2hWhpt6qMoGKojcN-gTFptnOvGyD6gg2nqjB2Pv2xjpsSN9Wd_8XNgyv8zEvv_3om4-z7X1l5bYHfG9DBymKYAxnVaU5JQWfhQozCW24eOoS1CLrvNHJ3UU\" \/>\n<meta name=\"twitter:card\" content=\"summary\" \/>\n<meta name=\"twitter:label1\" content=\"Szacowany czas czytania\" \/>\n\t<meta name=\"twitter:data1\" content=\"9 minut\" \/>\n<script type=\"application\/ld+json\" class=\"yoast-schema-graph\">{\"@context\":\"https:\/\/schema.org\",\"@graph\":[{\"@type\":\"WebSite\",\"@id\":\"https:\/\/multihoster.org\/#website\",\"url\":\"https:\/\/multihoster.org\/\",\"name\":\"Multihoster.org\",\"description\":\"Reviews of the major Filehosting services\",\"potentialAction\":[{\"@type\":\"SearchAction\",\"target\":{\"@type\":\"EntryPoint\",\"urlTemplate\":\"https:\/\/multihoster.org\/?s={search_term_string}\"},\"query-input\":\"required name=search_term_string\"}],\"inLanguage\":\"pl-PL\"},{\"@type\":\"ImageObject\",\"@id\":\"https:\/\/multihoster.org\/pl\/mega\/#primaryimage\",\"inLanguage\":\"pl-PL\",\"url\":\"https:\/\/lh5.googleusercontent.com\/ziFsG1DkHhIGJyIU2hWhpt6qMoGKojcN-gTFptnOvGyD6gg2nqjB2Pv2xjpsSN9Wd_8XNgyv8zEvv_3om4-z7X1l5bYHfG9DBymKYAxnVaU5JQWfhQozCW24eOoS1CLrvNHJ3UU\",\"contentUrl\":\"https:\/\/lh5.googleusercontent.com\/ziFsG1DkHhIGJyIU2hWhpt6qMoGKojcN-gTFptnOvGyD6gg2nqjB2Pv2xjpsSN9Wd_8XNgyv8zEvv_3om4-z7X1l5bYHfG9DBymKYAxnVaU5JQWfhQozCW24eOoS1CLrvNHJ3UU\"},{\"@type\":\"WebPage\",\"@id\":\"https:\/\/multihoster.org\/pl\/mega\/#webpage\",\"url\":\"https:\/\/multihoster.org\/pl\/mega\/\",\"name\":\"Mega Premium Account \u2013 Filehoster w skr\u00f3cie\",\"isPartOf\":{\"@id\":\"https:\/\/multihoster.org\/#website\"},\"primaryImageOfPage\":{\"@id\":\"https:\/\/multihoster.org\/pl\/mega\/#primaryimage\"},\"datePublished\":\"2020-03-20T11:49:30+00:00\",\"dateModified\":\"2020-05-29T10:37:18+00:00\",\"description\":\"Czy Mega jest renomowanym dostawc\u0105, czy nie, odpowied\u017a mo\u017cna znale\u017a\u0107 w bie\u017c\u0105cym te\u015bcie na Multihoster.org \u279c Kliknij teraz \u271a, aby przeczyta\u0107 nasze do\u015bwiadczenia!\",\"breadcrumb\":{\"@id\":\"https:\/\/multihoster.org\/pl\/mega\/#breadcrumb\"},\"inLanguage\":\"pl-PL\",\"potentialAction\":[{\"@type\":\"ReadAction\",\"target\":[\"https:\/\/multihoster.org\/pl\/mega\/\"]}]},{\"@type\":\"BreadcrumbList\",\"@id\":\"https:\/\/multihoster.org\/pl\/mega\/#breadcrumb\",\"itemListElement\":[{\"@type\":\"ListItem\",\"position\":1,\"name\":\"Startseite\",\"item\":\"https:\/\/multihoster.org\/pl\/\"},{\"@type\":\"ListItem\",\"position\":2,\"name\":\"Mega Konto premium: Filehoster w skr\u00f3cie\"}]}]}<\/script>\n<!-- \/ Yoast SEO plugin. -->","yoast_head_json":{"title":"Mega Premium Account \u2013 Filehoster w skr\u00f3cie","description":"Czy Mega jest renomowanym dostawc\u0105, czy nie, odpowied\u017a mo\u017cna znale\u017a\u0107 w bie\u017c\u0105cym te\u015bcie na Multihoster.org \u279c Kliknij teraz \u271a, aby przeczyta\u0107 nasze do\u015bwiadczenia!","robots":{"index":"index","follow":"follow","max-snippet":"max-snippet:-1","max-image-preview":"max-image-preview:large","max-video-preview":"max-video-preview:-1"},"canonical":"https:\/\/multihoster.org\/pl\/mega\/","og_locale":"pl_PL","og_type":"article","og_title":"Mega Premium Account \u2013 Filehoster w skr\u00f3cie","og_description":"Czy Mega jest renomowanym dostawc\u0105, czy nie, odpowied\u017a mo\u017cna znale\u017a\u0107 w bie\u017c\u0105cym te\u015bcie na Multihoster.org \u279c Kliknij teraz \u271a, aby przeczyta\u0107 nasze do\u015bwiadczenia!","og_url":"https:\/\/multihoster.org\/pl\/mega\/","og_site_name":"Multihoster.org","article_modified_time":"2020-05-29T10:37:18+00:00","og_image":[{"url":"https:\/\/lh5.googleusercontent.com\/ziFsG1DkHhIGJyIU2hWhpt6qMoGKojcN-gTFptnOvGyD6gg2nqjB2Pv2xjpsSN9Wd_8XNgyv8zEvv_3om4-z7X1l5bYHfG9DBymKYAxnVaU5JQWfhQozCW24eOoS1CLrvNHJ3UU"}],"twitter_card":"summary","twitter_misc":{"Szacowany czas czytania":"9 minut"},"schema":{"@context":"https:\/\/schema.org","@graph":[{"@type":"WebSite","@id":"https:\/\/multihoster.org\/#website","url":"https:\/\/multihoster.org\/","name":"Multihoster.org","description":"Reviews of the major Filehosting services","potentialAction":[{"@type":"SearchAction","target":{"@type":"EntryPoint","urlTemplate":"https:\/\/multihoster.org\/?s={search_term_string}"},"query-input":"required name=search_term_string"}],"inLanguage":"pl-PL"},{"@type":"ImageObject","@id":"https:\/\/multihoster.org\/pl\/mega\/#primaryimage","inLanguage":"pl-PL","url":"https:\/\/lh5.googleusercontent.com\/ziFsG1DkHhIGJyIU2hWhpt6qMoGKojcN-gTFptnOvGyD6gg2nqjB2Pv2xjpsSN9Wd_8XNgyv8zEvv_3om4-z7X1l5bYHfG9DBymKYAxnVaU5JQWfhQozCW24eOoS1CLrvNHJ3UU","contentUrl":"https:\/\/lh5.googleusercontent.com\/ziFsG1DkHhIGJyIU2hWhpt6qMoGKojcN-gTFptnOvGyD6gg2nqjB2Pv2xjpsSN9Wd_8XNgyv8zEvv_3om4-z7X1l5bYHfG9DBymKYAxnVaU5JQWfhQozCW24eOoS1CLrvNHJ3UU"},{"@type":"WebPage","@id":"https:\/\/multihoster.org\/pl\/mega\/#webpage","url":"https:\/\/multihoster.org\/pl\/mega\/","name":"Mega Premium Account \u2013 Filehoster w skr\u00f3cie","isPartOf":{"@id":"https:\/\/multihoster.org\/#website"},"primaryImageOfPage":{"@id":"https:\/\/multihoster.org\/pl\/mega\/#primaryimage"},"datePublished":"2020-03-20T11:49:30+00:00","dateModified":"2020-05-29T10:37:18+00:00","description":"Czy Mega jest renomowanym dostawc\u0105, czy nie, odpowied\u017a mo\u017cna znale\u017a\u0107 w bie\u017c\u0105cym te\u015bcie na Multihoster.org \u279c Kliknij teraz \u271a, aby przeczyta\u0107 nasze do\u015bwiadczenia!","breadcrumb":{"@id":"https:\/\/multihoster.org\/pl\/mega\/#breadcrumb"},"inLanguage":"pl-PL","potentialAction":[{"@type":"ReadAction","target":["https:\/\/multihoster.org\/pl\/mega\/"]}]},{"@type":"BreadcrumbList","@id":"https:\/\/multihoster.org\/pl\/mega\/#breadcrumb","itemListElement":[{"@type":"ListItem","position":1,"name":"Startseite","item":"https:\/\/multihoster.org\/pl\/"},{"@type":"ListItem","position":2,"name":"Mega Konto premium: Filehoster w skr\u00f3cie"}]}]}},"_links":{"self":[{"href":"https:\/\/multihoster.org\/pl\/wp-json\/wp\/v2\/pages\/2398"}],"collection":[{"href":"https:\/\/multihoster.org\/pl\/wp-json\/wp\/v2\/pages"}],"about":[{"href":"https:\/\/multihoster.org\/pl\/wp-json\/wp\/v2\/types\/page"}],"author":[{"embeddable":true,"href":"https:\/\/multihoster.org\/pl\/wp-json\/wp\/v2\/users\/2"}],"replies":[{"embeddable":true,"href":"https:\/\/multihoster.org\/pl\/wp-json\/wp\/v2\/comments?post=2398"}],"version-history":[{"count":5,"href":"https:\/\/multihoster.org\/pl\/wp-json\/wp\/v2\/pages\/2398\/revisions"}],"predecessor-version":[{"id":4518,"href":"https:\/\/multihoster.org\/pl\/wp-json\/wp\/v2\/pages\/2398\/revisions\/4518"}],"wp:attachment":[{"href":"https:\/\/multihoster.org\/pl\/wp-json\/wp\/v2\/media?parent=2398"}],"curies":[{"name":"wp","href":"https:\/\/api.w.org\/{rel}","templated":true}]}}