{"id":2456,"date":"2020-03-20T11:55:48","date_gmt":"2020-03-20T11:55:48","guid":{"rendered":"https:\/\/multihoster.org\/?page_id=2456"},"modified":"2020-03-23T15:08:14","modified_gmt":"2020-03-23T15:08:14","slug":"openload","status":"publish","type":"page","link":"https:\/\/multihoster.org\/pl\/openload\/","title":{"rendered":"Openload Konto premium: Filehoster w skr\u00f3cie"},"content":{"rendered":"\n<figure class=\"wp-block-image\"><img src=\"https:\/\/lh5.googleusercontent.com\/zV-SviouA7daBi8XugOcCpDkWQex4kXx8M9Vf7o2khVu4x6L7g7Xzcm_Z_MCXx37l-jre3m8D_bsoBYz19rCNEpdq4_lj5tULatS1vbk1d0_-LC6OlHPlvNtysq_a8-q3U1RKqs\" alt=\"Openload Logo\"\/><\/figure>\n\n\n\n<p>Z przykro\u015bci\u0105 mo\u017cna powiedzie\u0107, \u017ce teraz, gdy kto\u015b pr\u00f3buje uzyska\u0107 dost\u0119p lub odwiedzi\u0107 witryn\u0119 Openload.co, ten komunikat o b\u0142\u0119dzie zostanie wy\u015bwietlony na stronie \u201eWitryna nie jest ju\u017c dost\u0119pna z powodu naruszenia praw autorskich. Nast\u0105pi przekierowanie do alliance4creativity.com \u201d. Tak, witryna Openload.co i jej us\u0142ugi by\u0142y zamkni\u0119te od 31 dnia pa\u017adziernika 2019 r. I po pi\u0119ciu (5) sekundach liczenia nast\u0105pi automatyczne przekierowanie do strony Alliance for Creativity and Entertainment lub strony ACE. Wynika to z du\u017cej liczby pirackich tre\u015bci znajduj\u0105cych si\u0119 w domenie Openload. Streammango jest r\u00f3wnie\u017c zamkni\u0119ty.<\/p>\n\n\n\n<p>Zauwa\u017calne jest, \u017ce wi\u0119kszo\u015b\u0107 ludzi na \u015bwiecie zawsze szuka bezp\u0142atnych plik\u00f3w do pobrania, takich jak filmy, muzyka i dokumenty. Jedn\u0105 z zalecanych witryn, kt\u00f3re s\u0105 bezp\u0142atne i maj\u0105 mo\u017cliwo\u015b\u0107 hostowania plik\u00f3w, jest Openload.<\/p>\n\n\n\n<p>Openload jest taki sam jak pami\u0119\u0107 masowa, ale w formie cyfrowej. Jest to strona, na kt\u00f3rej u\u017cytkownik mo\u017ce przesy\u0142a\u0107 pliki w celu zapisania dowolnego rodzaju plik\u00f3w na stronie i pobra\u0107 je, aby uzyska\u0107 plik z witryny. U\u017cytkownik mo\u017ce r\u00f3wnie\u017c udost\u0119pnia\u0107 r\u00f3\u017cne pliki innym osobom.<\/p>\n\n\n\n<p>Ma wersj\u0119 premium, kt\u00f3r\u0105 jest Openload Premium.<\/p>\n\n\n<a class=\"maxbutton-2 maxbutton maxbutton-cta\" target=\"_blank\" rel=\"nofollow noopener\" href=\"\/go\/\"><span class='mb-text'>&gt;&gt; Przejd\u017a do strony Original Linkfier<\/span><\/a>\n\n\n<p><\/p>\n\n\n\n<h2>Co oferuj\u0105 Openload Free i Open Premium Account?<\/h2>\n\n\n\n<figure class=\"wp-block-table\"><table class=\"\"><tbody><tr><td>Wersja Openload:<\/td><td>Openload Free<\/td><\/tr><tr><td>Cena \u00a3:<\/td><td>Darmowy<\/td><\/tr><tr><td>Pojemno\u015b\u0107 przechowywania:<\/td><td>Ograniczony<\/td><\/tr><tr><td>Wspierane urz\u0105dzenia:<\/td><td>Dowolne urz\u0105dzenia z po\u0142\u0105czeniem internetowym<\/td><\/tr><\/tbody><\/table><\/figure>\n\n\n\n<figure class=\"wp-block-table\"><table class=\"\"><tbody><tr><td>Wersja Openload:<\/td><td>Openload Premium<\/td><\/tr><tr><td>Cena \u00a3:<\/td><td>Darmowy<\/td><\/tr><tr><td>Pojemno\u015b\u0107 przechowywania:<\/td><td>bez limitu<\/td><\/tr><tr><td>Wspierane urz\u0105dzenia:<\/td><td>Dowolne urz\u0105dzenia z po\u0142\u0105czeniem internetowym<\/td><\/tr><\/tbody><\/table><\/figure>\n\n\n\n<p>Por\u00f3wnuj\u0105c dwie wersje Openload, obie s\u0105 bezp\u0142atne, ale Konto Premium Openload zawiera wi\u0119cej funkcji i ma wi\u0119ksz\u0105 pojemno\u015b\u0107 ni\u017c wolna wersja Openload.<\/p>\n\n\n\n<h2>Openload: przesy\u0142anie plik\u00f3w<\/h2>\n\n\n\n<p>Mo\u017cesz przesy\u0142a\u0107 pliki, dokumenty, muzyk\u0119 i filmy na Openload, szczeg\u00f3lnie je\u015bli korzystasz z konto Premium Openload. Wystarczy post\u0119powa\u0107 zgodnie z poni\u017cszymi procedurami.<\/p>\n\n\n\n<p>1. Przejd\u017a do strony Openload.<\/p>\n\n\n\n<p>2. Przegl\u0105daj swoje foldery i znajd\u017a plik lub dokument lub muzyk\u0119 lub wideo, kt\u00f3re chcesz przes\u0142a\u0107.<\/p>\n\n\n\n<p>3. Po znalezieniu wybierz ten plik.<\/p>\n\n\n\n<p>4. Przeci\u0105gnij i upu\u015b\u0107 plik na stronie przesy\u0142ania Openload.<\/p>\n\n\n\n<p>5. Tw\u00f3j plik zostanie automatycznie przes\u0142any do strony Openload.<\/p>\n\n\n\n<h2>Openload: Pobieranie plik\u00f3w<\/h2>\n\n\n\n<h3><strong>Jak pobiera\u0107 filmy z witryny hostingowej OpenLoad?<\/strong><\/h3>\n\n\n\n<p>Nie musisz si\u0119 martwi\u0107, poniewa\u017c pobieranie plik\u00f3w jest tutaj bezp\u0142atne. Istniej\u0105 dwa (2) sposoby pobierania pliku na Openload. Aby pobra\u0107 dowolne pliki ze strony hostuj\u0105cej pliki Openload, wykonaj poni\u017csze czynno\u015bci.<\/p>\n\n\n\n<p><\/p>\n\n\n\n<figure class=\"wp-block-table\"><table class=\"\"><tbody><tr><td>Pierwszy spos\u00f3b pobrania pliku:<br><br>1. Przejd\u017a do strony Openload.<br>2. Znajd\u017a plik, kt\u00f3ry chcesz pobra\u0107.<br>3. Kliknij ten plik, a zostaniesz przekierowany na stron\u0119 pliku.<br>4. Na stronie znajd\u017a przycisk \u201ePOBIERZ\u201d i kliknij go. Zamknij reklamy, kt\u00f3re si\u0119 pojawi\u0105.<br>5. Pojawi si\u0119 kolejny przycisk, \u201eBEZP\u0141ATNE POBIERANIE\u201d, odczekaj 3\u20135 sekund, aby w\u0142\u0105czy\u0107 przycisk, kliknij przycisk, a plik zacznie si\u0119 pobiera\u0107.<br>6. Pobieranie automatycznie otworzy oprogramowanie do pobierania, takie jak Internet Download Manager (IDM), lub je\u015bli nie masz takiego oprogramowania, przegl\u0105darka b\u0119dzie obs\u0142ugiwa\u0107 pobieranie.<\/td><td>Drugi spos\u00f3b pobierania (sztuczka &#8211; filmy):<br> Ten spos\u00f3b dotyczy typ\u00f3w plik\u00f3w wideo.<br> Zamiast klika\u0107 przycisk POBIERZ, istnieje inny trudny spos\u00f3b na pobranie go przez u\u017cytkownika. Patrz poni\u017cej.<br>1.  Przejd\u017a do strony Openload. <br>2. Znajd\u017a film, kt\u00f3ry chcesz pobra\u0107, aby obejrze\u0107.<br>3. Kliknij ten film, a zostaniesz przekierowany na stron\u0119 filmu.<br>4. Oto (<a rel=\"noreferrer noopener\" aria-label=\"sztuczka (\u00f6ffnet in neuem Tab)\" href=\"https:\/\/dictionary.cambridge.org\/us\/dictionary\/english\/trick\" target=\"_blank\">sztuczka<\/a>). Kliknij przycisk \u201ePLAY\u201d i zamknij reklamy, kt\u00f3re si\u0119 pojawi\u0105. Je\u015bli wideo zosta\u0142o wstrzymane przez reklamy, po prostu klikaj przycisk \u201ePLAY\u201d, a\u017c wideo si\u0119 za\u0142aduje.<br>5. Po za\u0142adowaniu wideo kliknij prawym przyciskiem myszy wideo i kliknij \u201eZapisz wideo jako\u201d.<br>6. Wybierz lokalizacj\u0119 na swoim urz\u0105dzeniu, w kt\u00f3rej chcesz zapisa\u0107 plik wideo.<br>7. Kliknij OK&#8221;.<br>8. Pobieranie automatycznie otworzy oprogramowanie do pobierania, takie jak Internet Download Manager (IDM), lub je\u015bli nie masz takiego oprogramowania, przegl\u0105darka b\u0119dzie obs\u0142ugiwa\u0107 pobieranie.<\/td><\/tr><\/tbody><\/table><\/figure>\n\n\n\n<ul><li>Aby zapewni\u0107 prawid\u0142owe pobieranie wideo, po\u0142\u0105czenie internetowe urz\u0105dzenia powinno by\u0107 stabilne. Je\u015bli nie, wideo nie zostanie w pe\u0142ni pobrane, w przeciwnym razie zostanie uszkodzone.<\/li><li> Je\u015bli witryna jest zabroniona w Twoim kraju, u\u017cytkownicy mog\u0105 r\u00f3wnie\u017c korzysta\u0107 z wirtualnej sieci prywatnej lub <a rel=\"noreferrer noopener\" aria-label=\"VPN (\u00f6ffnet in neuem Tab)\" href=\"https:\/\/us.norton.com\/internetsecurity-privacy-what-is-a-vpn.html\" target=\"_blank\">VPN<\/a>, aby uzyska\u0107 dost\u0119p do witryny i pobiera\u0107 dowolne filmy.<\/li><\/ul>\n\n\n\n<h2>Openload: ogl\u0105danie film\u00f3w<\/h2>\n\n\n\n<p>Ogl\u0105danie dowolnych film\u00f3w tutaj na stronie hostuj\u0105cej pliki Openload jest bardzo \u0142atwe. Musisz tylko wej\u015b\u0107 na stron\u0119, znale\u017a\u0107 film, kt\u00f3ry chcesz obejrze\u0107,<\/p>\n\n\n\n<p>1. Przejd\u017a do strony Openload.<\/p>\n\n\n\n<p>2. Znajd\u017a film, kt\u00f3ry chcesz obejrze\u0107 online.<\/p>\n\n\n\n<p>3. Kliknij ten film, a zostaniesz przekierowany na stron\u0119 filmu.<\/p>\n\n\n\n<p>4. Po prostu kliknij przycisk \u201ePLAY\u201d i poczekaj, a\u017c za\u0142aduje wideo. Nast\u0119pnie mo\u017cesz ogl\u0105da\u0107 ca\u0142y film online.<\/p>\n\n\n\n<h2>Openload: udost\u0119pnianie plik\u00f3w<\/h2>\n\n\n\n<p>U\u017cytkownicy mog\u0105 udost\u0119pnia\u0107 pliki innym osobom za po\u015brednictwem \u0142\u0105czy.<\/p>\n\n\n\n<figure class=\"wp-block-table\"><table class=\"\"><tbody><tr><td>W przypadku niezarejestrowanych u\u017cytkownik\u00f3w:<br>1. Przejd\u017a do strony Openload.<br>2. Znajd\u017a plik, kt\u00f3ry chcesz udost\u0119pni\u0107 online.<br>3. Wystarczy skopiowa\u0107 link do pliku, kt\u00f3ry chcesz udost\u0119pni\u0107.<br>4. Wklej skopiowany link do kogo lub do kt\u00f3rego chcesz go udost\u0119pni\u0107. <\/td><td>Dla zarejestrowanych u\u017cytkownik\u00f3w:<br>1. Przejd\u017a do strony Openload.<br>2. Zaloguj si\u0119 i przejd\u017a do Mened\u017cera plik\u00f3w w panelu u\u017cytkownika.<br>3. Znajd\u017a plik, kt\u00f3ry chcesz udost\u0119pni\u0107 online.<br>4. Wybierz plik i skopiuj link do pliku znajduj\u0105cy si\u0119 pod stron\u0105 lub kliknij przycisk \u201eCOPY LINK\u201d, aby udost\u0119pni\u0107.<br>5. Wklej skopiowany link do kogo lub do kt\u00f3rego chcesz go udost\u0119pni\u0107. <\/td><\/tr><\/tbody><\/table><\/figure>\n\n\n<a class=\"maxbutton-2 maxbutton maxbutton-cta\" target=\"_blank\" rel=\"nofollow noopener\" href=\"\/go\/\"><span class='mb-text'>&gt;&gt; Przejd\u017a do strony Original Linkfier<\/span><\/a>\n\n\n<p><\/p>\n\n\n\n<p>Aby uzyska\u0107 dost\u0119p do pliku, inni powinni klikn\u0105\u0107 link i zostan\u0105 automatycznie przekierowani do pliku.<\/p>\n\n\n\n<h2>Openload: panel u\u017cytkownika<\/h2>\n\n\n\n<p>Panel u\u017cytkownika sk\u0142ada si\u0119 z nast\u0119puj\u0105cych element\u00f3w: Pulpit nawigacyjny, Mened\u017cer plik\u00f3w, Zdalne przesy\u0142anie, Wielokrotne przesy\u0142anie, Ustawienia u\u017cytkownika, Program partnerski, Ustawienia konwersji i statystyki.<\/p>\n\n\n\n<p>Aby uzyska\u0107 dost\u0119p do panelu u\u017cytkownika, u\u017cytkownik musi zarejestrowa\u0107 si\u0119 w Openload, aby m\u00f3c korzysta\u0107 z powy\u017cszych funkcji.<\/p>\n\n\n\n<ul><li>Deska rozdzielcza<\/li><\/ul>\n\n\n\n<p>Pokazuje aktualny status u\u017cytkownika, liczb\u0119 wszystkich pobra\u0144, plik\u00f3w i pami\u0119ci.<\/p>\n\n\n\n<ul><li>Mened\u017cer plik\u00f3w<\/li><\/ul>\n\n\n\n<p>Jest to strona, na kt\u00f3rej u\u017cytkownik zarz\u0105dza swoimi folderami i plikami w witrynie Openload. Zawiera utworzone foldery i dodane pliki (pliki aktywne i nieaktywne) u\u017cytkownika, rozmiar folderu lub pliku, typ zawarto\u015bci, \u0142\u0105cza do tych folder\u00f3w i plik\u00f3w, dat\u0119 przes\u0142ania i liczb\u0119 pobra\u0144 dla folderu lub plik.<\/p>\n\n\n\n<ul><li>Zdalne przesy\u0142anie<\/li><\/ul>\n\n\n\n<p>W tym miejscu plik pochodzi z linku \u017ar\u00f3d\u0142owego, kt\u00f3ry ma zosta\u0107 przes\u0142any na konto Openload u\u017cytkownika.<\/p>\n\n\n\n<ul><li>Przesy\u0142anie wielokrotne<\/li><\/ul>\n\n\n\n<p>U\u017cytkownik mo\u017ce przes\u0142a\u0107 wiele plik\u00f3w dowolnego typu. Wystarczy klikn\u0105\u0107 przycisk \u201eDODAJ PLIKI\u201d, aby doda\u0107 pliki, i przycisk \u201eSTART UPLOAD\u201d, aby przes\u0142a\u0107 pliki, kt\u00f3re w\u0142a\u015bnie doda\u0142e\u015b na stronie Openload.<\/p>\n\n\n\n<p>U\u017cytkownicy mog\u0105 anulowa\u0107 przesy\u0142anie pliku w dowolnym momencie, klikaj\u0105c przycisk \u201eANULUJ\u201d obok przesy\u0142anego pliku. Mog\u0105 r\u00f3wnie\u017c anulowa\u0107 wszystkie lub wyczy\u015bci\u0107 ca\u0142\u0105 list\u0119 przesy\u0142ania, wystarczy klikn\u0105\u0107 przycisk \u201eANULUJ WSZYSTKO \/ USU\u0143 WSZYSTKO\u201d.<\/p>\n\n\n\n<p>Przes\u0142any plik zostanie dodany i wy\u015bwietlony na stronie Mened\u017cera plik\u00f3w w panelu u\u017cytkownika.<\/p>\n\n\n\n<ul><li>Ustawienia u\u017cytkownika<\/li><\/ul>\n\n\n\n<p>To tutaj u\u017cytkownicy zarz\u0105dzaj\u0105 swoimi kontami i informacjami.<\/p>\n\n\n\n<ul><li>Program partnerski<\/li><\/ul>\n\n\n\n<p>Aby do\u0142\u0105czy\u0107 do programu partnerskiego, u\u017cytkownik musi wyrazi\u0107 zgod\u0119 i zaakceptowa\u0107 zasady i warunki programu partnerskiego Openload, poniewa\u017c istniej\u0105 rodzaje plik\u00f3w, kt\u00f3rych nie mo\u017cna przesy\u0142a\u0107 na stronie Openload.<\/p>\n\n\n\n<ul><li>Statystyka<\/li><\/ul>\n\n\n\n<p>Pokazuje wynagrodzenie lub doch\u00f3d u\u017cytkownika w dolarach, (<a rel=\"noreferrer noopener\" aria-label=\"ruch (\u00f6ffnet in neuem Tab)\" href=\"https:\/\/www.computerhope.com\/jargon\/t\/traffic.htm\" target=\"_blank\">ruch<\/a>) i kraje, w kt\u00f3rych ruch jest generowany. S\u0105 one wy\u015bwietlane wed\u0142ug dnia, miesi\u0105ca i roku.<\/p>\n\n\n\n<ul><li>Ustawienia konwersji<\/li><\/ul>\n\n\n\n<p>W tym miejscu ustawiana jest konwersja wideo. Openload ma funkcj\u0119 automatycznej konwersji, kt\u00f3ra automatycznie przekszta\u0142ca jako\u015b\u0107 wideo przesy\u0142anego strumieniowo przez u\u017cytkownika do rozdzielczo\u015bci ustawionej przez u\u017cytkownika i zapisanej w ustawieniach konwersji.<\/p>\n\n\n\n<figure class=\"wp-block-table\"><table class=\"\"><tbody><tr><td>Obs\u0142ugiwane rozdzielczo\u015bci Openload<\/td><\/tr><tr><td>HD, HD 720p, SD 480p, and SD 360p<\/td><\/tr><\/tbody><\/table><\/figure>\n\n\n\n<h2>Program Openload: Pay Per Download (PPD)<\/h2>\n\n\n\n<p>Openload, szczeg\u00f3lnie z kontem Premium Openload, ma program o nazwie Pay Per Download lub PPD, kt\u00f3ry jest stworzony dla u\u017cytkownik\u00f3w w celu generowania dochodu. Okre\u015blony u\u017cytkownik mo\u017ce korzysta\u0107 z Openload, aby zarabia\u0107, pobieraj\u0105c lub przesy\u0142aj\u0105c strumieniowo w witrynie Openload. Openload p\u0142aci u\u017cytkownikom, kt\u00f3rzy tworz\u0105 tre\u015bci na swojej stronie, za sta\u0142\u0105 kwot\u0119 za 10.000 pobra\u0144 lub strumieni, ale zale\u017cy to od kraju, w kt\u00f3rym pobierane lub strumienie s\u0105 pobierane (patrz rysunek programu Openload Tier dla p\u0142atno\u015bci za pobranie (PPD) poni\u017cej).<\/p>\n\n\n\n<p>Wyp\u0142aty: ju\u017c za dwadzie\u015bcia dolar\u00f3w (20 USD) u\u017cytkownik mo\u017ce poprosi\u0107 o wyp\u0142at\u0119, a wyp\u0142aty zostan\u0105 przetworzone w ci\u0105gu jednego dnia.<\/p>\n\n\n\n<h3><strong>Jak liczone s\u0105 pobrania lub strumienie w Openload?<\/strong><\/h3>\n\n\n\n<p>W Openload pobrania lub strumienie ka\u017cdego <a rel=\"noreferrer noopener\" aria-label=\"Protok\u00f3\u0142 internetowy (IP)  (\u00f6ffnet in neuem Tab)\" href=\"https:\/\/www.wpbeginner.com\/glossary\/ip-address\/\" target=\"_blank\">Protok\u00f3\u0142 internetowy (IP) <\/a>adres\u00f3w s\u0105 liczone tylko trzykrotnie (3x) w ci\u0105gu ca\u0142ego dnia, ale w przypadku automatycznego sposobu pobierania Openload nie da za nie nagrody.<\/p>\n\n\n\n<p>Uwaga: je\u015bli u\u017cytkownik nie zastosuje si\u0119 do wszystkich zasad i warunk\u00f3w programu partnerskiego Openload lub Openload Premium oraz programu Pay Per Download lub PPD, jego konto zostanie tymczasowo zawieszone lub gorzej, konto zostanie na sta\u0142e usuni\u0119te.<\/p>\n\n\n\n<h3><strong>Warstwy Openload dla programu Pay Per Download (PPD)<\/strong><\/h3>\n\n\n\n<p>Poni\u017cszy rysunek pokazuje, w jaki spos\u00f3b Openload sortuje r\u00f3\u017cne kraje od najni\u017cszego poziomu do najwy\u017cszego poziomu, w kt\u00f3rym p\u0142ac\u0105 za pobrania lub strumienie na stronie.<\/p>\n\n\n\n<p class=\"has-text-align-center\"><img loading=\"lazy\" width=\"387\" height=\"479\" class=\"wp-image-2440\" style=\"width: 400px;\" src=\"https:\/\/multihoster.org\/wp-content\/uploads\/2020\/03\/Tier-1.png\" alt=\"\" srcset=\"https:\/\/multihoster.org\/wp-content\/uploads\/2020\/03\/Tier-1.png 387w, https:\/\/multihoster.org\/wp-content\/uploads\/2020\/03\/Tier-1-242x300.png 242w\" sizes=\"(max-width: 387px) 100vw, 387px\" \/><\/p>\n\n\n\n<figure class=\"wp-block-table\"><table class=\"\"><tbody><tr><td>Poziomy poziom\u00f3w<\/td><td>Nagroda<\/td><\/tr><tr><td>Najwy\u017cszy poziom<\/td><td>Trzydzie\u015bci pi\u0119\u0107 dolar\u00f3w (35 USD)<\/td><\/tr><tr><td>Wysoki poziom<\/td><td>Dwadzie\u015bcia pi\u0119\u0107 dolar\u00f3w (25 USD)<\/td><\/tr><tr><td>Umiarkowany poziom<\/td><td>Pi\u0119tna\u015bcie dolar\u00f3w (15 USD)<\/td><\/tr><tr><td>Niski poziom<\/td><td>Siedem dolar\u00f3w i pi\u0119\u0107dziesi\u0105t cent\u00f3w (7,50 USD)<\/td><\/tr><tr><td>Najni\u017cszy poziom<\/td><td>Pi\u0119\u0107 dolar\u00f3w (5 USD)<\/td><\/tr><\/tbody><\/table><\/figure>\n\n\n<a class=\"maxbutton-2 maxbutton maxbutton-cta\" target=\"_blank\" rel=\"nofollow noopener\" href=\"\/go\/\"><span class='mb-text'>&gt;&gt; Przejd\u017a do strony Original Linkfier<\/span><\/a>\n\n\n<p><\/p>\n","protected":false},"excerpt":{"rendered":"<p>Z przykro\u015bci\u0105 mo\u017cna powiedzie\u0107, \u017ce teraz, gdy kto\u015b pr\u00f3buje uzyska\u0107 dost\u0119p lub odwiedzi\u0107 witryn\u0119 Openload.co, ten komunikat o b\u0142\u0119dzie zostanie<\/p>\n","protected":false},"author":2,"featured_media":0,"parent":0,"menu_order":0,"comment_status":"closed","ping_status":"closed","template":"","meta":[],"yoast_head":"<!-- This site is optimized with the Yoast SEO plugin v18.3 - https:\/\/yoast.com\/wordpress\/plugins\/seo\/ -->\n<title>Openload Premium Account \u2013 Filehoster w skr\u00f3cie<\/title>\n<meta name=\"description\" content=\"Czy Openload jest renomowanym dostawc\u0105, czy nie, odpowied\u017a mo\u017cna znale\u017a\u0107 w bie\u017c\u0105cym te\u015bcie na Multihoster.org \u279c Kliknij teraz \u271a, aby przeczyta\u0107 nasze do\u015bwiadczenia!\" \/>\n<meta name=\"robots\" content=\"index, follow, max-snippet:-1, max-image-preview:large, max-video-preview:-1\" \/>\n<link rel=\"canonical\" href=\"https:\/\/multihoster.org\/pl\/openload\/\" \/>\n<meta property=\"og:locale\" content=\"pl_PL\" \/>\n<meta property=\"og:type\" content=\"article\" \/>\n<meta property=\"og:title\" content=\"Openload Premium Account \u2013 Filehoster w skr\u00f3cie\" \/>\n<meta property=\"og:description\" content=\"Czy Openload jest renomowanym dostawc\u0105, czy nie, odpowied\u017a mo\u017cna znale\u017a\u0107 w bie\u017c\u0105cym te\u015bcie na Multihoster.org \u279c Kliknij teraz \u271a, aby przeczyta\u0107 nasze do\u015bwiadczenia!\" \/>\n<meta property=\"og:url\" content=\"https:\/\/multihoster.org\/pl\/openload\/\" \/>\n<meta property=\"og:site_name\" content=\"Multihoster.org\" \/>\n<meta property=\"article:modified_time\" content=\"2020-03-23T15:08:14+00:00\" \/>\n<meta property=\"og:image\" content=\"https:\/\/lh5.googleusercontent.com\/zV-SviouA7daBi8XugOcCpDkWQex4kXx8M9Vf7o2khVu4x6L7g7Xzcm_Z_MCXx37l-jre3m8D_bsoBYz19rCNEpdq4_lj5tULatS1vbk1d0_-LC6OlHPlvNtysq_a8-q3U1RKqs\" \/>\n<meta name=\"twitter:card\" content=\"summary\" \/>\n<meta name=\"twitter:label1\" content=\"Szacowany czas czytania\" \/>\n\t<meta name=\"twitter:data1\" content=\"8 minut\" \/>\n<script type=\"application\/ld+json\" class=\"yoast-schema-graph\">{\"@context\":\"https:\/\/schema.org\",\"@graph\":[{\"@type\":\"WebSite\",\"@id\":\"https:\/\/multihoster.org\/#website\",\"url\":\"https:\/\/multihoster.org\/\",\"name\":\"Multihoster.org\",\"description\":\"Reviews of the major Filehosting services\",\"potentialAction\":[{\"@type\":\"SearchAction\",\"target\":{\"@type\":\"EntryPoint\",\"urlTemplate\":\"https:\/\/multihoster.org\/?s={search_term_string}\"},\"query-input\":\"required name=search_term_string\"}],\"inLanguage\":\"pl-PL\"},{\"@type\":\"ImageObject\",\"@id\":\"https:\/\/multihoster.org\/pl\/openload\/#primaryimage\",\"inLanguage\":\"pl-PL\",\"url\":\"https:\/\/lh5.googleusercontent.com\/zV-SviouA7daBi8XugOcCpDkWQex4kXx8M9Vf7o2khVu4x6L7g7Xzcm_Z_MCXx37l-jre3m8D_bsoBYz19rCNEpdq4_lj5tULatS1vbk1d0_-LC6OlHPlvNtysq_a8-q3U1RKqs\",\"contentUrl\":\"https:\/\/lh5.googleusercontent.com\/zV-SviouA7daBi8XugOcCpDkWQex4kXx8M9Vf7o2khVu4x6L7g7Xzcm_Z_MCXx37l-jre3m8D_bsoBYz19rCNEpdq4_lj5tULatS1vbk1d0_-LC6OlHPlvNtysq_a8-q3U1RKqs\"},{\"@type\":\"WebPage\",\"@id\":\"https:\/\/multihoster.org\/pl\/openload\/#webpage\",\"url\":\"https:\/\/multihoster.org\/pl\/openload\/\",\"name\":\"Openload Premium Account \u2013 Filehoster w skr\u00f3cie\",\"isPartOf\":{\"@id\":\"https:\/\/multihoster.org\/#website\"},\"primaryImageOfPage\":{\"@id\":\"https:\/\/multihoster.org\/pl\/openload\/#primaryimage\"},\"datePublished\":\"2020-03-20T11:55:48+00:00\",\"dateModified\":\"2020-03-23T15:08:14+00:00\",\"description\":\"Czy Openload jest renomowanym dostawc\u0105, czy nie, odpowied\u017a mo\u017cna znale\u017a\u0107 w bie\u017c\u0105cym te\u015bcie na Multihoster.org \u279c Kliknij teraz \u271a, aby przeczyta\u0107 nasze do\u015bwiadczenia!\",\"breadcrumb\":{\"@id\":\"https:\/\/multihoster.org\/pl\/openload\/#breadcrumb\"},\"inLanguage\":\"pl-PL\",\"potentialAction\":[{\"@type\":\"ReadAction\",\"target\":[\"https:\/\/multihoster.org\/pl\/openload\/\"]}]},{\"@type\":\"BreadcrumbList\",\"@id\":\"https:\/\/multihoster.org\/pl\/openload\/#breadcrumb\",\"itemListElement\":[{\"@type\":\"ListItem\",\"position\":1,\"name\":\"Startseite\",\"item\":\"https:\/\/multihoster.org\/pl\/\"},{\"@type\":\"ListItem\",\"position\":2,\"name\":\"Openload Konto premium: Filehoster w skr\u00f3cie\"}]}]}<\/script>\n<!-- \/ Yoast SEO plugin. -->","yoast_head_json":{"title":"Openload Premium Account \u2013 Filehoster w skr\u00f3cie","description":"Czy Openload jest renomowanym dostawc\u0105, czy nie, odpowied\u017a mo\u017cna znale\u017a\u0107 w bie\u017c\u0105cym te\u015bcie na Multihoster.org \u279c Kliknij teraz \u271a, aby przeczyta\u0107 nasze do\u015bwiadczenia!","robots":{"index":"index","follow":"follow","max-snippet":"max-snippet:-1","max-image-preview":"max-image-preview:large","max-video-preview":"max-video-preview:-1"},"canonical":"https:\/\/multihoster.org\/pl\/openload\/","og_locale":"pl_PL","og_type":"article","og_title":"Openload Premium Account \u2013 Filehoster w skr\u00f3cie","og_description":"Czy Openload jest renomowanym dostawc\u0105, czy nie, odpowied\u017a mo\u017cna znale\u017a\u0107 w bie\u017c\u0105cym te\u015bcie na Multihoster.org \u279c Kliknij teraz \u271a, aby przeczyta\u0107 nasze do\u015bwiadczenia!","og_url":"https:\/\/multihoster.org\/pl\/openload\/","og_site_name":"Multihoster.org","article_modified_time":"2020-03-23T15:08:14+00:00","og_image":[{"url":"https:\/\/lh5.googleusercontent.com\/zV-SviouA7daBi8XugOcCpDkWQex4kXx8M9Vf7o2khVu4x6L7g7Xzcm_Z_MCXx37l-jre3m8D_bsoBYz19rCNEpdq4_lj5tULatS1vbk1d0_-LC6OlHPlvNtysq_a8-q3U1RKqs"}],"twitter_card":"summary","twitter_misc":{"Szacowany czas czytania":"8 minut"},"schema":{"@context":"https:\/\/schema.org","@graph":[{"@type":"WebSite","@id":"https:\/\/multihoster.org\/#website","url":"https:\/\/multihoster.org\/","name":"Multihoster.org","description":"Reviews of the major Filehosting services","potentialAction":[{"@type":"SearchAction","target":{"@type":"EntryPoint","urlTemplate":"https:\/\/multihoster.org\/?s={search_term_string}"},"query-input":"required name=search_term_string"}],"inLanguage":"pl-PL"},{"@type":"ImageObject","@id":"https:\/\/multihoster.org\/pl\/openload\/#primaryimage","inLanguage":"pl-PL","url":"https:\/\/lh5.googleusercontent.com\/zV-SviouA7daBi8XugOcCpDkWQex4kXx8M9Vf7o2khVu4x6L7g7Xzcm_Z_MCXx37l-jre3m8D_bsoBYz19rCNEpdq4_lj5tULatS1vbk1d0_-LC6OlHPlvNtysq_a8-q3U1RKqs","contentUrl":"https:\/\/lh5.googleusercontent.com\/zV-SviouA7daBi8XugOcCpDkWQex4kXx8M9Vf7o2khVu4x6L7g7Xzcm_Z_MCXx37l-jre3m8D_bsoBYz19rCNEpdq4_lj5tULatS1vbk1d0_-LC6OlHPlvNtysq_a8-q3U1RKqs"},{"@type":"WebPage","@id":"https:\/\/multihoster.org\/pl\/openload\/#webpage","url":"https:\/\/multihoster.org\/pl\/openload\/","name":"Openload Premium Account \u2013 Filehoster w skr\u00f3cie","isPartOf":{"@id":"https:\/\/multihoster.org\/#website"},"primaryImageOfPage":{"@id":"https:\/\/multihoster.org\/pl\/openload\/#primaryimage"},"datePublished":"2020-03-20T11:55:48+00:00","dateModified":"2020-03-23T15:08:14+00:00","description":"Czy Openload jest renomowanym dostawc\u0105, czy nie, odpowied\u017a mo\u017cna znale\u017a\u0107 w bie\u017c\u0105cym te\u015bcie na Multihoster.org \u279c Kliknij teraz \u271a, aby przeczyta\u0107 nasze do\u015bwiadczenia!","breadcrumb":{"@id":"https:\/\/multihoster.org\/pl\/openload\/#breadcrumb"},"inLanguage":"pl-PL","potentialAction":[{"@type":"ReadAction","target":["https:\/\/multihoster.org\/pl\/openload\/"]}]},{"@type":"BreadcrumbList","@id":"https:\/\/multihoster.org\/pl\/openload\/#breadcrumb","itemListElement":[{"@type":"ListItem","position":1,"name":"Startseite","item":"https:\/\/multihoster.org\/pl\/"},{"@type":"ListItem","position":2,"name":"Openload Konto premium: Filehoster w skr\u00f3cie"}]}]}},"_links":{"self":[{"href":"https:\/\/multihoster.org\/pl\/wp-json\/wp\/v2\/pages\/2456"}],"collection":[{"href":"https:\/\/multihoster.org\/pl\/wp-json\/wp\/v2\/pages"}],"about":[{"href":"https:\/\/multihoster.org\/pl\/wp-json\/wp\/v2\/types\/page"}],"author":[{"embeddable":true,"href":"https:\/\/multihoster.org\/pl\/wp-json\/wp\/v2\/users\/2"}],"replies":[{"embeddable":true,"href":"https:\/\/multihoster.org\/pl\/wp-json\/wp\/v2\/comments?post=2456"}],"version-history":[{"count":4,"href":"https:\/\/multihoster.org\/pl\/wp-json\/wp\/v2\/pages\/2456\/revisions"}],"predecessor-version":[{"id":2727,"href":"https:\/\/multihoster.org\/pl\/wp-json\/wp\/v2\/pages\/2456\/revisions\/2727"}],"wp:attachment":[{"href":"https:\/\/multihoster.org\/pl\/wp-json\/wp\/v2\/media?parent=2456"}],"curies":[{"name":"wp","href":"https:\/\/api.w.org\/{rel}","templated":true}]}}