{"id":2591,"date":"2020-03-20T16:34:43","date_gmt":"2020-03-20T16:34:43","guid":{"rendered":"https:\/\/multihoster.org\/?page_id=2591"},"modified":"2020-03-30T14:06:46","modified_gmt":"2020-03-30T14:06:46","slug":"4share","status":"publish","type":"page","link":"https:\/\/multihoster.org\/pl\/4share\/","title":{"rendered":"4share Premium Konto: Filehoster W Skr\u00f3cie"},"content":{"rendered":"\n<figure class=\"wp-block-image\"><img src=\"https:\/\/lh3.googleusercontent.com\/RrbU4oZEm4QWQKICoZLyymhFtYa8lbr9pXG3GYEgIjcXl-e1SHUFBrLO4GvlZAt1bGGxzdjop4KvAsHTOgT02oisMpTGlnhNxTCtO6KVy24hCDffb1nmnOyrDKLKxgDucv-ks1w\" alt=\"4share logo\"\/><\/figure>\n\n\n\n<p>Szukanie wiarygodnego hostera plik\u00f3w w Internecie jest jak szukanie igie\u0142 w stogu siana. Istnieje wiele hoster\u00f3w plik\u00f3w tam, ale nie wi\u0119kszo\u015b\u0107 z nich oferuje wysokiej jako\u015bci us\u0142ugi, kt\u00f3re obiecuj\u0105. Jednak nie ma dobrych dostawc\u00f3w us\u0142ug, kt\u00f3re oferuj\u0105 tanie i godne zaufania us\u0142ugi hostingu plik\u00f3w. Jednym z nich jest us\u0142uga hostingu plik\u00f3w 4Share (nie myli\u0107 z 4sharered). 4share ma jedn\u0105 z najta\u0144szych op\u0142at w ka\u017cdym pliku us\u0142ugi hostingowej tam, ale nadal ma cechy bardziej popularnych host\u00f3w plik\u00f3w. <\/p>\n\n\n<a class=\"maxbutton-2 maxbutton maxbutton-cta\" target=\"_blank\" rel=\"nofollow noopener\" href=\"\/go\/\"><span class='mb-text'>&gt;&gt; Przejd\u017a do oryginalnej strony internetowej Linkifier <\/span><\/a>\n\n\n<p><\/p>\n\n\n\n<h2>Co to jest 4share?<\/h2>\n\n\n\n<p>4share to us\u0142uga hostingu plik\u00f3w, kt\u00f3ra wykorzystuje technologi\u0119 chmury do przechowywania swoich plik\u00f3w. 4share oferuje jedn\u0105 z najta\u0144szych op\u0142at w ka\u017cdym hostingu plik\u00f3w na \u015bwiecie. Za zaledwie 50.000 VND lub 2,20 dolar\u00f3w miesi\u0119cznie, w\u0142a\u015bciciel konta Premium 4share mo\u017ce korzysta\u0107 z wielu us\u0142ug, kt\u00f3re mog\u0105 kosztowa\u0107 nawet kilkaset dolar\u00f3w tylko do korzystania z innych us\u0142ug hostingu plik\u00f3w. Ich strona ma funkcj\u0119 katalogu, kt\u00f3ry mo\u017ce by\u0107 u\u017cywany do zarz\u0105dzania plikami \u0142atwo.<\/p>\n\n\n\n<p>Udost\u0119pnianie plik\u00f3w za pomoc\u0105 4share jest bardzo \u0142atwe i bezproblemowe. 4share u\u017cywa bezpo\u015brednich link\u00f3w do szybkiego udost\u0119pniania plik\u00f3w. Mo\u017cesz nawet w\u0142\u0105czy\u0107 has\u0142a do swoich plik\u00f3w, gdy korzystasz z us\u0142ugi konta Premium dla dodatkowej ochrony i bezpiecze\u0144stwa.<\/p>\n\n\n\n<p>Przeszukuj miliony plik\u00f3w z ich ogromnej biblioteki tre\u015bci i medi\u00f3w przez r\u00f3\u017cnych u\u017cytkownik\u00f3w na ca\u0142ym \u015bwiecie. Udost\u0119pniaj swoje tre\u015bci przyjacio\u0142om i znajomym \u0142atwo i natychmiast. Wszystko, co musisz zrobi\u0107, to udost\u0119pni\u0107 link i has\u0142o, a wszystko to jest ustawione na udost\u0119pnianie. Mo\u017cesz r\u00f3wnie\u017c zarabia\u0107 pieni\u0105dze po prostu pobieraj\u0105c i przesy\u0142aj\u0105c r\u00f3\u017cne pliki poprzez ich system nagr\u00f3d 4share Premium konta i Uploader Bonus. Punkty te mog\u0105 by\u0107 zamienione na z\u0142oto, kt\u00f3re mo\u017cna nast\u0119pnie zamieni\u0107 na got\u00f3wk\u0119.<\/p>\n\n\n\n<figure class=\"wp-block-image\"><img src=\"https:\/\/lh5.googleusercontent.com\/UqjTF6dyAIxPnGl0cG9cZKd5-ISTAysBk0Km5fS-pdki6nUVmGnzLWP9N7E6lsdcOlewtGUjdr-ThYbNJNK01Dnm7QBFhuP7SkTy7MgF_mQpduSUB6pZkiK98R5sbmLoG9-tiso\" alt=\"4share website\"\/><\/figure>\n\n\n\n<h2>4share Premium Cechy<\/h2>\n\n\n\n<ul><li>Nieograniczona pr\u0119dko\u015b\u0107<\/li><\/ul>\n\n\n\n<p>Utworzenie konta 4share Premium umo\u017cliwia dost\u0119p do plik\u00f3w bez ograniczenia pr\u0119dko\u015bci. Oznacza to, \u017ce pr\u0119dko\u015b\u0107 przesy\u0142ania lub pobierania plik\u00f3w w pe\u0142ni zale\u017cy od Twojego po\u0142\u0105czenia internetowego. Jest to idealne rozwi\u0105zanie dla u\u017cytkownik\u00f3w, kt\u00f3rzy musz\u0105 stale przesy\u0142a\u0107 i pobiera\u0107 swoje tre\u015bci online, takich jak arty\u015bci i redaktorzy. Darmowy u\u017cytkownik konta ma jednak ograniczon\u0105 pr\u0119dko\u015b\u0107 ze wzgl\u0119du na niski priorytet w ruchu sieciowym. Pasmo dla darmowych u\u017cytkownik\u00f3w jest r\u00f3wnie\u017c ograniczone.<\/p>\n\n\n\n<ul><li>D\u0142ugi okres przechowywania<\/li><\/ul>\n\n\n\n<p>U\u017cytkownicy kont 4share Premium maj\u0105 wyd\u0142u\u017cony czas przechowywania w serwerze chmury. U\u017cytkownicy kont Premium maj\u0105 \u0142\u0105cznie 30 dniowy czas przechowywania danych plus dodatkowy czas V.I.P. na d\u0142u\u017csze okresy. Darmowy u\u017cytkownik jest jednak ograniczony tylko do 15 dni. Konto Premium jest zalecane, poniewa\u017c wszystkie pliki s\u0105 przechowywane na serwerze przez d\u0142u\u017cszy czas i nie trzeba si\u0119 martwi\u0107 o pozostawienie medi\u00f3w i plik\u00f3w na d\u0142u\u017cszy czas bez ich sprawdzania.<\/p>\n\n\n\n<ul><li>Wy\u017cszy limit pobierania plik\u00f3w<\/li><\/ul>\n\n\n\n<p>Darmowy u\u017cytkownik ma ograniczony rozmiar plik\u00f3w do pobrania dziennie, jednak korzystanie z konta Premium 4share pozwala na pobranie w sumie 500GB plik\u00f3w fie ka\u017cdego dnia. Mo\u017cesz swobodnie zarz\u0105dza\u0107 swoimi plikami gdziekolwiek i kiedykolwiek chcesz i z dodatkow\u0105 szybko\u015bci\u0105, aby zapewni\u0107 sobie \u0142atwy dost\u0119p do swoich plik\u00f3w za ka\u017cdym razem, kiedy ich potrzebujesz.<\/p>\n\n\n\n<ul><li>Wielokrotne pobieranie<\/li><\/ul>\n\n\n\n<p>Konto premium pozwala na jednoczesne pobieranie plik\u00f3w. Oznacza to, \u017ce wszystkie potrzebne pliki mog\u0105 by\u0107 pobierane szybko i bezproblemowo za pomoc\u0105 konta 4share Premium. Darmowy u\u017cytkownik jest ograniczony do 1 pobrania na ka\u017cdy dost\u0119p i musi odczeka\u0107 kilka sekund, zanim b\u0119dzie m\u00f3g\u0142 ponownie rozpocz\u0105\u0107 pobieranie.<\/p>\n\n\n\n<ul><li>Narz\u0119dzie 4share<\/li><\/ul>\n\n\n\n<p>Narz\u0119dzie 4share Premium jest specjaln\u0105 funkcj\u0105 4share Premium, kt\u00f3ra zarz\u0105dza pobieraniem plik\u00f3w. Jest to jedno z narz\u0119dzi, kt\u00f3re wyr\u00f3\u017cnia 4share. Pozwala ono na jednoczesne monitorowanie pobranych plik\u00f3w. Za pomoc\u0105 tego narz\u0119dzia mo\u017cna r\u00f3wnie\u017c wstrzyma\u0107 i wznowi\u0107 pobieranie plik\u00f3w. Jako mened\u017cer pobierania pokazuje on wszystkie potrzebne informacje o aktualnie pobieranych plikach.<\/p>\n\n\n\n<figure class=\"wp-block-image\"><img src=\"https:\/\/lh3.googleusercontent.com\/FU1HIpkqN2mjTD0NQ9L6upbQoXOAO1Sx8rWUABkhEoBfRDvFsP4KqwQdRXOmAZaxpnjPn5RWEoHy50yPBfL_OPAzPl35SlCBxY_0MjDbXq0qWZWBb6xP0qT71UEmcotfljgXZ_w\" alt=\"4share Tool App window\"\/><\/figure>\n\n\n\n<ul><li>Wy\u017cszy limit sk\u0142adowania<\/li><\/ul>\n\n\n\n<p>U\u017cytkownicy kont 4share Premium korzystaj\u0105 z wy\u017cszych limit\u00f3w pami\u0119ci masowej ni\u017c u\u017cytkownicy bezp\u0142atni. U\u017cytkownicy kont Premium maj\u0105 do dyspozycji 300 GB pami\u0119ci masowej, z kt\u00f3rej mog\u0105 swobodnie korzysta\u0107. Zar\u00f3wno w przypadku film\u00f3w wideo, jak i prostych dokument\u00f3w do pracy i szko\u0142y, konto 4share Premium daje u\u017cytkownikom du\u017co miejsca na przechowywanie danych. Filmy lub inne no\u015bniki mog\u0105 by\u0107 przechowywane bez konieczno\u015bci martwienia si\u0119 o limit pami\u0119ci masowej, podczas gdy u\u017cytkownicy kont darmowych maj\u0105 ograniczone mo\u017cliwo\u015bci przechowywania.<\/p>\n\n\n\n<ul><li>Dyrektor Katalogu<\/li><\/ul>\n\n\n\n<p>U\u017cytkownicy, kt\u00f3rzy korzystaj\u0105 z w\u0142asnych kont 4share Premium, maj\u0105 do dyspozycji jeszcze jedn\u0105 p\u0142ynn\u0105 funkcj\u0119 &#8211; Directory Manager. DIrectory Manager pozwala na zarz\u0105dzanie i sortowanie wszystkiego, co zosta\u0142o za\u0142adowane do pami\u0119ci masowej. Dost\u0119p do plik\u00f3w i no\u015bnik\u00f3w zawsze i wsz\u0119dzie jest bezproblemowy. Mened\u017cer katalog\u00f3w pozwala na p\u0142ynne i bezproblemowe wyszukiwanie plik\u00f3w.<\/p>\n\n\n\n<ul><li>Ochrona has\u0142em<\/li><\/ul>\n\n\n\n<p>Wszystkie pliki, kt\u00f3re s\u0105 przesy\u0142ane przez u\u017cytkownik\u00f3w konta 4share Premium, s\u0105 chronione has\u0142em. Inni u\u017cytkownicy nie mog\u0105 uzyska\u0107 dost\u0119pu do Twoich plik\u00f3w, je\u015bli nie podasz im has\u0142a. Jest to bardzo praktyczne w przypadku przechowywania plik\u00f3w do pracy lub w\u0142asnych medi\u00f3w, takich jak sztuka i wideo. Darmowy u\u017cytkownik po drugiej stronie ma dost\u0119p do swoich plik\u00f3w innym u\u017cytkownikom i mo\u017ce uzyska\u0107 do nich dost\u0119p poprzez ich link. Je\u015bli chcesz chroni\u0107 swoje prywatne pliki, bardzo wskazane jest posiadanie konta 4share Premium. Internet jest pe\u0142en z\u0142o\u015bliwych podmiot\u00f3w, kt\u00f3re d\u0105\u017c\u0105 do kradzie\u017cy plik\u00f3w i innych tre\u015bci. System hase\u0142 4share Premium ca\u0142kowicie eliminuje mo\u017cliwo\u015b\u0107 takiego zagro\u017cenia dla ich u\u017cytkownik\u00f3w.<\/p>\n\n\n\n<ul><li>Bezpo\u015brednie po\u0142\u0105czenie<\/li><\/ul>\n\n\n<a class=\"maxbutton-2 maxbutton maxbutton-cta\" target=\"_blank\" rel=\"nofollow noopener\" href=\"\/go\/\"><span class='mb-text'>&gt;&gt; Przejd\u017a do oryginalnej strony internetowej Linkifier <\/span><\/a>\n\n\n<p><\/p>\n\n\n\n<p>Udost\u0119pnianie plik\u00f3w za pomoc\u0105 4share Premium odbywa si\u0119 za pomoc\u0105 bezpo\u015brednich link\u00f3w. Otrzymujesz link do swojego pliku, kt\u00f3ry chcesz udost\u0119pni\u0107 i po prostu wy\u015blij go do drugiej osoby, z kt\u00f3r\u0105 chcesz si\u0119 nim podzieli\u0107. Mo\u017cesz r\u00f3wnie\u017c do\u0142\u0105czy\u0107 has\u0142o dla bezpieczniejszego udost\u0119pniania.<\/p>\n\n\n\n<ul><li>Tania miesi\u0119czna subskrypcja<\/li><\/ul>\n\n\n\n<p>4share Premium ma najni\u017csz\u0105 op\u0142at\u0119 abonamentow\u0105 w ka\u017cdej us\u0142udze hostingu plik\u00f3w w sieci. Z tylko oko\u0142o 50.000 VND lub 2,20 dolar\u00f3w miesi\u0119cznie, ka\u017cda dana funkcja konta 4share Premium jest \u0142atwo dost\u0119pna dla Ciebie do wykorzystania. Inne us\u0142ugi hostingu plik\u00f3w mo\u017ce kosztowa\u0107 do ponad 250 dolar\u00f3w miesi\u0119cznie, nawet je\u015bli funkcje i jako\u015b\u0107 us\u0142ug s\u0105 prawie identyczne z 4share. 4share ma na celu da\u0107 swoim u\u017cytkownikom ta\u0144sz\u0105 alternatyw\u0119 dla konwencjonalnego hostingu plik\u00f3w i z dodatkow\u0105 funkcj\u0105. Je\u015bli jeste\u015b studentem lub w\u0142a\u015bcicielem ma\u0142ej firmy, kt\u00f3ry potrzebuje dost\u0119pu do swoich plik\u00f3w i medi\u00f3w w dowolnym momencie, ale ma ograniczony bud\u017cet na zarz\u0105dzanie plikami, konto 4share Premium jest stworzone w\u0142a\u015bnie dla Ciebie.<\/p>\n\n\n\n<ul><li>Podr\u0119cznik u\u017cytkownika<\/li><\/ul>\n\n\n\n<p>Dla wygodniejszego u\u017cytkowania, u\u017cytkownicy otrzymuj\u0105 u\u017cyteczny przewodnik, kt\u00f3ry pomaga im lepiej korzysta\u0107 z funkcji i porusza\u0107 si\u0119 po stronie z reklamami aplikacji. Wszystkie potrzebne informacje s\u0105 ju\u017c wymienione w podr\u0119czniku u\u017cytkownika, od pobrania i wgrania, poprzez udost\u0119pnienie link\u00f3w i Systemu Punkt\u00f3w Premiowych. Dost\u0119pne s\u0105 r\u00f3wnie\u017c przewodniki dotycz\u0105ce przed\u0142u\u017cania subskrypcji konta Premium 4share.<\/p>\n\n\n\n<h2>4share Premium Punkty bonusowe<\/h2>\n\n\n\n<p>4share Premium Bonus Points to system nagr\u00f3d dla jego u\u017cytkownik\u00f3w. U\u017cytkownik konta Premium mo\u017ce zdobywa\u0107 punkty poprzez pobieranie i wysy\u0142anie plik\u00f3w. Pobranie plik\u00f3w o pojemno\u015bci 2GB daje 1 punkt lub 10 punkt\u00f3w przepustowo\u015bci. Punkty te mo\u017cna wymieni\u0107 na z\u0142oto (wewn\u0119trzna got\u00f3wka u\u017cyta w aplikacji). Nast\u0119pnie z\u0142oto to mo\u017cna wymieni\u0107 na inne produkty i us\u0142ugi przez 4share. Mo\u017cesz r\u00f3wnie\u017c wykorzysta\u0107 to do rozszerzenia subskrypcji. 40 punkt\u00f3w nagrody to r\u00f3wnowarto\u015b\u0107 1 z\u0142ota. Pliki do pobrania z tego samego pliku s\u0105 jednak zamieniane na punkty tylko 3 razy na godzin\u0119.<\/p>\n\n\n\n<h2>Zarabiaj pieni\u0105dze za pomoc\u0105 Systemu Nagr\u00f3d z Konta Premium 4share<\/h2>\n\n\n\n<p>Czy wiesz, \u017ce Punkty Konta Premium 4share mo\u017cna wymieni\u0107 na got\u00f3wk\u0119? Odpowiednie punkty mo\u017cna wymieni\u0107 na got\u00f3wk\u0119 i wyp\u0142aci\u0107 bezpo\u015brednio na swoje konto bankowe. Jeden punkt Gold mo\u017cna wymieni\u0107 na 300 VND lub $0.015. System ten daje mo\u017cliwo\u015b\u0107 dodatkowego zarobku podczas udost\u0119pniania plik\u00f3w przez Internet. Minimalna kwota wyp\u0142aty wynosi 500.000 lub $21.00.<\/p>\n\n\n\n<p>Nale\u017cy r\u00f3wnie\u017c zauwa\u017cy\u0107, \u017ce System Nagr\u00f3d mo\u017ce by\u0107 co miesi\u0105c poddawany zmianom w celu pe\u0142nej optymalizacji systemu i dalszej poprawy jako\u015bci us\u0142ug.<\/p>\n\n\n\n<h2>Jak wyp\u0142aci\u0107 swoje zarobki z konta 4share Premium Rewards?<\/h2>\n\n\n\n<p>Mo\u017cesz wyp\u0142aci\u0107 swoje zarobki za pomoc\u0105 Systemu Nagr\u00f3d za pomoc\u0105 prostych krok\u00f3w.<\/p>\n\n\n\n<p><strong>Krok 1.<\/strong> Wy\u015blij swoje informacje i numer telefonu do aplikacji.<\/p>\n\n\n\n<p><strong>Krok 2. <\/strong>Poczekaj na potwierdzenie konta.<\/p>\n\n\n\n<p><strong>Krok 3.<\/strong> Poczekaj, a\u017c got\u00f3wka odbije si\u0119 na twoim koncie bankowym.<br><\/p>\n\n\n\n<h2>Dost\u0119pny a 4share Premium Konto<\/h2>\n\n\n\n<p>Konto 4share Premium akceptuje r\u00f3\u017cne rodzaje metod p\u0142atno\u015bci VISA i MasterCard.<\/p>\n\n\n\n<h2>4share Premium Konto VS Konto bezp\u0142atne<\/h2>\n\n\n\n<figure class=\"wp-block-table\"><table class=\"\"><tbody><tr><td>Cechy<\/td><td>4share Premium<\/td><td>Darmowe konto<\/td><\/tr><tr><td>Miesi\u0119czna op\u0142ata abonamentowa<\/td><td>$2.20 \/ 50,000 VND<\/td><td>bezp\u0142atnie<\/td><\/tr><tr><td>Czas przechowywania<\/td><td>30 dni + Bonus<\/td><td>15 dni<\/td><\/tr><tr><td>Szybko\u015b\u0107 pobierania<\/td><td>nieograniczona pr\u0119dko\u015b\u0107<\/td><td>Ograniczony<\/td><\/tr><tr><td>Liczba plik\u00f3w do pobrania<\/td><td>Nieograniczony<\/td><td>pobieranie pojedyncze<\/td><\/tr><tr><td>Wielko\u015b\u0107 magazynu<\/td><td>300GB<\/td><td>Ograniczony<\/td><\/tr><tr><td>Mo\u017cliwo\u015b\u0107 wznowienia<\/td><td>dost\u0119pny<\/td><td>dost\u0119pny<\/td><\/tr><tr><td>Ochrona has\u0142em<\/td><td>dost\u0119pny<\/td><td>dost\u0119pny<\/td><\/tr><tr><td>Czas oczekiwania<\/td><td>Natychmiastowy<\/td><td>kilka sekund<\/td><\/tr><tr><td>Dzienny limit pobierania<\/td><td>500GB na dzie\u0144<\/td><td>Ograniczony<\/td><\/tr><\/tbody><\/table><\/figure>\n\n\n\n<h2>4share Premium: Najta\u0144szy Filehoster w sieci<\/h2>\n\n\n\n<p>4share Premium jest zdecydowanie jednym z najta\u0144szych us\u0142ug hostingu plik\u00f3w w sieci. Za jedyne 2 dolary miesi\u0119cznie, u\u017cytkownik konta Premium mo\u017ce korzysta\u0107 z wielu us\u0142ug i narz\u0119dzi, kt\u00f3re pozwalaj\u0105 mu bezproblemowo zarz\u0105dza\u0107 swoimi plikami. Istniej\u0105 inne us\u0142ugi hostingu plik\u00f3w tam dost\u0119pne, ale wi\u0119kszo\u015b\u0107 z nich pobiera op\u0142at\u0119 za kilkaset dolar\u00f3w za t\u0119 sam\u0105 funkcj\u0119, kt\u00f3r\u0105 4share Premium mo\u017ce da\u0107. A system Uploader Bonus pozwala na zarabianie pieni\u0119dzy po bokach, wi\u0119c o co mo\u017cna prosi\u0107 o lepsz\u0105 ofert\u0119?<\/p>\n\n\n<a class=\"maxbutton-2 maxbutton maxbutton-cta\" target=\"_blank\" rel=\"nofollow noopener\" href=\"\/go\/\"><span class='mb-text'>&gt;&gt; Przejd\u017a do oryginalnej strony internetowej Linkifier <\/span><\/a>\n\n\n<p><\/p>\n","protected":false},"excerpt":{"rendered":"<p>Szukanie wiarygodnego hostera plik\u00f3w w Internecie jest jak szukanie igie\u0142 w stogu siana. Istnieje wiele hoster\u00f3w plik\u00f3w tam, ale nie<\/p>\n","protected":false},"author":2,"featured_media":0,"parent":0,"menu_order":0,"comment_status":"closed","ping_status":"closed","template":"","meta":[],"yoast_head":"<!-- This site is optimized with the Yoast SEO plugin v18.3 - https:\/\/yoast.com\/wordpress\/plugins\/seo\/ -->\n<title>4share Premium Konto - The Filehoster at a Glance<\/title>\n<meta name=\"description\" content=\"Czy 4share jest renomowanym dostawc\u0105 czy nie, odpowied\u017a mo\u017cna znale\u017a\u0107 w aktualnym te\u015bcie na Multihoster.org \u279c Kliknij teraz \u271a aby przeczyta\u0107 nasze do\u015bwiadczenia!\" \/>\n<meta name=\"robots\" content=\"index, follow, max-snippet:-1, max-image-preview:large, max-video-preview:-1\" \/>\n<link rel=\"canonical\" href=\"https:\/\/multihoster.org\/pl\/4share\/\" \/>\n<meta property=\"og:locale\" content=\"pl_PL\" \/>\n<meta property=\"og:type\" content=\"article\" \/>\n<meta property=\"og:title\" content=\"4share Premium Konto - The Filehoster at a Glance\" \/>\n<meta property=\"og:description\" content=\"Czy 4share jest renomowanym dostawc\u0105 czy nie, odpowied\u017a mo\u017cna znale\u017a\u0107 w aktualnym te\u015bcie na Multihoster.org \u279c Kliknij teraz \u271a aby przeczyta\u0107 nasze do\u015bwiadczenia!\" \/>\n<meta property=\"og:url\" content=\"https:\/\/multihoster.org\/pl\/4share\/\" \/>\n<meta property=\"og:site_name\" content=\"Multihoster.org\" \/>\n<meta property=\"article:modified_time\" content=\"2020-03-30T14:06:46+00:00\" \/>\n<meta property=\"og:image\" content=\"https:\/\/lh3.googleusercontent.com\/RrbU4oZEm4QWQKICoZLyymhFtYa8lbr9pXG3GYEgIjcXl-e1SHUFBrLO4GvlZAt1bGGxzdjop4KvAsHTOgT02oisMpTGlnhNxTCtO6KVy24hCDffb1nmnOyrDKLKxgDucv-ks1w\" \/>\n<meta name=\"twitter:card\" content=\"summary\" \/>\n<meta name=\"twitter:label1\" content=\"Szacowany czas czytania\" \/>\n\t<meta name=\"twitter:data1\" content=\"9 minut\" \/>\n<script type=\"application\/ld+json\" class=\"yoast-schema-graph\">{\"@context\":\"https:\/\/schema.org\",\"@graph\":[{\"@type\":\"WebSite\",\"@id\":\"https:\/\/multihoster.org\/#website\",\"url\":\"https:\/\/multihoster.org\/\",\"name\":\"Multihoster.org\",\"description\":\"Reviews of the major Filehosting services\",\"potentialAction\":[{\"@type\":\"SearchAction\",\"target\":{\"@type\":\"EntryPoint\",\"urlTemplate\":\"https:\/\/multihoster.org\/?s={search_term_string}\"},\"query-input\":\"required name=search_term_string\"}],\"inLanguage\":\"pl-PL\"},{\"@type\":\"ImageObject\",\"@id\":\"https:\/\/multihoster.org\/pl\/4share\/#primaryimage\",\"inLanguage\":\"pl-PL\",\"url\":\"https:\/\/lh3.googleusercontent.com\/RrbU4oZEm4QWQKICoZLyymhFtYa8lbr9pXG3GYEgIjcXl-e1SHUFBrLO4GvlZAt1bGGxzdjop4KvAsHTOgT02oisMpTGlnhNxTCtO6KVy24hCDffb1nmnOyrDKLKxgDucv-ks1w\",\"contentUrl\":\"https:\/\/lh3.googleusercontent.com\/RrbU4oZEm4QWQKICoZLyymhFtYa8lbr9pXG3GYEgIjcXl-e1SHUFBrLO4GvlZAt1bGGxzdjop4KvAsHTOgT02oisMpTGlnhNxTCtO6KVy24hCDffb1nmnOyrDKLKxgDucv-ks1w\"},{\"@type\":\"WebPage\",\"@id\":\"https:\/\/multihoster.org\/pl\/4share\/#webpage\",\"url\":\"https:\/\/multihoster.org\/pl\/4share\/\",\"name\":\"4share Premium Konto - The Filehoster at a Glance\",\"isPartOf\":{\"@id\":\"https:\/\/multihoster.org\/#website\"},\"primaryImageOfPage\":{\"@id\":\"https:\/\/multihoster.org\/pl\/4share\/#primaryimage\"},\"datePublished\":\"2020-03-20T16:34:43+00:00\",\"dateModified\":\"2020-03-30T14:06:46+00:00\",\"description\":\"Czy 4share jest renomowanym dostawc\u0105 czy nie, odpowied\u017a mo\u017cna znale\u017a\u0107 w aktualnym te\u015bcie na Multihoster.org \u279c Kliknij teraz \u271a aby przeczyta\u0107 nasze do\u015bwiadczenia!\",\"breadcrumb\":{\"@id\":\"https:\/\/multihoster.org\/pl\/4share\/#breadcrumb\"},\"inLanguage\":\"pl-PL\",\"potentialAction\":[{\"@type\":\"ReadAction\",\"target\":[\"https:\/\/multihoster.org\/pl\/4share\/\"]}]},{\"@type\":\"BreadcrumbList\",\"@id\":\"https:\/\/multihoster.org\/pl\/4share\/#breadcrumb\",\"itemListElement\":[{\"@type\":\"ListItem\",\"position\":1,\"name\":\"Startseite\",\"item\":\"https:\/\/multihoster.org\/pl\/\"},{\"@type\":\"ListItem\",\"position\":2,\"name\":\"4share Premium Konto: Filehoster W Skr\u00f3cie\"}]}]}<\/script>\n<!-- \/ Yoast SEO plugin. -->","yoast_head_json":{"title":"4share Premium Konto - The Filehoster at a Glance","description":"Czy 4share jest renomowanym dostawc\u0105 czy nie, odpowied\u017a mo\u017cna znale\u017a\u0107 w aktualnym te\u015bcie na Multihoster.org \u279c Kliknij teraz \u271a aby przeczyta\u0107 nasze do\u015bwiadczenia!","robots":{"index":"index","follow":"follow","max-snippet":"max-snippet:-1","max-image-preview":"max-image-preview:large","max-video-preview":"max-video-preview:-1"},"canonical":"https:\/\/multihoster.org\/pl\/4share\/","og_locale":"pl_PL","og_type":"article","og_title":"4share Premium Konto - The Filehoster at a Glance","og_description":"Czy 4share jest renomowanym dostawc\u0105 czy nie, odpowied\u017a mo\u017cna znale\u017a\u0107 w aktualnym te\u015bcie na Multihoster.org \u279c Kliknij teraz \u271a aby przeczyta\u0107 nasze do\u015bwiadczenia!","og_url":"https:\/\/multihoster.org\/pl\/4share\/","og_site_name":"Multihoster.org","article_modified_time":"2020-03-30T14:06:46+00:00","og_image":[{"url":"https:\/\/lh3.googleusercontent.com\/RrbU4oZEm4QWQKICoZLyymhFtYa8lbr9pXG3GYEgIjcXl-e1SHUFBrLO4GvlZAt1bGGxzdjop4KvAsHTOgT02oisMpTGlnhNxTCtO6KVy24hCDffb1nmnOyrDKLKxgDucv-ks1w"}],"twitter_card":"summary","twitter_misc":{"Szacowany czas czytania":"9 minut"},"schema":{"@context":"https:\/\/schema.org","@graph":[{"@type":"WebSite","@id":"https:\/\/multihoster.org\/#website","url":"https:\/\/multihoster.org\/","name":"Multihoster.org","description":"Reviews of the major Filehosting services","potentialAction":[{"@type":"SearchAction","target":{"@type":"EntryPoint","urlTemplate":"https:\/\/multihoster.org\/?s={search_term_string}"},"query-input":"required name=search_term_string"}],"inLanguage":"pl-PL"},{"@type":"ImageObject","@id":"https:\/\/multihoster.org\/pl\/4share\/#primaryimage","inLanguage":"pl-PL","url":"https:\/\/lh3.googleusercontent.com\/RrbU4oZEm4QWQKICoZLyymhFtYa8lbr9pXG3GYEgIjcXl-e1SHUFBrLO4GvlZAt1bGGxzdjop4KvAsHTOgT02oisMpTGlnhNxTCtO6KVy24hCDffb1nmnOyrDKLKxgDucv-ks1w","contentUrl":"https:\/\/lh3.googleusercontent.com\/RrbU4oZEm4QWQKICoZLyymhFtYa8lbr9pXG3GYEgIjcXl-e1SHUFBrLO4GvlZAt1bGGxzdjop4KvAsHTOgT02oisMpTGlnhNxTCtO6KVy24hCDffb1nmnOyrDKLKxgDucv-ks1w"},{"@type":"WebPage","@id":"https:\/\/multihoster.org\/pl\/4share\/#webpage","url":"https:\/\/multihoster.org\/pl\/4share\/","name":"4share Premium Konto - The Filehoster at a Glance","isPartOf":{"@id":"https:\/\/multihoster.org\/#website"},"primaryImageOfPage":{"@id":"https:\/\/multihoster.org\/pl\/4share\/#primaryimage"},"datePublished":"2020-03-20T16:34:43+00:00","dateModified":"2020-03-30T14:06:46+00:00","description":"Czy 4share jest renomowanym dostawc\u0105 czy nie, odpowied\u017a mo\u017cna znale\u017a\u0107 w aktualnym te\u015bcie na Multihoster.org \u279c Kliknij teraz \u271a aby przeczyta\u0107 nasze do\u015bwiadczenia!","breadcrumb":{"@id":"https:\/\/multihoster.org\/pl\/4share\/#breadcrumb"},"inLanguage":"pl-PL","potentialAction":[{"@type":"ReadAction","target":["https:\/\/multihoster.org\/pl\/4share\/"]}]},{"@type":"BreadcrumbList","@id":"https:\/\/multihoster.org\/pl\/4share\/#breadcrumb","itemListElement":[{"@type":"ListItem","position":1,"name":"Startseite","item":"https:\/\/multihoster.org\/pl\/"},{"@type":"ListItem","position":2,"name":"4share Premium Konto: Filehoster W Skr\u00f3cie"}]}]}},"_links":{"self":[{"href":"https:\/\/multihoster.org\/pl\/wp-json\/wp\/v2\/pages\/2591"}],"collection":[{"href":"https:\/\/multihoster.org\/pl\/wp-json\/wp\/v2\/pages"}],"about":[{"href":"https:\/\/multihoster.org\/pl\/wp-json\/wp\/v2\/types\/page"}],"author":[{"embeddable":true,"href":"https:\/\/multihoster.org\/pl\/wp-json\/wp\/v2\/users\/2"}],"replies":[{"embeddable":true,"href":"https:\/\/multihoster.org\/pl\/wp-json\/wp\/v2\/comments?post=2591"}],"version-history":[{"count":4,"href":"https:\/\/multihoster.org\/pl\/wp-json\/wp\/v2\/pages\/2591\/revisions"}],"predecessor-version":[{"id":2780,"href":"https:\/\/multihoster.org\/pl\/wp-json\/wp\/v2\/pages\/2591\/revisions\/2780"}],"wp:attachment":[{"href":"https:\/\/multihoster.org\/pl\/wp-json\/wp\/v2\/media?parent=2591"}],"curies":[{"name":"wp","href":"https:\/\/api.w.org\/{rel}","templated":true}]}}