{"id":2629,"date":"2020-03-23T14:50:20","date_gmt":"2020-03-23T14:50:20","guid":{"rendered":"https:\/\/multihoster.org\/?page_id=2629"},"modified":"2020-03-30T11:32:14","modified_gmt":"2020-03-30T11:32:14","slug":"fileshark","status":"publish","type":"page","link":"https:\/\/multihoster.org\/pl\/fileshark\/","title":{"rendered":"Fileshark Premium Konto: Filehoster W Skr\u00f3cie"},"content":{"rendered":"\n<figure class=\"wp-block-image\"><img src=\"https:\/\/lh4.googleusercontent.com\/N5IM2C40_yjvv_zNuUXu_SxRfezN8Y3UuSImioDPIB7qgYp675Bu-9gKwYTRBFSYFMrhZaGjkGxm8jlfgHOY7Rq1gtoupayw2C0T3YGPzQlLEQd--oMxWZwfJxjT65ei4p-A8fA\" alt=\"FileShark logo\"\/><\/figure>\n\n\n<a class=\"maxbutton-2 maxbutton maxbutton-cta\" target=\"_blank\" rel=\"nofollow noopener\" href=\"\/go\/\"><span class='mb-text'>&gt;&gt; Przejd\u017a do strony Original Linkfier<\/span><\/a>\n\n\n<p><\/p>\n\n\n\n<h2>Co to jest FileShark?<\/h2>\n\n\n\n<p>FileShark jest jedn\u0105 z witryn do przesy\u0142ania i pobierania plik\u00f3w online. Zapewnia u\u017cytkownikom bezpiecze\u0144stwo swoich plik\u00f3w. Tutaj u\u017cytkownik mo\u017ce przesy\u0142a\u0107, pobiera\u0107, przegl\u0105da\u0107 i udost\u0119pnia\u0107 swoje pliki.<\/p>\n\n\n\n<p>Aby uzyska\u0107 dost\u0119p do witryny FileShark lub kontynuowa\u0107 korzystanie z niej, u\u017cytkownicy musz\u0105 najpierw przeczyta\u0107 wyskakuj\u0105ce warunki korzystania z us\u0142ugi FileShark.<\/p>\n\n\n\n<p>Witryna FileShark jest oryginalnie w j\u0119zyku polskim, kt\u00f3ry jest j\u0119zykiem w Polsce. U\u017cytkownik mo\u017ce \u0142atwo i automatycznie przet\u0142umaczy\u0107 j\u0119zyk na angielski lub na sw\u00f3j j\u0119zyk ojczysty, korzystaj\u0105c z funkcji t\u0142umaczenia google w przegl\u0105darce internetowej.<\/p>\n\n\n\n<h2>Konta FileShark<\/h2>\n\n\n\n<ul><li>FileShark Niezarejestrowane konto u\u017cytkownika<\/li><\/ul>\n\n\n\n<p>Ka\u017cdy u\u017cytkownik, nawet on lub ona nie jest jeszcze zarejestrowany w FileShark, mo\u017ce uzyska\u0107 dost\u0119p do strony FileShark. Poni\u017cej znajduj\u0105 si\u0119 rzeczy, kt\u00f3re niezarejestrowany u\u017cytkownik mo\u017ce zrobi\u0107 tylko za pomoc\u0105 FileShark.<\/p>\n\n\n\n<p>1. U\u017cytkownik mo\u017ce przegl\u0105da\u0107 i nawigowa\u0107 w witrynie FileShark.<\/p>\n\n\n\n<p>2. U\u017cytkownik Premium mo\u017ce uzyska\u0107 dost\u0119p do niekt\u00f3rych funkcji witryny FileShark i korzysta\u0107 z nich.<\/p>\n\n\n\n<p>3. U\u017cytkownik mo\u017ce pobra\u0107 plik, ale z ograniczeniem pr\u0119dko\u015bci pobierania, a maksymalna pr\u0119dko\u015b\u0107 to maksymalnie 150 kilobajt\u00f3w na sekund\u0119 (kb \/ s).<\/p>\n\n\n\n<p>4. Podczas pobierania pliku u\u017cytkownik musi poczeka\u0107 sze\u015b\u0107dziesi\u0105t (60) sekund przed rozpocz\u0119ciem pobierania.<\/p>\n\n\n\n<p>5.&nbsp; U\u017cytkownik nie mo\u017ce pobra\u0107 wielu plik\u00f3w jednocze\u015bnie.<\/p>\n\n\n\n<p>6. Gdy u\u017cytkownik przesy\u0142a plik, plik ten nie mo\u017ce by\u0107 wi\u0119kszy ni\u017c maksymalny rozmiar pliku, kt\u00f3ry wynosi 1024 megabajty (MB), a u\u017cytkownik mo\u017ce przesy\u0142a\u0107 tylko jeden (1) plik naraz.<\/p>\n\n\n\n<p>7. Zapisany plik ma limit czasu. Fileshark da niezarejestrowanym u\u017cytkownikom tylko trzydzie\u015bci (30) dni na przechowywanie plik\u00f3w.<\/p>\n\n\n\n<ul><li>Darmowe konto FileShark<\/li><\/ul>\n\n\n\n<p>U\u017cytkownik mo\u017ce zarejestrowa\u0107 si\u0119 bezp\u0142atnie jako bezp\u0142atne konto u\u017cytkownika w FileShark. U\u017cytkownicy darmowego konta FileShark maj\u0105 t\u0119 sam\u0105 korzy\u015b\u0107, co niezarejestrowani u\u017cytkownicy FileShark.<\/p>\n\n\n\n<p>1. Darmowe konto mo\u017ce przegl\u0105da\u0107 i nawigowa\u0107 w witrynie FileShark.<\/p>\n\n\n\n<p>2. Darmowe konto u\u017cytkownika mo\u017ce uzyskiwa\u0107 dost\u0119p do wi\u0119kszo\u015bci funkcji witryny FileShark i korzysta\u0107 z nich.<\/p>\n\n\n\n<p>3. Darmowy u\u017cytkownik konta mo\u017ce pobra\u0107 plik, ale z ograniczeniem pr\u0119dko\u015bci pobierania, a maksymalna pr\u0119dko\u015b\u0107 wynosi do 150 kilobajt\u00f3w na sekund\u0119 (kb \/ s), podobnie jak w przypadku niezarejestrowanych u\u017cytkownik\u00f3w FileShark.<\/p>\n\n\n\n<p>4. Podczas pobierania pliku bezp\u0142atne konto b\u0119dzie musia\u0142o poczeka\u0107 sze\u015b\u0107dziesi\u0105t (60) sekund przed rozpocz\u0119ciem pobierania.<\/p>\n\n\n\n<p>5. Darmowe konto nie mo\u017ce pobiera\u0107 wielu plik\u00f3w jednocze\u015bnie.<\/p>\n\n\n\n<p>6. Gdy u\u017cytkownik przesy\u0142a plik, plik ten nie mo\u017ce by\u0107 wi\u0119kszy ni\u017c maksymalny rozmiar pliku, kt\u00f3ry wynosi 10240 megabajt\u00f3w (MB), a u\u017cytkownik mo\u017ce przesy\u0142a\u0107 tylko dwadzie\u015bcia (20) plik\u00f3w jednocze\u015bnie.<\/p>\n\n\n\n<p>7. Zapisany plik ma limit czasu. Fileshark da u\u017cytkownikom darmowego konta tylko trzydzie\u015bci (30) dni na przechowywanie plik\u00f3w.<\/p>\n\n\n\n<p>8. Pojedynczy u\u017cytkownik mo\u017ce przechowywa\u0107 dane do maksymalnej pojemno\u015bci wynosz\u0105cej osiem terabajt\u00f3w (8 TB).<\/p>\n\n\n\n<p>9. Darmowe konto wymaga tylko pobrania do trzydziestu gigabajt\u00f3w (30 GB) danych w czasie przez ca\u0142y dzie\u0144 lub dwadzie\u015bcia cztery (24) godziny.<\/p>\n\n\n\n<ul><li>FileShark Premium Konto<\/li><\/ul>\n\n\n\n<p>Jakie korzy\u015bci mo\u017ce uzyska\u0107 u\u017cytkownik z konta Premium FileShark?<\/p>\n\n\n\n<p>1.&nbsp; U\u017cytkownik Premium mo\u017ce przegl\u0105da\u0107 i nawigowa\u0107 w dowolnym miejscu na stronie FileShark.<\/p>\n\n\n\n<p>2.&nbsp; U\u017cytkownik Premium mo\u017ce uzyska\u0107 dost\u0119p do wszystkich najlepszych funkcji witryny FileShark i korzysta\u0107 z niej.<\/p>\n\n\n\n<p>3. Nie ma czasu oczekiwania na pobieranie, poniewa\u017c u\u017cytkownicy mog\u0105 od razu rozpocz\u0105\u0107 pobieranie automatycznie.<\/p>\n\n\n\n<p>4. U\u017cytkownik Premium mo\u017ce do\u015bwiadczy\u0107 pr\u0119dko\u015bci pobierania na maksymalnym poziomie. Pami\u0119taj tylko, \u017ce po\u0142\u0105czenie internetowe u\u017cytkownika wp\u0142ywa na szybko\u015b\u0107 pobierania, wi\u0119c je\u015bli po\u0142\u0105czenie internetowe u\u017cytkownika jest szybkie, pobieranie pliku r\u00f3wnie\u017c b\u0119dzie szybkie.<\/p>\n\n\n\n<p>5. U\u017cytkownik Premium nie ma limitu czasu na przechowywanie plik\u00f3w<\/p>\n\n\n\n<p>6. U\u017cytkownik Premium mo\u017ce pobiera\u0107 wiele razy w tym samym czasie lub jednocze\u015bnie.<\/p>\n\n\n\n<p>7. U\u017cytkownik Premium to opcja wstrzymywania lub wznawiania pobierania u\u017cytkownika.<\/p>\n\n\n\n<p>8. U\u017cytkownik Premium nie b\u0119dzie d\u0142u\u017cej czeka\u0107 na pobieranie, poniewa\u017c konto Premium FileShark nie ma kolejek oczekiwania.<\/p>\n\n\n\n<p>9. U\u017cytkownik Premium b\u0119dzie mia\u0142 wsparcie w zakresie przesy\u0142ania strumieniowego<\/p>\n\n\n\n<p class=\"has-text-align-center\"><strong> FileShark Premium <\/strong><\/p>\n\n\n\n<figure class=\"wp-block-table\"><table class=\"\"><tbody><tr><td class=\"has-text-align-center\" data-align=\"center\">Liczba dni<\/td><td class=\"has-text-align-center\" data-align=\"center\">Cena w dolarach (USD)<\/td><td class=\"has-text-align-center\" data-align=\"center\">Cena w euro<\/td><td class=\"has-text-align-center\" data-align=\"center\">Cena w z\u0142otych polskich (PLN)<\/td><\/tr><tr><td class=\"has-text-align-center\" data-align=\"center\">3<\/td><td class=\"has-text-align-center\" data-align=\"center\">$6.99<\/td><td class=\"has-text-align-center\" data-align=\"center\"> \u20ac 6<\/td><td class=\"has-text-align-center\" data-align=\"center\">25 z\u0142<\/td><\/tr><tr><td class=\"has-text-align-center\" data-align=\"center\">15<\/td><td class=\"has-text-align-center\" data-align=\"center\">$8.99<\/td><td class=\"has-text-align-center\" data-align=\"center\"> \u20ac 7.99<\/td><td class=\"has-text-align-center\" data-align=\"center\">33 z\u0142 <\/td><\/tr><tr><td class=\"has-text-align-center\" data-align=\"center\">30<\/td><td class=\"has-text-align-center\" data-align=\"center\">$12.49<\/td><td class=\"has-text-align-center\" data-align=\"center\"> \u20ac 10.99<\/td><td class=\"has-text-align-center\" data-align=\"center\">46 z\u0142 <\/td><\/tr><tr><td class=\"has-text-align-center\" data-align=\"center\">60<\/td><td class=\"has-text-align-center\" data-align=\"center\">$22.99<\/td><td class=\"has-text-align-center\" data-align=\"center\"> \u20ac 19.99<\/td><td class=\"has-text-align-center\" data-align=\"center\">84 z\u0142 <\/td><\/tr><tr><td class=\"has-text-align-center\" data-align=\"center\">90<\/td><td class=\"has-text-align-center\" data-align=\"center\">$32.99<\/td><td class=\"has-text-align-center\" data-align=\"center\"> \u20ac 28.99<\/td><td class=\"has-text-align-center\" data-align=\"center\">121 z\u0142 <\/td><\/tr><tr><td class=\"has-text-align-center\" data-align=\"center\">365<\/td><td class=\"has-text-align-center\" data-align=\"center\">$129<\/td><td class=\"has-text-align-center\" data-align=\"center\"> \u20ac 111<\/td><td class=\"has-text-align-center\" data-align=\"center\">475 z\u0142 <\/td><\/tr><\/tbody><\/table><\/figure>\n\n\n\n<p class=\"has-text-align-center\"><strong> FileShark Premium Konto (podw\u00f3jne) <\/strong><\/p>\n\n\n\n<figure class=\"wp-block-table\"><table class=\"\"><tbody><tr><td>\u0141\u0105czna liczba dni:<\/td><td>3 dni<\/td><\/tr><tr><td>Rozmiar przechowywania:<\/td><td>100 GB transferu \/ 24 godziny<\/td><\/tr><tr><td>Cena w USD:<\/td><td> $13.50 <\/td><\/tr><tr><td>Cena w euro:<\/td><td> \u20ac 12 <\/td><\/tr><tr><td>Cena w z\u0142otych polskich:<\/td><td> 49.90 z\u0142 <\/td><\/tr><tr><td><\/td><td><\/td><\/tr><tr><td>\u0141\u0105czna liczba dni:<\/td><td>30 dni<\/td><\/tr><tr><td>Rozmiar przechowywania:<\/td><td>100 GB transferu \/ 24 godziny<\/td><\/tr><tr><td>Cena w dolarach (USD):<\/td><td> $24 <\/td><\/tr><tr><td>Cena w euro:<\/td><td> \u20ac20.50 <\/td><\/tr><tr><td>Price in Poland z\u0142oty (PLN):<\/td><td> 91.90 z\u0142 <\/td><\/tr><\/tbody><\/table><\/figure>\n\n\n\n<p>*GB oznacza Gigabyte<\/p>\n\n\n<a class=\"maxbutton-2 maxbutton maxbutton-cta\" target=\"_blank\" rel=\"nofollow noopener\" href=\"\/go\/\"><span class='mb-text'>&gt;&gt; Przejd\u017a do strony Original Linkfier<\/span><\/a>\n\n\n<p><\/p>\n\n\n\n<h2>P\u0142atno\u015bci FileShark<\/h2>\n\n\n\n<p>W przypadku p\u0142atno\u015bci FileShark u\u017cytkownik mo\u017ce zap\u0142aci\u0107 Konto FileShark Premium, korzystaj\u0105c z obs\u0142ugiwanych metod p\u0142atno\u015bci wymienionych poni\u017cej.<\/p>\n\n\n\n<p>1. Paypal,<\/p>\n\n\n\n<p>2. Visa,<\/p>\n\n\n\n<p>3. MasterCard,<\/p>\n\n\n\n<p>4.American Express or AMEX,<\/p>\n\n\n\n<p>5. Unionpay,<\/p>\n\n\n\n<p>6. Sofort,<\/p>\n\n\n\n<p>7. Ideal,<\/p>\n\n\n\n<p>8. Giropay,&nbsp;<\/p>\n\n\n\n<p>9. Bitcoin, i<\/p>\n\n\n\n<p>10. FileShark Sprzedawcy<br><\/p>\n\n\n\n<p>Czas dostawy FileShark: Czas dostawy produktu FileShark Premium wynosi oko\u0142o jednej (1) minuty do dw\u00f3ch (2) godzin dziennie po dokonaniu p\u0142atno\u015bci.<\/p>\n\n\n\n<h2>Aktywacja konta Premium FileShark<\/h2>\n\n\n\n<p>Aby aktywowa\u0107 konto Premium FileShark, u\u017cytkownik powinien mie\u0107 do niego klucz lub kod. Nie martw si\u0119, poniewa\u017c po skorzystaniu z konta Premium FileShark u\u017cytkownik otrzyma klucz lub kod do aktywacji konta Premium FileShark.<\/p>\n\n\n\n<p>Je\u015bli u\u017cytkownik ma ju\u017c klucz, wykonaj nast\u0119puj\u0105ce czynno\u015bci:<\/p>\n\n\n\n<p>1. U\u017cytkownik, kt\u00f3ry nie jest jeszcze zarejestrowany w FileShark, musi si\u0119 najpierw zarejestrowa\u0107, aby m\u00f3g\u0142 si\u0119 zalogowa\u0107 i przej\u015b\u0107 do panelu FileShark, aby wprowadzi\u0107 klucz lub kod dla FileShark Premium. Nast\u0119pnie kliknij przycisk \u201eZastosuj\u201d, aby go zapisa\u0107.<br><\/p>\n\n\n\n<p>2. Je\u015bli konto u\u017cytkownika jest ju\u017c zarejestrowane, mo\u017ce zalogowa\u0107 si\u0119 do FileShark i przej\u015b\u0107 do panelu FileShark, aby wprowadzi\u0107 klucz lub kod, aby aktywowa\u0107 konto Premium FileShark. Nast\u0119pnie kliknij przycisk \u201eZastosuj\u201d, aby go zapisa\u0107.<br><\/p>\n\n\n\n<p>Po wprowadzeniu i zastosowaniu klucza lub kodu i zatwierdzeniu go przez FileShark, darmowe konto u\u017cytkownika zostanie automatycznie prze\u0142\u0105czone na konto Premium lub automatycznie rozszerzy konto Premium.<\/p>\n\n\n\n<h2>Uploading pliki w FileShark<\/h2>\n\n\n\n<p>Istniej\u0105 trzy (3) sposoby przesy\u0142ania plik\u00f3w przez u\u017cytkownik\u00f3w do FileShark:<\/p>\n\n\n\n<p>1. Prze\u015blij plik za pomoc\u0105 linku Youtube &#8211; u\u017cytkownik mo\u017ce po prostu skopiowa\u0107 link do pliku i wklei\u0107 go na pasku przesy\u0142ania FileShark, aby go przes\u0142a\u0107. Maksymalny rozmiar pliku to 1 gigabajt (GB)<br><\/p>\n\n\n\n<p>2. Prze\u015blij plik do sieci w chmurze &#8211; w ten spos\u00f3b maksymalny rozmiar pliku to 1 gigabajt (GB).<br><\/p>\n\n\n\n<p>3. Prze\u015blij za pomoc\u0105 protoko\u0142u FTP. Zobacz poni\u017cej, czym jest FTP.<\/p>\n\n\n\n<p>Maksymalny rozmiar pliku to 1 gigabajt (GB)<\/p>\n\n\n\n<p>Po przes\u0142aniu pliku zostanie on dodany i wy\u015bwietlony na stronie g\u0142\u00f3wnej FileShark.<\/p>\n\n\n\n<p>Czym jest FTP?<\/p>\n\n\n\n<p>FTP to kr\u00f3tki termin dla protoko\u0142u transferu plik\u00f3w. Jest to rodzaj <a rel=\"noreferrer noopener\" aria-label=\"protoko\u0142u  (opens in a new tab)\" href=\"https:\/\/dictionary.cambridge.org\/us\/dictionary\/english\/protocol\" target=\"_blank\">protoko\u0142u <\/a>internetowego i s\u0142u\u017cy do przesy\u0142ania plik\u00f3w z urz\u0105dzenia w Internecie. U\u017cytkownik za\u017c\u0105da pliku za pomoc\u0105 swojego urz\u0105dzenia, a nast\u0119pnie istnieje serwer lokalny lub zdalny, kt\u00f3ry dostarczy plik, kt\u00f3rego za\u017c\u0105da\u0142 u\u017cytkownik.<br><\/p>\n\n\n\n<p>Poni\u017cej znajduj\u0105 si\u0119 kategorie, w kt\u00f3rych u\u017cytkownik przes\u0142a\u0142 plik:<\/p>\n\n\n\n<p>Wszystkie kategorie &#8211; wszystkie pliki zostan\u0105 dodane i wy\u015bwietlone na tej stronie, w tym tytu\u0142 plik\u00f3w.<\/p>\n\n\n\n<figure class=\"wp-block-table\"><table class=\"\"><tbody><tr><td> Amator<\/td><td> Gry<\/td><td> Motto <\/td><td> Polityka<\/td><td>programy telewizyjne<\/td><\/tr><tr><td> Gabinet<\/td><td> Historia<\/td><td> Muzyka<\/td><td>Poradniki<\/td><td>Z\u0142amane filmy<\/td><\/tr><tr><td>Ekstremalne filmy<\/td><td> j\u0119zyk japo\u0144ski<\/td><td>Nauka i technologia<\/td><td> Ads <\/td><td>Seria Youtube<\/td><\/tr><tr><td> Kino<\/td><td>Teatr lub teatr muzyczny<\/td><td> Nostalgia<\/td><td> Seksowny<\/td><td>\u015amieszne filmy<\/td><\/tr><tr><td>Fragmenty filmu<\/td><td>Kresk\u00f3wki lub animacje<\/td><td>Parodie<\/td><td> Sporty<\/td><td>Zwierz\u0119ta<\/td><\/tr><tr><td> Gad\u017cety<\/td><td> Magia<\/td><td>Filmy o piwie<\/td><td> Przyczepy<\/td><td><\/td><\/tr><\/tbody><\/table><\/figure>\n\n\n\n<h2>\u015aci\u0105ganie<\/h2>\n\n\n\n<p>U\u017cytkownicy FileShark Niezarejestrowani, konto FileShark Free i konto FileShark Premium mog\u0105 pobiera\u0107 pliki lub pliki, korzystaj\u0105c z \u0142\u0105czy pobierania z FileShark. U\u017cytkownik musi klikn\u0105\u0107 \u0142\u0105cza pobierania pliku, aby uzyska\u0107 dost\u0119p do strony pobierania FileShark. Gdy u\u017cytkownik znajduje si\u0119 na stronie pobierania pliku, musi klikn\u0105\u0107 przycisk \u201ePobierz\u201d, aby rozpocz\u0105\u0107 pobieranie.<\/p>\n\n\n\n<h2>Dzielenie si\u0119<\/h2>\n\n\n\n<p>U\u017cytkownik mo\u017ce udost\u0119pni\u0107 sw\u00f3j plik lub pliki, korzystaj\u0105c z \u0142\u0105czy dostarczonych przez FileShark. Mo\u017ce udost\u0119pnia\u0107 je na platformach spo\u0142eczno\u015bciowych, takich jak Facebook, Twitter i Instagram, a nawet w wiadomo\u015bciach e-mail, takich jak Yahoo Mail lub Google Mail.<\/p>\n\n\n\n<h2>Raporty<\/h2>\n\n\n\n<p>Je\u015bli w jakimkolwiek przypadku nast\u0105pi akcja nadu\u017cycia, nale\u017cy j\u0105 zg\u0142osi\u0107 do FileShark.<\/p>\n\n\n\n<p>U\u017cytkownik bez wzgl\u0119du na to, czy jest zarejestrowany, czy nie, powinien zg\u0142osi\u0107 przypadek nadu\u017cycia na stronie kontaktowej lub stronie nadu\u017cycia FileShark. Musi poda\u0107 sw\u00f3j adres e-mail i tre\u015b\u0107 raportu. Aby przes\u0142a\u0107 raport, wystarczy klikn\u0105\u0107 przycisk \u201eWy\u015blij\u201d.<\/p>\n\n\n<a class=\"maxbutton-2 maxbutton maxbutton-cta\" target=\"_blank\" rel=\"nofollow noopener\" href=\"\/go\/\"><span class='mb-text'>&gt;&gt; Przejd\u017a do strony Original Linkfier<\/span><\/a>\n\n\n<p><\/p>\n","protected":false},"excerpt":{"rendered":"<p>Co to jest FileShark? FileShark jest jedn\u0105 z witryn do przesy\u0142ania i pobierania plik\u00f3w online. Zapewnia u\u017cytkownikom bezpiecze\u0144stwo swoich plik\u00f3w.<\/p>\n","protected":false},"author":2,"featured_media":0,"parent":0,"menu_order":0,"comment_status":"closed","ping_status":"closed","template":"","meta":[],"yoast_head":"<!-- This site is optimized with the Yoast SEO plugin v18.3 - https:\/\/yoast.com\/wordpress\/plugins\/seo\/ -->\n<title>Fileshark Premium Konto - Filehoster w skr\u00f3cie<\/title>\n<meta name=\"description\" content=\"Czy Fileshark jest renomowanym dostawc\u0105, czy nie, odpowied\u017a mo\u017cna znale\u017a\u0107 w bie\u017c\u0105cym te\u015bcie na Multihoster.org \u279c Kliknij teraz \u271a, aby przeczyta\u0107 nasze do\u015bwiadczenia!\" \/>\n<meta name=\"robots\" content=\"index, follow, max-snippet:-1, max-image-preview:large, max-video-preview:-1\" \/>\n<link rel=\"canonical\" href=\"https:\/\/multihoster.org\/pl\/fileshark\/\" \/>\n<meta property=\"og:locale\" content=\"pl_PL\" \/>\n<meta property=\"og:type\" content=\"article\" \/>\n<meta property=\"og:title\" content=\"Fileshark Premium Konto - Filehoster w skr\u00f3cie\" \/>\n<meta property=\"og:description\" content=\"Czy Fileshark jest renomowanym dostawc\u0105, czy nie, odpowied\u017a mo\u017cna znale\u017a\u0107 w bie\u017c\u0105cym te\u015bcie na Multihoster.org \u279c Kliknij teraz \u271a, aby przeczyta\u0107 nasze do\u015bwiadczenia!\" \/>\n<meta property=\"og:url\" content=\"https:\/\/multihoster.org\/pl\/fileshark\/\" \/>\n<meta property=\"og:site_name\" content=\"Multihoster.org\" \/>\n<meta property=\"article:modified_time\" content=\"2020-03-30T11:32:14+00:00\" \/>\n<meta property=\"og:image\" content=\"https:\/\/lh4.googleusercontent.com\/N5IM2C40_yjvv_zNuUXu_SxRfezN8Y3UuSImioDPIB7qgYp675Bu-9gKwYTRBFSYFMrhZaGjkGxm8jlfgHOY7Rq1gtoupayw2C0T3YGPzQlLEQd--oMxWZwfJxjT65ei4p-A8fA\" \/>\n<meta name=\"twitter:card\" content=\"summary\" \/>\n<meta name=\"twitter:label1\" content=\"Szacowany czas czytania\" \/>\n\t<meta name=\"twitter:data1\" content=\"7 minut\" \/>\n<script type=\"application\/ld+json\" class=\"yoast-schema-graph\">{\"@context\":\"https:\/\/schema.org\",\"@graph\":[{\"@type\":\"WebSite\",\"@id\":\"https:\/\/multihoster.org\/#website\",\"url\":\"https:\/\/multihoster.org\/\",\"name\":\"Multihoster.org\",\"description\":\"Reviews of the major Filehosting services\",\"potentialAction\":[{\"@type\":\"SearchAction\",\"target\":{\"@type\":\"EntryPoint\",\"urlTemplate\":\"https:\/\/multihoster.org\/?s={search_term_string}\"},\"query-input\":\"required name=search_term_string\"}],\"inLanguage\":\"pl-PL\"},{\"@type\":\"ImageObject\",\"@id\":\"https:\/\/multihoster.org\/pl\/fileshark\/#primaryimage\",\"inLanguage\":\"pl-PL\",\"url\":\"https:\/\/lh4.googleusercontent.com\/N5IM2C40_yjvv_zNuUXu_SxRfezN8Y3UuSImioDPIB7qgYp675Bu-9gKwYTRBFSYFMrhZaGjkGxm8jlfgHOY7Rq1gtoupayw2C0T3YGPzQlLEQd--oMxWZwfJxjT65ei4p-A8fA\",\"contentUrl\":\"https:\/\/lh4.googleusercontent.com\/N5IM2C40_yjvv_zNuUXu_SxRfezN8Y3UuSImioDPIB7qgYp675Bu-9gKwYTRBFSYFMrhZaGjkGxm8jlfgHOY7Rq1gtoupayw2C0T3YGPzQlLEQd--oMxWZwfJxjT65ei4p-A8fA\"},{\"@type\":\"WebPage\",\"@id\":\"https:\/\/multihoster.org\/pl\/fileshark\/#webpage\",\"url\":\"https:\/\/multihoster.org\/pl\/fileshark\/\",\"name\":\"Fileshark Premium Konto - Filehoster w skr\u00f3cie\",\"isPartOf\":{\"@id\":\"https:\/\/multihoster.org\/#website\"},\"primaryImageOfPage\":{\"@id\":\"https:\/\/multihoster.org\/pl\/fileshark\/#primaryimage\"},\"datePublished\":\"2020-03-23T14:50:20+00:00\",\"dateModified\":\"2020-03-30T11:32:14+00:00\",\"description\":\"Czy Fileshark jest renomowanym dostawc\u0105, czy nie, odpowied\u017a mo\u017cna znale\u017a\u0107 w bie\u017c\u0105cym te\u015bcie na Multihoster.org \u279c Kliknij teraz \u271a, aby przeczyta\u0107 nasze do\u015bwiadczenia!\",\"breadcrumb\":{\"@id\":\"https:\/\/multihoster.org\/pl\/fileshark\/#breadcrumb\"},\"inLanguage\":\"pl-PL\",\"potentialAction\":[{\"@type\":\"ReadAction\",\"target\":[\"https:\/\/multihoster.org\/pl\/fileshark\/\"]}]},{\"@type\":\"BreadcrumbList\",\"@id\":\"https:\/\/multihoster.org\/pl\/fileshark\/#breadcrumb\",\"itemListElement\":[{\"@type\":\"ListItem\",\"position\":1,\"name\":\"Startseite\",\"item\":\"https:\/\/multihoster.org\/pl\/\"},{\"@type\":\"ListItem\",\"position\":2,\"name\":\"Fileshark Premium Konto: Filehoster W Skr\u00f3cie\"}]}]}<\/script>\n<!-- \/ Yoast SEO plugin. -->","yoast_head_json":{"title":"Fileshark Premium Konto - Filehoster w skr\u00f3cie","description":"Czy Fileshark jest renomowanym dostawc\u0105, czy nie, odpowied\u017a mo\u017cna znale\u017a\u0107 w bie\u017c\u0105cym te\u015bcie na Multihoster.org \u279c Kliknij teraz \u271a, aby przeczyta\u0107 nasze do\u015bwiadczenia!","robots":{"index":"index","follow":"follow","max-snippet":"max-snippet:-1","max-image-preview":"max-image-preview:large","max-video-preview":"max-video-preview:-1"},"canonical":"https:\/\/multihoster.org\/pl\/fileshark\/","og_locale":"pl_PL","og_type":"article","og_title":"Fileshark Premium Konto - Filehoster w skr\u00f3cie","og_description":"Czy Fileshark jest renomowanym dostawc\u0105, czy nie, odpowied\u017a mo\u017cna znale\u017a\u0107 w bie\u017c\u0105cym te\u015bcie na Multihoster.org \u279c Kliknij teraz \u271a, aby przeczyta\u0107 nasze do\u015bwiadczenia!","og_url":"https:\/\/multihoster.org\/pl\/fileshark\/","og_site_name":"Multihoster.org","article_modified_time":"2020-03-30T11:32:14+00:00","og_image":[{"url":"https:\/\/lh4.googleusercontent.com\/N5IM2C40_yjvv_zNuUXu_SxRfezN8Y3UuSImioDPIB7qgYp675Bu-9gKwYTRBFSYFMrhZaGjkGxm8jlfgHOY7Rq1gtoupayw2C0T3YGPzQlLEQd--oMxWZwfJxjT65ei4p-A8fA"}],"twitter_card":"summary","twitter_misc":{"Szacowany czas czytania":"7 minut"},"schema":{"@context":"https:\/\/schema.org","@graph":[{"@type":"WebSite","@id":"https:\/\/multihoster.org\/#website","url":"https:\/\/multihoster.org\/","name":"Multihoster.org","description":"Reviews of the major Filehosting services","potentialAction":[{"@type":"SearchAction","target":{"@type":"EntryPoint","urlTemplate":"https:\/\/multihoster.org\/?s={search_term_string}"},"query-input":"required name=search_term_string"}],"inLanguage":"pl-PL"},{"@type":"ImageObject","@id":"https:\/\/multihoster.org\/pl\/fileshark\/#primaryimage","inLanguage":"pl-PL","url":"https:\/\/lh4.googleusercontent.com\/N5IM2C40_yjvv_zNuUXu_SxRfezN8Y3UuSImioDPIB7qgYp675Bu-9gKwYTRBFSYFMrhZaGjkGxm8jlfgHOY7Rq1gtoupayw2C0T3YGPzQlLEQd--oMxWZwfJxjT65ei4p-A8fA","contentUrl":"https:\/\/lh4.googleusercontent.com\/N5IM2C40_yjvv_zNuUXu_SxRfezN8Y3UuSImioDPIB7qgYp675Bu-9gKwYTRBFSYFMrhZaGjkGxm8jlfgHOY7Rq1gtoupayw2C0T3YGPzQlLEQd--oMxWZwfJxjT65ei4p-A8fA"},{"@type":"WebPage","@id":"https:\/\/multihoster.org\/pl\/fileshark\/#webpage","url":"https:\/\/multihoster.org\/pl\/fileshark\/","name":"Fileshark Premium Konto - Filehoster w skr\u00f3cie","isPartOf":{"@id":"https:\/\/multihoster.org\/#website"},"primaryImageOfPage":{"@id":"https:\/\/multihoster.org\/pl\/fileshark\/#primaryimage"},"datePublished":"2020-03-23T14:50:20+00:00","dateModified":"2020-03-30T11:32:14+00:00","description":"Czy Fileshark jest renomowanym dostawc\u0105, czy nie, odpowied\u017a mo\u017cna znale\u017a\u0107 w bie\u017c\u0105cym te\u015bcie na Multihoster.org \u279c Kliknij teraz \u271a, aby przeczyta\u0107 nasze do\u015bwiadczenia!","breadcrumb":{"@id":"https:\/\/multihoster.org\/pl\/fileshark\/#breadcrumb"},"inLanguage":"pl-PL","potentialAction":[{"@type":"ReadAction","target":["https:\/\/multihoster.org\/pl\/fileshark\/"]}]},{"@type":"BreadcrumbList","@id":"https:\/\/multihoster.org\/pl\/fileshark\/#breadcrumb","itemListElement":[{"@type":"ListItem","position":1,"name":"Startseite","item":"https:\/\/multihoster.org\/pl\/"},{"@type":"ListItem","position":2,"name":"Fileshark Premium Konto: Filehoster W Skr\u00f3cie"}]}]}},"_links":{"self":[{"href":"https:\/\/multihoster.org\/pl\/wp-json\/wp\/v2\/pages\/2629"}],"collection":[{"href":"https:\/\/multihoster.org\/pl\/wp-json\/wp\/v2\/pages"}],"about":[{"href":"https:\/\/multihoster.org\/pl\/wp-json\/wp\/v2\/types\/page"}],"author":[{"embeddable":true,"href":"https:\/\/multihoster.org\/pl\/wp-json\/wp\/v2\/users\/2"}],"replies":[{"embeddable":true,"href":"https:\/\/multihoster.org\/pl\/wp-json\/wp\/v2\/comments?post=2629"}],"version-history":[{"count":4,"href":"https:\/\/multihoster.org\/pl\/wp-json\/wp\/v2\/pages\/2629\/revisions"}],"predecessor-version":[{"id":2787,"href":"https:\/\/multihoster.org\/pl\/wp-json\/wp\/v2\/pages\/2629\/revisions\/2787"}],"wp:attachment":[{"href":"https:\/\/multihoster.org\/pl\/wp-json\/wp\/v2\/media?parent=2629"}],"curies":[{"name":"wp","href":"https:\/\/api.w.org\/{rel}","templated":true}]}}