{"id":2656,"date":"2020-03-24T10:34:50","date_gmt":"2020-03-24T10:34:50","guid":{"rendered":"https:\/\/multihoster.org\/?page_id=2656"},"modified":"2020-03-30T11:39:04","modified_gmt":"2020-03-30T11:39:04","slug":"filespace","status":"publish","type":"page","link":"https:\/\/multihoster.org\/pl\/filespace\/","title":{"rendered":"FileSpace Premium Konto: Filehoster W Skr\u00f3cie"},"content":{"rendered":"\n<figure class=\"wp-block-image\"><img src=\"https:\/\/lh4.googleusercontent.com\/ZlNxd9tp6QAC8NYVn7sS81txC1GN292jtBZXWzo5HeZmw7cG-D62mGS9VIPg_g9wXTN3YgBUTKdFfpRXi1ks9dHqy8SQs1OU77XHIIGd4BKzqx0H0b5sP_VAu_TudblE8pKPbSA\" alt=\"FileSpace logo\"\/><\/figure>\n\n\n\n<p>Witryna FileSpace jest uwa\u017cana za jednego z najlepszych dostawc\u00f3w hostingu plik\u00f3w na \u015bwiecie. Znajduje si\u0119 w Bayside Ltd, 112 Bonadie Street, Kingstown, w kraju St. Vincent i Grenadyny.<\/p>\n\n\n\n<p>FileSpace zwi\u0119kszy\u0142 liczb\u0119 swoich serwer\u00f3w, aby zapewni\u0107 wi\u0119cej ni\u017c wystarczaj\u0105c\u0105 ilo\u015b\u0107 miejsca do przechowywania dla swoich u\u017cytkownik\u00f3w lub klient\u00f3w. Oferuje r\u00f3wnie\u017c miejsce do przechowywania online, aby u\u0142atwi\u0107 przesy\u0142anie, udost\u0119pnianie i przechowywanie pliku lub plik\u00f3w.<\/p>\n\n\n\n<p>Ponadto strona FileSpace zapewnia u\u017cytkownikom przesy\u0142anie, pobieranie, udost\u0119pnianie i przechowywanie r\u00f3\u017cnych plik\u00f3w online. Dzi\u0119ki FileSpace u\u017cytkownik mo\u017ce zawsze \u0142atwo i szybko uzyskiwa\u0107 dost\u0119p do swoich plik\u00f3w i zarz\u0105dza\u0107 nimi zawsze, gdy tego potrzebuje i gdziekolwiek jest: w pracy, w szkole, w domu, w centrach handlowych, w restauracjach, a nawet w samochodzie. Obs\u0142uguje tak\u017ce funkcj\u0119 przesy\u0142ania z przesy\u0142aniem <a rel=\"noreferrer noopener\" aria-label=\"Protok\u00f3\u0142 Przesy\u0142ania Plik\u00f3w (opens in a new tab)\" href=\"https:\/\/www.webopedia.com\/TERM\/F\/ftp.html\" target=\"_blank\">Protok\u00f3\u0142 Przesy\u0142ania Plik\u00f3w<\/a> lub FTP, przesy\u0142aniem przez Internet i przesy\u0142aniem zdalnym.<br><\/p>\n\n\n\n<p>Witryna FileSpace jest obs\u0142ugiwana w r\u00f3\u017cnych j\u0119zykach; s\u0105 to angielski, niemiecki, indonezyjski, hiszpa\u0144ski, tajski, francuski, turecki, arabski, rosyjski, japo\u0144ski, polski, holenderski i hebrajski. U\u017cytkownik mo\u017ce prze\u0142\u0105cza\u0107 si\u0119 na te r\u00f3\u017cne j\u0119zyki zgodnie z tym, co rozumie.<\/p>\n\n\n<a class=\"maxbutton-2 maxbutton maxbutton-cta\" target=\"_blank\" rel=\"nofollow noopener\" href=\"\/go\/\"><span class='mb-text'>&gt;&gt; Przejd\u017a do strony Original Linkfier<\/span><\/a>\n\n\n<p><\/p>\n\n\n\n<h2>Dwie funkcje FileSpace<\/h2>\n\n\n\n<h3>Funkcja sprawdzania \u0142\u0105czy w FileSpace<\/h3>\n\n\n\n<p>FileSpace ma funkcj\u0119 o nazwie Link Checker, kt\u00f3ra s\u0142u\u017cy do sprawdzania Uniform Resource Locator lub URL Link do pliku lub plik\u00f3w, je\u015bli s\u0105 one dost\u0119pne w bazie danych i na serwerze FileSpace.<\/p>\n\n\n\n<p>Aby sprawdzi\u0107, czy plik jest dost\u0119pny, po prostu umie\u015b\u0107 link URL pliku w polu Link Checker (sp\u00f3jrz na zdj\u0119cie poni\u017cej) i kliknij przycisk \u201eCheck URLs\u201d, aby go przes\u0142a\u0107. Nast\u0119pnie system FileSpace automatycznie sprawdzi go za Ciebie.<br><\/p>\n\n\n\n<figure class=\"wp-block-image\"><img src=\"https:\/\/lh3.googleusercontent.com\/ct8ssgeQ3Tc9slZLlOKbro7K0knCMN1O8xlIF94jUoU6tVLnxtN1LdhRt7zSuYr0t2ojlR3V3Vhl_2uG9mxGjpziKHk6CzySYdQJPRNs-6mzsde67spjnW8C7LGrcRxT7-IPlnI\" alt=\"FileSpace Link Checker - URL field\"\/><\/figure>\n\n\n\n<h3>Funkcja odzyskiwania has\u0142a FileSpace<\/h3>\n\n\n\n<p>U\u017cytkownik FileSpace mo\u017ce czasami zapomnie\u0107 has\u0142a do konta, ale nie musi si\u0119 martwi\u0107, poniewa\u017c FileSpace ma funkcj\u0119 zwan\u0105 Odzyskiwanie has\u0142a, aby odzyska\u0107 has\u0142o do konta swoich u\u017cytkownik\u00f3w.<\/p>\n\n\n\n<p>Jakie s\u0105 szczeg\u00f3\u0142y potrzebne u\u017cytkownikowi do odzyskiwania has\u0142a?<\/p>\n\n\n\n<ul><li>Nazwa u\u017cytkownika lub adres e-mail u\u017cytkownika FileSpace. (Upewnij si\u0119, \u017ce wprowadzony adres e-mail jest prawid\u0142owy i aktywny, aby otrzyma\u0107 wiadomo\u015b\u0107 e-mail z FileSpace.)<\/li><li><a rel=\"noreferrer noopener\" aria-label=\"CAPTCHA  (opens in a new tab)\" href=\"https:\/\/en.wikipedia.org\/wiki\/CAPTCHA\" target=\"_blank\">CAPTCHA <\/a>jest potrzebny do poprawnego dzia\u0142ania.<\/li><\/ul>\n\n\n\n<p>Aby FileSpace wys\u0142a\u0142 nowe has\u0142o do odzyskania na adres e-mail u\u017cytkownika, powinien klikn\u0105\u0107 przycisk \u201eZresetuj moje has\u0142o\u201d, aby przes\u0142a\u0107 pro\u015bb\u0119 o odzyskanie has\u0142a.<\/p>\n\n\n\n<p>U\u017cytkownik powinien sprawdzi\u0107 swoje foldery e-mail (Skrzynka odbiorcza, Spam lub Spam) pod k\u0105tem komunikatu odzyskiwania has\u0142a FileSpace. U\u017cytkownik mo\u017ce zmieni\u0107 swoje nowe has\u0142o wys\u0142ane przez FileSpace w ustawieniach swojego konta w witrynie FileSpace.<\/p>\n\n\n\n<h2>Funkcje kont FileSpace<\/h2>\n\n\n\n<p>FileSpace ma dwa r\u00f3\u017cne typy kont. S\u0105 to zwyk\u0142e konto FileSpace i konto Premium FileSpace. Zobacz poni\u017csz\u0105 tabel\u0119, aby pozna\u0107 r\u00f3\u017cnic\u0119 mi\u0119dzy dwoma typami kont FileSpace.<\/p>\n\n\n\n<figure class=\"wp-block-table\"><table class=\"\"><tbody><tr><td>R\u00f3\u017cne funkcje FileSpace<\/td><td>R\u00f3\u017cne typy kont FileSpace<\/td><\/tr><tr><td>Zwyk\u0142e konto<\/td><td>\u22c6 Rachunek Premium<\/td><\/tr><tr><td>Szybko\u015b\u0107 pobierania pliku<\/td><td>Sto kilobajt\u00f3w na sekund\u0119 (100 KB \/ s)<\/td><td>bezgraniczny<\/td><\/tr><tr><td>Czas rozpocz\u0119cia pobierania<\/td><td>Pobieranie rozpocznie si\u0119 po sze\u015b\u0107dziesi\u0119ciu (60) sekundach<\/td><td>Pobieranie rozpocznie si\u0119 natychmiast<\/td><\/tr><tr><td>Ile plik\u00f3w mo\u017cna pobra\u0107?<\/td><td>Mo\u017cna pobra\u0107 tylko jeden plik na raz<\/td><td>Mo\u017ce pobiera\u0107 kilka liczb plik\u00f3w jednocze\u015bnie<\/td><\/tr><tr><td>Jak d\u0142ugo mo\u017cna przechowywa\u0107 plik?<\/td><td>Pliki mog\u0105 by\u0107 przechowywane przez dok\u0142adnie sze\u015b\u0107dziesi\u0105t (60) dni po ostatnim pobraniu<\/td><td>bezgraniczny<\/td><\/tr><tr><td>Ile miejsca na przechowywanie?<\/td><td>Pi\u0119\u0107dziesi\u0105t gigabajt\u00f3w (50 GB) lub Pi\u0119\u0107dziesi\u0105t tysi\u0119cy megabajt\u00f3w (50000 MB)<\/td><td>Pi\u0119\u0107set gigabajt\u00f3w (500 GB) lub Pi\u0119\u0107set tysi\u0119cy megabajt\u00f3w (500000 MB)<\/td><\/tr><tr><td>Czy u\u017cytkownik mo\u017ce pobra\u0107 plik bezpo\u015brednio?<\/td><td><strong>X<\/strong><\/td><td>\u2714&nbsp;<\/td><\/tr><tr><td>Czy u\u017cytkownik mo\u017ce przes\u0142a\u0107 plik przy u\u017cyciu protoko\u0142u transferu plik\u00f3w lub FTP?<\/td><td><strong>X<\/strong><\/td><td>\u2714<\/td><\/tr><tr><td>Czy u\u017cytkownik mo\u017ce przes\u0142a\u0107 plik zdalnie?<\/td><td><strong>X<\/strong><\/td><td>\u2714<\/td><\/tr><tr><td>Przesy\u0142anie do sieci<\/td><td>\u2714<\/td><td>\u2714<\/td><\/tr><tr><td>Zawiera reklamy<\/td><td>\u2714<\/td><td><strong>X<\/strong><\/td><\/tr><\/tbody><\/table><\/figure>\n\n\n\n<p><\/p>\n\n\n\n<h2>Pakiety kont FileSpace Premium<\/h2>\n\n\n\n<p>FileSpace ma r\u00f3\u017cne plany dotycz\u0105ce konta Premium FileSpace. Cena planu zale\u017cy od liczby dni. Zobacz poni\u017csz\u0105 tabel\u0119.<\/p>\n\n\n\n<figure class=\"wp-block-table\"><table class=\"\"><tbody><tr><td><strong>Plany kont FileSpace Premium<\/strong><\/td><\/tr><tr><td>Ile dni?<\/td><td>Jaka jest tego cena?<\/td><\/tr><tr><td>30 dni<\/td><td>13.71 USD<\/td><\/tr><tr><td>90 dni <\/td><td>34.92 USD<\/td><\/tr><tr><td>330 dni <\/td><td>97.54 USD<\/td><\/tr><\/tbody><\/table><\/figure>\n\n\n<a class=\"maxbutton-2 maxbutton maxbutton-cta\" target=\"_blank\" rel=\"nofollow noopener\" href=\"\/go\/\"><span class='mb-text'>&gt;&gt; Przejd\u017a do strony Original Linkfier<\/span><\/a>\n\n\n<p><\/p>\n\n\n\n<h2>Metody p\u0142atno\u015bci FileSpace<\/h2>\n\n\n\n<p>Opcje systemu p\u0142atno\u015bci FileSpace zosta\u0142y zaktualizowane, aby u\u017cytkownicy mieli wi\u0119cej opcji i wygod\u0119 w op\u0142acaniu plan\u00f3w kont FileShare Premium. Nie trzeba si\u0119 wi\u0119c martwi\u0107, poniewa\u017c p\u0142atno\u015b\u0107 tutaj w FileSpace jest bardzo dok\u0142adna i niezawodna.<\/p>\n\n\n\n<figure class=\"wp-block-table\"><table class=\"\"><tbody><tr><td><strong>Jak zap\u0142aci\u0107 abonament Premium FileSpace?<\/strong><\/td><\/tr><tr><td>Credit cards (Visa and MasterCard)<\/td><td>Web Money Transfer or WMZ<\/td><td>Sofort Banking<\/td><\/tr><tr><td>PayPal<\/td><td>QIWI wallet and Digital wallets<\/td><td>PaySafeCard<\/td><\/tr><tr><td>Bitcoin, Ripple, Litecoin, and Ethereum<\/td><td>AdvCash<\/td><td>CashU<\/td><\/tr><tr><td>Skrill<\/td><td>TrustPay (Internet Banking)<\/td><td>AliPay<\/td><\/tr><tr><td>Taobao.com<\/td><td>Interkassa<\/td><td>Oficjalni sprzedawcy FileSpace<\/td><\/tr><\/tbody><\/table><\/figure>\n\n\n\n<p>W przypadku klucza konta FileSpace Premium FileSpace ma wielu wiarygodnych sprzedawc\u00f3w. U\u017cytkownik mo\u017ce kupowa\u0107 od tych sprzedawc\u00f3w FileSpace, poniewa\u017c sprzedaj\u0105 klucze do konta Premium FileSpace.<\/p>\n\n\n\n<p>Je\u015bli u\u017cytkownik ma wi\u0119cej pyta\u0144 dotycz\u0105cych p\u0142atno\u015bci oraz plan\u00f3w lub us\u0142ug FileSpace Premium, mo\u017ce skontaktowa\u0107 si\u0119 z obs\u0142ug\u0105 klienta FileSpace, wysy\u0142aj\u0105c wiadomo\u015b\u0107 na sw\u00f3j adres e-mail pod adresem cs@filespace.com.<\/p>\n\n\n\n<h2>Program partnerski FileSpace: zosta\u0144 jednym z partner\u00f3w stowarzyszonych FileSpace!<\/h2>\n\n\n\n<p>FileSpace stworzy\u0142 program o nazwie \u201eProgram partnerski\u201d, kt\u00f3ry daje u\u017cytkownikom lub cz\u0142onkom mo\u017cliwo\u015b\u0107 zarabiania za pomoc\u0105 strony.<\/p>\n\n\n\n<p>Poni\u017cej znajduj\u0105 si\u0119 nast\u0119puj\u0105ce korzy\u015bci, kt\u00f3re u\u017cytkownik lub cz\u0142onek FileSpace mo\u017ce uzyska\u0107, do\u0142\u0105czaj\u0105c do Programu partnerskiego:<\/p>\n\n\n\n<p>&nbsp;&nbsp;\u2022 U\u017cytkownik Filespace mo\u017ce zarobi\u0107 do sze\u015b\u0107dziesi\u0119ciu procent (60%) sprzeda\u017cy Filespace Premium przy u\u017cyciu trybu Pay Per Sale lub PPS.<\/p>\n\n\n\n<p>&nbsp;&nbsp;\u2022 U\u017cytkownik Filespace mo\u017ce zarobi\u0107 do trzydziestu o\u015bmiu dolar\u00f3w (38 USD) za ka\u017cde tysi\u0105c (1000) liczby pobra\u0144 plus dwadzie\u015bcia procent (20%) sprzeda\u017cy Filespace w trybie mieszanego zysku.<\/p>\n\n\n\n<p>&nbsp;&nbsp;\u2022 Filespace daje dwadzie\u015bcia procent (20%) dla w\u0142a\u015bcicieli strony internetowej Filespace do zarobienia i pi\u0119\u0107 procent (5%) na zarobki z rekomendacji. W przypadku zarobk\u00f3w za polecenia oznacza to, \u017ce wszystkie osoby, kt\u00f3re pomy\u015blnie zarejestrowa\u0142y si\u0119 i do\u0142\u0105czy\u0142y do \u200b\u200bFileSpace za pomoc\u0105 link\u00f3w cz\u0142onka FileSpace, zostan\u0105 automatycznie dodane do poleconych cz\u0142onk\u00f3w.<\/p>\n\n\n\n<p>&nbsp;&nbsp;\u2022 Statystyki s\u0105 bardzo szczeg\u00f3\u0142owe i maj\u0105 r\u00f3wnie\u017c dost\u0119p do protoko\u0142u transferu plik\u00f3w lub FTP oraz do zdalnego przesy\u0142ania adres\u00f3w URL.<\/p>\n\n\n\n<p>&nbsp;&nbsp;\u2022 P\u0142atno\u015bci Filespace za to s\u0105 realizowane w ci\u0105gu dw\u00f3ch (2) dni roboczych. Minimalna kwota wyp\u0142aty w przestrzeni plik\u00f3w wynosi zaledwie dziesi\u0119\u0107 dolar\u00f3w (10 USD). P\u0142ac\u0105 u\u017cytkownikom lub klientom za po\u015brednictwem WebMoney, Bitcoin lub Ethereum lub innych cyfrowych walut, PayPal, AdvCash i innych (patrz opcje p\u0142atno\u015bci powy\u017cej).<br><\/p>\n\n\n\n<p>U\u017cytkownik strony FileSpace ma swobod\u0119 wyboru swojego trybu zysku w Programie Partnerskim. Zobacz poni\u017csze tryby zysku.<\/p>\n\n\n\n<h3>Dwa (2) tryby zysku FileSpace<\/h3>\n\n\n\n<p>1. Pay Per Sale lub PPS &#8211; w tym trybie u\u017cytkownik mo\u017ce zarobi\u0107 do sze\u015b\u0107dziesi\u0119ciu procent (60%) pocz\u0105tkowej sprzeda\u017cy ka\u017cdego u\u017cytkownika lub cz\u0142onka FileSpace i pi\u0119\u0107dziesi\u0105t procent (50%) na pozosta\u0142ej sprzeda\u017cy i rachunkach.<\/p>\n\n\n\n<p>2. Mieszane z Pay Per Download lub PPD + Pay Per Sale lub PPS &#8211; W tym trybie u\u017cytkownik mo\u017ce zarobi\u0107 do dwudziestu dolar\u00f3w (20 USD) za ka\u017cde tysi\u0105c (1000) liczby pobra\u0144 i dwadzie\u015bcia procent (20%) na wszystkie sprzeda\u017c i rachunki.<\/p>\n\n\n\n<h3>Jak z\u0142o\u017cy\u0107 wniosek o do\u0142\u0105czenie do programu partnerskiego przestrzeni plik\u00f3w?<\/h3>\n\n\n\n<p>Aby u\u017cytkownik m\u00f3g\u0142 poprosi\u0107 o do\u0142\u0105czenie do programu partnerskiego przestrzeni plik\u00f3w, musi utworzy\u0107 wiadomo\u015b\u0107 za po\u015brednictwem poczty elektronicznej lub strony kontaktowej witryny FileSpace.<\/p>\n\n\n\n<p>U\u017cytkownik musi skopiowa\u0107 <a rel=\"noreferrer noopener\" aria-label=\"Uniform Resource Locator (opens in a new tab)\" href=\"https:\/\/en.wikipedia.org\/wiki\/URL\" target=\"_blank\">Uniform Resource Locator<\/a> lub link URL swojej witryny lub linki URL ze swoich post\u00f3w na innych stronach internetowych, takich jak fora, blogi, media spo\u0142eczno\u015bciowe i inne. Powinien wklei\u0107 link w tre\u015bci wiadomo\u015bci i wys\u0142a\u0107 go na adres e-mail FileSpace lub je\u015bli korzystasz ze strony Filespace, po prostu kliknij przycisk \u201ePrze\u015blij\u201d, aby przes\u0142a\u0107 \u017c\u0105danie.<br><\/p>\n\n\n\n<p>U\u017cytkownik mo\u017ce r\u00f3wnie\u017c poda\u0107, ile miejsca zajmuje przestrze\u0144 do przechowywania plik\u00f3w. Mo\u017ce on r\u00f3wnie\u017c poda\u0107 wszelkie wa\u017cne szczeg\u00f3\u0142y w tre\u015bci wiadomo\u015bci. U\u017cytkownik mo\u017ce r\u00f3wnie\u017c doda\u0107 sw\u00f3j kontakt.<\/p>\n\n\n\n<p>Mened\u017cer stowarzyszony FileSpace b\u0119dzie odpowiedzialny za odpowiadanie na pro\u015bby lub wiadomo\u015bci u\u017cytkownik\u00f3w w ci\u0105gu zaledwie czterdziestu o\u015bmiu godzin (48 godzin).<\/p>\n\n\n\n<h2>Masz jakie\u015b pytania lub w\u0105tpliwo\u015bci?<\/h2>\n\n\n\n<p>Je\u015bli u\u017cytkownik ma pytanie lub w\u0105tpliwo\u015bci dotycz\u0105ce witryny FileSpace, plan\u00f3w premium, p\u0142atno\u015bci, programu partnerskiego, funkcji i us\u0142ug, nie musi si\u0119 waha\u0107, aby skontaktowa\u0107 si\u0119 z FileSpace za po\u015brednictwem swojego adresu e-mail na adres cs@filespace.com lub za pomoc\u0105 formularza kontaktowego na stronie FileSpace (http:\/\/www.filespace.com) lub pod numerem telefonu 855-218-6668, ale przed wys\u0142aniem wiadomo\u015bci prosimy o zapoznanie si\u0119 z Warunkami \u015bwiadczenia us\u0142ug i Polityk\u0105 FileSpace.<\/p>\n\n\n\n<p>FileSpace jest bardzo odpowiedzialny za odpowiadanie na pytania i obawy u\u017cytkownik\u00f3w. Zawsze oczekuj, \u017ce wy\u015bl\u0105 odpowied\u017a w ci\u0105gu dw\u00f3ch (2) dni roboczych.<\/p>\n\n\n<a class=\"maxbutton-2 maxbutton maxbutton-cta\" target=\"_blank\" rel=\"nofollow noopener\" href=\"\/go\/\"><span class='mb-text'>&gt;&gt; Przejd\u017a do strony Original Linkfier<\/span><\/a>\n\n\n<p><br><\/p>\n","protected":false},"excerpt":{"rendered":"<p>Witryna FileSpace jest uwa\u017cana za jednego z najlepszych dostawc\u00f3w hostingu plik\u00f3w na \u015bwiecie. Znajduje si\u0119 w Bayside Ltd, 112 Bonadie<\/p>\n","protected":false},"author":2,"featured_media":0,"parent":0,"menu_order":0,"comment_status":"closed","ping_status":"closed","template":"","meta":[],"yoast_head":"<!-- This site is optimized with the Yoast SEO plugin v18.3 - https:\/\/yoast.com\/wordpress\/plugins\/seo\/ -->\n<title>FileSpace Premium Konto - Filehoster w skr\u00f3cie<\/title>\n<meta name=\"description\" content=\"Czy FileSpace jest renomowanym dostawc\u0105, czy nie, odpowied\u017a mo\u017cna znale\u017a\u0107 w bie\u017c\u0105cym te\u015bcie na Multihoster.org \u279c Kliknij teraz \u271a, aby przeczyta\u0107 nasze do\u015bwiadczenia!\" \/>\n<meta name=\"robots\" content=\"index, follow, max-snippet:-1, max-image-preview:large, max-video-preview:-1\" \/>\n<link rel=\"canonical\" href=\"https:\/\/multihoster.org\/pl\/filespace\/\" \/>\n<meta property=\"og:locale\" content=\"pl_PL\" \/>\n<meta property=\"og:type\" content=\"article\" \/>\n<meta property=\"og:title\" content=\"FileSpace Premium Konto - Filehoster w skr\u00f3cie\" \/>\n<meta property=\"og:description\" content=\"Czy FileSpace jest renomowanym dostawc\u0105, czy nie, odpowied\u017a mo\u017cna znale\u017a\u0107 w bie\u017c\u0105cym te\u015bcie na Multihoster.org \u279c Kliknij teraz \u271a, aby przeczyta\u0107 nasze do\u015bwiadczenia!\" \/>\n<meta property=\"og:url\" content=\"https:\/\/multihoster.org\/pl\/filespace\/\" \/>\n<meta property=\"og:site_name\" content=\"Multihoster.org\" \/>\n<meta property=\"article:modified_time\" content=\"2020-03-30T11:39:04+00:00\" \/>\n<meta property=\"og:image\" content=\"https:\/\/lh4.googleusercontent.com\/ZlNxd9tp6QAC8NYVn7sS81txC1GN292jtBZXWzo5HeZmw7cG-D62mGS9VIPg_g9wXTN3YgBUTKdFfpRXi1ks9dHqy8SQs1OU77XHIIGd4BKzqx0H0b5sP_VAu_TudblE8pKPbSA\" \/>\n<meta name=\"twitter:card\" content=\"summary\" \/>\n<meta name=\"twitter:label1\" content=\"Szacowany czas czytania\" \/>\n\t<meta name=\"twitter:data1\" content=\"7 minut\" \/>\n<script type=\"application\/ld+json\" class=\"yoast-schema-graph\">{\"@context\":\"https:\/\/schema.org\",\"@graph\":[{\"@type\":\"WebSite\",\"@id\":\"https:\/\/multihoster.org\/#website\",\"url\":\"https:\/\/multihoster.org\/\",\"name\":\"Multihoster.org\",\"description\":\"Reviews of the major Filehosting services\",\"potentialAction\":[{\"@type\":\"SearchAction\",\"target\":{\"@type\":\"EntryPoint\",\"urlTemplate\":\"https:\/\/multihoster.org\/?s={search_term_string}\"},\"query-input\":\"required name=search_term_string\"}],\"inLanguage\":\"pl-PL\"},{\"@type\":\"ImageObject\",\"@id\":\"https:\/\/multihoster.org\/pl\/filespace\/#primaryimage\",\"inLanguage\":\"pl-PL\",\"url\":\"https:\/\/lh4.googleusercontent.com\/ZlNxd9tp6QAC8NYVn7sS81txC1GN292jtBZXWzo5HeZmw7cG-D62mGS9VIPg_g9wXTN3YgBUTKdFfpRXi1ks9dHqy8SQs1OU77XHIIGd4BKzqx0H0b5sP_VAu_TudblE8pKPbSA\",\"contentUrl\":\"https:\/\/lh4.googleusercontent.com\/ZlNxd9tp6QAC8NYVn7sS81txC1GN292jtBZXWzo5HeZmw7cG-D62mGS9VIPg_g9wXTN3YgBUTKdFfpRXi1ks9dHqy8SQs1OU77XHIIGd4BKzqx0H0b5sP_VAu_TudblE8pKPbSA\"},{\"@type\":\"WebPage\",\"@id\":\"https:\/\/multihoster.org\/pl\/filespace\/#webpage\",\"url\":\"https:\/\/multihoster.org\/pl\/filespace\/\",\"name\":\"FileSpace Premium Konto - Filehoster w skr\u00f3cie\",\"isPartOf\":{\"@id\":\"https:\/\/multihoster.org\/#website\"},\"primaryImageOfPage\":{\"@id\":\"https:\/\/multihoster.org\/pl\/filespace\/#primaryimage\"},\"datePublished\":\"2020-03-24T10:34:50+00:00\",\"dateModified\":\"2020-03-30T11:39:04+00:00\",\"description\":\"Czy FileSpace jest renomowanym dostawc\u0105, czy nie, odpowied\u017a mo\u017cna znale\u017a\u0107 w bie\u017c\u0105cym te\u015bcie na Multihoster.org \u279c Kliknij teraz \u271a, aby przeczyta\u0107 nasze do\u015bwiadczenia!\",\"breadcrumb\":{\"@id\":\"https:\/\/multihoster.org\/pl\/filespace\/#breadcrumb\"},\"inLanguage\":\"pl-PL\",\"potentialAction\":[{\"@type\":\"ReadAction\",\"target\":[\"https:\/\/multihoster.org\/pl\/filespace\/\"]}]},{\"@type\":\"BreadcrumbList\",\"@id\":\"https:\/\/multihoster.org\/pl\/filespace\/#breadcrumb\",\"itemListElement\":[{\"@type\":\"ListItem\",\"position\":1,\"name\":\"Startseite\",\"item\":\"https:\/\/multihoster.org\/pl\/\"},{\"@type\":\"ListItem\",\"position\":2,\"name\":\"FileSpace Premium Konto: Filehoster W Skr\u00f3cie\"}]}]}<\/script>\n<!-- \/ Yoast SEO plugin. -->","yoast_head_json":{"title":"FileSpace Premium Konto - Filehoster w skr\u00f3cie","description":"Czy FileSpace jest renomowanym dostawc\u0105, czy nie, odpowied\u017a mo\u017cna znale\u017a\u0107 w bie\u017c\u0105cym te\u015bcie na Multihoster.org \u279c Kliknij teraz \u271a, aby przeczyta\u0107 nasze do\u015bwiadczenia!","robots":{"index":"index","follow":"follow","max-snippet":"max-snippet:-1","max-image-preview":"max-image-preview:large","max-video-preview":"max-video-preview:-1"},"canonical":"https:\/\/multihoster.org\/pl\/filespace\/","og_locale":"pl_PL","og_type":"article","og_title":"FileSpace Premium Konto - Filehoster w skr\u00f3cie","og_description":"Czy FileSpace jest renomowanym dostawc\u0105, czy nie, odpowied\u017a mo\u017cna znale\u017a\u0107 w bie\u017c\u0105cym te\u015bcie na Multihoster.org \u279c Kliknij teraz \u271a, aby przeczyta\u0107 nasze do\u015bwiadczenia!","og_url":"https:\/\/multihoster.org\/pl\/filespace\/","og_site_name":"Multihoster.org","article_modified_time":"2020-03-30T11:39:04+00:00","og_image":[{"url":"https:\/\/lh4.googleusercontent.com\/ZlNxd9tp6QAC8NYVn7sS81txC1GN292jtBZXWzo5HeZmw7cG-D62mGS9VIPg_g9wXTN3YgBUTKdFfpRXi1ks9dHqy8SQs1OU77XHIIGd4BKzqx0H0b5sP_VAu_TudblE8pKPbSA"}],"twitter_card":"summary","twitter_misc":{"Szacowany czas czytania":"7 minut"},"schema":{"@context":"https:\/\/schema.org","@graph":[{"@type":"WebSite","@id":"https:\/\/multihoster.org\/#website","url":"https:\/\/multihoster.org\/","name":"Multihoster.org","description":"Reviews of the major Filehosting services","potentialAction":[{"@type":"SearchAction","target":{"@type":"EntryPoint","urlTemplate":"https:\/\/multihoster.org\/?s={search_term_string}"},"query-input":"required name=search_term_string"}],"inLanguage":"pl-PL"},{"@type":"ImageObject","@id":"https:\/\/multihoster.org\/pl\/filespace\/#primaryimage","inLanguage":"pl-PL","url":"https:\/\/lh4.googleusercontent.com\/ZlNxd9tp6QAC8NYVn7sS81txC1GN292jtBZXWzo5HeZmw7cG-D62mGS9VIPg_g9wXTN3YgBUTKdFfpRXi1ks9dHqy8SQs1OU77XHIIGd4BKzqx0H0b5sP_VAu_TudblE8pKPbSA","contentUrl":"https:\/\/lh4.googleusercontent.com\/ZlNxd9tp6QAC8NYVn7sS81txC1GN292jtBZXWzo5HeZmw7cG-D62mGS9VIPg_g9wXTN3YgBUTKdFfpRXi1ks9dHqy8SQs1OU77XHIIGd4BKzqx0H0b5sP_VAu_TudblE8pKPbSA"},{"@type":"WebPage","@id":"https:\/\/multihoster.org\/pl\/filespace\/#webpage","url":"https:\/\/multihoster.org\/pl\/filespace\/","name":"FileSpace Premium Konto - Filehoster w skr\u00f3cie","isPartOf":{"@id":"https:\/\/multihoster.org\/#website"},"primaryImageOfPage":{"@id":"https:\/\/multihoster.org\/pl\/filespace\/#primaryimage"},"datePublished":"2020-03-24T10:34:50+00:00","dateModified":"2020-03-30T11:39:04+00:00","description":"Czy FileSpace jest renomowanym dostawc\u0105, czy nie, odpowied\u017a mo\u017cna znale\u017a\u0107 w bie\u017c\u0105cym te\u015bcie na Multihoster.org \u279c Kliknij teraz \u271a, aby przeczyta\u0107 nasze do\u015bwiadczenia!","breadcrumb":{"@id":"https:\/\/multihoster.org\/pl\/filespace\/#breadcrumb"},"inLanguage":"pl-PL","potentialAction":[{"@type":"ReadAction","target":["https:\/\/multihoster.org\/pl\/filespace\/"]}]},{"@type":"BreadcrumbList","@id":"https:\/\/multihoster.org\/pl\/filespace\/#breadcrumb","itemListElement":[{"@type":"ListItem","position":1,"name":"Startseite","item":"https:\/\/multihoster.org\/pl\/"},{"@type":"ListItem","position":2,"name":"FileSpace Premium Konto: Filehoster W Skr\u00f3cie"}]}]}},"_links":{"self":[{"href":"https:\/\/multihoster.org\/pl\/wp-json\/wp\/v2\/pages\/2656"}],"collection":[{"href":"https:\/\/multihoster.org\/pl\/wp-json\/wp\/v2\/pages"}],"about":[{"href":"https:\/\/multihoster.org\/pl\/wp-json\/wp\/v2\/types\/page"}],"author":[{"embeddable":true,"href":"https:\/\/multihoster.org\/pl\/wp-json\/wp\/v2\/users\/2"}],"replies":[{"embeddable":true,"href":"https:\/\/multihoster.org\/pl\/wp-json\/wp\/v2\/comments?post=2656"}],"version-history":[{"count":3,"href":"https:\/\/multihoster.org\/pl\/wp-json\/wp\/v2\/pages\/2656\/revisions"}],"predecessor-version":[{"id":2794,"href":"https:\/\/multihoster.org\/pl\/wp-json\/wp\/v2\/pages\/2656\/revisions\/2794"}],"wp:attachment":[{"href":"https:\/\/multihoster.org\/pl\/wp-json\/wp\/v2\/media?parent=2656"}],"curies":[{"name":"wp","href":"https:\/\/api.w.org\/{rel}","templated":true}]}}