{"id":2827,"date":"2020-03-30T14:03:53","date_gmt":"2020-03-30T14:03:53","guid":{"rendered":"https:\/\/multihoster.org\/?page_id=2827"},"modified":"2020-03-31T15:47:53","modified_gmt":"2020-03-31T15:47:53","slug":"4shared","status":"publish","type":"page","link":"https:\/\/multihoster.org\/pl\/4shared\/","title":{"rendered":"4shared Premium Konto: Filehoster W Skr\u00f3cie"},"content":{"rendered":"\n<figure class=\"wp-block-image size-large\"><img loading=\"lazy\" width=\"350\" height=\"91\" src=\"https:\/\/multihoster.org\/wp-content\/uploads\/2020\/03\/4shared.png\" alt=\"4shared logo\" class=\"wp-image-3097\" srcset=\"https:\/\/multihoster.org\/wp-content\/uploads\/2020\/03\/4shared.png 350w, https:\/\/multihoster.org\/wp-content\/uploads\/2020\/03\/4shared-300x78.png 300w\" sizes=\"(max-width: 350px) 100vw, 350px\" \/><\/figure>\n\n\n<a class=\"maxbutton-2 maxbutton maxbutton-cta\" target=\"_blank\" rel=\"nofollow noopener\" href=\"\/go\/\"><span class='mb-text'>&gt;&gt; Przejd\u017a do strony Original Linkfier<\/span><\/a>\n\n\n<p><\/p>\n\n\n\n<h2>The 4shared<\/h2>\n\n\n\n<p>4shared to jedna z najbardziej bezpiecznych i zaufanych witryn do hostingu i przesy\u0142ania plik\u00f3w na \u015bwiecie. Istnieje ponad dziesi\u0119\u0107 (10) milion\u00f3w plik\u00f3w, kt\u00f3re u\u017cytkownicy udost\u0119pnili w 4shared.<\/p>\n\n\n\n<p>4shared zosta\u0142 stworzony i wydany w 2005 roku na Ukrainie w Kijowie i do tej pory jest nadal bardzo przydatny dla wielu os\u00f3b. Posiada funkcje zapisywania, przesy\u0142ania, pobierania i udost\u0119pniania pliku lub plik\u00f3w innym u\u017cytkownikom lub innym urz\u0105dzeniom. Pomaga ludziom w \u0142atwym zapisywaniu, przesy\u0142aniu i otwieraniu plik\u00f3w w dowolnym miejscu w Internecie za pomoc\u0105 tej witryny do dowolnych cel\u00f3w, kt\u00f3rych mog\u0105 potrzebowa\u0107.<\/p>\n\n\n\n<p>Interfejs u\u017cytkownika 4shared jest bardzo prosty i bardzo przyjazny dla u\u017cytkownika, co u\u0142atwia wielu u\u017cytkownikom zrozumienie go oraz jego funkcji.<\/p>\n\n\n\n<p>U\u017cytkownik mo\u017ce utworzy\u0107 swoj\u0105 bibliotek\u0119 dla muzyki lub piosenek na swoim koncie 4shared. Zalet\u0105 jest to, \u017ce 4shared obs\u0142uguje streaming muzyki. U\u017cytkownik mo\u017ce s\u0142ucha\u0107 muzyki za pomoc\u0105 przegl\u0105darki internetowej swojego telefonu kom\u00f3rkowego (Android i iOS) lub urz\u0105dzenia stacjonarnego.<\/p>\n\n\n\n<p>4shared ma centrum pomocy, w kt\u00f3rym u\u017cytkownicy mog\u0105 znale\u017a\u0107 odpowiedzi na niekt\u00f3re pytania dotycz\u0105ce funkcji 4shared i jej us\u0142ug. Maj\u0105 tak\u017ce wsparcie techniczne, aby pom\u00f3c w obawach klient\u00f3w lub u\u017cytkownik\u00f3w dotycz\u0105cych ich witryny lub produkt\u00f3w.<\/p>\n\n\n\n<p>4shared ma dwa rodzaje kont &#8211; darmowe konto 4shared i 4shared Premium.<\/p>\n\n\n\n<p>Posiadanie konta jest \u0142atwe. U\u017cytkownik mo\u017ce zarejestrowa\u0107 si\u0119 za pomoc\u0105 swojego konta w mediach spo\u0142eczno\u015bciowych na Twitterze, Facebooku lub Google lub na dowolnym adresie e-mail u\u017cytkownika. Po utworzeniu konta u\u017cytkownik musi je zweryfikowa\u0107 na swojej wiadomo\u015bci e-mail w folderze Skrzynka odbiorcza lub Spam, klikaj\u0105c link w wiadomo\u015bci 4shared. Nast\u0119pnie 4shared powiadomi u\u017cytkownika, je\u015bli jego konto zostanie zweryfikowane.<\/p>\n\n\n\n<p>U\u017cytkownik 4shared mo\u017ce do\u015bwiadczy\u0107 nast\u0119puj\u0105cych korzy\u015bci:<\/p>\n\n\n\n<p>1. U\u017cytkownik mo\u017ce dostosowa\u0107 sw\u00f3j profil w 4shared. Mo\u017ce doda\u0107 lub zmieni\u0107 projekt i inne w ustawieniach konta u\u017cytkownika.<\/p>\n\n\n\n<p>2. U\u017cytkownik mo\u017ce komunikowa\u0107 si\u0119 z innymi u\u017cytkownikami za po\u015brednictwem prywatnych wiadomo\u015bci lub wysy\u0142aj\u0105c komentarze do publicznych post\u00f3w.<\/p>\n\n\n\n<p>3. U\u017cytkownik mo\u017ce przegl\u0105da\u0107 i przesy\u0142a\u0107 strumieniowo muzyk\u0119 lub dowolne pliki multimedialne na stronie 4shared.<\/p>\n\n\n\n<p>4. U\u017cytkownik mo\u017ce korzysta\u0107 z aplikacji mobilnej 4shared, aby uzyska\u0107 dost\u0119p do swojego konta, a nast\u0119pnie zarz\u0105dza\u0107 nim.<\/p>\n\n\n\n<p>U\u017cytkownicy mog\u0105 r\u00f3wnie\u017c przet\u0142umaczy\u0107 j\u0119zyk witryny 4shared na obs\u0142ugiwane j\u0119zyki poni\u017cej.<\/p>\n\n\n\n<h3>J\u0119zyki na stronie 4shared:<\/h3>\n\n\n\n<ul><li>J\u0119zyk angielski,<\/li><li> Deutsch,<\/li><li> W\u0142oski,<\/li><li> Francuski,<\/li><li> Polskie,<\/li><li> Turecki,<\/li><li> Indonezyjski lub malajski,<\/li><li> Portugalski,<\/li><li> Tajski,<\/li><li> Arabski,<\/li><li> Mandary\u0144ski lub chi\u0144ski,<\/li><li> Wietnamski,<\/li><li> J\u0119zyk japo\u0144ski,<\/li><li> i korea\u0144ski.<\/li><\/ul>\n\n\n\n<h2>Blog 4shared<\/h2>\n\n\n\n<p>Ka\u017cdy u\u017cytkownik mo\u017ce zamie\u015bci\u0107 tutaj swoje artyku\u0142y, poniewa\u017c 4shared ma swoj\u0105 stron\u0119 blogu, kt\u00f3ra zawiera r\u00f3\u017cne artyku\u0142y o nowych funkcjach lub innych aktualizacjach dotycz\u0105cych samego 4shared. Artyku\u0142y s\u0105 pisane przez r\u00f3\u017cnych u\u017cytkownik\u00f3w, a r\u00f3\u017cni u\u017cytkownicy mog\u0105 komentowa\u0107 dany artyku\u0142, a tak\u017ce udost\u0119pnia\u0107 link do tego artyku\u0142u za po\u015brednictwem medi\u00f3w spo\u0142eczno\u015bciowych, takich jak Twitter lub Facebook.<\/p>\n\n\n\n<p>Na blogu 4shared wy\u015bwietla swoje statystyki, w kt\u00f3rych u\u017cytkownicy mog\u0105 zobaczy\u0107 liczb\u0119 u\u017cytkownik\u00f3w korzystaj\u0105cych z 4shared, liczb\u0119 odwiedzin ka\u017cdego dnia u\u017cytkownika, rozmiar plik\u00f3w hostowanych w witrynie 4shared oraz rozmiar plik\u00f3w przenoszone ka\u017cdego dnia.<\/p>\n\n\n\n<p>U\u017cytkownicy mog\u0105 r\u00f3wnie\u017c t\u0142umaczy\u0107 j\u0119zyk witryny blogu 4shared na angielski, indonezyjski, portugalski, tajski, arabski i korea\u0144ski.<\/p>\n\n\n\n<h2>The 4shared Premium Konto<\/h2>\n\n\n\n<p>Konto premium 4shared ma wi\u0119cej funkcji ni\u017c darmowe konto 4shared. Je\u015bli u\u017cytkownik nie chce \u017cadnych reklam na stronie witryny podczas udost\u0119pniania i pobierania, je\u015bli chce zaawansowanych zabezpiecze\u0144 swoich plik\u00f3w i konta, je\u015bli chce du\u017cej przestrzeni dyskowej i je\u015bli chce bardzo szybkiego sposobu podczas przesy\u0142ania i pobierania powinien on otrzyma\u0107 konto Premium 4shared.<\/p>\n\n\n\n<figure class=\"wp-block-table\"><table class=\"\"><tbody><tr><td>4shared Premium<\/td><td>4shared Bezp\u0142atnie<\/td><\/tr><tr><td><li>Potrzeba zap\u0142aty<br><li>Nie ma \u017cadnych og\u0142osze\u0144<br><li>Sto gigabajt\u00f3w (100 GB) do przechowywania danych<br><li>Sto gigabajt\u00f3w (100 GB) do przes\u0142ania<br><li>Ma wsparcie techniczne<br><li>Ma <a href=\"https:\/\/www.yourdictionary.com\/accelerator\">accelerator<\/a> do pobrania<br><li>Mo\u017ce wznowi\u0107 pobieranie<br><li>Posiada bezpo\u015bredni link do pobrania pliku<br><li>Ma szczeg\u00f3\u0142owe dane statystyczne<br><li>Ma funkcj\u0119 wyszukiwania<br><li>Mo\u017ce przywr\u00f3ci\u0107 plik<br><li>Mo\u017ce zrobi\u0107 kopi\u0119 zapasow\u0105 pliku<br><li>Udost\u0119pnianie plik\u00f3w i artyku\u0142\u00f3w na portalach spo\u0142eczno\u015bciowych lub w wiadomo\u015bciach e-mail<br><li>Stosowanie kod\u00f3w QR<br><li>Ustaw has\u0142o do blokowania folder\u00f3w<br><li>Mo\u017cliwo\u015b\u0107 przesy\u0142ania strumieniowego muzyki lub innych plik\u00f3w multimedialnych<br><li>Ma przegl\u0105dark\u0119 zdj\u0119\u0107<br><li>Sprawdzanie plik\u00f3w za pomoc\u0105 programu antywirusowego<br><li>Dost\u0119p poprzez aplikacj\u0119 mobiln\u0105 i desktopow\u0105 4shared\u00a0<br><li>U\u017cytkownik mo\u017ce skomentowa\u0107 plik <\/td><td><li>Nie Potrzeba p\u0142acenia<br><li> Ma reklamy<br><li> Pi\u0119tna\u015bcie gigabajt\u00f3w (15 GB) do przechowywania<br><li> 2048 MB do przes\u0142ania<br><li> Ma wsparcie techniczne<br><li> Nie ma akceleratora do pobrania<br><li> Nie mo\u017cna wznowi\u0107 pobierania<br><li> Nie ma bezpo\u015bredniego \u0142\u0105cza do pobrania pliku<br><li> Nie ma szczeg\u00f3\u0142owych statystyk<br><li> Ma funkcj\u0119 wyszukiwania<br><li> Mo\u017ce przywr\u00f3ci\u0107 plik<br><li> Nie mo\u017cna zrobi\u0107 kopii zapasowej pliku<br><li> Udost\u0119pnianie plik\u00f3w i artyku\u0142\u00f3w na portalach spo\u0142eczno\u015bciowych lub w wiadomo\u015bciach e-mail<br><li> Stosowanie kod\u00f3w QR<br><li> Ustaw has\u0142o do blokowania folder\u00f3w<br><li> Mo\u017cliwo\u015b\u0107 przesy\u0142ania strumieniowego muzyki lub innych plik\u00f3w multimedialnych<br><li> Ma przegl\u0105dark\u0119 zdj\u0119\u0107<br><li> Sprawdzanie plik\u00f3w za pomoc\u0105 programu antywirusowego<br><li> Dost\u0119p poprzez aplikacj\u0119 mobiln\u0105 i desktopow\u0105 4shared <br><li> U\u017cytkownik mo\u017ce skomentowa\u0107 plik<br><li> Zarz\u0105dzanie plikami<br><li> Mo\u017ce przes\u0142a\u0107 wiele plik\u00f3w<\/td><\/tr><\/tbody><\/table><\/figure>\n\n\n\n<h3>The 4shared Premium Konto Plany<\/h3>\n\n\n\n<figure class=\"wp-block-table\"><table class=\"\"><tbody><tr><td>4shared Premium  Konto Plany<\/td><\/tr><tr><td>Liczba miesi\u0119cy:<\/td><td>1<\/td><td>3<\/td><td>6<\/td><td>12<\/td><\/tr><tr><td>Kwota do zap\u0142aty miesi\u0119cznie:<\/td><td>$ 9.95<\/td><td>$ 7.98<\/td><td>$ 7.16<\/td><td>$ 6.50<\/td><\/tr><\/tbody><\/table><\/figure>\n\n\n\n<p>Powy\u017csze plany kont premium 4shared nale\u017cy wyp\u0142aci\u0107 oficjalnym sprzedawcom 4shared lub bezpo\u015brednio na stronie 4shared. U\u017cytkownik mo\u017ce uzyska\u0107 zni\u017ck\u0119 przy zakupie planu, je\u015bli zastosowa\u0142 kupon rabatowy od 4shared. Ponadto, je\u015bli u\u017cytkownik ma pytania dotycz\u0105ce p\u0142atno\u015bci w ramach planu Premium, mo\u017ce skontaktowa\u0107 si\u0119 z 4shared za po\u015brednictwem swojego adresu e-mail.<\/p>\n\n\n\n<p>Oficjalni sprzedawcy 4shared wymieniono poni\u017cej:<\/p>\n\n\n\n<ul><li>24instant.com<\/li><li> BigShareShop<\/li><li> Fast-Premium.com<\/li><li> Premium.Us &#8211; Akceptuje p\u0142atno\u015bci Paypal, kt\u00f3re mog\u0105 szybko wys\u0142a\u0107 Twoj\u0105 p\u0142atno\u015b\u0107.<\/li><li> PremiumInstant &#8211; Akceptuje p\u0142atno\u015bci Paypal<\/li><\/ul>\n\n\n<a class=\"maxbutton-2 maxbutton maxbutton-cta\" target=\"_blank\" rel=\"nofollow noopener\" href=\"\/go\/\"><span class='mb-text'>&gt;&gt; Przejd\u017a do strony Original Linkfier<\/span><\/a>\n\n\n<p><\/p>\n\n\n\n<p>4shared zaleca wy\u017cej wymienionych sprzedawc\u00f3w i radzi u\u017cytkownikom, aby nie kupowali \u017cadnych produkt\u00f3w od innych sprzedawc\u00f3w lub sprzedawc\u00f3w, kt\u00f3rzy nie s\u0105 na li\u015bcie.<\/p>\n\n\n\n<h2>Co zrobi\u0107 z twoimi plikami?<\/h2>\n\n\n\n<p>Pliki w witrynie 4shared s\u0105 sortowane wed\u0142ug rozmiar\u00f3w, typ\u00f3w plik\u00f3w, daty i godziny lub nazwy.<\/p>\n\n\n\n<p>Pliki s\u0105 sortowane wed\u0142ug rozmiar\u00f3w:<\/p>\n\n\n\n<ul><li>Pliki mniejsze ni\u017c 1 MB<\/li><li> Ma\u0142e pliki &#8211; jest to od 1 MB do 10 MB<\/li><li> Pliki \u015brednie &#8211; od 10 MB do 100 MB<\/li><li> Du\u017ce pliki &#8211; od 100 MB do 1000 MB lub 1 GB<\/li><li> Pliki wi\u0119ksze ni\u017c 1 GB<\/li><\/ul>\n\n\n\n<p>Pliki s\u0105 sortowane wed\u0142ug typu pliku:<\/p>\n\n\n\n<ul><li>rar<\/li><li>zip<\/li><li>7-zip or 7z<\/li><li>cso<\/li><li>Iso<\/li><li>img<\/li><li>Tar<\/li><li>gz<\/li><li>pakiet<\/li><\/ul>\n\n\n\n<p>Pliki s\u0105 sortowane wed\u0142ug daty, w kt\u00f3rej zosta\u0142y przes\u0142ane:<\/p>\n\n\n\n<ul><li>Od najnowszego do najstarszego<\/li><li> Od najstarszego do najnowszego<\/li><\/ul>\n\n\n\n<p>Pliki s\u0105 sortowane wed\u0142ug nazwy:<\/p>\n\n\n\n<ul><li>Nazwa od A do Z<\/li><li> Nazwa od Z do A<\/li><\/ul>\n\n\n\n<h3>1. Prze\u015blij to<\/h3>\n\n\n\n<p>Po przes\u0142aniu pliku przez u\u017cytkownika, 4shared wy\u015bwietli nazw\u0119 osoby przesy\u0142aj\u0105cej (u\u017cytkownika), nazw\u0119 albumu lub folderu, zdj\u0119cie na ok\u0142adk\u0119 pliku, dat\u0119 przes\u0142ania pliku, nazw\u0119 pliku, rozmiar pliku, plik szybko\u015b\u0107 transmisji, rozszerzenie pliku i tagi pliku.<\/p>\n\n\n\n<figure class=\"wp-block-image\"><img src=\"https:\/\/lh6.googleusercontent.com\/a_ax3EiHjZa6eEKmxT6O7lglKqEKGdW21vC6NVRSGLpKBnOEJWBC_vtMK96YVkE2vpD1ueIgg0BOoJQZFNBN68cy9M_qNCf76Eb_xQHuMPGnPjeSmJRe1an-NvAH9EqrWMzo0jE\" alt=\"Plus button when adding files to a 4shared account\"\/><\/figure>\n\n\n\n<figure class=\"wp-block-image\"><img src=\"https:\/\/lh5.googleusercontent.com\/brDHiN-SpQWpYp1widxU6wBUEG-qcQhsGBj-ps_vlVwm-rMtMXTH95_jz279RxopjPnp1n_VUugzpFbo_L8FC0XxKlIiwc24MJECa7oci6RS8TeIk6MGnZy9_CiBFtM8uBTaZJQ\" alt=\"Button when adding files to a 4shared account\"\/><\/figure>\n\n\n\n<p>U\u017cytkownik mo\u017ce r\u00f3wnie\u017c dodawa\u0107 pliki do swojego konta na 4shared. Musi tylko klikn\u0105\u0107 przycisk plus lub przycisk \u201eDodaj do mojego konta\u201d w pliku.<\/p>\n\n\n\n<p>U\u017cytkownicy mog\u0105 klikn\u0105\u0107 przycisk \u201eZa\u0142aduj wi\u0119cej\u201d, aby za\u0142adowa\u0107 kolejne inne pliki, lub mog\u0105 klikn\u0105\u0107 przycisk \u201eDalej\u201d, aby za\u0142adowa\u0107 pliki na nast\u0119pnej stronie.<\/p>\n\n\n\n<p>Poni\u017cej znajduj\u0105 si\u0119 typy plik\u00f3w, kt\u00f3re mo\u017cna przes\u0142a\u0107 na 4shared:<\/p>\n\n\n\n<ul><li>Muzyka lub audio<\/li><li> Wideo<\/li><li> Aplikacje i gry<\/li><li> Ksi\u0105\u017cki lub e-ksi\u0105\u017cki<\/li><li> Archiwum lub skompresowane<\/li><\/ul>\n\n\n\n<h3>2. Pobierz to&nbsp;<\/h3>\n\n\n\n<figure class=\"wp-block-image\"><img src=\"https:\/\/lh5.googleusercontent.com\/oyBfDjUy1_xgoLHfPGM-edYkEWqQlu03KFB1SH9vVC91cfAYGclV0Af174-2Blc-ATmvn6XAngZvy5M2bwJGMfU_i9wQd02AkMPRS1-PpZlQq0QxgDa3-cL7CGG1XvbJtjyAdzI\" alt=\"Download button of 4shared\"\/><\/figure>\n\n\n\n<p>Aby udost\u0119pni\u0107 plik, u\u017cytkownicy powinni klikn\u0105\u0107 przycisk \u201ePobierz\u201d na \u0142\u0105czu do pobrania lub przy u\u017cyciu <a rel=\"noreferrer noopener\" aria-label=\"kodu QR (opens in a new tab)\" href=\"https:\/\/whatis.techtarget.com\/definition\/QR-code-quick-response-code\" target=\"_blank\">kodu QR<\/a> pliku lub na stronie okre\u015blonego pliku.<\/p>\n\n\n\n<h3>3. Udost\u0119pnij to<\/h3>\n\n\n\n<figure class=\"wp-block-image\"><img src=\"https:\/\/lh3.googleusercontent.com\/wd9_yQb7-lEsBKiVYZ2VlyLGY7NTz42OEEdaQ2p7rzOVxbCZLXw9MuHqqPecrmLmhv11hswTqVqeZumt6le9zFLqrpPx5nXFghhGyAHfZddYoNlqQ-97k4k0r5lVrnJacPcuCgo\" alt=\"Share button of 4shared\"\/><\/figure>\n\n\n\n<p>Aby udost\u0119pni\u0107 plik, u\u017cytkownicy powinni klikn\u0105\u0107 przycisk \u201eUdost\u0119pnij\u201d na \u0142\u0105czu lub przy u\u017cyciu kodu QR pliku lub na stronie okre\u015blonego pliku.<\/p>\n\n\n\n<p>Poza tym u\u017cytkownik mo\u017ce skopiowa\u0107 i wklei\u0107 link do pliku tylko za pomoc\u0105 przegl\u0105darki internetowej dowolnego urz\u0105dzenia.<\/p>\n\n\n\n<p>Poni\u017cej znajduj\u0105 si\u0119 rozszerzenia plik\u00f3w dozwolone przez 4shared:<\/p>\n\n\n\n<figure class=\"wp-block-table\"><table class=\"\"><tbody><tr><td>Dokumenty<\/td><td>Muzyka audio<\/td><td>Wideo<\/td><td>Zdj\u0119cia<\/td><td>Archiwa<\/td><\/tr><tr><td>.txt.doc.rtf.pdf.xls<\/td><td>.wav.mp3.ogg.mid<\/td><td>.avi.mpeg.mpg<br><\/td><td>.jpg.png.gif.bmp<\/td><td>.rar.zip.jar<\/td><\/tr><\/tbody><\/table><\/figure>\n\n\n\n<p>U\u017cytkownik mo\u017ce przesy\u0142a\u0107 i udost\u0119pnia\u0107 dowolny plik obs\u0142ugiwany przez 4shared, ale nie mo\u017ce i nie powinien przesy\u0142a\u0107 i udost\u0119pnia\u0107 pliku zwi\u0105zanego z <a rel=\"noreferrer noopener\" aria-label=\"pornografi\u0105 (opens in a new tab)\" href=\"https:\/\/www.merriam-webster.com\/dictionary\/pornography\" target=\"_blank\">pornografi\u0105<\/a>, nielegalnymi lub chronionymi prawami autorskimi tre\u015bciami ani niczego, co nie zgadza si\u0119 z Warunkami korzystania z 4shared.<\/p>\n\n\n\n<h2>The 4shared Aplikacje<\/h2>\n\n\n\n<h3>A. Aplikacja na telefony kom\u00f3rkowe<\/h3>\n\n\n\n<p>U\u017cytkownik mo\u017ce pobra\u0107 aplikacj\u0119 4shared ze swoich telefon\u00f3w kom\u00f3rkowych w Google Play na Androida, App Store na iOS, Phone Store na Windows.<\/p>\n\n\n\n<h3>B. Aplikacja na komputery stacjonarne<\/h3>\n\n\n\n<p>U\u017cytkownik mo\u017ce pobra\u0107 aplikacj\u0119 4shared ze swojego komputera stacjonarnego lub laptopa na system Mac OS i Windows dzia\u0142aj\u0105cy w witrynie 4shared.<\/p>\n\n\n<a class=\"maxbutton-2 maxbutton maxbutton-cta\" target=\"_blank\" rel=\"nofollow noopener\" href=\"\/go\/\"><span class='mb-text'>&gt;&gt; Przejd\u017a do strony Original Linkfier<\/span><\/a>\n\n\n<p><br><\/p>\n","protected":false},"excerpt":{"rendered":"<p>The 4shared 4shared to jedna z najbardziej bezpiecznych i zaufanych witryn do hostingu i przesy\u0142ania plik\u00f3w na \u015bwiecie. Istnieje ponad<\/p>\n","protected":false},"author":2,"featured_media":0,"parent":0,"menu_order":0,"comment_status":"closed","ping_status":"closed","template":"","meta":[],"yoast_head":"<!-- This site is optimized with the Yoast SEO plugin v18.3 - https:\/\/yoast.com\/wordpress\/plugins\/seo\/ -->\n<title>4shared Premium Konto: Filehoster W Skr\u00f3cie<\/title>\n<meta name=\"description\" content=\"Czy 4shared jest renomowanym dostawc\u0105, czy nie, odpowied\u017a mo\u017cna znale\u017a\u0107 w bie\u017c\u0105cym te\u015bcie na Multihoster.org \u279c Kliknij teraz \u271a, aby przeczyta\u0107 nasze do\u015bwiadczenia!\" \/>\n<meta name=\"robots\" content=\"index, follow, max-snippet:-1, max-image-preview:large, max-video-preview:-1\" \/>\n<link rel=\"canonical\" href=\"https:\/\/multihoster.org\/pl\/4shared\/\" \/>\n<meta property=\"og:locale\" content=\"pl_PL\" \/>\n<meta property=\"og:type\" content=\"article\" \/>\n<meta property=\"og:title\" content=\"4shared Premium Konto: Filehoster W Skr\u00f3cie\" \/>\n<meta property=\"og:description\" content=\"Czy 4shared jest renomowanym dostawc\u0105, czy nie, odpowied\u017a mo\u017cna znale\u017a\u0107 w bie\u017c\u0105cym te\u015bcie na Multihoster.org \u279c Kliknij teraz \u271a, aby przeczyta\u0107 nasze do\u015bwiadczenia!\" \/>\n<meta property=\"og:url\" content=\"https:\/\/multihoster.org\/pl\/4shared\/\" \/>\n<meta property=\"og:site_name\" content=\"Multihoster.org\" \/>\n<meta property=\"article:modified_time\" content=\"2020-03-31T15:47:53+00:00\" \/>\n<meta property=\"og:image\" content=\"https:\/\/multihoster.org\/wp-content\/uploads\/2020\/03\/4shared.png\" \/>\n<meta name=\"twitter:card\" content=\"summary\" \/>\n<meta name=\"twitter:label1\" content=\"Szacowany czas czytania\" \/>\n\t<meta name=\"twitter:data1\" content=\"8 minut\" \/>\n<script type=\"application\/ld+json\" class=\"yoast-schema-graph\">{\"@context\":\"https:\/\/schema.org\",\"@graph\":[{\"@type\":\"WebSite\",\"@id\":\"https:\/\/multihoster.org\/#website\",\"url\":\"https:\/\/multihoster.org\/\",\"name\":\"Multihoster.org\",\"description\":\"Reviews of the major Filehosting services\",\"potentialAction\":[{\"@type\":\"SearchAction\",\"target\":{\"@type\":\"EntryPoint\",\"urlTemplate\":\"https:\/\/multihoster.org\/?s={search_term_string}\"},\"query-input\":\"required name=search_term_string\"}],\"inLanguage\":\"pl-PL\"},{\"@type\":\"ImageObject\",\"@id\":\"https:\/\/multihoster.org\/pl\/4shared\/#primaryimage\",\"inLanguage\":\"pl-PL\",\"url\":\"https:\/\/multihoster.org\/wp-content\/uploads\/2020\/03\/4shared.png\",\"contentUrl\":\"https:\/\/multihoster.org\/wp-content\/uploads\/2020\/03\/4shared.png\",\"width\":350,\"height\":91,\"caption\":\"4shared logo\"},{\"@type\":\"WebPage\",\"@id\":\"https:\/\/multihoster.org\/pl\/4shared\/#webpage\",\"url\":\"https:\/\/multihoster.org\/pl\/4shared\/\",\"name\":\"4shared Premium Konto: Filehoster W Skr\u00f3cie\",\"isPartOf\":{\"@id\":\"https:\/\/multihoster.org\/#website\"},\"primaryImageOfPage\":{\"@id\":\"https:\/\/multihoster.org\/pl\/4shared\/#primaryimage\"},\"datePublished\":\"2020-03-30T14:03:53+00:00\",\"dateModified\":\"2020-03-31T15:47:53+00:00\",\"description\":\"Czy 4shared jest renomowanym dostawc\u0105, czy nie, odpowied\u017a mo\u017cna znale\u017a\u0107 w bie\u017c\u0105cym te\u015bcie na Multihoster.org \u279c Kliknij teraz \u271a, aby przeczyta\u0107 nasze do\u015bwiadczenia!\",\"breadcrumb\":{\"@id\":\"https:\/\/multihoster.org\/pl\/4shared\/#breadcrumb\"},\"inLanguage\":\"pl-PL\",\"potentialAction\":[{\"@type\":\"ReadAction\",\"target\":[\"https:\/\/multihoster.org\/pl\/4shared\/\"]}]},{\"@type\":\"BreadcrumbList\",\"@id\":\"https:\/\/multihoster.org\/pl\/4shared\/#breadcrumb\",\"itemListElement\":[{\"@type\":\"ListItem\",\"position\":1,\"name\":\"Startseite\",\"item\":\"https:\/\/multihoster.org\/pl\/\"},{\"@type\":\"ListItem\",\"position\":2,\"name\":\"4shared Premium Konto: Filehoster W Skr\u00f3cie\"}]}]}<\/script>\n<!-- \/ Yoast SEO plugin. -->","yoast_head_json":{"title":"4shared Premium Konto: Filehoster W Skr\u00f3cie","description":"Czy 4shared jest renomowanym dostawc\u0105, czy nie, odpowied\u017a mo\u017cna znale\u017a\u0107 w bie\u017c\u0105cym te\u015bcie na Multihoster.org \u279c Kliknij teraz \u271a, aby przeczyta\u0107 nasze do\u015bwiadczenia!","robots":{"index":"index","follow":"follow","max-snippet":"max-snippet:-1","max-image-preview":"max-image-preview:large","max-video-preview":"max-video-preview:-1"},"canonical":"https:\/\/multihoster.org\/pl\/4shared\/","og_locale":"pl_PL","og_type":"article","og_title":"4shared Premium Konto: Filehoster W Skr\u00f3cie","og_description":"Czy 4shared jest renomowanym dostawc\u0105, czy nie, odpowied\u017a mo\u017cna znale\u017a\u0107 w bie\u017c\u0105cym te\u015bcie na Multihoster.org \u279c Kliknij teraz \u271a, aby przeczyta\u0107 nasze do\u015bwiadczenia!","og_url":"https:\/\/multihoster.org\/pl\/4shared\/","og_site_name":"Multihoster.org","article_modified_time":"2020-03-31T15:47:53+00:00","og_image":[{"url":"https:\/\/multihoster.org\/wp-content\/uploads\/2020\/03\/4shared.png"}],"twitter_card":"summary","twitter_misc":{"Szacowany czas czytania":"8 minut"},"schema":{"@context":"https:\/\/schema.org","@graph":[{"@type":"WebSite","@id":"https:\/\/multihoster.org\/#website","url":"https:\/\/multihoster.org\/","name":"Multihoster.org","description":"Reviews of the major Filehosting services","potentialAction":[{"@type":"SearchAction","target":{"@type":"EntryPoint","urlTemplate":"https:\/\/multihoster.org\/?s={search_term_string}"},"query-input":"required name=search_term_string"}],"inLanguage":"pl-PL"},{"@type":"ImageObject","@id":"https:\/\/multihoster.org\/pl\/4shared\/#primaryimage","inLanguage":"pl-PL","url":"https:\/\/multihoster.org\/wp-content\/uploads\/2020\/03\/4shared.png","contentUrl":"https:\/\/multihoster.org\/wp-content\/uploads\/2020\/03\/4shared.png","width":350,"height":91,"caption":"4shared logo"},{"@type":"WebPage","@id":"https:\/\/multihoster.org\/pl\/4shared\/#webpage","url":"https:\/\/multihoster.org\/pl\/4shared\/","name":"4shared Premium Konto: Filehoster W Skr\u00f3cie","isPartOf":{"@id":"https:\/\/multihoster.org\/#website"},"primaryImageOfPage":{"@id":"https:\/\/multihoster.org\/pl\/4shared\/#primaryimage"},"datePublished":"2020-03-30T14:03:53+00:00","dateModified":"2020-03-31T15:47:53+00:00","description":"Czy 4shared jest renomowanym dostawc\u0105, czy nie, odpowied\u017a mo\u017cna znale\u017a\u0107 w bie\u017c\u0105cym te\u015bcie na Multihoster.org \u279c Kliknij teraz \u271a, aby przeczyta\u0107 nasze do\u015bwiadczenia!","breadcrumb":{"@id":"https:\/\/multihoster.org\/pl\/4shared\/#breadcrumb"},"inLanguage":"pl-PL","potentialAction":[{"@type":"ReadAction","target":["https:\/\/multihoster.org\/pl\/4shared\/"]}]},{"@type":"BreadcrumbList","@id":"https:\/\/multihoster.org\/pl\/4shared\/#breadcrumb","itemListElement":[{"@type":"ListItem","position":1,"name":"Startseite","item":"https:\/\/multihoster.org\/pl\/"},{"@type":"ListItem","position":2,"name":"4shared Premium Konto: Filehoster W Skr\u00f3cie"}]}]}},"_links":{"self":[{"href":"https:\/\/multihoster.org\/pl\/wp-json\/wp\/v2\/pages\/2827"}],"collection":[{"href":"https:\/\/multihoster.org\/pl\/wp-json\/wp\/v2\/pages"}],"about":[{"href":"https:\/\/multihoster.org\/pl\/wp-json\/wp\/v2\/types\/page"}],"author":[{"embeddable":true,"href":"https:\/\/multihoster.org\/pl\/wp-json\/wp\/v2\/users\/2"}],"replies":[{"embeddable":true,"href":"https:\/\/multihoster.org\/pl\/wp-json\/wp\/v2\/comments?post=2827"}],"version-history":[{"count":4,"href":"https:\/\/multihoster.org\/pl\/wp-json\/wp\/v2\/pages\/2827\/revisions"}],"predecessor-version":[{"id":3105,"href":"https:\/\/multihoster.org\/pl\/wp-json\/wp\/v2\/pages\/2827\/revisions\/3105"}],"wp:attachment":[{"href":"https:\/\/multihoster.org\/pl\/wp-json\/wp\/v2\/media?parent=2827"}],"curies":[{"name":"wp","href":"https:\/\/api.w.org\/{rel}","templated":true}]}}