{"id":2847,"date":"2020-03-30T13:38:39","date_gmt":"2020-03-30T13:38:39","guid":{"rendered":"https:\/\/multihoster.org\/?page_id=2847"},"modified":"2020-03-30T13:38:42","modified_gmt":"2020-03-30T13:38:42","slug":"sendspace","status":"publish","type":"page","link":"https:\/\/multihoster.org\/pl\/sendspace\/","title":{"rendered":"SendSpace Premium Konto: Filehoster W Skr\u00f3cie"},"content":{"rendered":"\n<figure class=\"wp-block-image\"><img src=\"https:\/\/lh3.googleusercontent.com\/WjQlUlQJ23MPthwlLGbf0ndBToObt7-IkPsMKXMXS2OfiicbFdZ4ldswnaQLxICp2JVD3xJvbAjxBtJjxKKsA8yr9VuA3jcROL2jtcjuflbiG3n0kEBG9xjnPOjVzxfFV0fQZCM\" alt=\"Sendspace on desktop\"\/><\/figure>\n\n\n<a class=\"maxbutton-2 maxbutton maxbutton-cta\" target=\"_blank\" rel=\"nofollow noopener\" href=\"\/go\/\"><span class='mb-text'>&gt;&gt; Przejd\u017a do strony Original Linkfier<\/span><\/a>\n\n\n<p><\/p>\n\n\n\n<h2>Sendspace Przegl\u0105d<\/h2>\n\n\n\n<p>Sendspace to nie tylko prosty dostawca hostingu plik\u00f3w, ale tak\u017ce oprogramowanie do udost\u0119pniania plik\u00f3w. Na dzie\u0144 dzisiejszy, ze wzgl\u0119du na du\u017ce zapotrzebowanie na ich renomowane i wydajne us\u0142ugi, dostarczaj\u0105 dokumenty milion razy w ci\u0105gu zaledwie tygodnia. Tak, miliony plik\u00f3w!<\/p>\n\n\n\n<p>Sendspace rozpoznaje, \u017ce ka\u017cdy plik, kt\u00f3ry dostarczasz, jest niezb\u0119dny do twoich stara\u0144 i upewniaj\u0105 si\u0119, \u017ce jest on gotowy do bezpiecznego i wygodnego pobrania.<\/p>\n\n\n\n<p>Firma jest zaanga\u017cowana w przesy\u0142anie plik\u00f3w i zapewni\u0142a najbardziej niezawodn\u0105 us\u0142ug\u0119, jak\u0105 mog\u0105. Od 2005 r. Osoby fizyczne i ma\u0142e i \u015brednie firmy ufaj\u0105 im, \u017ce wysy\u0142aj\u0105 ogromne pliki, i gwarantuj\u0105, \u017ce oferowana przez nich us\u0142uga jest prosta w u\u017cyciu i godna zaufania.<\/p>\n\n\n\n<p>Sendspace ceni swoich u\u017cytkownik\u00f3w, a ich opinie i sugestie s\u0105 zawsze mile widziane. Sprawdzaj\u0105 ka\u017cd\u0105 wiadomo\u015b\u0107. Dla nich to tylko cz\u0119\u015b\u0107 ich po\u015bwi\u0119cenia, aby by\u0107 jak najbardziej korzystnym.<\/p>\n\n\n\n<h2>Zdalne przesy\u0142anie: co to jest?<\/h2>\n\n\n\n<p>To ustawienie jest dost\u0119pne dla u\u017cytkownik\u00f3w Sendspace Premium. Je\u015bli tw\u00f3j folder by\u0142 wcze\u015bniej hostowany gdzie\u015b w Internecie, Sendspace mo\u017ce go pobra\u0107 dla Ciebie i po\u0142\u0105czy\u0107 z Twoim kontem u\u017cytkownika. Wszystkie wymagania Sendspace to \u0142\u0105cze FTP lub HTT do danych, kt\u00f3re zostan\u0105 zgromadzone. Aby skorzysta\u0107 z tego ustawienia, przejd\u017a do \u0142\u0105cza okre\u015blanego jako \u201eZdalne przesy\u0142anie\u201d, a nast\u0119pnie wprowad\u017a szczeg\u00f3\u0142y \u0142\u0105cza. W razie potrzeby Sendspace weryfikuje tak\u017ce nazw\u0119 u\u017cytkownika i has\u0142o do uwierzytelnienia. Formularz URL dla miejsc w folderach wymagaj\u0105cych autoryzacji by\u0142by podobny do<\/p>\n\n\n\n<p>http:\/\/username:password@http.site.com\/file\/path\/name.example for an HTTP and link.ftp:\/\/username:password@ftp.yoursite.com\/file\/path\/name.example for an FTP URL.<\/p>\n\n\n\n<h2>Funkcje konta Premium w Sendspace<\/h2>\n\n\n\n<p>Opr\u00f3cz DARMOWEGO konta Sendspace istniej\u0105 dwa rodzaje kont Premium Sendspace, kt\u00f3re zapewniaj\u0105 wyj\u0105tkowe funkcje. Udost\u0119pnimy tabel\u0119 por\u00f3wnawcz\u0105, aby \u0142atwo pokaza\u0107, jakie s\u0105 r\u00f3\u017cnice mi\u0119dzy darmowym a korzystaj\u0105cym kontem Sendspace Premium od Pro-Base i Pro-Plus.<\/p>\n\n\n\n<figure class=\"wp-block-table\"><table class=\"\"><tbody><tr><td>CECHY<\/td><td>DARMOWE (do\u017cywotnie)<\/td><td>PRO-BASE<\/td><td>PRO-PLUS<\/td><\/tr><tr><td>Rozmiar pojedynczego pliku do *<\/td><td>300 MB<\/td><td>5 GB<\/td><td>10 GB<\/td><\/tr><tr><td>Przepustowo\u015b\u0107 \u0142\u0105cza bezpo\u015bredniego pobierania<\/td><td>\u2716<\/td><td>100 GB<\/td><td>300 GB<\/td><\/tr><tr><td>Nieograniczone do\u017cywotnie przechowywanie<\/td><td>Ograniczony (dost\u0119pne 30 dni)<\/td><td>\u2714\ufe0f<\/td><td>\u2714\ufe0f<\/td><\/tr><tr><td>Szybkie przesy\u0142anie i pobieranie bez reklam<\/td><td>\u2716<\/td><td>\u2714\ufe0f<\/td><td>\u2714\ufe0f<\/td><\/tr><tr><td>Udost\u0119pnij grup\u0119 plik\u00f3w jednym linkiem<\/td><td>Ograniczony<\/td><td>\u2714\ufe0f<\/td><td>\u2714\ufe0f<\/td><\/tr><tr><td>Pliki i foldery chronione has\u0142em<\/td><td>\u2716<\/td><td>\u2714\ufe0f<\/td><td>\u2714\ufe0f<\/td><\/tr><tr><td>Publiczny folder \/ widget przesy\u0142ania<\/td><td>\u2716<\/td><td>\u2714\ufe0f<\/td><td>\u2714\ufe0f<\/td><\/tr><tr><td>Dostosuj strony pobierania<\/td><td>\u2716<\/td><td>\u2714\ufe0f<\/td><td>\u2714\ufe0f<\/td><\/tr><tr><td>Statystyki przesy\u0142ania i pobierania plik\u00f3w<\/td><td>Podstawowy<\/td><td>\u2714\ufe0f<\/td><td>\u2714\ufe0f<\/td><\/tr><tr><td>Wersjonowanie plik\u00f3w<\/td><td>\u2716<\/td><td>\u2714\ufe0f<\/td><td>\u2714\ufe0f<\/td><\/tr><tr><td>Kontroluj pobieranie plik\u00f3w i ograniczenia dost\u0119pno\u015bci<\/td><td>\u2716<\/td><td>\u2714\ufe0f<\/td><td>\u2714\ufe0f<\/td><\/tr><tr><td>Skopiuj pliki Sendspace na swoje konto<\/td><td>\u2716<\/td><td>\u2714\ufe0f<\/td><td>\u2714\ufe0f<\/td><\/tr><tr><td>Wsparcie priorytetowe, odzyskiwanie plik\u00f3w<\/td><td>\u2716<\/td><td>\u2714\ufe0f<\/td><td>\u2714\ufe0f<\/td><\/tr><tr><td>Narz\u0119dzia stacjonarne i mobilne<\/td><td>Ograniczony<\/td><td>\u2714\ufe0f<\/td><td>\u2714\ufe0f<\/td><\/tr><\/tbody><\/table><\/figure>\n\n\n\n<p>Popularnym planem Sendspace jest Pro-Base Sendspace Premium Account, w kt\u00f3rym oferowane przez niego funkcje s\u0105 prawdopodobnie najbardziej idealnymi narz\u0119dziami, kt\u00f3rych ludzie obecnie potrzebuj\u0105. Je\u015bli jednak jeste\u015b kim\u015b, kto naprawd\u0119 potrzebowa\u0142 tego usprawnienia w udost\u0119pnianiu plik\u00f3w, za\u0142o\u017cymy si\u0119, \u017ce konto Pro-Plus Sendspace Premium jest odpowiednie dla Ciebie.<\/p>\n\n\n\n<h2>Stawki Sendspace Pro-Base i Pro-Plus<\/h2>\n\n\n\n<p>Ile zap\u0142aci\u0142by\u015b za tego rodzaju wyj\u0105tkowe funkcje z systemu? Poni\u017cej znajduje si\u0119 podgl\u0105d stawek Sendspace z trzema r\u00f3\u017cnymi czasami trwania planu dost\u0119pnymi w Sendspace.<\/p>\n\n\n\n<figure class=\"wp-block-table\"><table class=\"\"><tbody><tr><td>TRWANIE<\/td><td>PRO-BASE<\/td><td>PRO-PLUS<\/td><\/tr><tr><td>30 dni<\/td><td>$8.99<\/td><td>$19.99<\/td><\/tr><tr><td>6 miesi\u0119cy<\/td><td>$50.99<\/td><td>$113.99<\/td><\/tr><tr><td>1 rok<\/td><td>$96.99<\/td><td>$215.99<\/td><\/tr><\/tbody><\/table><\/figure>\n\n\n\n<p>U\u017cytkownicy Sendspace Premium mog\u0105 r\u00f3wnie\u017c cieszy\u0107 si\u0119 nieograniczonym hostingiem plik\u00f3w, kt\u00f3re nie zosta\u0142y pobrane od dawna. Poniewa\u017c Sendspace za darmo przechowuje tylko 30 dni hostowania pliku, kt\u00f3ry jest ju\u017c uwa\u017cany za nieaktywny.<\/p>\n\n\n\n<figure class=\"wp-block-image\"><img src=\"https:\/\/lh5.googleusercontent.com\/cb-Vw18TYphxG5xo6f69gF-LIvAo7vPWCn5c2XRE9tFfAab6WIuzkY1ZkvBOVY1xqvYwFkxa0pzi7p_igobHG7hm9SNK97VPSDhkjDxyuWFGFF-xcJAMfVOiQpm5n-u9wt_xAMc\" alt=\"Sendspace for Business\"\/><\/figure>\n\n\n\n<h2>Biznes Plan w Sendspace<\/h2>\n\n\n\n<p>Je\u015bli jednak kiedykolwiek wypr\u00f3bowa\u0142e\u015b darmow\u0105 wersj\u0119 i konto Sendspace Premium, potrzebujesz wi\u0119cej zarz\u0105dzania plikami wraz z innymi u\u017cytkownikami lub wsp\u00f3\u0142pracownikami, mo\u017cesz wypr\u00f3bowa\u0107 konto Sendspace Premium dla firm.<\/p>\n\n\n\n<p>Sendspace pomaga ma\u0142ym i \u015brednim firmom w ich plikach i przez lata dowiod\u0142y wydajno\u015bci systemu.<\/p>\n\n\n\n<figure class=\"wp-block-table\"><table class=\"\"><tbody><tr><td>CECHY PLANU BIZNESOWEGO<\/td><td>DARMOWE (14 dni)<\/td><td>PODSTAWOWY BIZNES<\/td><\/tr><tr><td>Po\u0142\u0105cz grup\u0119 robocz\u0105 u\u017cytkownik\u00f3w<\/td><td>\u2714\ufe0f<\/td><\/tr><tr><td>Wsp\u00f3\u0142pracuj z udost\u0119pnionymi folderami<\/td><td>\u2714\ufe0f<\/td><\/tr><tr><td>Wiadomo\u015bci b\u0142yskawiczne w witrynie<\/td><td>\u2714\ufe0f<\/td><\/tr><tr><td>Rozmiar pojedynczego pliku do *<\/td><td>10 GB<\/td><\/tr><tr><td>Przepustowo\u015b\u0107 \u0142\u0105cza bezpo\u015bredniego pobierania<\/td><td>300 GB<\/td><\/tr><tr><td>Nieograniczone do\u017cywotnie przechowywanie<\/td><td>\u2714\ufe0f<\/td><\/tr><tr><td>Szybkie przesy\u0142anie i pobieranie bez reklam<\/td><td>\u2714\ufe0f<\/td><\/tr><tr><td>Udost\u0119pnij grup\u0119 plik\u00f3w jednym linkiem<\/td><td>\u2714\ufe0f<\/td><\/tr><tr><td>Pliki i foldery chronione has\u0142em<\/td><td>\u2714\ufe0f<\/td><\/tr><tr><td>Publiczny folder \/ widget przesy\u0142ania<\/td><td>\u2714\ufe0f<\/td><\/tr><tr><td>Dostosuj strony pobierania<\/td><td>\u2714\ufe0f<\/td><\/tr><tr><td>Statystyki przesy\u0142ania i pobierania plik\u00f3w<\/td><td>\u2714\ufe0f<\/td><\/tr><tr><td>Wersjonowanie plik\u00f3w<\/td><td>\u2714\ufe0f<\/td><\/tr><tr><td>Kontroluj pobieranie plik\u00f3w i ograniczenia dost\u0119pno\u015bci<\/td><td>\u2714\ufe0f<\/td><\/tr><tr><td>Skopiuj pliki Sendspace na swoje konto<\/td><td>\u2714\ufe0f<\/td><\/tr><tr><td>Wsparcie priorytetowe, odzyskiwanie plik\u00f3w<\/td><td>\u2714\ufe0f<\/td><\/tr><tr><td>Narz\u0119dzia stacjonarne i mobilne<\/td><td>\u2714\ufe0f<\/td><\/tr><\/tbody><\/table><\/figure>\n\n\n\n<p>W przypadku biznesplanu w Sendspace stawki s\u0105 zawarte poni\u017cej:<\/p>\n\n\n<a class=\"maxbutton-2 maxbutton maxbutton-cta\" target=\"_blank\" rel=\"nofollow noopener\" href=\"\/go\/\"><span class='mb-text'>&gt;&gt; Przejd\u017a do strony Original Linkfier<\/span><\/a>\n\n\n<p><\/p>\n\n\n\n<figure class=\"wp-block-table\"><table class=\"\"><tbody><tr><td>TRWANIE<\/td><td>PODSTAWOWY BIZNES<\/td><\/tr><tr><td>30 dni<\/td><td>$49.99<\/td><\/tr><tr><td>6 miesi\u0119cy<\/td><td>$49.99<\/td><\/tr><tr><td>1 rok<\/td><td>$49.99<\/td><\/tr><\/tbody><\/table><\/figure>\n\n\n\n<figure class=\"wp-block-image\"><img src=\"https:\/\/lh5.googleusercontent.com\/F8Jn5bmDjZg7P5yMSdTdw7-V0r78J_POAqxXQxRSXytvCJRPJ52T-0mkS8ZlilMqQxIj83yEEY2e6pUnSrr_kN4gThgSJK0nLDPScMVFevUrNu3YahZmHJc608Wflj0pn8y4OpQ\" alt=\"Sendspace for Mobile\"\/><\/figure>\n\n\n\n<figure class=\"wp-block-image\"><img src=\"https:\/\/lh5.googleusercontent.com\/S4KqTjrL_fxRPqmAvqwe_9A_LoEqwHqO-Xdmb9wHhUDtS7oLYVyuoYWm9DXjh4mbI-mSaLS-r9IxCPbNAwt6zm9uJm0JSnCKe1pyiwmnrg8K29KiMtU7oW3xBGyzGjGuKt7frBQ\" alt=\"Google Play Icon\"\/><\/figure>\n\n\n\n<h2>Sendspace dla urz\u0105dze\u0144 mobilnych<\/h2>\n\n\n\n<p>Aby u\u0142atwi\u0107 Ci \u017cycie, tak, Sendspace opracowa\u0142 aplikacj\u0119 mobiln\u0105, aby ca\u0142y Tw\u00f3j plik by\u0142 dost\u0119pny i ca\u0142y czas w Twojej d\u0142oni. Dzi\u0119ki Sendspace dla telefon\u00f3w z systemem Android mo\u017cesz udost\u0119pnia\u0107, przesy\u0142a\u0107 i pobiera\u0107 pliki na sw\u00f3j telefon.<\/p>\n\n\n\n<p>Poprzez Sendspace dla Androida u\u017cytkownik mo\u017ce:<\/p>\n\n\n\n<ul><li>Przesy\u0142aj i rozpowszechniaj pliki z telefonu kom\u00f3rkowego z obs\u0142ug\u0105 Sendspace<\/li><li> Opublikuj tyle plik\u00f3w, ile potrzebujesz, bez ogranicze\u0144 miejsca na dysku<\/li><li> Wysy\u0142aj linki do pobierania innym osobom przez e-mail<\/li><li> U\u017cytkownicy mog\u0105 pobiera\u0107 swoje pliki bezpo\u015brednio ze swoich telefon\u00f3w kom\u00f3rkowych<\/li><li> Gwarantujemy, \u017ce Sendspace Mobile nie wyrz\u0105dzi szkody, poniewa\u017c nie ma reklam ani z\u0142o\u015bliwego oprogramowania<\/li><li> Wersja mobilna Sendspace jest u\u017cywana za darmo. Nie trzeba p\u0142aci\u0107, aby pobra\u0107 aplikacj\u0119 z Google Play.<\/li><\/ul>\n\n\n\n<figure class=\"wp-block-image\"><img src=\"https:\/\/lh4.googleusercontent.com\/W9Y2KW9D9rhP413G6C67zuhqXX22TpboVGUv6UISccgpZGU_H1kN6AAgDFGiRj3oM9Urnce7-udMHVmTVgpde1-8Dh-gsxY49_7_SC7JFrG3ILZfqaJg0sPxPkMe2Yr2YNDiLNk\" alt=\"Sendspace Bar code\"\/><\/figure>\n\n\n\n<p>Mo\u017cesz r\u00f3wnie\u017c zeskanowa\u0107 kod kreskowy za pomoc\u0105 urz\u0105dzenia z Androidem, aby znale\u017a\u0107 Sendspace dla Androida w Google Play.<\/p>\n\n\n\n<p>Korzystanie z Sendspace na urz\u0105dzeniu mobilnym z Androidem, przesy\u0142anie i wysy\u0142anie lub udost\u0119pnianie dowolnego typu pliku jest w porz\u0105dku. Wszystko to mo\u017cna r\u00f3wnie\u017c wykona\u0107 za pomoc\u0105 bezp\u0142atnego konta Sendspace. U\u017cytkownicy mog\u0105 r\u00f3wnie\u017c wys\u0142a\u0107 link do nadawcy poczt\u0105 e-mail. Niesamowite, prawda?<\/p>\n\n\n\n<p>Aplikacja mobilna Sendspace nie wy\u015bwietla reklam ani innych nieistotnych element\u00f3w w interfejsie, wystarczy rozpocz\u0105\u0107 prac\u0119 od interfejsu &#8211; dystrybuuj\u0105c przesy\u0142anie i pobieranie plik\u00f3w z telefonu kom\u00f3rkowego.<\/p>\n\n\n\n<h2>Narz\u0119dzie kreatora dla pulpitu Sendspace<\/h2>\n\n\n\n<figure class=\"wp-block-image\"><img src=\"https:\/\/lh6.googleusercontent.com\/n4hXh_UcGOvOahjTMUv-ewjtu-EeuDCEud8pF2jtHprhYm7vjA3K5dx_YvarqlzlLCOXsCZCrhv0FX8296RIWXX0g-M9kelJBmM7b0lYrXL1BdURk8e2EzfO4_9FhsBc31lL-GY\" alt=\"Sendspace for Desktop (Windows, Mac &amp; Linux)\"\/><\/figure>\n\n\n\n<p>Wizard Tool to bezp\u0142atne narz\u0119dzie komputerowe dla posiadaczy kont Sendspace Premium, a nawet darmowych cz\u0142onk\u00f3w. To narz\u0119dzie ma na celu uczynienie korzystania z Sendspace \u0142atwiejszym i wydajniejszym. Z narz\u0119dzia mog\u0105 korzysta\u0107 u\u017cytkownicy systemu Windows, Mac, a nawet Linux.<\/p>\n\n\n\n<p>Dzi\u0119ki narz\u0119dziu Wizard, wszyscy u\u017cytkownicy mog\u0105 przesy\u0142a\u0107 wiele plik\u00f3w jednocze\u015bnie, po prostu przeci\u0105gnij i upu\u015b\u0107 funkcje, dostosuj opisy ka\u017cdego pliku przed przes\u0142aniem, rozpowszechniaj linki do plik\u00f3w przez e-mail, zarz\u0105dzanie plikami nigdy nie by\u0142o bardziej dostosowane za pomoc\u0105 tego narz\u0119dzia i otrzymujesz automatyczne aktualizacje .<\/p>\n\n\n\n<h2>Sendspace DropBox<\/h2>\n\n\n\n<p>Sendbox DropBox to unikalne narz\u0119dzie do przesy\u0142ania, w kt\u00f3rym dane mog\u0105 by\u0107 przesy\u0142ane do ciebie od ka\u017cdej osoby, kt\u00f3ra nie jest w\u0142a\u015bcicielem konta w Sendspace lub z zewn\u0105trz Sendspace. Wszystkie dane przes\u0142ane do Dropspace Dropbox przechodz\u0105 natychmiast do wybranego portfela. Jest to podobne do posiadania spersonalizowanej cyfrowej skrzynki pocztowej dla du\u017cych portfeli danych.<\/p>\n\n\n\n<p>Ustawiasz ma\u0142y klucz widgetu DropBox na swoich stronach internetowych, a poszczeg\u00f3lne osoby mog\u0105 przesy\u0142a\u0107 bezpo\u015brednio z sieci w swoim wyci\u0105gu. Osoba przesy\u0142aj\u0105ca nie otrzyma linku do folderu. To jest tw\u00f3j indywidualny wyb\u00f3r, aby otrzymywa\u0107 poczt\u0119 za ka\u017cdym razem, gdy DropBox jest u\u017cywany.<\/p>\n\n\n\n<p>Je\u015bli kiedykolwiek portfolio plik\u00f3w jest prywatne, otrzymujesz portfolio plik\u00f3w do wykorzystania, jak chcesz. W\u0142a\u015bciciel konta okre\u015bla, czy plik ma by\u0107 dalej przechowywany, czy dystrybuowany. Ponadto, je\u015bli portfolio jest dystrybuowane, wszyscy, kt\u00f3rzy zidentyfikuj\u0105 udost\u0119pniony link do pliku, zobacz\u0105 przes\u0142ane dane i b\u0119d\u0105 mogli je pobra\u0107.<\/p>\n\n\n\n<p>Korzystaj\u0105c z Dropbox Dropbox, mo\u017cesz akceptowa\u0107 dane lub budowa\u0107 osobisty \u0142a\u0144cuch udost\u0119pniania plik\u00f3w, prezentuj\u0105c go praktycznie znajomym i firmom w celu wydajnego udost\u0119pniania plik\u00f3w. To ustawienie jest dost\u0119pne dla cz\u0142onk\u00f3w konta Sendspace Premium i jest zaprojektowane i regulowane w Mysendspace<\/p>\n\n\n\n<figure class=\"wp-block-image\"><img src=\"https:\/\/lh6.googleusercontent.com\/y8H0Mk1d7Gi2ZlW1JjOSzW2lVrKrl8weP2Bf5w3DMID2lXHiF1rLf-H5G0Mgtb4aTeDF5OHNPZlldo5bKjkx7o4Mj44Ybfks10-3TVSyd5ENwmCc1f6y5dEcmU8umGeRiBfoKME\" alt=\"Files accessible anywhere and anytime\"\/><\/figure>\n\n\n\n<h2>Co zrobi\u0107 po utracie \u0142\u0105cza do usuwania plik\u00f3w?<\/h2>\n\n\n\n<p>Zarejestrowane i zalogowane konta mog\u0105 kasowa\u0107 dane i foldery na swoim koncie, przechodz\u0105c do Moje konto -&gt; Moje pliki. Sendspace nie mo\u017ce uwierzytelni\u0107, \u017ce jeste\u015b w\u0142a\u015bcicielem dokument\u00f3w, je\u015bli nie jeste\u015b zarejestrowany, zalogowany i nie masz \u0142\u0105cza do wymazywania. W zwi\u0105zku z tym plik zostanie automatycznie zniszczony miesi\u0105c po ostatnim pobraniu. Wszelkie dalsze dzia\u0142ania nic nie zrobi\u0105.<\/p>\n\n\n\n<h2>Kto ma uprawnienia do usuni\u0119cia pliku z twojego konta?<\/h2>\n\n\n\n<p>Konto u\u017cytkownika i Sendspace mog\u0105 wy\u0142\u0105cznie usun\u0105\u0107 plik. Po przes\u0142aniu dokumentu zostanie udost\u0119pniony unikalny link do usuni\u0119cia pliku. Z drugiej strony, je\u015bli wybierzesz uwierzytelnianie wiadomo\u015bci e-mail, link usuwania zostanie do\u0142\u0105czony do tego konkretnego e-maila.<\/p>\n\n\n\n<p>Je\u015bli kto\u015b przesy\u0142a za pomoc\u0105 DropBox, nie otrzymuje link\u00f3w ani nie przekazuje wiadomo\u015bci e-mail. U\u017cytkownik lub w\u0142a\u015bciciel konta DropBox mo\u017ce ca\u0142kowicie usun\u0105\u0107 dokument. Zarejestrowane konta mog\u0105 aktualizowa\u0107 informacje i przenosi\u0107 swoje pliki na stronie internetowej \u201eMoje pliki\u201d. Odbiorcy twoich danych nie s\u0105 w stanie odrzuci\u0107 (opr\u00f3cz prezentowanego adresu URL usuwania) lub zaktualizowa\u0107 je.<\/p>\n\n\n\n<h2>Streszczenie<\/h2>\n\n\n\n<p>Teraz doszli\u015bmy do ko\u0144ca i musisz teraz przestudiowa\u0107 plany odpowiednie dla Ciebie lub Twojej firmy. Ilekro\u0107 musisz co\u015b zdecydowa\u0107, nale\u017cy to dok\u0142adnie zbada\u0107.<\/p>\n\n\n\n<p>Sendspace ma mn\u00f3stwo recenzji online, kt\u00f3re mo\u017cesz r\u00f3wnie\u017c przejrze\u0107. Szukaj dalej, a\u017c znajdziesz us\u0142ug\u0119, kt\u00f3ra odpowiada Twoim potrzebom.<\/p>\n\n\n\n<h2>Bibliografia<\/h2>\n\n\n\n<p><a href=\"https:\/\/www.cmpod.net\/all-transcripts\/history-file-sharing-part-1-2-rise-fall-napster_text\/\">www.cmpod.net\/all-transcripts\/history-file-sharing-part-1-2-rise-fall-napster_text\/<\/a><br><a href=\"https:\/\/www.smartfile.com\/blog\/an-all-too-brief-history-of-file-sharing\/\">www.smartfile.com\/blog\/an-all-too-brief-history-of-file-sharing\/<\/a><br><a href=\"https:\/\/www.thefreedictionary.com\/File+hosting\">www.thefreedictionary.com\/File+hosting<\/a><br><a href=\"https:\/\/beginnersbook.com\/2013\/04\/advantages-and-disadvantages-of-online-data-storage\/\">www.beginnersbook.com\/2013\/04\/advantages-and-disadvantages-of-online-data-storage\/<\/a><br><a href=\"https:\/\/www.technobezz.com\/5-benefits-online-data-storage\/\">www.technobezz.com\/5-benefits-online-data-storage\/<\/a><br><a href=\"https:\/\/www.quora.com\/What-is-cloud-storage-What-is-its-importance-in-the-modern-computer-world\">www.quora.com\/What-is-cloud-storage-What-is-its-importance-in-the-modern-computer-world<\/a><\/p>\n\n\n<a class=\"maxbutton-2 maxbutton maxbutton-cta\" target=\"_blank\" rel=\"nofollow noopener\" href=\"\/go\/\"><span class='mb-text'>&gt;&gt; Przejd\u017a do strony Original Linkfier<\/span><\/a>\n\n\n<p><\/p>\n","protected":false},"excerpt":{"rendered":"<p>Sendspace Przegl\u0105d Sendspace to nie tylko prosty dostawca hostingu plik\u00f3w, ale tak\u017ce oprogramowanie do udost\u0119pniania plik\u00f3w. Na dzie\u0144 dzisiejszy, ze<\/p>\n","protected":false},"author":2,"featured_media":0,"parent":0,"menu_order":0,"comment_status":"closed","ping_status":"closed","template":"","meta":[],"yoast_head":"<!-- This site is optimized with the Yoast SEO plugin v18.3 - https:\/\/yoast.com\/wordpress\/plugins\/seo\/ -->\n<title>SendSpace Premium Konto: Filehoster W Skr\u00f3cie<\/title>\n<meta name=\"description\" content=\"Czy SendSpace jest renomowanym dostawc\u0105, czy nie, odpowied\u017a mo\u017cna znale\u017a\u0107 w bie\u017c\u0105cym te\u015bcie na Multihoster.org \u279c Kliknij teraz \u271a, aby przeczyta\u0107 nasze do\u015bwiadczenia!\" \/>\n<meta name=\"robots\" content=\"index, follow, max-snippet:-1, max-image-preview:large, max-video-preview:-1\" \/>\n<link rel=\"canonical\" href=\"https:\/\/multihoster.org\/pl\/sendspace\/\" \/>\n<meta property=\"og:locale\" content=\"pl_PL\" \/>\n<meta property=\"og:type\" content=\"article\" \/>\n<meta property=\"og:title\" content=\"SendSpace Premium Konto: Filehoster W Skr\u00f3cie\" \/>\n<meta property=\"og:description\" content=\"Czy SendSpace jest renomowanym dostawc\u0105, czy nie, odpowied\u017a mo\u017cna znale\u017a\u0107 w bie\u017c\u0105cym te\u015bcie na Multihoster.org \u279c Kliknij teraz \u271a, aby przeczyta\u0107 nasze do\u015bwiadczenia!\" \/>\n<meta property=\"og:url\" content=\"https:\/\/multihoster.org\/pl\/sendspace\/\" \/>\n<meta property=\"og:site_name\" content=\"Multihoster.org\" \/>\n<meta property=\"article:modified_time\" content=\"2020-03-30T13:38:42+00:00\" \/>\n<meta property=\"og:image\" content=\"https:\/\/lh3.googleusercontent.com\/WjQlUlQJ23MPthwlLGbf0ndBToObt7-IkPsMKXMXS2OfiicbFdZ4ldswnaQLxICp2JVD3xJvbAjxBtJjxKKsA8yr9VuA3jcROL2jtcjuflbiG3n0kEBG9xjnPOjVzxfFV0fQZCM\" \/>\n<meta name=\"twitter:card\" content=\"summary\" \/>\n<meta name=\"twitter:label1\" content=\"Szacowany czas czytania\" \/>\n\t<meta name=\"twitter:data1\" content=\"8 minut\" \/>\n<script type=\"application\/ld+json\" class=\"yoast-schema-graph\">{\"@context\":\"https:\/\/schema.org\",\"@graph\":[{\"@type\":\"WebSite\",\"@id\":\"https:\/\/multihoster.org\/#website\",\"url\":\"https:\/\/multihoster.org\/\",\"name\":\"Multihoster.org\",\"description\":\"Reviews of the major Filehosting services\",\"potentialAction\":[{\"@type\":\"SearchAction\",\"target\":{\"@type\":\"EntryPoint\",\"urlTemplate\":\"https:\/\/multihoster.org\/?s={search_term_string}\"},\"query-input\":\"required name=search_term_string\"}],\"inLanguage\":\"pl-PL\"},{\"@type\":\"ImageObject\",\"@id\":\"https:\/\/multihoster.org\/pl\/sendspace\/#primaryimage\",\"inLanguage\":\"pl-PL\",\"url\":\"https:\/\/lh3.googleusercontent.com\/WjQlUlQJ23MPthwlLGbf0ndBToObt7-IkPsMKXMXS2OfiicbFdZ4ldswnaQLxICp2JVD3xJvbAjxBtJjxKKsA8yr9VuA3jcROL2jtcjuflbiG3n0kEBG9xjnPOjVzxfFV0fQZCM\",\"contentUrl\":\"https:\/\/lh3.googleusercontent.com\/WjQlUlQJ23MPthwlLGbf0ndBToObt7-IkPsMKXMXS2OfiicbFdZ4ldswnaQLxICp2JVD3xJvbAjxBtJjxKKsA8yr9VuA3jcROL2jtcjuflbiG3n0kEBG9xjnPOjVzxfFV0fQZCM\"},{\"@type\":\"WebPage\",\"@id\":\"https:\/\/multihoster.org\/pl\/sendspace\/#webpage\",\"url\":\"https:\/\/multihoster.org\/pl\/sendspace\/\",\"name\":\"SendSpace Premium Konto: Filehoster W Skr\u00f3cie\",\"isPartOf\":{\"@id\":\"https:\/\/multihoster.org\/#website\"},\"primaryImageOfPage\":{\"@id\":\"https:\/\/multihoster.org\/pl\/sendspace\/#primaryimage\"},\"datePublished\":\"2020-03-30T13:38:39+00:00\",\"dateModified\":\"2020-03-30T13:38:42+00:00\",\"description\":\"Czy SendSpace jest renomowanym dostawc\u0105, czy nie, odpowied\u017a mo\u017cna znale\u017a\u0107 w bie\u017c\u0105cym te\u015bcie na Multihoster.org \u279c Kliknij teraz \u271a, aby przeczyta\u0107 nasze do\u015bwiadczenia!\",\"breadcrumb\":{\"@id\":\"https:\/\/multihoster.org\/pl\/sendspace\/#breadcrumb\"},\"inLanguage\":\"pl-PL\",\"potentialAction\":[{\"@type\":\"ReadAction\",\"target\":[\"https:\/\/multihoster.org\/pl\/sendspace\/\"]}]},{\"@type\":\"BreadcrumbList\",\"@id\":\"https:\/\/multihoster.org\/pl\/sendspace\/#breadcrumb\",\"itemListElement\":[{\"@type\":\"ListItem\",\"position\":1,\"name\":\"Startseite\",\"item\":\"https:\/\/multihoster.org\/pl\/\"},{\"@type\":\"ListItem\",\"position\":2,\"name\":\"SendSpace Premium Konto: Filehoster W Skr\u00f3cie\"}]}]}<\/script>\n<!-- \/ Yoast SEO plugin. -->","yoast_head_json":{"title":"SendSpace Premium Konto: Filehoster W Skr\u00f3cie","description":"Czy SendSpace jest renomowanym dostawc\u0105, czy nie, odpowied\u017a mo\u017cna znale\u017a\u0107 w bie\u017c\u0105cym te\u015bcie na Multihoster.org \u279c Kliknij teraz \u271a, aby przeczyta\u0107 nasze do\u015bwiadczenia!","robots":{"index":"index","follow":"follow","max-snippet":"max-snippet:-1","max-image-preview":"max-image-preview:large","max-video-preview":"max-video-preview:-1"},"canonical":"https:\/\/multihoster.org\/pl\/sendspace\/","og_locale":"pl_PL","og_type":"article","og_title":"SendSpace Premium Konto: Filehoster W Skr\u00f3cie","og_description":"Czy SendSpace jest renomowanym dostawc\u0105, czy nie, odpowied\u017a mo\u017cna znale\u017a\u0107 w bie\u017c\u0105cym te\u015bcie na Multihoster.org \u279c Kliknij teraz \u271a, aby przeczyta\u0107 nasze do\u015bwiadczenia!","og_url":"https:\/\/multihoster.org\/pl\/sendspace\/","og_site_name":"Multihoster.org","article_modified_time":"2020-03-30T13:38:42+00:00","og_image":[{"url":"https:\/\/lh3.googleusercontent.com\/WjQlUlQJ23MPthwlLGbf0ndBToObt7-IkPsMKXMXS2OfiicbFdZ4ldswnaQLxICp2JVD3xJvbAjxBtJjxKKsA8yr9VuA3jcROL2jtcjuflbiG3n0kEBG9xjnPOjVzxfFV0fQZCM"}],"twitter_card":"summary","twitter_misc":{"Szacowany czas czytania":"8 minut"},"schema":{"@context":"https:\/\/schema.org","@graph":[{"@type":"WebSite","@id":"https:\/\/multihoster.org\/#website","url":"https:\/\/multihoster.org\/","name":"Multihoster.org","description":"Reviews of the major Filehosting services","potentialAction":[{"@type":"SearchAction","target":{"@type":"EntryPoint","urlTemplate":"https:\/\/multihoster.org\/?s={search_term_string}"},"query-input":"required name=search_term_string"}],"inLanguage":"pl-PL"},{"@type":"ImageObject","@id":"https:\/\/multihoster.org\/pl\/sendspace\/#primaryimage","inLanguage":"pl-PL","url":"https:\/\/lh3.googleusercontent.com\/WjQlUlQJ23MPthwlLGbf0ndBToObt7-IkPsMKXMXS2OfiicbFdZ4ldswnaQLxICp2JVD3xJvbAjxBtJjxKKsA8yr9VuA3jcROL2jtcjuflbiG3n0kEBG9xjnPOjVzxfFV0fQZCM","contentUrl":"https:\/\/lh3.googleusercontent.com\/WjQlUlQJ23MPthwlLGbf0ndBToObt7-IkPsMKXMXS2OfiicbFdZ4ldswnaQLxICp2JVD3xJvbAjxBtJjxKKsA8yr9VuA3jcROL2jtcjuflbiG3n0kEBG9xjnPOjVzxfFV0fQZCM"},{"@type":"WebPage","@id":"https:\/\/multihoster.org\/pl\/sendspace\/#webpage","url":"https:\/\/multihoster.org\/pl\/sendspace\/","name":"SendSpace Premium Konto: Filehoster W Skr\u00f3cie","isPartOf":{"@id":"https:\/\/multihoster.org\/#website"},"primaryImageOfPage":{"@id":"https:\/\/multihoster.org\/pl\/sendspace\/#primaryimage"},"datePublished":"2020-03-30T13:38:39+00:00","dateModified":"2020-03-30T13:38:42+00:00","description":"Czy SendSpace jest renomowanym dostawc\u0105, czy nie, odpowied\u017a mo\u017cna znale\u017a\u0107 w bie\u017c\u0105cym te\u015bcie na Multihoster.org \u279c Kliknij teraz \u271a, aby przeczyta\u0107 nasze do\u015bwiadczenia!","breadcrumb":{"@id":"https:\/\/multihoster.org\/pl\/sendspace\/#breadcrumb"},"inLanguage":"pl-PL","potentialAction":[{"@type":"ReadAction","target":["https:\/\/multihoster.org\/pl\/sendspace\/"]}]},{"@type":"BreadcrumbList","@id":"https:\/\/multihoster.org\/pl\/sendspace\/#breadcrumb","itemListElement":[{"@type":"ListItem","position":1,"name":"Startseite","item":"https:\/\/multihoster.org\/pl\/"},{"@type":"ListItem","position":2,"name":"SendSpace Premium Konto: Filehoster W Skr\u00f3cie"}]}]}},"_links":{"self":[{"href":"https:\/\/multihoster.org\/pl\/wp-json\/wp\/v2\/pages\/2847"}],"collection":[{"href":"https:\/\/multihoster.org\/pl\/wp-json\/wp\/v2\/pages"}],"about":[{"href":"https:\/\/multihoster.org\/pl\/wp-json\/wp\/v2\/types\/page"}],"author":[{"embeddable":true,"href":"https:\/\/multihoster.org\/pl\/wp-json\/wp\/v2\/users\/2"}],"replies":[{"embeddable":true,"href":"https:\/\/multihoster.org\/pl\/wp-json\/wp\/v2\/comments?post=2847"}],"version-history":[{"count":2,"href":"https:\/\/multihoster.org\/pl\/wp-json\/wp\/v2\/pages\/2847\/revisions"}],"predecessor-version":[{"id":2942,"href":"https:\/\/multihoster.org\/pl\/wp-json\/wp\/v2\/pages\/2847\/revisions\/2942"}],"wp:attachment":[{"href":"https:\/\/multihoster.org\/pl\/wp-json\/wp\/v2\/media?parent=2847"}],"curies":[{"name":"wp","href":"https:\/\/api.w.org\/{rel}","templated":true}]}}