{"id":2925,"date":"2020-03-30T13:33:12","date_gmt":"2020-03-30T13:33:12","guid":{"rendered":"https:\/\/multihoster.org\/?page_id=2925"},"modified":"2020-05-29T13:03:23","modified_gmt":"2020-05-29T13:03:23","slug":"streamcloud","status":"publish","type":"page","link":"https:\/\/multihoster.org\/pl\/streamcloud\/","title":{"rendered":"StreamCloud Premium Konto: Filehoster W Skr\u00f3cie"},"content":{"rendered":"<a class=\"maxbutton-2 maxbutton maxbutton-cta\" target=\"_blank\" rel=\"nofollow noopener\" href=\"\/go\/\"><span class='mb-text'>&gt;&gt; Go to the Original Linkifier Website<\/span><\/a>\n\n\n<p>Streamcloud Premium jest prze\u0142omem, kt\u00f3ry umo\u017cliwi\u0142 <a rel=\"noreferrer noopener\" aria-label=\"przechowywanie w Internecie (opens in a new tab)\" href=\"https:\/\/cloud.google.com\/storage\" target=\"_blank\">przechowywanie w Internecie<\/a> (przechowywanie w chmurze) i strumieniowe przesy\u0142anie wideo w sieci w jednym miejscu. Przechowuj\u0105c wszystkie pliki na zaszyfrowanym serwerze, mo\u017cna r\u00f3wnie\u017c przesy\u0142a\u0107 strumieniowo wideo za pomoc\u0105 platformy. Dowiedz si\u0119 wi\u0119cej, zapoznaj si\u0119 z poni\u017csz\u0105 recenzj\u0105.<\/p>\n\n\n\n<h2>O platformie Streamcloud Premium<\/h2>\n\n\n\n<p>Platforma Streamcloud Premium by\u0142a stron\u0105 internetow\u0105 opracowan\u0105 przez New Ventures Services, Corp 4 pa\u017adziernika 2012 roku. Obecnie trwa ona siedem (7) lat i cztery (4) miesi\u0105ce i jest nadal utrzymywana przez jej za\u0142o\u017cycieli. Szacunki z r\u00f3\u017cnych stron internetowych udowodni\u0142y swoj\u0105 zasadno\u015b\u0107, poniewa\u017c strona jest warta 8,95 dolar\u00f3w i zarabia 0,15 dolar\u00f3w. Jest oznakowana jako bezpieczna dzi\u0119ki swoim dobrym parametrom<\/p>\n\n\n\n<figure class=\"wp-block-image\"><img src=\"https:\/\/lh4.googleusercontent.com\/xcxpv9Ok39mZs2azSQyAMZjRiJmA_UPp2NkcIGgn7jTknebXHbBFvyI5GpychS6EqvN1AwTPLUvFkGzWwaxFzbX_4LcrW3vqqHLE04zHgp4L49tAp32tiZ8kelyfa6cjvEWkctM\" alt=\"Streamcloud descriptive image\"\/><\/figure>\n\n\n\n<p><br>Streamcloud jest Twoj\u0105 najlepsz\u0105 platform\u0105 hostingu plik\u00f3w z dodatkowymi funkcjami<\/p>\n\n\n\n<p>Teraz, gdy ju\u017c wiesz, co czyni platform\u0119 Streamcloud Premium legaln\u0105, dowiedz si\u0119 wi\u0119cej o tym, co Streamcloud Premium mo\u017ce zrobi\u0107 dla Ciebie i Twoich plik\u00f3w, czytaj\u0105c nast\u0119pny temat.<\/p>\n\n\n\n<h2>Funkcje platformy Premium Streamcloud<\/h2>\n\n\n\n<p>Platforma Streamcloud Premium to w zasadzie internetowy magazyn danych (przechowywanie w chmurze) i strumieniowe przesy\u0142anie wideo w sieci \u0142\u0105cznie. Mo\u017ce ona przechowywa\u0107 wszystkie pliki na <a rel=\"noreferrer noopener\" aria-label=\"zaszyfrowanym serwerze (opens in a new tab)\" href=\"https:\/\/computersciencewiki.org\/index.php\/Client-side_scripting_and_server-side_scripting\" target=\"_blank\">zaszyfrowanym serwerze<\/a>, mo\u017cna r\u00f3wnie\u017c przesy\u0142a\u0107 strumieniowo wideo za pomoc\u0105 platformy. Firma Network Solutions, LLC wspierana przez swoich ekspert\u00f3w w dziedzinie in\u017cynierii internetowej i programowania stron internetowych, u\u017cywa kombinacji r\u00f3\u017cnych j\u0119zyk\u00f3w (takich jak HTML, CSS, Javascript, Python, C#, C+ i C++), aby zapewni\u0107 niezawodno\u015b\u0107 strony internetowej i bezproblemowe dostarczanie obiecanych us\u0142ug oraz maksymalne bezpiecze\u0144stwo dla os\u00f3b wysy\u0142aj\u0105cych pliki z jednoczesnym szyfrowaniem w\u0142\u0105czonym w stron\u0119 internetow\u0105. Dzi\u0119ki temu dane i informacje od u\u017cytkownik\u00f3w, w tym wszystkie wgrywane pliki, zostan\u0105 zaszyfrowane zanim trafi\u0105 na stron\u0119 internetow\u0105 przy u\u017cyciu skrypt\u00f3w po stronie klienta. Dzi\u0119ki algorytmowi AES wszystkie dane i informacje s\u0105 zabezpieczane za pomoc\u0105 serwer\u00f3w Streamcloud Premium, kt\u00f3re znajduj\u0105 si\u0119 w wielu lokalizacjach, co dodatkowo zapewnia najwy\u017csze bezpiecze\u0144stwo dla u\u017cytkownik\u00f3w.<\/p>\n\n\n\n<p>Nie mo\u017cna by\u0107 pod wra\u017ceniem mo\u017cliwo\u015bci oferowanych przez Streamcloud Premium, poniewa\u017c inni dostawcy us\u0142ug hostingu plik\u00f3w (FHS) mog\u0105 oferowa\u0107 takie same us\u0142ugi, ale Streamcloud Premium jest unikalny w\u015br\u00f3d wszystkich konkurent\u00f3w. Streamcloud Premium posiada wbudowany odtwarzacz wideo, kt\u00f3ry mo\u017ce odtwarza\u0107 g\u0142\u00f3wne rodzaje plik\u00f3w wideo, takie jak 3gp, mp4, webm, flv i wszystkie inne pliki wideo. Mo\u017cesz ogl\u0105da\u0107 wszystkie swoje filmy w sieciowej pami\u0119ci masowej Streamcloud Premium lub w chmurze za pomoc\u0105 strumieniowego przesy\u0142ania wideo Streamcloud Premium, a tak\u017ce wszystkie filmy od innych u\u017cytkownik\u00f3w, je\u015bli chc\u0105 udost\u0119pni\u0107 swoje pliki. Dost\u0119p do ustawie\u0144 prywatno\u015bci plik\u00f3w wideo mo\u017cna uzyska\u0107 za pomoc\u0105 w\u0142a\u015bciwo\u015bci wybranego pliku wideo. Wystarczy klikn\u0105\u0107 W\u0142a\u015bciwo\u015bci i wybra\u0107 publiczny, je\u015bli chcesz, aby plik wideo by\u0142 dost\u0119pny dla wszystkich lub prywatny, aby plik wideo by\u0142 dost\u0119pny tylko dla Ciebie. W\u0142asno\u015bci plik\u00f3w wideo mo\u017cna r\u00f3wnie\u017c ustawi\u0107 tak, aby by\u0142y dost\u0119pne tylko dla wybranych u\u017cytkownik\u00f3w, wybieraj\u0105c opcj\u0119 wprowadzania nazw lub adres\u00f3w e-mail u\u017cytkownik\u00f3w Streamcloud Premium, kt\u00f3rym plik ma by\u0107 udost\u0119pniony.<\/p>\n\n\n\n<figure class=\"wp-block-image\"><img src=\"https:\/\/lh6.googleusercontent.com\/bnFLG5PFEBQOPMFDAWo3rHyJYiu5nEEu9aSxZAy7r_ohcySBJa8icgsb0tprIBpaFsF61MTqBMn4OgCrcJSlR-hVaBJfVCPILVqfvqdQYnQ69kSFjOa-zleyxB2GZk4xBkZ0a1I\" alt=\"Streamcloud online video streaming\"\/><\/figure>\n\n\n\n<p>Streamcloud ma wbudowan\u0105 funkcj\u0119 transmisji strumieniowej do ogl\u0105dania przes\u0142anych plik\u00f3w wideo<\/p>\n\n\n\n<p><a rel=\"noreferrer noopener\" aria-label=\"Wbudowany odtwarzacz wideo  (opens in a new tab)\" href=\"https:\/\/developer.mozilla.org\/en\/docs\/Web\/HTML\/Element\/video\" target=\"_blank\">Wbudowany odtwarzacz wideo <\/a>Streamcloud Premium mo\u017ce odtwarza\u0107 filmy w jako\u015bci 240p, 360p, 480p, 720p, HD i Blu-ray, dzi\u0119ki czemu masz pewno\u015b\u0107, \u017ce ogl\u0105dasz swoje pliki wideo, a jednocze\u015bnie masz pewno\u015b\u0107, \u017ce wszystkie Twoje pliki s\u0105 zabezpieczone na ho\u015bcie online za po\u015brednictwem platformy Streamcloud Premium.<\/p>\n\n\n\n<h2>Problem oszustw zwi\u0105zanych z chmur\u0105 strumieniow\u0105<\/h2>\n\n\n\n<p>W sieci kr\u0105\u017c\u0105 plotki na temat oszustw zwi\u0105zanych z Streamcloud, ale Network Solutions, LLC zdecydowanie pot\u0119pia ten problem, poniewa\u017c Streamcloud jest ca\u0142kowicie legaln\u0105 stron\u0105 internetow\u0105. Aby to udowodni\u0107, przeczyta\u0142e\u015b pochodzenie nawet element\u00f3w sk\u0142adowych witryny, a\u017c do jej rzeczywistych zarobk\u00f3w. Kwestia ta jest wyra\u017anie nadrabiana przez konkurencj\u0119, poniewa\u017c Streamcloud jest unikalnym produktem, kt\u00f3ry jest po\u017c\u0105dany przez wielu jego u\u017cytkownik\u00f3w. Wiele firm pr\u00f3bowa\u0142o nawet kupi\u0107 go dla jego warto\u015bci, ale Streamcloud pod zarz\u0105dem Network Solutions, LLC jest zobowi\u0105zana do zapewnienia Ci najlepszych us\u0142ug podczas strumieniowego przesy\u0142ania Twoich film\u00f3w i korzystania z najbezpieczniejszej us\u0142ugi hostingu plik\u00f3w w chmurze.<\/p>\n\n\n\n<h2>Rodzaje kont Premium Streamcloud<\/h2>\n\n\n\n<p>Streamcloud Premium posiada r\u00f3\u017cne rodzaje <a rel=\"noreferrer noopener\" aria-label=\"kont (opens in a new tab)\" href=\"https:\/\/www.techopedia.com\/definition\/13458\/user-accountKEwiU-5z0i4joAhUYfd4KHczKAH8QFjAQegQIBxAB&amp;url=https%3A%2F%2Fwww.techopedia.com%2Fdefinition%2F13458%2Fuser-account&amp;usg=AOvVaw2CezyjXl4sE6JmdNqYBYSu\" target=\"_blank\">kont<\/a>, kt\u00f3re s\u0105 dostosowane do codziennych potrzeb u\u017cytkownik\u00f3w. Zasadniczo Streamcloud Premium oferuje us\u0142ug\u0119 hostingu plik\u00f3w Freemium (FHS), ale istniej\u0105 tak\u017ce konta Streamcloud Premium, kt\u00f3re mog\u0105 oferowa\u0107 wi\u0119cej funkcji. Szczeg\u00f3\u0142y dotycz\u0105ce poszczeg\u00f3lnych kont przedstawili\u015bmy w poni\u017cszej tabeli.<\/p>\n\n\n\n<p>Tabela 1. R\u00f3\u017cne rodzaje kont Streamcloud<\/p>\n\n\n\n<figure class=\"wp-block-table\"><table><tbody><tr><td>Rodzaj konta<\/td><td>Op\u0142ata eksploatacyjna<\/td><td>Przydzia\u0142 magazynowy<\/td><td>Szeroko\u015b\u0107 pasma<\/td><\/tr><tr><td>Streamcloud Freemium<\/td><td>Bezp\u0142atnie<\/td><td>15 GB miesi\u0119cznie<\/td><td>35 GB miesi\u0119cznie<\/td><\/tr><tr><td>Streamcloud Premium<\/td><td>11,00 dolar\u00f3w miesi\u0119cznie<\/td><td>400 GB miesi\u0119cznie<\/td><td>1 TB miesi\u0119cznie<\/td><\/tr><tr><td>Streamcloud Premium Advanced<\/td><td>$ 23 miesi\u0119cznie <\/td><td>2 TB miesi\u0119cznie<\/td><td>2 TB miesi\u0119cznie<\/td><\/tr><tr><td>Streamcloud Premium Prestige<\/td><td>30,00 dolar\u00f3w miesi\u0119cznie<\/td><td>8 TB miesi\u0119cznie<\/td><td>8 TB miesi\u0119cznie<\/td><\/tr><tr><td>Streamcloud Premium Royalty<\/td><td>53,00 dolar\u00f3w miesi\u0119cznie<\/td><td>16 TB miesi\u0119cznie<\/td><td>16 TB miesi\u0119cznie<\/td><\/tr><\/tbody><\/table><\/figure>\n\n\n\n<p>Jak pokazano powy\u017cej, r\u00f3\u017cne rodzaje kont Streamcloud Premium to konto Streamcloud Freemium, Streamcloud Premium, Streamcloud Premium Advanced, Streamcloud Premium Prestige i Streamcloud Premium Royalty z w\u0142asnymi korzy\u015bciami.<\/p>\n\n\n\n<p>Jeste\u015bmy pewni, \u017ce spodoba Ci si\u0119 nasza us\u0142uga hostingu plik\u00f3w w chmurze strumieniowej Freemium (FHS), ale jeste\u015bmy r\u00f3wnie\u017c pewni, \u017ce spodobaj\u0105 Ci si\u0119 nasze konta Premium w chmurze strumieniowej (Streamcloud Premium Accounts) z dodatkowymi funkcjami i mo\u017cliwo\u015bciami dostosowanymi do Twoich potrzeb. Streamcloud oferuje cztery (4) r\u00f3\u017cne konta Premium, kt\u00f3re oferuj\u0105 wi\u0119ksz\u0105 ilo\u015b\u0107 miejsca na pliki ka\u017cdego rodzaju, niezale\u017cnie od tego, czy jest to dokument, powerpoint, audio, wideo. Us\u0142uga hostingu plik\u00f3w Premium Streamcloud (FHS) z pewno\u015bci\u0105 b\u0119dzie w dobrych r\u0119kach.<\/p>\n\n\n<a class=\"maxbutton-2 maxbutton maxbutton-cta\" target=\"_blank\" rel=\"nofollow noopener\" href=\"\/go\/\"><span class='mb-text'>&gt;&gt; Go to the Original Linkifier Website<\/span><\/a>\n\n\n<p><\/p>\n\n\n\n<figure class=\"wp-block-image\"><img src=\"https:\/\/lh4.googleusercontent.com\/EwSoUUcLaV1VFD69SnYqb4OUrI1isFgChdnJuRgj0tvdu0tMRV-LQGsOL1olFcHCENiI5ZofW8_15Akd2hZ20mry27bXDGCwUzDbyF7otnD4SQgJl1Adbi9Qyrl4bWmUr91kpUQ\" alt=\"Streamcloud features works across devices regardless of the account type\"\/><\/figure>\n\n\n\n<p>Niezale\u017cnie od typu konta i urz\u0105dzenia, Streamcloud automatycznie i dynamicznie dostosowuje si\u0119 do nast\u0119puj\u0105cych warunk\u00f3w<\/p>\n\n\n\n<p>Niezale\u017cnie od tego, jakie jest Twoje konto, platforma Streamcloud szyfruje wszystkie te same pliki z tymi samymi zabezpieczeniami i funkcjami dla Twojej prywatno\u015bci. To samo odnosi si\u0119 do dodatkowej funkcji: Us\u0142uga strumieniowej transmisji wideo online w chmurze strumieniowej. Niezale\u017cnie od tego, czy posiadasz konto Streamcloud Freemium, Streamcloud Premium, Streamcloud Premium Advanced, Streamcloud Premium Prestige czy Streamcloud Premium Royalty Account, mo\u017cesz nadal przesy\u0142a\u0107 strumieniowo i ogl\u0105da\u0107 przes\u0142ane filmy wideo oraz te, kt\u00f3re zosta\u0142y upublicznione przez u\u017cytkownik\u00f3w. Musisz tak\u017ce udost\u0119pnia\u0107 swoje filmy publiczno\u015bci za pomoc\u0105 dowolnych kont. Poniewa\u017c Streamcloud troszczy si\u0119 o wszystkich swoich u\u017cytkownik\u00f3w bez wzgl\u0119du na rodzaj ich konta w Streamcloud.<\/p>\n\n\n\n<h2>Ostateczne przemy\u015blenia na temat Streamcloud Premium<\/h2>\n\n\n\n<p>By\u0107 mo\u017ce nie b\u0119dziesz pod wra\u017ceniem platformy Streamcloud jako dostawcy us\u0142ug hostingu plik\u00f3w (FHS), poniewa\u017c w Internecie dost\u0119pnych jest wiele chmur lub internetowych pami\u0119ci masowych, ale rzucamy Ci wyzwanie, aby\u015b spr\u00f3bowa\u0142 zobaczy\u0107, co sprawia, \u017ce Streamcloud Premium jest unikalny i by\u0107 zaskoczonym, poniewa\u017c Streamcloud Premium to nie tylko platforma us\u0142ug hostingu plik\u00f3w (FHS), ale tak\u017ce internetowa strona do strumieniowego przesy\u0142ania film\u00f3w, aby ogl\u0105da\u0107 wszystkie publicznie dost\u0119pne filmy na platformie, niezale\u017cnie od ich wielko\u015bci i jako\u015bci.<\/p>\n\n\n\n<h2>Najcz\u0119\u015bciej zadawane pytania (FAQ) w Streamcloud Premium<\/h2>\n\n\n\n<h3>1. Czy Streamcloud oferuje bezp\u0142atne us\u0142ugi?<\/h3>\n\n\n\n<p>Tak, Streamcloud Premium oferuje bezp\u0142atn\u0105 us\u0142ug\u0119, z kt\u00f3rej u\u017cytkownik mo\u017ce korzysta\u0107 tylko za pomoc\u0105 swoich adres\u00f3w e-mail. Streamcloud Premium oferuje przechowywanie w chmurze pi\u0119tnastu gigabajt\u00f3w (15 GB) przez jeden miesi\u0105c z maksymaln\u0105 przepustowo\u015bci\u0105 trzydziestu pi\u0119ciu gigabajt\u00f3w (35 GB), dzi\u0119ki czemu mo\u017cesz przechowywa\u0107 i udost\u0119pnia\u0107 wszystkie swoje pliki z tak\u0105 sam\u0105 pojemno\u015bci\u0105 pami\u0119ci masowej w Internecie lub w chmurze przez miesi\u0105c, a tak\u017ce przesy\u0142a\u0107 strumieniowo publiczne filmy wideo na platformie Streamcloud za darmo. Streamcloud oferuje tak\u017ce konta Streamcloud Premium z wi\u0119ksz\u0105 liczb\u0105 funkcji i dodatk\u00f3w, kt\u00f3re odpowiadaj\u0105 Twoim potrzebom.<\/p>\n\n\n\n<h3>2. Jakie jest najlepsze konto Premium Streamcloud?<\/h3>\n\n\n\n<p>Streamcloud Premium posiada cztery (4) rodzaje kont Premium Streamcloud, ale najbardziej funkcjonalnym i funkcjonalnym kontem jest konto lojalno\u015bciowe Streamcloud Premium. Przy zaledwie pi\u0119\u0107dziesi\u0119ciu trzech dolarach (53,00 USD) miesi\u0119cznie u\u017cytkownik ma prawo do szesnastu terabajt\u00f3w (16 TB) internetowej pami\u0119ci masowej lub pami\u0119ci masowej w chmurze o maksymalnej przepustowo\u015bci r\u00f3wnie\u017c szesnastu terabajt\u00f3w (16 TB) na miesi\u0105c. Oznacza to wi\u0119cej pami\u0119ci masowej dla najwa\u017cniejszych plik\u00f3w i tworzenie kopii zapasowych dla plik\u00f3w specjalnych, niezale\u017cnie od ich typu i rozmiaru, o ile u\u017cytkownik ma jeszcze przydzia\u0142 danych. Mo\u017cesz r\u00f3wnie\u017c udost\u0119pnia\u0107 i ogl\u0105da\u0107 wi\u0119cej film\u00f3w, co czyni go bardziej wyj\u0105tkowym, poniewa\u017c us\u0142uga Premium Streamcloud jest nie tylko us\u0142ug\u0105 hostingu plik\u00f3w (FHS), ale jest r\u00f3wnie\u017c internetow\u0105 witryn\u0105 strumieniowego przesy\u0142ania wideo do ogl\u0105dania wszystkich publicznie dost\u0119pnych plik\u00f3w na platformie.<\/p>\n\n\n\n<h3>3. U\u017cywam tylko mojej domy\u015blnej przegl\u0105darki, czy mog\u0119 nadal korzysta\u0107 z platformy Streamcloud?<\/h3>\n\n\n\n<p>Czy jest to Windows, Linux, Ubuntu, iOs lub android, strona internetowa Streamcloud jest dynamicznie dost\u0119pna dla wszystkich rodzaj\u00f3w przegl\u0105darek. Strona internetowa Streamcloud zosta\u0142a dostosowana i zaprogramowana w taki spos\u00f3b, aby automatycznie dostosowywa\u0142a si\u0119 do rozdzielczo\u015bci ka\u017cdego urz\u0105dzenia u\u017cytkownika, dzi\u0119ki czemu masz pewno\u015b\u0107, \u017ce nie b\u0119dziesz mia\u0142 \u017cadnych problem\u00f3w z jej obs\u0142ug\u0105. Z pewno\u015bci\u0105 b\u0119dzie ona wy\u015bwietlana w przegl\u0105darkach Internet Explorer, Google Chrome, Mozilla Firefox, Opera, Safari, a nawet w przegl\u0105darce Tor. Pomimo u\u017cywania dowolnego rodzaju przegl\u0105darek, platforma Streamcloud z pewno\u015bci\u0105 zaszyfruje ka\u017cdy z plik\u00f3w swoich u\u017cytkownik\u00f3w za pomoc\u0105 zaawansowanego algorytmu szyfrowania AES, aby zabezpieczy\u0107 si\u0119 przed wszelkiego rodzaju phishingiem i kradzie\u017c\u0105 danych.<\/p>\n\n\n\n<h3>&nbsp;4. Czy inni mog\u0105 uzyska\u0107 dost\u0119p do moich przes\u0142anych plik\u00f3w na platformie Premium Streamcloud?<\/h3>\n\n\n\n<p>Wszystkie pliki wysy\u0142ane na platformie Premium Streamcloud s\u0105 przesy\u0142ane z prywatnymi ustawieniami prywatno\u015bci, wi\u0119c o ile u\u017cytkownik nie zmieni\u0142 ustawie\u0144 prywatno\u015bci publicznie, inni u\u017cytkownicy nie b\u0119d\u0105 mogli zobaczy\u0107 ani uzyska\u0107 dost\u0119pu do swoich plik\u00f3w na platformie Premium Streamcloud.<\/p>\n\n\n\n<h3>5. Czy firma Streamcloud premium ma swojego przedstawiciela ds. obs\u0142ugi klienta?<\/h3>\n\n\n\n<p>W przypadku pyta\u0144, wyja\u015bnie\u0144 i innych w\u0105tpliwo\u015bci, firma Network Solutions, LLC wyznaczy\u0142a us\u0142ugi wsparcia premium w ramach Streamcloud za po\u015brednictwem przedstawiciela klienta Streamcloud premium, kt\u00f3ry zajmie si\u0119 wszelkimi Twoimi w\u0105tpliwo\u015bciami lub problemami, cho\u0107 zdarza si\u0119 to bardzo rzadko, poniewa\u017c platforma Streamcloud zawsze pozostawia swoich u\u017cytkownik\u00f3w zadowolonych z jej funkcjonalno\u015bci i funkcji, takich jak us\u0142uga hostingu plik\u00f3w (FHS) i strona internetowa do strumieniowego przesy\u0142ania wideo w celu ogl\u0105dania wszystkich publicznie dost\u0119pnych plik\u00f3w na platformie.<\/p>\n\n\n<a class=\"maxbutton-2 maxbutton maxbutton-cta\" target=\"_blank\" rel=\"nofollow noopener\" href=\"\/go\/\"><span class='mb-text'>&gt;&gt; Przejd\u017a do oryginalnej strony internetowej Linkifier<\/span><\/a>\n\n\n<p><br><\/p>\n","protected":false},"excerpt":{"rendered":"<p>Streamcloud Premium jest prze\u0142omem, kt\u00f3ry umo\u017cliwi\u0142 przechowywanie w Internecie (przechowywanie w chmurze) i strumieniowe przesy\u0142anie wideo w sieci w jednym<\/p>\n","protected":false},"author":2,"featured_media":0,"parent":0,"menu_order":0,"comment_status":"closed","ping_status":"closed","template":"","meta":[],"yoast_head":"<!-- This site is optimized with the Yoast SEO plugin v18.3 - https:\/\/yoast.com\/wordpress\/plugins\/seo\/ -->\n<title>StreamCloud Premium Konto: Filehoster W Skr\u00f3cie<\/title>\n<meta name=\"description\" content=\"Czy StreamCloud jest renomowanym dostawc\u0105, czy te\u017c nie, odpowied\u017a mo\u017cna znale\u017a\u0107 w aktualnym te\u015bcie na Multihoster.org \u279c Kliknij teraz \u271a, aby przeczyta\u0107 nasze do\u015bwiadczenia!\" \/>\n<meta name=\"robots\" content=\"index, follow, max-snippet:-1, max-image-preview:large, max-video-preview:-1\" \/>\n<link rel=\"canonical\" href=\"https:\/\/multihoster.org\/pl\/streamcloud\/\" \/>\n<meta property=\"og:locale\" content=\"pl_PL\" \/>\n<meta property=\"og:type\" content=\"article\" \/>\n<meta property=\"og:title\" content=\"StreamCloud Premium Konto: Filehoster W Skr\u00f3cie\" \/>\n<meta property=\"og:description\" content=\"Czy StreamCloud jest renomowanym dostawc\u0105, czy te\u017c nie, odpowied\u017a mo\u017cna znale\u017a\u0107 w aktualnym te\u015bcie na Multihoster.org \u279c Kliknij teraz \u271a, aby przeczyta\u0107 nasze do\u015bwiadczenia!\" \/>\n<meta property=\"og:url\" content=\"https:\/\/multihoster.org\/pl\/streamcloud\/\" \/>\n<meta property=\"og:site_name\" content=\"Multihoster.org\" \/>\n<meta property=\"article:modified_time\" content=\"2020-05-29T13:03:23+00:00\" \/>\n<meta property=\"og:image\" content=\"https:\/\/lh4.googleusercontent.com\/xcxpv9Ok39mZs2azSQyAMZjRiJmA_UPp2NkcIGgn7jTknebXHbBFvyI5GpychS6EqvN1AwTPLUvFkGzWwaxFzbX_4LcrW3vqqHLE04zHgp4L49tAp32tiZ8kelyfa6cjvEWkctM\" \/>\n<meta name=\"twitter:card\" content=\"summary\" \/>\n<meta name=\"twitter:label1\" content=\"Szacowany czas czytania\" \/>\n\t<meta name=\"twitter:data1\" content=\"9 minut\" \/>\n<script type=\"application\/ld+json\" class=\"yoast-schema-graph\">{\"@context\":\"https:\/\/schema.org\",\"@graph\":[{\"@type\":\"WebSite\",\"@id\":\"https:\/\/multihoster.org\/#website\",\"url\":\"https:\/\/multihoster.org\/\",\"name\":\"Multihoster.org\",\"description\":\"Reviews of the major Filehosting services\",\"potentialAction\":[{\"@type\":\"SearchAction\",\"target\":{\"@type\":\"EntryPoint\",\"urlTemplate\":\"https:\/\/multihoster.org\/?s={search_term_string}\"},\"query-input\":\"required name=search_term_string\"}],\"inLanguage\":\"pl-PL\"},{\"@type\":\"ImageObject\",\"@id\":\"https:\/\/multihoster.org\/pl\/streamcloud\/#primaryimage\",\"inLanguage\":\"pl-PL\",\"url\":\"https:\/\/lh4.googleusercontent.com\/xcxpv9Ok39mZs2azSQyAMZjRiJmA_UPp2NkcIGgn7jTknebXHbBFvyI5GpychS6EqvN1AwTPLUvFkGzWwaxFzbX_4LcrW3vqqHLE04zHgp4L49tAp32tiZ8kelyfa6cjvEWkctM\",\"contentUrl\":\"https:\/\/lh4.googleusercontent.com\/xcxpv9Ok39mZs2azSQyAMZjRiJmA_UPp2NkcIGgn7jTknebXHbBFvyI5GpychS6EqvN1AwTPLUvFkGzWwaxFzbX_4LcrW3vqqHLE04zHgp4L49tAp32tiZ8kelyfa6cjvEWkctM\"},{\"@type\":\"WebPage\",\"@id\":\"https:\/\/multihoster.org\/pl\/streamcloud\/#webpage\",\"url\":\"https:\/\/multihoster.org\/pl\/streamcloud\/\",\"name\":\"StreamCloud Premium Konto: Filehoster W Skr\u00f3cie\",\"isPartOf\":{\"@id\":\"https:\/\/multihoster.org\/#website\"},\"primaryImageOfPage\":{\"@id\":\"https:\/\/multihoster.org\/pl\/streamcloud\/#primaryimage\"},\"datePublished\":\"2020-03-30T13:33:12+00:00\",\"dateModified\":\"2020-05-29T13:03:23+00:00\",\"description\":\"Czy StreamCloud jest renomowanym dostawc\u0105, czy te\u017c nie, odpowied\u017a mo\u017cna znale\u017a\u0107 w aktualnym te\u015bcie na Multihoster.org \u279c Kliknij teraz \u271a, aby przeczyta\u0107 nasze do\u015bwiadczenia!\",\"breadcrumb\":{\"@id\":\"https:\/\/multihoster.org\/pl\/streamcloud\/#breadcrumb\"},\"inLanguage\":\"pl-PL\",\"potentialAction\":[{\"@type\":\"ReadAction\",\"target\":[\"https:\/\/multihoster.org\/pl\/streamcloud\/\"]}]},{\"@type\":\"BreadcrumbList\",\"@id\":\"https:\/\/multihoster.org\/pl\/streamcloud\/#breadcrumb\",\"itemListElement\":[{\"@type\":\"ListItem\",\"position\":1,\"name\":\"Startseite\",\"item\":\"https:\/\/multihoster.org\/pl\/\"},{\"@type\":\"ListItem\",\"position\":2,\"name\":\"StreamCloud Premium Konto: Filehoster W Skr\u00f3cie\"}]}]}<\/script>\n<!-- \/ Yoast SEO plugin. -->","yoast_head_json":{"title":"StreamCloud Premium Konto: Filehoster W Skr\u00f3cie","description":"Czy StreamCloud jest renomowanym dostawc\u0105, czy te\u017c nie, odpowied\u017a mo\u017cna znale\u017a\u0107 w aktualnym te\u015bcie na Multihoster.org \u279c Kliknij teraz \u271a, aby przeczyta\u0107 nasze do\u015bwiadczenia!","robots":{"index":"index","follow":"follow","max-snippet":"max-snippet:-1","max-image-preview":"max-image-preview:large","max-video-preview":"max-video-preview:-1"},"canonical":"https:\/\/multihoster.org\/pl\/streamcloud\/","og_locale":"pl_PL","og_type":"article","og_title":"StreamCloud Premium Konto: Filehoster W Skr\u00f3cie","og_description":"Czy StreamCloud jest renomowanym dostawc\u0105, czy te\u017c nie, odpowied\u017a mo\u017cna znale\u017a\u0107 w aktualnym te\u015bcie na Multihoster.org \u279c Kliknij teraz \u271a, aby przeczyta\u0107 nasze do\u015bwiadczenia!","og_url":"https:\/\/multihoster.org\/pl\/streamcloud\/","og_site_name":"Multihoster.org","article_modified_time":"2020-05-29T13:03:23+00:00","og_image":[{"url":"https:\/\/lh4.googleusercontent.com\/xcxpv9Ok39mZs2azSQyAMZjRiJmA_UPp2NkcIGgn7jTknebXHbBFvyI5GpychS6EqvN1AwTPLUvFkGzWwaxFzbX_4LcrW3vqqHLE04zHgp4L49tAp32tiZ8kelyfa6cjvEWkctM"}],"twitter_card":"summary","twitter_misc":{"Szacowany czas czytania":"9 minut"},"schema":{"@context":"https:\/\/schema.org","@graph":[{"@type":"WebSite","@id":"https:\/\/multihoster.org\/#website","url":"https:\/\/multihoster.org\/","name":"Multihoster.org","description":"Reviews of the major Filehosting services","potentialAction":[{"@type":"SearchAction","target":{"@type":"EntryPoint","urlTemplate":"https:\/\/multihoster.org\/?s={search_term_string}"},"query-input":"required name=search_term_string"}],"inLanguage":"pl-PL"},{"@type":"ImageObject","@id":"https:\/\/multihoster.org\/pl\/streamcloud\/#primaryimage","inLanguage":"pl-PL","url":"https:\/\/lh4.googleusercontent.com\/xcxpv9Ok39mZs2azSQyAMZjRiJmA_UPp2NkcIGgn7jTknebXHbBFvyI5GpychS6EqvN1AwTPLUvFkGzWwaxFzbX_4LcrW3vqqHLE04zHgp4L49tAp32tiZ8kelyfa6cjvEWkctM","contentUrl":"https:\/\/lh4.googleusercontent.com\/xcxpv9Ok39mZs2azSQyAMZjRiJmA_UPp2NkcIGgn7jTknebXHbBFvyI5GpychS6EqvN1AwTPLUvFkGzWwaxFzbX_4LcrW3vqqHLE04zHgp4L49tAp32tiZ8kelyfa6cjvEWkctM"},{"@type":"WebPage","@id":"https:\/\/multihoster.org\/pl\/streamcloud\/#webpage","url":"https:\/\/multihoster.org\/pl\/streamcloud\/","name":"StreamCloud Premium Konto: Filehoster W Skr\u00f3cie","isPartOf":{"@id":"https:\/\/multihoster.org\/#website"},"primaryImageOfPage":{"@id":"https:\/\/multihoster.org\/pl\/streamcloud\/#primaryimage"},"datePublished":"2020-03-30T13:33:12+00:00","dateModified":"2020-05-29T13:03:23+00:00","description":"Czy StreamCloud jest renomowanym dostawc\u0105, czy te\u017c nie, odpowied\u017a mo\u017cna znale\u017a\u0107 w aktualnym te\u015bcie na Multihoster.org \u279c Kliknij teraz \u271a, aby przeczyta\u0107 nasze do\u015bwiadczenia!","breadcrumb":{"@id":"https:\/\/multihoster.org\/pl\/streamcloud\/#breadcrumb"},"inLanguage":"pl-PL","potentialAction":[{"@type":"ReadAction","target":["https:\/\/multihoster.org\/pl\/streamcloud\/"]}]},{"@type":"BreadcrumbList","@id":"https:\/\/multihoster.org\/pl\/streamcloud\/#breadcrumb","itemListElement":[{"@type":"ListItem","position":1,"name":"Startseite","item":"https:\/\/multihoster.org\/pl\/"},{"@type":"ListItem","position":2,"name":"StreamCloud Premium Konto: Filehoster W Skr\u00f3cie"}]}]}},"_links":{"self":[{"href":"https:\/\/multihoster.org\/pl\/wp-json\/wp\/v2\/pages\/2925"}],"collection":[{"href":"https:\/\/multihoster.org\/pl\/wp-json\/wp\/v2\/pages"}],"about":[{"href":"https:\/\/multihoster.org\/pl\/wp-json\/wp\/v2\/types\/page"}],"author":[{"embeddable":true,"href":"https:\/\/multihoster.org\/pl\/wp-json\/wp\/v2\/users\/2"}],"replies":[{"embeddable":true,"href":"https:\/\/multihoster.org\/pl\/wp-json\/wp\/v2\/comments?post=2925"}],"version-history":[{"count":3,"href":"https:\/\/multihoster.org\/pl\/wp-json\/wp\/v2\/pages\/2925\/revisions"}],"predecessor-version":[{"id":4538,"href":"https:\/\/multihoster.org\/pl\/wp-json\/wp\/v2\/pages\/2925\/revisions\/4538"}],"wp:attachment":[{"href":"https:\/\/multihoster.org\/pl\/wp-json\/wp\/v2\/media?parent=2925"}],"curies":[{"name":"wp","href":"https:\/\/api.w.org\/{rel}","templated":true}]}}