{"id":2997,"date":"2020-03-30T15:51:09","date_gmt":"2020-03-30T15:51:09","guid":{"rendered":"https:\/\/multihoster.org\/uloz\/"},"modified":"2020-03-31T10:26:41","modified_gmt":"2020-03-31T10:26:41","slug":"uloz","status":"publish","type":"page","link":"https:\/\/multihoster.org\/pl\/uloz\/","title":{"rendered":"Uloz Premium Konto: Filehoster W Skr\u00f3cie"},"content":{"rendered":"\n<figure class=\"wp-block-image\"><img src=\"https:\/\/lh5.googleusercontent.com\/DSso4_iy_x8XL-_Dzwlt3-uz1hpxM25zgpxOGdudM89UryFHdWhEDp_vTHuLAD9ofIDr1yF2225Bjq9DnvEk07QdYZhSxKxox3O0Ny7-KmqOcc0zMTUJi8_3tuxh82T5GK0o3oU\" alt=\"Uloz Dashboard\"\/><\/figure>\n\n\n<a class=\"maxbutton-2 maxbutton maxbutton-cta\" target=\"_blank\" rel=\"nofollow noopener\" href=\"\/go\/\"><span class='mb-text'>&gt;&gt; Przejd\u017a do oryginalnej strony internetowej Linkifier <\/span><\/a>\n\n\n<p><\/p>\n\n\n\n<h2>Co to jest Uloz?<\/h2>\n\n\n\n<p>Uloz jest uwa\u017cany za najwi\u0119ksz\u0105 sie\u0107 czeskich pami\u0119ci masowych w chmurze. Z Ulozem osoby, kt\u00f3re nie maj\u0105 konta lub nie s\u0105 zarejestrowane, mog\u0105 wgra\u0107 plik do magazynu, udost\u0119pni\u0107 go za po\u015brednictwem poczty elektronicznej, na Facebooku i tweetowa\u0107 link na twitterze. Bardzo \u0142atwe i super dost\u0119pne dla prawie wszystkich. Z Uloz, mo\u017cesz wysy\u0142a\u0107, udost\u0119pnia\u0107, odkrywa\u0107 i otrzymywa\u0107 plik za darmo. Tak, wszystko za darmo.<\/p>\n\n\n\n<p>Uloz oferuje r\u00f3wnie\u017c swoje konto Premium, na kt\u00f3rym mo\u017cna pobra\u0107 dowolny plik z nieograniczon\u0105 lub olbrzymi\u0105 pr\u0119dko\u015bci\u0105. Chocia\u017c pobieranie plik\u00f3w za darmo jest nadal dobr\u0105 funkcj\u0105, posiadanie konta Premium daje tylko wi\u0119cej mo\u017cliwo\u015bci zarz\u0105dzania plikami i szybko\u015bci pobierania. Za\u0142o\u017cenie konta Premium Uloz jest naprawd\u0119 idealne dla u\u017cytkownik\u00f3w, kt\u00f3rzy pobieraj\u0105 pliki, kt\u00f3re s\u0105 naprawd\u0119 ci\u0119\u017ckie, poniewa\u017c pozwoli im to zaoszcz\u0119dzi\u0107 czas.<\/p>\n\n\n\n<figure class=\"wp-block-image\"><img src=\"https:\/\/lh4.googleusercontent.com\/vyCXEh_9xmbsW8_C9IPWDQU5PMGqvkzt86JfeQyJ44gn0MFl4EQ049AjUjpUbSjGgyLUdrbnmn4vE7L5Q5Kz4TDa4XJEf1GajUzS_0s1QNtQiwicIFEc8HpYzDaPnpDucVh1H34\" alt=\"Uloz File Sharing &amp; File Storage\"\/><\/figure>\n\n\n\n<h2>Kto mo\u017ce korzysta\u0107 z Uloz Premium?<\/h2>\n\n\n\n<p>Konto Premium Uloz mo\u017ce by\u0107 dla kogo\u015b, kto chce wykorzysta\u0107 wi\u0119cej zalet Uloz, je\u015bli chodzi o przechowywanie swoich wgranych film\u00f3w. Zapisanie si\u0119 na swoje konto Premium oznacza, \u017ce wszystkie Twoje wgrywane pliki s\u0105 bezpieczne w jednym miejscu.<\/p>\n\n\n\n<h2>Kiedy potrzebujesz Uloz Premium?<\/h2>\n\n\n\n<p>Prawd\u0105 jest, \u017ce mo\u017cna naprawd\u0119 przes\u0142a\u0107 pliki w Uloz, niezale\u017cnie od tego, jakie s\u0105 Twoje dane, nie s\u0105 liczone \u017cadne ograniczenia we wszystkich magazynach. Jednak\u017ce, subskrypcja pozwala na tworzenie plik\u00f3w w bezpiecznym miejscu i nigdy nie zostan\u0105 one utracone. Niezarejestrowani u\u017cytkownicy mog\u0105 \u0142atwo zgubi\u0107 swoje pliki, gdy link do pobrania i link do transmisji strumieniowej zostan\u0105 utracone, a posiadanie darmowego konta nie gwarantuje, \u017ce Twoje pliki b\u0119d\u0105 wisie\u0107 przez d\u0142u\u017cszy czas. Je\u015bli wi\u0119c potrzebujesz przechowywa\u0107 pliki, udost\u0119pnia\u0107 je i przesy\u0142a\u0107 strumieniowo w jednym miejscu, to zapisz si\u0119 na konto Uloz Premium.<\/p>\n\n\n\n<h2>Jak wgra\u0107 anonimowo i za darmo w Uloz?<\/h2>\n\n\n\n<p>Za ka\u017cdym razem, gdy chcesz wypr\u00f3bowa\u0107 Uloz za darmo, mo\u017cesz szybko sprawdzi\u0107 w ich systemie, nawet bez rejestracji konta. W Uloz, mo\u017cesz wgra\u0107 dowolny plik, tak, dowolny.<\/p>\n\n\n\n<figure class=\"wp-block-image\"><img src=\"https:\/\/lh3.googleusercontent.com\/dFKTijjasJGkOvQ_J790u_ApKWPAAY8_ydaXBFtx3y69Rd5aYeNlmJouV-dCF9KaA6T5ilCRwwkr5XuFpcZi18OnIg8t1gwYdqb2bqrz5z0yCQYca3as8_82GGElQH0-86hKuRY\" alt=\"Uloz File Uploading\"\/><\/figure>\n\n\n\n<p>Wystarczy klikn\u0105\u0107 przycisk &#8222;Prze\u015blij pliki&#8221;, kt\u00f3ry znajduje si\u0119 w prawym g\u00f3rnym rogu strony. Po klikni\u0119ciu przycisku, zostaniesz przekierowany na stron\u0119, na kt\u00f3rej b\u0119dziesz m\u00f3g\u0142 przes\u0142a\u0107 swoje pliki i dostosowa\u0107 ustawienia dotycz\u0105ce dost\u0119pu do nich. Istniej\u0105 dwie opcje: &#8222;Publiczna&#8221; i &#8222;przez Link&#8221; lub prywatna.<\/p>\n\n\n\n<p>Je\u015bli wysy\u0142asz film i ustawisz go jako publiczny, b\u0119dzie on kiedy\u015b dost\u0119pny dla wielu u\u017cytkownik\u00f3w tylko poprzez wyszukiwanie w polu wyszukiwania. Wystarczy klikn\u0105\u0107 przycisk &#8222;Prze\u015blij pliki&#8221;, kt\u00f3ry znajduje si\u0119 w prawym g\u00f3rnym rogu strony. Po klikni\u0119ciu przycisku, zostaniesz przekierowany do strony, na kt\u00f3r\u0105 mo\u017cesz za\u0142adowa\u0107 swoje pliki i dostosowa\u0107 ustawienia dotycz\u0105ce dost\u0119pu do swoich danych. Istniej\u0105 dwie opcje: &#8222;Publiczna&#8221; i &#8222;przez Link&#8221; lub prywatna.<\/p>\n\n\n\n<p>Je\u015bli wysy\u0142asz film i ustawisz go jako publiczny, b\u0119dzie on kiedy\u015b dost\u0119pny dla wielu u\u017cytkownik\u00f3w tylko poprzez wyszukiwanie w polu wyszukiwania i na odwr\u00f3t, aby wys\u0142a\u0107 go tylko poprzez link. W przypadku prywatnego przesy\u0142ania, b\u0119dziesz mia\u0142 mo\u017cliwo\u015b\u0107 wyboru sposobu, w jaki chcesz przes\u0142a\u0107 ka\u017cdy plik.<\/p>\n\n\n\n<p>Je\u015bli kiedykolwiek masz konto w Uloz, wszystkie pobrane przez Ciebie pliki s\u0105 dost\u0119pne poprzez Twoje konto i mog\u0105 by\u0107 zarz\u0105dzane. To s\u0105 wady nie posiadania konta premium. Nie b\u0119dziesz w stanie zarz\u0105dza\u0107 wszystkim. A je\u015bli jest to konto darmowe, istnieje mo\u017cliwo\u015b\u0107, \u017ce Tw\u00f3j plik zniknie.<\/p>\n\n\n\n<figure class=\"wp-block-image\"><img src=\"https:\/\/lh5.googleusercontent.com\/53dUYaUP29M3UJqW-Z03Vl_XS9rXDURzDRr6JlI2WgAbqFqF1KbNsvpTHolEe_d_VElAPRAtMSIXQe38S-Kth-3PIfPKu3BeqoncfRvStcB8WdAyOdTtgLVPxpPrBzLFgo8osIY\" alt=\"Uloz Registration\"\/><\/figure>\n\n\n\n<h2>Zarejestruj si\u0119 za darmo w Uloz<\/h2>\n\n\n\n<p>Platforma jest bardzo otwarta dla wszystkich os\u00f3b. Nie s\u0105 wymagane \u017cadne op\u0142aty, obci\u0105\u017cenia, pr\u00f3by ani karty kredytowe, aby\u015b m\u00f3g\u0142 sta\u0107 si\u0119 cz\u0119\u015bci\u0105 ich spo\u0142eczno\u015bci. Wystarczy wype\u0142ni\u0107 formularz na ich stronie internetowej i zarejestrowa\u0107 si\u0119. Weryfikuj sw\u00f3j e-mail sprawdzaj\u0105c go, a nast\u0119pnie mo\u017cesz swobodnie korzysta\u0107 z platformy.<\/p>\n\n\n\n<p>Je\u015bli jeste\u015b z Czech lub S\u0142owenii i nienawidzisz wype\u0142nia\u0107 i wpisywa\u0107 formularzy, maj\u0105 szybk\u0105 rejestracj\u0119, kt\u00f3ra wymaga tylko wys\u0142ania wiadomo\u015bci w zale\u017cno\u015bci od Twojej lokalizacji.<\/p>\n\n\n\n<p>Dla os\u00f3b z Republiki Czeskiej lub Czech, wy\u015blij SMS z napisem &#8222;ULOZTO&#8221; i wy\u015blij go na numer 9094499. Automatycznie otrzymasz kredyt w wysoko\u015bci 10GB. Dla os\u00f3b ze S\u0142owenii, po wys\u0142aniu &#8222;ULOZTO 6&#8221; pod numer 8877, b\u0119dziesz mia\u0142 na swoim koncie kredyt w wysoko\u015bci 15GB. Nale\u017cy tylko pami\u0119ta\u0107, \u017ce wszystkie teksty s\u0105 p\u0142atne. Kiedy sko\u0144czysz wysy\u0142a\u0107 SMS, mo\u017cesz poczeka\u0107 na kolejny SMS, kt\u00f3ry zawiera twoje dane logowania, aby\u015b m\u00f3g\u0142 cieszy\u0107 si\u0119 platform\u0105.<\/p>\n\n\n\n<h2>Platforma Uloz File Sharing Platform<\/h2>\n\n\n\n<p>Jak ju\u017c wcze\u015bniej powiedziano, istnieje wiele sposob\u00f3w, w jaki mo\u017cna udost\u0119pni\u0107 plik przes\u0142any na platform\u0119 Uloz. Mo\u017ce to by\u0107 z link\u00f3w, maili, Facebooka i Twittera. Po przes\u0142aniu pliku, zostaniesz przekierowany na stron\u0119, na kt\u00f3rej otrzymasz link i inn\u0105 opcj\u0119. Je\u015bli wgrali\u015bcie Pa\u0144stwo plik wideo, b\u0119dzie on r\u00f3wnie\u017c udost\u0119pniony na platformie, je\u015bli jest ustawiony jako publiczny.<\/p>\n\n\n\n<p>Korzystaj z Uloz za darmo, ale Uloz Premium jest wysoce zalecane, aby w pe\u0142ni wykorzysta\u0107 maksymalne korzy\u015bci z platformy.<\/p>\n\n\n\n<h2>Uloz Premium Konto<\/h2>\n\n\n\n<p>Uloz Premium mo\u017ce by\u0107 \u0142atwo osi\u0105gni\u0119ty nawet przez darmowych u\u017cytkownik\u00f3w tylko poprzez zakup CREDITS. Gdy kredyt zostanie wyczerpany, mog\u0105 oni korzysta\u0107 z niego wi\u0119cej, je\u015bli chc\u0105. Oto koszty ka\u017cdego kredytu.<\/p>\n\n\n<a class=\"maxbutton-2 maxbutton maxbutton-cta\" target=\"_blank\" rel=\"nofollow noopener\" href=\"\/go\/\"><span class='mb-text'>&gt;&gt; Przejd\u017a do oryginalnej strony internetowej Linkifier <\/span><\/a>\n\n\n<p><br><\/p>\n\n\n\n<figure class=\"wp-block-table\"><table class=\"\"><tbody><tr><td>DANE<\/td><td>CENA<\/td><td>NATYCHMIASTOWA DOSTAWA KREDYTU<\/td><td>P\u00d3\u0179NIEJSZE DOSTARCZENIE KREDYTU<\/td><\/tr><tr><td>340 Gigabajt\u00f3w<\/td><td>38,99 Euro<\/td><td>P\u0142a\u0107 za pomoc\u0105 karty<\/td><td>P\u0142atno\u015b\u0107 przelewem bankowym<\/td><\/tr><tr><td>150 Gigabajt\u00f3w<\/td><td>19,49 Euro<\/td><td>P\u0142a\u0107 za pomoc\u0105 karty<\/td><td>P\u0142atno\u015b\u0107 przelewem bankowym<\/td><\/tr><tr><td>70 Gigabajt\u00f3w<\/td><td>9,99 Euro<\/td><td>P\u0142a\u0107 za pomoc\u0105 karty<\/td><td>P\u0142atno\u015b\u0107 przelewem bankowym<\/td><\/tr><tr><td>40 Gigabajt\u00f3w<\/td><td>5,99 Euro<\/td><td>P\u0142a\u0107 za pomoc\u0105 karty<\/td><td>P\u0142atno\u015b\u0107 przelewem bankowym<\/td><\/tr><tr><td>25 Gigabajt\u00f3w<\/td><td>3,99 Euro<\/td><td>P\u0142a\u0107 za pomoc\u0105 karty<\/td><td>P\u0142atno\u015b\u0107 przelewem bankowym<\/td><\/tr><\/tbody><\/table><\/figure>\n\n\n\n<h2>Uloz Najcz\u0119\u015bciej zadawane pytania <\/h2>\n\n\n\n<h3>Widoczno\u015b\u0107 pliku<\/h3>\n\n\n\n<p>Z Uloz Accounts, s\u0105 trzy sposoby, aby wybra\u0107, jak pliki b\u0119d\u0105 dost\u0119pne:<\/p>\n\n\n\n<ol><li>Dost\u0119p prywatny lub &#8222;Tylko dla mnie&#8221; &#8211; dost\u0119p do tego konkretnego pliku mo\u017cna uzyska\u0107 tylko po zalogowaniu si\u0119 na konto, na kt\u00f3rym zosta\u0142 on umieszczony. Nikt inny nie mo\u017ce r\u00f3wnie\u017c uzyska\u0107 do niego dost\u0119pu z platformy.<\/li><li> Access Thru Link &#8211; ponownie, ten typ pliku jest dost\u0119pny tylko dla os\u00f3b, kt\u00f3re posiadaj\u0105 jego link, i nie jest on widoczny dla innych u\u017cytkownik\u00f3w, kt\u00f3rzy b\u0119d\u0105 pr\u00f3bowali go znale\u017a\u0107 w pasku wyszukiwania Uloz.<\/li><li> Publiczny dost\u0119p &#8211; ten typ pliku jest mo\u017cliwy do przeszukiwania w wyszukiwarce Platformy i mo\u017ce by\u0107 r\u00f3wnie\u017c dost\u0119pny, gdy u\u017cytkownik posiada jego link.<\/li><\/ol>\n\n\n\n<h3>Dost\u0119pno\u015b\u0107 plik\u00f3w i w\u0142a\u015bciwo\u015bci plik\u00f3w<\/h3>\n\n\n\n<p>U\u017cytkownicy lub nawet niezarejestrowane osoby mog\u0105 ju\u017c w momencie przesy\u0142ania pliku ustali\u0107 jego dost\u0119pno\u015b\u0107 lub wskaza\u0107, kto b\u0119dzie mia\u0142 do niego dost\u0119p. Jednak zmiana w\u0142a\u015bciwo\u015bci pliku i aktualizacja jego dost\u0119pno\u015bci mo\u017ce by\u0107 zarz\u0105dzana tylko wtedy, gdy jeste\u015b zarejestrowanym u\u017cytkownikiem, bezp\u0142atnym lub premium. Dane mog\u0105 by\u0107 zarz\u0105dzane w dowolnym momencie w Moje pliki lub poprzez Szczeg\u00f3\u0142y pliku. Ponadto, nie mo\u017cesz zmienia\u0107 w\u0142a\u015bciwo\u015bci innych publicznych plik\u00f3w, a jedynie w\u0142asne pliki mog\u0105 by\u0107 aktualizowane przez Ciebie.<\/p>\n\n\n\n<h3>Zdj\u0119cia nieocenzurowane i ich bezpiecze\u0144stwo<\/h3>\n\n\n\n<p>Wgrywanie niekt\u00f3rych plik\u00f3w, kt\u00f3re tak naprawd\u0119 nie s\u0105 do obejrzenia dla wszystkich, jest bardzo niebezpieczne. Czasami mo\u017ce to by\u0107 cz\u0142onek rodziny lub twoje dziecko bawi\u0105ce si\u0119 podczas k\u0105pieli, a ty na pewno nie chcia\u0142e\u015b, aby to przeciek\u0142o, poniewa\u017c \u015bwiat online jest obecnie naprawd\u0119 trudny.<\/p>\n\n\n\n<p>Na wszelki wypadek, gdy przechowujesz wspomnienia o zdj\u0119ciach, kt\u00f3re mog\u0105 by\u0107 alarmem dla innych oczu, powiniene\u015b zawsze pami\u0119ta\u0107 o prywatyzacji wszystkich swoich folder\u00f3w i plik\u00f3w. Chroni\u0107 tw\u00f3j sw\u00f3j kartoteka robi\u0107 tw\u00f3j magazyn ochrania\u0107 has\u0142o. Has\u0142o ustawienie by\u0107 wysoce sugerowa\u0107 gdy tw\u00f3j m\u0142ody by\u0107 cz\u0119\u015bciowo lub ca\u0142kowicie wyjawia\u0107.<\/p>\n\n\n\n<h3>Anonimowe wgrywanie danych i jego ograniczenia<\/h3>\n\n\n\n<p>Tak, jak wspomniano wcze\u015bniej, mo\u017cesz korzysta\u0107 z platformy Uloz nawet je\u015bli nie jeste\u015b zalogowany lub zarejestrowany jako u\u017cytkownik. Dlatego wgrywanie plik\u00f3w anonimowo mo\u017ce si\u0119 naprawd\u0119 zdarzy\u0107. Chocia\u017c kierownictwo naprawd\u0119 nie poleca\u0142o tego typu aktywno\u015bci, zw\u0142aszcza gdy wysy\u0142asz wra\u017cliwe lub osobiste zdj\u0119cia lub filmy. <\/p>\n\n\n\n<p>Rzecz w tym, \u017ce nie b\u0119dziesz w stanie ustawi\u0107 plik\u00f3w przes\u0142anych na prywatny. Dlaczego? Poniewa\u017c nie masz nad tym \u017cadnej kontroli, poniewa\u017c nie jeste\u015b zalogowany. Mo\u017cesz jedynie ustawi\u0107 swoje pliki do publicznego u\u017cytku i udost\u0119pni\u0107 je poprzez link. Ale og\u00f3lnie rzecz bior\u0105c, nie masz \u017cadnej kontroli nad tym, gdzie Twoje dane s\u0105 pobierane lub przenoszone, poniewa\u017c jest to tak, jakby\u015b wrzuca\u0142 dane na wolne miejsce. Brak konta oznacza r\u00f3wnie\u017c brak mo\u017cliwo\u015bci przechowywania danych. A gdy zgubisz sw\u00f3j link do udost\u0119pniania, mo\u017cesz go ca\u0142kowicie utraci\u0107.<\/p>\n\n\n\n<p>Niemniej jednak, w przypadku prywatnych zdj\u0119\u0107 i film\u00f3w, zesp\u00f3\u0142 Uloz wiecznie opowiada si\u0119 za zarz\u0105dzaniem nimi tylko jako zalogowanym kontem u\u017cytkownika, kt\u00f3ry ma dost\u0119p do kompletnych alternatyw.<\/p>\n\n\n\n<h3>Kontrola wieku: 18 lat Poni\u017cej lub powy\u017cej<\/h3>\n\n\n\n<p>B\u0119dziesz si\u0119 zastanawia\u0107, dlaczego system musi wiedzie\u0107, czy jeste\u015b pe\u0142noletni, czy nie. Chocia\u017c ten szczeg\u00f3\u0142 jest bardzo potrzebny, aby system m\u00f3g\u0142 ustali\u0107 tre\u015b\u0107 tego, co zobaczysz. Na przyk\u0142ad, je\u015bli masz poni\u017cej 18 lat, a system wie, \u017ce jeste\u015b, istnieje prawdopodobie\u0144stwo, \u017ce nigdy nie poka\u017c\u0105 ci reklamy o tytoniu lub alkoholu, i tym podobne. Dlatego wiedza o Twoim wieku ograniczy system do pokazywania Ci nieistotnych tre\u015bci. <\/p>\n\n\n\n<h3>Transmisja strumieniowa wideo<\/h3>\n\n\n\n<p>Odwiedzaj\u0105cy, kt\u00f3rzy chcieliby sprawdzi\u0107 filmy, kt\u00f3re s\u0105 publicznie wgrywane w Uloz, mog\u0105 je odtworzy\u0107. Istniej\u0105 jednak ograniczenia, a je\u015bli film jest d\u0142u\u017cszy o 10 minut, nie zostanie on odtworzony. Najlepiej by\u0142oby, gdyby\u015b by\u0142 zalogowany lub zarejestrowany z kredytami, aby ogl\u0105da\u0107 filmy w wi\u0119kszych rozmiarach.<\/p>\n\n\n\n<h3>Wgrywanie<\/h3>\n\n\n\n<p>Generalnie mo\u017cna przes\u0142a\u0107 dane do 18 GB. Najwi\u0119kszy rozmiar przesy\u0142anych danych jest naprawd\u0119 ograniczony do widoku przegl\u0105darki. Zaleca si\u0119 dzielenie plik\u00f3w wi\u0119kszych ni\u017c 18 GB na wiele kr\u00f3tszych archiw\u00f3w (np. w WinRAR lub WinZIP), a nast\u0119pnie przesy\u0142anie tych skompresowanych plik\u00f3w. Przesy\u0142anie plik\u00f3w z linii polece\u0144 mo\u017ce by\u0107 r\u00f3wnie\u017c wykorzystywane przez do\u015bwiadczonych u\u017cytkownik\u00f3w.<\/p>\n\n\n\n<h3>Usuni\u0119cie pliku<\/h3>\n\n\n\n<p>Po przes\u0142aniu danych pojawi si\u0119 adres URL do pobrania, a tak\u017ce inny link do usuni\u0119cia przes\u0142anych danych.<\/p>\n\n\n\n<p>Je\u015bli przes\u0142a\u0142e\u015b plik jako zarejestrowany lub zalogowany u\u017cytkownik, mo\u017cesz r\u00f3wnie\u017c zarz\u0105dza\u0107 swoimi danymi i usuwa\u0107 co tylko chcesz. Je\u015bli kiedykolwiek u\u017cyjesz Mened\u017cera Plik\u00f3w do przes\u0142ania pliku, ca\u0142kowicie sugerujemy otwarcie konta. Przeciwnie, nie b\u0119dziesz w stanie usun\u0105\u0107 pliku w przysz\u0142o\u015bci. Mo\u017cesz skontaktowa\u0107 si\u0119 z zespo\u0142em pomocy technicznej Uloz, je\u015bli wszystkie opcje nie s\u0105 dla Ciebie dost\u0119pne. <\/p>\n\n\n\n<h2>Podsumowanie<\/h2>\n\n\n\n<p>O Ulozie mo\u017cna dowiedzie\u0107 si\u0119 o wiele wi\u0119cej i mo\u017cna to sprawdzi\u0107 na ich stronie internetowej. Dzi\u0119ki platformie mo\u017cna \u0142atwo i szybko udost\u0119pnia\u0107 pliki. Posiadaj\u0105 one r\u00f3wnie\u017c streaming online, w kt\u00f3rym mo\u017cna cieszy\u0107 si\u0119 du\u017c\u0105 ilo\u015bci\u0105 film\u00f3w przes\u0142anych przez innych u\u017cytkownik\u00f3w. Naprawd\u0119 najlepiej jest mie\u0107 kredyty na swoim koncie, aby mie\u0107 pe\u0142n\u0105 kontrol\u0119 nad swoimi plikami, pobiera\u0107 je bardzo szybko, ogl\u0105da\u0107 d\u0142u\u017csze filmy i wiele wi\u0119cej.<\/p>\n\n\n\n<h2>Referencje<\/h2>\n\n\n\n<p><a href=\"https:\/\/www.techopedia.com\/definition\/25310\/file-hosting-service\">https:\/\/www.techopedia.com\/definition\/25310\/file-hosting-service<\/a><br> <a href=\"https:\/\/www.computerhope.com\/jargon\/f\/fileshar.htm\">https:\/\/www.computerhope.com\/jargon\/f\/fileshar.htm<\/a><br> <a href=\"https:\/\/www.lifewire.com\/internet-streaming-how-it-works-1999513\">https:\/\/www.lifewire.com\/internet-streaming-how-it-works-1999513<\/a><br> <a href=\"https:\/\/whatis.techtarget.com\/definition\/video-streaming-service\">https:\/\/whatis.techtarget.com\/definition\/video-streaming-service<\/a><br> <a href=\"https:\/\/www.cloudflare.com\/learning\/performance\/what-is-streaming\/\">https:\/\/www.cloudflare.com\/learning\/performance\/what-is-streaming\/<\/a><\/p>\n\n\n<a class=\"maxbutton-2 maxbutton maxbutton-cta\" target=\"_blank\" rel=\"nofollow noopener\" href=\"\/go\/\"><span class='mb-text'>&gt;&gt; Przejd\u017a do oryginalnej strony internetowej Linkifier <\/span><\/a>\n\n\n<p><\/p>\n","protected":false},"excerpt":{"rendered":"<p>Co to jest Uloz? Uloz jest uwa\u017cany za najwi\u0119ksz\u0105 sie\u0107 czeskich pami\u0119ci masowych w chmurze. Z Ulozem osoby, kt\u00f3re nie<\/p>\n","protected":false},"author":2,"featured_media":0,"parent":0,"menu_order":0,"comment_status":"closed","ping_status":"closed","template":"","meta":[],"yoast_head":"<!-- This site is optimized with the Yoast SEO plugin v18.3 - https:\/\/yoast.com\/wordpress\/plugins\/seo\/ -->\n<title>Uloz Premium Konto: Filehoster W Skr\u00f3cie<\/title>\n<meta name=\"description\" content=\"Czy Uloz jest renomowanym dostawc\u0105 czy nie, odpowied\u017a znajdziesz w aktualnym te\u015bcie na Multihoster.org \u279c Kliknij teraz \u271a aby przeczyta\u0107 nasze do\u015bwiadczenia!\" \/>\n<meta name=\"robots\" content=\"index, follow, max-snippet:-1, max-image-preview:large, max-video-preview:-1\" \/>\n<link rel=\"canonical\" href=\"https:\/\/multihoster.org\/pl\/uloz\/\" \/>\n<meta property=\"og:locale\" content=\"pl_PL\" \/>\n<meta property=\"og:type\" content=\"article\" \/>\n<meta property=\"og:title\" content=\"Uloz Premium Konto: Filehoster W Skr\u00f3cie\" \/>\n<meta property=\"og:description\" content=\"Czy Uloz jest renomowanym dostawc\u0105 czy nie, odpowied\u017a znajdziesz w aktualnym te\u015bcie na Multihoster.org \u279c Kliknij teraz \u271a aby przeczyta\u0107 nasze do\u015bwiadczenia!\" \/>\n<meta property=\"og:url\" content=\"https:\/\/multihoster.org\/pl\/uloz\/\" \/>\n<meta property=\"og:site_name\" content=\"Multihoster.org\" \/>\n<meta property=\"article:modified_time\" content=\"2020-03-31T10:26:41+00:00\" \/>\n<meta property=\"og:image\" content=\"https:\/\/lh5.googleusercontent.com\/DSso4_iy_x8XL-_Dzwlt3-uz1hpxM25zgpxOGdudM89UryFHdWhEDp_vTHuLAD9ofIDr1yF2225Bjq9DnvEk07QdYZhSxKxox3O0Ny7-KmqOcc0zMTUJi8_3tuxh82T5GK0o3oU\" \/>\n<meta name=\"twitter:card\" content=\"summary\" \/>\n<meta name=\"twitter:label1\" content=\"Szacowany czas czytania\" \/>\n\t<meta name=\"twitter:data1\" content=\"10 minut\" \/>\n<script type=\"application\/ld+json\" class=\"yoast-schema-graph\">{\"@context\":\"https:\/\/schema.org\",\"@graph\":[{\"@type\":\"WebSite\",\"@id\":\"https:\/\/multihoster.org\/#website\",\"url\":\"https:\/\/multihoster.org\/\",\"name\":\"Multihoster.org\",\"description\":\"Reviews of the major Filehosting services\",\"potentialAction\":[{\"@type\":\"SearchAction\",\"target\":{\"@type\":\"EntryPoint\",\"urlTemplate\":\"https:\/\/multihoster.org\/?s={search_term_string}\"},\"query-input\":\"required name=search_term_string\"}],\"inLanguage\":\"pl-PL\"},{\"@type\":\"ImageObject\",\"@id\":\"https:\/\/multihoster.org\/pl\/uloz\/#primaryimage\",\"inLanguage\":\"pl-PL\",\"url\":\"https:\/\/lh5.googleusercontent.com\/DSso4_iy_x8XL-_Dzwlt3-uz1hpxM25zgpxOGdudM89UryFHdWhEDp_vTHuLAD9ofIDr1yF2225Bjq9DnvEk07QdYZhSxKxox3O0Ny7-KmqOcc0zMTUJi8_3tuxh82T5GK0o3oU\",\"contentUrl\":\"https:\/\/lh5.googleusercontent.com\/DSso4_iy_x8XL-_Dzwlt3-uz1hpxM25zgpxOGdudM89UryFHdWhEDp_vTHuLAD9ofIDr1yF2225Bjq9DnvEk07QdYZhSxKxox3O0Ny7-KmqOcc0zMTUJi8_3tuxh82T5GK0o3oU\"},{\"@type\":\"WebPage\",\"@id\":\"https:\/\/multihoster.org\/pl\/uloz\/#webpage\",\"url\":\"https:\/\/multihoster.org\/pl\/uloz\/\",\"name\":\"Uloz Premium Konto: Filehoster W Skr\u00f3cie\",\"isPartOf\":{\"@id\":\"https:\/\/multihoster.org\/#website\"},\"primaryImageOfPage\":{\"@id\":\"https:\/\/multihoster.org\/pl\/uloz\/#primaryimage\"},\"datePublished\":\"2020-03-30T15:51:09+00:00\",\"dateModified\":\"2020-03-31T10:26:41+00:00\",\"description\":\"Czy Uloz jest renomowanym dostawc\u0105 czy nie, odpowied\u017a znajdziesz w aktualnym te\u015bcie na Multihoster.org \u279c Kliknij teraz \u271a aby przeczyta\u0107 nasze do\u015bwiadczenia!\",\"breadcrumb\":{\"@id\":\"https:\/\/multihoster.org\/pl\/uloz\/#breadcrumb\"},\"inLanguage\":\"pl-PL\",\"potentialAction\":[{\"@type\":\"ReadAction\",\"target\":[\"https:\/\/multihoster.org\/pl\/uloz\/\"]}]},{\"@type\":\"BreadcrumbList\",\"@id\":\"https:\/\/multihoster.org\/pl\/uloz\/#breadcrumb\",\"itemListElement\":[{\"@type\":\"ListItem\",\"position\":1,\"name\":\"Startseite\",\"item\":\"https:\/\/multihoster.org\/pl\/\"},{\"@type\":\"ListItem\",\"position\":2,\"name\":\"Uloz Premium Konto: Filehoster W Skr\u00f3cie\"}]}]}<\/script>\n<!-- \/ Yoast SEO plugin. -->","yoast_head_json":{"title":"Uloz Premium Konto: Filehoster W Skr\u00f3cie","description":"Czy Uloz jest renomowanym dostawc\u0105 czy nie, odpowied\u017a znajdziesz w aktualnym te\u015bcie na Multihoster.org \u279c Kliknij teraz \u271a aby przeczyta\u0107 nasze do\u015bwiadczenia!","robots":{"index":"index","follow":"follow","max-snippet":"max-snippet:-1","max-image-preview":"max-image-preview:large","max-video-preview":"max-video-preview:-1"},"canonical":"https:\/\/multihoster.org\/pl\/uloz\/","og_locale":"pl_PL","og_type":"article","og_title":"Uloz Premium Konto: Filehoster W Skr\u00f3cie","og_description":"Czy Uloz jest renomowanym dostawc\u0105 czy nie, odpowied\u017a znajdziesz w aktualnym te\u015bcie na Multihoster.org \u279c Kliknij teraz \u271a aby przeczyta\u0107 nasze do\u015bwiadczenia!","og_url":"https:\/\/multihoster.org\/pl\/uloz\/","og_site_name":"Multihoster.org","article_modified_time":"2020-03-31T10:26:41+00:00","og_image":[{"url":"https:\/\/lh5.googleusercontent.com\/DSso4_iy_x8XL-_Dzwlt3-uz1hpxM25zgpxOGdudM89UryFHdWhEDp_vTHuLAD9ofIDr1yF2225Bjq9DnvEk07QdYZhSxKxox3O0Ny7-KmqOcc0zMTUJi8_3tuxh82T5GK0o3oU"}],"twitter_card":"summary","twitter_misc":{"Szacowany czas czytania":"10 minut"},"schema":{"@context":"https:\/\/schema.org","@graph":[{"@type":"WebSite","@id":"https:\/\/multihoster.org\/#website","url":"https:\/\/multihoster.org\/","name":"Multihoster.org","description":"Reviews of the major Filehosting services","potentialAction":[{"@type":"SearchAction","target":{"@type":"EntryPoint","urlTemplate":"https:\/\/multihoster.org\/?s={search_term_string}"},"query-input":"required name=search_term_string"}],"inLanguage":"pl-PL"},{"@type":"ImageObject","@id":"https:\/\/multihoster.org\/pl\/uloz\/#primaryimage","inLanguage":"pl-PL","url":"https:\/\/lh5.googleusercontent.com\/DSso4_iy_x8XL-_Dzwlt3-uz1hpxM25zgpxOGdudM89UryFHdWhEDp_vTHuLAD9ofIDr1yF2225Bjq9DnvEk07QdYZhSxKxox3O0Ny7-KmqOcc0zMTUJi8_3tuxh82T5GK0o3oU","contentUrl":"https:\/\/lh5.googleusercontent.com\/DSso4_iy_x8XL-_Dzwlt3-uz1hpxM25zgpxOGdudM89UryFHdWhEDp_vTHuLAD9ofIDr1yF2225Bjq9DnvEk07QdYZhSxKxox3O0Ny7-KmqOcc0zMTUJi8_3tuxh82T5GK0o3oU"},{"@type":"WebPage","@id":"https:\/\/multihoster.org\/pl\/uloz\/#webpage","url":"https:\/\/multihoster.org\/pl\/uloz\/","name":"Uloz Premium Konto: Filehoster W Skr\u00f3cie","isPartOf":{"@id":"https:\/\/multihoster.org\/#website"},"primaryImageOfPage":{"@id":"https:\/\/multihoster.org\/pl\/uloz\/#primaryimage"},"datePublished":"2020-03-30T15:51:09+00:00","dateModified":"2020-03-31T10:26:41+00:00","description":"Czy Uloz jest renomowanym dostawc\u0105 czy nie, odpowied\u017a znajdziesz w aktualnym te\u015bcie na Multihoster.org \u279c Kliknij teraz \u271a aby przeczyta\u0107 nasze do\u015bwiadczenia!","breadcrumb":{"@id":"https:\/\/multihoster.org\/pl\/uloz\/#breadcrumb"},"inLanguage":"pl-PL","potentialAction":[{"@type":"ReadAction","target":["https:\/\/multihoster.org\/pl\/uloz\/"]}]},{"@type":"BreadcrumbList","@id":"https:\/\/multihoster.org\/pl\/uloz\/#breadcrumb","itemListElement":[{"@type":"ListItem","position":1,"name":"Startseite","item":"https:\/\/multihoster.org\/pl\/"},{"@type":"ListItem","position":2,"name":"Uloz Premium Konto: Filehoster W Skr\u00f3cie"}]}]}},"_links":{"self":[{"href":"https:\/\/multihoster.org\/pl\/wp-json\/wp\/v2\/pages\/2997"}],"collection":[{"href":"https:\/\/multihoster.org\/pl\/wp-json\/wp\/v2\/pages"}],"about":[{"href":"https:\/\/multihoster.org\/pl\/wp-json\/wp\/v2\/types\/page"}],"author":[{"embeddable":true,"href":"https:\/\/multihoster.org\/pl\/wp-json\/wp\/v2\/users\/2"}],"replies":[{"embeddable":true,"href":"https:\/\/multihoster.org\/pl\/wp-json\/wp\/v2\/comments?post=2997"}],"version-history":[{"count":2,"href":"https:\/\/multihoster.org\/pl\/wp-json\/wp\/v2\/pages\/2997\/revisions"}],"predecessor-version":[{"id":3018,"href":"https:\/\/multihoster.org\/pl\/wp-json\/wp\/v2\/pages\/2997\/revisions\/3018"}],"wp:attachment":[{"href":"https:\/\/multihoster.org\/pl\/wp-json\/wp\/v2\/media?parent=2997"}],"curies":[{"name":"wp","href":"https:\/\/api.w.org\/{rel}","templated":true}]}}