{"id":300,"date":"2018-05-22T17:15:03","date_gmt":"2018-05-22T17:15:03","guid":{"rendered":"https:\/\/multihoster.org\/?page_id=300"},"modified":"2018-09-12T06:22:38","modified_gmt":"2018-09-12T06:22:38","slug":"oboom","status":"publish","type":"page","link":"https:\/\/multihoster.org\/pl\/oboom\/","title":{"rendered":"Oboom Premium Account &#8211; Filehoster w skr\u00f3cie"},"content":{"rendered":"<p><img loading=\"lazy\" class=\"size-full wp-image-101 alignleft\" src=\"https:\/\/multihoster.org\/wp-content\/uploads\/2018\/04\/logo.png\" alt=\"logo\" width=\"222\" height=\"59\"><\/p>\n<p>Oboom oferuje ca\u0142kowicie bezp\u0142atn\u0105 us\u0142ug\u0119, gdzie mo\u017cna przechowywa\u0107 pliki w chmurze ca\u0142kowicie niezale\u017cnie od lokalizacji i urz\u0105dzenia. Oferent przywi\u0105zuje du\u017c\u0105 wag\u0119 do pracy zespo\u0142owej i chce wykorzysta\u0107 platform\u0119 do stworzenia sposobu udost\u0119pniania plik\u00f3w z dowolnego miejsca i z dowolnym urz\u0105dzeniem.<\/p>\n\n<p><a class=\"fasc-button fasc-size-xlarge fasc-type-glossy fasc-rounded-medium ico-fa fasc-ico-after fa-share\" style=\"background-color: #43585e; color: #ffffff;\" rel=\"nofollow\" href=\"https:\/\/multihoster.org\/oboom\/goto\/\">Przejd\u017a do Oboom.com<\/a><\/p>\n<h2>Pozytywne cechy dostawcy<\/h2>\n<ul>\n<li>bezp\u0142atne konto<\/li>\n<li>do 50 GB wolnego miejsca na dysku<\/li>\n<li>mo\u017cliwo\u015b\u0107 anonimowego tworzenia kont<\/li>\n<li>Wsparcie telefoniczne<\/li>\n<li>Mo\u017cliwo\u015b\u0107 korzystania z mened\u017cera pobierania danych<\/li>\n<\/ul>\n<h2>Ca\u0142a oferta Oboom w skr\u00f3cie<\/h2>\n<p class=\"normal\">Oferent nie oferuje swoim u\u017cytkownikom konta premium w asortymencie, poniewa\u017c w ofercie Oboom znajduje si\u0119 w zasadzie tylko konto darmowe. Us\u0142ugodawca zapewnia bezp\u0142atn\u0105 us\u0142ug\u0119 dla ka\u017cdego u\u017cytkownika, kt\u00f3ry ma do dyspozycji do 50 GB pami\u0119ci masowej.<\/p>\n<p class=\"normal\">Kto chcia\u0142by cieszy\u0107 si\u0119 dalszymi korzy\u015bciami w ramach oferty Oboom Premium, mo\u017ce to osi\u0105gn\u0105\u0107 za pomoc\u0105 konta Smoozed Pro. Aby korzysta\u0107 z konta Premium Oboom, musisz najpierw zarejestrowa\u0107 si\u0119 w aplikacji Smoozed, a nast\u0119pnie wprowadzi\u0107 dane dost\u0119pu do konta Smoozed Pro w aplikacji JDownloader lub Smoozed Addon.<\/p>\n<p class=\"normal\">Z kontem Pro w Smoozed mo\u017cesz nie tylko korzysta\u0107 z pe\u0142nego zakresu us\u0142ug Oboom Premium, ale r\u00f3wnie\u017c z us\u0142ug prawie wszystkich innych hoster\u00f3w plik\u00f3w.<\/p>\n<h2 class=\"normal\">Oferty bonusowe<\/h2>\n<p>Bardzo atrakcyjn\u0105 ofert\u0105 bonusow\u0105 jest model Pay-Per-Download, w ramach kt\u00f3rego u\u017cytkownicy otrzymuj\u0105 prowizj\u0119, kt\u00f3ra wrzuca do chmury szczeg\u00f3lnie du\u017c\u0105 ilo\u015b\u0107 plik\u00f3w. Program bonusowy nie jest organizowany bezpo\u015brednio przez Oboom, ale przez odpowiednich hoster\u00f3w plik\u00f3w. Prowizje r\u00f3\u017cni\u0105 si\u0119 w zale\u017cno\u015bci od dostawcy i mog\u0105 by\u0107 nie tylko atrakcyjnym dodatkowym \u017ar\u00f3d\u0142em dochodu, ale nawet g\u0142\u00f3wnym \u017ar\u00f3d\u0142em dochodu.<\/p>\n<h2>Koszty i opcje p\u0142atno\u015bci<\/h2>\n<p class=\"normal\">Jako opcja p\u0142atno\u015bci za Us\u0142ug\u0119 Premium Oboom, dost\u0119pna jest p\u0142atno\u015b\u0107 kart\u0105 kredytow\u0105, SEPA express i Handypay, a cyfrowa waluta Bitcoin jest r\u00f3wnie\u017c akceptowana jako metoda p\u0142atno\u015bci.<\/p>\n<p><strong>\n<table id=\"tablepress-47\" class=\"tablepress tablepress-id-47\">\n<thead>\n<tr class=\"row-1 odd\">\n\t<th class=\"column-1\">BASIC<\/th><th class=\"column-2\">ADVANCED<\/th><th class=\"column-3\">ULTRA<\/th>\n<\/tr>\n<\/thead>\n<tbody class=\"row-hover\">\n<tr class=\"row-2 even\">\n\t<td class=\"column-1\">1 miesi\u0105c<\/td><td class=\"column-2\">6 miesi\u0119cy<\/td><td class=\"column-3\">12 miesi\u0119cy<\/td>\n<\/tr>\n<tr class=\"row-3 odd\">\n\t<td class=\"column-1\">9,95\u20ac<\/td><td class=\"column-2\">29,99\u20ac zamiast 49,99\u20ac<\/td><td class=\"column-3\">39,95\u20ac zamiast 99,99\u20ac<\/td>\n<\/tr>\n<tr class=\"row-4 even\">\n\t<td class=\"column-1\">ponad 40 host\u00f3w<\/td><td class=\"column-2\">ponad 40 host\u00f3w<\/td><td class=\"column-3\">ponad 40 host\u00f3w<\/td>\n<\/tr>\n<tr class=\"row-5 odd\">\n\t<td class=\"column-1\">Dost\u0119p VPN<\/td><td class=\"column-2\">Dost\u0119p VPN<\/td><td class=\"column-3\">Dost\u0119p VPN<\/td>\n<\/tr>\n<\/tbody>\n<\/table>\n<!-- #tablepress-47 from cache --><\/strong><\/p>\n<p>&nbsp;<\/p>\n<p><a class=\"fasc-button fasc-size-xlarge fasc-type-glossy fasc-rounded-medium ico-fa fasc-ico-after fa-share\" style=\"background-color: #43585e; color: #ffffff;\" rel=\"nofollow\" href=\"https:\/\/multihoster.org\/oboom\/goto\/\">Przejd\u017a do Oboom.com<\/a><\/p>\n<h2>Powiadomienie o ochronie prywatno\u015bci i ochrona danych<\/h2>\n<p>W odniesieniu do ochrony danych i prywatno\u015bci, Oboom przywi\u0105zuje du\u017c\u0105 wag\u0119 do poufno\u015bci i zgodno\u015bci z przepisami prawa. W przeciwie\u0144stwie do wielu innych dostawc\u00f3w, Oboom oferuje us\u0142ug\u0119, kt\u00f3ra jest mo\u017cliwa bez podawania danych osobowych.<\/p>\n<p>W przypadku, gdy dane osobowe s\u0105 mimo to zbierane, jest to zawsze dobrowolne, a Oboom nigdy nie przeka\u017ce tych danych osobom trzecim bez wyra\u017anej zgody. Dostawca zawsze stara si\u0119 zagwarantowa\u0107 jak najlepsze bezpiecze\u0144stwo, ale zwraca uwag\u0119, \u017ce pe\u0142na ochrona w Internecie nie jest mo\u017cliwa.<\/p>\n<p>Podczas korzystania z portalu spo\u0142eczno\u015bciowego Facebook dane mog\u0105 by\u0107 wymieniane mi\u0119dzy przegl\u0105dark\u0105 a serwerem Facebooka przy u\u017cyciu istniej\u0105cych wtyczek. Dalsze dane s\u0105 analizowane przez us\u0142ug\u0119 Google Analytics, kt\u00f3ra wykorzystuje te informacje w celu poprawy komfortu korzystania z serwisu. Ponadto dane osobowe mog\u0105 by\u0107 wymieniane lub przechowywane podczas korzystania z Google Plus lub Twittera.<\/p>\n<h2>Obs\u0142uga klienta<\/h2>\n<p class=\"normal\">Obs\u0142uga Oboom jest dost\u0119pna w godzinach od 9:00 do 17:00. Zadzwo\u0144 pod numer 414 1588 0562. ponadto, je\u015bli masz jakiekolwiek pytania, na kt\u00f3re nie odpowiedzia\u0142e\u015b, mo\u017cesz napisa\u0107 e-mail z pomoc\u0105. Kolejn\u0105 opcj\u0105, kt\u00f3ra jest dzi\u015b szybsza i oferuje r\u00f3wnie\u017c rozwi\u0105zanie, jest obszar FAQ, w kt\u00f3rym regularnie zadawane s\u0105 pytania przez innych u\u017cytkownik\u00f3w.<\/p>\n<h2>\u0141atwo\u015b\u0107 obs\u0142ugi strony internetowej<\/h2>\n<p class=\"normal\">Strona dostawcy Oboom ma przejrzyst\u0105 struktur\u0119, dzi\u0119ki czemu us\u0142uga i filozofia firmy s\u0105 jasne na pierwszy rzut oka: w prawym g\u00f3rnym rogu strony mo\u017cna za\u0142o\u017cy\u0107 konto, zalogowa\u0107 si\u0119 lub korzysta\u0107 z Facebooka, Twittera i Google+.<\/p>\n<p class=\"normal\">Natychmiast po zalogowaniu si\u0119 zostaniesz przeniesiony do widoku CloudDrive, z kt\u00f3rego mo\u017cesz przesy\u0142a\u0107 lub pobiera\u0107 pliki, a tak\u017ce wprowadza\u0107 dowolne zmiany w ustawieniach lub przyjrze\u0107 si\u0119 bli\u017cej programowi partnerskiemu.<\/p>\n<p><img loading=\"lazy\" class=\"alignnone wp-image-100 size-large\" src=\"https:\/\/multihoster.org\/wp-content\/uploads\/2018\/04\/upload-1024x459.png\" alt=\"upload\" width=\"800\" height=\"359\" srcset=\"https:\/\/multihoster.org\/wp-content\/uploads\/2018\/04\/upload-1024x459.png 1024w, https:\/\/multihoster.org\/wp-content\/uploads\/2018\/04\/upload-300x135.png 300w, https:\/\/multihoster.org\/wp-content\/uploads\/2018\/04\/upload-768x345.png 768w, https:\/\/multihoster.org\/wp-content\/uploads\/2018\/04\/upload.png 1199w\" sizes=\"(max-width: 800px) 100vw, 800px\" \/><\/p>\n<h2>Aplikacja mobilna<\/h2>\n<p class=\"normal\">Oboom nie oferuje aplikacji mobilnej, a jedynie korzystanie z niej za pomoc\u0105 zwyk\u0142ej przegl\u0105darki internetowej, a operator chcia\u0142by jak najszybciej zapewni\u0107 mo\u017cliwo\u015b\u0107 dost\u0119pu za pomoc\u0105 klucza lub urz\u0105dzenia mobilnego. Do tego czasu u\u017cytkownicy mog\u0105 z \u0142atwo\u015bci\u0105 korzysta\u0107 z jDownloadera do kontroli pobierania i wysy\u0142ania plik\u00f3w w Oboom&#8217;u. Tutaj mo\u017cesz r\u00f3wnie\u017c zalogowa\u0107 si\u0119 za pomoc\u0105 konta Smoozed Pro i korzysta\u0107 z us\u0142ugi Oboom Premium Service.<\/p>\n<h2>Zalety konta Premium<\/h2>\n<p class=\"normal\">Nie ma oddzielnego konta Premium Oboom, ale z kontem Smoozed Premium mo\u017cesz korzysta\u0107 z maksymalnego zakresu funkcji, jakie oferuje Oboom.<\/p>\n<p class=\"normal\">Z kontem Smoozed Pro masz dost\u0119p do wielu r\u00f3\u017cnych hoster\u00f3w plik\u00f3w, w tym znanych dostawc\u00f3w, takich jak Filefactory, Keep2Share i Streamcloud. Konto Premium pozwala na korzystanie z oferty dowolnego dostawcy z maksymaln\u0105 pr\u0119dko\u015bci\u0105, ma do dyspozycji \u0142\u0105cznie 50 GB ruchu dziennie, a tak\u017ce mo\u017cliwo\u015b\u0107 korzystania z serwera VPN do anonimowego i bezpiecznego korzystania z Internetu.<\/p>\n<p class=\"normal\">Tutaj prezentujemy wszystkie serwery plik\u00f3w, kt\u00f3rych mo\u017cesz u\u017cywa\u0107 opr\u00f3cz Oboom Premium z kontem Smoozed Premium Pro.<\/p>\n<h2>Nasz wniosek na temat dostawcy Oboom<\/h2>\n<p class=\"normal\">Og\u00f3lnie rzecz bior\u0105c, dostawca Oboom sprawia powa\u017cne i wiarygodne wra\u017cenie, co jest szczeg\u00f3lnie przekonuj\u0105ce jest fakt, \u017ce kompletny serwis Oboom jest bezp\u0142atny. Ka\u017cdy u\u017cytkownik mo\u017ce przechowywa\u0107 swoje pliki anonimowo w chmurze z przestrzeni\u0105 dyskow\u0105 do 50 gigabajt\u00f3w bez konieczno\u015bci wprowadzania danych osobowych.<\/p>\n<p class=\"normal\">Je\u015bli posiadasz ju\u017c konto Smoozed, mo\u017cesz korzysta\u0107 z us\u0142ugi Oboom Premium z maksymaln\u0105 pr\u0119dko\u015bci\u0105 i bez czasu oczekiwania. Dzi\u0119ki Smoozed mo\u017cesz subskrybowa\u0107 zaledwie 10 euro miesi\u0119cznie, a tym samym nie tylko mie\u0107 konto Premium Oboom, ale r\u00f3wnie\u017c dost\u0119p do us\u0142ugi prawie ka\u017cdego hosta plik\u00f3w.<\/p>\n<p class=\"normal\">Wsparcie jest dost\u0119pne zar\u00f3wno przez e-mail, jak i telefon w j\u0119zyku niemieckim, co odr\u00f3\u017cnia dostawc\u0119 od konkurencji pod wzgl\u0119dem us\u0142ug.<\/p>\n<p><a class=\"fasc-button fasc-size-xlarge fasc-type-glossy fasc-rounded-medium ico-fa fasc-ico-after fa-share\" style=\"background-color: #43585e; color: #ffffff;\" rel=\"nofollow\" href=\"https:\/\/multihoster.org\/oboom\/goto\/\">Przejd\u017a do Oboom.com<\/a><\/p>\n","protected":false},"excerpt":{"rendered":"<p>Oboom oferuje ca\u0142kowicie bezp\u0142atn\u0105 us\u0142ug\u0119, gdzie mo\u017cna przechowywa\u0107 pliki w chmurze ca\u0142kowicie niezale\u017cnie od lokalizacji i urz\u0105dzenia. Oferent przywi\u0105zuje du\u017c\u0105<\/p>\n","protected":false},"author":2,"featured_media":0,"parent":0,"menu_order":0,"comment_status":"closed","ping_status":"closed","template":"","meta":[],"yoast_head":"<!-- This site is optimized with the Yoast SEO plugin v18.3 - https:\/\/yoast.com\/wordpress\/plugins\/seo\/ -->\n<title>lll\u25b7 Oboom Premium Account powa\u017cne czy nie +++ Test na Multihoster.org<\/title>\n<meta name=\"description\" content=\"Je\u015bli firma Oboom jest renomowanym dostawc\u0105 lub nie, odpowied\u017a znajdziesz w aktualnym te\u015bcie na stronie Multihoster.org \u279c Teraz kliknij \u271a, aby zapozna\u0107 si\u0119 z naszymi do\u015bwiadczeniami!\" \/>\n<meta name=\"robots\" content=\"index, follow, max-snippet:-1, max-image-preview:large, max-video-preview:-1\" \/>\n<link rel=\"canonical\" href=\"https:\/\/multihoster.org\/pl\/oboom\/\" \/>\n<meta property=\"og:locale\" content=\"pl_PL\" \/>\n<meta property=\"og:type\" content=\"article\" \/>\n<meta property=\"og:title\" content=\"lll\u25b7 Oboom Premium Account powa\u017cne czy nie +++ Test na Multihoster.org\" \/>\n<meta property=\"og:description\" content=\"Je\u015bli firma Oboom jest renomowanym dostawc\u0105 lub nie, odpowied\u017a znajdziesz w aktualnym te\u015bcie na stronie Multihoster.org \u279c Teraz kliknij \u271a, aby zapozna\u0107 si\u0119 z naszymi do\u015bwiadczeniami!\" \/>\n<meta property=\"og:url\" content=\"https:\/\/multihoster.org\/pl\/oboom\/\" \/>\n<meta property=\"og:site_name\" content=\"Multihoster.org\" \/>\n<meta property=\"article:modified_time\" content=\"2018-09-12T06:22:38+00:00\" \/>\n<meta property=\"og:image\" content=\"https:\/\/multihoster.org\/wp-content\/uploads\/2018\/04\/logo.png\" \/>\n<meta name=\"twitter:card\" content=\"summary\" \/>\n<meta name=\"twitter:label1\" content=\"Szacowany czas czytania\" \/>\n\t<meta name=\"twitter:data1\" content=\"5 minut\" \/>\n<script type=\"application\/ld+json\" class=\"yoast-schema-graph\">{\"@context\":\"https:\/\/schema.org\",\"@graph\":[{\"@type\":\"WebSite\",\"@id\":\"https:\/\/multihoster.org\/#website\",\"url\":\"https:\/\/multihoster.org\/\",\"name\":\"Multihoster.org\",\"description\":\"Reviews of the major Filehosting services\",\"potentialAction\":[{\"@type\":\"SearchAction\",\"target\":{\"@type\":\"EntryPoint\",\"urlTemplate\":\"https:\/\/multihoster.org\/?s={search_term_string}\"},\"query-input\":\"required name=search_term_string\"}],\"inLanguage\":\"pl-PL\"},{\"@type\":\"ImageObject\",\"@id\":\"https:\/\/multihoster.org\/pl\/oboom\/#primaryimage\",\"inLanguage\":\"pl-PL\",\"url\":\"https:\/\/multihoster.org\/wp-content\/uploads\/2018\/04\/logo.png\",\"contentUrl\":\"https:\/\/multihoster.org\/wp-content\/uploads\/2018\/04\/logo.png\",\"width\":222,\"height\":59,\"caption\":\"logo\"},{\"@type\":\"WebPage\",\"@id\":\"https:\/\/multihoster.org\/pl\/oboom\/#webpage\",\"url\":\"https:\/\/multihoster.org\/pl\/oboom\/\",\"name\":\"lll\u25b7 Oboom Premium Account powa\u017cne czy nie +++ Test na Multihoster.org\",\"isPartOf\":{\"@id\":\"https:\/\/multihoster.org\/#website\"},\"primaryImageOfPage\":{\"@id\":\"https:\/\/multihoster.org\/pl\/oboom\/#primaryimage\"},\"datePublished\":\"2018-05-22T17:15:03+00:00\",\"dateModified\":\"2018-09-12T06:22:38+00:00\",\"description\":\"Je\u015bli firma Oboom jest renomowanym dostawc\u0105 lub nie, odpowied\u017a znajdziesz w aktualnym te\u015bcie na stronie Multihoster.org \u279c Teraz kliknij \u271a, aby zapozna\u0107 si\u0119 z naszymi do\u015bwiadczeniami!\",\"breadcrumb\":{\"@id\":\"https:\/\/multihoster.org\/pl\/oboom\/#breadcrumb\"},\"inLanguage\":\"pl-PL\",\"potentialAction\":[{\"@type\":\"ReadAction\",\"target\":[\"https:\/\/multihoster.org\/pl\/oboom\/\"]}]},{\"@type\":\"BreadcrumbList\",\"@id\":\"https:\/\/multihoster.org\/pl\/oboom\/#breadcrumb\",\"itemListElement\":[{\"@type\":\"ListItem\",\"position\":1,\"name\":\"Startseite\",\"item\":\"https:\/\/multihoster.org\/pl\/\"},{\"@type\":\"ListItem\",\"position\":2,\"name\":\"Oboom Premium Account &#8211; Filehoster w skr\u00f3cie\"}]}]}<\/script>\n<!-- \/ Yoast SEO plugin. -->","yoast_head_json":{"title":"lll\u25b7 Oboom Premium Account powa\u017cne czy nie +++ Test na Multihoster.org","description":"Je\u015bli firma Oboom jest renomowanym dostawc\u0105 lub nie, odpowied\u017a znajdziesz w aktualnym te\u015bcie na stronie Multihoster.org \u279c Teraz kliknij \u271a, aby zapozna\u0107 si\u0119 z naszymi do\u015bwiadczeniami!","robots":{"index":"index","follow":"follow","max-snippet":"max-snippet:-1","max-image-preview":"max-image-preview:large","max-video-preview":"max-video-preview:-1"},"canonical":"https:\/\/multihoster.org\/pl\/oboom\/","og_locale":"pl_PL","og_type":"article","og_title":"lll\u25b7 Oboom Premium Account powa\u017cne czy nie +++ Test na Multihoster.org","og_description":"Je\u015bli firma Oboom jest renomowanym dostawc\u0105 lub nie, odpowied\u017a znajdziesz w aktualnym te\u015bcie na stronie Multihoster.org \u279c Teraz kliknij \u271a, aby zapozna\u0107 si\u0119 z naszymi do\u015bwiadczeniami!","og_url":"https:\/\/multihoster.org\/pl\/oboom\/","og_site_name":"Multihoster.org","article_modified_time":"2018-09-12T06:22:38+00:00","og_image":[{"url":"https:\/\/multihoster.org\/wp-content\/uploads\/2018\/04\/logo.png"}],"twitter_card":"summary","twitter_misc":{"Szacowany czas czytania":"5 minut"},"schema":{"@context":"https:\/\/schema.org","@graph":[{"@type":"WebSite","@id":"https:\/\/multihoster.org\/#website","url":"https:\/\/multihoster.org\/","name":"Multihoster.org","description":"Reviews of the major Filehosting services","potentialAction":[{"@type":"SearchAction","target":{"@type":"EntryPoint","urlTemplate":"https:\/\/multihoster.org\/?s={search_term_string}"},"query-input":"required name=search_term_string"}],"inLanguage":"pl-PL"},{"@type":"ImageObject","@id":"https:\/\/multihoster.org\/pl\/oboom\/#primaryimage","inLanguage":"pl-PL","url":"https:\/\/multihoster.org\/wp-content\/uploads\/2018\/04\/logo.png","contentUrl":"https:\/\/multihoster.org\/wp-content\/uploads\/2018\/04\/logo.png","width":222,"height":59,"caption":"logo"},{"@type":"WebPage","@id":"https:\/\/multihoster.org\/pl\/oboom\/#webpage","url":"https:\/\/multihoster.org\/pl\/oboom\/","name":"lll\u25b7 Oboom Premium Account powa\u017cne czy nie +++ Test na Multihoster.org","isPartOf":{"@id":"https:\/\/multihoster.org\/#website"},"primaryImageOfPage":{"@id":"https:\/\/multihoster.org\/pl\/oboom\/#primaryimage"},"datePublished":"2018-05-22T17:15:03+00:00","dateModified":"2018-09-12T06:22:38+00:00","description":"Je\u015bli firma Oboom jest renomowanym dostawc\u0105 lub nie, odpowied\u017a znajdziesz w aktualnym te\u015bcie na stronie Multihoster.org \u279c Teraz kliknij \u271a, aby zapozna\u0107 si\u0119 z naszymi do\u015bwiadczeniami!","breadcrumb":{"@id":"https:\/\/multihoster.org\/pl\/oboom\/#breadcrumb"},"inLanguage":"pl-PL","potentialAction":[{"@type":"ReadAction","target":["https:\/\/multihoster.org\/pl\/oboom\/"]}]},{"@type":"BreadcrumbList","@id":"https:\/\/multihoster.org\/pl\/oboom\/#breadcrumb","itemListElement":[{"@type":"ListItem","position":1,"name":"Startseite","item":"https:\/\/multihoster.org\/pl\/"},{"@type":"ListItem","position":2,"name":"Oboom Premium Account &#8211; Filehoster w skr\u00f3cie"}]}]}},"_links":{"self":[{"href":"https:\/\/multihoster.org\/pl\/wp-json\/wp\/v2\/pages\/300"}],"collection":[{"href":"https:\/\/multihoster.org\/pl\/wp-json\/wp\/v2\/pages"}],"about":[{"href":"https:\/\/multihoster.org\/pl\/wp-json\/wp\/v2\/types\/page"}],"author":[{"embeddable":true,"href":"https:\/\/multihoster.org\/pl\/wp-json\/wp\/v2\/users\/2"}],"replies":[{"embeddable":true,"href":"https:\/\/multihoster.org\/pl\/wp-json\/wp\/v2\/comments?post=300"}],"version-history":[{"count":12,"href":"https:\/\/multihoster.org\/pl\/wp-json\/wp\/v2\/pages\/300\/revisions"}],"predecessor-version":[{"id":1384,"href":"https:\/\/multihoster.org\/pl\/wp-json\/wp\/v2\/pages\/300\/revisions\/1384"}],"wp:attachment":[{"href":"https:\/\/multihoster.org\/pl\/wp-json\/wp\/v2\/media?parent=300"}],"curies":[{"name":"wp","href":"https:\/\/api.w.org\/{rel}","templated":true}]}}