{"id":3141,"date":"2020-04-07T14:22:57","date_gmt":"2020-04-07T14:22:57","guid":{"rendered":"https:\/\/multihoster.org\/?page_id=3141"},"modified":"2020-05-29T13:51:07","modified_gmt":"2020-05-29T13:51:07","slug":"webshare","status":"publish","type":"page","link":"https:\/\/multihoster.org\/pl\/webshare\/","title":{"rendered":"WebShare Premium Konto: Filehoster W Skr\u00f3cie"},"content":{"rendered":"<p><!--StartFragment--><\/p>\n\n\n<div class=\"wp-block-image\"><figure class=\"aligncenter size-large\"><img loading=\"lazy\" width=\"337\" height=\"100\" src=\"https:\/\/multihoster.org\/wp-content\/uploads\/2020\/04\/webshare.png\" alt=\"\" class=\"wp-image-3125\" srcset=\"https:\/\/multihoster.org\/wp-content\/uploads\/2020\/04\/webshare.png 337w, https:\/\/multihoster.org\/wp-content\/uploads\/2020\/04\/webshare-300x89.png 300w\" sizes=\"(max-width: 337px) 100vw, 337px\" \/><\/figure><\/div>\n\n\n<a class=\"maxbutton-2 maxbutton maxbutton-cta\" target=\"_blank\" rel=\"nofollow noopener\" href=\"\/go\/\"><span class='mb-text'>&gt;&gt; Przejd\u017a do strony Oryginalnego Linkifier<\/span><\/a>\n\n\n<p><\/p>\n\n\n\n<h2>Co to jest Webshare?<\/h2>\n\n\n\n<p>Webshare to platforma przechowywania danych w chmurze online, z kt\u00f3rej mo\u017cna korzysta\u0107, zapisuj\u0105c r\u00f3\u017cnego rodzaju dane, w tym obrazy, muzyk\u0119, filmy, dokumenty, pliki skompresowane i inne. Wszystkie dane, kt\u00f3re przechowujesz i przechowujesz b\u0119d\u0105 dost\u0119pne dla Ciebie wsz\u0119dzie tam, gdzie mo\u017cesz si\u0119 uda\u0107, na ca\u0142ym \u015bwiecie. Dlatego te\u017c, je\u015bli potrzebuj\u0105 Pa\u0144stwo przechowywania plik\u00f3w, kt\u00f3re jest bardzo przyst\u0119pne cenowo i niezawodne, Webshare jest w\u0142a\u015bciw\u0105 platform\u0105 dla Pa\u0144stwa.<\/p>\n\n\n\n<figure class=\"wp-block-image\"><img src=\"https:\/\/lh3.googleusercontent.com\/FTuLvNkvS9rm_YkW9WzPyn54PGM_G44j4io1Xm9PjsowHHoj5ldYZ2ZdvdroAKv1QNwHEg34vsUwhn-H26ooVtQ4VscLe1cVcnHBUPjANDgmb_3efqZqslmxpkNCzb-ew6h5uf8n\" alt=\"Webshare Homepage\"\/><\/figure>\n\n\n\n<h2>Za platform\u0105 Webhare<\/h2>\n\n\n\n<p>Webshare zosta\u0142 utworzony i za\u0142o\u017cony 10 wrze\u015bnia 2009 roku. Wcze\u015bniej by\u0142o to tylko hobby. Po kilku latach funkcjonowania platformy, dok\u0142adnie trzy lata, odkryli oni, \u017ce Webshare sta\u0142 si\u0119 s\u0142awny dla tysi\u0119cy u\u017cytkownik\u00f3w kont. Z tego powodu rozwi\u0105zali j\u0105 tworz\u0105c zupe\u0142nie nowy i znacznie ulepszony Web share. Ich celem jest sta\u0107 si\u0119 silnym konkurentem w\u015br\u00f3d innych znacz\u0105cych graczy na rynku w Republice Czeskiej i zapewni\u0107 wi\u0119kszej liczbie u\u017cytkownik\u00f3w pot\u0119\u017cny i \u0142atwy spos\u00f3b zarz\u0105dzania wszystkimi danymi.<\/p>\n\n\n\n<p>Ich zesp\u00f3\u0142 sk\u0142ada si\u0119 z czterech os\u00f3b. Zbyn\u011bk i Luk\u00e1\u0161 s\u0105 administratorami serwer\u00f3w i s\u0105 odpowiedzialni za ich utrzymanie oraz zarz\u0105dzanie nimi. Adam jest ich g\u0142\u00f3wnym programist\u0105, a ostatnim cz\u0142onkiem jest Honza, kt\u00f3ra jest odpowiedzialna za projektowanie stron internetowych i innych strategii marketingowych. Dla nich Webshare to nie tylko plan i projekt gara\u017cu, ale zaawansowana us\u0142uga, kt\u00f3ra umo\u017cliwia u\u017cytkownikom przechowywanie danych, zarz\u0105dzanie wszystkim z r\u00f3\u017cnych urz\u0105dze\u0144 i dzielenie si\u0119 nimi z osobami, kt\u00f3rym ufaj\u0105.<\/p>\n\n\n\n<p>Misj\u0105 zespo\u0142u jest uczynienie z firmy Webshare najbardziej wyj\u0105tkowego serwisu w swojej bran\u017cy i na rynku czeskim i s\u0142owackim. Wiedz\u0105, \u017ce ten cel to godna uwagi ambicja, ale wiedz\u0105 o tym i d\u0105\u017c\u0105 do jego realizacji. <\/p>\n\n\n\n<p>Chc\u0105 zaoferowa\u0107 swoim u\u017cytkownikom bardziej nowoczesne i wyrafinowane narz\u0119dzie, kt\u00f3re pomo\u017ce im w zarz\u0105dzaniu danymi i synchronizacji ich w r\u00f3\u017cnych urz\u0105dzeniach. Dlatego Webshare to nie tylko narz\u0119dzie do pobierania i wysy\u0142ania danych, ale tak\u017ce rozszerzenie go o mobilny odpowiednik aplikacji i inteligentne narz\u0119dzie desktopowe w celu maksymalizacji wydajno\u015bci ich platformy. Wszystko jest dla Twojej wygody.<\/p>\n\n\n\n<p>Od ich zespo\u0142u, dla wszystkich rzeczy, kt\u00f3re robi\u0105, jedna rzecz jest pewna, a mianowicie spe\u0142nienie wymaga\u0144, wymaga\u0144 i pragnie\u0144 u\u017cytkownika. Ich klienci s\u0105 dla nich najwa\u017cniejsi. Dlatego robi\u0105 z Webshare nie tylko serwis, ale tak\u017ce prawdziwe narz\u0119dzie dla wszystkich u\u017cytkownik\u00f3w.<\/p>\n\n\n\n<h2>Dlaczego warto korzysta\u0107 z Webshare?<\/h2>\n\n\n\n<p>Zapisywanie plik\u00f3w i innych danych w pami\u0119ci masowej w chmurze jest po prostu wygodne. Dzi\u0119ki temu nie musisz nosi\u0107 przy sobie dysk\u00f3w flash, gdziekolwiek jeste\u015b. Jedyne co musisz zrobi\u0107, to wgra\u0107 na swoje konto wszystkie wa\u017cne lub jakiekolwiek pliki, takie jak zdj\u0119cia, dokumenty, muzyk\u0119, filmy i inne niezapomniane pliki. Jedyne, czego potrzebujesz, to Internet, aby mie\u0107 dost\u0119p do swojego konta webhare.<\/p>\n\n\n\n<p>Webshare jest naprawd\u0119 idealny dla Twoich projekt\u00f3w szkolnych, prac domowych, dokument\u00f3w firmowych, film\u00f3w i muzyki, kt\u00f3rymi chcia\u0142e\u015b podzieli\u0107 si\u0119 ze swoimi wsp\u00f3\u0142pracownikami, pracownikami, przyjaci\u00f3\u0142mi lub po prostu wszelkimi danymi, do kt\u00f3rych chcia\u0142e\u015b uzyska\u0107 dost\u0119p gdziekolwiek jeste\u015b.<\/p>\n\n\n\n<figure class=\"wp-block-table\"><table class=\"\"><tbody><tr><td><li>U\u017cytkownicy maj\u0105 pod swoj\u0105 kontrol\u0105 ogromne mo\u017cliwo\u015bci przechowywania danych<br><\/li><li>Wszystkie Twoje pliki spoczywaj\u0105 tylko w chmurze, z internetem, mo\u017cesz mie\u0107 do nich dost\u0119p wsz\u0119dzie.<br><\/li><li>Pendrive&#8217;y nigdy nie b\u0119d\u0105 dost\u0119pne<br>Interfejs strony internetowej Webshare jest bardzo przyjazny i jest dost\u0119pny natychmiast.<br><\/li><li>Obs\u0142uga klienta w ramach Webshare zapewnia sta\u0142y kontakt z ka\u017cdym u\u017cytkownikiem, aby zapewni\u0107 mu pomoc w ka\u017cdy spos\u00f3b, jakiego potrzebuje.<br><\/li><li>System i platforma Webshare s\u0105 stopniowo ulepszane i dostosowywane do potrzeb ka\u017cdego u\u017cytkownika.<br><\/li><li>Webshare opracowuje obecnie aplikacj\u0119 mobiln\u0105 dla Twojej wygody. <\/li><\/td><\/tr><\/tbody><\/table><\/figure>\n\n\n\n<h2>Jaki jest koszt konta Premium Webhare?<\/h2>\n\n\n\n<p>Istnieje wiele opcji p\u0142atno\u015bci, aby skorzysta\u0107 z ich kont VIP lub Webshare Premium. Poni\u017cej znajduj\u0105 si\u0119 te opcje, a oni dbaj\u0105 o to, aby wszystko by\u0142o dla Twojej wygody, wi\u0119c wybierz to, co najbardziej Ci odpowiada.<\/p>\n\n\n\n<p><strong>P\u0142atno\u015b\u0107 kart\u0105 kredytow\u0105<br><\/strong>Po prostu wpisz kilka niezb\u0119dnych danych wydrukowanych na karcie i jeste\u015b gotowy do drogi.<\/p>\n\n\n\n<figure class=\"wp-block-table\"><table><tbody><tr><td>Cz\u0142onkostwo<\/td><td>Czas trwania pomocy<\/td><td>Pilniki prywatne<\/td><td>Op\u0142ata<\/td><\/tr><tr><td>Srebrny VIP<\/td><td>1 miesi\u0105c<\/td><td>10 GB Prywatna pami\u0119\u0107 masowa<\/td><td>59.00 K\u010d<\/td><\/tr><tr><td>Z\u0142oty VIP<\/td><td>3 miesi\u0105ce<\/td><td>20 GB Prywatna pami\u0119\u0107 masowa<\/td><td>169.00 K\u010d<\/td><\/tr><tr><td>Platynowy VIP<\/td><td>1 rok<\/td><td>50 GB Prywatna pami\u0119\u0107 masowa<\/td><td>599.00 K\u010d<\/td><\/tr><\/tbody><\/table><\/figure>\n\n\n\n<p>Wszystkie ceny zawieraj\u0105 podatek VAT (21%)<\/p>\n\n\n\n<p><strong>P\u0142atno\u015b\u0107 online<br><\/strong>Pomoc w zakresie przekaz\u00f3w pieni\u0119\u017cnych GoPay online &#8211; wybierz rodzaj p\u0142atno\u015bci, kt\u00f3ry odpowiada Twoim wymaganiom.<\/p>\n\n\n\n<figure class=\"wp-block-table\"><table><tbody><tr><td>Cz\u0142onkostwo<\/td><td>Czas trwania pomocy<\/td><td>Pilniki prywatne<\/td><td>Op\u0142ata<\/td><\/tr><tr><td>Srebrny VIP<\/td><td>1 miesi\u0105c<\/td><td>10 GB Prywatna pami\u0119\u0107 masowa<\/td><td>59.00 K\u010d<\/td><\/tr><tr><td>Z\u0142oty VIP<\/td><td>3 miesi\u0105ce<\/td><td>20 GB Prywatna pami\u0119\u0107 masowa<\/td><td>169.00 K\u010d<\/td><\/tr><tr><td>Platynowy VIP<\/td><td>1 rok<\/td><td>50 GB Prywatna pami\u0119\u0107 masowa<\/td><td>599.00 K\u010d<\/td><\/tr><\/tbody><\/table><\/figure>\n\n\n\n<p>Wszystkie ceny zawieraj\u0105 podatek VAT (21%)<\/p>\n\n\n\n<p><strong>Przelew bankowy P\u0142atno\u015b\u0107 przelewem<br><\/strong>Zwyk\u0142e przes\u0142anie oczekiwanych \u015brodk\u00f3w na konto bankowe Webshare.<\/p>\n\n\n\n<figure class=\"wp-block-table\"><table><tbody><tr><td>Cz\u0142onkostwo<\/td><td>Czas trwania pomocy<\/td><td>Pilniki prywatne<\/td><td>Op\u0142ata<\/td><\/tr><tr><td>Srebrny VIP<\/td><td>1 miesi\u0105c<\/td><td>10 GB Prywatna pami\u0119\u0107 masowa<\/td><td>59.00 K\u010d<\/td><\/tr><tr><td>Z\u0142oty VIP<\/td><td>3 miesi\u0105ce<\/td><td>20 GB Prywatna pami\u0119\u0107 masowa<\/td><td>169.00 K\u010d<\/td><\/tr><tr><td>Platynowy VIP<\/td><td>1 rok<\/td><td>50 GB Prywatna pami\u0119\u0107 masowa<\/td><td>599.00 K\u010d<\/td><\/tr><\/tbody><\/table><\/figure>\n\n\n\n<p>Wszystkie ceny zawieraj\u0105 podatek VAT (21%)<\/p>\n\n\n\n<p><strong>P\u0142atno\u015b\u0107 za punkty dost\u0119pu do stron internetowych<br><\/strong>Webshare oferuje mo\u017cliwo\u015b\u0107 przekszta\u0142cenia punkt\u00f3w Webshare na konto Premium.<\/p>\n\n\n<a class=\"maxbutton-2 maxbutton maxbutton-cta\" target=\"_blank\" rel=\"nofollow noopener\" href=\"\/go\/\"><span class='mb-text'>&gt;&gt; Przejd\u017a do strony Oryginalnego Linkifier<\/span><\/a>\n\n\n<p><\/p>\n\n\n\n<figure class=\"wp-block-table\"><table><tbody><tr><td>Cz\u0142onkostwo<\/td><td>Czas trwania pomocy<\/td><td>Pilniki prywatne<\/td><td>Op\u0142ata<\/td><\/tr><tr><td>Srebrny VIP<\/td><td>1 miesi\u0105c<\/td><td>10 GB Prywatna pami\u0119\u0107 masowa<\/td><td>10000 B<\/td><\/tr><tr><td>Z\u0142oty VIP<\/td><td>3 miesi\u0105ce<\/td><td>20 GB Prywatna pami\u0119\u0107 masowa<\/td><td>30000 B<\/td><\/tr><tr><td>Platynowy VIP<\/td><td>1 rok<\/td><td>50 GB Prywatna pami\u0119\u0107 masowa<\/td><td>120000 B<\/td><\/tr><\/tbody><\/table><\/figure>\n\n\n\n<p>Wszystkie ceny zawieraj\u0105 podatek VAT (21%)<\/p>\n\n\n\n<p><strong>P\u0142atno\u015b\u0107 SMS-em<br><\/strong>Op\u0142ata jest wy\u017csza z uwagi na specjalne warunki dla podmiotu dokonuj\u0105cego przekazu.<\/p>\n\n\n\n<figure class=\"wp-block-table\"><table><tbody><tr><td>Cz\u0142onkostwo<\/td><td>Czas trwania pomocy<\/td><td>Pilniki prywatne<\/td><td>Op\u0142ata<\/td><\/tr><tr><td>Srebrny VIP<\/td><td>1 miesi\u0105c<\/td><td>10 GB Prywatna pami\u0119\u0107 masowa<\/td><td>99 K\u010d<\/td><\/tr><\/tbody><\/table><\/figure>\n\n\n\n<p>Wszystkie ceny zawieraj\u0105 podatek VAT (21%)<\/p>\n\n\n\n<h2>Jakie s\u0105 korzy\u015bci z konta Premium Webhare?<\/h2>\n\n\n\n<p>Mo\u017cesz korzysta\u0107 z zalet cz\u0142onka premium ju\u017c za 2,39 \u20ac miesi\u0119cznie. Dzi\u0119ki cz\u0142onkostwu premium lub VIP, ka\u017cdy u\u017cytkownik mo\u017ce zmaksymalizowa\u0107 swoj\u0105 nieograniczon\u0105 pr\u0119dko\u015b\u0107 pobierania na Webshare, uzyska\u0107 wi\u0119cej przestrzeni dyskowej i wiele wi\u0119cej.<\/p>\n\n\n\n<p>Pomy\u015blcie tylko o tym scenariuszu: Tw\u00f3j komputer stacjonarny uleg\u0142 awarii, zgubi\u0142 laptopa lub uszkodzi\u0142 plik bez wykonania kopii zapasowej niezb\u0119dnych danych. Z dzisiejsz\u0105 technologi\u0105 to nie powinno mie\u0107 miejsca, albo nie jest tak, jak by to by\u0142o. Posiadanie strony internetowej pod r\u0119k\u0105 jest bardzo wygodne. Tw\u00f3j komputer stacjonarny musia\u0142 si\u0119 zawiesi\u0107, ale nadal mo\u017cesz mie\u0107 dost\u0119p do swoich plik\u00f3w na innych urz\u0105dzeniach poprzez Webshare. Mo\u017cesz spa\u0107 spokojnie wiedz\u0105c, \u017ce Twoje dane s\u0105 zabezpieczone i bezpieczne.<\/p>\n\n\n\n<figure class=\"wp-block-table\"><table><tbody><tr><td>To jest przyst\u0119pne cenowo, tylko \u20ac2.39Boaruje Ci\u0119 obok niczego i mo\u017cesz wybra\u0107 swoj\u0105 taryf\u0119.<\/td><td>1\/4 roku 6,39 EUR za 3 miesi\u0105ce<\/td><td>1 rok 22,95 EUR rocznie<\/td><\/tr><tr><td>Szybkie i szybkie pobieraniePrze\u017cyj maksimum z Twojego po\u0142\u0105czenia internetowego.<\/td><td>500+ Do 500 Mb\/s<\/td><td>20+ Sloty do pobierania<\/td><\/tr><tr><td>10 GB prywatnej pami\u0119ci masowejDodaj swoj\u0105 prywatn\u0105 pojemno\u015b\u0107 do 10 Gigabajt\u00f3w.<\/td><td>5 GB+ Wi\u0119cej przestrzeni prywatnej<\/td><td>24\/7 Dost\u0119pno\u015b\u0107 plik\u00f3w<\/td><\/tr><tr><td>Przywracanie pobierania Mo\u017cna kontynuowa\u0107 przerwane pobieranie.<\/td><td>99% Mo\u017ce zosta\u0107 przywr\u00f3cony<\/td><td>10\/1010 pliki do pobrania<\/td><\/tr><tr><td>Brak og\u0142osze\u0144 Nie b\u0119dzie og\u0142osze\u0144 w sekcjach szczeg\u00f3\u0142owych plik\u00f3w i polu wyszukiwania.<\/td><td>4\/44\/4 og\u0142osze\u0144 nie b\u0119dzie<\/td><td>0 Nawet jedno og\u0142oszenie<\/td><\/tr><\/tbody><\/table><\/figure>\n\n\n\n<h2>Inne cz\u0119sto zadawane pytania w ramach Webshare<\/h2>\n\n\n\n<h3>Dlaczego warto zarejestrowa\u0107 si\u0119 na Webshare?<\/h3>\n\n\n\n<p>Rejestracja lub utworzenie konta w Webshare jest bezp\u0142atne. Otrzymasz 5 Gigabajt\u00f3w bezp\u0142atnego przechowywania. Mo\u017cliwo\u015b\u0107 korzystania z narz\u0119dzia o wielu zaletach, w tym dost\u0119p do komentarzy na temat r\u00f3\u017cnych plik\u00f3w u\u017cytkownika, zbieranie punkt\u00f3w, zarz\u0105dzanie i organizowanie w\u0142asnych danych i wiele wi\u0119cej, to o co mo\u017cna prosi\u0107? Dlaczego nie skorzysta\u0107 z narz\u0119dzia, kt\u00f3re zwi\u0119kszy Twoj\u0105 produktywno\u015b\u0107, prawda? <\/p>\n\n\n\n<h3>Jakie s\u0105 korzy\u015bci z posiadania konta Webshare Premium?<\/h3>\n\n\n\n<p>Jak wspomniano powy\u017cej, zapisuj\u0105c si\u0119 na konto premium, u\u017cytkownicy maj\u0105 prawo do wy\u017cszej wydajno\u015bci platformy, je\u015bli chodzi o szybko\u015b\u0107 pobierania plik\u00f3w, chocia\u017c nadal nale\u017cy sprawdzi\u0107 w\u0142asnego dostawc\u0119 Internetu, poniewa\u017c ma to wp\u0142yw na post\u0119p i mo\u017ce ograniczy\u0107 maksymaln\u0105 pomoc, jak\u0105 mo\u017ce zapewni\u0107 Webshare. Dost\u0119pny jest r\u00f3wnie\u017c mened\u017cer pobierania, kt\u00f3ry umo\u017cliwia u\u017cytkownikowi kontynuowanie pobierania w przypadku awarii internetu. W zale\u017cno\u015bci od rodzaju cz\u0142onkostwa, z kt\u00f3rego skorzystasz, b\u0119dzie on okre\u015bla\u0142 ilo\u015b\u0107 pami\u0119ci masowej, jak\u0105 otrzymasz. Nie b\u0119dzie \u017cadnych niepotrzebnych reklam, a wszystkie Twoje pliki zostan\u0105 zarchiwizowane. Webhare tworzy kopi\u0119 zapasow\u0105 Twojego pliku.<\/p>\n\n\n\n<h3>Rozliczanie p\u0142atno\u015bci za konta Webshare Premium<\/h3>\n\n\n\n<p>Dla wygody i komfortu u\u017cytkownik\u00f3w, Webshare oferuje wiele opcji p\u0142atno\u015bci za cz\u0142onkostwo Premium, w tym kart\u0119 kredytow\u0105 lub debetow\u0105, przelew bankowy, punkty i SMS-y.<\/p>\n\n\n\n<h3>Co stanie si\u0119 z plikami przechowywanymi na koncie Premium po jego wyga\u015bni\u0119ciu?<\/h3>\n\n\n\n<p>Tak d\u0142ugo, jak jeste\u015b cz\u0142onkiem premium, wszystkie twoje pliki b\u0119d\u0105 chronione i nie b\u0119d\u0105 dotykane. Jednak po wyga\u015bni\u0119ciu cz\u0142onkostwa i braku mo\u017cliwo\u015bci aktualizacji cz\u0142onkostwa w ci\u0105gu dw\u00f3ch miesi\u0119cy, system usunie dane, kt\u00f3re przekraczaj\u0105 5 GB pami\u0119ci masowej dla bezp\u0142atnych u\u017cytkownik\u00f3w.<\/p>\n\n\n\n<h3>Wgrywanie danych do Webshare<\/h3>\n\n\n\n<p>Istnieje wiele sposob\u00f3w na wgrywanie danych na Webshare. Od przeci\u0105gania do upuszczania plik\u00f3w w dowolnym miejscu na stronie lub po prostu obs\u0142ugiwa\u0107 sw\u00f3j mened\u017cer plik\u00f3w klikaj\u0105c przycisk &#8222;Moje pliki&#8221;, a zostaniesz poproszony o wybranie pliku lub folderu, kt\u00f3ry chcesz przes\u0142a\u0107. Nast\u0119pnie czekaj na zako\u0144czenie wgrywania danych.<\/p>\n\n\n\n<p>U\u017cytkownik mo\u017ce przes\u0142a\u0107 dowoln\u0105 liczb\u0119 plik\u00f3w, a maksymalny rozmiar pliku, kt\u00f3ry mo\u017ce by\u0107 przes\u0142any to 20 GB. W przypadku wi\u0119kszych plik\u00f3w do przes\u0142ania, mo\u017cna je po prostu podzieli\u0107 przed ich przes\u0142aniem.<\/p>\n\n\n\n<h2>Podsumowanie udzia\u0142\u00f3w stron internetowych<\/h2>\n\n\n\n<p>Webshare ma wiele do zaoferowania i b\u0119dzie ich wi\u0119cej w miar\u0119 post\u0119pu i rozwoju platformy. Wszystkie op\u0142aty premium s\u0105 bardzo rozs\u0105dne, je\u015bli masz zamiar por\u00f3wna\u0107 us\u0142ugi i innowacje, kt\u00f3re mo\u017cesz zyska\u0107. Upewnij si\u0119, \u017ce wybierzesz najlepsze dla siebie cz\u0142onkostwo, aby zmaksymalizowa\u0107 jego wykorzystanie.<\/p>\n\n\n\n<h2>Referencje<\/h2>\n\n\n\n<p><a rel=\"noreferrer noopener\" aria-label=\" (opens in a new tab)\" href=\"https:\/\/www.gearcoupon.com\/the-best-czech-and-foreign-storage-for-easy-file-sharing\/\" target=\"_blank\">https:\/\/www.gearcoupon.com\/the-best-czech-and-foreign-storage-for-easy-file-sharing\/<\/a><br><a rel=\"noreferrer noopener\" aria-label=\" (opens in a new tab)\" href=\"https:\/\/alternative.app\/webshare\" target=\"_blank\">https:\/\/alternative.app\/webshare<\/a><br><a rel=\"noreferrer noopener\" aria-label=\" (opens in a new tab)\" href=\"https:\/\/webshare.cz.cutestat.com\/\" target=\"_blank\">https:\/\/webshare.cz.cutestat.com\/<\/a><br><a rel=\"noreferrer noopener\" aria-label=\" (opens in a new tab)\" href=\"https:\/\/safeweb.norton.com\/reviews?url=webshare.cz\" target=\"_blank\">https:\/\/safeweb.norton.com\/reviews?url=webshare.cz<\/a><br><a rel=\"noreferrer noopener\" aria-label=\"https:\/\/www.thesiterate.com\/stats\/webshare.cz (opens in a new tab)\" href=\"https:\/\/www.thesiterate.com\/stats\/webshare.cz\" target=\"_blank\">https:\/\/www.thesiterate.com\/stats\/webshare.cz<\/a><\/p>\n\n\n<a class=\"maxbutton-2 maxbutton maxbutton-cta\" target=\"_blank\" rel=\"nofollow noopener\" href=\"\/go\/\"><span class='mb-text'>&gt;&gt; Przejd\u017a do strony Oryginalnego Linkifier<\/span><\/a>\n\n\n<p><\/p>\n","protected":false},"excerpt":{"rendered":"<p>Co to jest Webshare? Webshare to platforma przechowywania danych w chmurze online, z kt\u00f3rej mo\u017cna korzysta\u0107, zapisuj\u0105c r\u00f3\u017cnego rodzaju dane,<\/p>\n","protected":false},"author":2,"featured_media":0,"parent":0,"menu_order":0,"comment_status":"closed","ping_status":"closed","template":"","meta":[],"yoast_head":"<!-- This site is optimized with the Yoast SEO plugin v18.3 - https:\/\/yoast.com\/wordpress\/plugins\/seo\/ -->\n<title>WebShare Premium Konto: Filehoster W Skr\u00f3cie<\/title>\n<meta name=\"description\" content=\"Czy WebShare jest renomowanym dostawc\u0105 czy nie, odpowied\u017a znajdziesz w aktualnym te\u015bcie na Multihoster.org \u279c Kliknij teraz \u271a aby przeczyta\u0107 nasze do\u015bwiadczenia!\" \/>\n<meta name=\"robots\" content=\"index, follow, max-snippet:-1, max-image-preview:large, max-video-preview:-1\" \/>\n<link rel=\"canonical\" href=\"https:\/\/multihoster.org\/pl\/webshare\/\" \/>\n<meta property=\"og:locale\" content=\"pl_PL\" \/>\n<meta property=\"og:type\" content=\"article\" \/>\n<meta property=\"og:title\" content=\"WebShare Premium Konto: Filehoster W Skr\u00f3cie\" \/>\n<meta property=\"og:description\" content=\"Czy WebShare jest renomowanym dostawc\u0105 czy nie, odpowied\u017a znajdziesz w aktualnym te\u015bcie na Multihoster.org \u279c Kliknij teraz \u271a aby przeczyta\u0107 nasze do\u015bwiadczenia!\" \/>\n<meta property=\"og:url\" content=\"https:\/\/multihoster.org\/pl\/webshare\/\" \/>\n<meta property=\"og:site_name\" content=\"Multihoster.org\" \/>\n<meta property=\"article:modified_time\" content=\"2020-05-29T13:51:07+00:00\" \/>\n<meta property=\"og:image\" content=\"https:\/\/multihoster.org\/wp-content\/uploads\/2020\/04\/webshare.png\" \/>\n<meta name=\"twitter:card\" content=\"summary\" \/>\n<meta name=\"twitter:label1\" content=\"Szacowany czas czytania\" \/>\n\t<meta name=\"twitter:data1\" content=\"8 minut\" \/>\n<script type=\"application\/ld+json\" class=\"yoast-schema-graph\">{\"@context\":\"https:\/\/schema.org\",\"@graph\":[{\"@type\":\"WebSite\",\"@id\":\"https:\/\/multihoster.org\/#website\",\"url\":\"https:\/\/multihoster.org\/\",\"name\":\"Multihoster.org\",\"description\":\"Reviews of the major Filehosting services\",\"potentialAction\":[{\"@type\":\"SearchAction\",\"target\":{\"@type\":\"EntryPoint\",\"urlTemplate\":\"https:\/\/multihoster.org\/?s={search_term_string}\"},\"query-input\":\"required name=search_term_string\"}],\"inLanguage\":\"pl-PL\"},{\"@type\":\"ImageObject\",\"@id\":\"https:\/\/multihoster.org\/pl\/webshare\/#primaryimage\",\"inLanguage\":\"pl-PL\",\"url\":\"https:\/\/multihoster.org\/wp-content\/uploads\/2020\/04\/webshare.png\",\"contentUrl\":\"https:\/\/multihoster.org\/wp-content\/uploads\/2020\/04\/webshare.png\",\"width\":337,\"height\":100},{\"@type\":\"WebPage\",\"@id\":\"https:\/\/multihoster.org\/pl\/webshare\/#webpage\",\"url\":\"https:\/\/multihoster.org\/pl\/webshare\/\",\"name\":\"WebShare Premium Konto: Filehoster W Skr\u00f3cie\",\"isPartOf\":{\"@id\":\"https:\/\/multihoster.org\/#website\"},\"primaryImageOfPage\":{\"@id\":\"https:\/\/multihoster.org\/pl\/webshare\/#primaryimage\"},\"datePublished\":\"2020-04-07T14:22:57+00:00\",\"dateModified\":\"2020-05-29T13:51:07+00:00\",\"description\":\"Czy WebShare jest renomowanym dostawc\u0105 czy nie, odpowied\u017a znajdziesz w aktualnym te\u015bcie na Multihoster.org \u279c Kliknij teraz \u271a aby przeczyta\u0107 nasze do\u015bwiadczenia!\",\"breadcrumb\":{\"@id\":\"https:\/\/multihoster.org\/pl\/webshare\/#breadcrumb\"},\"inLanguage\":\"pl-PL\",\"potentialAction\":[{\"@type\":\"ReadAction\",\"target\":[\"https:\/\/multihoster.org\/pl\/webshare\/\"]}]},{\"@type\":\"BreadcrumbList\",\"@id\":\"https:\/\/multihoster.org\/pl\/webshare\/#breadcrumb\",\"itemListElement\":[{\"@type\":\"ListItem\",\"position\":1,\"name\":\"Startseite\",\"item\":\"https:\/\/multihoster.org\/pl\/\"},{\"@type\":\"ListItem\",\"position\":2,\"name\":\"WebShare Premium Konto: Filehoster W Skr\u00f3cie\"}]}]}<\/script>\n<!-- \/ Yoast SEO plugin. -->","yoast_head_json":{"title":"WebShare Premium Konto: Filehoster W Skr\u00f3cie","description":"Czy WebShare jest renomowanym dostawc\u0105 czy nie, odpowied\u017a znajdziesz w aktualnym te\u015bcie na Multihoster.org \u279c Kliknij teraz \u271a aby przeczyta\u0107 nasze do\u015bwiadczenia!","robots":{"index":"index","follow":"follow","max-snippet":"max-snippet:-1","max-image-preview":"max-image-preview:large","max-video-preview":"max-video-preview:-1"},"canonical":"https:\/\/multihoster.org\/pl\/webshare\/","og_locale":"pl_PL","og_type":"article","og_title":"WebShare Premium Konto: Filehoster W Skr\u00f3cie","og_description":"Czy WebShare jest renomowanym dostawc\u0105 czy nie, odpowied\u017a znajdziesz w aktualnym te\u015bcie na Multihoster.org \u279c Kliknij teraz \u271a aby przeczyta\u0107 nasze do\u015bwiadczenia!","og_url":"https:\/\/multihoster.org\/pl\/webshare\/","og_site_name":"Multihoster.org","article_modified_time":"2020-05-29T13:51:07+00:00","og_image":[{"url":"https:\/\/multihoster.org\/wp-content\/uploads\/2020\/04\/webshare.png"}],"twitter_card":"summary","twitter_misc":{"Szacowany czas czytania":"8 minut"},"schema":{"@context":"https:\/\/schema.org","@graph":[{"@type":"WebSite","@id":"https:\/\/multihoster.org\/#website","url":"https:\/\/multihoster.org\/","name":"Multihoster.org","description":"Reviews of the major Filehosting services","potentialAction":[{"@type":"SearchAction","target":{"@type":"EntryPoint","urlTemplate":"https:\/\/multihoster.org\/?s={search_term_string}"},"query-input":"required name=search_term_string"}],"inLanguage":"pl-PL"},{"@type":"ImageObject","@id":"https:\/\/multihoster.org\/pl\/webshare\/#primaryimage","inLanguage":"pl-PL","url":"https:\/\/multihoster.org\/wp-content\/uploads\/2020\/04\/webshare.png","contentUrl":"https:\/\/multihoster.org\/wp-content\/uploads\/2020\/04\/webshare.png","width":337,"height":100},{"@type":"WebPage","@id":"https:\/\/multihoster.org\/pl\/webshare\/#webpage","url":"https:\/\/multihoster.org\/pl\/webshare\/","name":"WebShare Premium Konto: Filehoster W Skr\u00f3cie","isPartOf":{"@id":"https:\/\/multihoster.org\/#website"},"primaryImageOfPage":{"@id":"https:\/\/multihoster.org\/pl\/webshare\/#primaryimage"},"datePublished":"2020-04-07T14:22:57+00:00","dateModified":"2020-05-29T13:51:07+00:00","description":"Czy WebShare jest renomowanym dostawc\u0105 czy nie, odpowied\u017a znajdziesz w aktualnym te\u015bcie na Multihoster.org \u279c Kliknij teraz \u271a aby przeczyta\u0107 nasze do\u015bwiadczenia!","breadcrumb":{"@id":"https:\/\/multihoster.org\/pl\/webshare\/#breadcrumb"},"inLanguage":"pl-PL","potentialAction":[{"@type":"ReadAction","target":["https:\/\/multihoster.org\/pl\/webshare\/"]}]},{"@type":"BreadcrumbList","@id":"https:\/\/multihoster.org\/pl\/webshare\/#breadcrumb","itemListElement":[{"@type":"ListItem","position":1,"name":"Startseite","item":"https:\/\/multihoster.org\/pl\/"},{"@type":"ListItem","position":2,"name":"WebShare Premium Konto: Filehoster W Skr\u00f3cie"}]}]}},"_links":{"self":[{"href":"https:\/\/multihoster.org\/pl\/wp-json\/wp\/v2\/pages\/3141"}],"collection":[{"href":"https:\/\/multihoster.org\/pl\/wp-json\/wp\/v2\/pages"}],"about":[{"href":"https:\/\/multihoster.org\/pl\/wp-json\/wp\/v2\/types\/page"}],"author":[{"embeddable":true,"href":"https:\/\/multihoster.org\/pl\/wp-json\/wp\/v2\/users\/2"}],"replies":[{"embeddable":true,"href":"https:\/\/multihoster.org\/pl\/wp-json\/wp\/v2\/comments?post=3141"}],"version-history":[{"count":5,"href":"https:\/\/multihoster.org\/pl\/wp-json\/wp\/v2\/pages\/3141\/revisions"}],"predecessor-version":[{"id":4550,"href":"https:\/\/multihoster.org\/pl\/wp-json\/wp\/v2\/pages\/3141\/revisions\/4550"}],"wp:attachment":[{"href":"https:\/\/multihoster.org\/pl\/wp-json\/wp\/v2\/media?parent=3141"}],"curies":[{"name":"wp","href":"https:\/\/api.w.org\/{rel}","templated":true}]}}