{"id":3174,"date":"2020-04-07T11:19:22","date_gmt":"2020-04-07T11:19:22","guid":{"rendered":"https:\/\/multihoster.org\/?page_id=3174"},"modified":"2020-05-29T14:51:06","modified_gmt":"2020-05-29T14:51:06","slug":"zippyshare","status":"publish","type":"page","link":"https:\/\/multihoster.org\/pl\/zippyshare\/","title":{"rendered":"Zippyshare Premium Konto: Filehoster W Skr\u00f3cie"},"content":{"rendered":"\n<p>Zippyshare Premium jest <a rel=\"noreferrer noopener\" aria-label=\"us\u0142ug\u0105 hostingu plik\u00f3w (FHS) (opens in a new tab)\" href=\"https:\/\/cloud.google.com\/storage\" target=\"_blank\">us\u0142ug\u0105 hostingu plik\u00f3w (FHS)<\/a>, kt\u00f3ra umo\u017cliwia u\u017cytkownikom z ca\u0142ego \u015bwiata nabycie pami\u0119ci masowej w chmurze bez konieczno\u015bci rejestracji i jest ca\u0142kowicie bezp\u0142atna. Zippyshare Premium nie ma \u017cadnych limit\u00f3w pobierania i oferuje du\u017ce mo\u017cliwo\u015bci przechowywania plik\u00f3w w chmurze. Przeczytaj wi\u0119cej o Zippyshare Premium czytaj\u0105c kolejne tematy.<\/p>\n\n\n<a class=\"maxbutton-2 maxbutton maxbutton-cta\" target=\"_blank\" rel=\"nofollow noopener\" href=\"\/go\/\"><span class='mb-text'>&gt;&gt; Przejd\u017a do oryginalnej strony internetowej Linkifier<\/span><\/a>\n\n\n<p><\/p>\n\n\n\n<h2>Kontekst powstania Zippyshare Premium<\/h2>\n\n\n\n<p>Zippyshare Premium zosta\u0142a wprowadzona w 2006 roku przez Tucows, Inc z siedzib\u0105 we Francji. W tamtym czasie magazynowanie by\u0142o ograniczone z pi\u0119\u0107dziesi\u0119ciu megabajt\u00f3w (50 MB) do osiemdziesi\u0119ciu megabajt\u00f3w (80 MB). Ostatecznie wielko\u015b\u0107 ta wzros\u0142a do stu megabajt\u00f3w (100 MB) i w odpowiednim czasie ewoluowa\u0142a wraz z rozwojem obecnej technologii, oferuj\u0105c niesko\u0144czon\u0105 ilo\u015b\u0107 pami\u0119ci masowej w chmurze lub w Internecie.<\/p>\n\n\n\n<figure class=\"wp-block-image\"><img src=\"https:\/\/lh5.googleusercontent.com\/jGG6ExEvxfLXvl7PU9quzMr96-jrFDO7CNN3Co5zBomf-zazQ8B5hToKCi1QhjvNOxFuVTntQ1C1aM8un7SfqlJ_yXHTC25smlgCgvmKFB9T0FRf5qUKFO3VxycFTqW2nqg1Rck\" alt=\"Zippyshare Website Layout\"\/><\/figure>\n\n\n\n<p>Najnowsza aktualizacja interfejsu Zippyshare Premium<\/p>\n\n\n\n<p>Premia Zippyshare jest bezpieczna i godna zaufania, poniewa\u017c ma obecnie jedn\u0105 (1) dekad\u0119, trzy (3) lata i pi\u0119\u0107 (5) miesi\u0119cy. Oto szczeg\u00f3\u0142y, kt\u00f3re dowodz\u0105 legalno\u015bci platformy Zippyshare Premium. Konto Zippyshare Premium jest godne zaufania ju\u017c od ponad dekady i stale si\u0119 rozwija, aby zapewni\u0107 najbardziej efektywn\u0105 i innowacyjn\u0105 us\u0142ug\u0119 hostingu plik\u00f3w w chmurze. Aby dowiedzie\u0107 si\u0119 wi\u0119cej o platformie Zippyshare Premium przeczytaj poni\u017csze tematy, kt\u00f3re dok\u0142adniej wyja\u015bni\u0105 konkretne szczeg\u00f3\u0142y dotycz\u0105ce platformy.<\/p>\n\n\n\n<h2>Zalety korzystania z Zippyshare Premium<\/h2>\n\n\n\n<p>W por\u00f3wnaniu z innymi us\u0142ugami hostingu plik\u00f3w (FHS) i przechowywania w chmurze, platforma Zippyshare Premium ma wiele zalet dzi\u0119ki innowacyjnym i elastycznym ekspertom z firmy Tucows, Inc. Korzystaj\u0105c z najnowszych trend\u00f3w w in\u017cynierii oprogramowania i programowania, platforma Zippyshare Premium jest pe\u0142na korzy\u015bci, aby zapewni\u0107 najlepsze wra\u017cenia u\u017cytkownikom w zakresie us\u0142ug hostingu plik\u00f3w (FHS) i przechowywania danych w Internecie lub w chmurze. W poni\u017cszej tabeli przedstawiono zalety konta Zippyshare Premium dla innego konkurencyjnego dostawcy us\u0142ug hostingu plik\u00f3w i pami\u0119ci masowych w chmurze.<\/p>\n\n\n\n<p>Tabela 1. Funkcje zwyk\u0142ego hostingu plik\u00f3w i Zippyshare Premium<\/p>\n\n\n\n<figure class=\"wp-block-table\"><table><tbody><tr><td>Cecha charakterystyczna<\/td><td>Zwyk\u0142y dostawca us\u0142ug hostingu plik\u00f3w (FHS)<\/td><td>Zippyshare Premium<\/td><\/tr><tr><td>Op\u0142ata eksploatacyjna<\/td><td>Wymaga zap\u0142aty co najmniej 20,00$.<\/td><td>Bezp\u0142atnie i bez \u017cadnych ukrytych op\u0142at<\/td><\/tr><tr><td>Dost\u0119pno\u015b\u0107<\/td><td>Ma bardzo techniczny projekt strony internetowej<\/td><td>Ma bardzo innowacyjny i ergonomiczny projekt strony internetowej<\/td><\/tr><tr><td>Limit pobierania<\/td><td>Maksymalnie 1 GB na dzie\u0144<\/td><td>Brak limitu pobierania<\/td><\/tr><tr><td>Maksymalny rozmiar przesy\u0142anych plik\u00f3w<\/td><td>Bardzo ma\u0142y maksymalny rozmiar przesy\u0142anych plik\u00f3w<\/td><td>Maksymalny rozmiar pliku 500 MB<\/td><\/tr><tr><td>Maksymalny przydzia\u0142 magazynowy <\/td><td>Maksymalnie 1 GB na miesi\u0105c<\/td><td>Nieograniczony przydzia\u0142 magazynowy na miesi\u0105c<\/td><\/tr><tr><td>Maksymalna przepustowo\u015b\u0107<\/td><td>Maksymalnie 1 GB na miesi\u0105c<\/td><td>Nieograniczona przepustowo\u015b\u0107 dozwolona<\/td><\/tr><tr><td>Ochrona przed kradzie\u017c\u0105 danych i phishingiem danych<\/td><td>podatne na kradzie\u017c danych i wy\u0142udzanie danych (przez Adware, Spyware, Malware, Konia Troja\u0144skiego i robaki)<\/td><td>Ma <a rel=\"noreferrer noopener\" aria-label=\"ochron\u0119  (opens in a new tab)\" href=\"https:\/\/computersciencewiki.org\/index.php\/Client-side_scripting_and_server-side_scripting\" target=\"_blank\">ochron\u0119 <\/a>przed Adware, Spyware, Malware, Koniem Troja\u0144skim i robakami<\/td><\/tr><tr><td>Wymagane kolejki i captchas<\/td><td>Wymagane do zape\u0142nienia d\u0142ugich kolejek i kaptur\u00f3w<\/td><td>Nie mia\u0142 d\u0142ugich kolejek i captchas<\/td><\/tr><tr><td>Wyga\u015bni\u0119cie przechowywanego pliku<\/td><td>Maksymalnie 15 dni w przypadku braku aktualizacji<\/td><td>Maksymalnie 1 miesi\u0105c od ostatniej czynno\u015bci<\/td><\/tr><tr><td>Wym\u00f3g rejestracji<\/td><td>Wymagana rejestracja, weryfikacja i logowanie konta<\/td><td>Nie jest wymagane logowanie<\/td><\/tr><\/tbody><\/table><\/figure>\n\n\n\n<p>Jak przedstawiono powy\u017cej, widzimy wyra\u017anie, \u017ce platforma Zippyshare Premium wyr\u00f3\u017cnia si\u0119 na tle konkurencji, poniewa\u017c jest bezp\u0142atna i bez \u017cadnych ukrytych op\u0142at; ma bardzo innowacyjny i ergonomiczny projekt strony internetowej; nie ma limitu pobierania; mo\u017ce wysy\u0142a\u0107 maksymalnie pi\u0119\u0107set (500 MB) plik\u00f3w; z nieograniczonym przydzia\u0142em pami\u0119ci miesi\u0119cznej; nieograniczon\u0105 przepustowo\u015b\u0107 dozwolona; posiada ochron\u0119 przed Adware, Spyware, Malware, Trojan Horse i robakami; nie ma d\u0142ugich kolejek i captchas; mo\u017ce przechowywa\u0107 Twoje pliki do jednego (1) miesi\u0105ca od ostatniej aktywno\u015bci; i wreszcie, konto Zippyshare Premium nie wymaga \u017cadnej rejestracji ani logowania, aby jego u\u017cytkownicy mogli korzysta\u0107 z us\u0142ug Zippyshare Premium, poniewa\u017c na koncie Zippyshare Premium dbamy o to, aby Twoje najwa\u017cniejsze pliki by\u0142y przechowywane i udost\u0119pniane.<\/p>\n\n\n\n<p>Aby nauczy\u0107 si\u0119 i zacz\u0105\u0107 korzysta\u0107 z wymienionych zalet poprzez funkcj\u0119 i funkcje platformy Zippyshare Premium, zapoznaj si\u0119 z poni\u017cszym tematem i zacznij zabezpiecza\u0107 swoje najwa\u017cniejsze pliki lub udost\u0119pnia\u0107 swoje najbardziej b\u0142ogie wspomnienia zgodnie z w\u0142asn\u0105 wol\u0105.<\/p>\n\n\n\n<h2>Korzystanie z Premium Zippyshare<\/h2>\n\n\n\n<p>Korzystanie z platformy Zippyshare Premium jest bardzo proste. Niezale\u017cnie od tego, czy Tw\u00f3j komputer osobisty ma zainstalowany system Windows, MacOS, Linux lub Unix, czy te\u017c Twoje urz\u0105dzenie jest z systemem Android lub iOS, mo\u017cesz \u0142atwo uzyska\u0107 dost\u0119p do jego strony internetowej poprzez jego dynamiczn\u0105 stron\u0119 internetow\u0105. Post\u0119puj zgodnie z poni\u017cszym tutorialem i zacznij korzysta\u0107 z Zippyshare Premium.<\/p>\n\n\n<a class=\"maxbutton-2 maxbutton maxbutton-cta\" target=\"_blank\" rel=\"nofollow noopener\" href=\"\/go\/\"><span class='mb-text'>&gt;&gt; Przejd\u017a do oryginalnej strony internetowej Linkifier<\/span><\/a>\n\n\n<p><\/p>\n\n\n\n<figure class=\"wp-block-image\"><img src=\"https:\/\/lh4.googleusercontent.com\/EFl5s6kpJizQDTuwrRpBT6PMrDMgmMYyY2iX2Ak0KMnrA6_oTqZA3_MRaqnwT5L3_1KarpiQicNkY5T2CYCqGeFmKfKcWxsnkdFo7VUEoofIrsHrbsraZOASi8TXaDm6fznAp0M\" alt=\"Zippshare Premium Across Different Devices\"\/><\/figure>\n\n\n\n<p>Konto Zippyshare Premium posiada dynamiczn\u0105 stron\u0119 internetow\u0105, kt\u00f3ra dzia\u0142a na r\u00f3\u017cnych urz\u0105dzeniach.<\/p>\n\n\n\n<p>1. Wystarczy wybra\u0107 plik, kt\u00f3ry chcesz przes\u0142a\u0107 i przechowywa\u0107 go na platformie Zippyshare Premium, klikaj\u0105c przycisk &#8222;Przegl\u0105daj&#8221;. Po klikni\u0119ciu przycisku &#8222;Przegl\u0105daj&#8221;, pojawi si\u0119 wyskakuj\u0105cy menad\u017cer plik\u00f3w, kt\u00f3ry zlokalizuje Tw\u00f3j plik. Wgrywanie plik\u00f3w na platform\u0119 Zippyshare Premium nie b\u0119dzie utrudnione bez wzgl\u0119du na typ pliku. Na platform\u0119 Zippyshare Premium mo\u017cna wgra\u0107 ka\u017cdy rodzaj <a rel=\"noreferrer noopener\" aria-label=\"plik (opens in a new tab)\" href=\"https:\/\/en.wikipedia.org\/wiki\/List_of_file_formats\" target=\"_blank\">plik<\/a> obrazu, audio, wideo, dokumentu, prezentacji i wszystkie inne pliki. Na platformie Zippyshare Premium mo\u017cna wgra\u0107 maksymalnie pi\u0119\u0107set megabajt\u00f3w (500 MB) na plik.<\/p>\n\n\n\n<p>2. Po wybraniu pliku, mo\u017cna go natychmiast przes\u0142a\u0107, klikaj\u0105c przycisk &#8222;Start Upload&#8221;. W wyskakuj\u0105cym okienku statusu wp\u0142aty konta Zippyshare Premium zobaczysz post\u0119p wp\u0142aty w procentach. Zachowaj ostro\u017cno\u015b\u0107 i nie wy\u0142\u0105czaj przegl\u0105darki, ani nie roz\u0142\u0105czaj si\u0119 od po\u0142\u0105czenia internetowego, aby unikn\u0105\u0107 uszkodzenia danych, utraty danych lub anulowania wgrywania plik\u00f3w.<\/p>\n\n\n\n<p>3. Na koniec, po zako\u0144czeniu przesy\u0142ania, mo\u017cesz ustawi\u0107 prywatno\u015b\u0107 swojego pliku jako publiczn\u0105, prywatn\u0105 lub pokaza\u0107 go wybranym osobom. Zasadniczo, gdy ustawisz prywatno\u015b\u0107 swojego pliku na publiczn\u0105, Tw\u00f3j plik b\u0119dzie widoczny dla innych u\u017cytkownik\u00f3w na platformie Zippyshare Premium i b\u0119dzie m\u00f3g\u0142 by\u0107 przeszukiwany przez innych u\u017cytkownik\u00f3w. Funkcja ta maksymalizuje mo\u017cliwo\u015b\u0107 udost\u0119pniania Twojego pliku lub plik\u00f3w. Gdy ustawi\u0105 Pa\u0144stwo prywatno\u015b\u0107 swojego pliku na prywatno\u015b\u0107, tylko Pa\u0144stwo, korzystaj\u0105c ze swojego konta, mog\u0105 uzyska\u0107 dost\u0119p do swojego pliku na platformie Zippyshare Premium. Nast\u0119pnie, je\u015bli wybrali Pa\u0144stwo prywatno\u015b\u0107 swojego pliku, aby pokaza\u0107 go wybranym osobom, b\u0119d\u0105 Pa\u0144stwo musieli poda\u0107 nazwisko lub adres e-mail os\u00f3b, kt\u00f3rym chc\u0105 Pa\u0144stwo udost\u0119pni\u0107 sw\u00f3j plik.<\/p>\n\n\n\n<p>Zwr\u00f3\u0107 uwag\u0119, \u017ce ka\u017cdy plik b\u0119dzie posiada\u0142 unikalny link do strony internetowej Zippyshare Premium, aby pobra\u0107 sw\u00f3j plik. Pliki, kt\u00f3re s\u0105 ustawione jako prywatne lub maj\u0105 by\u0107 pokazywane tylko wybranym osobom, nie mog\u0105 by\u0107 dost\u0119pne dla innych anonimowych u\u017cytkownik\u00f3w, chyba \u017ce zezwolisz na ich dost\u0119p. Zippyshare Premium zajmuje si\u0119 udost\u0119pnianiem plik\u00f3w, jak r\u00f3wnie\u017c prywatno\u015bci\u0105 u\u017cytkownika w celu ochrony przed wszelkimi niepo\u017c\u0105danymi aplikacjami Adware, Spyware, Malware, Trojan Horse i robakami, kt\u00f3re mog\u0105 kra\u015b\u0107 dane i wy\u0142udza\u0107 dane od u\u017cytkownika za po\u015brednictwem jego konta.<\/p>\n\n\n\n<p>Ponadto, platforma Zippyshare Premium mo\u017ce z pewno\u015bci\u0105 dzia\u0142a\u0107 w ka\u017cdej dost\u0119pnej przegl\u0105darce, niezale\u017cnie od tego, czy jest to Microsoft Internet Explorer, Microsoft Edge, Mozilla Firefox, Safari, Opera Tor i wszystkie inne g\u0142\u00f3wne przegl\u0105darki internetowe na wszystkich urz\u0105dzeniach. Eksperci z firmy Tucows, Inc. zadbali o to, aby dost\u0119pno\u015b\u0107 strony internetowej Zippyshare Premium by\u0142a aktywnie i dynamicznie dost\u0119pna w ka\u017cdym urz\u0105dzeniu na ca\u0142ym \u015bwiecie przy u\u017cyciu zaawansowanego <a rel=\"noreferrer noopener\" aria-label=\"oprogramowania  (opens in a new tab)\" href=\"https:\/\/www.khanacademy.org\/computing\/computer-programming\/programming\/intro-to-programming\/v\/programming-intro\" target=\"_blank\">oprogramowania <\/a>komputerowego i zaawansowanych algorytm\u00f3w.<\/p>\n\n\n\n<h2>O nadu\u017cyciach finansowych zwi\u0105zanych z premiami Zippyshare<\/h2>\n\n\n\n<p>Platforma Zippyshare Premium wspierana przez Tucows, Inc jest ca\u0142kowicie legaln\u0105 i sprawdzon\u0105 stron\u0105 internetow\u0105. Dane numeryczne zosta\u0142y opublikowane powy\u017cej, aby udowodni\u0107, \u017ce platforma Zippyshare Premium nie jest produktem oszustwa, ale jest ca\u0142kowicie prawdziwym dostawc\u0105 us\u0142ug hostingu plik\u00f3w i przechowywania w chmurze, dostawc\u0105. Konto Zippyshare Premium troszczy si\u0119 o wszystkie Twoje pliki, a my zapinamy Twoje najwa\u017cniejsze pliki na zamek b\u0142yskawiczny, aby\u015b m\u00f3g\u0142 je ceni\u0107 i udost\u0119pnia\u0107.<\/p>\n\n\n\n<h2>Ostateczne przemy\u015blenia na temat Zippyshare Premium<\/h2>\n\n\n\n<p>Platforma Zippyshare Premium jest wypr\u00f3bowana i przetestowana przez ponad dekad\u0119, aby chroni\u0107 Twoje pliki przed niepo\u017c\u0105danymi trackerami i hakerami. Platforma Zippyshare Premium dba o to, aby Twoje najwa\u017cniejsze pliki by\u0142y przechowywane w bezpiecznym miejscu i udost\u0119pniane. Zacznij korzysta\u0107 z konta Zippyshare Premium i zapoznaj si\u0119 z najnowszymi prze\u0142omowymi rozwi\u0105zaniami w zakresie us\u0142ug hostingu plik\u00f3w (FHS) i przechowywania plik\u00f3w w chmurze, korzystaj\u0105c z platformy Zippyshare Premium.<\/p>\n\n\n\n<h2>Pytania najcz\u0119\u015bciej zadawane na koncie Zippyshare Premium<\/h2>\n\n\n\n<h3>1. Czy platforma Zippyshare Premium jest legalna, a nie oszustwem?<\/h3>\n\n\n\n<p>Platforma Zippyshare Premium zosta\u0142a opracowana przez firm\u0119 Tucows, Inc z siedzib\u0105 we Francji. od momentu jej uruchomienia w 2006 r. jest bezpieczna i godna zaufania przez jedn\u0105 (1) dekad\u0119, trzy (3) lata i pi\u0119\u0107 (5) miesi\u0119cy.<\/p>\n\n\n\n<h3>2. Jak zarabia Premia Zippyshare, gdy \u015bwiadczy swoje us\u0142ugi za darmo?<\/h3>\n\n\n\n<p>Platforma hostingu plik\u00f3w (FHS) zarabia poprzez swoje reklamy wbudowane w stron\u0119 internetow\u0105 Zippyshare Premium. Szacuje si\u0119, \u017ce zarobi\u0107 do trzydziestu pi\u0119ciu tysi\u0119cy dziewi\u0119\u0107set pi\u0119\u0107dziesi\u0105t trzy dolary (35.953,00 dolar\u00f3w) za dzie\u0144 i jest wart oko\u0142o trzydziestu o\u015bmiu milion\u00f3w osiemset dwadzie\u015bcia dziewi\u0119\u0107 tysi\u0119cy dwie\u015bcie czterdzie\u015bci dolar\u00f3w (38.829.240,00 dolar\u00f3w).<\/p>\n\n\n\n<h3>3. Kiedy wyga\u015bnie domena Premium Zippyshare?<\/h3>\n\n\n\n<p>Status domeny Premium Zippyshare wyga\u015bnie 6 wrze\u015bnia 2021 roku, czyli za prawie dwa (2) lata.  Nadal jest i zawsze jest oznaczana jako BEZPIECZNA przez cutestat.org ze wzgl\u0119du na ca\u0142kowity brak jakichkolwiek problem\u00f3w zwi\u0105zanych z ryzykiem, kt\u00f3re sprawi\u0142y, \u017ce sta\u0142a si\u0119 na tyle znana, \u017ce codziennie odwiedza j\u0105 cztery miliony czterysta czterdzie\u015bci dziewi\u0119\u0107 tysi\u0119cy (4 494 077) r\u00f3\u017cnych os\u00f3b z ca\u0142ego \u015bwiata, a jej stron\u0119 internetow\u0105 odwiedza trzydzie\u015bci pi\u0119\u0107 milion\u00f3w dziewi\u0119\u0107set pi\u0119\u0107dziesi\u0105t dwa tysi\u0105ce sze\u015b\u0107set sze\u015b\u0107 (35 952 616) dziennych ods\u0142on. Jest to obecnie numer trzysta dziewi\u0119\u0107dziesi\u0105t osiem (398) na Alexa Rank. Platforma jest r\u00f3wnie\u017c indeksowana przez Google o jeden milion sze\u015b\u0107set trzydzie\u015bci tysi\u0119cy z Google backlink\u00f3w do dziewi\u0119tnastu milion\u00f3w osiemset tysi\u0119cy (19.800.000). Deweloperzy, Tucows, Inc upewni\u0142 si\u0119, \u017ce jego u\u017cytkownicy mog\u0105 zapewni\u0107 bezpiecze\u0144stwo i ochron\u0119 swoich plik\u00f3w na platformie, jak Zippyshare Premium konta zamki b\u0142yskawiczne ich najwa\u017cniejszych plik\u00f3w dla nich do skarbca i udost\u0119pni\u0107.<\/p>\n\n\n<a class=\"maxbutton-2 maxbutton maxbutton-cta\" target=\"_blank\" rel=\"nofollow noopener\" href=\"\/go\/\"><span class='mb-text'>&gt;&gt; Przejd\u017a do oryginalnej strony internetowej Linkifier<\/span><\/a>\n\n\n<p><\/p>\n","protected":false},"excerpt":{"rendered":"<p>Zippyshare Premium jest us\u0142ug\u0105 hostingu plik\u00f3w (FHS), kt\u00f3ra umo\u017cliwia u\u017cytkownikom z ca\u0142ego \u015bwiata nabycie pami\u0119ci masowej w chmurze bez konieczno\u015bci<\/p>\n","protected":false},"author":2,"featured_media":0,"parent":0,"menu_order":0,"comment_status":"closed","ping_status":"closed","template":"","meta":[],"yoast_head":"<!-- This site is optimized with the Yoast SEO plugin v18.3 - https:\/\/yoast.com\/wordpress\/plugins\/seo\/ -->\n<title>Zippyshare Premium Konto: Filehoster W Skr\u00f3cie<\/title>\n<meta name=\"description\" content=\"Czy Zippyshare jest renomowanym dostawc\u0105 czy nie, odpowied\u017a znajdziesz w aktualnym te\u015bcie na Multihoster.org \u279c Kliknij teraz \u271a aby przeczyta\u0107 nasze do\u015bwiadczenia!\" \/>\n<meta name=\"robots\" content=\"index, follow, max-snippet:-1, max-image-preview:large, max-video-preview:-1\" \/>\n<link rel=\"canonical\" href=\"https:\/\/multihoster.org\/pl\/zippyshare\/\" \/>\n<meta property=\"og:locale\" content=\"pl_PL\" \/>\n<meta property=\"og:type\" content=\"article\" \/>\n<meta property=\"og:title\" content=\"Zippyshare Premium Konto: Filehoster W Skr\u00f3cie\" \/>\n<meta property=\"og:description\" content=\"Czy Zippyshare jest renomowanym dostawc\u0105 czy nie, odpowied\u017a znajdziesz w aktualnym te\u015bcie na Multihoster.org \u279c Kliknij teraz \u271a aby przeczyta\u0107 nasze do\u015bwiadczenia!\" \/>\n<meta property=\"og:url\" content=\"https:\/\/multihoster.org\/pl\/zippyshare\/\" \/>\n<meta property=\"og:site_name\" content=\"Multihoster.org\" \/>\n<meta property=\"article:modified_time\" content=\"2020-05-29T14:51:06+00:00\" \/>\n<meta property=\"og:image\" content=\"https:\/\/lh5.googleusercontent.com\/jGG6ExEvxfLXvl7PU9quzMr96-jrFDO7CNN3Co5zBomf-zazQ8B5hToKCi1QhjvNOxFuVTntQ1C1aM8un7SfqlJ_yXHTC25smlgCgvmKFB9T0FRf5qUKFO3VxycFTqW2nqg1Rck\" \/>\n<meta name=\"twitter:card\" content=\"summary\" \/>\n<meta name=\"twitter:label1\" content=\"Szacowany czas czytania\" \/>\n\t<meta name=\"twitter:data1\" content=\"8 minut\" \/>\n<script type=\"application\/ld+json\" class=\"yoast-schema-graph\">{\"@context\":\"https:\/\/schema.org\",\"@graph\":[{\"@type\":\"WebSite\",\"@id\":\"https:\/\/multihoster.org\/#website\",\"url\":\"https:\/\/multihoster.org\/\",\"name\":\"Multihoster.org\",\"description\":\"Reviews of the major Filehosting services\",\"potentialAction\":[{\"@type\":\"SearchAction\",\"target\":{\"@type\":\"EntryPoint\",\"urlTemplate\":\"https:\/\/multihoster.org\/?s={search_term_string}\"},\"query-input\":\"required name=search_term_string\"}],\"inLanguage\":\"pl-PL\"},{\"@type\":\"ImageObject\",\"@id\":\"https:\/\/multihoster.org\/pl\/zippyshare\/#primaryimage\",\"inLanguage\":\"pl-PL\",\"url\":\"https:\/\/lh5.googleusercontent.com\/jGG6ExEvxfLXvl7PU9quzMr96-jrFDO7CNN3Co5zBomf-zazQ8B5hToKCi1QhjvNOxFuVTntQ1C1aM8un7SfqlJ_yXHTC25smlgCgvmKFB9T0FRf5qUKFO3VxycFTqW2nqg1Rck\",\"contentUrl\":\"https:\/\/lh5.googleusercontent.com\/jGG6ExEvxfLXvl7PU9quzMr96-jrFDO7CNN3Co5zBomf-zazQ8B5hToKCi1QhjvNOxFuVTntQ1C1aM8un7SfqlJ_yXHTC25smlgCgvmKFB9T0FRf5qUKFO3VxycFTqW2nqg1Rck\"},{\"@type\":\"WebPage\",\"@id\":\"https:\/\/multihoster.org\/pl\/zippyshare\/#webpage\",\"url\":\"https:\/\/multihoster.org\/pl\/zippyshare\/\",\"name\":\"Zippyshare Premium Konto: Filehoster W Skr\u00f3cie\",\"isPartOf\":{\"@id\":\"https:\/\/multihoster.org\/#website\"},\"primaryImageOfPage\":{\"@id\":\"https:\/\/multihoster.org\/pl\/zippyshare\/#primaryimage\"},\"datePublished\":\"2020-04-07T11:19:22+00:00\",\"dateModified\":\"2020-05-29T14:51:06+00:00\",\"description\":\"Czy Zippyshare jest renomowanym dostawc\u0105 czy nie, odpowied\u017a znajdziesz w aktualnym te\u015bcie na Multihoster.org \u279c Kliknij teraz \u271a aby przeczyta\u0107 nasze do\u015bwiadczenia!\",\"breadcrumb\":{\"@id\":\"https:\/\/multihoster.org\/pl\/zippyshare\/#breadcrumb\"},\"inLanguage\":\"pl-PL\",\"potentialAction\":[{\"@type\":\"ReadAction\",\"target\":[\"https:\/\/multihoster.org\/pl\/zippyshare\/\"]}]},{\"@type\":\"BreadcrumbList\",\"@id\":\"https:\/\/multihoster.org\/pl\/zippyshare\/#breadcrumb\",\"itemListElement\":[{\"@type\":\"ListItem\",\"position\":1,\"name\":\"Startseite\",\"item\":\"https:\/\/multihoster.org\/pl\/\"},{\"@type\":\"ListItem\",\"position\":2,\"name\":\"Zippyshare Premium Konto: Filehoster W Skr\u00f3cie\"}]}]}<\/script>\n<!-- \/ Yoast SEO plugin. -->","yoast_head_json":{"title":"Zippyshare Premium Konto: Filehoster W Skr\u00f3cie","description":"Czy Zippyshare jest renomowanym dostawc\u0105 czy nie, odpowied\u017a znajdziesz w aktualnym te\u015bcie na Multihoster.org \u279c Kliknij teraz \u271a aby przeczyta\u0107 nasze do\u015bwiadczenia!","robots":{"index":"index","follow":"follow","max-snippet":"max-snippet:-1","max-image-preview":"max-image-preview:large","max-video-preview":"max-video-preview:-1"},"canonical":"https:\/\/multihoster.org\/pl\/zippyshare\/","og_locale":"pl_PL","og_type":"article","og_title":"Zippyshare Premium Konto: Filehoster W Skr\u00f3cie","og_description":"Czy Zippyshare jest renomowanym dostawc\u0105 czy nie, odpowied\u017a znajdziesz w aktualnym te\u015bcie na Multihoster.org \u279c Kliknij teraz \u271a aby przeczyta\u0107 nasze do\u015bwiadczenia!","og_url":"https:\/\/multihoster.org\/pl\/zippyshare\/","og_site_name":"Multihoster.org","article_modified_time":"2020-05-29T14:51:06+00:00","og_image":[{"url":"https:\/\/lh5.googleusercontent.com\/jGG6ExEvxfLXvl7PU9quzMr96-jrFDO7CNN3Co5zBomf-zazQ8B5hToKCi1QhjvNOxFuVTntQ1C1aM8un7SfqlJ_yXHTC25smlgCgvmKFB9T0FRf5qUKFO3VxycFTqW2nqg1Rck"}],"twitter_card":"summary","twitter_misc":{"Szacowany czas czytania":"8 minut"},"schema":{"@context":"https:\/\/schema.org","@graph":[{"@type":"WebSite","@id":"https:\/\/multihoster.org\/#website","url":"https:\/\/multihoster.org\/","name":"Multihoster.org","description":"Reviews of the major Filehosting services","potentialAction":[{"@type":"SearchAction","target":{"@type":"EntryPoint","urlTemplate":"https:\/\/multihoster.org\/?s={search_term_string}"},"query-input":"required name=search_term_string"}],"inLanguage":"pl-PL"},{"@type":"ImageObject","@id":"https:\/\/multihoster.org\/pl\/zippyshare\/#primaryimage","inLanguage":"pl-PL","url":"https:\/\/lh5.googleusercontent.com\/jGG6ExEvxfLXvl7PU9quzMr96-jrFDO7CNN3Co5zBomf-zazQ8B5hToKCi1QhjvNOxFuVTntQ1C1aM8un7SfqlJ_yXHTC25smlgCgvmKFB9T0FRf5qUKFO3VxycFTqW2nqg1Rck","contentUrl":"https:\/\/lh5.googleusercontent.com\/jGG6ExEvxfLXvl7PU9quzMr96-jrFDO7CNN3Co5zBomf-zazQ8B5hToKCi1QhjvNOxFuVTntQ1C1aM8un7SfqlJ_yXHTC25smlgCgvmKFB9T0FRf5qUKFO3VxycFTqW2nqg1Rck"},{"@type":"WebPage","@id":"https:\/\/multihoster.org\/pl\/zippyshare\/#webpage","url":"https:\/\/multihoster.org\/pl\/zippyshare\/","name":"Zippyshare Premium Konto: Filehoster W Skr\u00f3cie","isPartOf":{"@id":"https:\/\/multihoster.org\/#website"},"primaryImageOfPage":{"@id":"https:\/\/multihoster.org\/pl\/zippyshare\/#primaryimage"},"datePublished":"2020-04-07T11:19:22+00:00","dateModified":"2020-05-29T14:51:06+00:00","description":"Czy Zippyshare jest renomowanym dostawc\u0105 czy nie, odpowied\u017a znajdziesz w aktualnym te\u015bcie na Multihoster.org \u279c Kliknij teraz \u271a aby przeczyta\u0107 nasze do\u015bwiadczenia!","breadcrumb":{"@id":"https:\/\/multihoster.org\/pl\/zippyshare\/#breadcrumb"},"inLanguage":"pl-PL","potentialAction":[{"@type":"ReadAction","target":["https:\/\/multihoster.org\/pl\/zippyshare\/"]}]},{"@type":"BreadcrumbList","@id":"https:\/\/multihoster.org\/pl\/zippyshare\/#breadcrumb","itemListElement":[{"@type":"ListItem","position":1,"name":"Startseite","item":"https:\/\/multihoster.org\/pl\/"},{"@type":"ListItem","position":2,"name":"Zippyshare Premium Konto: Filehoster W Skr\u00f3cie"}]}]}},"_links":{"self":[{"href":"https:\/\/multihoster.org\/pl\/wp-json\/wp\/v2\/pages\/3174"}],"collection":[{"href":"https:\/\/multihoster.org\/pl\/wp-json\/wp\/v2\/pages"}],"about":[{"href":"https:\/\/multihoster.org\/pl\/wp-json\/wp\/v2\/types\/page"}],"author":[{"embeddable":true,"href":"https:\/\/multihoster.org\/pl\/wp-json\/wp\/v2\/users\/2"}],"replies":[{"embeddable":true,"href":"https:\/\/multihoster.org\/pl\/wp-json\/wp\/v2\/comments?post=3174"}],"version-history":[{"count":3,"href":"https:\/\/multihoster.org\/pl\/wp-json\/wp\/v2\/pages\/3174\/revisions"}],"predecessor-version":[{"id":4581,"href":"https:\/\/multihoster.org\/pl\/wp-json\/wp\/v2\/pages\/3174\/revisions\/4581"}],"wp:attachment":[{"href":"https:\/\/multihoster.org\/pl\/wp-json\/wp\/v2\/media?parent=3174"}],"curies":[{"name":"wp","href":"https:\/\/api.w.org\/{rel}","templated":true}]}}