{"id":320,"date":"2018-05-22T17:10:54","date_gmt":"2018-05-22T17:10:54","guid":{"rendered":"https:\/\/multihoster.org\/?page_id=320"},"modified":"2018-09-12T05:31:08","modified_gmt":"2018-09-12T05:31:08","slug":"keep2share","status":"publish","type":"page","link":"https:\/\/multihoster.org\/pl\/keep2share\/","title":{"rendered":"Keep2Share Premium Account &#8211; Filehoster w skr\u00f3cie"},"content":{"rendered":"<p class=\"normal\"><span lang=\"de\"><img loading=\"lazy\" class=\"alignleft wp-image-246 size-medium\" src=\"https:\/\/multihoster.org\/wp-content\/uploads\/2018\/05\/keep2share_logo-300x97.jpg\" alt=\"logo\" width=\"300\" height=\"97\" srcset=\"https:\/\/multihoster.org\/wp-content\/uploads\/2018\/05\/keep2share_logo-300x97.jpg 300w, https:\/\/multihoster.org\/wp-content\/uploads\/2018\/05\/keep2share_logo.jpg 382w\" sizes=\"(max-width: 300px) 100vw, 300px\" \/>Filehoster Keep2Share oferuje swoim u\u017cytkownikom najwy\u017cszy poziom bezpiecze\u0144stwa i zapewnia, \u017ce wszystkie dane s\u0105 absolutnie bezpieczne, zar\u00f3wno dzi\u0119ki swojemu do\u015bwiadczeniu, jak i zaszyfrowanemu systemowi. Ca\u0142odobowa obecno\u015b\u0107 i gotowo\u015b\u0107 pracownik\u00f3w Keep2Share gwarantuje r\u00f3wnie\u017c, \u017ce wszystkie dane s\u0105 optymalnie chronione i \u017ce strona jest zawsze dost\u0119pna.<br \/>\n<\/span><\/p>\n<p class=\"normal\"><span lang=\"de\">Ponadto, Keep2Share oferuje niezwykle szybk\u0105 pr\u0119dko\u015b\u0107, jak r\u00f3wnie\u017c rozpocz\u0119cie pobierania bez oczekiwania czas, z kontem premium wiele dodatkowych funkcji s\u0105 dodawane.<br \/>\n<\/span><\/p>\n\n<p><a class=\"fasc-button fasc-size-xlarge fasc-type-glossy fasc-rounded-medium ico-fa fasc-ico-after fa-share\" style=\"background-color: #43585e; color: #ffffff;\" target=\"_blank\" rel=\"nofollow\" href=\"https:\/\/multihoster.org\/keep2share\/goto\/\">Przejd\u017a do strony Keep2Share.net<\/a><\/p>\n<h2><span lang=\"de\">Pozytywne cechy dostawcy<br \/>\n<\/span><\/h2>\n<ul>\n<li>Konto Premium dost\u0119pne ju\u017c od 31 cent\u00f3w za dzie\u0144.<\/li>\n<li>Wirusowe czeki z kontem Premium<\/li>\n<li>Bezpieczna p\u0142atno\u015b\u0107 dzi\u0119ki funkcji weryfikacji przez VISA &amp; Mastercard SecureCode.<\/li>\n<li>Mo\u017cliwo\u015b\u0107 korzystania z Mened\u017cera Pobra\u0144<\/li>\n<li>Wielokrotne pobieranie jednocze\u015bnie<\/li>\n<\/ul>\n<h2><span lang=\"de\">Ca\u0142a oferta Keep2Share w skr\u00f3cie<br \/>\n<\/span><\/h2>\n<p class=\"normal\"><span lang=\"de\">Plikhoster Keep2Share oferuje w dw\u00f3ch taryfach stosunkowo ma\u0142y wyb\u00f3r w odniesieniu do konta premium. Podczas gdy konto Premium Pro oferuje maksymaln\u0105 pr\u0119dko\u015b\u0107, szeroko\u015b\u0107 pasma w normalnej taryfie Premium jest nieco ograniczona. Wolumen danych waha si\u0119 od 20 000 MB w taryfie Premium do 50 000 MB w taryfie Premium Pro.<br \/>\n<\/span><\/p>\n<h2><span lang=\"de\">Koszty i opcje p\u0142atno\u015bci<br \/>\n<\/span><\/h2>\n<p><img loading=\"lazy\" class=\"alignnone wp-image-248 size-full\" src=\"https:\/\/multihoster.org\/wp-content\/uploads\/2018\/05\/cost_image_1.jpg\" alt=\"ceny\" width=\"1011\" height=\"813\" srcset=\"https:\/\/multihoster.org\/wp-content\/uploads\/2018\/05\/cost_image_1.jpg 1011w, https:\/\/multihoster.org\/wp-content\/uploads\/2018\/05\/cost_image_1-300x241.jpg 300w, https:\/\/multihoster.org\/wp-content\/uploads\/2018\/05\/cost_image_1-768x618.jpg 768w\" sizes=\"(max-width: 1011px) 100vw, 1011px\" \/><\/p>\n<p class=\"normal\"><span lang=\"de\">W Keep2Share mo\u017cesz wybra\u0107 pomi\u0119dzy zwyk\u0142\u0105 p\u0142atno\u015bci\u0105 kart\u0105 kredytow\u0105, kart\u0105 VISA, kart\u0105 Mastercard lub poprzez American Express. Podczas p\u0142atno\u015bci kart\u0105 VISA lub Mastercard korzystaj\u0105 Pa\u0144stwo na tym etapie z dodatkowej procedury bezpiecze\u0144stwa. S\u0105 to procedury weryfikacji VISA i MasterCard SecureCode, kt\u00f3re przerywaj\u0105 dodatkow\u0105 weryfikacj\u0119 przy zakupie, aby skutecznie chroni\u0107 Twoje dane i pieni\u0105dze.<br \/>\n<\/span><\/p>\n<p class=\"normal\"><span lang=\"de\">Opr\u00f3cz p\u0142atno\u015bci kart\u0105 VISA lub MasterCard, operator oferuje dalsze opcje zakupu konta Premium Keep2Share. Dotyczy to r\u00f3wnie\u017c p\u0142atno\u015bci za pomoc\u0105 us\u0142ugi Sofort\u00fcberweisung, zwyk\u0142ego przelewu bankowego przez Internet oraz p\u0142atno\u015bci za pomoc\u0105 Bitcoin. Opcjonalnie dost\u0119pne s\u0105 lokalne metody p\u0142atno\u015bci, w Niemczech mo\u017cna p\u0142aci\u0107 za po\u015brednictwem bank\u00f3w takich jak Postbank, DZ Bank lub <a href=\"https:\/\/www.wmtransfer.com\/\">webmoney<\/a> przeprowadzi\u0107 si\u0119. Popularne metody p\u0142atno\u015bci Paypal i Paysafe nie s\u0105 oferowane przez Keep2Share. Je\u015bli nie mo\u017cesz korzysta\u0107 z \u017cadnej z wymienionych metod p\u0142atno\u015bci i nadal chcesz p\u0142aci\u0107 za swoje konto w prosty i bezpieczny spos\u00f3b online, mo\u017cesz opcjonalnie kupi\u0107 przedp\u0142acon\u0105 kart\u0119 kredytow\u0105.<\/span><\/p>\n<p>&nbsp;<\/p>\n\n<table id=\"tablepress-18\" class=\"tablepress tablepress-id-18\">\n<thead>\n<tr class=\"row-1 odd\">\n\t<th class=\"column-1\">Keep2Share PREMIUM PRO<\/th><th class=\"column-2\">Keep2Share PREMIUM<\/th>\n<\/tr>\n<\/thead>\n<tbody class=\"row-hover\">\n<tr class=\"row-2 even\">\n\t<td class=\"column-1\">50 000 MB dziennie<\/td><td class=\"column-2\">20 000 MB dziennie<\/td>\n<\/tr>\n<tr class=\"row-3 odd\">\n\t<td class=\"column-1\">11,75 USD dziennie<\/td><td class=\"column-2\">9,50 USD dziennie<\/td>\n<\/tr>\n<tr class=\"row-4 even\">\n\t<td class=\"column-1\">0,38 USD za dzie\u0144<\/td><td class=\"column-2\">0,31 USD za dzie\u0144<\/td>\n<\/tr>\n<tr class=\"row-5 odd\">\n\t<td class=\"column-1\">Maksymalna pr\u0119dko\u015b\u0107 pobierania danych<\/td><td class=\"column-2\">Szybkie pobieranie danych<\/td>\n<\/tr>\n<tr class=\"row-6 even\">\n\t<td class=\"column-1\">Mo\u017cna u\u017cy\u0107 Mened\u017cera Pobra\u0144.<\/td><td class=\"column-2\">Mo\u017cna u\u017cy\u0107 Mened\u017cera Pobra\u0144.<\/td>\n<\/tr>\n<tr class=\"row-7 odd\">\n\t<td class=\"column-1\">Wielokrotne pobieranie jednocze\u015bnie<\/td><td class=\"column-2\">Wielokrotne pobieranie jednocze\u015bnie<\/td>\n<\/tr>\n<tr class=\"row-8 even\">\n\t<td class=\"column-1\">Powtarzalne pliki do pobrania<\/td><td class=\"column-2\">Powtarzalne pliki do pobrania<\/td>\n<\/tr>\n<tr class=\"row-9 odd\">\n\t<td class=\"column-1\">sprawdzanie pod k\u0105tem wirus\u00f3w<\/td><td class=\"column-2\"><\/td>\n<\/tr>\n<tr class=\"row-10 even\">\n\t<td class=\"column-1\">Moje ulubione pliki<\/td><td class=\"column-2\"><\/td>\n<\/tr>\n<tr class=\"row-11 odd\">\n\t<td class=\"column-1\">Nieograniczony podgl\u0105d wideo<\/td><td class=\"column-2\"><\/td>\n<\/tr>\n<tr class=\"row-12 even\">\n\t<td class=\"column-1\">Pobieranie anonimowe<\/td><td class=\"column-2\"><\/td>\n<\/tr>\n<tr class=\"row-13 odd\">\n\t<td class=\"column-1\">Wi\u0119ksza przestrze\u0144 magazynowa<\/td><td class=\"column-2\"><\/td>\n<\/tr>\n<tr class=\"row-14 even\">\n\t<td class=\"column-1\">Maksymalny rozmiar pliku 10 GB.<\/td><td class=\"column-2\"><\/td>\n<\/tr>\n<\/tbody>\n<\/table>\n<!-- #tablepress-18 from cache -->\n<p><a class=\"fasc-button fasc-size-xlarge fasc-type-glossy fasc-rounded-medium ico-fa fasc-ico-after fa-share\" style=\"background-color: #43585e; color: #ffffff;\" target=\"_blank\" rel=\"nofollow\" href=\"https:\/\/multihoster.org\/keep2share\/goto\/\">Przejd\u017a do strony Keep2Share.net<\/a><\/p>\n<h2><span lang=\"de\">Powiadomienie o ochronie prywatno\u015bci i ochrona danych<br \/>\n<\/span><\/h2>\n<p class=\"normal\"><span lang=\"de\">Prywatno\u015b\u0107 i ochrona danych staj\u0105 si\u0119 coraz wa\u017cniejszym tematem w Internecie. Ch\u0119tnie dzielimy si\u0119 nasz\u0105 wiedz\u0105 i do\u015bwiadczeniem z firm\u0105 Keep2Share, aby\u015b m\u00f3g\u0142 uzyska\u0107 pe\u0142ny obraz dostawcy.<br \/>\n<\/span><\/p>\n<p class=\"normal\"><span lang=\"de\">Podczas korzystania z us\u0142ugi Keep2Share dane s\u0105 automatycznie zapisywane. Obejmuje to dane osobowe, takie jak adres e-mail, imi\u0119 i nazwisko lub dane bankowe, jak r\u00f3wnie\u017c dane demograficzne, nieosobowe.<br \/>\n<\/span><\/p>\n<p class=\"normal\"><span lang=\"de\">Dane osobowe s\u0105 wykorzystywane wy\u0142\u0105cznie w us\u0142ugach takich jak proces p\u0142atno\u015bci, nawi\u0105zywanie kontakt\u00f3w, powiadamianie itp. i nie b\u0119d\u0105 przekazywane osobom trzecim. Dane demograficzne nie s\u0105 danymi osobowymi i s\u0105 gromadzone anonimowo, tak wi\u0119c r\u00f3wnie\u017c w tym momencie zachowana jest prywatno\u015b\u0107.<br \/>\n<\/span><\/p>\n<h2><span lang=\"de\">Obs\u0142uga posprzeda\u017cna<br \/>\n<\/span><\/h2>\n<p><img loading=\"lazy\" class=\"alignnone wp-image-247 size-full\" src=\"https:\/\/multihoster.org\/wp-content\/uploads\/2018\/05\/keep2share_image_2.jpg\" alt=\"walory\" width=\"1799\" height=\"777\" srcset=\"https:\/\/multihoster.org\/wp-content\/uploads\/2018\/05\/keep2share_image_2.jpg 1799w, https:\/\/multihoster.org\/wp-content\/uploads\/2018\/05\/keep2share_image_2-300x130.jpg 300w, https:\/\/multihoster.org\/wp-content\/uploads\/2018\/05\/keep2share_image_2-768x332.jpg 768w, https:\/\/multihoster.org\/wp-content\/uploads\/2018\/05\/keep2share_image_2-1024x442.jpg 1024w\" sizes=\"(max-width: 1799px) 100vw, 1799px\" \/><\/p>\n<p class=\"normal\"><span lang=\"de\">W przypadku pyta\u0144 dotycz\u0105cych us\u0142ugi Keep2Share, link do strony serwisowej znajduje si\u0119 na dole strony. St\u0105d masz dost\u0119p do obszaru FAQ, gdzie wiele odpowiedzi na najcz\u0119\u015bciej zadawane pytania jest ju\u017c wyja\u015bnionych. Dostawca ma ju\u017c du\u017ce do\u015bwiadczenie i zwykle wie, gdzie u\u017cytkownicy potrzebuj\u0105 pomocy. Je\u015bli nie mo\u017cna znale\u017a\u0107 satysfakcjonuj\u0105cego rozwi\u0105zania w ten spos\u00f3b, mo\u017cna skontaktowa\u0107 si\u0119 z dzia\u0142em wsparcia bezpo\u015brednio za po\u015brednictwem formularza online i opisa\u0107 problem bardziej szczeg\u00f3\u0142owo tutaj. W tej sekcji, mo\u017cesz r\u00f3wnie\u017c dostarczy\u0107 Keep2Share Customer Service informacje zwrotne na temat w\u0142asnych do\u015bwiadcze\u0144 z dostawc\u0105 us\u0142ug, co pozwala na popraw\u0119 us\u0142ug dla siebie i innych u\u017cytkownik\u00f3w w d\u0142u\u017cszej perspektywie.<\/span><\/p>\n<h2><span lang=\"de\">Przyjazno\u015b\u0107 dla u\u017cytkownika<br \/>\n<\/span><\/h2>\n<p class=\"normal\"><span lang=\"de\">Aby zalogowa\u0107 si\u0119 do us\u0142ugi Keep2Share, mo\u017cna \u0142atwo utworzy\u0107 konto Keep2Share lub zarejestrowa\u0107 si\u0119 za po\u015brednictwem Facebooka lub Google. Aby w pe\u0142ni korzysta\u0107 z konta, musisz najpierw potwierdzi\u0107 sw\u00f3j adres e-mail, a nast\u0119pnie wybra\u0107 &#8222;Moje pliki&#8221;, &#8222;M\u00f3j profil&#8221; i &#8222;Moje ulubione&#8221;. Ponadto, znajdziesz spos\u00f3b na uaktualnienie konta Keep2Share do konta premium. Dzi\u0119ki przyjaznemu u\u017cytkownikowi interfejsowi nie wymaga du\u017cego do\u015bwiadczenia, aby w pe\u0142ni korzysta\u0107 z us\u0142ug dostawcy.<br \/>\n<\/span><\/p>\n<h2><span lang=\"de\">Zalety konta premium w serwisie Keep2Share<br \/>\n<\/span><\/h2>\n<p class=\"normal\"><span lang=\"de\">Z kontem Premium Keep2Share mo\u017cesz ju\u017c cieszy\u0107 si\u0119 du\u017c\u0105 pr\u0119dko\u015bci\u0105, kt\u00f3ra jest tylko nieznacznie ni\u017csza ni\u017c w wersji Premium Pro. Ponadto mo\u017cna uruchomi\u0107 kilka pobra\u0144 jednocze\u015bnie, a pobieranie mo\u017ce by\u0107 \u0142atwo monitorowane, wstrzymywane i kontynuowane przez mened\u017cera pobierania.<\/span><\/p>\n<p class=\"normal\"><span lang=\"de\">Uzyskaj jeszcze wi\u0119cej informacji na temat konta Keep2Share Premium Pro, kt\u00f3re zapewnia maksymaln\u0105 szybko\u015b\u0107 i kontrol\u0119 antywirusow\u0105 plik\u00f3w. Ponadto, masz wi\u0119cej miejsca na przechowywanie, nieograniczone korzystanie z podgl\u0105du wideo i przechowywania plik\u00f3w w folderze Ulubione pliki. Konto Premium Pro pozwala r\u00f3wnie\u017c na anonimowe pobieranie plik\u00f3w, zwi\u0119kszaj\u0105c maksymalny rozmiar plik\u00f3w z tego pakietu z 5 GB do 10 GB.<br \/>\n<\/span><\/p>\n<h2><span lang=\"de\">Nasz wniosek na temat Keep2Share<br \/>\n<\/span><\/h2>\n<p class=\"normal\"><span lang=\"de\">Keep2Share nie tylko obiecuje kompleksow\u0105 ochron\u0119 danych i prywatno\u015bci, ale r\u00f3wnie\u017c oferuje atrakcyjne stawki za hosting i pobieranie plik\u00f3w. Mo\u017cesz wybra\u0107 pomi\u0119dzy dwiema stawkami Keep2Share Premium, kt\u00f3re s\u0105 ju\u017c dost\u0119pne za 31 lub 38 cent\u00f3w za dzie\u0144. Je\u015bli chcesz przetestowa\u0107 ofert\u0119 providera, mo\u017cesz r\u00f3wnie\u017c utworzy\u0107 bezp\u0142atne konto Keep2Share.<br \/>\n<\/span><\/p>\n<p class=\"normal\"><span lang=\"de\">Keep2Share Premium Account Pro oferuje jeszcze wi\u0119cej funkcji ni\u017c konto Premium i umo\u017cliwia anonimowe pobieranie plik\u00f3w, nieograniczony podgl\u0105d wideo i pobieranie plik\u00f3w o rozmiarze do 10 GB.<br \/>\n<\/span><\/p>\n<p class=\"normal\"><span lang=\"de\">P\u0142atno\u015bci mo\u017cna dokona\u0107 kart\u0105 kredytow\u0105, dost\u0119pne s\u0105 r\u00f3wnie\u017c inne metody p\u0142atno\u015bci. Dodatkowe procedury bezpiecze\u0144stwa VISA i MasterCard zapewniaj\u0105 maksymalne bezpiecze\u0144stwo, a wiele innych metod p\u0142atno\u015bci jest mo\u017cliwych, z wyj\u0105tkiem Paypal i Paysafe.<br \/>\n<\/span><\/p>\n<p><a class=\"fasc-button fasc-size-xlarge fasc-type-glossy fasc-rounded-medium ico-fa fasc-ico-after fa-share\" style=\"background-color: #43585e; color: #ffffff;\" target=\"_blank\" rel=\"nofollow\" href=\"https:\/\/multihoster.org\/keep2share\/goto\/\">Przejd\u017a do strony Keep2Share.net<\/a><\/p>\n","protected":false},"excerpt":{"rendered":"<p>Filehoster Keep2Share oferuje swoim u\u017cytkownikom najwy\u017cszy poziom bezpiecze\u0144stwa i zapewnia, \u017ce wszystkie dane s\u0105 absolutnie bezpieczne, zar\u00f3wno dzi\u0119ki swojemu do\u015bwiadczeniu,<\/p>\n","protected":false},"author":2,"featured_media":0,"parent":0,"menu_order":0,"comment_status":"closed","ping_status":"closed","template":"","meta":[],"yoast_head":"<!-- This site is optimized with the Yoast SEO plugin v18.3 - https:\/\/yoast.com\/wordpress\/plugins\/seo\/ -->\n<title>lll\u25b7 Keep2share Premium Account powa\u017cne czy nie +++ Test na Multihoster.org<\/title>\n<meta name=\"description\" content=\"Je\u015bli firma Keep2share jest renomowanym dostawc\u0105 lub nie, odpowied\u017a znajdziesz w aktualnym te\u015bcie na stronie Multihoster.org \u279c Teraz kliknij \u271a, aby zapozna\u0107 si\u0119 z naszymi do\u015bwiadczeniami!\" \/>\n<meta name=\"robots\" content=\"index, follow, max-snippet:-1, max-image-preview:large, max-video-preview:-1\" \/>\n<link rel=\"canonical\" href=\"https:\/\/multihoster.org\/pl\/keep2share\/\" \/>\n<meta property=\"og:locale\" content=\"pl_PL\" \/>\n<meta property=\"og:type\" content=\"article\" \/>\n<meta property=\"og:title\" content=\"lll\u25b7 Keep2share Premium Account powa\u017cne czy nie +++ Test na Multihoster.org\" \/>\n<meta property=\"og:description\" content=\"Je\u015bli firma Keep2share jest renomowanym dostawc\u0105 lub nie, odpowied\u017a znajdziesz w aktualnym te\u015bcie na stronie Multihoster.org \u279c Teraz kliknij \u271a, aby zapozna\u0107 si\u0119 z naszymi do\u015bwiadczeniami!\" \/>\n<meta property=\"og:url\" content=\"https:\/\/multihoster.org\/pl\/keep2share\/\" \/>\n<meta property=\"og:site_name\" content=\"Multihoster.org\" \/>\n<meta property=\"article:modified_time\" content=\"2018-09-12T05:31:08+00:00\" \/>\n<meta property=\"og:image\" content=\"https:\/\/multihoster.org\/wp-content\/uploads\/2018\/05\/keep2share_logo-300x97.jpg\" \/>\n<meta name=\"twitter:card\" content=\"summary\" \/>\n<meta name=\"twitter:label1\" content=\"Szacowany czas czytania\" \/>\n\t<meta name=\"twitter:data1\" content=\"5 minut\" \/>\n<script type=\"application\/ld+json\" class=\"yoast-schema-graph\">{\"@context\":\"https:\/\/schema.org\",\"@graph\":[{\"@type\":\"WebSite\",\"@id\":\"https:\/\/multihoster.org\/#website\",\"url\":\"https:\/\/multihoster.org\/\",\"name\":\"Multihoster.org\",\"description\":\"Reviews of the major Filehosting services\",\"potentialAction\":[{\"@type\":\"SearchAction\",\"target\":{\"@type\":\"EntryPoint\",\"urlTemplate\":\"https:\/\/multihoster.org\/?s={search_term_string}\"},\"query-input\":\"required name=search_term_string\"}],\"inLanguage\":\"pl-PL\"},{\"@type\":\"ImageObject\",\"@id\":\"https:\/\/multihoster.org\/pl\/keep2share\/#primaryimage\",\"inLanguage\":\"pl-PL\",\"url\":\"https:\/\/multihoster.org\/wp-content\/uploads\/2018\/05\/keep2share_logo.jpg\",\"contentUrl\":\"https:\/\/multihoster.org\/wp-content\/uploads\/2018\/05\/keep2share_logo.jpg\",\"width\":382,\"height\":123},{\"@type\":\"WebPage\",\"@id\":\"https:\/\/multihoster.org\/pl\/keep2share\/#webpage\",\"url\":\"https:\/\/multihoster.org\/pl\/keep2share\/\",\"name\":\"lll\u25b7 Keep2share Premium Account powa\u017cne czy nie +++ Test na Multihoster.org\",\"isPartOf\":{\"@id\":\"https:\/\/multihoster.org\/#website\"},\"primaryImageOfPage\":{\"@id\":\"https:\/\/multihoster.org\/pl\/keep2share\/#primaryimage\"},\"datePublished\":\"2018-05-22T17:10:54+00:00\",\"dateModified\":\"2018-09-12T05:31:08+00:00\",\"description\":\"Je\u015bli firma Keep2share jest renomowanym dostawc\u0105 lub nie, odpowied\u017a znajdziesz w aktualnym te\u015bcie na stronie Multihoster.org \u279c Teraz kliknij \u271a, aby zapozna\u0107 si\u0119 z naszymi do\u015bwiadczeniami!\",\"breadcrumb\":{\"@id\":\"https:\/\/multihoster.org\/pl\/keep2share\/#breadcrumb\"},\"inLanguage\":\"pl-PL\",\"potentialAction\":[{\"@type\":\"ReadAction\",\"target\":[\"https:\/\/multihoster.org\/pl\/keep2share\/\"]}]},{\"@type\":\"BreadcrumbList\",\"@id\":\"https:\/\/multihoster.org\/pl\/keep2share\/#breadcrumb\",\"itemListElement\":[{\"@type\":\"ListItem\",\"position\":1,\"name\":\"Startseite\",\"item\":\"https:\/\/multihoster.org\/pl\/\"},{\"@type\":\"ListItem\",\"position\":2,\"name\":\"Keep2Share Premium Account &#8211; Filehoster w skr\u00f3cie\"}]}]}<\/script>\n<!-- \/ Yoast SEO plugin. -->","yoast_head_json":{"title":"lll\u25b7 Keep2share Premium Account powa\u017cne czy nie +++ Test na Multihoster.org","description":"Je\u015bli firma Keep2share jest renomowanym dostawc\u0105 lub nie, odpowied\u017a znajdziesz w aktualnym te\u015bcie na stronie Multihoster.org \u279c Teraz kliknij \u271a, aby zapozna\u0107 si\u0119 z naszymi do\u015bwiadczeniami!","robots":{"index":"index","follow":"follow","max-snippet":"max-snippet:-1","max-image-preview":"max-image-preview:large","max-video-preview":"max-video-preview:-1"},"canonical":"https:\/\/multihoster.org\/pl\/keep2share\/","og_locale":"pl_PL","og_type":"article","og_title":"lll\u25b7 Keep2share Premium Account powa\u017cne czy nie +++ Test na Multihoster.org","og_description":"Je\u015bli firma Keep2share jest renomowanym dostawc\u0105 lub nie, odpowied\u017a znajdziesz w aktualnym te\u015bcie na stronie Multihoster.org \u279c Teraz kliknij \u271a, aby zapozna\u0107 si\u0119 z naszymi do\u015bwiadczeniami!","og_url":"https:\/\/multihoster.org\/pl\/keep2share\/","og_site_name":"Multihoster.org","article_modified_time":"2018-09-12T05:31:08+00:00","og_image":[{"url":"https:\/\/multihoster.org\/wp-content\/uploads\/2018\/05\/keep2share_logo-300x97.jpg"}],"twitter_card":"summary","twitter_misc":{"Szacowany czas czytania":"5 minut"},"schema":{"@context":"https:\/\/schema.org","@graph":[{"@type":"WebSite","@id":"https:\/\/multihoster.org\/#website","url":"https:\/\/multihoster.org\/","name":"Multihoster.org","description":"Reviews of the major Filehosting services","potentialAction":[{"@type":"SearchAction","target":{"@type":"EntryPoint","urlTemplate":"https:\/\/multihoster.org\/?s={search_term_string}"},"query-input":"required name=search_term_string"}],"inLanguage":"pl-PL"},{"@type":"ImageObject","@id":"https:\/\/multihoster.org\/pl\/keep2share\/#primaryimage","inLanguage":"pl-PL","url":"https:\/\/multihoster.org\/wp-content\/uploads\/2018\/05\/keep2share_logo.jpg","contentUrl":"https:\/\/multihoster.org\/wp-content\/uploads\/2018\/05\/keep2share_logo.jpg","width":382,"height":123},{"@type":"WebPage","@id":"https:\/\/multihoster.org\/pl\/keep2share\/#webpage","url":"https:\/\/multihoster.org\/pl\/keep2share\/","name":"lll\u25b7 Keep2share Premium Account powa\u017cne czy nie +++ Test na Multihoster.org","isPartOf":{"@id":"https:\/\/multihoster.org\/#website"},"primaryImageOfPage":{"@id":"https:\/\/multihoster.org\/pl\/keep2share\/#primaryimage"},"datePublished":"2018-05-22T17:10:54+00:00","dateModified":"2018-09-12T05:31:08+00:00","description":"Je\u015bli firma Keep2share jest renomowanym dostawc\u0105 lub nie, odpowied\u017a znajdziesz w aktualnym te\u015bcie na stronie Multihoster.org \u279c Teraz kliknij \u271a, aby zapozna\u0107 si\u0119 z naszymi do\u015bwiadczeniami!","breadcrumb":{"@id":"https:\/\/multihoster.org\/pl\/keep2share\/#breadcrumb"},"inLanguage":"pl-PL","potentialAction":[{"@type":"ReadAction","target":["https:\/\/multihoster.org\/pl\/keep2share\/"]}]},{"@type":"BreadcrumbList","@id":"https:\/\/multihoster.org\/pl\/keep2share\/#breadcrumb","itemListElement":[{"@type":"ListItem","position":1,"name":"Startseite","item":"https:\/\/multihoster.org\/pl\/"},{"@type":"ListItem","position":2,"name":"Keep2Share Premium Account &#8211; Filehoster w skr\u00f3cie"}]}]}},"_links":{"self":[{"href":"https:\/\/multihoster.org\/pl\/wp-json\/wp\/v2\/pages\/320"}],"collection":[{"href":"https:\/\/multihoster.org\/pl\/wp-json\/wp\/v2\/pages"}],"about":[{"href":"https:\/\/multihoster.org\/pl\/wp-json\/wp\/v2\/types\/page"}],"author":[{"embeddable":true,"href":"https:\/\/multihoster.org\/pl\/wp-json\/wp\/v2\/users\/2"}],"replies":[{"embeddable":true,"href":"https:\/\/multihoster.org\/pl\/wp-json\/wp\/v2\/comments?post=320"}],"version-history":[{"count":8,"href":"https:\/\/multihoster.org\/pl\/wp-json\/wp\/v2\/pages\/320\/revisions"}],"predecessor-version":[{"id":1360,"href":"https:\/\/multihoster.org\/pl\/wp-json\/wp\/v2\/pages\/320\/revisions\/1360"}],"wp:attachment":[{"href":"https:\/\/multihoster.org\/pl\/wp-json\/wp\/v2\/media?parent=320"}],"curies":[{"name":"wp","href":"https:\/\/api.w.org\/{rel}","templated":true}]}}