{"id":3244,"date":"2020-04-07T15:14:19","date_gmt":"2020-04-07T15:14:19","guid":{"rendered":"https:\/\/multihoster.org\/pobierz\/"},"modified":"2020-05-29T15:34:14","modified_gmt":"2020-05-29T15:34:14","slug":"pobierz","status":"publish","type":"page","link":"https:\/\/multihoster.org\/pl\/pobierz\/","title":{"rendered":"Pobierz Premium Konto: Filehoster W Skr\u00f3cie"},"content":{"rendered":"<a class=\"maxbutton-2 maxbutton maxbutton-cta\" target=\"_blank\" rel=\"nofollow noopener\" href=\"\/go\/\"><span class='mb-text'>&gt;&gt; Przejd\u017a do strony Oryginalnego Linkifier<\/span><\/a>\n\n\n<figure class=\"wp-block-image\"><img src=\"https:\/\/lh5.googleusercontent.com\/3wfv5DvQ8nXJrn63afXmHk3vHDU2P9Qc52t0gcb1DGySTk2gMQeM2Xw8-xt8A3_h79_uhIAePowyrlqubfV6Jkh3GlmEnY9ZOdwMTu8kqoaQZ7Ew4S7urFH2qT9pQxRCA3n63XM\" alt=\"Pobierz Logo\"\/><\/figure>\n\n\n\n<p>Pobierz jest us\u0142ug\u0105 <a href=\"https:\/\/www.techopedia.com\/definition\/25310\/file-hosting-service\" target=\"_blank\" rel=\"noreferrer noopener\" aria-label=\"hostingu plik\u00f3w (opens in a new tab)\">hostingu plik\u00f3w<\/a>, kt\u00f3ra oferuje \u0142atwe rozwi\u0105zania w zakresie udost\u0119pniania plik\u00f3w dla Ciebie i Twoich przyjaci\u00f3\u0142 lub r\u00f3wie\u015bnik\u00f3w. Cho\u0107 mniej popularna ni\u017c wiele innych hoster\u00f3w plik\u00f3w, nie mo\u017cna zaprzeczy\u0107, \u017ce Pobierz ma co\u015b do powiedzenia, je\u015bli chodzi o jako\u015b\u0107 us\u0142ug. Nie wspominaj\u0105c o wysokim nacisku na bezpiecze\u0144stwo, \u017ce wi\u0119kszo\u015b\u0107 us\u0142ug hostingu plik\u00f3w brakuje. Pobierz obs\u0142uguje r\u00f3wnie\u017c prawie wszystkie rodzaje plik\u00f3w, zapewniaj\u0105c elastyczno\u015b\u0107 dla swoich u\u017cytkownik\u00f3w. Z jako\u015bci\u0105 us\u0142ug, kt\u00f3ra jest na r\u00f3wni z wi\u0119kszo\u015bci\u0105 popularnych hoster\u00f3w plik\u00f3w, Pobierz nadal pozostaje jako jeden z najta\u0144szych us\u0142ug hostingu plik\u00f3w online.<\/p>\n\n\n\n<p>Jednak pomimo tych funkcji, z kt\u00f3rych darmowe konto Pobierz mo\u017ce swobodnie korzysta\u0107, ich ulepszone konto mo\u017ce oferowa\u0107 jeszcze bardziej ulepszon\u0105 obs\u0142ug\u0119. W\u0142a\u015bciciele kont Pobierz Premium maj\u0105 prawo do znacznych usprawnie\u0144 w zakresie pr\u0119dko\u015bci, limitu pobierania i pojemno\u015bci pami\u0119ci masowej, a wszystko to za bardzo nisk\u0105 op\u0142at\u0105 abonamentow\u0105.<\/p>\n\n\n\n<figure class=\"wp-block-image\"><img src=\"https:\/\/lh3.googleusercontent.com\/Poc3zmnhybCZ6FYacWZHTat-CFbQP_-L93ZhxzPDd6VDqJRdfcSPowg06SmyrAVlwdi_vrxsl881fgTzHMFsFIgH2-7EsjxhaTNs4VDZZHiqcBPeIpBwGM7ZTfPwSagmy2vPs_Y\" alt=\"Pobierz Premium website\"\/><\/figure>\n\n\n\n<h2>Pobierz Premium Cechy wyr\u00f3\u017cniaj\u0105ce<\/h2>\n\n\n\n<h3>Wi\u0119ksza pojemno\u015b\u0107 magazynowa<\/h3>\n\n\n\n<p>Posiadanie konta Pobierz Premium pozwala na korzystanie z przestrzeni dyskowej o warto\u015bci do 10TB. Idealne rozwi\u0105zanie dla os\u00f3b chc\u0105cych przechowywa\u0107 du\u017ce pliki, takie jak filmy, wysokiej jako\u015bci filmy i inne rodzaje medi\u00f3w. Tw\u00f3rcy tre\u015bci cyfrowych mog\u0105 tworzy\u0107 kopie zapasowe i archiwizowa\u0107 swoje tre\u015bci w swojej <a href=\"https:\/\/searchstorage.techtarget.com\/definition\/cloud-storage\" target=\"_blank\" rel=\"noreferrer noopener\" aria-label=\"pami\u0119ci masowej w chmurze (opens in a new tab)\">pami\u0119ci masowej w chmurze<\/a> online.<\/p>\n\n\n\n<h3>Nie ma reklam<\/h3>\n\n\n\n<p>Reklamy mog\u0105 by\u0107 bardzo irytuj\u0105ce i mog\u0105 zawiera\u0107 z\u0142o\u015bliwe oprogramowanie, kt\u00f3re mo\u017ce uszkodzi\u0107 urz\u0105dzenie, ale w innych darmowych witryn hostingowych plik\u00f3w, jest to jedyny spos\u00f3b, aby uzyska\u0107 przychody. Jednak zakup konta Pobierz Premium automatycznie wy\u0142\u0105cza wszelkie reklamy lub wyskakuj\u0105ce okienka podczas korzystania z ich us\u0142ugi przechowywania online.<\/p>\n\n\n\n<h3>Nieograniczona pr\u0119dko\u015b\u0107 pobierania<\/h3>\n\n\n\n<p>Darmowi u\u017cytkownicy maj\u0105 ni\u017cszy priorytet w ruchu danych, ale w\u0142a\u015bciciele kont Pobierz Premium maj\u0105 wy\u017cszy przydzia\u0142 pasma, co pozwala na szybsze pobieranie plik\u00f3w i medi\u00f3w. Dzi\u0119ki Pobierzowi, \u0142atwy dost\u0119p do Twoich plik\u00f3w jest mo\u017cliwy dzi\u0119ki nieograniczonej pr\u0119dko\u015bci pobierania oraz wy\u017cszej przepustowo\u015bci przyznawanej w\u0142a\u015bcicielom kont Premium.<\/p>\n\n\n\n<h3>Pobierz wiele plik\u00f3w<\/h3>\n\n\n\n<p>Mo\u017cliwo\u015b\u0107 pobierania wielu plik\u00f3w jest bardzo pomocna, je\u015bli si\u0119 spieszysz, ale niestety, darmowe konto nie ma wsparcia dla takiej funkcji. Aby korzysta\u0107 z funkcji wielokrotnego pobierania, nale\u017cy posiada\u0107 konto Pobierz Premium. Jest ono jednak bardzo wydajne i jest jednym z powod\u00f3w, dla kt\u00f3rych coraz wi\u0119cej os\u00f3b otrzymuje w\u0142asne konto Pobierz Premium. Mo\u017cesz \u015bci\u0105ga\u0107 wszystkie pliki jednocze\u015bnie, jedynym ograniczeniem jest po\u0142\u0105czenie internetowe.<\/p>\n\n\n\n<h3>Obs\u0142uga akceleratora pobierania<\/h3>\n\n\n\n<p><br>Je\u015bli nadal potrzebujesz wi\u0119kszej pr\u0119dko\u015bci pobierania, mo\u017cesz u\u017cy\u0107 <a href=\"http:\/\/ask-leo.com\/how_do_download_accelerators_work.html\">akcelerator\u00f3w pobierania<\/a>. Na szcz\u0119\u015bcie Pobierz Premium posiada pe\u0142ne wsparcie dla wszystkich dost\u0119pnych online akcelerator\u00f3w pobierania. Funkcja ta pozwala u\u017cytkownikom w pe\u0142ni zwi\u0119kszy\u0107 pr\u0119dko\u015b\u0107 pobierania, dzi\u0119ki czemu dost\u0119p do ich plik\u00f3w i medi\u00f3w jest szybszy i \u0142atwiejszy.<\/p>\n\n\n\n<h3>Bezpieczne przechowywanie online<\/h3>\n\n\n\n<p>Pobierz Premium posiada jedn\u0105 z najbezpieczniejszych us\u0142ug przechowywania online. Mo\u017cesz by\u0107 pewny bezpiecze\u0144stwa swoich plik\u00f3w, zw\u0142aszcza je\u015bli s\u0105 one przeznaczone do cel\u00f3w biznesowych, takich jak dokumenty lub tre\u015bci w og\u00f3le. Nawet je\u015bli po prostu zapisujesz wszystkie swoje ulubione filmy w pami\u0119ci masowej w chmurze, bezpiecze\u0144stwo plik\u00f3w jest nadal bardzo wa\u017cne.<\/p>\n\n\n\n<h2>Jak zdoby\u0107 w\u0142asne konto Premium Pobierz<\/h2>\n\n\n\n<p>Uzyskanie w\u0142asnego konta Pobierz Premium jest do\u015b\u0107 proste. Oferuj\u0105 one r\u00f3\u017cne metody p\u0142atno\u015bci, dopasowane do ka\u017cdego klienta. Akceptuj\u0105 one VISA, MasterCard i Paypal. DotPay jest r\u00f3wnie\u017c dost\u0119pny jako metoda p\u0142atno\u015bci.<\/p>\n\n\n\n<p><strong>Wyb\u00f3r metody p\u0142atno\u015bci:<\/strong><\/p>\n\n\n\n<figure class=\"wp-block-table\"><table><tbody><tr><td><\/td><td>VISA i\/lub MasterCard<\/td><td>3 Dni Premium kosztuj\u0105 4,00 \u20ac<\/td><\/tr><tr><td><\/td><td>DotPay<\/td><td>3 Dni Premiowe kosztuj\u0105 6,00 PLN<\/td><\/tr><tr><td><\/td><td>Kup Bon Premium przez Takevoucher.com<\/td><td>Tam, gdzie potencjalny u\u017cytkownik mo\u017ce kupi\u0107 kupon Premium i mo\u017ce zosta\u0107 op\u0142acony przez Paypal, Visa, MasterCard, Bitcoin i Amazon.po wybraniu tej p\u0142atno\u015bci, nale\u017cy ponownie wybra\u0107 \u017c\u0105dany pakiet.<\/td><\/tr><tr><td><\/td><td>Kupno bonu Premium przez KeyInstant.com<\/td><td>Gdzie potencjalny u\u017cytkownik mo\u017ce kupi\u0107 kupon Premium i zap\u0142aci\u0107 za niego poprzez Paypal, Visa, MasterCard, Bitcoin i Amazon.<\/td><\/tr><tr><td><\/td><td>Inne Zagraniczne Metody P\u0142atno\u015bci takie jak Paysera, SafetyPay, HSBC, Nordea, Maxima, Barclays, SwedBank, Lloyds Bank, Sofort, DNB, RBS, WebMoney, Bitcoin itd.<\/td><td>Wiadomo\u015b\u0107 Pobierz wsparcie dla listy partner\u00f3w metody p\u0142atno\u015bci.<\/td><\/tr><tr><td><\/td><td>Us\u0142uga SMS<\/td><td>P\u0142a\u0107 za pomoc\u0105 us\u0142ugi SMS. P\u0142atno\u015bci SMS dost\u0119pne tylko na istniej\u0105ce konto u\u017cytkownika.<\/td><\/tr><\/tbody><\/table><\/figure>\n\n\n<a class=\"maxbutton-2 maxbutton maxbutton-cta\" target=\"_blank\" rel=\"nofollow noopener\" href=\"\/go\/\"><span class='mb-text'>&gt;&gt; Przejd\u017a do strony Oryginalnego Linkifier<\/span><\/a>\n\n\n<p><\/p>\n\n\n\n<h2>Korzy\u015bci z konta Premium Pobierz<\/h2>\n\n\n\n<p>\u2714\ufe0f Proste pobieranie, koniec z czekaniem.<\/p>\n\n\n\n<p>\u2714\ufe0f Free of Ads &#8211; Maksymalnie wykorzystaj swoje konto bez \u017cadnych przerw.<\/p>\n\n\n\n<p>\u2714\ufe0f Nieograniczona liczba jednoczesnych pobra\u0144 &#8211; Wykorzystaj to do maksimum swoich zasob\u00f3w.<\/p>\n\n\n\n<p>\u2714\ufe0f Najwy\u017csza pr\u0119dko\u015b\u0107 pobierania &#8211; Bezproblemowe tempo pobierania.<\/p>\n\n\n\n<p>\u2714\ufe0f Wsparcie dla akcelerator\u00f3w pobierania<\/p>\n\n\n\n<p>\u2714\ufe0f Nieograniczona powierzchnia dysku &#8211; Ciesz si\u0119 bezgranicznym zewn\u0119trznym dyskiem.<\/p>\n\n\n\n<p>\u2714\ufe0f Przechowywanie plik\u00f3w bez ogranicze\u0144<\/p>\n\n\n\n<p>\u2714\ufe0f Rozmiar pliku do 10GB &#8211; Po prostu wow!<\/p>\n\n\n\n<h2>Najcz\u0119\u015bciej zadawane pytania (FAQ)<\/h2>\n\n\n\n<h3><strong>Q<\/strong>: Czy us\u0142uga Pobierza jest bezp\u0142atna?<\/h3>\n\n\n\n<p><strong>A<\/strong>: Tak, przesy\u0142anie i pobieranie jest bezp\u0142atne. Ale zapewniamy us\u0142ug\u0119 konta premium, kt\u00f3ra upowa\u017cnia do wi\u0119kszej ilo\u015bci wp\u0142at i \/ lub pobierania elastyczno\u015bci.<\/p>\n\n\n\n<h3><strong>Q<\/strong>: Czy moje pliki, kt\u00f3re przechowuj\u0119, zostan\u0105 usuni\u0119te?<\/h3>\n\n\n\n<p><strong>A<\/strong>: Dla u\u017cytkownik\u00f3w bez konta (go\u015bcia) lub z bezp\u0142atnym kontem, pliki b\u0119d\u0105 przechowywane tylko przez 30 dni. Pliki lub dokumenty dla konta Premium s\u0105 przechowywane bez ogranicze\u0144. Zgodnie z regulaminem strony internetowej.<\/p>\n\n\n\n<h3><strong>Q<\/strong>: Ile plik\u00f3w mog\u0119 przenie\u015b\u0107 na swoje konto?<\/h3>\n\n\n\n<p><strong>A<\/strong>: Mo\u017cesz przes\u0142a\u0107 dowoln\u0105 liczb\u0119 plik\u00f3w, pod warunkiem, \u017ce ich zawarto\u015b\u0107 jest zgodna z naszym regulaminem i nie przekracza dozwolonego rozmiaru.<\/p>\n\n\n\n<h3><strong>Q<\/strong>: Jakie rodzaje plik\u00f3w mog\u0119 przesy\u0142a\u0107?<\/h3>\n\n\n\n<p><strong>A<\/strong>: Mo\u017cesz wgra\u0107 ka\u017cdy rodzaj pliku, do kt\u00f3rego masz prawa, a kt\u00f3ry nie wp\u0142ywa na niestandardow\u0105 ocen\u0119 platformy, nie zastraszaj\u0105c posiadaczy kont i administratora strony i nie wprowadzaj\u0105c nikogo w b\u0142\u0105d, w zgodzie z porz\u0105dkiem strony.<\/p>\n\n\n\n<h3><strong>Q<\/strong>: Czy istniej\u0105 jakie\u015b ograniczenia dotycz\u0105ce ilo\u015bci przesy\u0142anych plik\u00f3w?<\/h3>\n\n\n\n<p><strong>A<\/strong>: Ka\u017cdy z plik\u00f3w musi by\u0107 mniejszy ni\u017c 10,00 GB. Ta strona musi by\u0107 jedynym ograniczeniem.<\/p>\n\n\n\n<h3><strong>Q<\/strong>: Czy mo\u017cna kontynuowa\u0107 pobieranie?<\/h3>\n\n\n\n<p><strong>A<\/strong>: Tak, kontynuacja pobierania jest mo\u017cliwa do 2 minut po zak\u0142\u00f3conym transferze, bez konieczno\u015bci ponownego przeliczania transferu dla pobranego pliku.<\/p>\n\n\n\n<h3><strong>Q<\/strong>: Jak mog\u0119 powi\u0119kszy\u0107\/zmieni\u0107 dzienny limit transferu?<\/h3>\n\n\n\n<p><strong>A<\/strong>: Wystarczy zakupi\u0107 lub przed\u0142u\u017cy\u0107 us\u0142ug\u0119 konta Pobierz Premium, a przelew zostanie automatycznie &#8222;wyzerowany&#8221;.<\/p>\n\n\n\n<h2>Dlaczego strona internetowa Pobierza jest teraz niedost\u0119pna?<\/h2>\n\n\n\n<figure class=\"wp-block-image\"><img src=\"https:\/\/lh6.googleusercontent.com\/1-c0Di-QKZ4ot-F-my44mxt__MYaNhu35C_qGkstJU2Z7VqKFpBbBzTfvY5IXMY9EhhO6nCsKEb-gKl6UmFEUIBou-T11BHy0ZrV9NSmqjrYwaThwWoOoIMjJ47S7C3R0YOlnpA\" alt=\"Pobierz contact support field\"\/><\/figure>\n\n\n\n<p>Strona internetowa Pobierza jest obecnie pod specjaln\u0105 opiek\u0105. Dla obecnych u\u017cytkownik\u00f3w, kt\u00f3rzy posiadaj\u0105 wa\u017cne pliki na swoim koncie, zalecamy pobranie ich i skopiowanie w inne bezpieczne miejsce na czas. \u015arodki zgromadzone r\u00f3wnie\u017c w programie partnerskim zosta\u0142y wyp\u0142acone w przypadku zmiany minimalnej kwoty wyp\u0142aty na 5 PLN.<\/p>\n\n\n\n<p>Je\u015bli jeste\u015b zainteresowany zakupem us\u0142ugi &#8211; mo\u017cesz skontaktowa\u0107 si\u0119 z oficjaln\u0105 obs\u0142ug\u0105 serwisu za pomoc\u0105 formularza kontaktowego. A je\u015bli jeste\u015b u\u017cytkownikiem, kt\u00f3ry nadal posiada aktywne konto PREMIUM i nie skontaktowa\u0142e\u015b si\u0119 z obs\u0142ug\u0105 serwisu Pobierz w celu uzyskania odszkodowania, prosimy o kontakt r\u00f3wnie\u017c poprzez formularz kontaktowy.<\/p>\n\n\n\n<p>Ma to jednak na celu popraw\u0119 ich obs\u0142ugi klient\u00f3w. Mo\u017cesz by\u0107 pewien, \u017ce kiedy Pobierz wr\u00f3ci, b\u0119dzie mia\u0142 bezpieczniejsz\u0105 i szybsz\u0105 us\u0142ug\u0119 hostingu plik\u00f3w. <\/p>\n\n\n<a class=\"maxbutton-2 maxbutton maxbutton-cta\" target=\"_blank\" rel=\"nofollow noopener\" href=\"\/go\/\"><span class='mb-text'>&gt;&gt; Przejd\u017a do strony Oryginalnego Linkifier<\/span><\/a>","protected":false},"excerpt":{"rendered":"<p>Pobierz jest us\u0142ug\u0105 hostingu plik\u00f3w, kt\u00f3ra oferuje \u0142atwe rozwi\u0105zania w zakresie udost\u0119pniania plik\u00f3w dla Ciebie i Twoich przyjaci\u00f3\u0142 lub r\u00f3wie\u015bnik\u00f3w.<\/p>\n","protected":false},"author":2,"featured_media":0,"parent":0,"menu_order":0,"comment_status":"closed","ping_status":"closed","template":"","meta":[],"yoast_head":"<!-- This site is optimized with the Yoast SEO plugin v18.3 - https:\/\/yoast.com\/wordpress\/plugins\/seo\/ -->\n<title>Pobierz Premium Konto: Filehoster W Skr\u00f3cie<\/title>\n<meta name=\"description\" content=\"Czy Pobierz jest renomowanym dostawc\u0105 czy nie, odpowied\u017a znajdziesz w aktualnym te\u015bcie na Multihoster.org \u279c Kliknij teraz \u271a aby przeczyta\u0107 nasze do\u015bwiadczenia!\" \/>\n<meta name=\"robots\" content=\"index, follow, max-snippet:-1, max-image-preview:large, max-video-preview:-1\" \/>\n<link rel=\"canonical\" href=\"https:\/\/multihoster.org\/pl\/pobierz\/\" \/>\n<meta property=\"og:locale\" content=\"pl_PL\" \/>\n<meta property=\"og:type\" content=\"article\" \/>\n<meta property=\"og:title\" content=\"Pobierz Premium Konto: Filehoster W Skr\u00f3cie\" \/>\n<meta property=\"og:description\" content=\"Czy Pobierz jest renomowanym dostawc\u0105 czy nie, odpowied\u017a znajdziesz w aktualnym te\u015bcie na Multihoster.org \u279c Kliknij teraz \u271a aby przeczyta\u0107 nasze do\u015bwiadczenia!\" \/>\n<meta property=\"og:url\" content=\"https:\/\/multihoster.org\/pl\/pobierz\/\" \/>\n<meta property=\"og:site_name\" content=\"Multihoster.org\" \/>\n<meta property=\"article:modified_time\" content=\"2020-05-29T15:34:14+00:00\" \/>\n<meta property=\"og:image\" content=\"https:\/\/lh5.googleusercontent.com\/3wfv5DvQ8nXJrn63afXmHk3vHDU2P9Qc52t0gcb1DGySTk2gMQeM2Xw8-xt8A3_h79_uhIAePowyrlqubfV6Jkh3GlmEnY9ZOdwMTu8kqoaQZ7Ew4S7urFH2qT9pQxRCA3n63XM\" \/>\n<meta name=\"twitter:card\" content=\"summary\" \/>\n<meta name=\"twitter:label1\" content=\"Szacowany czas czytania\" \/>\n\t<meta name=\"twitter:data1\" content=\"6 minut\" \/>\n<script type=\"application\/ld+json\" class=\"yoast-schema-graph\">{\"@context\":\"https:\/\/schema.org\",\"@graph\":[{\"@type\":\"WebSite\",\"@id\":\"https:\/\/multihoster.org\/#website\",\"url\":\"https:\/\/multihoster.org\/\",\"name\":\"Multihoster.org\",\"description\":\"Reviews of the major Filehosting services\",\"potentialAction\":[{\"@type\":\"SearchAction\",\"target\":{\"@type\":\"EntryPoint\",\"urlTemplate\":\"https:\/\/multihoster.org\/?s={search_term_string}\"},\"query-input\":\"required name=search_term_string\"}],\"inLanguage\":\"pl-PL\"},{\"@type\":\"ImageObject\",\"@id\":\"https:\/\/multihoster.org\/pl\/pobierz\/#primaryimage\",\"inLanguage\":\"pl-PL\",\"url\":\"https:\/\/lh5.googleusercontent.com\/3wfv5DvQ8nXJrn63afXmHk3vHDU2P9Qc52t0gcb1DGySTk2gMQeM2Xw8-xt8A3_h79_uhIAePowyrlqubfV6Jkh3GlmEnY9ZOdwMTu8kqoaQZ7Ew4S7urFH2qT9pQxRCA3n63XM\",\"contentUrl\":\"https:\/\/lh5.googleusercontent.com\/3wfv5DvQ8nXJrn63afXmHk3vHDU2P9Qc52t0gcb1DGySTk2gMQeM2Xw8-xt8A3_h79_uhIAePowyrlqubfV6Jkh3GlmEnY9ZOdwMTu8kqoaQZ7Ew4S7urFH2qT9pQxRCA3n63XM\"},{\"@type\":\"WebPage\",\"@id\":\"https:\/\/multihoster.org\/pl\/pobierz\/#webpage\",\"url\":\"https:\/\/multihoster.org\/pl\/pobierz\/\",\"name\":\"Pobierz Premium Konto: Filehoster W Skr\u00f3cie\",\"isPartOf\":{\"@id\":\"https:\/\/multihoster.org\/#website\"},\"primaryImageOfPage\":{\"@id\":\"https:\/\/multihoster.org\/pl\/pobierz\/#primaryimage\"},\"datePublished\":\"2020-04-07T15:14:19+00:00\",\"dateModified\":\"2020-05-29T15:34:14+00:00\",\"description\":\"Czy Pobierz jest renomowanym dostawc\u0105 czy nie, odpowied\u017a znajdziesz w aktualnym te\u015bcie na Multihoster.org \u279c Kliknij teraz \u271a aby przeczyta\u0107 nasze do\u015bwiadczenia!\",\"breadcrumb\":{\"@id\":\"https:\/\/multihoster.org\/pl\/pobierz\/#breadcrumb\"},\"inLanguage\":\"pl-PL\",\"potentialAction\":[{\"@type\":\"ReadAction\",\"target\":[\"https:\/\/multihoster.org\/pl\/pobierz\/\"]}]},{\"@type\":\"BreadcrumbList\",\"@id\":\"https:\/\/multihoster.org\/pl\/pobierz\/#breadcrumb\",\"itemListElement\":[{\"@type\":\"ListItem\",\"position\":1,\"name\":\"Startseite\",\"item\":\"https:\/\/multihoster.org\/pl\/\"},{\"@type\":\"ListItem\",\"position\":2,\"name\":\"Pobierz Premium Konto: Filehoster W Skr\u00f3cie\"}]}]}<\/script>\n<!-- \/ Yoast SEO plugin. -->","yoast_head_json":{"title":"Pobierz Premium Konto: Filehoster W Skr\u00f3cie","description":"Czy Pobierz jest renomowanym dostawc\u0105 czy nie, odpowied\u017a znajdziesz w aktualnym te\u015bcie na Multihoster.org \u279c Kliknij teraz \u271a aby przeczyta\u0107 nasze do\u015bwiadczenia!","robots":{"index":"index","follow":"follow","max-snippet":"max-snippet:-1","max-image-preview":"max-image-preview:large","max-video-preview":"max-video-preview:-1"},"canonical":"https:\/\/multihoster.org\/pl\/pobierz\/","og_locale":"pl_PL","og_type":"article","og_title":"Pobierz Premium Konto: Filehoster W Skr\u00f3cie","og_description":"Czy Pobierz jest renomowanym dostawc\u0105 czy nie, odpowied\u017a znajdziesz w aktualnym te\u015bcie na Multihoster.org \u279c Kliknij teraz \u271a aby przeczyta\u0107 nasze do\u015bwiadczenia!","og_url":"https:\/\/multihoster.org\/pl\/pobierz\/","og_site_name":"Multihoster.org","article_modified_time":"2020-05-29T15:34:14+00:00","og_image":[{"url":"https:\/\/lh5.googleusercontent.com\/3wfv5DvQ8nXJrn63afXmHk3vHDU2P9Qc52t0gcb1DGySTk2gMQeM2Xw8-xt8A3_h79_uhIAePowyrlqubfV6Jkh3GlmEnY9ZOdwMTu8kqoaQZ7Ew4S7urFH2qT9pQxRCA3n63XM"}],"twitter_card":"summary","twitter_misc":{"Szacowany czas czytania":"6 minut"},"schema":{"@context":"https:\/\/schema.org","@graph":[{"@type":"WebSite","@id":"https:\/\/multihoster.org\/#website","url":"https:\/\/multihoster.org\/","name":"Multihoster.org","description":"Reviews of the major Filehosting services","potentialAction":[{"@type":"SearchAction","target":{"@type":"EntryPoint","urlTemplate":"https:\/\/multihoster.org\/?s={search_term_string}"},"query-input":"required name=search_term_string"}],"inLanguage":"pl-PL"},{"@type":"ImageObject","@id":"https:\/\/multihoster.org\/pl\/pobierz\/#primaryimage","inLanguage":"pl-PL","url":"https:\/\/lh5.googleusercontent.com\/3wfv5DvQ8nXJrn63afXmHk3vHDU2P9Qc52t0gcb1DGySTk2gMQeM2Xw8-xt8A3_h79_uhIAePowyrlqubfV6Jkh3GlmEnY9ZOdwMTu8kqoaQZ7Ew4S7urFH2qT9pQxRCA3n63XM","contentUrl":"https:\/\/lh5.googleusercontent.com\/3wfv5DvQ8nXJrn63afXmHk3vHDU2P9Qc52t0gcb1DGySTk2gMQeM2Xw8-xt8A3_h79_uhIAePowyrlqubfV6Jkh3GlmEnY9ZOdwMTu8kqoaQZ7Ew4S7urFH2qT9pQxRCA3n63XM"},{"@type":"WebPage","@id":"https:\/\/multihoster.org\/pl\/pobierz\/#webpage","url":"https:\/\/multihoster.org\/pl\/pobierz\/","name":"Pobierz Premium Konto: Filehoster W Skr\u00f3cie","isPartOf":{"@id":"https:\/\/multihoster.org\/#website"},"primaryImageOfPage":{"@id":"https:\/\/multihoster.org\/pl\/pobierz\/#primaryimage"},"datePublished":"2020-04-07T15:14:19+00:00","dateModified":"2020-05-29T15:34:14+00:00","description":"Czy Pobierz jest renomowanym dostawc\u0105 czy nie, odpowied\u017a znajdziesz w aktualnym te\u015bcie na Multihoster.org \u279c Kliknij teraz \u271a aby przeczyta\u0107 nasze do\u015bwiadczenia!","breadcrumb":{"@id":"https:\/\/multihoster.org\/pl\/pobierz\/#breadcrumb"},"inLanguage":"pl-PL","potentialAction":[{"@type":"ReadAction","target":["https:\/\/multihoster.org\/pl\/pobierz\/"]}]},{"@type":"BreadcrumbList","@id":"https:\/\/multihoster.org\/pl\/pobierz\/#breadcrumb","itemListElement":[{"@type":"ListItem","position":1,"name":"Startseite","item":"https:\/\/multihoster.org\/pl\/"},{"@type":"ListItem","position":2,"name":"Pobierz Premium Konto: Filehoster W Skr\u00f3cie"}]}]}},"_links":{"self":[{"href":"https:\/\/multihoster.org\/pl\/wp-json\/wp\/v2\/pages\/3244"}],"collection":[{"href":"https:\/\/multihoster.org\/pl\/wp-json\/wp\/v2\/pages"}],"about":[{"href":"https:\/\/multihoster.org\/pl\/wp-json\/wp\/v2\/types\/page"}],"author":[{"embeddable":true,"href":"https:\/\/multihoster.org\/pl\/wp-json\/wp\/v2\/users\/2"}],"replies":[{"embeddable":true,"href":"https:\/\/multihoster.org\/pl\/wp-json\/wp\/v2\/comments?post=3244"}],"version-history":[{"count":6,"href":"https:\/\/multihoster.org\/pl\/wp-json\/wp\/v2\/pages\/3244\/revisions"}],"predecessor-version":[{"id":4599,"href":"https:\/\/multihoster.org\/pl\/wp-json\/wp\/v2\/pages\/3244\/revisions\/4599"}],"wp:attachment":[{"href":"https:\/\/multihoster.org\/pl\/wp-json\/wp\/v2\/media?parent=3244"}],"curies":[{"name":"wp","href":"https:\/\/api.w.org\/{rel}","templated":true}]}}