{"id":3335,"date":"2020-04-08T06:46:37","date_gmt":"2020-04-08T06:46:37","guid":{"rendered":"https:\/\/multihoster.org\/katfile-premium-account-the-filehoster-at-a-glance\/"},"modified":"2020-12-14T18:24:04","modified_gmt":"2020-12-14T18:24:04","slug":"katfile","status":"publish","type":"page","link":"https:\/\/multihoster.org\/pl\/katfile\/","title":{"rendered":"KatFile Premium Konto: Filehoster W Skr\u00f3cie"},"content":{"rendered":"\n<p>Podobnie jak kumpel kociak, mo\u017cesz liczy\u0107 na Katfile Premium Account, kt\u00f3ry jest najlepszym dostawc\u0105 <a href=\"https:\/\/cloud.google.com\/storage\" target=\"_blank\" rel=\"noreferrer noopener\" aria-label=\"us\u0142ug hostingu plik\u00f3w (FHS) (opens in a new tab)\">us\u0142ug hostingu plik\u00f3w (FHS)<\/a> dla wszystkich swoich plik\u00f3w. Niezale\u017cnie od tego, czy jest to dokument, wideo, audio i wszystkie inne rodzaje plik\u00f3w, Katfile Premium Account b\u0119dzie Ci towarzyszy\u0107, poniewa\u017c zabezpieczysz swoje najwa\u017cniejsze pliki online.<\/p>\n\n\n\n<p>Katfile Premium jest renomowanym dostawc\u0105 us\u0142ugi hostingu plik\u00f3w online (FHS), wi\u0119cej informacji mo\u017cna znale\u017a\u0107 w bie\u017c\u0105cym te\u015bcie na naszej stronie internetowej. Przeczytaj kolejne artyku\u0142y i wzboga\u0107 si\u0119 o funkcje i w\u0142a\u015bciwo\u015bci konta Katfile Premium.<\/p>\n\n\n<a class=\"maxbutton-2 maxbutton maxbutton-cta\" target=\"_blank\" rel=\"nofollow noopener\" href=\"\/katfile\/goto\/\"><span class='mb-text'>&gt;&gt; Przejd\u017a do strony Oryginalnego Katfile<\/span><\/a>\n\n\n<p><\/p>\n\n\n\n<h2>Katfile Premium Backgrounder konta<\/h2>\n\n\n\n<p>Konto Katfile Premium umo\u017cliwi Ci dost\u0119p do us\u0142ugi hostingu plik\u00f3w Katfile (FHS) lub pami\u0119ci masowej w chmurze, kt\u00f3ra mo\u017ce s\u0142u\u017cy\u0107 jako zapasowy plik pami\u0119ci masowej dla wszystkich Twoich plik\u00f3w, nawet je\u015bli jest to dokument, wideo, audio i wszystkie inne rodzaje plik\u00f3w. Teraz, gdy znasz ju\u017c programist\u00f3w i liczby dotycz\u0105ce konta Katfile Premium, dowiedz si\u0119 wi\u0119cej o jego bogatej funkcjonalno\u015bci i funkcjach, czytaj\u0105c poni\u017cszy artyku\u0142.<\/p>\n\n\n\n<h2>Katfile Premium Account Platform Bogate funkcje i w\u0142a\u015bciwo\u015bci<\/h2>\n\n\n\n<p>Katfile mo\u017cna por\u00f3wna\u0107 do kocich towarzyszy podr\u00f3\u017cy, kt\u00f3ry daje Ci komfort i bezpiecze\u0144stwo, gdy Ci towarzyszy. Korzystaj\u0105c z platformy Katfile, mo\u017cesz \u0142atwo uzyska\u0107 dost\u0119p do bogatej funkcji i funkcji konta Katfile Premium, poniewa\u017c mo\u017cesz zabezpieczy\u0107 swoje w\u0142asne miejsce u dostawcy us\u0142ugi hostingu plik\u00f3w Katfile (FHS). Podczas gdy inni dostawcy us\u0142ugi hostingu plik\u00f3w (FHS) lub przechowywania w chmurze ograniczaj\u0105 typ pliku, kt\u00f3ry mo\u017cna wgra\u0107, platforma Katfile poprzez konto Katfile Premium pozwala na wgranie wszystkiego, niezale\u017cnie od <a href=\"https:\/\/en.wikipedia.org\/wiki\/List_of_file_formats\" target=\"_blank\" rel=\"noreferrer noopener\" aria-label=\"formatu (opens in a new tab)\">formatu<\/a>, jako\u015bci, rozdzielczo\u015bci lub innych w\u0142a\u015bciwo\u015bci. Platforma plik\u00f3w Katfile poprzez Katfile Premium Account zapewnia doskona\u0142y komfort podczas wgrywania i przechowywania plik\u00f3w w us\u0142udze hostingu plik\u00f3w Katfile (FHS) i przechowywania w chmurze.<\/p>\n\n\n\n<figure class=\"wp-block-image\"><img src=\"https:\/\/lh4.googleusercontent.com\/ICW4PskowWMx4NNoWX0_wnL0e6OGgDagLfk6YByo5Ck6vIknmqjaig7lCrb72BuX46NRzVjhi1oelhmHexdwloJmyYt87n8mqgEkzXXCWMhzXKsyrAyD3h2yl5Q15nFfcnuJvJG-\" alt=\"The Katfile File Hosting Service (FHS) Platform\"\/><\/figure>\n\n\n\n<p>Platforma Katfile File Hosting Service (FHS)<\/p>\n\n\n\n<p>Chocia\u017c m\u00f3wimy, \u017ce mo\u017cna przes\u0142a\u0107 wszystko, niezale\u017cnie od formatu, jako\u015bci, rozdzielczo\u015bci i innych w\u0142a\u015bciwo\u015bci plik\u00f3w, platforma Katfile za po\u015brednictwem konta Katfile Premium spe\u0142nia wszystkie lokalne i mi\u0119dzynarodowe standardy, szczeg\u00f3lnie w <a href=\"https:\/\/en.wikipedia.org\/wiki\/Digital_Millennium_Copyright_Act\" target=\"_blank\" rel=\"noreferrer noopener\" aria-label=\"Digital Millennium Copyright Act (DMCA) (opens in a new tab)\">Digital Millennium Copyright Act (DMCA)<\/a>. Natychmiast po przes\u0142aniu pliku, platforma Katfile poprzez Konto Katfile Premium uruchamia wbudowany program do wykrywania wszelkiego rodzaju akt\u00f3w, pornografii i plik\u00f3w chronionych prawami autorskimi, kt\u00f3re naruszaj\u0105 istniej\u0105ce na ca\u0142ym \u015bwiecie prawo i regulacje dotycz\u0105ce Internetu.<\/p>\n\n\n\n<p>Firma The Domain Protection Services, Inc. zintegrowa\u0142a funkcj\u0119 ochrony praw autorskich, aby zapewni\u0107 dost\u0119pno\u015b\u0107 i bezpiecze\u0144stwo z korzy\u015bci\u0105 dla swoich u\u017cytkownik\u00f3w na ca\u0142ym \u015bwiecie. Platforma Katfile za po\u015brednictwem konta Katfile Premium zapewnia nie tylko us\u0142ug\u0119 hostingu plik\u00f3w Katfile (FHS) i przechowywanie w chmurze, ale r\u00f3wnie\u017c bezpiecze\u0144stwo plik\u00f3w swoich u\u017cytkownik\u00f3w, poniewa\u017c platforma stale przestrzega praw w\u0142asno\u015bci intelektualnej na ca\u0142ym \u015bwiecie.<\/p>\n\n\n\n<figure class=\"wp-block-image\"><img src=\"https:\/\/lh6.googleusercontent.com\/9BB5t0_ql0oRvoYLgk_ZsLEHEV4oLQtgJzOoRqdOHYNpegyu1qkFnjE-bTii2UQWKKfI3KrqYIPovAakyVKT13ZCe3hHr3pZdE6ILu9lwL0Yym6gYaQvqhO9pD3ELksBf1j_E1H8\" alt=\"Copyright Security is a priority\"\/><\/figure>\n\n\n\n<p>Ochrona praw autorskich jest priorytetem dla platformy Katfile<\/p>\n\n\n\n<p>Pliki przes\u0142ane na platform\u0119 Katfile za po\u015brednictwem konta Katfile Premium mog\u0105 by\u0107 w ka\u017cdej chwili \u0142atwo usuni\u0119te poprzez nawigacj\u0119 w menu rozwijanym dla ka\u017cdego z plik\u00f3w u\u017cytkownika. Wielokrotne usuwanie plik\u00f3w z Katfile na platformie Katfile poprzez Konto Katfile Premium mo\u017ce by\u0107 r\u00f3wnie\u017c \u0142atwo wykonane przy u\u017cyciu zaznaczenia wszystkich funkcji platformy Katfile. Wyga\u015bni\u0119cie konta Katfile Premium spowoduje r\u00f3wnie\u017c automatyczne usuni\u0119cie wszystkich plik\u00f3w przes\u0142anych przez u\u017cytkownik\u00f3w.<\/p>\n\n\n\n<p>Tych bogatych funkcji i w\u0142a\u015bciwo\u015bci bardzo zazdroszcz\u0105 sobie konkurencyjni dostawcy us\u0142ug hostingu plik\u00f3w (FHS) i pami\u0119ci masowych w chmurze. Wielu konkurent\u00f3w ju\u017c teraz na\u015bladuje platform\u0119 Katfile za po\u015brednictwem konta Katfile Premium, ale nie by\u0142o w stanie dor\u00f3wna\u0107 platformie Katfile za po\u015brednictwem konta Katfile Premium, poniewa\u017c platforma ta nieustannie dostosowuje si\u0119 do najnowszych technologii i rozwija si\u0119, aby zapewni\u0107 najlepsz\u0105 us\u0142ug\u0119 hostingu plik\u00f3w (FHS) i dost\u0119pno\u015b\u0107 pami\u0119ci masowej w chmurze dla wszystkich jej u\u017cytkownik\u00f3w z ca\u0142ego \u015bwiata.<\/p>\n\n\n\n<p>W poni\u017cszej tabeli przedstawiamy szczeg\u00f3\u0142owo funkcje platformy Katfile. Dowiedz si\u0119 wi\u0119cej i uzyskaj dost\u0119p do bezpiecze\u0144stwa i ochrony zapewnianej przez platform\u0119 Katfile Premium.<\/p>\n\n\n\n<figure class=\"wp-block-table\"><table><tbody><tr><td>Szczeg\u00f3\u0142y<\/td><td>Konto bezp\u0142atne Katfile<\/td><td>Konto(a) Katfile Premium<\/td><\/tr><tr><td>Op\u0142ata rejestracyjna<\/td><td>Ca\u0142kowicie za darmo<\/td><td>Kwota waha si\u0119 od pi\u0119tnastu i dziewi\u0119\u0107dziesi\u0119ciu dziewi\u0119ciu dolar\u00f3w ameryka\u0144skich (15,99 USD); czterdziestu czterech i dziewi\u0119\u0107dziesi\u0119ciu dziewi\u0119ciu dolar\u00f3w ameryka\u0144skich (44,99 USD); dziewi\u0119\u0107dziesi\u0119ciu dziewi\u0119ciu i dziewi\u0119\u0107dziesi\u0119ciu dziewi\u0119ciu dolar\u00f3w ameryka\u0144skich (99,99 USD) oraz stu dziewi\u0119\u0107dziesi\u0119ciu dziewi\u0119ciu i dziewi\u0119\u0107dziesi\u0119ciu dziewi\u0119ciu dolar\u00f3w ameryka\u0144skich (199,99 USD).<\/td><\/tr><tr><td>Dost\u0119pno\u015b\u0107<\/td><td>Ma bardzo techniczny projekt strony internetowej<\/td><td>Zintegrowany z ergonomicznym i innowacyjnym oprogramowaniem i interfejsem strony internetowej<\/td><\/tr><tr><td>Pobierz obj\u0119to\u015b\u0107 na dzie\u0144<\/td><td>Maksymalnie jeden (1) Gigabajt (GB) na dzie\u0144<\/td><td>Maksymalnie 50 gigabajt\u00f3w (GB) na dzie\u0144<\/td><\/tr><tr><td>Maksymalna przestrze\u0144 magazynowa<\/td><td>Maksymalnie jeden (1) terabajt (TB) na miesi\u0105c<\/td><td>Nieograniczony przydzia\u0142 magazynowy<\/td><\/tr><tr><td>Pobieranie wt\u00f3rne<\/td><td>Nie mo\u017cna kontynuowa\u0107 wstrzymanego lub przerwanego pobierania<\/td><td>Mo\u017ce wznowi\u0107 pobieranie w ka\u017cdej chwili i przez ca\u0142y czas<\/td><\/tr><tr><td>Maksymalna pr\u0119dko\u015b\u0107 pobierania<\/td><td>Oferuje tylko do stu (100) kilobajt\u00f3w (KB) na sekund\u0119<\/td><td>Zapewnia maksymaln\u0105 pr\u0119dko\u015b\u0107 pobierania, jak\u0105 mo\u017ce zaoferowa\u0107 pasmo internetowe<\/td><\/tr><tr><td>Ochrona przed kradzie\u017c\u0105 danych i phishingiem danych<\/td><td>Posiada <a href=\"https:\/\/computersciencewiki.org\/index.php\/Client-side_scripting_and_server-side_scripting\" target=\"_blank\" rel=\"noreferrer noopener\" aria-label=\"ochron\u0119  (opens in a new tab)\">ochron\u0119 <\/a>przed Adware, Spyware, Malware, koniem troja\u0144skim i robakami; oraz jest zgodny z DMCA i innymi powi\u0105zanymi przepisami prawa<\/td><td>Posiada <a href=\"https:\/\/computersciencewiki.org\/index.php\/Client-side_scripting_and_server-side_scripting\" target=\"_blank\" rel=\"noreferrer noopener\" aria-label=\"ochron\u0119  (opens in a new tab)\">ochron\u0119 <\/a>przed Adware, Spyware, Malware, koniem troja\u0144skim i robakami; oraz jest zgodny z DMCA i innymi powi\u0105zanymi przepisami prawa<\/td><\/tr><tr><td>Katfile Captchas i kolejki<\/td><td>Wykonanie wszystkich wymaganych captchas i kolejek<\/td><td>Nie ma potrzeby wykonywania wymaganych captchas i kolejek<\/td><\/tr><tr><td>Wyga\u015bni\u0119cie przechowywanych plik\u00f3w<\/td><td>Trzydzie\u015bci (30) dni od ostatniego przes\u0142ania lub pobrania Trzydzie\u015bci (30) dni od ostatniego przes\u0142ania lub pobrania<\/td><td>Sze\u015b\u0107dziesi\u0105t (60) dni od ostatniego za\u0142adowania lub pobrania<\/td><\/tr><tr><td>Pobieranie Czas oczekiwania<\/td><td>Odczekaj trzydzie\u015bci (30) sekund czasu \u0142adowania<\/td><td>Brak czasu oczekiwania na pobranie<\/td><\/tr><tr><td>Og\u0142oszenia Sponsora Katfile<\/td><td>Zobacz og\u0142oszenia Sponsora Katfile<\/td><td>Wolne od wszelkich wewn\u0119trznych i zewn\u0119trznych og\u0142osze\u0144<\/td><\/tr><tr><td>Maksymalne jednoczesne pobieranie<\/td><td>Tylko jedno (1) maksymalne jednoczesne pobieranie<\/td><td>Nieograniczone jednoczesne pobieranie<\/td><\/tr><\/tbody><\/table><\/figure>\n\n\n<a class=\"maxbutton-2 maxbutton maxbutton-cta\" target=\"_blank\" rel=\"nofollow noopener\" href=\"\/katfile\/goto\/\"><span class='mb-text'>&gt;&gt; Przejd\u017a do strony Oryginalnego Katfile<\/span><\/a>\n\n\n<p><\/p>\n\n\n\n<p>Jak pokazano powy\u017cej, konto Katfile Premium ma wiele zalet w por\u00f3wnaniu z kontem Katfile Free. Za op\u0142at\u0105, konto Katfile Premium ma wy\u017cszy wolumen pobierania dziennie, oferuj\u0105c maksymalnie 50 gigabajt\u00f3w (GB) na dzie\u0144. Konto Katfile Premium oferuje r\u00f3wnie\u017c nieograniczone mo\u017cliwo\u015bci przechowywania w Internecie lub w chmurze, kt\u00f3re mog\u0105 wznowi\u0107 wstrzymane lub anulowane pobieranie z takich przegl\u0105darek jak Internet Explorer, Microsoft Edge, Safari, Opera, Google Chrome i Mozilla Firefox.<\/p>\n\n\n\n<p>Mo\u017cesz r\u00f3wnie\u017c pobiera\u0107 z nieograniczon\u0105 przepustowo\u015bci\u0105 za pomoc\u0105 konta Katfile Premium &#8211; co oznacza, \u017ce nie b\u0119dziesz mia\u0142 \u017cadnych przeszk\u00f3d i b\u0119dziesz m\u00f3g\u0142 korzysta\u0107 z najwi\u0119kszej pr\u0119dko\u015bci Internetu podczas korzystania z Platformy Katfile za pomoc\u0105 konta Katfile Premium. W celu wsparcia utrzymania platformy Katfile, Us\u0142ugi Ochrony Domeny, Inc. u\u017cywa\u0142y captchas, kolejek i reklam sponsorskich dla Konta Bezp\u0142atnego z Plikiem Katfile, ale z Kontem Katfile Premium, zapewniamy, \u017ce nie b\u0119dziecie si\u0119 Pa\u0144stwo denerwowa\u0107 jakimkolwiek wymogiem wykonania captchas i kolejek ani ogl\u0105dania jakichkolwiek reklam. Ponadto, z Kontem Katfile Premium, nie b\u0119d\u0105 Pa\u0144stwo czeka\u0107 na rozpocz\u0119cie pobierania, w przeciwie\u0144stwie do Konta Katfile Premium, na kt\u00f3rym b\u0119d\u0105 Pa\u0144stwo musieli czeka\u0107 przez trzydzie\u015bci (30) sekund na za\u0142adowanie. Co wi\u0119cej, mog\u0105 Pa\u0144stwo pobra\u0107 wiele plik\u00f3w (niezale\u017cnie od ich rodzaju) jednocze\u015bnie na platformie z Katfile Premium, korzystaj\u0105c z Konta Katfile Premium, co zapewni Pa\u0144stwu efektywno\u015b\u0107 i \u0142atwo\u015b\u0107 korzystania z naszych klient\u00f3w z Kontem Katfile Premium.<\/p>\n\n\n\n<p>Zapakowali\u015bmy platform\u0119 Katfile z funkcjami, kt\u00f3re maj\u0105 s\u0142u\u017cy\u0107 jako najlepszy internetowy magazyn internetowy i przechowywanie w chmurze. Podczas gdy jeste\u015bmy pewni, \u017ce Konto Bezp\u0142atne Katfile zaspokoi Pa\u0144stwa potrzeby w zakresie przechowywania w Internecie i w chmurze, Konto Katfile Premium posiada dodatkow\u0105 funkcj\u0119 i funkcje, kt\u00f3re dodatkowo zapewniaj\u0105 \u0142atwo\u015b\u0107 i wydajno\u015b\u0107 w zamian za niewielk\u0105 kwot\u0119 op\u0142aty rejestracyjnej dla platformy Katfile.<\/p>\n\n\n\n<h2>Rejestracja konta Katfile Premium Promos&#8221;.<\/h2>\n\n\n\n<p>Konto Katfile Premium oferuje najbardziej przyst\u0119pne op\u0142aty rejestracyjne w\u015br\u00f3d swoich konkurent\u00f3w w zakresie przechowywania w Internecie i w chmurze. Poni\u017cej przedstawiamy szczeg\u00f3\u0142owe programy rejestracji dla konta Katfile Premium.<\/p>\n\n\n\n<figure class=\"wp-block-table\"><table><tbody><tr><td>Katfile Premium Systemy Rejestracji Kont<\/td><td>Op\u0142ata rejestracyjna<\/td><\/tr><tr><td>Konto Katfile Premium na trzydzie\u015bci (30) dni<\/td><td>$ 15.99 USD<\/td><\/tr><tr><td>Konto Katfile Premium na dziewi\u0119\u0107dziesi\u0105t (90) dni<\/td><td>$ 44.99 USD<\/td><\/tr><tr><td>Konto Katfile Premium na jeden (1) rok<\/td><td>$ 99.99 USD<\/td><\/tr><tr><td>Katfile Premium Lifetime Account<\/td><td>$ 199.99 USD<\/td><\/tr><\/tbody><\/table><\/figure>\n\n\n\n<p>Konto Katfile Premium posiada cztery (4) systemy rejestracji dla r\u00f3\u017cnych u\u017cytkownik\u00f3w pod wzgl\u0119dem dost\u0119pno\u015bci i kompatybilno\u015bci. Us\u0142ugi Ochrony Domeny, Inc. zaprojektowa\u0142y je tak, aby odpowiada\u0142y potrzebom ka\u017cdego z ich u\u017cytkownik\u00f3w. Mo\u017cna zdecydowa\u0107 si\u0119 na posiadanie konta Katfile Premium na trzydzie\u015bci (30) dni w cenie pi\u0119tnastu i dziewi\u0119\u0107dziesi\u0119ciu dziewi\u0119ciu (15,99 USD) dolar\u00f3w ameryka\u0144skich; konta Katfile Premium na dziewi\u0119\u0107dziesi\u0105t (90) dni w cenie czterdziestu czterech i dziewi\u0119\u0107dziesi\u0119ciu dziewi\u0119ciu (44,99 USD) dolar\u00f3w ameryka\u0144skich; lub konta Katfile Premium na jeden (1) rok w cenie dziewi\u0119\u0107dziesi\u0119ciu dziewi\u0119ciu i dziewi\u0119\u0107dziesi\u0119ciu dziewi\u0119ciu (99,99 USD) dolar\u00f3w ameryka\u0144skich.<\/p>\n\n\n\n<figure class=\"wp-block-image\"><img src=\"https:\/\/lh6.googleusercontent.com\/MC_3H6xFCnoQKBqgzNpY49fsbqHIwS1Ps-qDYMNX1rbB7wZYPfOj9ZjeKkTlkz3U7I21uX51wk2OwsTAgWxWgfFZJDfi4WNxnOhMKf3Asq_4MvwD9P8NbLKVMIm9XBYfJdlFi5js\" alt=\"Flexible registration schemes for Katfile Premium Account\"\/><\/figure>\n\n\n\n<p>Konto Katfile Premium oferuje elastyczne programy rejestracji<\/p>\n\n\n\n<p>W zwi\u0105zku z tym gor\u0105co zach\u0119camy do posiadania do\u017cywotniego konta Katfile Premium za sto dziewi\u0119\u0107dziesi\u0105t dziewi\u0119\u0107 i dziewi\u0119\u0107dziesi\u0105t dziewi\u0119\u0107 dolar\u00f3w ameryka\u0144skich (199,99 USD), aby w pe\u0142ni korzysta\u0107 z funkcji i do\u015bwiadczy\u0107 bogatej funkcjonalno\u015bci platformy Katfile za po\u015brednictwem konta Katfile Premium.<\/p>\n\n\n\n<h2>Wnioski dotycz\u0105ce konta Katfile Premium<\/h2>\n\n\n\n<p>Je\u015bli nadal nie zdecydowali\u015bcie si\u0119 Pa\u0144stwo na korzystanie z platformy Katfile, mo\u017cecie najpierw wypr\u00f3bowa\u0107 nasze konto Katfile Free i zapewniamy, \u017ce wszystkie trudno\u015bci zwi\u0105zane z us\u0142ugami ochrony domen, Inc. nie p\u00f3jd\u0105 na marne, poniewa\u017c z czasem staramy si\u0119 by\u0107 najlepszym dostawc\u0105 us\u0142ug hostingu plik\u00f3w (FHS) dla wszystkich Pa\u0144stwa plik\u00f3w, kt\u00f3rych mo\u017cecie Pa\u0144stwo u\u017cywa\u0107 i z \u0142atwo\u015bci\u0105 korzysta\u0107 z nich jak kociak!<\/p>\n\n\n<a class=\"maxbutton-2 maxbutton maxbutton-cta\" target=\"_blank\" rel=\"nofollow noopener\" href=\"\/katfile\/goto\/\"><span class='mb-text'>&gt;&gt; Przejd\u017a do strony Oryginalnego Katfile<\/span><\/a>\n\n\n<p><\/p>\n","protected":false},"excerpt":{"rendered":"<p>Podobnie jak kumpel kociak, mo\u017cesz liczy\u0107 na Katfile Premium Account, kt\u00f3ry jest najlepszym dostawc\u0105 us\u0142ug hostingu plik\u00f3w (FHS) dla wszystkich<\/p>\n","protected":false},"author":2,"featured_media":0,"parent":0,"menu_order":0,"comment_status":"closed","ping_status":"closed","template":"","meta":[],"yoast_head":"<!-- This site is optimized with the Yoast SEO plugin v18.3 - https:\/\/yoast.com\/wordpress\/plugins\/seo\/ -->\n<title>KatFile Premium Konto: Filehoster W Skr\u00f3cie<\/title>\n<meta name=\"description\" content=\"Czy KatFile jest renomowanym dostawc\u0105 czy nie, odpowied\u017a znajdziesz w aktualnym te\u015bcie na Multihoster.org \u279c Kliknij teraz \u271a aby przeczyta\u0107 nasze do\u015bwiadczenia!\" \/>\n<meta name=\"robots\" content=\"index, follow, max-snippet:-1, max-image-preview:large, max-video-preview:-1\" \/>\n<link rel=\"canonical\" href=\"https:\/\/multihoster.org\/pl\/katfile\/\" \/>\n<meta property=\"og:locale\" content=\"pl_PL\" \/>\n<meta property=\"og:type\" content=\"article\" \/>\n<meta property=\"og:title\" content=\"KatFile Premium Konto: Filehoster W Skr\u00f3cie\" \/>\n<meta property=\"og:description\" content=\"Czy KatFile jest renomowanym dostawc\u0105 czy nie, odpowied\u017a znajdziesz w aktualnym te\u015bcie na Multihoster.org \u279c Kliknij teraz \u271a aby przeczyta\u0107 nasze do\u015bwiadczenia!\" \/>\n<meta property=\"og:url\" content=\"https:\/\/multihoster.org\/pl\/katfile\/\" \/>\n<meta property=\"og:site_name\" content=\"Multihoster.org\" \/>\n<meta property=\"article:modified_time\" content=\"2020-12-14T18:24:04+00:00\" \/>\n<meta property=\"og:image\" content=\"https:\/\/lh4.googleusercontent.com\/ICW4PskowWMx4NNoWX0_wnL0e6OGgDagLfk6YByo5Ck6vIknmqjaig7lCrb72BuX46NRzVjhi1oelhmHexdwloJmyYt87n8mqgEkzXXCWMhzXKsyrAyD3h2yl5Q15nFfcnuJvJG-\" \/>\n<meta name=\"twitter:card\" content=\"summary\" \/>\n<meta name=\"twitter:label1\" content=\"Szacowany czas czytania\" \/>\n\t<meta name=\"twitter:data1\" content=\"8 minut\" \/>\n<script type=\"application\/ld+json\" class=\"yoast-schema-graph\">{\"@context\":\"https:\/\/schema.org\",\"@graph\":[{\"@type\":\"WebSite\",\"@id\":\"https:\/\/multihoster.org\/#website\",\"url\":\"https:\/\/multihoster.org\/\",\"name\":\"Multihoster.org\",\"description\":\"Reviews of the major Filehosting services\",\"potentialAction\":[{\"@type\":\"SearchAction\",\"target\":{\"@type\":\"EntryPoint\",\"urlTemplate\":\"https:\/\/multihoster.org\/?s={search_term_string}\"},\"query-input\":\"required name=search_term_string\"}],\"inLanguage\":\"pl-PL\"},{\"@type\":\"ImageObject\",\"@id\":\"https:\/\/multihoster.org\/pl\/katfile\/#primaryimage\",\"inLanguage\":\"pl-PL\",\"url\":\"https:\/\/lh4.googleusercontent.com\/ICW4PskowWMx4NNoWX0_wnL0e6OGgDagLfk6YByo5Ck6vIknmqjaig7lCrb72BuX46NRzVjhi1oelhmHexdwloJmyYt87n8mqgEkzXXCWMhzXKsyrAyD3h2yl5Q15nFfcnuJvJG-\",\"contentUrl\":\"https:\/\/lh4.googleusercontent.com\/ICW4PskowWMx4NNoWX0_wnL0e6OGgDagLfk6YByo5Ck6vIknmqjaig7lCrb72BuX46NRzVjhi1oelhmHexdwloJmyYt87n8mqgEkzXXCWMhzXKsyrAyD3h2yl5Q15nFfcnuJvJG-\"},{\"@type\":\"WebPage\",\"@id\":\"https:\/\/multihoster.org\/pl\/katfile\/#webpage\",\"url\":\"https:\/\/multihoster.org\/pl\/katfile\/\",\"name\":\"KatFile Premium Konto: Filehoster W Skr\u00f3cie\",\"isPartOf\":{\"@id\":\"https:\/\/multihoster.org\/#website\"},\"primaryImageOfPage\":{\"@id\":\"https:\/\/multihoster.org\/pl\/katfile\/#primaryimage\"},\"datePublished\":\"2020-04-08T06:46:37+00:00\",\"dateModified\":\"2020-12-14T18:24:04+00:00\",\"description\":\"Czy KatFile jest renomowanym dostawc\u0105 czy nie, odpowied\u017a znajdziesz w aktualnym te\u015bcie na Multihoster.org \u279c Kliknij teraz \u271a aby przeczyta\u0107 nasze do\u015bwiadczenia!\",\"breadcrumb\":{\"@id\":\"https:\/\/multihoster.org\/pl\/katfile\/#breadcrumb\"},\"inLanguage\":\"pl-PL\",\"potentialAction\":[{\"@type\":\"ReadAction\",\"target\":[\"https:\/\/multihoster.org\/pl\/katfile\/\"]}]},{\"@type\":\"BreadcrumbList\",\"@id\":\"https:\/\/multihoster.org\/pl\/katfile\/#breadcrumb\",\"itemListElement\":[{\"@type\":\"ListItem\",\"position\":1,\"name\":\"Startseite\",\"item\":\"https:\/\/multihoster.org\/pl\/\"},{\"@type\":\"ListItem\",\"position\":2,\"name\":\"KatFile Premium Konto: Filehoster W Skr\u00f3cie\"}]}]}<\/script>\n<!-- \/ Yoast SEO plugin. -->","yoast_head_json":{"title":"KatFile Premium Konto: Filehoster W Skr\u00f3cie","description":"Czy KatFile jest renomowanym dostawc\u0105 czy nie, odpowied\u017a znajdziesz w aktualnym te\u015bcie na Multihoster.org \u279c Kliknij teraz \u271a aby przeczyta\u0107 nasze do\u015bwiadczenia!","robots":{"index":"index","follow":"follow","max-snippet":"max-snippet:-1","max-image-preview":"max-image-preview:large","max-video-preview":"max-video-preview:-1"},"canonical":"https:\/\/multihoster.org\/pl\/katfile\/","og_locale":"pl_PL","og_type":"article","og_title":"KatFile Premium Konto: Filehoster W Skr\u00f3cie","og_description":"Czy KatFile jest renomowanym dostawc\u0105 czy nie, odpowied\u017a znajdziesz w aktualnym te\u015bcie na Multihoster.org \u279c Kliknij teraz \u271a aby przeczyta\u0107 nasze do\u015bwiadczenia!","og_url":"https:\/\/multihoster.org\/pl\/katfile\/","og_site_name":"Multihoster.org","article_modified_time":"2020-12-14T18:24:04+00:00","og_image":[{"url":"https:\/\/lh4.googleusercontent.com\/ICW4PskowWMx4NNoWX0_wnL0e6OGgDagLfk6YByo5Ck6vIknmqjaig7lCrb72BuX46NRzVjhi1oelhmHexdwloJmyYt87n8mqgEkzXXCWMhzXKsyrAyD3h2yl5Q15nFfcnuJvJG-"}],"twitter_card":"summary","twitter_misc":{"Szacowany czas czytania":"8 minut"},"schema":{"@context":"https:\/\/schema.org","@graph":[{"@type":"WebSite","@id":"https:\/\/multihoster.org\/#website","url":"https:\/\/multihoster.org\/","name":"Multihoster.org","description":"Reviews of the major Filehosting services","potentialAction":[{"@type":"SearchAction","target":{"@type":"EntryPoint","urlTemplate":"https:\/\/multihoster.org\/?s={search_term_string}"},"query-input":"required name=search_term_string"}],"inLanguage":"pl-PL"},{"@type":"ImageObject","@id":"https:\/\/multihoster.org\/pl\/katfile\/#primaryimage","inLanguage":"pl-PL","url":"https:\/\/lh4.googleusercontent.com\/ICW4PskowWMx4NNoWX0_wnL0e6OGgDagLfk6YByo5Ck6vIknmqjaig7lCrb72BuX46NRzVjhi1oelhmHexdwloJmyYt87n8mqgEkzXXCWMhzXKsyrAyD3h2yl5Q15nFfcnuJvJG-","contentUrl":"https:\/\/lh4.googleusercontent.com\/ICW4PskowWMx4NNoWX0_wnL0e6OGgDagLfk6YByo5Ck6vIknmqjaig7lCrb72BuX46NRzVjhi1oelhmHexdwloJmyYt87n8mqgEkzXXCWMhzXKsyrAyD3h2yl5Q15nFfcnuJvJG-"},{"@type":"WebPage","@id":"https:\/\/multihoster.org\/pl\/katfile\/#webpage","url":"https:\/\/multihoster.org\/pl\/katfile\/","name":"KatFile Premium Konto: Filehoster W Skr\u00f3cie","isPartOf":{"@id":"https:\/\/multihoster.org\/#website"},"primaryImageOfPage":{"@id":"https:\/\/multihoster.org\/pl\/katfile\/#primaryimage"},"datePublished":"2020-04-08T06:46:37+00:00","dateModified":"2020-12-14T18:24:04+00:00","description":"Czy KatFile jest renomowanym dostawc\u0105 czy nie, odpowied\u017a znajdziesz w aktualnym te\u015bcie na Multihoster.org \u279c Kliknij teraz \u271a aby przeczyta\u0107 nasze do\u015bwiadczenia!","breadcrumb":{"@id":"https:\/\/multihoster.org\/pl\/katfile\/#breadcrumb"},"inLanguage":"pl-PL","potentialAction":[{"@type":"ReadAction","target":["https:\/\/multihoster.org\/pl\/katfile\/"]}]},{"@type":"BreadcrumbList","@id":"https:\/\/multihoster.org\/pl\/katfile\/#breadcrumb","itemListElement":[{"@type":"ListItem","position":1,"name":"Startseite","item":"https:\/\/multihoster.org\/pl\/"},{"@type":"ListItem","position":2,"name":"KatFile Premium Konto: Filehoster W Skr\u00f3cie"}]}]}},"_links":{"self":[{"href":"https:\/\/multihoster.org\/pl\/wp-json\/wp\/v2\/pages\/3335"}],"collection":[{"href":"https:\/\/multihoster.org\/pl\/wp-json\/wp\/v2\/pages"}],"about":[{"href":"https:\/\/multihoster.org\/pl\/wp-json\/wp\/v2\/types\/page"}],"author":[{"embeddable":true,"href":"https:\/\/multihoster.org\/pl\/wp-json\/wp\/v2\/users\/2"}],"replies":[{"embeddable":true,"href":"https:\/\/multihoster.org\/pl\/wp-json\/wp\/v2\/comments?post=3335"}],"version-history":[{"count":5,"href":"https:\/\/multihoster.org\/pl\/wp-json\/wp\/v2\/pages\/3335\/revisions"}],"predecessor-version":[{"id":5434,"href":"https:\/\/multihoster.org\/pl\/wp-json\/wp\/v2\/pages\/3335\/revisions\/5434"}],"wp:attachment":[{"href":"https:\/\/multihoster.org\/pl\/wp-json\/wp\/v2\/media?parent=3335"}],"curies":[{"name":"wp","href":"https:\/\/api.w.org\/{rel}","templated":true}]}}