{"id":3368,"date":"2020-04-08T09:30:20","date_gmt":"2020-04-08T09:30:20","guid":{"rendered":"https:\/\/multihoster.org\/catshare\/"},"modified":"2020-06-01T10:29:27","modified_gmt":"2020-06-01T10:29:27","slug":"catshare","status":"publish","type":"page","link":"https:\/\/multihoster.org\/pl\/catshare\/","title":{"rendered":"Catshare Premium Konto: Filehoster W Skr\u00f3cie"},"content":{"rendered":"\n<p>Platforma Catshare jest najbardziej wygodnym i bezpiecznym dostawc\u0105 us\u0142ug hostingu plik\u00f3w (<a rel=\"noreferrer noopener\" aria-label=\"FHS (opens in a new tab)\" href=\"https:\/\/cloud.google.com\/storage\" target=\"_blank\">FHS<\/a>) na \u015bwiecie. To jest jak tw\u00f3j futrzasty ma\u0142y koci przyjaciel, kt\u00f3ry jest tak futrzasty i puszysty na zewn\u0105trz, ale ukrywa dzik\u0105 besti\u0119 wewn\u0105trz. Ma bogate i dost\u0119pne funkcje dla Ciebie, aby cieszy\u0107 si\u0119. Jest bardzo \u0142atwy w u\u017cyciu. Nawet nie zauwa\u017cysz czasu podczas korzystania z niej, poniewa\u017c korzystanie z naszej platformy jest bardzo zabawne.<\/p>\n\n\n\n<p>Przeczytaj nasz artyku\u0142 i zobacz, jak ten ogromny prze\u0142om w us\u0142udze hostingu plik\u00f3w (FHS) pokazuje idealn\u0105 r\u00f3wnowag\u0119 mi\u0119dzy wygod\u0105 a bezpiecze\u0144stwem. Przeczytaj wi\u0119cej i zapoznaj si\u0119 z histori\u0105 i rankingiem stron internetowych us\u0142ugi hostingu plik\u00f3w Catshare (FHS), za\u0142o\u017ceniem pierwszego konta na platformie us\u0142ugi hostingu plik\u00f3w (FHS), unikalnymi cechami naszej us\u0142ugi hostingu plik\u00f3w (FHS), r\u00f3\u017cnymi rodzajami plan\u00f3w Premium us\u0142ugi hostingu plik\u00f3w Catshare (FHS) oraz niekt\u00f3rymi cz\u0119sto zadawanymi pytaniami dotycz\u0105cymi platformy Catshare.<\/p>\n\n\n\n<p>Teraz, gdy masz podstawy wiarygodno\u015bci i honoru platformy, zobacz, co oferuje platforma i zapewniamy, \u017ce nigdy nie b\u0119dziesz \u017ca\u0142owa\u0142 za\u0142o\u017cenia konta za jej bogate i dost\u0119pne funkcje, z kt\u00f3rych mo\u017cesz korzysta\u0107.<\/p>\n\n\n<a class=\"maxbutton-2 maxbutton maxbutton-cta\" target=\"_blank\" rel=\"nofollow noopener\" href=\"\/go\/\"><span class='mb-text'>&gt;&gt; Przejd\u017a do strony Oryginalnego Linkifier<\/span><\/a>\n\n\n<p><\/p>\n\n\n\n<h2>Cechy us\u0142ugi hostingu plik\u00f3w Catshare<\/h2>\n\n\n\n<p>Catshare File Hosting Service (FHS) posiada w\u0142a\u015bciw\u0105 r\u00f3wnowag\u0119 pomi\u0119dzy dost\u0119pno\u015bci\u0105 a funkcjonalno\u015bci\u0105. Patrz tabela 1. Aby dowiedzie\u0107 si\u0119 co sprawia, \u017ce platforma jest wyj\u0105tkowa od konkurencji.<\/p>\n\n\n\n<p>Tabela 1. Cechy rachunk\u00f3w Catshare (Free i Premium) w por\u00f3wnaniu z innymi platformami pami\u0119ci masowej w chmurze<\/p>\n\n\n\n<figure class=\"wp-block-table\"><table><tbody><tr><td class=\"has-text-align-center\" data-align=\"center\">Rachunki Catshare <\/td><\/tr><\/tbody><\/table><\/figure>\n\n\n\n<figure class=\"wp-block-table\"><table><tbody><tr><td>Funkcje Catshare<\/td><td>Inne platformy do przechowywania w chmurze <\/td><td>Konto Bezp\u0142atne Catshare <\/td><td> Catshare Premium Konto<\/td><\/tr><tr><td>P\u0142atno\u015b\u0107 za zapisanie si\u0119 <\/td><td>Drogie p\u0142atno\u015bci wymagane przy zapisywaniu si\u0119 <\/td><td>Nie wymaga wpisania si\u0119 na list\u0119 p\u0142ac <\/td><td>Oferuje elastyczne i przyst\u0119pne cenowo p\u0142atno\u015bci abonamentowe <\/td><\/tr><tr><td>Maksymalna pr\u0119dko\u015b\u0107 pobierania <\/td><td>70 kb na sekund\u0119 <\/td><td>150 kb na sekund\u0119 <\/td><td>BRAK OGRANICZENIA PR\u0118DKO\u015aCI POBIERANIA <\/td><\/tr><tr><td>Liczba pobra\u0144 na dzie\u0144 <\/td><td>Mo\u017cna pobra\u0107 tylko 1 plik dziennie <\/td><td>Mo\u017cliwo\u015b\u0107 natychmiastowego pobrania po 1 godzinie oczekiwania <\/td><td>NATYCHMIAST ZACZYNA SI\u0118 POBIERA\u0106 <\/td><\/tr><tr><td>Wsparcie dla wielokrotnego pobierania <\/td><td>Zabronione jest pobieranie wielu plik\u00f3w w tym samym czasie <\/td><td>Zabronione jest pobieranie wielu plik\u00f3w w tym samym czasie <\/td><td>OBS\u0141UGUJE WIELOKROTNE POBIERANIE <\/td><\/tr><tr><td>Pobieranie wt\u00f3rne <\/td><td>Nie obs\u0142uguje ponownego pobierania <\/td><td>Nie obs\u0142uguje ponownego pobierania <\/td><td>OBS\u0141UGUJE PONOWNE POBIERANIE PLIK\u00d3W <\/td><\/tr><tr><td>Przydzielone magazyny online <\/td><td>Tylko 500 mb <\/td><td>Z przydzielon\u0105 3 TB pami\u0119ci masowej online <\/td><td>MA PRZYDZIELONE 300 GB PAMI\u0118CI ONLINE <\/td><\/tr><tr><td>Og\u0142oszenia na stronie internetowej <\/td><td>Ma liczne reklamy w Serwisie <\/td><td>Ma kilka og\u0142osze\u0144 na stronie internetowej <\/td><td>NIE MA \u017bADNEGO RODZAJU IRYTUJ\u0104CYCH REKLAM <\/td><\/tr><tr><td>Integracja Captchas i kolejek <\/td><td>Wype\u0142nione licznymi irytuj\u0105cymi captchami i kolejkami <\/td><td>Zintegrowany z kilkoma kaptasami i kolejkami <\/td><td>\u017bADNYCH IRYTUJ\u0160CYCH CAPTCHAS\u00d3W I KOLEJEK <\/td><\/tr><tr><td>Przechowywanie akt <\/td><td>Twoje akta s\u0105 przechowywane przez 30 dni po ostatnim zalogowaniu si\u0119. <\/td><td>Twoje akta s\u0105 przechowywane przez 60 dni po ostatnim zalogowaniu si\u0119. <\/td><td>TWOJE PLIKI NIGDY NIE ZOSTAN\u0104 USUNI\u0118TE I S\u0104 BEZPIECZNE <\/td><\/tr><tr><td>Wsparcie dla zewn\u0119trznych mened\u017cer\u00f3w ds. pobierania plik\u00f3w <\/td><td>Nie obs\u0142uguje zewn\u0119trznych mened\u017cer\u00f3w pobierania plik\u00f3w <\/td><td>Nie obs\u0142uguje zewn\u0119trznych mened\u017cer\u00f3w pobierania plik\u00f3w <\/td><td>OBS\u0141UGUJE ZEWN\u0118TRZN\u0104 OBS\u0141UG\u0118 MENED\u017bER\u00d3W POBIERANIA PLIK\u00d3W <\/td><\/tr><\/tbody><\/table><\/figure>\n\n\n\n<p>Zilustrowane powy\u017cej s\u0105 odr\u0119bne cechy us\u0142ugi hostowania plik\u00f3w Catshare File Hosting Service (FHS), kt\u00f3re oddzielaj\u0105 j\u0105 od innych konkurent\u00f3w w zakresie przechowywania w chmurze. Nasze bezp\u0142atne konto ma wiele zalet w por\u00f3wnaniu z innymi platformami przechowywania plik\u00f3w w chmurze, takich jak brak konieczno\u015bci dokonywania p\u0142atno\u015bci za pierwsz\u0105 rejestracj\u0119. Dobrze s\u0142ysza\u0142e\u015b, \u017ce konto Catshare Free Account nie wymaga op\u0142aty za wst\u0119pn\u0105 rejestracj\u0119, co oznacza, \u017ce mo\u017cesz korzysta\u0107 z naszej platformy z jej pe\u0142nymi funkcjami bezp\u0142atnie, w przeciwie\u0144stwie do platform pami\u0119ci masowych w chmurze, kt\u00f3re wymagaj\u0105 kosztownej op\u0142aty przy rejestracji. Konto Catshare Free Account mo\u017ce r\u00f3wnie\u017c pobiera\u0107 do 150 kb na sekund\u0119, w odr\u00f3\u017cnieniu od konkurencji, kt\u00f3ra zazwyczaj mo\u017ce pobiera\u0107 tylko do 70 kb na sekund\u0119. Mo\u017cna r\u00f3wnie\u017c pobiera\u0107 natychmiast po 1 godzinie, w odr\u00f3\u017cnieniu od konkurencji, kt\u00f3ra zazwyczaj mo\u017ce pobra\u0107 tylko 1 plik dziennie. Konto darmowe posiada r\u00f3wnie\u017c wy\u017cszy poziom pami\u0119ci masowej z przydzielonymi 3 TB pami\u0119ci masowej online, w odr\u00f3\u017cnieniu od konkurencyjnych marek, kt\u00f3re maj\u0105 przydzielone tylko 500 mb pami\u0119ci masowej online. Na naszym bezp\u0142atnym koncie znajduje si\u0119 r\u00f3wnie\u017c mniej reklam w por\u00f3wnaniu z konkurencj\u0105, kt\u00f3ra zazwyczaj ma wiele irytuj\u0105cych reklam. Dodatkow\u0105 irytuj\u0105c\u0105 rzecz\u0105 na naszej konkurencyjnej stronie hostingu plik\u00f3w s\u0105 liczne irytuj\u0105ce <a rel=\"noreferrer noopener\" aria-label=\"captchas  (opens in a new tab)\" href=\"http:\/\/www.en.wikipedia.org\/wiki\/CAPTCHA\" target=\"_blank\">captchas <\/a>i kolejki, podczas gdy na naszym bezp\u0142atnym koncie mamy tylko kilka captchas i kolejek zintegrowanych na stronie. Nasze darmowe konto ma r\u00f3wnie\u017c d\u0142u\u017cszy okres przechowywania, w kt\u00f3rym Tw\u00f3j plik jest przechowywany przez 60 dni po ostatnim zalogowaniu si\u0119, w por\u00f3wnaniu z naszymi konkurentami, kt\u00f3rzy zazwyczaj przechowuj\u0105 Twoje pliki tylko przez 30 dni po ostatnim zalogowaniu. Podsumowuj\u0105c, konto Premium Catshare posiada wiele funkcji i zalet w por\u00f3wnaniu z konkurencj\u0105.<\/p>\n\n\n\n<div class=\"wp-block-image\"><figure class=\"aligncenter size-large\"><img loading=\"lazy\" width=\"401\" height=\"267\" src=\"https:\/\/multihoster.org\/wp-content\/uploads\/2020\/04\/Catshare.png\" alt=\"Catshare\" class=\"wp-image-3351\" srcset=\"https:\/\/multihoster.org\/wp-content\/uploads\/2020\/04\/Catshare.png 401w, https:\/\/multihoster.org\/wp-content\/uploads\/2020\/04\/Catshare-300x200.png 300w\" sizes=\"(max-width: 401px) 100vw, 401px\" \/><\/figure><\/div>\n\n\n\n<p>Z kontem Catshare Premium mo\u017cna pobra\u0107 bez ogranicze\u0144 pr\u0119dko\u015b\u0107 pobierania<\/p>\n\n\n\n<p>Ale potem oferujemy wi\u0119cej funkcji na koncie Catshare Premium. Korzystaj\u0105c z naszego konta Premium, jeste\u015b zapisany do elastycznego i przyst\u0119pnego cenowo systemu p\u0142atno\u015bci za zapisanie si\u0119, kt\u00f3ry daje Ci wolno\u015b\u0107 nieposiadania \u017cadnego ograniczenia pr\u0119dko\u015bci pobierania; natychmiast pobiera Tw\u00f3j plik nawet po ostatnim pobraniu; obs\u0142uguje wielokrotne pobieranie, jak r\u00f3wnie\u017c pobieranie powt\u00f3rne; oferuje r\u00f3wnie\u017c ogromny 300 GB pami\u0119ci masowej online; bez tych irytuj\u0105cych reklam, ani irytuj\u0105cych captchas i kolejek. Zapewniamy r\u00f3wnie\u017c, \u017ce mog\u0105 Pa\u0144stwo korzysta\u0107 z zewn\u0119trznych mened\u017cer\u00f3w pobierania, a Pa\u0144stwa pliki na koncie Catshare Premium nigdy nie zostan\u0105 usuni\u0119te i b\u0119d\u0105 bezpieczne na zawsze. Zbyt dobre, aby by\u0142o prawdziwe? Nie, poniewa\u017c konto Catshare Premium jest ukierunkowane na zapewnienie najlepszej us\u0142ugi hostingu plik\u00f3w (FHS), na jak\u0105 zas\u0142ugujesz.<\/p>\n\n\n\n<p>Teraz, gdy ju\u017c wiesz, co mo\u017ce da\u0107 Ci konto Catshare Premium. Teraz zacznij z niego korzysta\u0107, ucz\u0105c si\u0119, jak si\u0119 zarejestrowa\u0107 w poni\u017cszym artykule.<\/p>\n\n\n\n<h2>Zarejestruj si\u0119 w us\u0142udze Catshare File Hosting Service<\/h2>\n\n\n\n<p>Mo\u017cesz \u0142atwo zarejestrowa\u0107 si\u0119 w Catshare File Hosting Service (FHS), wchodz\u0105c na nasz\u0105 stron\u0119 internetow\u0105 na stronie rejestracji. Wystarczy <a rel=\"noreferrer noopener\" aria-label=\"poda\u0107  (opens in a new tab)\" href=\"https:\/\/www.online-tech-tips.com\/ms-office-tips\/how-to-create-fillable-forms-in-word\/\" target=\"_blank\">poda\u0107 <\/a>swoje imi\u0119 i nazwisko (Imi\u0119, Nazwisko i Nazwisko) wraz z dat\u0105 urodzenia, p\u0142ci\u0105 i roboczym adresem e-mail. Po podaniu tych danych, otrzymasz od nas wiadomo\u015b\u0107 e-mail z potwierdzeniem dla Twojego konta. Po prostu kliknij na link, kt\u00f3ry ju\u017c masz swoje osobiste konto Catshare Free Account.<\/p>\n\n\n\n<p>Aby przej\u015b\u0107 na konto premium, zapoznaj si\u0119 z poni\u017cszym podtematem.<\/p>\n\n\n<a class=\"maxbutton-2 maxbutton maxbutton-cta\" target=\"_blank\" rel=\"nofollow noopener\" href=\"\/go\/\"><span class='mb-text'>&gt;&gt; Przejd\u017a do strony Oryginalnego Linkifier<\/span><\/a>\n\n\n<p><\/p>\n\n\n\n<h2>Aktualizacja do konta Premium Catshare<\/h2>\n\n\n\n<p>Wybierz jeden z poni\u017cszych plan\u00f3w kont Catshare Premium i zacznij korzysta\u0107 z bogatych funkcji, z kt\u00f3rych Namecheap Inc. jest tak dumny ze wzgl\u0119du na swoj\u0105 dost\u0119pno\u015b\u0107 i przyst\u0119pno\u015b\u0107 cenow\u0105.<\/p>\n\n\n\n<p>Tabela 2. Sposoby p\u0142atno\u015bci z konta Premium Catshare<\/p>\n\n\n\n<figure class=\"wp-block-table\"><table><tbody><tr><td class=\"has-text-align-center\" data-align=\"center\"> Catshare Premium Kont Plany<\/td><\/tr><\/tbody><\/table><\/figure>\n\n\n\n<figure class=\"wp-block-table\"><table><tbody><tr><td> Cecha charakterystyczna <\/td><td>Plan konta na 30 dni <\/td><td>Plan konta na 60 dni <\/td><td>Plan konta na 90 dni <\/td><td>Plan konta na 180 dni <\/td><td>Plan konta na 365 dni <\/td><td>Plan konta na 730 dni <\/td><\/tr><tr><td>Maksymalny rozmiar pliku do pobrania dziennie <\/td><td> 1 TB na dzie\u0144<\/td><td> 2 TB na dzie\u0144  <\/td><td> 4 TB na dzie\u0144 <\/td><td> 6 TB na dzie\u0144  <\/td><td>  12 TB na dzie\u0144 <\/td><td> 24 TB na dzie\u0144 <\/td><\/tr><tr><td>Maksymalny przydzia\u0142 obj\u0119to\u015bci magazynowej <\/td><td> 3 TB <\/td><td> 3 TB <\/td><td>NIEOGRANICZONY PRZYDZIA\u0141 MAGAZYNOWY <\/td><td>NIEOGRANICZONY PRZYDZIA\u0141 MAGAZYNOWY <\/td><td>NIEOGRANICZONY PRZYDZIA\u0141 MAGAZYNOWY <\/td><td>NIEOGRANICZONY PRZYDZIA\u0141 MAGAZYNOWY <\/td><\/tr><tr><td>Wst\u0119pna rejestracja P\u0142atno\u015b\u0107 <\/td><td>13,99 USD <\/td><td>28,99 USD <\/td><td>38,99 USD <\/td><td>48,99 USD <\/td><td>68,99 USD <\/td><td>98,99 USD <\/td><\/tr><\/tbody><\/table><\/figure>\n\n\n\n<p>Wybierz jeden z sze\u015bciu przyst\u0119pnych cenowo i dost\u0119pnych plan\u00f3w kont Premium Catshare. Mo\u017cesz zdecydowa\u0107 si\u0119 na wypr\u00f3bowanie przez pierwsze 30 dni, kt\u00f3re dadz\u0105 Ci maksymalnie 3 TB alokacji na przechowywanie za 13,99 USD lub 60-dniowe konto Premium, kt\u00f3re da Ci r\u00f3wnie\u017c maksymalnie 3 TB alokacji na przechowywanie za 28,99 USD, ale zach\u0119camy wszystkich do wypr\u00f3bowania plan\u00f3w kont, kt\u00f3re daj\u0105 nieograniczon\u0105 alokacj\u0119 na przechowywanie. S\u0105 to plany kont na 90, 365 i 730 dni, kt\u00f3re charakteryzuj\u0105 si\u0119 bardzo nisk\u0105 pocz\u0105tkow\u0105 p\u0142atno\u015bci\u0105 za zapis tylko 28,99 USD, 38,99 USD, 48,99 USD, 68,99 USD i 98,99 USD, aby m\u00f3c w pe\u0142ni korzysta\u0107 z funkcji i funkcjonalno\u015bci konta Premium Catshare. Mo\u017cesz p\u0142aci\u0107 poprzez naszych <a rel=\"noreferrer noopener\" aria-label=\"partner\u00f3w  (opens in a new tab)\" href=\"http:\/\/www.wisegeek.net\/what-is-a-financial-services-corporation.htm\" target=\"_blank\">partner\u00f3w <\/a>Bitcoin, Ripple, MasterCard, Visa, Paypal, Qiwi Wallet, Ethereum, Litecoin, Alipay, Sofort Banking, Interkassa, Taobao, Trustpay Internet Banking, Skrill, Pay safe card, UCash i WebMoney.<\/p>\n\n\n\n<h2>Ko\u0144cowe rozwa\u017cania na temat Catshare<\/h2>\n\n\n\n<p>Oferty Catshare jest najbardziej wszechstronny, ale najbardziej przyst\u0119pne cenowo us\u0142ugi hostingu plik\u00f3w (FHS) dostawcy do tej pory. Na pewno nigdy Ci\u0119 nie zawiedziemy, poniewa\u017c nadal rozwijamy nasz\u0105 platform\u0119 z jej bogatymi i dost\u0119pnymi funkcjami, z kt\u00f3rych mo\u017cesz korzysta\u0107.<\/p>\n\n\n\n<h2>Najcz\u0119\u015bciej zadawane pytania dotycz\u0105ce us\u0142ugi hostingu plik\u00f3w Catshare<\/h2>\n\n\n\n<h3>1. Czy Catshare posiada darmowe konto?<\/h3>\n\n\n\n<p>Posiadamy darmowe konto Catshare, z kt\u00f3rego mo\u017cna korzysta\u0107 bez konieczno\u015bci dokonywania pierwszej wp\u0142aty. Z naszym darmowym kontem mo\u017cesz przechowywa\u0107 swoje pliki do 30 GB.<\/p>\n\n\n\n<h3>2. Ile wynosi Twoja alokacja pami\u0119ci masowej dla konta Premium Catshare?<\/h3>\n\n\n\n<p>Przydzia\u0142 magazynowy konta Premium Catshare jest r\u00f3\u017cny. Dla plan\u00f3w kont 30 i 60 dni masz 3 TB alokacji pami\u0119ci masowej, podczas gdy plany kont na 90 dni, 180 dni, 365 dni i 730 dni maj\u0105 nieograniczon\u0105 alokacj\u0119 pami\u0119ci masowej do wykorzystania i korzystania.<\/p>\n\n\n\n<h3>3. W jaki spos\u00f3b Catshare File Hosting Service (FHS) zarabia na byciu us\u0142ug\u0105 darmow\u0105?<\/h3>\n\n\n\n<p>Platforma Catshare zarabia na reklamach, jak r\u00f3wnie\u017c na zintegrowanych captchasach i kolejkach w Catshare Free. Wst\u0119pna op\u0142ata abonamentowa wspiera r\u00f3wnie\u017c funkcjonowanie i utrzymanie platformy Catshare.<\/p>\n\n\n<a class=\"maxbutton-2 maxbutton maxbutton-cta\" target=\"_blank\" rel=\"nofollow noopener\" href=\"\/go\/\"><span class='mb-text'>&gt;&gt; Przejd\u017a do strony Oryginalnego Linkifier<\/span><\/a>\n\n\n<p><\/p>\n","protected":false},"excerpt":{"rendered":"<p>Platforma Catshare jest najbardziej wygodnym i bezpiecznym dostawc\u0105 us\u0142ug hostingu plik\u00f3w (FHS) na \u015bwiecie. To jest jak tw\u00f3j futrzasty ma\u0142y<\/p>\n","protected":false},"author":2,"featured_media":0,"parent":0,"menu_order":0,"comment_status":"closed","ping_status":"closed","template":"","meta":[],"yoast_head":"<!-- This site is optimized with the Yoast SEO plugin v18.3 - https:\/\/yoast.com\/wordpress\/plugins\/seo\/ -->\n<title>Catshare Premium Konto: Filehoster W Skr\u00f3cie<\/title>\n<meta name=\"description\" content=\"Czy Catshare jest renomowanym dostawc\u0105 czy nie, odpowied\u017a znajdziesz w aktualnym te\u015bcie na Multihoster.org \u279c Kliknij teraz \u271a aby przeczyta\u0107 nasze do\u015bwiadczenia!\" \/>\n<meta name=\"robots\" content=\"index, follow, max-snippet:-1, max-image-preview:large, max-video-preview:-1\" \/>\n<link rel=\"canonical\" href=\"https:\/\/multihoster.org\/pl\/catshare\/\" \/>\n<meta property=\"og:locale\" content=\"pl_PL\" \/>\n<meta property=\"og:type\" content=\"article\" \/>\n<meta property=\"og:title\" content=\"Catshare Premium Konto: Filehoster W Skr\u00f3cie\" \/>\n<meta property=\"og:description\" content=\"Czy Catshare jest renomowanym dostawc\u0105 czy nie, odpowied\u017a znajdziesz w aktualnym te\u015bcie na Multihoster.org \u279c Kliknij teraz \u271a aby przeczyta\u0107 nasze do\u015bwiadczenia!\" \/>\n<meta property=\"og:url\" content=\"https:\/\/multihoster.org\/pl\/catshare\/\" \/>\n<meta property=\"og:site_name\" content=\"Multihoster.org\" \/>\n<meta property=\"article:modified_time\" content=\"2020-06-01T10:29:27+00:00\" \/>\n<meta property=\"og:image\" content=\"https:\/\/multihoster.org\/wp-content\/uploads\/2020\/04\/Catshare.png\" \/>\n<meta name=\"twitter:card\" content=\"summary\" \/>\n<meta name=\"twitter:label1\" content=\"Szacowany czas czytania\" \/>\n\t<meta name=\"twitter:data1\" content=\"8 minut\" \/>\n<script type=\"application\/ld+json\" class=\"yoast-schema-graph\">{\"@context\":\"https:\/\/schema.org\",\"@graph\":[{\"@type\":\"WebSite\",\"@id\":\"https:\/\/multihoster.org\/#website\",\"url\":\"https:\/\/multihoster.org\/\",\"name\":\"Multihoster.org\",\"description\":\"Reviews of the major Filehosting services\",\"potentialAction\":[{\"@type\":\"SearchAction\",\"target\":{\"@type\":\"EntryPoint\",\"urlTemplate\":\"https:\/\/multihoster.org\/?s={search_term_string}\"},\"query-input\":\"required name=search_term_string\"}],\"inLanguage\":\"pl-PL\"},{\"@type\":\"ImageObject\",\"@id\":\"https:\/\/multihoster.org\/pl\/catshare\/#primaryimage\",\"inLanguage\":\"pl-PL\",\"url\":\"https:\/\/multihoster.org\/wp-content\/uploads\/2020\/04\/Catshare.png\",\"contentUrl\":\"https:\/\/multihoster.org\/wp-content\/uploads\/2020\/04\/Catshare.png\",\"width\":401,\"height\":267},{\"@type\":\"WebPage\",\"@id\":\"https:\/\/multihoster.org\/pl\/catshare\/#webpage\",\"url\":\"https:\/\/multihoster.org\/pl\/catshare\/\",\"name\":\"Catshare Premium Konto: Filehoster W Skr\u00f3cie\",\"isPartOf\":{\"@id\":\"https:\/\/multihoster.org\/#website\"},\"primaryImageOfPage\":{\"@id\":\"https:\/\/multihoster.org\/pl\/catshare\/#primaryimage\"},\"datePublished\":\"2020-04-08T09:30:20+00:00\",\"dateModified\":\"2020-06-01T10:29:27+00:00\",\"description\":\"Czy Catshare jest renomowanym dostawc\u0105 czy nie, odpowied\u017a znajdziesz w aktualnym te\u015bcie na Multihoster.org \u279c Kliknij teraz \u271a aby przeczyta\u0107 nasze do\u015bwiadczenia!\",\"breadcrumb\":{\"@id\":\"https:\/\/multihoster.org\/pl\/catshare\/#breadcrumb\"},\"inLanguage\":\"pl-PL\",\"potentialAction\":[{\"@type\":\"ReadAction\",\"target\":[\"https:\/\/multihoster.org\/pl\/catshare\/\"]}]},{\"@type\":\"BreadcrumbList\",\"@id\":\"https:\/\/multihoster.org\/pl\/catshare\/#breadcrumb\",\"itemListElement\":[{\"@type\":\"ListItem\",\"position\":1,\"name\":\"Startseite\",\"item\":\"https:\/\/multihoster.org\/pl\/\"},{\"@type\":\"ListItem\",\"position\":2,\"name\":\"Catshare Premium Konto: Filehoster W Skr\u00f3cie\"}]}]}<\/script>\n<!-- \/ Yoast SEO plugin. -->","yoast_head_json":{"title":"Catshare Premium Konto: Filehoster W Skr\u00f3cie","description":"Czy Catshare jest renomowanym dostawc\u0105 czy nie, odpowied\u017a znajdziesz w aktualnym te\u015bcie na Multihoster.org \u279c Kliknij teraz \u271a aby przeczyta\u0107 nasze do\u015bwiadczenia!","robots":{"index":"index","follow":"follow","max-snippet":"max-snippet:-1","max-image-preview":"max-image-preview:large","max-video-preview":"max-video-preview:-1"},"canonical":"https:\/\/multihoster.org\/pl\/catshare\/","og_locale":"pl_PL","og_type":"article","og_title":"Catshare Premium Konto: Filehoster W Skr\u00f3cie","og_description":"Czy Catshare jest renomowanym dostawc\u0105 czy nie, odpowied\u017a znajdziesz w aktualnym te\u015bcie na Multihoster.org \u279c Kliknij teraz \u271a aby przeczyta\u0107 nasze do\u015bwiadczenia!","og_url":"https:\/\/multihoster.org\/pl\/catshare\/","og_site_name":"Multihoster.org","article_modified_time":"2020-06-01T10:29:27+00:00","og_image":[{"url":"https:\/\/multihoster.org\/wp-content\/uploads\/2020\/04\/Catshare.png"}],"twitter_card":"summary","twitter_misc":{"Szacowany czas czytania":"8 minut"},"schema":{"@context":"https:\/\/schema.org","@graph":[{"@type":"WebSite","@id":"https:\/\/multihoster.org\/#website","url":"https:\/\/multihoster.org\/","name":"Multihoster.org","description":"Reviews of the major Filehosting services","potentialAction":[{"@type":"SearchAction","target":{"@type":"EntryPoint","urlTemplate":"https:\/\/multihoster.org\/?s={search_term_string}"},"query-input":"required name=search_term_string"}],"inLanguage":"pl-PL"},{"@type":"ImageObject","@id":"https:\/\/multihoster.org\/pl\/catshare\/#primaryimage","inLanguage":"pl-PL","url":"https:\/\/multihoster.org\/wp-content\/uploads\/2020\/04\/Catshare.png","contentUrl":"https:\/\/multihoster.org\/wp-content\/uploads\/2020\/04\/Catshare.png","width":401,"height":267},{"@type":"WebPage","@id":"https:\/\/multihoster.org\/pl\/catshare\/#webpage","url":"https:\/\/multihoster.org\/pl\/catshare\/","name":"Catshare Premium Konto: Filehoster W Skr\u00f3cie","isPartOf":{"@id":"https:\/\/multihoster.org\/#website"},"primaryImageOfPage":{"@id":"https:\/\/multihoster.org\/pl\/catshare\/#primaryimage"},"datePublished":"2020-04-08T09:30:20+00:00","dateModified":"2020-06-01T10:29:27+00:00","description":"Czy Catshare jest renomowanym dostawc\u0105 czy nie, odpowied\u017a znajdziesz w aktualnym te\u015bcie na Multihoster.org \u279c Kliknij teraz \u271a aby przeczyta\u0107 nasze do\u015bwiadczenia!","breadcrumb":{"@id":"https:\/\/multihoster.org\/pl\/catshare\/#breadcrumb"},"inLanguage":"pl-PL","potentialAction":[{"@type":"ReadAction","target":["https:\/\/multihoster.org\/pl\/catshare\/"]}]},{"@type":"BreadcrumbList","@id":"https:\/\/multihoster.org\/pl\/catshare\/#breadcrumb","itemListElement":[{"@type":"ListItem","position":1,"name":"Startseite","item":"https:\/\/multihoster.org\/pl\/"},{"@type":"ListItem","position":2,"name":"Catshare Premium Konto: Filehoster W Skr\u00f3cie"}]}]}},"_links":{"self":[{"href":"https:\/\/multihoster.org\/pl\/wp-json\/wp\/v2\/pages\/3368"}],"collection":[{"href":"https:\/\/multihoster.org\/pl\/wp-json\/wp\/v2\/pages"}],"about":[{"href":"https:\/\/multihoster.org\/pl\/wp-json\/wp\/v2\/types\/page"}],"author":[{"embeddable":true,"href":"https:\/\/multihoster.org\/pl\/wp-json\/wp\/v2\/users\/2"}],"replies":[{"embeddable":true,"href":"https:\/\/multihoster.org\/pl\/wp-json\/wp\/v2\/comments?post=3368"}],"version-history":[{"count":2,"href":"https:\/\/multihoster.org\/pl\/wp-json\/wp\/v2\/pages\/3368\/revisions"}],"predecessor-version":[{"id":4615,"href":"https:\/\/multihoster.org\/pl\/wp-json\/wp\/v2\/pages\/3368\/revisions\/4615"}],"wp:attachment":[{"href":"https:\/\/multihoster.org\/pl\/wp-json\/wp\/v2\/media?parent=3368"}],"curies":[{"name":"wp","href":"https:\/\/api.w.org\/{rel}","templated":true}]}}