{"id":3442,"date":"2020-04-08T13:13:08","date_gmt":"2020-04-08T13:13:08","guid":{"rendered":"https:\/\/multihoster.org\/subyshare\/"},"modified":"2020-04-08T16:00:32","modified_gmt":"2020-04-08T16:00:32","slug":"subyshare","status":"publish","type":"page","link":"https:\/\/multihoster.org\/pl\/subyshare\/","title":{"rendered":"Subyshare Premium Konto: Filehoster W Skr\u00f3cie"},"content":{"rendered":"\n<figure class=\"wp-block-image\"><img src=\"https:\/\/lh5.googleusercontent.com\/UquMrYbmLRQkC4EBiJecFA3UlFC8z2rcSYEBDawVt67_570UGuXawyAmBDVWM9MxQSfW0OIuqUrBIrg9tjN2n_xBKq3D3lCZsTGllywdzLY9OVZDET9XWc7Al_AHCd3-fCv95xM\" alt=\"Subyshare logo\"\/><\/figure>\n\n\n<a class=\"maxbutton-2 maxbutton maxbutton-cta\" target=\"_blank\" rel=\"nofollow noopener\" href=\"\/go\/\"><span class='mb-text'>&gt;&gt; Przejd\u017a do strony Oryginalnego Linkifier<\/span><\/a>\n\n\n<p><\/p>\n\n\n\n<h2>Subshare: Co to jest?<\/h2>\n\n\n\n<p>Subyshare to hoster plik\u00f3w, kt\u00f3ry zapewnia przechowywanie lub tworzenie kopii zapasowych online. Posiada on narz\u0119dzia do udost\u0119pniania, przesy\u0142ania, pobierania i usuwania plik\u00f3w.<\/p>\n\n\n\n<p>Je\u015bli chodzi o hosting plik\u00f3w, Subyshare jest naprawd\u0119 szybki w przesy\u0142aniu lub pobieraniu plik\u00f3w z <a rel=\"noreferrer noopener\" aria-label=\"serwer\u00f3w  (opens in a new tab)\" href=\"https:\/\/www.computerhope.com\/jargon\/s\/server.htm\" target=\"_blank\">serwer\u00f3w <\/a>Subyshare. Hoster plik\u00f3w Subyshare jest jednym z rozwi\u0105za\u0144 problem\u00f3w, z kt\u00f3rymi boryka si\u0119 wiele os\u00f3b, szczeg\u00f3lnie w zakresie dost\u0119pu i pobierania plik\u00f3w.<\/p>\n\n\n\n<h2>Us\u0142ugi \u015bwiadczone przez Subyshare<\/h2>\n\n\n\n<p>Zawsze, gdy u\u017cytkownik potrzebuje wys\u0142a\u0107 lub udost\u0119pni\u0107 plik swojemu przyjacielowi lub innym osobom, ale nie mo\u017ce przes\u0142a\u0107 go na swoj\u0105 skrzynk\u0119 e-mail, poniewa\u017c rozmiar pliku lub plik\u00f3w, kt\u00f3re pr\u00f3buje wys\u0142a\u0107 jest bardzo du\u017cy. C\u00f3\u017c, z powodu tego problemu, Subyshare mo\u017ce wykona\u0107 to zadanie za Ciebie. <\/p>\n\n\n\n<p>Je\u015bli kiedykolwiek dana osoba potrzebuje przestrzeni dyskowej online, kt\u00f3ra jest naprawd\u0119 bezpieczna do tworzenia kopii zapasowych swoich plik\u00f3w, Subyshare mo\u017ce da\u0107 na to rozwi\u0105zanie. <\/p>\n\n\n\n<p>Strona i us\u0142ugi Subyshare s\u0105 kompatybilne z dowolnymi urz\u0105dzeniami. Je\u015bli osoba fizyczna chce uzyska\u0107 dost\u0119p do swoich danych osobowych lub prywatnych z r\u00f3\u017cnych urz\u0105dze\u0144, takich jak telefony kom\u00f3rkowe, komputery lub laptopy, ale nie chce mie\u0107 ze sob\u0105 wszystkich tych urz\u0105dze\u0144 zawsze, wtedy firma Subyshare ma najlepszy spos\u00f3b, aby to zrobi\u0107. Nie b\u0119dzie potrzebowa\u0142 \u017cadnych pendrive&#8217;\u00f3w, aby zabra\u0107 ze sob\u0105 swoje dane lub pliki, ale z pomoc\u0105 Subyshare mo\u017ce przechowywa\u0107 i uzyska\u0107 dost\u0119p do swoich danych lub plik\u00f3w w dowolnym miejscu i czasie. <\/p>\n\n\n\n<p>Dlatego tak wa\u017cne jest korzystanie z pami\u0119ci masowej online. Teraz, dzi\u0119ki us\u0142ugom Subyshare, mo\u017cesz przynie\u015b\u0107 i zabezpieczy\u0107 swoje dane lub pliki i zatrzyma\u0107 je tutaj w jednym miejscu.<\/p>\n\n\n\n<h2>Cechy charakterystyczne dla r\u00f3\u017cnych rachunk\u00f3w Subshare<\/h2>\n\n\n\n<p>Subshare posiada trzy (3) r\u00f3\u017cne rodzaje rachunk\u00f3w dla u\u017cytkownik\u00f3w. S\u0105 to konta Subyshare Free, Subyshare Registered oraz Subyshare Premium Account.<\/p>\n\n\n\n<p>Aby u\u017cytkownik m\u00f3g\u0142 zdecydowa\u0107, z kt\u00f3rego konta ma korzysta\u0107, poni\u017cej znajduj\u0105 si\u0119 funkcje ka\u017cdego z kont Subshare.<\/p>\n\n\n\n<figure class=\"wp-block-table\"><table class=\"\"><tbody><tr><td><strong>Tw\u00f3j obecny plan: ZAREJESTROWANY<\/strong><\/td><td><strong>BEZP\u0141ATNY<\/strong><\/td><td><strong>ZAREJESTROWANY<\/strong><\/td><td><strong>PREMIUM<\/strong><\/td><\/tr><tr><td>Przestrze\u0144 magazynowa<\/td><td><\/td><td>5000 GB Tymczasowo<\/td><td>Od 1000 GB PRE + 4 TB Tymczasowo<\/td><\/tr><tr><td>Ilo\u015b\u0107 pobieranych plik\u00f3w na dzie\u0144<\/td><td>2 GB 1 dzie\u0144<\/td><td>2 GB 1 dzie\u0144<\/td><td>4 GB 1 dzie\u0144<\/td><\/tr><tr><td>Zakup Wi\u0119cej \u015bci\u0105gnij Pasmo<\/td><td>Nie<\/td><td>Nie<\/td><td>Tak<\/td><\/tr><tr><td>Maksymalny rozmiar pliku do przes\u0142ania<\/td><td>100 Mb<\/td><td>5120 Mb<\/td><td>20480 Mb<\/td><\/tr><tr><td>Szybko\u015b\u0107 pobierania<\/td><td>130 KB\/s<\/td><td> 130 KB\/s <\/td><td>7-15MB\/s<\/td><\/tr><tr><td>Gdzie s\u0105 usuwane twoje pliki?<\/td><td>1 dzie\u0144 po ostatnim pobraniu<\/td><td>30 dzie\u0144 po ostatnim pobraniu<\/td><td>180 dzie\u0144 po ostatnim pobraniu<\/td><\/tr><tr><td>Czas oczekiwania<\/td><td>60 sekund<\/td><td>60 sekund<\/td><td>Brak!<\/td><\/tr><tr><td>Reklamy<\/td><td>Tak<\/td><td> Tak<\/td><td> Brak! <\/td><\/tr><tr><td>Rozwi\u0105zanie Captcha do pobrania<\/td><td> Tak<\/td><td> Tak<\/td><td> Brak! <\/td><\/tr><\/tbody><\/table><\/figure>\n\n\n\n<h2>Subyshare Premium Konto <\/h2>\n\n\n\n<p>Je\u015bli u\u017cytkownik chce w pe\u0142ni korzysta\u0107 z wszystkich funkcji i us\u0142ug Subyshare, musi otrzyma\u0107 konto Premium Subyshare.<\/p>\n\n\n\n<h3>Subyshare Premium Konto Klucz<\/h3>\n\n\n\n<p>Je\u017celi u\u017cytkownik posiada ju\u017c <a rel=\"noreferrer noopener\" aria-label=\"klucz  (opens in a new tab)\" href=\"https:\/\/searchsecurity.techtarget.com\/definition\/key\" target=\"_blank\">klucz <\/a>do swojego konta Premium, mo\u017ce on wykona\u0107 poni\u017csze kroki, aby aktywowa\u0107 konto Subyshare Premium.<\/p>\n\n\n\n<p>1. Musisz zalogowa\u0107 si\u0119 na swoje konto u\u017cytkownika w Subyshare, aby uzyska\u0107 dost\u0119p do swojego profilu konta. Je\u015bli nie jeste\u015b jeszcze zarejestrowany, mo\u017cesz zarejestrowa\u0107 si\u0119, aby mie\u0107 konto w Subyshare.<\/p>\n\n\n\n<p>2. Po zalogowaniu si\u0119 na konto, prosz\u0119 otworzy\u0107 ten link: http:\/\/subyshare.com\/account\/profile<\/p>\n\n\n\n<p>3. Skopiuj posiadany klucz lub kod i wklej go w polu tekstowym &#8222;Klucz Premium&#8221; lub &#8222;Kod aktywacyjny&#8221;. (Prosz\u0119 odnie\u015b\u0107 si\u0119 do rysunku poni\u017cej).<\/p>\n\n\n\n<p>4. Kliknij przycisk &#8222;Enter&#8221;, aby przes\u0142a\u0107 i zastosowa\u0107 klucz lub kod do Subyshare.<\/p>\n\n\n\n<figure class=\"wp-block-image\"><img src=\"https:\/\/lh3.googleusercontent.com\/TwETx_rfPehPnTx0tCW572Fj0afFVMNJOsbgKwf9hc7i7iNEFC7ItL4XPXwWEIbYB2pxykFwfAeLVYQgE-SA6pKu4nm_na196XLIW3iqEy2bREkoVbSxoY_PgZZecfP0xXxiFEI\" alt=\"Subyshare Account Overview\"\/><\/figure>\n\n\n\n<p>5. Subyshare to zweryfikuje. Je\u015bli wprowadzony klucz jest poprawny, Twoje konto Subyshare Premium zostanie aktywowane.<\/p>\n\n\n\n<h2>Subyshare Premium Konto Plany<\/h2>\n\n\n\n<figure class=\"wp-block-table\"><table class=\"\"><tbody><tr><td># of days <\/td><td>Ceny pakiet\u00f3w <\/td><td>Przechowywanie w terabajtach (TB) <\/td><td>Dzienna przepustowo\u015b\u0107 w gigabajtach (GB) <\/td><td>Nieograniczone sk\u0142adowanie <\/td><td>Pr\u0119dko\u015b\u0107 pobierania w megabajtach (MB) <\/td><td>Zawiera Zawiera reklamy <\/td><td>Pobieranie bezpo\u015brednie <\/td><\/tr><tr><td>30<\/td><td>14,99 USD  <\/td><td>1<\/td><td> 40 <\/td><td>Tak<\/td><td>10<\/td><td>No<\/td><td>Tak<\/td><\/tr><tr><td> 75 <\/td><td>29,95 USD  <\/td><td>1<\/td><td> 40 <\/td><td>Tak<\/td><td>10<\/td><td> No <\/td><td> Tak<\/td><\/tr><tr><td> 180 <\/td><td>47,45 USD  <\/td><td>1<\/td><td> 40 <\/td><td> Tak<\/td><td>10<\/td><td> No <\/td><td> Tak<\/td><\/tr><tr><td> 365 <\/td><td>87,95 USD  <\/td><td>1<\/td><td> 40 <\/td><td> Tak<\/td><td>10<\/td><td> No <\/td><td> Tak<\/td><\/tr><\/tbody><\/table><\/figure>\n\n\n\n<p>*Te plany mog\u0105 by\u0107 op\u0142acone tylko raz, ale u\u017cytkownik mo\u017ce zawsze ulepszy\u0107 lub odnowi\u0107, albo przed\u0142u\u017cy\u0107 plan, z kt\u00f3rego korzysta.<\/p>\n\n\n\n<h3>Kroki:<\/h3>\n\n\n\n<ul><li>1: U\u017cytkownik musi wybra\u0107 jeden z pakiet\u00f3w Subshare Premium, z kt\u00f3rego chce skorzysta\u0107.<\/li><li> 2: U\u017cytkownik musi wybra\u0107 jeden z pakiet\u00f3w Subshare Premium: U\u017cytkownik musi wybra\u0107 jedn\u0105 z metod p\u0142atno\u015bci w ramach Subshare<\/li><li> Trzecia: U\u017cytkownik musi sprawdzi\u0107, czy plan jest dodawany do jego koszyka.<\/li><li> Czwarty: U\u017cytkownik musi sprawdzi\u0107, czy plan zosta\u0142 dodany do jego koszyka:  Kliknij przycisk &#8222;Zameldowanie&#8221;, aby sprawdzi\u0107 pakiet Subyshare Premium.<\/li><\/ul>\n\n\n<a class=\"maxbutton-2 maxbutton maxbutton-cta\" target=\"_blank\" rel=\"nofollow noopener\" href=\"\/go\/\"><span class='mb-text'>&gt;&gt; Przejd\u017a do strony Oryginalnego Linkifier<\/span><\/a>\n\n\n<p><\/p>\n\n\n\n<h3>P\u0142ac\u0105c:<\/h3>\n\n\n\n<p>Dokonuj\u0105c p\u0142atno\u015bci pakietu Premium, Subyshare akceptuje nast\u0119puj\u0105ce metody p\u0142atno\u015bci:<\/p>\n\n\n\n<ul><li>Wszystkie rodzaje kart kredytowych,<\/li><li> Webmoney, <\/li><li> Bitcoin, i<\/li><li> Paypal<\/li><\/ul>\n\n\n\n<h2>Subshare: Pliki<\/h2>\n\n\n\n<h3>Przesy\u0142anie plik\u00f3w<\/h3>\n\n\n\n<p>Istniej\u0105 trzy (3) sposoby wgrywania pliku lub plik\u00f3w do Subyshare:<\/p>\n\n\n\n<p>1. Prze\u015blij za pomoc\u0105 przegl\u0105darki internetowej.<\/p>\n\n\n\n<p>Korzystanie z przegl\u0105darek internetowych jest normalnym i bardzo prostym sposobem, kt\u00f3ry u\u017cytkownik mo\u017ce zrobi\u0107, aby przes\u0142a\u0107 plik lub pliki na Subyshare. Aby przes\u0142a\u0107 plik lub pliki do przegl\u0105darki internetowej, wykonaj poni\u017csze kroki:<\/p>\n\n\n\n<p>i. Przejd\u017a do Subyshare i zaloguj si\u0119 na swoje konto.<\/p>\n\n\n\n<p>ii. Przejd\u017a do strony &#8222;Moje pliki&#8221; programu Subyshare Account File Manager.<\/p>\n\n\n\n<p>iii. Przeci\u0105gnij i upu\u015b\u0107 tam plik lub pliki albo przejd\u017a do kt\u00f3regokolwiek z folder\u00f3w i przeci\u0105gnij i upu\u015b\u0107 w nim plik lub pliki.<\/p>\n\n\n\n<p>iv. Zobacz, \u017ce istnieje pasek post\u0119pu, kt\u00f3ry musi by\u0107 wype\u0142niony do 100%. B\u0119dzie on wskazywa\u0142, \u017ce pliki os s\u0105 przesy\u0142ane w ca\u0142o\u015bci. <\/p>\n\n\n\n<p>2. Przesy\u0142anie za pomoc\u0105 protoko\u0142u File Transfer Protocol lub FTP.<\/p>\n\n\n\n<p>U\u017cytkownik mo\u017ce u\u017cywa\u0107 dowolnego <a rel=\"noreferrer noopener\" aria-label=\"protoko\u0142u transferu plik\u00f3w (opens in a new tab)\" href=\"https:\/\/searchnetworking.techtarget.com\/definition\/File-Transfer-Protocol-FTP\" target=\"_blank\">protoko\u0142u transferu plik\u00f3w<\/a> lub klienta FTP, na przyk\u0142ad Filezilla, aby przes\u0142a\u0107 plik lub pliki na Subyshare za po\u015brednictwem serwer\u00f3w FTP. Aby przes\u0142a\u0107 plik za pomoc\u0105 tego protoko\u0142u FTP, u\u017cytkownik musi poda\u0107 swoj\u0105 nazw\u0119 hosta, nazw\u0119 u\u017cytkownika konta i has\u0142o do konta.<\/p>\n\n\n\n<p>Dla nazwy hosta: U\u017cyj nast\u0119puj\u0105cych serwer\u00f3w Subyshare:<\/p>\n\n\n\n<figure class=\"wp-block-table\"><table class=\"\"><tbody><tr><td class=\"has-text-align-center\" data-align=\"center\">Nazwa serwera: <\/td><\/tr><tr><td class=\"has-text-align-center\" data-align=\"center\">ftp.subyshare.com &#8211; (dla Europy) <\/td><\/tr><tr><td class=\"has-text-align-center\" data-align=\"center\">us.ftp.subyshare.com &#8211; (dla Ameryki) <\/td><\/tr><\/tbody><\/table><\/figure>\n\n\n\n<p>3. Korzystanie z funkcji zdalnego przesy\u0142ania.<\/p>\n\n\n\n<p>Funkcja zdalnego przesy\u0142ania zawsze b\u0119dzie zale\u017ca\u0142a od ustawie\u0144 konta u\u017cytkownika w Subyshare. R\u00f3wnie\u017c, je\u015bli u\u017cytkownik chce lub potrzebuje skorzysta\u0107 z funkcji zdalnego przesy\u0142ania, powinien skontaktowa\u0107 si\u0119 z obs\u0142ug\u0105 Subyshare, aby dowiedzie\u0107 si\u0119, jak mo\u017ce to zrobi\u0107.<\/p>\n\n\n\n<h3>Pobieranie plik\u00f3w<\/h3>\n\n\n\n<p>Pobieranie pliku lub plik\u00f3w w Subyshare jest super proste. U\u017cytkownik musi tylko dwukrotnie klikn\u0105\u0107 na plik, kt\u00f3ry chce pobra\u0107, ale kiedy korzysta z konta Subyshare Premium, jest to dla niego znacznie \u0142atwiejsze do pobrania, poniewa\u017c Subyshare Premium mo\u017ce pobra\u0107 plik lub pliki, kt\u00f3re chcesz automatycznie. Po pierwsze, u\u017cytkownik musi tylko ustawi\u0107 swoje ustawienia pobierania na &#8222;Pobieranie bezpo\u015brednie&#8221; w ustawieniach konta Subyshare. U\u017cytkownik mo\u017ce r\u00f3wnie\u017c skorzysta\u0107 z \u0142\u0105cza do pobrania udost\u0119pnionego przez Subyshare (\u0141\u0105cze do pobrania jest dost\u0119pne dla u\u017cytkownik\u00f3w bezp\u0142atnych i u\u017cytkownik\u00f3w z kontem Premium).<\/p>\n\n\n\n<p>Subyshare mo\u017ce \u0142\u0105czy\u0107 si\u0119 z innym oprogramowaniem do pobierania w celu pobrania pliku lub plik\u00f3w, takich jak Internet Download Manager lub IDM.<\/p>\n\n\n\n<h3>Strumie\u0144 plik\u00f3w<\/h3>\n\n\n\n<p>Transmisja strumieniowa w Subyshare obs\u0142uguje tylko te typy plik\u00f3w wideo poni\u017cej:<\/p>\n\n\n\n<figure class=\"wp-block-table\"><table class=\"\"><tbody><tr><td>3gp<\/td><td>avi<\/td><td>divx<\/td><td>flv<\/td><td>mkv<\/td><td>mov<\/td><td>mp4<\/td><td>mpeg<\/td><td>mpg<\/td><td>vob<\/td><td>wmv<\/td><td>xvid<\/td><\/tr><\/tbody><\/table><\/figure>\n\n\n\n<figure class=\"wp-block-image\"><img src=\"https:\/\/lh3.googleusercontent.com\/1gxrgoQikEaD4cXKfXcGuv8fVFojiwgr2nhFon4IjtlHIn4ynWj9KOll78T6KWI-1ZKPOcRDKX4pdyj_Ns5CbFx2gwksc0WjiMbFNgomyqJZihb7TMltRzpsCOLTICG6SoRCtgs\" alt=\"Adobe Flash Player\"\/><\/figure>\n\n\n\n<p>Do strumieniowego przesy\u0142ania wideo na stronie Subyshare. U\u017cytkownik musia\u0142 mie\u0107 dzia\u0142aj\u0105cy i zaktualizowany Adobe Flash Player, aby wideo dzia\u0142a\u0142o poprawnie.<\/p>\n\n\n\n<p>Je\u015bli u\u017cytkownik nie posiada Adobe Flash Player, musi go najpierw zainstalowa\u0107, zanim b\u0119dzie m\u00f3g\u0142 ogl\u0105da\u0107 film na Subyshare. <\/p>\n\n\n\n<h3>Udost\u0119pnianie plik\u00f3w<\/h3>\n\n\n\n<p>U\u017cytkownik nie mo\u017ce udost\u0119pnia\u0107 plik\u00f3w wszystkim osobom, ale Subyshare pozwala u\u017cytkownikom na udost\u0119pnianie plik\u00f3w innym osobom, kt\u00f3re zdecyduj\u0105 si\u0119 udost\u0119pni\u0107 tylko tym osobom.<\/p>\n\n\n\n<p>U\u017cytkownik nie mo\u017ce zobaczy\u0107 pliku lub plik\u00f3w, kt\u00f3re inni u\u017cytkownicy wgrali, ale mo\u017ce je zobaczy\u0107, je\u015bli wgrywca pozwoli\u0142 im zobaczy\u0107 plik z plikami, kt\u00f3re wgrali.<\/p>\n\n\n\n<h3>Subshare: Usu\u0144<\/h3>\n\n\n\n<p>Niezale\u017cnie od tego, czy u\u017cytkownik wysy\u0142a ju\u017c plik na Subyshare, udost\u0119pni\u0142 on przez Subyshare funkcj\u0119 usuwania na swoje konto, wi\u0119c je\u015bli istnieje plik, kt\u00f3ry chce usun\u0105\u0107, mo\u017ce to zrobi\u0107.<\/p>\n\n\n\n<p>Aby usun\u0105\u0107 plik, wykonaj poni\u017csze kroki:<\/p>\n\n\n\n<p>1. Przejd\u017a do strony Subyshare.<\/p>\n\n\n\n<p>2. Przejd\u017a do przes\u0142anego pliku i kliknij ten plik, kt\u00f3ry chcesz usun\u0105\u0107. (Aby wybra\u0107 wiele plik\u00f3w, mo\u017cesz nacisn\u0105\u0107 klawisz Ctrl lub Shift i klikn\u0105\u0107 na pliki).<\/p>\n\n\n\n<p>3. Aby usun\u0105\u0107 wybrany plik, kliknij prawym przyciskiem myszy plik lub pliki i kliknij &#8222;Usu\u0144&#8221;.<\/p>\n\n\n\n<p>4. Przed przyst\u0105pieniem do kasowania pliku nale\u017cy poda\u0107 has\u0142o, aby go usun\u0105\u0107. Nast\u0119pnie kliknij przycisk &#8222;OK&#8221;, aby zastosowa\u0107 proces usuwania do pliku lub plik\u00f3w.<\/p>\n\n\n\n<p>*Je\u015bli u\u017cytkownik zapomnia\u0142 has\u0142a do usuni\u0119cia pliku lub plik\u00f3w, powinien skontaktowa\u0107 si\u0119 z pomoc\u0105 techniczn\u0105 Subyshare lub mo\u017ce zg\u0142osi\u0107 swoj\u0105 obaw\u0119 za po\u015brednictwem formularza kontaktowego Subyshare.<\/p>\n\n\n\n<h2>Subshare: Pomoc<\/h2>\n\n\n\n<p>Je\u017celi u\u017cytkownik nadal ma problem lub pytanie dotycz\u0105ce us\u0142ug Subyshare lub cokolwiek na temat Subyshare, nie powinien si\u0119 wstydzi\u0107 skontaktowa\u0107 si\u0119 ze wsparciem w ramach Subyshare i nie powinien ba\u0107 si\u0119 skorzysta\u0107 z formularza kontaktowego Subyshare i wype\u0142ni\u0107 go ca\u0142kowicie, aby zg\u0142osi\u0107 swoje zastrze\u017cenia. U\u017cytkownik mo\u017ce skontaktowa\u0107 si\u0119 z nimi w dowolnym momencie.<\/p>\n\n\n\n<p>Subyshare ma r\u00f3wnie\u017c wsparcie na \u017cywo, aby pom\u00f3c u\u017cytkownikom, klientom lub zleceniodawcom w rozwi\u0105zywaniu ich problem\u00f3w w czasie rzeczywistym, ale mog\u0105 oni korzysta\u0107 z tej funkcji tylko wtedy, gdy widz\u0105 j\u0105 na stronie Subyshare. Je\u017celi wsparcie na \u017cywo nie znajduje si\u0119 na stronie internetowej Subyshare, u\u017cytkownik jest poinformowany, \u017ce zawsze b\u0119dzie wysy\u0142a\u0142 swoje uwagi za po\u015brednictwem formularza kontaktowego, kt\u00f3ry jest przepustk\u0105 do uzyskania wsparcia w ramach Subyshare.<\/p>\n\n\n<a class=\"maxbutton-2 maxbutton maxbutton-cta\" target=\"_blank\" rel=\"nofollow noopener\" href=\"\/go\/\"><span class='mb-text'>&gt;&gt; Przejd\u017a do strony Oryginalnego Linkifier<\/span><\/a>\n\n\n<p><\/p>\n","protected":false},"excerpt":{"rendered":"<p>Subshare: Co to jest? Subyshare to hoster plik\u00f3w, kt\u00f3ry zapewnia przechowywanie lub tworzenie kopii zapasowych online. Posiada on narz\u0119dzia do<\/p>\n","protected":false},"author":2,"featured_media":0,"parent":0,"menu_order":0,"comment_status":"closed","ping_status":"closed","template":"","meta":[],"yoast_head":"<!-- This site is optimized with the Yoast SEO plugin v18.3 - https:\/\/yoast.com\/wordpress\/plugins\/seo\/ -->\n<title>Subyshare Premium Konto: Filehoster W Skr\u00f3cie<\/title>\n<meta name=\"description\" content=\"Czy Subyshare jest renomowanym dostawc\u0105 czy nie, odpowied\u017a znajdziesz w aktualnym te\u015bcie na Multihoster.org \u279c Kliknij teraz \u271a aby przeczyta\u0107 nasze do\u015bwiadczenia!\" \/>\n<meta name=\"robots\" content=\"index, follow, max-snippet:-1, max-image-preview:large, max-video-preview:-1\" \/>\n<link rel=\"canonical\" href=\"https:\/\/multihoster.org\/pl\/subyshare\/\" \/>\n<meta property=\"og:locale\" content=\"pl_PL\" \/>\n<meta property=\"og:type\" content=\"article\" \/>\n<meta property=\"og:title\" content=\"Subyshare Premium Konto: Filehoster W Skr\u00f3cie\" \/>\n<meta property=\"og:description\" content=\"Czy Subyshare jest renomowanym dostawc\u0105 czy nie, odpowied\u017a znajdziesz w aktualnym te\u015bcie na Multihoster.org \u279c Kliknij teraz \u271a aby przeczyta\u0107 nasze do\u015bwiadczenia!\" \/>\n<meta property=\"og:url\" content=\"https:\/\/multihoster.org\/pl\/subyshare\/\" \/>\n<meta property=\"og:site_name\" content=\"Multihoster.org\" \/>\n<meta property=\"article:modified_time\" content=\"2020-04-08T16:00:32+00:00\" \/>\n<meta property=\"og:image\" content=\"https:\/\/lh5.googleusercontent.com\/UquMrYbmLRQkC4EBiJecFA3UlFC8z2rcSYEBDawVt67_570UGuXawyAmBDVWM9MxQSfW0OIuqUrBIrg9tjN2n_xBKq3D3lCZsTGllywdzLY9OVZDET9XWc7Al_AHCd3-fCv95xM\" \/>\n<meta name=\"twitter:card\" content=\"summary\" \/>\n<meta name=\"twitter:label1\" content=\"Szacowany czas czytania\" \/>\n\t<meta name=\"twitter:data1\" content=\"8 minut\" \/>\n<script type=\"application\/ld+json\" class=\"yoast-schema-graph\">{\"@context\":\"https:\/\/schema.org\",\"@graph\":[{\"@type\":\"WebSite\",\"@id\":\"https:\/\/multihoster.org\/#website\",\"url\":\"https:\/\/multihoster.org\/\",\"name\":\"Multihoster.org\",\"description\":\"Reviews of the major Filehosting services\",\"potentialAction\":[{\"@type\":\"SearchAction\",\"target\":{\"@type\":\"EntryPoint\",\"urlTemplate\":\"https:\/\/multihoster.org\/?s={search_term_string}\"},\"query-input\":\"required name=search_term_string\"}],\"inLanguage\":\"pl-PL\"},{\"@type\":\"ImageObject\",\"@id\":\"https:\/\/multihoster.org\/pl\/subyshare\/#primaryimage\",\"inLanguage\":\"pl-PL\",\"url\":\"https:\/\/lh5.googleusercontent.com\/UquMrYbmLRQkC4EBiJecFA3UlFC8z2rcSYEBDawVt67_570UGuXawyAmBDVWM9MxQSfW0OIuqUrBIrg9tjN2n_xBKq3D3lCZsTGllywdzLY9OVZDET9XWc7Al_AHCd3-fCv95xM\",\"contentUrl\":\"https:\/\/lh5.googleusercontent.com\/UquMrYbmLRQkC4EBiJecFA3UlFC8z2rcSYEBDawVt67_570UGuXawyAmBDVWM9MxQSfW0OIuqUrBIrg9tjN2n_xBKq3D3lCZsTGllywdzLY9OVZDET9XWc7Al_AHCd3-fCv95xM\"},{\"@type\":\"WebPage\",\"@id\":\"https:\/\/multihoster.org\/pl\/subyshare\/#webpage\",\"url\":\"https:\/\/multihoster.org\/pl\/subyshare\/\",\"name\":\"Subyshare Premium Konto: Filehoster W Skr\u00f3cie\",\"isPartOf\":{\"@id\":\"https:\/\/multihoster.org\/#website\"},\"primaryImageOfPage\":{\"@id\":\"https:\/\/multihoster.org\/pl\/subyshare\/#primaryimage\"},\"datePublished\":\"2020-04-08T13:13:08+00:00\",\"dateModified\":\"2020-04-08T16:00:32+00:00\",\"description\":\"Czy Subyshare jest renomowanym dostawc\u0105 czy nie, odpowied\u017a znajdziesz w aktualnym te\u015bcie na Multihoster.org \u279c Kliknij teraz \u271a aby przeczyta\u0107 nasze do\u015bwiadczenia!\",\"breadcrumb\":{\"@id\":\"https:\/\/multihoster.org\/pl\/subyshare\/#breadcrumb\"},\"inLanguage\":\"pl-PL\",\"potentialAction\":[{\"@type\":\"ReadAction\",\"target\":[\"https:\/\/multihoster.org\/pl\/subyshare\/\"]}]},{\"@type\":\"BreadcrumbList\",\"@id\":\"https:\/\/multihoster.org\/pl\/subyshare\/#breadcrumb\",\"itemListElement\":[{\"@type\":\"ListItem\",\"position\":1,\"name\":\"Startseite\",\"item\":\"https:\/\/multihoster.org\/pl\/\"},{\"@type\":\"ListItem\",\"position\":2,\"name\":\"Subyshare Premium Konto: Filehoster W Skr\u00f3cie\"}]}]}<\/script>\n<!-- \/ Yoast SEO plugin. -->","yoast_head_json":{"title":"Subyshare Premium Konto: Filehoster W Skr\u00f3cie","description":"Czy Subyshare jest renomowanym dostawc\u0105 czy nie, odpowied\u017a znajdziesz w aktualnym te\u015bcie na Multihoster.org \u279c Kliknij teraz \u271a aby przeczyta\u0107 nasze do\u015bwiadczenia!","robots":{"index":"index","follow":"follow","max-snippet":"max-snippet:-1","max-image-preview":"max-image-preview:large","max-video-preview":"max-video-preview:-1"},"canonical":"https:\/\/multihoster.org\/pl\/subyshare\/","og_locale":"pl_PL","og_type":"article","og_title":"Subyshare Premium Konto: Filehoster W Skr\u00f3cie","og_description":"Czy Subyshare jest renomowanym dostawc\u0105 czy nie, odpowied\u017a znajdziesz w aktualnym te\u015bcie na Multihoster.org \u279c Kliknij teraz \u271a aby przeczyta\u0107 nasze do\u015bwiadczenia!","og_url":"https:\/\/multihoster.org\/pl\/subyshare\/","og_site_name":"Multihoster.org","article_modified_time":"2020-04-08T16:00:32+00:00","og_image":[{"url":"https:\/\/lh5.googleusercontent.com\/UquMrYbmLRQkC4EBiJecFA3UlFC8z2rcSYEBDawVt67_570UGuXawyAmBDVWM9MxQSfW0OIuqUrBIrg9tjN2n_xBKq3D3lCZsTGllywdzLY9OVZDET9XWc7Al_AHCd3-fCv95xM"}],"twitter_card":"summary","twitter_misc":{"Szacowany czas czytania":"8 minut"},"schema":{"@context":"https:\/\/schema.org","@graph":[{"@type":"WebSite","@id":"https:\/\/multihoster.org\/#website","url":"https:\/\/multihoster.org\/","name":"Multihoster.org","description":"Reviews of the major Filehosting services","potentialAction":[{"@type":"SearchAction","target":{"@type":"EntryPoint","urlTemplate":"https:\/\/multihoster.org\/?s={search_term_string}"},"query-input":"required name=search_term_string"}],"inLanguage":"pl-PL"},{"@type":"ImageObject","@id":"https:\/\/multihoster.org\/pl\/subyshare\/#primaryimage","inLanguage":"pl-PL","url":"https:\/\/lh5.googleusercontent.com\/UquMrYbmLRQkC4EBiJecFA3UlFC8z2rcSYEBDawVt67_570UGuXawyAmBDVWM9MxQSfW0OIuqUrBIrg9tjN2n_xBKq3D3lCZsTGllywdzLY9OVZDET9XWc7Al_AHCd3-fCv95xM","contentUrl":"https:\/\/lh5.googleusercontent.com\/UquMrYbmLRQkC4EBiJecFA3UlFC8z2rcSYEBDawVt67_570UGuXawyAmBDVWM9MxQSfW0OIuqUrBIrg9tjN2n_xBKq3D3lCZsTGllywdzLY9OVZDET9XWc7Al_AHCd3-fCv95xM"},{"@type":"WebPage","@id":"https:\/\/multihoster.org\/pl\/subyshare\/#webpage","url":"https:\/\/multihoster.org\/pl\/subyshare\/","name":"Subyshare Premium Konto: Filehoster W Skr\u00f3cie","isPartOf":{"@id":"https:\/\/multihoster.org\/#website"},"primaryImageOfPage":{"@id":"https:\/\/multihoster.org\/pl\/subyshare\/#primaryimage"},"datePublished":"2020-04-08T13:13:08+00:00","dateModified":"2020-04-08T16:00:32+00:00","description":"Czy Subyshare jest renomowanym dostawc\u0105 czy nie, odpowied\u017a znajdziesz w aktualnym te\u015bcie na Multihoster.org \u279c Kliknij teraz \u271a aby przeczyta\u0107 nasze do\u015bwiadczenia!","breadcrumb":{"@id":"https:\/\/multihoster.org\/pl\/subyshare\/#breadcrumb"},"inLanguage":"pl-PL","potentialAction":[{"@type":"ReadAction","target":["https:\/\/multihoster.org\/pl\/subyshare\/"]}]},{"@type":"BreadcrumbList","@id":"https:\/\/multihoster.org\/pl\/subyshare\/#breadcrumb","itemListElement":[{"@type":"ListItem","position":1,"name":"Startseite","item":"https:\/\/multihoster.org\/pl\/"},{"@type":"ListItem","position":2,"name":"Subyshare Premium Konto: Filehoster W Skr\u00f3cie"}]}]}},"_links":{"self":[{"href":"https:\/\/multihoster.org\/pl\/wp-json\/wp\/v2\/pages\/3442"}],"collection":[{"href":"https:\/\/multihoster.org\/pl\/wp-json\/wp\/v2\/pages"}],"about":[{"href":"https:\/\/multihoster.org\/pl\/wp-json\/wp\/v2\/types\/page"}],"author":[{"embeddable":true,"href":"https:\/\/multihoster.org\/pl\/wp-json\/wp\/v2\/users\/2"}],"replies":[{"embeddable":true,"href":"https:\/\/multihoster.org\/pl\/wp-json\/wp\/v2\/comments?post=3442"}],"version-history":[{"count":1,"href":"https:\/\/multihoster.org\/pl\/wp-json\/wp\/v2\/pages\/3442\/revisions"}],"predecessor-version":[{"id":3455,"href":"https:\/\/multihoster.org\/pl\/wp-json\/wp\/v2\/pages\/3442\/revisions\/3455"}],"wp:attachment":[{"href":"https:\/\/multihoster.org\/pl\/wp-json\/wp\/v2\/media?parent=3442"}],"curies":[{"name":"wp","href":"https:\/\/api.w.org\/{rel}","templated":true}]}}