{"id":3556,"date":"2020-04-15T09:17:01","date_gmt":"2020-04-15T09:17:01","guid":{"rendered":"https:\/\/multihoster.org\/upstore-premium-account-the-filehoster-at-a-glance\/"},"modified":"2020-04-15T10:56:22","modified_gmt":"2020-04-15T10:56:22","slug":"upstore","status":"publish","type":"page","link":"https:\/\/multihoster.org\/pl\/upstore\/","title":{"rendered":"Upstore Premium Konto: Filehoster W Skr\u00f3cie"},"content":{"rendered":"<a class=\"maxbutton-2 maxbutton maxbutton-cta\" target=\"_blank\" rel=\"nofollow noopener\" href=\"\/go\/\"><span class='mb-text'>&gt;&gt; Przejd\u017a do strony Oryginalnego Linkifier<\/span><\/a>\n\n\n<p><\/p>\n\n\n\n<h2>O Upstore<\/h2>\n\n\n\n<p>Dzi\u0119ki dzisiejszej modernizacji tej generacji, sie\u0107 chmur jest najlepszym sposobem zarz\u0105dzania danymi i plikami. Jest to sie\u0107, w kt\u00f3rej urz\u0105dzenia s\u0105 <a rel=\"noreferrer noopener\" aria-label=\"pod\u0142\u0105czone do us\u0142ug (opens in a new tab)\" href=\"https:\/\/www.techopedia.com\/definition\/29017\/cloud-services\" target=\"_blank\">pod\u0142\u0105czone do us\u0142ug<\/a> i <a rel=\"noreferrer noopener\" aria-label=\"serwer\u00f3w  (opens in a new tab)\" href=\"https:\/\/www.computerhope.com\/jargon\/s\/server.htm\" target=\"_blank\">serwer\u00f3w <\/a>w chmurze. Ludzie z bran\u017cy informatycznej opracowali ten spos\u00f3b przechowywania plik\u00f3w w chmurze zwany Upstore, a Maxiwebconsulting Ltd. jest tym, kt\u00f3ry obs\u0142uguje us\u0142ugi Upstore.<\/p>\n\n\n\n<p>Upstore mo\u017ce pom\u00f3c u\u017cytkownikom w utrzymaniu ich plik\u00f3w na miejscu i bezpiecznie w ka\u017cdej chwili. Pliki dodane przez u\u017cytkownika mog\u0105 by\u0107 r\u00f3wnie\u017c pobierane przez innych u\u017cytkownik\u00f3w. Mog\u0105 one by\u0107 r\u00f3wnie\u017c wsp\u00f3\u0142dzielone i zarz\u0105dzane przez u\u017cytkownik\u00f3w, niezale\u017cnie od tego, czy s\u0105 oni zarejestrowani jako u\u017cytkownicy kont darmowych czy kont Premium.<\/p>\n\n\n\n<p>Upstore mo\u017ce przechowywa\u0107 ka\u017cdy rodzaj plik\u00f3w, takich jak pliki wideo, piosenki, dokumenty i obrazy, o ile przes\u0142ane pliki zgadzaj\u0105 si\u0119 z warunkami u\u017cytkowania Upstore.<\/p>\n\n\n\n<p>Jest to bardzo u\u017cyteczne i wygodne dla ludzi, szczeg\u00f3lnie dla student\u00f3w i biznesmen\u00f3w, poniewa\u017c mog\u0105 oni zapisywa\u0107, pobiera\u0107 i nosi\u0107 swoje pliki bez konieczno\u015bci stosowania dysk\u00f3w flash, kart pami\u0119ci lub zewn\u0119trznych dysk\u00f3w twardych, ale oczywi\u015bcie z pomoc\u0105 po\u0142\u0105cze\u0144 internetowych w dowolnym miejscu.<\/p>\n\n\n\n<h3>Interfejs u\u017cytkownika Upstore<\/h3>\n\n\n\n<p>M\u00f3wi\u0105c o interfejsie u\u017cytkownika Upstore mo\u017cemy powiedzie\u0107, \u017ce jest on bardzo prosty lub bardzo prosty. U\u017cytkownicy mog\u0105 \u0142atwo porusza\u0107 si\u0119 po przyciskach, funkcjach i funkcjach strony. Jednak\u017ce, u\u017cytkownicy mog\u0105 korzysta\u0107 ze wszystkich funkcji i us\u0142ug Upstore, je\u015bli zarejestruj\u0105 si\u0119 i otrzymaj\u0105 plan Upstore Premium.<\/p>\n\n\n\n<h2>Konto Upstore Free i Premium<\/h2>\n\n\n\n<h3>Darmowe konto<\/h3>\n\n\n\n<p>Upstore jest hojny dla ludzi, zw\u0142aszcza tych, kt\u00f3rych nie sta\u0107 na zakup konta Upstore Premium, wi\u0119c zrobili darmowe konto dla ka\u017cdego, kto korzysta z us\u0142ug Upstore, ale oczywi\u015bcie darmowe konto ma ograniczenia, takie jak pr\u0119dko\u015b\u0107 wgrywania i pobierania, rozmiar pami\u0119ci, rozmiar plik\u00f3w i przepustowo\u015b\u0107. Z bezp\u0142atnych kont w Upstore korzystaj\u0105 g\u0142\u00f3wnie osoby, kt\u00f3re musz\u0105 jedynie przechowywa\u0107 swoje pliki przez kr\u00f3tki czas. Tak, mo\u017cesz korzysta\u0107 z Upstore jako swojego tymczasowego miejsca przechowywania.<\/p>\n\n\n\n<p>Poni\u017cej znajduj\u0105 si\u0119 korzy\u015bci wynikaj\u0105ce z korzystania z darmowego konta Upstore:<\/p>\n\n\n\n<ul><li>U\u017cytkownicy nie mog\u0105 wysy\u0142a\u0107 wielu plik\u00f3w jednocze\u015bnie.<\/li><li> Pr\u0119dko\u015b\u0107 pobierania jest wolna, a pobieranie nie rozpoczyna si\u0119 natychmiast.<\/li><li> U\u017cytkownicy nie mog\u0105 przesy\u0142a\u0107 lub pobiera\u0107 wielu plik\u00f3w. powinni poczeka\u0107, a\u017c jeden plik zako\u0144czy pobieranie, aby ponownie pobra\u0107 inny plik.<\/li><li> Podana przepustowo\u015b\u0107 wynosi do 6 gigabajt\u00f3w (6 GB) na dzie\u0144.<\/li><li> Rozmiar plik\u00f3w do pobrania wynosi tylko do dw\u00f3ch gigabajt\u00f3w (2) GB.<\/li><li> Rozmiar pliku do przes\u0142ania wynosi tylko do 2 GB.<\/li><li> Czas przechowywania plik\u00f3w jest ograniczony. Pliki s\u0105 przechowywane przez kr\u00f3tki czas tylko na serwerze chmury.<\/li><li> Zawsze istnieje potrzeba wprowadzenia captcha.<\/li><li> U\u017cytkownicy nie musz\u0105 p\u0142aci\u0107 za konto Upstore Free, aby z niego korzysta\u0107.<\/li><li> U\u017cytkownicy mog\u0105 zobaczy\u0107 reklamy na stronie<\/li><li> Linki do pobrania s\u0105 wa\u017cne tylko przez kr\u00f3tki czas.<\/li><\/ul>\n\n\n\n<h3>Konto Premium<\/h3>\n\n\n\n<p>Je\u015bli u\u017cytkownik chce szybko za\u0142adowa\u0107 i pobra\u0107 plik bez rozpraszaj\u0105cych reklam, powinien otrzyma\u0107 plan konta Upstore Premium. Ponadto, u\u017cytkownik mo\u017ce uaktualni\u0107 swoje darmowe konto do konta Premium, ale musi zap\u0142aci\u0107 za kwot\u0119 ceny. <\/p>\n\n\n\n<p>Konto Upstore Premium jest u\u017cywane g\u0142\u00f3wnie przez osoby, kt\u00f3re musz\u0105 przechowywa\u0107 swoje pliki przez d\u0142ugi czas. Tak, mo\u017cesz korzysta\u0107 z Upstore jako sta\u0142ego miejsca przechowywania plik\u00f3w.<\/p>\n\n\n\n<p>Poni\u017cej znajduj\u0105 si\u0119 korzy\u015bci wynikaj\u0105ce z korzystania z konta Premium w Upstore:<\/p>\n\n\n\n<ul><li>U\u017cytkownicy mog\u0105 wysy\u0142a\u0107 i pobiera\u0107 wiele plik\u00f3w jednocze\u015bnie<\/li><li> U\u017cytkownicy mog\u0105 pobra\u0107 plik natychmiast i bez spowolnienia za pomoc\u0105 jednego klikni\u0119cia przycisku pobierania.<\/li><li> Pr\u0119dko\u015b\u0107 pobierania dla u\u017cytkownik\u00f3w wynosi do 1000 Mbps.<\/li><li> Podana przepustowo\u015b\u0107 wynosi do dwudziestu gigabajt\u00f3w (20 GB) na dzie\u0144.<\/li><li> Rozmiar przesy\u0142anego pliku wynosi do pi\u0119ciu gigabajt\u00f3w (5 GB).<\/li><li> Nie ma limitu czasowego na przechowywanie plik\u00f3w. Pliki s\u0105 przechowywane przez pewien czas na serwerze chmury.<\/li><li> Nie ma potrzeby wprowadzania <a rel=\"noreferrer noopener\" aria-label=\"captcha (opens in a new tab)\" href=\"https:\/\/www.pandasecurity.com\/mediacenter\/panda-security\/what-is-captcha\/\" target=\"_blank\">captcha<\/a><\/li><li> Nie ma limitu czasowego na pobieranie plik\u00f3w<\/li><li> U\u017cytkownicy powinni zap\u0142aci\u0107 cen\u0119 planu Konta Premium Upstore.<\/li><li> Strona nie zawiera \u017cadnych og\u0142osze\u0144<\/li><li> Link do pliku, kt\u00f3ry ma by\u0107 udost\u0119pniony, mo\u017ce by\u0107 ustawiony przez u\u017cytkownika jako has\u0142o.<\/li><li> Linki do pobrania s\u0105 wa\u017cne przez d\u0142ugi czas.<\/li><\/ul>\n\n\n\n<h2>Czy Upstore ma jakie\u015b ograniczenia?<\/h2>\n\n\n\n<p>Tak, ma. Upstore daje ograniczenia dla u\u017cytkownik\u00f3w bezp\u0142atnych lub niezarejestrowanych: Ograniczenia s\u0105 nast\u0119puj\u0105ce:<\/p>\n\n\n\n<ul><li>Dla u\u017cytkownik\u00f3w darmowych i niezarejestrowanych Upstore daje im do 6000 MB na dzie\u0144 do pobrania, maksymalnie dwa gigabajty (2 GB) na wielko\u015b\u0107 pliku do pobrania i maksymalnie dwa gigabajty (2 GB) na wielko\u015b\u0107 pliku do pobrania.<\/li><li> Dla u\u017cytkownik\u00f3w Premium &#8211; Upstore daje im do 20.000 MB na pobranie dziennie, maksymalnie pi\u0119\u0107 gigabajt\u00f3w (5 GB) na wielko\u015b\u0107 pobieranych plik\u00f3w, a wielko\u015b\u0107 pobieranych plik\u00f3w jest nieograniczona.<\/li><\/ul>\n\n\n\n<h2>Ile wynosi konto Premium Upstore?<\/h2>\n\n\n\n<p>Dobre wie\u015bci dla wszystkich! Konto Upstore Premium nie jest tak drogie. Tak, wiele os\u00f3b mo\u017ce sobie pozwoli\u0107 na to konto Upstore. U\u017cytkownicy mog\u0105 wybiera\u0107 spo\u015br\u00f3d czterech (4) r\u00f3\u017cnych typ\u00f3w plan\u00f3w Upstore Premium. Nale\u017c\u0105 do nich poni\u017csze ceny plan\u00f3w:<\/p>\n\n\n\n<figure class=\"wp-block-table\"><table class=\"\"><tbody><tr><td class=\"has-text-align-center\" data-align=\"center\"><strong>Plany Premium Upstore <\/strong><\/td><\/tr><\/tbody><\/table><\/figure>\n\n\n\n<figure class=\"wp-block-table\"><table class=\"\"><tbody><tr><td>D\u0142ugo\u015b\u0107 czasu <\/td><td>Korzy\u015bci <\/td><td> Ceny <\/td><td>Ceny za dzie\u0144 <\/td><\/tr><tr><td>Tylko przez 1 miesi\u0105c i 3 dni <\/td><td>Mo\u017cliwo\u015b\u0107 jednoczesnego pobrania maksymalnie 10 plik\u00f3w <\/td><td> 11.95 \u20ac <\/td><td> 0.36 \u20ac <\/td><\/tr><tr><td>Przez 3 miesi\u0105ce <\/td><td>Szeroko\u015b\u0107 pasma wynosi do 20 GB na dzie\u0144. <\/td><td> 25 \u20ac <\/td><td> 0.28 \u20ac <\/td><\/tr><tr><td>Przez 6 miesi\u0119cy <\/td><td>Pr\u0119dko\u015b\u0107 pobierania plik\u00f3w wynosi do 1000 Mbps <\/td><td> 45 \u20ac <\/td><td> 25 \u20ac <\/td><\/tr><tr><td>Na 1 rok lub 12 miesi\u0119cy <\/td><td>Ca\u0142kowicie bezpieczny dzi\u0119ki du\u017cej pr\u0119dko\u015bci <\/td><td> 75 \u20ac <\/td><td> 0.21 \u20ac <\/td><\/tr><\/tbody><\/table><\/figure>\n\n\n<a class=\"maxbutton-2 maxbutton maxbutton-cta\" target=\"_blank\" rel=\"nofollow noopener\" href=\"\/go\/\"><span class='mb-text'>&gt;&gt; Przejd\u017a do strony Oryginalnego Linkifier<\/span><\/a>\n\n\n<p><\/p>\n\n\n\n<h2>P\u0142atno\u015b\u0107 za konto Premium Upstore<\/h2>\n\n\n\n<p>Je\u015bli u\u017cytkownicy chc\u0105 otrzyma\u0107 konto Premium w Upstore, to Upstore ma r\u00f3\u017cne sposoby na op\u0142acenie subskrypcji. Zobacz poni\u017csz\u0105 tabel\u0119, aby zapozna\u0107 si\u0119 z r\u00f3\u017cnymi metodami p\u0142atno\u015bci w Upstore.<\/p>\n\n\n\n<figure class=\"wp-block-table\"><table class=\"\"><tbody><tr><td class=\"has-text-align-center\" data-align=\"center\"><strong>METODY P\u0141ATNO\u015aCI UPSTORE <\/strong><\/td><\/tr><\/tbody><\/table><\/figure>\n\n\n\n<figure class=\"wp-block-table\"><table class=\"\"><tbody><tr><td class=\"has-text-align-center\" data-align=\"center\"><strong>Dla kart Visa lub MasterCard (karty kredytowe) <\/strong><\/td><td class=\"has-text-align-center\" data-align=\"center\"><strong>Dla klient\u00f3w, kt\u00f3rzy s\u0105 Europejczykami<\/strong><\/td><\/tr><tr><td class=\"has-text-align-center\" data-align=\"center\"><img loading=\"lazy\" width=\"408\" height=\"54\" class=\"wp-image-3541\" style=\"width: 150px;\" src=\"https:\/\/multihoster.org\/wp-content\/uploads\/2020\/04\/Visa-or-MasterCard-Cards-Credit-Cards.png\" alt=\"Visa or MasterCard Cards (Credit Cards)\" srcset=\"https:\/\/multihoster.org\/wp-content\/uploads\/2020\/04\/Visa-or-MasterCard-Cards-Credit-Cards.png 408w, https:\/\/multihoster.org\/wp-content\/uploads\/2020\/04\/Visa-or-MasterCard-Cards-Credit-Cards-300x40.png 300w\" sizes=\"(max-width: 408px) 100vw, 408px\" \/><br>Karta Visa, Karta MasterCard, Maestro, Karta Podarunkowa i Karta Pay <\/td><td class=\"has-text-align-center\" data-align=\"center\"><img loading=\"lazy\" width=\"290\" height=\"46\" class=\"wp-image-3532\" style=\"width: 150px;\" src=\"https:\/\/multihoster.org\/wp-content\/uploads\/2020\/04\/Payment-method-of-customers-who-are-European.png\" alt=\"Payment method of customers who are European\"><br>Karta Visa, MasterCard, Qiwi, WebMoney i Moneta <\/td><\/tr><tr><td class=\"has-text-align-center\" data-align=\"center\"><strong>Dla p\u0142atno\u015bci elektronicznych i alternatywnych rozwi\u0105za\u0144 <\/strong><\/td><td class=\"has-text-align-center\" data-align=\"center\"><strong>Dla Paysera lub Przelew Bankowy <\/strong><\/td><\/tr><tr><td class=\"has-text-align-center\" data-align=\"center\"><img loading=\"lazy\" width=\"401\" height=\"43\" class=\"wp-image-3523\" style=\"width: 150px;\" src=\"https:\/\/multihoster.org\/wp-content\/uploads\/2020\/04\/For-E-Payment-and-Alternatives.png\" alt=\"For E-Payment and Alternatives\" srcset=\"https:\/\/multihoster.org\/wp-content\/uploads\/2020\/04\/For-E-Payment-and-Alternatives.png 401w, https:\/\/multihoster.org\/wp-content\/uploads\/2020\/04\/For-E-Payment-and-Alternatives-300x32.png 300w, https:\/\/multihoster.org\/wp-content\/uploads\/2020\/04\/For-E-Payment-and-Alternatives-392x43.png 392w, https:\/\/multihoster.org\/wp-content\/uploads\/2020\/04\/For-E-Payment-and-Alternatives-390x43.png 390w\" sizes=\"(max-width: 401px) 100vw, 401px\" \/><img loading=\"lazy\" width=\"177\" height=\"45\" class=\"wp-image-3514\" style=\"width: 70px;\" src=\"https:\/\/multihoster.org\/wp-content\/uploads\/2020\/04\/For-E-Payment-and-Alternatives-1.png\" alt=\"For E-Payment and Alternatives\"> <br>Bitcoin, Alipay, PaySafe, WM, Paymer, Ideal, Przelewy 24, MyBank i inne cyfrowe portfele <\/td><td class=\"has-text-align-center\" data-align=\"center\"><img loading=\"lazy\" width=\"286\" height=\"48\" class=\"wp-image-3505\" style=\"width: 150px;\" src=\"https:\/\/multihoster.org\/wp-content\/uploads\/2020\/04\/For-Paysera-or-Wire-Transfer.png\" alt=\"For Paysera or Wire Transfer\"><img loading=\"lazy\" width=\"57\" height=\"41\" class=\"wp-image-3496\" style=\"width: 34px;\" src=\"https:\/\/multihoster.org\/wp-content\/uploads\/2020\/04\/For-Paysera-or-Wire-Transfer-1.png\" alt=\"For Paysera or Wire Transfer\"><br>cashU, Safety Pay, Przelew Bankowy lub Przelew Bankowy, Euro money, Paysera <\/td><\/tr><\/tbody><\/table><\/figure>\n\n\n\n<p>U\u017cytkownik mo\u017ce skontaktowa\u0107 si\u0119 z Upstore poprzez email lub help desk, je\u015bli napotka problem z p\u0142atno\u015bci\u0105 lub je\u015bli potrzebuje pomocy w zap\u0142acie za konto Premium Upstore.<\/p>\n\n\n\n<h2>Wgrywanie na Upstore<\/h2>\n\n\n\n<p>Serwery Upstore znajduj\u0105 si\u0119 w lokalizacji europejskiej, wi\u0119c je\u015bli u\u017cytkownik z innego kraju wy\u015ble plik, mo\u017ce to by\u0107 nieco wolniejsze, ale obecnie Upstore d\u0105\u017cy do stworzenia dodatkowego serwera w innych krajach poza Europ\u0105.<\/p>\n\n\n\n<p>U\u017cytkownik mo\u017ce przesy\u0142a\u0107 r\u00f3\u017cne typy plik\u00f3w, ale Upstore zakazuje przesy\u0142ania innych typ\u00f3w plik\u00f3w. Zobacz poni\u017cej, aby dowiedzie\u0107 si\u0119 jakie typy plik\u00f3w s\u0105 zabronione.<\/p>\n\n\n\n<p>Zabronione jest przesy\u0142anie typ\u00f3w plik\u00f3w na serwer Upstore:<\/p>\n\n\n\n<ul><li>Akta z przemoc\u0105<\/li><li> Pliki z wszelkimi rodzajami pornografii<\/li><li> Inne pliki, kt\u00f3re nie zgadzaj\u0105 si\u0119 z ameryka\u0144skim lub europejskim prawem.<\/li><\/ul>\n\n\n\n<p>Ponadto, Upstore posiada us\u0142ug\u0119, w kt\u00f3rej u\u017cytkownicy mog\u0105 r\u00f3wnie\u017c przesy\u0142a\u0107 pliki za pomoc\u0105 dowolnych torrent\u00f3w.<\/p>\n\n\n\n<p>Przesy\u0142anie plik\u00f3w jest ograniczone dla u\u017cytkownik\u00f3w niezarejestrowanych i darmowych, dlatego zaleca si\u0119 posiadanie konta Premium w Upstore (dowolny plan Premium Upstore).<\/p>\n\n\n\n<p>Czasami przesy\u0142anie pliku mo\u017ce trwa\u0107 d\u0142ugo, wi\u0119c u\u017cytkownicy musz\u0105 sprawdzi\u0107 stabilno\u015b\u0107 i szybko\u015b\u0107 po\u0142\u0105czenia internetowego, z kt\u00f3rego obecnie korzystaj\u0105.<\/p>\n\n\n\n<h2>Zapisz si\u0119 na konto Upstore<\/h2>\n\n\n\n<p>Je\u015bli chcesz zachowa\u0107 lub udost\u0119pni\u0107 swoje pliki, Upstore to taki, na kt\u00f3rym mo\u017cesz polega\u0107. Upstore jest dla wszystkich u\u017cytkownik\u00f3w i jest darmowy. Ka\u017cdy mo\u017ce zarejestrowa\u0107 si\u0119 tutaj w ka\u017cdej chwili, kiedy chce mie\u0107 konto w Upstore.<\/p>\n\n\n\n<p>Posiadanie konta tutaj w Upstore jest po prostu \u0142atwe i proste. Wystarczy, \u017ce u\u017cytkownik umie\u015bci swoje dane na formularzu i wy\u015ble go do nas. Wystarczy, \u017ce u\u017cytkownik poda sw\u00f3j adres e-mail, a nast\u0119pnie wy\u015ble go do Upstore. Nast\u0119pnie u\u017cytkownicy mog\u0105 zacz\u0105\u0107 zarz\u0105dza\u0107, wysy\u0142a\u0107 i pobiera\u0107 pliki na swoje konta.<\/p>\n\n\n\n<h2>Abonamenty na Upstore<\/h2>\n\n\n\n<p>Je\u015bli abonament u\u017cytkownika jest p\u0142atny przez jeden (1) miesi\u0105c lub trzy (3) miesi\u0105ce, mo\u017ce on mie\u0107 kontrol\u0119 nad swoim abonamentem, czy ustawi\u0107 go r\u0119cznie, czy automatycznie na pulpicie u\u017cytkownika. <\/p>\n\n\n\n<h2>Pomoc z Upstore<\/h2>\n\n\n\n<p>Niestety, Upstore nie wspiera czat\u00f3w i rozm\u00f3w telefonicznych, ale zarejestrowani lub niezarejestrowani u\u017cytkownicy mog\u0105 skontaktowa\u0107 si\u0119 z Upstore za po\u015brednictwem swoich pracownik\u00f3w dzia\u0142u pomocy technicznej lub zazwyczaj u\u017cytkownicy kontaktuj\u0105 si\u0119 z nimi za po\u015brednictwem poczty elektronicznej, a nast\u0119pnie pytaj\u0105 o wszelkie pytania, jakie mog\u0105 mie\u0107.<\/p>\n\n\n\n<h2>Wszelkie sugestie dotycz\u0105ce Upstore<\/h2>\n\n\n\n<p>Pomoc ze strony wsparcia jest bardzo potrzebna wszystkim u\u017cytkownikom Upstore. Dla ka\u017cdego rodzaju u\u017cytkownik\u00f3w zaleca si\u0119, aby Upstore posiada\u0142 wsparcie dla czat\u00f3w i rozm\u00f3w, tak aby ludzie mogli do nich dotrze\u0107 w czasie rzeczywistym, a zesp\u00f3\u0142 wsparcia Upstore m\u00f3g\u0142 od razu odpowiedzie\u0107 na pytania u\u017cytkownik\u00f3w i poinstruowa\u0107 ich o rozwi\u0105zaniach problemu.<\/p>\n\n\n<a class=\"maxbutton-2 maxbutton maxbutton-cta\" target=\"_blank\" rel=\"nofollow noopener\" href=\"\/go\/\"><span class='mb-text'>&gt;&gt; Przejd\u017a do strony Oryginalnego Linkifier<\/span><\/a>\n\n\n<p><\/p>\n","protected":false},"excerpt":{"rendered":"<p>O Upstore Dzi\u0119ki dzisiejszej modernizacji tej generacji, sie\u0107 chmur jest najlepszym sposobem zarz\u0105dzania danymi i plikami. Jest to sie\u0107, w<\/p>\n","protected":false},"author":2,"featured_media":0,"parent":0,"menu_order":0,"comment_status":"closed","ping_status":"closed","template":"","meta":[],"yoast_head":"<!-- This site is optimized with the Yoast SEO plugin v18.3 - https:\/\/yoast.com\/wordpress\/plugins\/seo\/ -->\n<title>Upstore Premium Konto: Filehoster W Skr\u00f3cie<\/title>\n<meta name=\"description\" content=\"Czy Upstore jest renomowanym dostawc\u0105, czy nie, odpowied\u017a mo\u017cna znale\u017a\u0107 w aktualnym te\u015bcie na Multihoster.org \u279c Kliknij teraz \u271a, aby przeczyta\u0107 nasze do\u015bwiadczenia!\" \/>\n<meta name=\"robots\" content=\"index, follow, max-snippet:-1, max-image-preview:large, max-video-preview:-1\" \/>\n<link rel=\"canonical\" href=\"https:\/\/multihoster.org\/pl\/upstore\/\" \/>\n<meta property=\"og:locale\" content=\"pl_PL\" \/>\n<meta property=\"og:type\" content=\"article\" \/>\n<meta property=\"og:title\" content=\"Upstore Premium Konto: Filehoster W Skr\u00f3cie\" \/>\n<meta property=\"og:description\" content=\"Czy Upstore jest renomowanym dostawc\u0105, czy nie, odpowied\u017a mo\u017cna znale\u017a\u0107 w aktualnym te\u015bcie na Multihoster.org \u279c Kliknij teraz \u271a, aby przeczyta\u0107 nasze do\u015bwiadczenia!\" \/>\n<meta property=\"og:url\" content=\"https:\/\/multihoster.org\/pl\/upstore\/\" \/>\n<meta property=\"og:site_name\" content=\"Multihoster.org\" \/>\n<meta property=\"article:modified_time\" content=\"2020-04-15T10:56:22+00:00\" \/>\n<meta property=\"og:image\" content=\"https:\/\/multihoster.org\/wp-content\/uploads\/2020\/04\/Visa-or-MasterCard-Cards-Credit-Cards.png\" \/>\n<meta name=\"twitter:card\" content=\"summary\" \/>\n<meta name=\"twitter:label1\" content=\"Szacowany czas czytania\" \/>\n\t<meta name=\"twitter:data1\" content=\"8 minut\" \/>\n<script type=\"application\/ld+json\" class=\"yoast-schema-graph\">{\"@context\":\"https:\/\/schema.org\",\"@graph\":[{\"@type\":\"WebSite\",\"@id\":\"https:\/\/multihoster.org\/#website\",\"url\":\"https:\/\/multihoster.org\/\",\"name\":\"Multihoster.org\",\"description\":\"Reviews of the major Filehosting services\",\"potentialAction\":[{\"@type\":\"SearchAction\",\"target\":{\"@type\":\"EntryPoint\",\"urlTemplate\":\"https:\/\/multihoster.org\/?s={search_term_string}\"},\"query-input\":\"required name=search_term_string\"}],\"inLanguage\":\"pl-PL\"},{\"@type\":\"ImageObject\",\"@id\":\"https:\/\/multihoster.org\/pl\/upstore\/#primaryimage\",\"inLanguage\":\"pl-PL\",\"url\":\"https:\/\/multihoster.org\/wp-content\/uploads\/2020\/04\/Visa-or-MasterCard-Cards-Credit-Cards.png\",\"contentUrl\":\"https:\/\/multihoster.org\/wp-content\/uploads\/2020\/04\/Visa-or-MasterCard-Cards-Credit-Cards.png\",\"width\":408,\"height\":54,\"caption\":\"Visa or MasterCard Cards (Credit Cards)\"},{\"@type\":\"WebPage\",\"@id\":\"https:\/\/multihoster.org\/pl\/upstore\/#webpage\",\"url\":\"https:\/\/multihoster.org\/pl\/upstore\/\",\"name\":\"Upstore Premium Konto: Filehoster W Skr\u00f3cie\",\"isPartOf\":{\"@id\":\"https:\/\/multihoster.org\/#website\"},\"primaryImageOfPage\":{\"@id\":\"https:\/\/multihoster.org\/pl\/upstore\/#primaryimage\"},\"datePublished\":\"2020-04-15T09:17:01+00:00\",\"dateModified\":\"2020-04-15T10:56:22+00:00\",\"description\":\"Czy Upstore jest renomowanym dostawc\u0105, czy nie, odpowied\u017a mo\u017cna znale\u017a\u0107 w aktualnym te\u015bcie na Multihoster.org \u279c Kliknij teraz \u271a, aby przeczyta\u0107 nasze do\u015bwiadczenia!\",\"breadcrumb\":{\"@id\":\"https:\/\/multihoster.org\/pl\/upstore\/#breadcrumb\"},\"inLanguage\":\"pl-PL\",\"potentialAction\":[{\"@type\":\"ReadAction\",\"target\":[\"https:\/\/multihoster.org\/pl\/upstore\/\"]}]},{\"@type\":\"BreadcrumbList\",\"@id\":\"https:\/\/multihoster.org\/pl\/upstore\/#breadcrumb\",\"itemListElement\":[{\"@type\":\"ListItem\",\"position\":1,\"name\":\"Startseite\",\"item\":\"https:\/\/multihoster.org\/pl\/\"},{\"@type\":\"ListItem\",\"position\":2,\"name\":\"Upstore Premium Konto: Filehoster W Skr\u00f3cie\"}]}]}<\/script>\n<!-- \/ Yoast SEO plugin. -->","yoast_head_json":{"title":"Upstore Premium Konto: Filehoster W Skr\u00f3cie","description":"Czy Upstore jest renomowanym dostawc\u0105, czy nie, odpowied\u017a mo\u017cna znale\u017a\u0107 w aktualnym te\u015bcie na Multihoster.org \u279c Kliknij teraz \u271a, aby przeczyta\u0107 nasze do\u015bwiadczenia!","robots":{"index":"index","follow":"follow","max-snippet":"max-snippet:-1","max-image-preview":"max-image-preview:large","max-video-preview":"max-video-preview:-1"},"canonical":"https:\/\/multihoster.org\/pl\/upstore\/","og_locale":"pl_PL","og_type":"article","og_title":"Upstore Premium Konto: Filehoster W Skr\u00f3cie","og_description":"Czy Upstore jest renomowanym dostawc\u0105, czy nie, odpowied\u017a mo\u017cna znale\u017a\u0107 w aktualnym te\u015bcie na Multihoster.org \u279c Kliknij teraz \u271a, aby przeczyta\u0107 nasze do\u015bwiadczenia!","og_url":"https:\/\/multihoster.org\/pl\/upstore\/","og_site_name":"Multihoster.org","article_modified_time":"2020-04-15T10:56:22+00:00","og_image":[{"url":"https:\/\/multihoster.org\/wp-content\/uploads\/2020\/04\/Visa-or-MasterCard-Cards-Credit-Cards.png"}],"twitter_card":"summary","twitter_misc":{"Szacowany czas czytania":"8 minut"},"schema":{"@context":"https:\/\/schema.org","@graph":[{"@type":"WebSite","@id":"https:\/\/multihoster.org\/#website","url":"https:\/\/multihoster.org\/","name":"Multihoster.org","description":"Reviews of the major Filehosting services","potentialAction":[{"@type":"SearchAction","target":{"@type":"EntryPoint","urlTemplate":"https:\/\/multihoster.org\/?s={search_term_string}"},"query-input":"required name=search_term_string"}],"inLanguage":"pl-PL"},{"@type":"ImageObject","@id":"https:\/\/multihoster.org\/pl\/upstore\/#primaryimage","inLanguage":"pl-PL","url":"https:\/\/multihoster.org\/wp-content\/uploads\/2020\/04\/Visa-or-MasterCard-Cards-Credit-Cards.png","contentUrl":"https:\/\/multihoster.org\/wp-content\/uploads\/2020\/04\/Visa-or-MasterCard-Cards-Credit-Cards.png","width":408,"height":54,"caption":"Visa or MasterCard Cards (Credit Cards)"},{"@type":"WebPage","@id":"https:\/\/multihoster.org\/pl\/upstore\/#webpage","url":"https:\/\/multihoster.org\/pl\/upstore\/","name":"Upstore Premium Konto: Filehoster W Skr\u00f3cie","isPartOf":{"@id":"https:\/\/multihoster.org\/#website"},"primaryImageOfPage":{"@id":"https:\/\/multihoster.org\/pl\/upstore\/#primaryimage"},"datePublished":"2020-04-15T09:17:01+00:00","dateModified":"2020-04-15T10:56:22+00:00","description":"Czy Upstore jest renomowanym dostawc\u0105, czy nie, odpowied\u017a mo\u017cna znale\u017a\u0107 w aktualnym te\u015bcie na Multihoster.org \u279c Kliknij teraz \u271a, aby przeczyta\u0107 nasze do\u015bwiadczenia!","breadcrumb":{"@id":"https:\/\/multihoster.org\/pl\/upstore\/#breadcrumb"},"inLanguage":"pl-PL","potentialAction":[{"@type":"ReadAction","target":["https:\/\/multihoster.org\/pl\/upstore\/"]}]},{"@type":"BreadcrumbList","@id":"https:\/\/multihoster.org\/pl\/upstore\/#breadcrumb","itemListElement":[{"@type":"ListItem","position":1,"name":"Startseite","item":"https:\/\/multihoster.org\/pl\/"},{"@type":"ListItem","position":2,"name":"Upstore Premium Konto: Filehoster W Skr\u00f3cie"}]}]}},"_links":{"self":[{"href":"https:\/\/multihoster.org\/pl\/wp-json\/wp\/v2\/pages\/3556"}],"collection":[{"href":"https:\/\/multihoster.org\/pl\/wp-json\/wp\/v2\/pages"}],"about":[{"href":"https:\/\/multihoster.org\/pl\/wp-json\/wp\/v2\/types\/page"}],"author":[{"embeddable":true,"href":"https:\/\/multihoster.org\/pl\/wp-json\/wp\/v2\/users\/2"}],"replies":[{"embeddable":true,"href":"https:\/\/multihoster.org\/pl\/wp-json\/wp\/v2\/comments?post=3556"}],"version-history":[{"count":1,"href":"https:\/\/multihoster.org\/pl\/wp-json\/wp\/v2\/pages\/3556\/revisions"}],"predecessor-version":[{"id":3604,"href":"https:\/\/multihoster.org\/pl\/wp-json\/wp\/v2\/pages\/3556\/revisions\/3604"}],"wp:attachment":[{"href":"https:\/\/multihoster.org\/pl\/wp-json\/wp\/v2\/media?parent=3556"}],"curies":[{"name":"wp","href":"https:\/\/api.w.org\/{rel}","templated":true}]}}